{"id":12318,"date":"2018-02-27T17:02:20","date_gmt":"2018-02-27T17:02:20","guid":{"rendered":"https:\/\/www.feurich.com\/innovaciones\/"},"modified":"2022-02-24T10:45:24","modified_gmt":"2022-02-24T10:45:24","slug":"innovaciones","status":"publish","type":"page","link":"https:\/\/feurich.com\/es\/innovaciones\/","title":{"rendered":"Innovaciones"},"content":{"rendered":"<div class=\"wpb-content-wrapper\"><p>[vc_row][vc_column][rev_slider_vc alias=\u00bbinnovations\u00bb][\/vc_column][\/vc_row][vc_row][vc_column width=\u00bb1\/6&#8243;][\/vc_column][vc_column width=\u00bb2\/3&#8243;][vc_empty_space height=\u00bb24px\u00bb][vc_column_text el_class=\u00bbbig-title\u00bb]<\/p>\n<p style=\"text-align: center;\">INNOVACIONES<\/p>\n<p>[\/vc_column_text][vc_empty_space height=\u00bb24px\u00bb][vc_column_text]<span style=\"font-size: 14pt;\">Siguiendo el lema \u00abTradici\u00f3n &amp; Innovaci\u00f3n\u00bb, FEURICH se ha convertido en uno de los fabricantes de pianos m\u00e1s innovadores del mundo. Incluso los detalles m\u00e1s peque\u00f1os se revisan y, a menudo, se implementa un enfoque completamente nuevo. Los resultados abren nuevas posibilidades para pianistas de todo el mundo. Aqu\u00ed puede encontrar detalles de las innovaciones m\u00e1s importantes hasta la fecha. Muchas m\u00e1s est\u00e1n en camino &#8230;<\/span>[\/vc_column_text][vc_empty_space height=\u00bb24px\u00bb][\/vc_column][vc_column width=\u00bb1\/6&#8243;][\/vc_column][\/vc_row][vc_row][vc_column width=\u00bb1\/3&#8243;][vc_single_image image=\u00bb17338&#8243; img_size=\u00bblarge\u00bb alignment=\u00bbcenter\u00bb onclick=\u00bbcustom_link\u00bb link=\u00bbhigh-speed-kamm-action\u00bb][vc_column_text el_class=\u00bbproducts-title\u00bb]<a class=\"mega-menu-link\" href=\"https:\/\/feurich.com\/es\/innovaciones\/high-speed-kamm-action\/\">FEURICH \u2013 HIGH SPEED KAMM ACTION<\/a>[\/vc_column_text][vc_column_text]FEURICH ha dise\u00f1ado un nuevo concepto de mec\u00e1nica para el modelo 123 &#8211; Vienna. Hecha por Renner, esta mec\u00e1nica incorpora un sistema patentado cuya acci\u00f3n permite una repetici\u00f3n extremadamente r\u00e1pida.[\/vc_column_text][\/vc_column][vc_column width=\u00bb1\/3&#8243;][vc_single_image image=\u00bb9045&#8243; img_size=\u00bb350&#215;240&#8243; alignment=\u00bbcenter\u00bb onclick=\u00bbcustom_link\u00bb link=\u00bbsilencer\u00bb][vc_column_text el_class=\u00bbproducts-title\u00bb]<a class=\"mega-menu-link\" href=\"silencer\">SILENCER<\/a>[\/vc_column_text][vc_column_text]\u00a1Nunca m\u00e1s molesto a mis vecinos! Con el \u00abReal Touch Silencer System\u00bb desarrollado por nosotros, los pianistas ahora pueden practicar f\u00e1cilmente en horas de la noche. En modo \u00abSilencer\u00bb se escucha el sonido a trav\u00e9s de los auriculares evitando que otros lo escuchen.[\/vc_column_text][\/vc_column][vc_column width=\u00bb1\/3&#8243;][vc_single_image image=\u00bb9043&#8243; img_size=\u00bb350&#215;240&#8243; alignment=\u00bbcenter\u00bb onclick=\u00bbcustom_link\u00bb link=\u00bb?page_id=12519&#8243;][vc_column_text el_class=\u00bbproducts-title\u00bb]<a class=\"mega-menu-link\" href=\"?page_id=12519\">MODELO \u00ab123 \u2013 VIENNA\u201c<\/a>[\/vc_column_text][vc_column_text]La \u00faltima innovaci\u00f3n de FEURICH es el Piano modelo 123 &#8211; Vienna. Este modelo tiene conceptos completamente nuevos en las \u00e1reas centrales como la acci\u00f3n, el mueble y el sistema de pedales y puede ser utilizado sin existencia de mueble alguno.[\/vc_column_text][\/vc_column][\/vc_row][vc_row][vc_column][vc_empty_space height=\u00bb52px\u00bb][\/vc_column][\/vc_row]<\/p>\n<\/div>","protected":false},"excerpt":{"rendered":"<p>Siguiendo el lema \u00abTradici\u00f3n e innovaci\u00f3n\u00bb, FEURICH se ha convertido en uno de los fabricantes de pianos m\u00e1s innovadores del mundo.<\/p>\n","protected":false},"author":4,"featured_media":0,"parent":0,"menu_order":0,"comment_status":"closed","ping_status":"closed","template":"template-fullwidth.php","meta":{"inline_featured_image":false,"footnotes":""},"class_list":["post-12318","page","type-page","status-publish","hentry"],"acf":[],"yoast_head":"<!-- This site is optimized with the Yoast SEO plugin v24.4 - https:\/\/yoast.com\/wordpress\/plugins\/seo\/ -->\n<title>Innovaciones - FEURICH<\/title>\n<meta name=\"robots\" content=\"index, follow, max-snippet:-1, max-image-preview:large, max-video-preview:-1\" \/>\n<link rel=\"canonical\" href=\"https:\/\/feurich.com\/es\/innovaciones\/\" \/>\n<meta property=\"og:locale\" content=\"es_ES\" \/>\n<meta property=\"og:type\" content=\"article\" \/>\n<meta property=\"og:title\" content=\"Innovaciones - FEURICH\" \/>\n<meta property=\"og:description\" content=\"Siguiendo el lema &quot;Tradici\u00f3n e innovaci\u00f3n&quot;, FEURICH se ha convertido en uno de los fabricantes de pianos m\u00e1s innovadores del mundo.\" \/>\n<meta property=\"og:url\" content=\"https:\/\/feurich.com\/es\/innovaciones\/\" \/>\n<meta property=\"og:site_name\" content=\"FEURICH\" \/>\n<meta property=\"article:publisher\" content=\"https:\/\/www.facebook.com\/feurichvienna\/\" \/>\n<meta property=\"article:modified_time\" content=\"2022-02-24T10:45:24+00:00\" \/>\n<meta name=\"twitter:card\" content=\"summary_large_image\" \/>\n<meta name=\"twitter:label1\" content=\"Tiempo de lectura\" \/>\n\t<meta name=\"twitter:data1\" content=\"2 minutos\" \/>\n<script type=\"application\/ld+json\" class=\"yoast-schema-graph\">{\"@context\":\"https:\/\/schema.org\",\"@graph\":[{\"@type\":\"WebPage\",\"@id\":\"https:\/\/feurich.com\/es\/innovaciones\/\",\"url\":\"https:\/\/feurich.com\/es\/innovaciones\/\",\"name\":\"Innovaciones - FEURICH\",\"isPartOf\":{\"@id\":\"https:\/\/feurich.com\/en\/#website\"},\"datePublished\":\"2018-02-27T17:02:20+00:00\",\"dateModified\":\"2022-02-24T10:45:24+00:00\",\"breadcrumb\":{\"@id\":\"https:\/\/feurich.com\/es\/innovaciones\/#breadcrumb\"},\"inLanguage\":\"es\",\"potentialAction\":[{\"@type\":\"ReadAction\",\"target\":[\"https:\/\/feurich.com\/es\/innovaciones\/\"]}]},{\"@type\":\"BreadcrumbList\",\"@id\":\"https:\/\/feurich.com\/es\/innovaciones\/#breadcrumb\",\"itemListElement\":[{\"@type\":\"ListItem\",\"position\":1,\"name\":\"Home\",\"item\":\"https:\/\/feurich.com\/es\/\"},{\"@type\":\"ListItem\",\"position\":2,\"name\":\"Innovaciones\"}]},{\"@type\":\"WebSite\",\"@id\":\"https:\/\/feurich.com\/en\/#website\",\"url\":\"https:\/\/feurich.com\/en\/\",\"name\":\"FEURICH\",\"description\":\"A sound that connects\",\"publisher\":{\"@id\":\"https:\/\/feurich.com\/en\/#organization\"},\"potentialAction\":[{\"@type\":\"SearchAction\",\"target\":{\"@type\":\"EntryPoint\",\"urlTemplate\":\"https:\/\/feurich.com\/en\/?s={search_term_string}\"},\"query-input\":{\"@type\":\"PropertyValueSpecification\",\"valueRequired\":true,\"valueName\":\"search_term_string\"}}],\"inLanguage\":\"es\"},{\"@type\":\"Organization\",\"@id\":\"https:\/\/feurich.com\/en\/#organization\",\"name\":\"FEURICH\",\"url\":\"https:\/\/feurich.com\/en\/\",\"logo\":{\"@type\":\"ImageObject\",\"inLanguage\":\"es\",\"@id\":\"https:\/\/feurich.com\/en\/#\/schema\/logo\/image\/\",\"url\":\"https:\/\/feurich.com\/wp-content\/uploads\/logo.png\",\"contentUrl\":\"https:\/\/feurich.com\/wp-content\/uploads\/logo.png\",\"width\":354,\"height\":151,\"caption\":\"FEURICH\"},\"image\":{\"@id\":\"https:\/\/feurich.com\/en\/#\/schema\/logo\/image\/\"},\"sameAs\":[\"https:\/\/www.facebook.com\/feurichvienna\/\"]}]}<\/script>\n<!-- \/ Yoast SEO plugin. -->","yoast_head_json":{"title":"Innovaciones - FEURICH","robots":{"index":"index","follow":"follow","max-snippet":"max-snippet:-1","max-image-preview":"max-image-preview:large","max-video-preview":"max-video-preview:-1"},"canonical":"https:\/\/feurich.com\/es\/innovaciones\/","og_locale":"es_ES","og_type":"article","og_title":"Innovaciones - FEURICH","og_description":"Siguiendo el lema \"Tradici\u00f3n e innovaci\u00f3n\", FEURICH se ha convertido en uno de los fabricantes de pianos m\u00e1s innovadores del mundo.","og_url":"https:\/\/feurich.com\/es\/innovaciones\/","og_site_name":"FEURICH","article_publisher":"https:\/\/www.facebook.com\/feurichvienna\/","article_modified_time":"2022-02-24T10:45:24+00:00","twitter_card":"summary_large_image","twitter_misc":{"Tiempo de lectura":"2 minutos"},"schema":{"@context":"https:\/\/schema.org","@graph":[{"@type":"WebPage","@id":"https:\/\/feurich.com\/es\/innovaciones\/","url":"https:\/\/feurich.com\/es\/innovaciones\/","name":"Innovaciones - FEURICH","isPartOf":{"@id":"https:\/\/feurich.com\/en\/#website"},"datePublished":"2018-02-27T17:02:20+00:00","dateModified":"2022-02-24T10:45:24+00:00","breadcrumb":{"@id":"https:\/\/feurich.com\/es\/innovaciones\/#breadcrumb"},"inLanguage":"es","potentialAction":[{"@type":"ReadAction","target":["https:\/\/feurich.com\/es\/innovaciones\/"]}]},{"@type":"BreadcrumbList","@id":"https:\/\/feurich.com\/es\/innovaciones\/#breadcrumb","itemListElement":[{"@type":"ListItem","position":1,"name":"Home","item":"https:\/\/feurich.com\/es\/"},{"@type":"ListItem","position":2,"name":"Innovaciones"}]},{"@type":"WebSite","@id":"https:\/\/feurich.com\/en\/#website","url":"https:\/\/feurich.com\/en\/","name":"FEURICH","description":"A sound that connects","publisher":{"@id":"https:\/\/feurich.com\/en\/#organization"},"potentialAction":[{"@type":"SearchAction","target":{"@type":"EntryPoint","urlTemplate":"https:\/\/feurich.com\/en\/?s={search_term_string}"},"query-input":{"@type":"PropertyValueSpecification","valueRequired":true,"valueName":"search_term_string"}}],"inLanguage":"es"},{"@type":"Organization","@id":"https:\/\/feurich.com\/en\/#organization","name":"FEURICH","url":"https:\/\/feurich.com\/en\/","logo":{"@type":"ImageObject","inLanguage":"es","@id":"https:\/\/feurich.com\/en\/#\/schema\/logo\/image\/","url":"https:\/\/feurich.com\/wp-content\/uploads\/logo.png","contentUrl":"https:\/\/feurich.com\/wp-content\/uploads\/logo.png","width":354,"height":151,"caption":"FEURICH"},"image":{"@id":"https:\/\/feurich.com\/en\/#\/schema\/logo\/image\/"},"sameAs":["https:\/\/www.facebook.com\/feurichvienna\/"]}]}},"_links":{"self":[{"href":"https:\/\/feurich.com\/es\/wp-json\/wp\/v2\/pages\/12318","targetHints":{"allow":["GET"]}}],"collection":[{"href":"https:\/\/feurich.com\/es\/wp-json\/wp\/v2\/pages"}],"about":[{"href":"https:\/\/feurich.com\/es\/wp-json\/wp\/v2\/types\/page"}],"author":[{"embeddable":true,"href":"https:\/\/feurich.com\/es\/wp-json\/wp\/v2\/users\/4"}],"replies":[{"embeddable":true,"href":"https:\/\/feurich.com\/es\/wp-json\/wp\/v2\/comments?post=12318"}],"version-history":[{"count":50,"href":"https:\/\/feurich.com\/es\/wp-json\/wp\/v2\/pages\/12318\/revisions"}],"predecessor-version":[{"id":57698,"href":"https:\/\/feurich.com\/es\/wp-json\/wp\/v2\/pages\/12318\/revisions\/57698"}],"wp:attachment":[{"href":"https:\/\/feurich.com\/es\/wp-json\/wp\/v2\/media?parent=12318"}],"curies":[{"name":"wp","href":"https:\/\/api.w.org\/{rel}","templated":true}]}}