{"id":12300,"date":"2018-02-26T18:24:31","date_gmt":"2018-02-26T18:24:31","guid":{"rendered":"https:\/\/www.feurich.com\/referencias\/premios\/"},"modified":"2018-12-12T10:45:53","modified_gmt":"2018-12-12T10:45:53","slug":"premios","status":"publish","type":"page","link":"https:\/\/feurich.com\/es\/referencias\/premios\/","title":{"rendered":"Premios"},"content":{"rendered":"<div class=\"wpb-content-wrapper\"><p>[vc_row 0=\u00bb\u00bb][vc_column 0=\u00bb\u00bb][vc_empty_space 0=\u00bb\u00bb height=\u00bb52px\u00bb][\/vc_column][\/vc_row][vc_row 0=\u00bb\u00bb][vc_column width=\u00bb1\/3&#8243;][vc_empty_space 0=\u00bb\u00bb height=\u00bb10px\u00bb][vc_single_image image=\u00bb1385&#8243; img_size=\u00bb220&#215;220&#8243; alignment=\u00bbcenter\u00bb][\/vc_column][vc_column width=\u00bb2\/3&#8243;][vc_column_text el_class=\u00bbbig-title\u00bb]<\/p>\n<p style=\"text-align: left;\">DIAPASON D\u2019OR<\/p>\n<p>[\/vc_column_text][vc_column_text 0=\u00bb\u00bb]La reconocida revista de piano francesa <a href=\"https:\/\/www.diapasonmag.fr\">Diapason<\/a> entrega premios mensuales para grabaciones de m\u00fasica cl\u00e1sica, as\u00ed como premios anuales para pianos verticales y de cola. Aparte del premio alem\u00e1n \u00abdeutschen Schallplattenkritik\u00bb y el ingl\u00e9s \u00bb Gramophone Award\u00bb, el \u00abDiapason D&#8217;OR\u00bb es uno de los premios m\u00e1s prestigiosos para grabaciones de m\u00fasica cl\u00e1sica hoy, en el mundo.<\/p>\n<p>Para los premios de piano, se establecen condiciones especiales, como tocar los pianos con los ojos vendados y en entornos ac\u00fasticos id\u00e9nticos.<\/p>\n<h3>Los pianos FEURICH han recibido tres premios Diapason D&#8217;OR hasta la fecha:<\/h3>\n<p><strong><span style=\"font-size: 14pt;\">En el 2007 y en el 2011: FEURICH 122 &#8211; Universal<\/span><\/strong><\/p>\n<p>Encuentre un PDF con los resultados originales del 2011 y su traducci\u00f3n <a href=\"\/wp-content\/uploads\/DIAPASON-2011-fu\u0308r-FEURICH-122-Deutsch.pdf\" target=\"_blank\" rel=\"noopener\">AQU\u00cd<\/a>.<\/p>\n<p><span style=\"font-size: 14pt;\"><strong>Y en el 2008: el FEURICH 178\u00a0<\/strong><\/span> (predecesor del nuevo FEURICH 179 &#8211; Dynamic II)<\/p>\n<p>Recibimos el premio por el modelo\u00a0 FEURICH 178 &#8211; Professional II. . Para nosotros en FEURICH, no solo fue la confirmaci\u00f3n de la calidad de nuestro trabajo, sino tambi\u00e9n, fuente de inspiraci\u00f3n para perfeccionar a\u00fan m\u00e1s este gran instrumento. En su sucesor, el FEURICH 179 &#8211; Dynamic II, han sido integradadas numerosas mejoras e innovaciones.<\/p>\n<p>Encuentrar\u00e1 un PDF con art\u00edculos originales y su traducci\u00f3n <a href=\"\/wp-content\/uploads\/DIAPASON-2008-fu\u0308r-FEURICH-178-Deutsch.pdf\" target=\"_blank\" rel=\"noopener\">AQU\u00cc<\/a>.[\/vc_column_text][\/vc_column][\/vc_row][vc_row 0=\u00bb\u00bb][vc_column 0=\u00bb\u00bb width=\u00bb1\/3&#8243;][vc_empty_space 0=\u00bb\u00bb height=\u00bb42px\u00bb][vc_single_image image=\u00bb1636&#8243; img_size=\u00bbmedium\u00bb alignment=\u00bbcenter\u00bb][\/vc_column][vc_column width=\u00bb2\/3&#8243;][vc_empty_space 0=\u00bb\u00bb][vc_column_text el_class=\u00bbbig-title\u00bb]<\/p>\n<p style=\"text-align: left;\">PIANISTE MAESTRO<\/p>\n<p>[\/vc_column_text][vc_column_text]La revista francesa de pianos <a href=\"https:\/\/www.facebook.com\/pianistemag\/\">Pianiste<\/a>, reconocida internacionalmente, prueba y revisa regularmente nuevos pianos del mercado. Incluso se indican posibles deficiencias en productos de fabricantes de gama alta.<\/p>\n<p><strong>Nuestro nuevo e innovador modelo FEURICH 123 &#8211; Vienna fue convincente en todos los aspectos siendo galardonado con el t\u00edtulo \u00abPIANISTE MAESTRO\u00bb.<\/strong>[\/vc_column_text][\/vc_column][\/vc_row][vc_row 0=\u00bb\u00bb][vc_column 0=\u00bb\u00bb][vc_empty_space 0=\u00bb\u00bb height=\u00bb26px\u00bb][\/vc_column][\/vc_row]<\/p>\n<\/div>","protected":false},"excerpt":{"rendered":"<p>[vc_row 0=\u00bb\u00bb][vc_column 0=\u00bb\u00bb][vc_empty_space 0=\u00bb\u00bb height=\u00bb52px\u00bb][\/vc_column][\/vc_row][vc_row 0=\u00bb\u00bb][vc_column width=\u00bb1\/3&#8243;][vc_empty_space 0=\u00bb\u00bb height=\u00bb10px\u00bb][vc_single_image image=\u00bb1385&#8243; img_size=\u00bb220&#215;220&#8243; alignment=\u00bbcenter\u00bb][\/vc_column][vc_column width=\u00bb2\/3&#8243;][vc_column_text el_class=\u00bbbig-title\u00bb] DIAPASON D\u2019OR [\/vc_column_text][vc_column_text 0=\u00bb\u00bb]La reconocida revista de piano francesa Diapason entrega premios mensuales para grabaciones de &#8230;<\/p>\n","protected":false},"author":4,"featured_media":0,"parent":12287,"menu_order":0,"comment_status":"closed","ping_status":"closed","template":"template-fullwidth.php","meta":{"inline_featured_image":false,"footnotes":""},"class_list":["post-12300","page","type-page","status-publish","hentry"],"acf":[],"yoast_head":"<!-- This site is optimized with the Yoast SEO plugin v24.4 - https:\/\/yoast.com\/wordpress\/plugins\/seo\/ -->\n<title>Premios - FEURICH<\/title>\n<meta name=\"robots\" content=\"index, follow, max-snippet:-1, max-image-preview:large, max-video-preview:-1\" \/>\n<link rel=\"canonical\" href=\"https:\/\/feurich.com\/es\/referencias\/premios\/\" \/>\n<meta property=\"og:locale\" content=\"es_ES\" \/>\n<meta property=\"og:type\" content=\"article\" \/>\n<meta property=\"og:title\" content=\"Premios - FEURICH\" \/>\n<meta property=\"og:description\" content=\"[vc_row 0=\u00bb\u00bb][vc_column 0=\u00bb\u00bb][vc_empty_space 0=\u00bb\u00bb height=\u00bb52px\u00bb][\/vc_column][\/vc_row][vc_row 0=\u00bb\u00bb][vc_column width=\u00bb1\/3&#8243;][vc_empty_space 0=\u00bb\u00bb height=\u00bb10px\u00bb][vc_single_image image=\u00bb1385&#8243; img_size=\u00bb220&#215;220&#8243; alignment=\u00bbcenter\u00bb][\/vc_column][vc_column width=\u00bb2\/3&#8243;][vc_column_text el_class=\u00bbbig-title\u00bb] DIAPASON D\u2019OR [\/vc_column_text][vc_column_text 0=\u00bb\u00bb]La reconocida revista de piano francesa Diapason entrega premios mensuales para grabaciones de ...\" \/>\n<meta property=\"og:url\" content=\"https:\/\/feurich.com\/es\/referencias\/premios\/\" \/>\n<meta property=\"og:site_name\" content=\"FEURICH\" \/>\n<meta property=\"article:publisher\" content=\"https:\/\/www.facebook.com\/feurichvienna\/\" \/>\n<meta property=\"article:modified_time\" content=\"2018-12-12T10:45:53+00:00\" \/>\n<meta name=\"twitter:card\" content=\"summary_large_image\" \/>\n<meta name=\"twitter:label1\" content=\"Tiempo de lectura\" \/>\n\t<meta name=\"twitter:data1\" content=\"2 minutos\" \/>\n<script type=\"application\/ld+json\" class=\"yoast-schema-graph\">{\"@context\":\"https:\/\/schema.org\",\"@graph\":[{\"@type\":\"WebPage\",\"@id\":\"https:\/\/feurich.com\/es\/referencias\/premios\/\",\"url\":\"https:\/\/feurich.com\/es\/referencias\/premios\/\",\"name\":\"Premios - FEURICH\",\"isPartOf\":{\"@id\":\"https:\/\/feurich.com\/en\/#website\"},\"datePublished\":\"2018-02-26T18:24:31+00:00\",\"dateModified\":\"2018-12-12T10:45:53+00:00\",\"breadcrumb\":{\"@id\":\"https:\/\/feurich.com\/es\/referencias\/premios\/#breadcrumb\"},\"inLanguage\":\"es\",\"potentialAction\":[{\"@type\":\"ReadAction\",\"target\":[\"https:\/\/feurich.com\/es\/referencias\/premios\/\"]}]},{\"@type\":\"BreadcrumbList\",\"@id\":\"https:\/\/feurich.com\/es\/referencias\/premios\/#breadcrumb\",\"itemListElement\":[{\"@type\":\"ListItem\",\"position\":1,\"name\":\"Home\",\"item\":\"https:\/\/feurich.com\/es\/\"},{\"@type\":\"ListItem\",\"position\":2,\"name\":\"Referencias\",\"item\":\"https:\/\/feurich.com\/es\/referencias\/\"},{\"@type\":\"ListItem\",\"position\":3,\"name\":\"Premios\"}]},{\"@type\":\"WebSite\",\"@id\":\"https:\/\/feurich.com\/en\/#website\",\"url\":\"https:\/\/feurich.com\/en\/\",\"name\":\"FEURICH\",\"description\":\"A sound that connects\",\"publisher\":{\"@id\":\"https:\/\/feurich.com\/en\/#organization\"},\"potentialAction\":[{\"@type\":\"SearchAction\",\"target\":{\"@type\":\"EntryPoint\",\"urlTemplate\":\"https:\/\/feurich.com\/en\/?s={search_term_string}\"},\"query-input\":{\"@type\":\"PropertyValueSpecification\",\"valueRequired\":true,\"valueName\":\"search_term_string\"}}],\"inLanguage\":\"es\"},{\"@type\":\"Organization\",\"@id\":\"https:\/\/feurich.com\/en\/#organization\",\"name\":\"FEURICH\",\"url\":\"https:\/\/feurich.com\/en\/\",\"logo\":{\"@type\":\"ImageObject\",\"inLanguage\":\"es\",\"@id\":\"https:\/\/feurich.com\/en\/#\/schema\/logo\/image\/\",\"url\":\"https:\/\/feurich.com\/wp-content\/uploads\/logo.png\",\"contentUrl\":\"https:\/\/feurich.com\/wp-content\/uploads\/logo.png\",\"width\":354,\"height\":151,\"caption\":\"FEURICH\"},\"image\":{\"@id\":\"https:\/\/feurich.com\/en\/#\/schema\/logo\/image\/\"},\"sameAs\":[\"https:\/\/www.facebook.com\/feurichvienna\/\"]}]}<\/script>\n<!-- \/ Yoast SEO plugin. -->","yoast_head_json":{"title":"Premios - FEURICH","robots":{"index":"index","follow":"follow","max-snippet":"max-snippet:-1","max-image-preview":"max-image-preview:large","max-video-preview":"max-video-preview:-1"},"canonical":"https:\/\/feurich.com\/es\/referencias\/premios\/","og_locale":"es_ES","og_type":"article","og_title":"Premios - FEURICH","og_description":"[vc_row 0=\u00bb\u00bb][vc_column 0=\u00bb\u00bb][vc_empty_space 0=\u00bb\u00bb height=\u00bb52px\u00bb][\/vc_column][\/vc_row][vc_row 0=\u00bb\u00bb][vc_column width=\u00bb1\/3&#8243;][vc_empty_space 0=\u00bb\u00bb height=\u00bb10px\u00bb][vc_single_image image=\u00bb1385&#8243; img_size=\u00bb220&#215;220&#8243; alignment=\u00bbcenter\u00bb][\/vc_column][vc_column width=\u00bb2\/3&#8243;][vc_column_text el_class=\u00bbbig-title\u00bb] DIAPASON D\u2019OR [\/vc_column_text][vc_column_text 0=\u00bb\u00bb]La reconocida revista de piano francesa Diapason entrega premios mensuales para grabaciones de ...","og_url":"https:\/\/feurich.com\/es\/referencias\/premios\/","og_site_name":"FEURICH","article_publisher":"https:\/\/www.facebook.com\/feurichvienna\/","article_modified_time":"2018-12-12T10:45:53+00:00","twitter_card":"summary_large_image","twitter_misc":{"Tiempo de lectura":"2 minutos"},"schema":{"@context":"https:\/\/schema.org","@graph":[{"@type":"WebPage","@id":"https:\/\/feurich.com\/es\/referencias\/premios\/","url":"https:\/\/feurich.com\/es\/referencias\/premios\/","name":"Premios - FEURICH","isPartOf":{"@id":"https:\/\/feurich.com\/en\/#website"},"datePublished":"2018-02-26T18:24:31+00:00","dateModified":"2018-12-12T10:45:53+00:00","breadcrumb":{"@id":"https:\/\/feurich.com\/es\/referencias\/premios\/#breadcrumb"},"inLanguage":"es","potentialAction":[{"@type":"ReadAction","target":["https:\/\/feurich.com\/es\/referencias\/premios\/"]}]},{"@type":"BreadcrumbList","@id":"https:\/\/feurich.com\/es\/referencias\/premios\/#breadcrumb","itemListElement":[{"@type":"ListItem","position":1,"name":"Home","item":"https:\/\/feurich.com\/es\/"},{"@type":"ListItem","position":2,"name":"Referencias","item":"https:\/\/feurich.com\/es\/referencias\/"},{"@type":"ListItem","position":3,"name":"Premios"}]},{"@type":"WebSite","@id":"https:\/\/feurich.com\/en\/#website","url":"https:\/\/feurich.com\/en\/","name":"FEURICH","description":"A sound that connects","publisher":{"@id":"https:\/\/feurich.com\/en\/#organization"},"potentialAction":[{"@type":"SearchAction","target":{"@type":"EntryPoint","urlTemplate":"https:\/\/feurich.com\/en\/?s={search_term_string}"},"query-input":{"@type":"PropertyValueSpecification","valueRequired":true,"valueName":"search_term_string"}}],"inLanguage":"es"},{"@type":"Organization","@id":"https:\/\/feurich.com\/en\/#organization","name":"FEURICH","url":"https:\/\/feurich.com\/en\/","logo":{"@type":"ImageObject","inLanguage":"es","@id":"https:\/\/feurich.com\/en\/#\/schema\/logo\/image\/","url":"https:\/\/feurich.com\/wp-content\/uploads\/logo.png","contentUrl":"https:\/\/feurich.com\/wp-content\/uploads\/logo.png","width":354,"height":151,"caption":"FEURICH"},"image":{"@id":"https:\/\/feurich.com\/en\/#\/schema\/logo\/image\/"},"sameAs":["https:\/\/www.facebook.com\/feurichvienna\/"]}]}},"_links":{"self":[{"href":"https:\/\/feurich.com\/es\/wp-json\/wp\/v2\/pages\/12300","targetHints":{"allow":["GET"]}}],"collection":[{"href":"https:\/\/feurich.com\/es\/wp-json\/wp\/v2\/pages"}],"about":[{"href":"https:\/\/feurich.com\/es\/wp-json\/wp\/v2\/types\/page"}],"author":[{"embeddable":true,"href":"https:\/\/feurich.com\/es\/wp-json\/wp\/v2\/users\/4"}],"replies":[{"embeddable":true,"href":"https:\/\/feurich.com\/es\/wp-json\/wp\/v2\/comments?post=12300"}],"version-history":[{"count":24,"href":"https:\/\/feurich.com\/es\/wp-json\/wp\/v2\/pages\/12300\/revisions"}],"predecessor-version":[{"id":21043,"href":"https:\/\/feurich.com\/es\/wp-json\/wp\/v2\/pages\/12300\/revisions\/21043"}],"up":[{"embeddable":true,"href":"https:\/\/feurich.com\/es\/wp-json\/wp\/v2\/pages\/12287"}],"wp:attachment":[{"href":"https:\/\/feurich.com\/es\/wp-json\/wp\/v2\/media?parent=12300"}],"curies":[{"name":"wp","href":"https:\/\/api.w.org\/{rel}","templated":true}]}}