{"id":12287,"date":"2018-02-26T17:51:25","date_gmt":"2018-02-26T17:51:25","guid":{"rendered":"https:\/\/www.feurich.com\/referencias\/"},"modified":"2025-04-08T12:47:00","modified_gmt":"2025-04-08T12:47:00","slug":"referencias","status":"publish","type":"page","link":"https:\/\/feurich.com\/es\/referencias\/","title":{"rendered":"Referencias"},"content":{"rendered":"<div class=\"wpb-content-wrapper\"><p>[vc_row][vc_column][rev_slider_vc alias=\u00bbreferences\u00bb][\/vc_column][\/vc_row][vc_row][vc_column width=\u00bb1\/6&#8243;][\/vc_column][vc_column width=\u00bb2\/3&#8243;][vc_empty_space height=\u00bb16px\u00bb][vc_column_text el_class=\u00bbbig-title\u00bb]<\/p>\n<p style=\"text-align: center;\">REFERENCIAS<\/p>\n<p>[\/vc_column_text][vc_empty_space height=\u00bb16px\u00bb][vc_column_text]<span style=\"font-size: 14pt;\">Invertimos toda nuestra energ\u00eda en el desarrollo continuo y el perfeccionamiento de nuestros pianos. Estamos felices de ver como d\u00eda tras d\u00eda, m\u00e1s y m\u00e1s pianistas descubren por si mismos la marca FEURICH. Para que usted se haga una idea de lo que pueden los pianos verticales y de cola FEURICH, hemos escogido solo algunos ejemplos.<\/span>[\/vc_column_text][vc_empty_space height=\u00bb16px\u00bb][\/vc_column][vc_column width=\u00bb1\/6&#8243;][\/vc_column][\/vc_row][vc_row][vc_column width=\u00bb1\/3&#8243;][vc_single_image image=\u00bb16509&#8243; img_size=\u00bb240&#215;240&#8243; alignment=\u00bbcenter\u00bb onclick=\u00bbcustom_link\u00bb link=\u00bb?page_id=12300&#8243;][vc_column_text el_class=\u00bbproducts-title\u00bb]<a class=\"mega-menu-link\" href=\"?page_id=12300\">PREMIOS<\/a>[\/vc_column_text][vc_column_text]Premios no son realmente \u00ablo nuestro\u00bb, pero hay algunos de los que estamos especialmente orgullosos: el <strong>\u00abDiapason D&#8217;OR\u00bb<\/strong>, uno de los m\u00e1s altos honores en el mundo de la m\u00fasica cl\u00e1sica, el cual obtuvimos ya tres veces! y el premio <strong>\u00abPianiste Maestro\u00bb<\/strong> que ennoblece nuestra nueva producci\u00f3n, el modelo FEURICH 123 &#8211; Viena.[\/vc_column_text][vc_empty_space height=\u00bb20px\u00bb][\/vc_column][vc_column width=\u00bb1\/3&#8243;][vc_empty_space height=\u00bb24px\u00bb][vc_single_image image=\u00bb11557&#8243; alignment=\u00bbcenter\u00bb onclick=\u00bbcustom_link\u00bb link=\u00bb?page_id=12663&#8243;][vc_empty_space height=\u00bb24px\u00bb][vc_column_text el_class=\u00bbproducts-title\u00bb]<a class=\"mega-menu-link\" href=\"?page_id=12663\">INSTITUCIONES<\/a>[\/vc_column_text][vc_column_text]Desde academias y universidades hasta teatros de prestigio y clubes de jazz; estas son algunas de las instituciones que cuentan con el sonido y la confiabilidad de los pianos FEURICH.[\/vc_column_text][vc_empty_space height=\u00bb20px\u00bb][\/vc_column][vc_column width=\u00bb1\/3&#8243;][vc_single_image image=\u00bb9089&#8243; img_size=\u00bb350&#215;240&#8243; alignment=\u00bbcenter\u00bb onclick=\u00bbcustom_link\u00bb link=\u00bb?page_id=12671&#8243;][vc_column_text el_class=\u00bbproducts-title\u00bb]<a class=\"mega-menu-link\" href=\"?page_id=12671\">EVENTOS<\/a>[\/vc_column_text][vc_column_text]FEURICH est\u00e1 disponible en todo el mundo y se encuentra en acci\u00f3n en una gran variedad de g\u00e9neros musicales. Aqu\u00ed recopilamos algunas impresiones de eventos en los que nuestros pianos han contribuido.[\/vc_column_text][vc_empty_space height=\u00bb20px\u00bb][\/vc_column][\/vc_row][vc_row][vc_column width=\u00bb1\/3&#8243;][\/vc_column][vc_column width=\u00bb1\/3&#8243;][vc_single_image image=\u00bb11203&#8243; img_size=\u00bb350&#215;240&#8243; alignment=\u00bbcenter\u00bb onclick=\u00bbcustom_link\u00bb link=\u00bb?page_id=12674&#8243;][vc_column_text el_class=\u00bbproducts-title\u00bb]<a class=\"mega-menu-link\" href=\"?page_id=12674\">TESTIMONIOS<\/a>[\/vc_column_text][vc_column_text]Podr\u00edamos contarles infinitamente sobre nuestros pianos. Pero, c\u00f3mo se siente al tocar un piano FEURICH lo describen mejor m\u00fasicos profesionales, clientes y colaboradores nuestros.[\/vc_column_text][vc_empty_space height=\u00bb20px\u00bb][\/vc_column][vc_column width=\u00bb1\/3&#8243;][\/vc_column][\/vc_row][vc_row][vc_column][vc_empty_space][\/vc_column][\/vc_row]<\/p>\n<\/div>","protected":false},"excerpt":{"rendered":"<p>Para que tenga una idea de lo que pueden los pianos verticales y de cola FEURICH, hemos escogido solo algunos ejemplos.<\/p>\n","protected":false},"author":4,"featured_media":0,"parent":0,"menu_order":0,"comment_status":"closed","ping_status":"closed","template":"template-fullwidth.php","meta":{"inline_featured_image":false,"footnotes":""},"class_list":["post-12287","page","type-page","status-publish","hentry"],"acf":[],"yoast_head":"<!-- This site is optimized with the Yoast SEO plugin v24.4 - https:\/\/yoast.com\/wordpress\/plugins\/seo\/ -->\n<title>Referencias - FEURICH<\/title>\n<meta name=\"robots\" content=\"index, follow, max-snippet:-1, max-image-preview:large, max-video-preview:-1\" \/>\n<link rel=\"canonical\" href=\"https:\/\/feurich.com\/es\/referencias\/\" \/>\n<meta property=\"og:locale\" content=\"es_ES\" \/>\n<meta property=\"og:type\" content=\"article\" \/>\n<meta property=\"og:title\" content=\"Referencias - FEURICH\" \/>\n<meta property=\"og:description\" content=\"Para que tenga una idea de lo que pueden los pianos verticales y de cola FEURICH, hemos escogido solo algunos ejemplos.\" \/>\n<meta property=\"og:url\" content=\"https:\/\/feurich.com\/es\/referencias\/\" \/>\n<meta property=\"og:site_name\" content=\"FEURICH\" \/>\n<meta property=\"article:publisher\" content=\"https:\/\/www.facebook.com\/feurichvienna\/\" \/>\n<meta property=\"article:modified_time\" content=\"2025-04-08T12:47:00+00:00\" \/>\n<meta name=\"twitter:card\" content=\"summary_large_image\" \/>\n<meta name=\"twitter:label1\" content=\"Tiempo de lectura\" \/>\n\t<meta name=\"twitter:data1\" content=\"2 minutos\" \/>\n<script type=\"application\/ld+json\" class=\"yoast-schema-graph\">{\"@context\":\"https:\/\/schema.org\",\"@graph\":[{\"@type\":\"WebPage\",\"@id\":\"https:\/\/feurich.com\/es\/referencias\/\",\"url\":\"https:\/\/feurich.com\/es\/referencias\/\",\"name\":\"Referencias - FEURICH\",\"isPartOf\":{\"@id\":\"https:\/\/feurich.com\/en\/#website\"},\"datePublished\":\"2018-02-26T17:51:25+00:00\",\"dateModified\":\"2025-04-08T12:47:00+00:00\",\"breadcrumb\":{\"@id\":\"https:\/\/feurich.com\/es\/referencias\/#breadcrumb\"},\"inLanguage\":\"es\",\"potentialAction\":[{\"@type\":\"ReadAction\",\"target\":[\"https:\/\/feurich.com\/es\/referencias\/\"]}]},{\"@type\":\"BreadcrumbList\",\"@id\":\"https:\/\/feurich.com\/es\/referencias\/#breadcrumb\",\"itemListElement\":[{\"@type\":\"ListItem\",\"position\":1,\"name\":\"Home\",\"item\":\"https:\/\/feurich.com\/es\/\"},{\"@type\":\"ListItem\",\"position\":2,\"name\":\"Referencias\"}]},{\"@type\":\"WebSite\",\"@id\":\"https:\/\/feurich.com\/en\/#website\",\"url\":\"https:\/\/feurich.com\/en\/\",\"name\":\"FEURICH\",\"description\":\"A sound that connects\",\"publisher\":{\"@id\":\"https:\/\/feurich.com\/en\/#organization\"},\"potentialAction\":[{\"@type\":\"SearchAction\",\"target\":{\"@type\":\"EntryPoint\",\"urlTemplate\":\"https:\/\/feurich.com\/en\/?s={search_term_string}\"},\"query-input\":{\"@type\":\"PropertyValueSpecification\",\"valueRequired\":true,\"valueName\":\"search_term_string\"}}],\"inLanguage\":\"es\"},{\"@type\":\"Organization\",\"@id\":\"https:\/\/feurich.com\/en\/#organization\",\"name\":\"FEURICH\",\"url\":\"https:\/\/feurich.com\/en\/\",\"logo\":{\"@type\":\"ImageObject\",\"inLanguage\":\"es\",\"@id\":\"https:\/\/feurich.com\/en\/#\/schema\/logo\/image\/\",\"url\":\"https:\/\/feurich.com\/wp-content\/uploads\/logo.png\",\"contentUrl\":\"https:\/\/feurich.com\/wp-content\/uploads\/logo.png\",\"width\":354,\"height\":151,\"caption\":\"FEURICH\"},\"image\":{\"@id\":\"https:\/\/feurich.com\/en\/#\/schema\/logo\/image\/\"},\"sameAs\":[\"https:\/\/www.facebook.com\/feurichvienna\/\"]}]}<\/script>\n<!-- \/ Yoast SEO plugin. -->","yoast_head_json":{"title":"Referencias - FEURICH","robots":{"index":"index","follow":"follow","max-snippet":"max-snippet:-1","max-image-preview":"max-image-preview:large","max-video-preview":"max-video-preview:-1"},"canonical":"https:\/\/feurich.com\/es\/referencias\/","og_locale":"es_ES","og_type":"article","og_title":"Referencias - FEURICH","og_description":"Para que tenga una idea de lo que pueden los pianos verticales y de cola FEURICH, hemos escogido solo algunos ejemplos.","og_url":"https:\/\/feurich.com\/es\/referencias\/","og_site_name":"FEURICH","article_publisher":"https:\/\/www.facebook.com\/feurichvienna\/","article_modified_time":"2025-04-08T12:47:00+00:00","twitter_card":"summary_large_image","twitter_misc":{"Tiempo de lectura":"2 minutos"},"schema":{"@context":"https:\/\/schema.org","@graph":[{"@type":"WebPage","@id":"https:\/\/feurich.com\/es\/referencias\/","url":"https:\/\/feurich.com\/es\/referencias\/","name":"Referencias - FEURICH","isPartOf":{"@id":"https:\/\/feurich.com\/en\/#website"},"datePublished":"2018-02-26T17:51:25+00:00","dateModified":"2025-04-08T12:47:00+00:00","breadcrumb":{"@id":"https:\/\/feurich.com\/es\/referencias\/#breadcrumb"},"inLanguage":"es","potentialAction":[{"@type":"ReadAction","target":["https:\/\/feurich.com\/es\/referencias\/"]}]},{"@type":"BreadcrumbList","@id":"https:\/\/feurich.com\/es\/referencias\/#breadcrumb","itemListElement":[{"@type":"ListItem","position":1,"name":"Home","item":"https:\/\/feurich.com\/es\/"},{"@type":"ListItem","position":2,"name":"Referencias"}]},{"@type":"WebSite","@id":"https:\/\/feurich.com\/en\/#website","url":"https:\/\/feurich.com\/en\/","name":"FEURICH","description":"A sound that connects","publisher":{"@id":"https:\/\/feurich.com\/en\/#organization"},"potentialAction":[{"@type":"SearchAction","target":{"@type":"EntryPoint","urlTemplate":"https:\/\/feurich.com\/en\/?s={search_term_string}"},"query-input":{"@type":"PropertyValueSpecification","valueRequired":true,"valueName":"search_term_string"}}],"inLanguage":"es"},{"@type":"Organization","@id":"https:\/\/feurich.com\/en\/#organization","name":"FEURICH","url":"https:\/\/feurich.com\/en\/","logo":{"@type":"ImageObject","inLanguage":"es","@id":"https:\/\/feurich.com\/en\/#\/schema\/logo\/image\/","url":"https:\/\/feurich.com\/wp-content\/uploads\/logo.png","contentUrl":"https:\/\/feurich.com\/wp-content\/uploads\/logo.png","width":354,"height":151,"caption":"FEURICH"},"image":{"@id":"https:\/\/feurich.com\/en\/#\/schema\/logo\/image\/"},"sameAs":["https:\/\/www.facebook.com\/feurichvienna\/"]}]}},"_links":{"self":[{"href":"https:\/\/feurich.com\/es\/wp-json\/wp\/v2\/pages\/12287","targetHints":{"allow":["GET"]}}],"collection":[{"href":"https:\/\/feurich.com\/es\/wp-json\/wp\/v2\/pages"}],"about":[{"href":"https:\/\/feurich.com\/es\/wp-json\/wp\/v2\/types\/page"}],"author":[{"embeddable":true,"href":"https:\/\/feurich.com\/es\/wp-json\/wp\/v2\/users\/4"}],"replies":[{"embeddable":true,"href":"https:\/\/feurich.com\/es\/wp-json\/wp\/v2\/comments?post=12287"}],"version-history":[{"count":44,"href":"https:\/\/feurich.com\/es\/wp-json\/wp\/v2\/pages\/12287\/revisions"}],"predecessor-version":[{"id":83932,"href":"https:\/\/feurich.com\/es\/wp-json\/wp\/v2\/pages\/12287\/revisions\/83932"}],"wp:attachment":[{"href":"https:\/\/feurich.com\/es\/wp-json\/wp\/v2\/media?parent=12287"}],"curies":[{"name":"wp","href":"https:\/\/api.w.org\/{rel}","templated":true}]}}