{"id":12255,"date":"2018-02-26T10:51:05","date_gmt":"2018-02-26T10:51:05","guid":{"rendered":"https:\/\/www.feurich.com\/sobre-nosotros\/grupo-de-expertos\/"},"modified":"2019-06-26T08:14:21","modified_gmt":"2019-06-26T08:14:22","slug":"grupo-de-expertos","status":"publish","type":"page","link":"https:\/\/feurich.com\/es\/sobre-nosotros\/grupo-de-expertos\/","title":{"rendered":"Grupo de expertos"},"content":{"rendered":"<div class=\"wpb-content-wrapper\"><p>[vc_row][vc_column width=\u00bb1\/6&#8243;][\/vc_column][vc_column width=\u00bb2\/3&#8243;][vc_empty_space height=\u00bb44px\u00bb][vc_column_text el_class=\u00bbbig-title\u00bb]<\/p>\n<p style=\"text-align: center;\">Grupo de expertos FEURICH<\/p>\n<p>[\/vc_column_text][vc_empty_space height=\u00bb24px\u00bb][vc_column_text]<span style=\"font-size: 14pt;\">Quien posee grandes visiones y tiene el dominio absoluto del oficio puede impulsar verdaderas innovaciones. Les presentamos con orgullo a nuestro equipo internacional de expertos, conformado por verdaderos maestros y maestras en su oficio con gran capacidad de superaci\u00f3n, siempre en la b\u00fasqueda de soluciones completamente nuevas e innovadoras.<\/span><\/p>\n<p><span style=\"font-size: 14pt;\">Todos ellos reciben el apoyo incondicional y permanente de todo nuestro equipo FEURICH<\/span>[\/vc_column_text][vc_empty_space height=\u00bb24px\u00bb][\/vc_column][vc_column width=\u00bb1\/6&#8243;][\/vc_column][\/vc_row][vc_row][vc_column width=\u00bb1\/3&#8243;][vc_single_image image=\u00bb1722&#8243; img_size=\u00bb360&#215;260&#8243; alignment=\u00bbcenter\u00bb onclick=\u00bbcustom_link\u00bb link=\u00bb?page_id=12224&#8243;][vc_column_text el_class=\u00bbproducts-title\u00bb]<a href=\"?page_id=12224\">J\u00f6rg Wachler<\/a>[\/vc_column_text][vc_column_text]<\/p>\n<div><strong>Jefe Entonador de FEURICH Viena &amp; Afinador de Conciertos<\/strong><\/div>\n<p>J\u00f6rg Wachler es responsable de la preparaci\u00f3n final de los pianos en las instalaciones de producci\u00f3n de FEURICH en Viena. All\u00ed fluyen constantemente nuevas ideas t\u00e9cnicas sobre temas de color y entonaci\u00f3n. J\u00f6rg est\u00e1 en constante comunicaci\u00f3n con nuestro equipo y nuestros socios de todo el mundo. <a href=\"https:\/\/www.feurich.com\/es\/sobre-nosotros\/grupo-de-expertos\/jorg-wachler\/\">M\u00e1s sobre J\u00f6rg Wachler<\/a>[\/vc_column_text][\/vc_column][vc_column width=\u00bb1\/3&#8243;][vc_single_image image=\u00bb1721&#8243; img_size=\u00bb360&#215;260&#8243; alignment=\u00bbcenter\u00bb onclick=\u00bbcustom_link\u00bb link=\u00bb?page_id=12202&#8243;][vc_column_text el_class=\u00bbproducts-title\u00bb]<a class=\"mega-menu-link\" href=\"?page_id=12202\">Sibin Zlatkovic<\/a>[\/vc_column_text][vc_column_text]<\/p>\n<div><strong>Jefe Entonador FEURICH &amp; Afinador de Conciertos<\/strong><\/div>\n<p>Sibin Zlatkovic es responsable a nivel internacional de la educaci\u00f3n y el perfeccionamiento de nuestros t\u00e9cnicos de piano y socios de FEURICH. Junto con Joerg Wachler y St\u00e9phane Boussuge se sit\u00faa a la cabeza de nuestro equipo responsable del sonido y preparaci\u00f3n de los instrumentos. Su trabajo tiene como meta fundamental el logro del t\u00edpico sonido vien\u00e9s, lleno de matices, din\u00e1mico y de gran duraci\u00f3n. <a href=\"https:\/\/www.feurich.com\/es\/sobre-nosotros\/grupo-de-expertos\/sibin-zlatkovic\/\">M\u00e1s sobre Sibin Zlatkovic<\/a>[\/vc_column_text][\/vc_column][vc_column width=\u00bb1\/3&#8243;][vc_single_image image=\u00bb24791&#8243; img_size=\u00bb360&#215;260&#8243; alignment=\u00bbcenter\u00bb onclick=\u00bbcustom_link\u00bb link=\u00bb?page_id=12204&#8243; el_class=\u00bbinfo-img\u00bb][vc_column_text el_class=\u00bbproducts-title\u00bb]<a href=\"?page_id=12204\">St\u00e9phane Boussuge<\/a>[\/vc_column_text][vc_column_text]<\/p>\n<div><strong>Jefe Entonador de FEURICH Viena &amp; Afinador de Conciertos<\/strong><\/div>\n<p>St\u00e9phane Boussuge con su gran habilidad y conocimientos como entonador, experto en regulaci\u00f3n y afinador para conciertos, es responsable de la preparaci\u00f3n sonora de los instrumentos FEURICH. Su trabajo despierta gran admiraci\u00f3n de pianistas como t\u00e9cnicos de piano de todo el mundo. <a href=\"https:\/\/www.feurich.com\/es\/sobre-nosotros\/grupo-de-expertos\/stephane-boussouge\/\">M\u00e1s sobre St\u00e9phane Boussuge<\/a>[\/vc_column_text][\/vc_column][\/vc_row][vc_row][vc_column width=\u00bb1\/3&#8243;][vc_single_image image=\u00bb2010&#8243; img_size=\u00bb360&#215;260&#8243; alignment=\u00bbcenter\u00bb onclick=\u00bbcustom_link\u00bb][vc_column_text el_class=\u00bbproducts-title\u00bb]<a class=\"mega-menu-link\">Claire Paulello<\/a>[\/vc_column_text][vc_column_text]<\/p>\n<div><strong>Dise\u00f1adora de pianos, Villethierry\/Francia<\/strong><\/div>\n<p>Claire Paulello es una ebanista diplomada con gran experiencia en dibujo t\u00e9cnico. A trav\u00e9s de su vasta experiencia en restauraci\u00f3n de instrumentos antiguos ha obtenido valiosa experiencia y profundo conocimiento sobre la interacci\u00f3n formas con materiales. Claire es especialista en dibujos computarizados en 2D y 3D de pianos y pianos de cola.[\/vc_column_text][\/vc_column][vc_column width=\u00bb1\/3&#8243;][vc_single_image image=\u00bb1717&#8243; img_size=\u00bb360&#215;260&#8243; alignment=\u00bbcenter\u00bb onclick=\u00bbcustom_link\u00bb link=\u00bb?page_id=12209&#8243;][vc_column_text el_class=\u00bbproducts-title\u00bb]<a class=\"mega-menu-link\" href=\"?page_id=12209\">Stephen Paulello<\/a>[\/vc_column_text][vc_column_text]<br \/>\n<strong>Pianista de concierto y constructor de pianos, Villethierry, Francia<\/strong><\/p>\n<p>Stephen Paulello ha apoyado a FEURICH desde 2006 como dise\u00f1ador y experto en pianos y es el innovador por excelencia en el campo de la fabricaci\u00f3n de piano cl\u00e1sico. El piano de cola de FEURICH Mod. 218 &#8211; Concierto I fue dise\u00f1ado por \u00e9l y su esposa Claire Paulello, as\u00ed como la versi\u00f3n final del 4\u00ba pedal \u00abP\u00e9dale Harmonique\u00bb y otros elementos esenciales en la construcci\u00f3n de nuestros instrumentos FEURICH.\u00a0<a href=\"https:\/\/www.feurich.com\/es\/sobre-nosotros\/grupo-de-expertos\/stephen-paulello\/\">M\u00e1s sobre Stephen Paulello<\/a>[\/vc_column_text][\/vc_column][vc_column width=\u00bb1\/3&#8243;][vc_single_image image=\u00bb1052&#8243; img_size=\u00bb360&#215;260&#8243; alignment=\u00bbcenter\u00bb onclick=\u00bbcustom_link\u00bb link=\u00bb?page_id=12216&#8243;][vc_column_text el_class=\u00bbproducts-title\u00bb]<a class=\"mega-menu-link\" href=\"?page_id=12216\">J\u00f6rg Hauser<\/a>[\/vc_column_text][vc_column_text]<br \/>\n<strong>Maestro contructor de pianos y cembalos, Aldingen \/ Alemania<\/strong><\/p>\n<p>J\u00f6rg Hauser es parte del equipo de desarrollo de FEURICH y responsable de varias innovaciones en la construcci\u00f3n de los pianos FEURICH. Como ejemplo, el \u201eSchw\u00e4bische Pedalsystem\u201c (sistema de pedal de Suabia) o el desmontaje singularmente simple del mueble, se encuentran entre sus contribuciones al moderno dise\u00f1o de pianos.\u00a0<a href=\"https:\/\/www.feurich.com\/es\/sobre-nosotros\/grupo-de-expertos\/jorg-hauser\/\">M\u00e1s sobre J\u00f6rg Hauser<\/a>[\/vc_column_text][\/vc_column][\/vc_row][vc_row][vc_column width=\u00bb1\/3&#8243;][vc_single_image image=\u00bb19578&#8243; img_size=\u00bb360&#215;260&#8243; alignment=\u00bbcenter\u00bb onclick=\u00bbcustom_link\u00bb link=\u00bb?page_id=20193&#8243;][vc_column_text el_class=\u00bbproducts-title\u00bb]<a href=\"?page_id=20193\">Vladislav &amp; Oleg Mikucionok<\/a>[\/vc_column_text][vc_column_text]<\/p>\n<div data-canvas-width=\"324.0569125915081\"><strong>Piano Technician and Master Piano Builder, FEURICH Production Vienna<br \/>\n<\/strong><\/div>\n<p>Vladislav Mikucionok is a piano technician and the leader of our production centre in Vienna. His father, the master piano builder Oleg Mikucionok, passes on his knowledge to the next generation and trains our apprentices in the factory in Vienna. <a href=\"?page_id=20193\">More about Vladislav and Oleg Mikucionok<\/a>[\/vc_column_text][\/vc_column][vc_column width=\u00bb1\/3&#8243;][vc_single_image image=\u00bb1719&#8243; img_size=\u00bb360&#215;260&#8243; alignment=\u00bbcenter\u00bb onclick=\u00bbcustom_link\u00bb link=\u00bb?page_id=12206&#8243;][vc_column_text el_class=\u00bbproducts-title\u00bb]<a href=\"?page_id=12206\">Mag.<sup>a<\/sup>\u00a0Wang Jing<\/a>[\/vc_column_text][vc_column_text]<br \/>\n<strong>Gesti\u00f3n &amp; Comunicaci\u00f3n KLAVIERmanufaktur FEURICH Viena<\/strong><\/p>\n<p>WANG Jing es directora administrativa y de operaciones de la \u00abKLAVIERmanufaktur FEURICH\u00bb en Viena. Su gran talento organizativo y sus habilidades en la gesti\u00f3n son \u00fanicos.\u00a0<a href=\"https:\/\/www.feurich.com\/es\/sobre-nosotros\/grupo-de-expertos\/wang-jing\/\">M\u00e1s sobre Wang Jing<\/a>[\/vc_column_text][\/vc_column][vc_column width=\u00bb1\/3&#8243;][vc_single_image image=\u00bb1057&#8243; img_size=\u00bb360&#215;260&#8243; alignment=\u00bbcenter\u00bb onclick=\u00bbcustom_link\u00bb link=\u00bb?page_id=12221&#8243;][vc_column_text el_class=\u00bbproducts-title\u00bb]<a class=\"mega-menu-link\" href=\"?page_id=12221\">Udo Kamm<\/a>[\/vc_column_text][vc_column_text]<br \/>\n<strong>Maestro Constructor de Pianos e Inventor, Kirchhain \/ Alemania<\/strong><\/p>\n<p>Udo Kamm es un ingenioso inventor y autor intelectual de numerosas innovaciones en el campo de los pianos ac\u00fasticos.\u00a0\u00a0<a href=\"https:\/\/www.feurich.com\/es\/sobre-nosotros\/grupo-de-expertos\/udo-kamm\/\">M\u00e1s sobre Udo Kamm<\/a>[\/vc_column_text][\/vc_column][\/vc_row][vc_row][vc_column][vc_empty_space height=\u00bb52px\u00bb][\/vc_column][\/vc_row]<\/p>\n<\/div>","protected":false},"excerpt":{"rendered":"<p>Quien posee grandes visiones y tiene el dominio absoluto del oficio puede impulsar verdaderas innovaciones: El grupo internacional de expertos de FEURICH<\/p>\n","protected":false},"author":4,"featured_media":0,"parent":12168,"menu_order":0,"comment_status":"closed","ping_status":"closed","template":"template-fullwidth.php","meta":{"inline_featured_image":false,"footnotes":""},"class_list":["post-12255","page","type-page","status-publish","hentry"],"acf":[],"yoast_head":"<!-- This site is optimized with the Yoast SEO plugin v24.4 - https:\/\/yoast.com\/wordpress\/plugins\/seo\/ -->\n<title>Grupo de expertos - FEURICH<\/title>\n<meta name=\"description\" content=\"Quien posee grandes visiones y tiene el dominio absoluto del oficio puede impulsar verdaderas innovaciones: El grupo internacional de expertos de FEURICH\" \/>\n<meta name=\"robots\" content=\"index, follow, max-snippet:-1, max-image-preview:large, max-video-preview:-1\" \/>\n<link rel=\"canonical\" href=\"https:\/\/feurich.com\/es\/sobre-nosotros\/grupo-de-expertos\/\" \/>\n<meta property=\"og:locale\" content=\"es_ES\" \/>\n<meta property=\"og:type\" content=\"article\" \/>\n<meta property=\"og:title\" content=\"Grupo de expertos - FEURICH\" \/>\n<meta property=\"og:description\" content=\"Quien posee grandes visiones y tiene el dominio absoluto del oficio puede impulsar verdaderas innovaciones: El grupo internacional de expertos de FEURICH\" \/>\n<meta property=\"og:url\" content=\"https:\/\/feurich.com\/es\/sobre-nosotros\/grupo-de-expertos\/\" \/>\n<meta property=\"og:site_name\" content=\"FEURICH\" \/>\n<meta property=\"article:publisher\" content=\"https:\/\/www.facebook.com\/feurichvienna\/\" \/>\n<meta property=\"article:modified_time\" content=\"2019-06-26T08:14:22+00:00\" \/>\n<meta name=\"twitter:card\" content=\"summary_large_image\" \/>\n<meta name=\"twitter:label1\" content=\"Tiempo de lectura\" \/>\n\t<meta name=\"twitter:data1\" content=\"5 minutos\" \/>\n<script type=\"application\/ld+json\" class=\"yoast-schema-graph\">{\"@context\":\"https:\/\/schema.org\",\"@graph\":[{\"@type\":\"WebPage\",\"@id\":\"https:\/\/feurich.com\/es\/sobre-nosotros\/grupo-de-expertos\/\",\"url\":\"https:\/\/feurich.com\/es\/sobre-nosotros\/grupo-de-expertos\/\",\"name\":\"Grupo de expertos - FEURICH\",\"isPartOf\":{\"@id\":\"https:\/\/feurich.com\/en\/#website\"},\"datePublished\":\"2018-02-26T10:51:05+00:00\",\"dateModified\":\"2019-06-26T08:14:22+00:00\",\"description\":\"Quien posee grandes visiones y tiene el dominio absoluto del oficio puede impulsar verdaderas innovaciones: El grupo internacional de expertos de FEURICH\",\"breadcrumb\":{\"@id\":\"https:\/\/feurich.com\/es\/sobre-nosotros\/grupo-de-expertos\/#breadcrumb\"},\"inLanguage\":\"es\",\"potentialAction\":[{\"@type\":\"ReadAction\",\"target\":[\"https:\/\/feurich.com\/es\/sobre-nosotros\/grupo-de-expertos\/\"]}]},{\"@type\":\"BreadcrumbList\",\"@id\":\"https:\/\/feurich.com\/es\/sobre-nosotros\/grupo-de-expertos\/#breadcrumb\",\"itemListElement\":[{\"@type\":\"ListItem\",\"position\":1,\"name\":\"Home\",\"item\":\"https:\/\/feurich.com\/es\/\"},{\"@type\":\"ListItem\",\"position\":2,\"name\":\"Sobre nosotros\",\"item\":\"https:\/\/feurich.com\/es\/sobre-nosotros\/\"},{\"@type\":\"ListItem\",\"position\":3,\"name\":\"Grupo de expertos\"}]},{\"@type\":\"WebSite\",\"@id\":\"https:\/\/feurich.com\/en\/#website\",\"url\":\"https:\/\/feurich.com\/en\/\",\"name\":\"FEURICH\",\"description\":\"A sound that connects\",\"publisher\":{\"@id\":\"https:\/\/feurich.com\/en\/#organization\"},\"potentialAction\":[{\"@type\":\"SearchAction\",\"target\":{\"@type\":\"EntryPoint\",\"urlTemplate\":\"https:\/\/feurich.com\/en\/?s={search_term_string}\"},\"query-input\":{\"@type\":\"PropertyValueSpecification\",\"valueRequired\":true,\"valueName\":\"search_term_string\"}}],\"inLanguage\":\"es\"},{\"@type\":\"Organization\",\"@id\":\"https:\/\/feurich.com\/en\/#organization\",\"name\":\"FEURICH\",\"url\":\"https:\/\/feurich.com\/en\/\",\"logo\":{\"@type\":\"ImageObject\",\"inLanguage\":\"es\",\"@id\":\"https:\/\/feurich.com\/en\/#\/schema\/logo\/image\/\",\"url\":\"https:\/\/feurich.com\/wp-content\/uploads\/logo.png\",\"contentUrl\":\"https:\/\/feurich.com\/wp-content\/uploads\/logo.png\",\"width\":354,\"height\":151,\"caption\":\"FEURICH\"},\"image\":{\"@id\":\"https:\/\/feurich.com\/en\/#\/schema\/logo\/image\/\"},\"sameAs\":[\"https:\/\/www.facebook.com\/feurichvienna\/\"]}]}<\/script>\n<!-- \/ Yoast SEO plugin. -->","yoast_head_json":{"title":"Grupo de expertos - FEURICH","description":"Quien posee grandes visiones y tiene el dominio absoluto del oficio puede impulsar verdaderas innovaciones: El grupo internacional de expertos de FEURICH","robots":{"index":"index","follow":"follow","max-snippet":"max-snippet:-1","max-image-preview":"max-image-preview:large","max-video-preview":"max-video-preview:-1"},"canonical":"https:\/\/feurich.com\/es\/sobre-nosotros\/grupo-de-expertos\/","og_locale":"es_ES","og_type":"article","og_title":"Grupo de expertos - FEURICH","og_description":"Quien posee grandes visiones y tiene el dominio absoluto del oficio puede impulsar verdaderas innovaciones: El grupo internacional de expertos de FEURICH","og_url":"https:\/\/feurich.com\/es\/sobre-nosotros\/grupo-de-expertos\/","og_site_name":"FEURICH","article_publisher":"https:\/\/www.facebook.com\/feurichvienna\/","article_modified_time":"2019-06-26T08:14:22+00:00","twitter_card":"summary_large_image","twitter_misc":{"Tiempo de lectura":"5 minutos"},"schema":{"@context":"https:\/\/schema.org","@graph":[{"@type":"WebPage","@id":"https:\/\/feurich.com\/es\/sobre-nosotros\/grupo-de-expertos\/","url":"https:\/\/feurich.com\/es\/sobre-nosotros\/grupo-de-expertos\/","name":"Grupo de expertos - FEURICH","isPartOf":{"@id":"https:\/\/feurich.com\/en\/#website"},"datePublished":"2018-02-26T10:51:05+00:00","dateModified":"2019-06-26T08:14:22+00:00","description":"Quien posee grandes visiones y tiene el dominio absoluto del oficio puede impulsar verdaderas innovaciones: El grupo internacional de expertos de FEURICH","breadcrumb":{"@id":"https:\/\/feurich.com\/es\/sobre-nosotros\/grupo-de-expertos\/#breadcrumb"},"inLanguage":"es","potentialAction":[{"@type":"ReadAction","target":["https:\/\/feurich.com\/es\/sobre-nosotros\/grupo-de-expertos\/"]}]},{"@type":"BreadcrumbList","@id":"https:\/\/feurich.com\/es\/sobre-nosotros\/grupo-de-expertos\/#breadcrumb","itemListElement":[{"@type":"ListItem","position":1,"name":"Home","item":"https:\/\/feurich.com\/es\/"},{"@type":"ListItem","position":2,"name":"Sobre nosotros","item":"https:\/\/feurich.com\/es\/sobre-nosotros\/"},{"@type":"ListItem","position":3,"name":"Grupo de expertos"}]},{"@type":"WebSite","@id":"https:\/\/feurich.com\/en\/#website","url":"https:\/\/feurich.com\/en\/","name":"FEURICH","description":"A sound that connects","publisher":{"@id":"https:\/\/feurich.com\/en\/#organization"},"potentialAction":[{"@type":"SearchAction","target":{"@type":"EntryPoint","urlTemplate":"https:\/\/feurich.com\/en\/?s={search_term_string}"},"query-input":{"@type":"PropertyValueSpecification","valueRequired":true,"valueName":"search_term_string"}}],"inLanguage":"es"},{"@type":"Organization","@id":"https:\/\/feurich.com\/en\/#organization","name":"FEURICH","url":"https:\/\/feurich.com\/en\/","logo":{"@type":"ImageObject","inLanguage":"es","@id":"https:\/\/feurich.com\/en\/#\/schema\/logo\/image\/","url":"https:\/\/feurich.com\/wp-content\/uploads\/logo.png","contentUrl":"https:\/\/feurich.com\/wp-content\/uploads\/logo.png","width":354,"height":151,"caption":"FEURICH"},"image":{"@id":"https:\/\/feurich.com\/en\/#\/schema\/logo\/image\/"},"sameAs":["https:\/\/www.facebook.com\/feurichvienna\/"]}]}},"_links":{"self":[{"href":"https:\/\/feurich.com\/es\/wp-json\/wp\/v2\/pages\/12255","targetHints":{"allow":["GET"]}}],"collection":[{"href":"https:\/\/feurich.com\/es\/wp-json\/wp\/v2\/pages"}],"about":[{"href":"https:\/\/feurich.com\/es\/wp-json\/wp\/v2\/types\/page"}],"author":[{"embeddable":true,"href":"https:\/\/feurich.com\/es\/wp-json\/wp\/v2\/users\/4"}],"replies":[{"embeddable":true,"href":"https:\/\/feurich.com\/es\/wp-json\/wp\/v2\/comments?post=12255"}],"version-history":[{"count":69,"href":"https:\/\/feurich.com\/es\/wp-json\/wp\/v2\/pages\/12255\/revisions"}],"predecessor-version":[{"id":24828,"href":"https:\/\/feurich.com\/es\/wp-json\/wp\/v2\/pages\/12255\/revisions\/24828"}],"up":[{"embeddable":true,"href":"https:\/\/feurich.com\/es\/wp-json\/wp\/v2\/pages\/12168"}],"wp:attachment":[{"href":"https:\/\/feurich.com\/es\/wp-json\/wp\/v2\/media?parent=12255"}],"curies":[{"name":"wp","href":"https:\/\/api.w.org\/{rel}","templated":true}]}}