{"id":12241,"date":"2018-02-26T09:58:47","date_gmt":"2018-02-26T09:58:47","guid":{"rendered":"https:\/\/www.feurich.com\/produccion\/"},"modified":"2018-07-03T08:08:29","modified_gmt":"2018-07-03T08:08:29","slug":"produccion","status":"publish","type":"page","link":"https:\/\/feurich.com\/es\/produccion\/","title":{"rendered":"Producci\u00f3n"},"content":{"rendered":"<div class=\"wpb-content-wrapper\"><p>[vc_row][vc_column][rev_slider_vc alias=\u00bbproduction\u00bb][\/vc_column][\/vc_row][vc_row][vc_column width=\u00bb1\/6&#8243;][\/vc_column][vc_column width=\u00bb2\/3&#8243;][vc_empty_space height=\u00bb24px\u00bb][vc_column_text el_class=\u00bbbig-title\u00bb]<\/p>\n<p style=\"text-align: center\">PRODUCCI\u00d3N<\/p>\n<p>[\/vc_column_text][vc_empty_space height=\u00bb24px\u00bb][vc_column_text]<\/p>\n<p style=\"text-align: center\"><span style=\"font-size: 14pt\">Nuevos enfoques creativos en la construcci\u00f3n del piano son el resultado de la combinaci\u00f3n de m\u00e9todos de construcci\u00f3n tradicionales y modernos en cada etapa de la producci\u00f3n.\u00a0El uso de m\u00e1quinas de alta tecnolog\u00eda, la gran experiencia t\u00e9cnica y un minuncioso control de calidad garantizan la excelencia de la producci\u00f3n en serie de nuestros pianos.<\/span><\/p>\n<p>[\/vc_column_text][vc_empty_space][\/vc_column][vc_column width=\u00bb1\/6&#8243;][\/vc_column][\/vc_row][vc_row][vc_column width=\u00bb1\/2&#8243;][vc_single_image image=\u00bb2168&#8243; img_size=\u00bb540&#215;360&#8243; alignment=\u00bbcenter\u00bb onclick=\u00bbcustom_link\u00bb link=\u00bb\/?page_id=12613&#8243;][vc_column_text el_class=\u00bbproducts-title\u00bb]<a class=\"mega-menu-link\" href=\"https:\/\/feurich.com\/es\/produccion\/feurich-viena\/\">FEURICH Viena<\/a>[\/vc_column_text][vc_column_text]Investigaci\u00f3n, innnovaci\u00f3n y desarrollo sostenible son las premisas en nuestro centro de producci\u00f3n en Viena para poder ofrecer la m\u00e1s alta experiencia instrumental a nuestros clientes. Queremos contribuir de esta forma a incentivar la gran tradici\u00f3n centenaria en la construcci\u00f3n de pianos de la ciudad de Viena.[\/vc_column_text][\/vc_column][vc_column width=\u00bb1\/2&#8243;][vc_single_image image=\u00bb2170&#8243; img_size=\u00bb540&#215;360&#8243; alignment=\u00bbcenter\u00bb onclick=\u00bbcustom_link\u00bb link=\u00bb\/?page_id=12537&#8243;][vc_column_text el_class=\u00bbproducts-title\u00bb]<a class=\"mega-menu-link\" href=\"https:\/\/feurich.com\/es\/produccion\/feurich-ningbo\/\">FEURICH Ningbo<\/a>[\/vc_column_text][vc_column_text]FEURICH comenz\u00f3 a producir pianos en Ningbo, China, en el 2003. Las m\u00e1quinas CNC de alta precisi\u00f3n permitieron producir todas las partes necesarias para la construcci\u00f3n de pianos. La l\u00ednea de producci\u00f3n FEURICH en Ningbo se caracteriza por procedimientos de ensamblaje utilizando m\u00e1quinas CNC, el uso de materias primas escogidas cuidadosamente y un detallado control de calidad.[\/vc_column_text][\/vc_column][\/vc_row][vc_row][vc_column][vc_empty_space height=\u00bb52px\u00bb][\/vc_column][\/vc_row]<\/p>\n<\/div>","protected":false},"excerpt":{"rendered":"<p>Nuevos enfoques creativos en la construcci\u00f3n del piano son el resultado de la combinaci\u00f3n de m\u00e9todos de construcci\u00f3n tradicionales y modernos en cada etapa de la producci\u00f3n, grantizando la gran calidad de la producci\u00f3n en serie.<\/p>\n","protected":false},"author":4,"featured_media":0,"parent":0,"menu_order":0,"comment_status":"closed","ping_status":"closed","template":"template-fullwidth.php","meta":{"inline_featured_image":false,"footnotes":""},"class_list":["post-12241","page","type-page","status-publish","hentry"],"acf":[],"yoast_head":"<!-- This site is optimized with the Yoast SEO plugin v24.4 - https:\/\/yoast.com\/wordpress\/plugins\/seo\/ -->\n<title>Producci\u00f3n - FEURICH<\/title>\n<meta name=\"robots\" content=\"index, follow, max-snippet:-1, max-image-preview:large, max-video-preview:-1\" \/>\n<link rel=\"canonical\" href=\"https:\/\/feurich.com\/es\/produccion\/\" \/>\n<meta property=\"og:locale\" content=\"es_ES\" \/>\n<meta property=\"og:type\" content=\"article\" \/>\n<meta property=\"og:title\" content=\"Producci\u00f3n - FEURICH\" \/>\n<meta property=\"og:description\" content=\"Nuevos enfoques creativos en la construcci\u00f3n del piano son el resultado de la combinaci\u00f3n de m\u00e9todos de construcci\u00f3n tradicionales y modernos en cada etapa de la producci\u00f3n, grantizando la gran calidad de la producci\u00f3n en serie.\" \/>\n<meta property=\"og:url\" content=\"https:\/\/feurich.com\/es\/produccion\/\" \/>\n<meta property=\"og:site_name\" content=\"FEURICH\" \/>\n<meta property=\"article:publisher\" content=\"https:\/\/www.facebook.com\/feurichvienna\/\" \/>\n<meta property=\"article:modified_time\" content=\"2018-07-03T08:08:29+00:00\" \/>\n<meta name=\"twitter:card\" content=\"summary_large_image\" \/>\n<meta name=\"twitter:label1\" content=\"Tiempo de lectura\" \/>\n\t<meta name=\"twitter:data1\" content=\"2 minutos\" \/>\n<script type=\"application\/ld+json\" class=\"yoast-schema-graph\">{\"@context\":\"https:\/\/schema.org\",\"@graph\":[{\"@type\":\"WebPage\",\"@id\":\"https:\/\/feurich.com\/es\/produccion\/\",\"url\":\"https:\/\/feurich.com\/es\/produccion\/\",\"name\":\"Producci\u00f3n - FEURICH\",\"isPartOf\":{\"@id\":\"https:\/\/feurich.com\/en\/#website\"},\"datePublished\":\"2018-02-26T09:58:47+00:00\",\"dateModified\":\"2018-07-03T08:08:29+00:00\",\"breadcrumb\":{\"@id\":\"https:\/\/feurich.com\/es\/produccion\/#breadcrumb\"},\"inLanguage\":\"es\",\"potentialAction\":[{\"@type\":\"ReadAction\",\"target\":[\"https:\/\/feurich.com\/es\/produccion\/\"]}]},{\"@type\":\"BreadcrumbList\",\"@id\":\"https:\/\/feurich.com\/es\/produccion\/#breadcrumb\",\"itemListElement\":[{\"@type\":\"ListItem\",\"position\":1,\"name\":\"Home\",\"item\":\"https:\/\/feurich.com\/es\/\"},{\"@type\":\"ListItem\",\"position\":2,\"name\":\"Producci\u00f3n\"}]},{\"@type\":\"WebSite\",\"@id\":\"https:\/\/feurich.com\/en\/#website\",\"url\":\"https:\/\/feurich.com\/en\/\",\"name\":\"FEURICH\",\"description\":\"A sound that connects\",\"publisher\":{\"@id\":\"https:\/\/feurich.com\/en\/#organization\"},\"potentialAction\":[{\"@type\":\"SearchAction\",\"target\":{\"@type\":\"EntryPoint\",\"urlTemplate\":\"https:\/\/feurich.com\/en\/?s={search_term_string}\"},\"query-input\":{\"@type\":\"PropertyValueSpecification\",\"valueRequired\":true,\"valueName\":\"search_term_string\"}}],\"inLanguage\":\"es\"},{\"@type\":\"Organization\",\"@id\":\"https:\/\/feurich.com\/en\/#organization\",\"name\":\"FEURICH\",\"url\":\"https:\/\/feurich.com\/en\/\",\"logo\":{\"@type\":\"ImageObject\",\"inLanguage\":\"es\",\"@id\":\"https:\/\/feurich.com\/en\/#\/schema\/logo\/image\/\",\"url\":\"https:\/\/feurich.com\/wp-content\/uploads\/logo.png\",\"contentUrl\":\"https:\/\/feurich.com\/wp-content\/uploads\/logo.png\",\"width\":354,\"height\":151,\"caption\":\"FEURICH\"},\"image\":{\"@id\":\"https:\/\/feurich.com\/en\/#\/schema\/logo\/image\/\"},\"sameAs\":[\"https:\/\/www.facebook.com\/feurichvienna\/\"]}]}<\/script>\n<!-- \/ Yoast SEO plugin. -->","yoast_head_json":{"title":"Producci\u00f3n - FEURICH","robots":{"index":"index","follow":"follow","max-snippet":"max-snippet:-1","max-image-preview":"max-image-preview:large","max-video-preview":"max-video-preview:-1"},"canonical":"https:\/\/feurich.com\/es\/produccion\/","og_locale":"es_ES","og_type":"article","og_title":"Producci\u00f3n - FEURICH","og_description":"Nuevos enfoques creativos en la construcci\u00f3n del piano son el resultado de la combinaci\u00f3n de m\u00e9todos de construcci\u00f3n tradicionales y modernos en cada etapa de la producci\u00f3n, grantizando la gran calidad de la producci\u00f3n en serie.","og_url":"https:\/\/feurich.com\/es\/produccion\/","og_site_name":"FEURICH","article_publisher":"https:\/\/www.facebook.com\/feurichvienna\/","article_modified_time":"2018-07-03T08:08:29+00:00","twitter_card":"summary_large_image","twitter_misc":{"Tiempo de lectura":"2 minutos"},"schema":{"@context":"https:\/\/schema.org","@graph":[{"@type":"WebPage","@id":"https:\/\/feurich.com\/es\/produccion\/","url":"https:\/\/feurich.com\/es\/produccion\/","name":"Producci\u00f3n - FEURICH","isPartOf":{"@id":"https:\/\/feurich.com\/en\/#website"},"datePublished":"2018-02-26T09:58:47+00:00","dateModified":"2018-07-03T08:08:29+00:00","breadcrumb":{"@id":"https:\/\/feurich.com\/es\/produccion\/#breadcrumb"},"inLanguage":"es","potentialAction":[{"@type":"ReadAction","target":["https:\/\/feurich.com\/es\/produccion\/"]}]},{"@type":"BreadcrumbList","@id":"https:\/\/feurich.com\/es\/produccion\/#breadcrumb","itemListElement":[{"@type":"ListItem","position":1,"name":"Home","item":"https:\/\/feurich.com\/es\/"},{"@type":"ListItem","position":2,"name":"Producci\u00f3n"}]},{"@type":"WebSite","@id":"https:\/\/feurich.com\/en\/#website","url":"https:\/\/feurich.com\/en\/","name":"FEURICH","description":"A sound that connects","publisher":{"@id":"https:\/\/feurich.com\/en\/#organization"},"potentialAction":[{"@type":"SearchAction","target":{"@type":"EntryPoint","urlTemplate":"https:\/\/feurich.com\/en\/?s={search_term_string}"},"query-input":{"@type":"PropertyValueSpecification","valueRequired":true,"valueName":"search_term_string"}}],"inLanguage":"es"},{"@type":"Organization","@id":"https:\/\/feurich.com\/en\/#organization","name":"FEURICH","url":"https:\/\/feurich.com\/en\/","logo":{"@type":"ImageObject","inLanguage":"es","@id":"https:\/\/feurich.com\/en\/#\/schema\/logo\/image\/","url":"https:\/\/feurich.com\/wp-content\/uploads\/logo.png","contentUrl":"https:\/\/feurich.com\/wp-content\/uploads\/logo.png","width":354,"height":151,"caption":"FEURICH"},"image":{"@id":"https:\/\/feurich.com\/en\/#\/schema\/logo\/image\/"},"sameAs":["https:\/\/www.facebook.com\/feurichvienna\/"]}]}},"_links":{"self":[{"href":"https:\/\/feurich.com\/es\/wp-json\/wp\/v2\/pages\/12241","targetHints":{"allow":["GET"]}}],"collection":[{"href":"https:\/\/feurich.com\/es\/wp-json\/wp\/v2\/pages"}],"about":[{"href":"https:\/\/feurich.com\/es\/wp-json\/wp\/v2\/types\/page"}],"author":[{"embeddable":true,"href":"https:\/\/feurich.com\/es\/wp-json\/wp\/v2\/users\/4"}],"replies":[{"embeddable":true,"href":"https:\/\/feurich.com\/es\/wp-json\/wp\/v2\/comments?post=12241"}],"version-history":[{"count":55,"href":"https:\/\/feurich.com\/es\/wp-json\/wp\/v2\/pages\/12241\/revisions"}],"predecessor-version":[{"id":18674,"href":"https:\/\/feurich.com\/es\/wp-json\/wp\/v2\/pages\/12241\/revisions\/18674"}],"wp:attachment":[{"href":"https:\/\/feurich.com\/es\/wp-json\/wp\/v2\/media?parent=12241"}],"curies":[{"name":"wp","href":"https:\/\/api.w.org\/{rel}","templated":true}]}}