{"id":12224,"date":"2018-02-25T22:09:17","date_gmt":"2018-02-25T22:09:17","guid":{"rendered":"https:\/\/www.feurich.com\/jorg-wachler\/"},"modified":"2018-02-25T22:09:17","modified_gmt":"2018-02-25T22:09:17","slug":"jorg-wachler","status":"publish","type":"page","link":"https:\/\/feurich.com\/es\/sobre-nosotros\/grupo-de-expertos\/jorg-wachler\/","title":{"rendered":"J\u00f6rg Wachler"},"content":{"rendered":"<div class=\"wpb-content-wrapper\"><p>[vc_row 0=\u00bb\u00bb][vc_column 0=\u00bb\u00bb][vc_empty_space 0=\u00bb\u00bb][\/vc_column][\/vc_row][vc_row 0=\u00bb\u00bb][vc_column width=\u00bb1\/3&#8243;][vc_single_image image=\u00bb930&#8243; img_size=\u00bblarge\u00bb][\/vc_column][vc_column width=\u00bb2\/3&#8243;][vc_column_text el_class=\u00bbbig-title\u00bb]<br \/>\nJ\u00f6rg Wachler<br \/>\n[\/vc_column_text][vc_column_text 0=\u00bb\u00bb]<br \/>\nJEFE ENTONADOR DE FEURICH VIENA &amp; AFINADOR DE CONCIERTOS<\/p>\n<p>J\u00f6rg Wachler es responsable de la preparaci\u00f3n final de los pianos en las instalaciones de producci\u00f3n de FEURICH en Viena. All\u00ed fluyen constantemente nuevas ideas t\u00e9cnicas sobre temas de color y entonaci\u00f3n. J\u00f6rg est\u00e1 en constante comunicaci\u00f3n con nuestro equipo y nuestros socios de todo el mundo.<\/p>\n<p>Luego de tener una ni\u00f1\u00e9z muy musical, J\u00f6rg Wachler comenz\u00f3 su aprendizaje como constructor del piano en Eisenberg,Turingia, Alemania, en 1981, donde se gradu\u00f3 con honores. Su posterior formaci\u00f3n de tres a\u00f1os en la construcci\u00f3n de \u00f3rganos con Schuster &amp; Sohn en Zittau complement\u00f3 su amplio conocimiento musical.<\/p>\n<p>J\u00f6rg adquiere una considerable experiencia en la afinaci\u00f3n de pianos trabajando con la \u00abPiano Union Leipzig\u00bb de Alemania y desde 1998 con la prestigiosa constructora C. Bechstein. Trabaj\u00f3 adem\u00e1s con reconocidos t\u00e9cnicos de piano como Naoki Yamauchi (Bechstein Berl\u00edn), Ewald V\u00f6gele (T\u00fcbingen), Gert Gaebler (Steinway Dresden) o August F\u00f6rster.<\/p>\n<p>Con sus m\u00e1s de 30 a\u00f1os de experiencia, nos enorgullece tener a J\u00f6rg como Jefe Entonador y responsable de la preparaci\u00f3n final de los FEURICH en nuestras instalaciones de producci\u00f3n en Viena.<\/p>\n<p>&gt;&gt; volver<br \/>\n[\/vc_column_text][\/vc_column][\/vc_row]<\/p>\n<\/div>","protected":false},"excerpt":{"rendered":"<p>[vc_row 0=\u00bb\u00bb][vc_column 0=\u00bb\u00bb][vc_empty_space 0=\u00bb\u00bb][\/vc_column][\/vc_row][vc_row 0=\u00bb\u00bb][vc_column width=\u00bb1\/3&#8243;][vc_single_image image=\u00bb930&#8243; img_size=\u00bblarge\u00bb][\/vc_column][vc_column width=\u00bb2\/3&#8243;][vc_column_text el_class=\u00bbbig-title\u00bb] J\u00f6rg Wachler [\/vc_column_text][vc_column_text 0=\u00bb\u00bb] JEFE ENTONADOR DE FEURICH VIENA &amp; AFINADOR DE CONCIERTOS J\u00f6rg Wachler es responsable de la preparaci\u00f3n &#8230;<\/p>\n","protected":false},"author":4,"featured_media":0,"parent":12255,"menu_order":0,"comment_status":"closed","ping_status":"closed","template":"","meta":{"inline_featured_image":false,"footnotes":""},"class_list":["post-12224","page","type-page","status-publish","hentry"],"acf":[],"yoast_head":"<!-- This site is optimized with the Yoast SEO plugin v24.4 - https:\/\/yoast.com\/wordpress\/plugins\/seo\/ -->\n<title>J\u00f6rg Wachler - FEURICH<\/title>\n<meta name=\"robots\" content=\"index, follow, max-snippet:-1, max-image-preview:large, max-video-preview:-1\" \/>\n<link rel=\"canonical\" href=\"https:\/\/feurich.com\/es\/sobre-nosotros\/grupo-de-expertos\/jorg-wachler\/\" \/>\n<meta property=\"og:locale\" content=\"es_ES\" \/>\n<meta property=\"og:type\" content=\"article\" \/>\n<meta property=\"og:title\" content=\"J\u00f6rg Wachler - FEURICH\" \/>\n<meta property=\"og:description\" content=\"[vc_row 0=\u00bb\u00bb][vc_column 0=\u00bb\u00bb][vc_empty_space 0=\u00bb\u00bb][\/vc_column][\/vc_row][vc_row 0=\u00bb\u00bb][vc_column width=\u00bb1\/3&#8243;][vc_single_image image=\u00bb930&#8243; img_size=\u00bblarge\u00bb][\/vc_column][vc_column width=\u00bb2\/3&#8243;][vc_column_text el_class=\u00bbbig-title\u00bb] J\u00f6rg Wachler [\/vc_column_text][vc_column_text 0=\u00bb\u00bb] JEFE ENTONADOR DE FEURICH VIENA &amp; AFINADOR DE CONCIERTOS J\u00f6rg Wachler es responsable de la preparaci\u00f3n ...\" \/>\n<meta property=\"og:url\" content=\"https:\/\/feurich.com\/es\/sobre-nosotros\/grupo-de-expertos\/jorg-wachler\/\" \/>\n<meta property=\"og:site_name\" content=\"FEURICH\" \/>\n<meta property=\"article:publisher\" content=\"https:\/\/www.facebook.com\/feurichvienna\/\" \/>\n<meta name=\"twitter:card\" content=\"summary_large_image\" \/>\n<meta name=\"twitter:label1\" content=\"Tiempo de lectura\" \/>\n\t<meta name=\"twitter:data1\" content=\"1 minuto\" \/>\n<script type=\"application\/ld+json\" class=\"yoast-schema-graph\">{\"@context\":\"https:\/\/schema.org\",\"@graph\":[{\"@type\":\"WebPage\",\"@id\":\"https:\/\/feurich.com\/es\/sobre-nosotros\/grupo-de-expertos\/jorg-wachler\/\",\"url\":\"https:\/\/feurich.com\/es\/sobre-nosotros\/grupo-de-expertos\/jorg-wachler\/\",\"name\":\"J\u00f6rg Wachler - FEURICH\",\"isPartOf\":{\"@id\":\"https:\/\/feurich.com\/en\/#website\"},\"datePublished\":\"2018-02-25T22:09:17+00:00\",\"breadcrumb\":{\"@id\":\"https:\/\/feurich.com\/es\/sobre-nosotros\/grupo-de-expertos\/jorg-wachler\/#breadcrumb\"},\"inLanguage\":\"es\",\"potentialAction\":[{\"@type\":\"ReadAction\",\"target\":[\"https:\/\/feurich.com\/es\/sobre-nosotros\/grupo-de-expertos\/jorg-wachler\/\"]}]},{\"@type\":\"BreadcrumbList\",\"@id\":\"https:\/\/feurich.com\/es\/sobre-nosotros\/grupo-de-expertos\/jorg-wachler\/#breadcrumb\",\"itemListElement\":[{\"@type\":\"ListItem\",\"position\":1,\"name\":\"Home\",\"item\":\"https:\/\/feurich.com\/es\/\"},{\"@type\":\"ListItem\",\"position\":2,\"name\":\"Sobre nosotros\",\"item\":\"https:\/\/feurich.com\/es\/sobre-nosotros\/\"},{\"@type\":\"ListItem\",\"position\":3,\"name\":\"Grupo de expertos\",\"item\":\"https:\/\/feurich.com\/es\/sobre-nosotros\/grupo-de-expertos\/\"},{\"@type\":\"ListItem\",\"position\":4,\"name\":\"J\u00f6rg Wachler\"}]},{\"@type\":\"WebSite\",\"@id\":\"https:\/\/feurich.com\/en\/#website\",\"url\":\"https:\/\/feurich.com\/en\/\",\"name\":\"FEURICH\",\"description\":\"A sound that connects\",\"publisher\":{\"@id\":\"https:\/\/feurich.com\/en\/#organization\"},\"potentialAction\":[{\"@type\":\"SearchAction\",\"target\":{\"@type\":\"EntryPoint\",\"urlTemplate\":\"https:\/\/feurich.com\/en\/?s={search_term_string}\"},\"query-input\":{\"@type\":\"PropertyValueSpecification\",\"valueRequired\":true,\"valueName\":\"search_term_string\"}}],\"inLanguage\":\"es\"},{\"@type\":\"Organization\",\"@id\":\"https:\/\/feurich.com\/en\/#organization\",\"name\":\"FEURICH\",\"url\":\"https:\/\/feurich.com\/en\/\",\"logo\":{\"@type\":\"ImageObject\",\"inLanguage\":\"es\",\"@id\":\"https:\/\/feurich.com\/en\/#\/schema\/logo\/image\/\",\"url\":\"https:\/\/feurich.com\/wp-content\/uploads\/logo.png\",\"contentUrl\":\"https:\/\/feurich.com\/wp-content\/uploads\/logo.png\",\"width\":354,\"height\":151,\"caption\":\"FEURICH\"},\"image\":{\"@id\":\"https:\/\/feurich.com\/en\/#\/schema\/logo\/image\/\"},\"sameAs\":[\"https:\/\/www.facebook.com\/feurichvienna\/\"]}]}<\/script>\n<!-- \/ Yoast SEO plugin. -->","yoast_head_json":{"title":"J\u00f6rg Wachler - FEURICH","robots":{"index":"index","follow":"follow","max-snippet":"max-snippet:-1","max-image-preview":"max-image-preview:large","max-video-preview":"max-video-preview:-1"},"canonical":"https:\/\/feurich.com\/es\/sobre-nosotros\/grupo-de-expertos\/jorg-wachler\/","og_locale":"es_ES","og_type":"article","og_title":"J\u00f6rg Wachler - FEURICH","og_description":"[vc_row 0=\u00bb\u00bb][vc_column 0=\u00bb\u00bb][vc_empty_space 0=\u00bb\u00bb][\/vc_column][\/vc_row][vc_row 0=\u00bb\u00bb][vc_column width=\u00bb1\/3&#8243;][vc_single_image image=\u00bb930&#8243; img_size=\u00bblarge\u00bb][\/vc_column][vc_column width=\u00bb2\/3&#8243;][vc_column_text el_class=\u00bbbig-title\u00bb] J\u00f6rg Wachler [\/vc_column_text][vc_column_text 0=\u00bb\u00bb] JEFE ENTONADOR DE FEURICH VIENA &amp; AFINADOR DE CONCIERTOS J\u00f6rg Wachler es responsable de la preparaci\u00f3n ...","og_url":"https:\/\/feurich.com\/es\/sobre-nosotros\/grupo-de-expertos\/jorg-wachler\/","og_site_name":"FEURICH","article_publisher":"https:\/\/www.facebook.com\/feurichvienna\/","twitter_card":"summary_large_image","twitter_misc":{"Tiempo de lectura":"1 minuto"},"schema":{"@context":"https:\/\/schema.org","@graph":[{"@type":"WebPage","@id":"https:\/\/feurich.com\/es\/sobre-nosotros\/grupo-de-expertos\/jorg-wachler\/","url":"https:\/\/feurich.com\/es\/sobre-nosotros\/grupo-de-expertos\/jorg-wachler\/","name":"J\u00f6rg Wachler - FEURICH","isPartOf":{"@id":"https:\/\/feurich.com\/en\/#website"},"datePublished":"2018-02-25T22:09:17+00:00","breadcrumb":{"@id":"https:\/\/feurich.com\/es\/sobre-nosotros\/grupo-de-expertos\/jorg-wachler\/#breadcrumb"},"inLanguage":"es","potentialAction":[{"@type":"ReadAction","target":["https:\/\/feurich.com\/es\/sobre-nosotros\/grupo-de-expertos\/jorg-wachler\/"]}]},{"@type":"BreadcrumbList","@id":"https:\/\/feurich.com\/es\/sobre-nosotros\/grupo-de-expertos\/jorg-wachler\/#breadcrumb","itemListElement":[{"@type":"ListItem","position":1,"name":"Home","item":"https:\/\/feurich.com\/es\/"},{"@type":"ListItem","position":2,"name":"Sobre nosotros","item":"https:\/\/feurich.com\/es\/sobre-nosotros\/"},{"@type":"ListItem","position":3,"name":"Grupo de expertos","item":"https:\/\/feurich.com\/es\/sobre-nosotros\/grupo-de-expertos\/"},{"@type":"ListItem","position":4,"name":"J\u00f6rg Wachler"}]},{"@type":"WebSite","@id":"https:\/\/feurich.com\/en\/#website","url":"https:\/\/feurich.com\/en\/","name":"FEURICH","description":"A sound that connects","publisher":{"@id":"https:\/\/feurich.com\/en\/#organization"},"potentialAction":[{"@type":"SearchAction","target":{"@type":"EntryPoint","urlTemplate":"https:\/\/feurich.com\/en\/?s={search_term_string}"},"query-input":{"@type":"PropertyValueSpecification","valueRequired":true,"valueName":"search_term_string"}}],"inLanguage":"es"},{"@type":"Organization","@id":"https:\/\/feurich.com\/en\/#organization","name":"FEURICH","url":"https:\/\/feurich.com\/en\/","logo":{"@type":"ImageObject","inLanguage":"es","@id":"https:\/\/feurich.com\/en\/#\/schema\/logo\/image\/","url":"https:\/\/feurich.com\/wp-content\/uploads\/logo.png","contentUrl":"https:\/\/feurich.com\/wp-content\/uploads\/logo.png","width":354,"height":151,"caption":"FEURICH"},"image":{"@id":"https:\/\/feurich.com\/en\/#\/schema\/logo\/image\/"},"sameAs":["https:\/\/www.facebook.com\/feurichvienna\/"]}]}},"_links":{"self":[{"href":"https:\/\/feurich.com\/es\/wp-json\/wp\/v2\/pages\/12224","targetHints":{"allow":["GET"]}}],"collection":[{"href":"https:\/\/feurich.com\/es\/wp-json\/wp\/v2\/pages"}],"about":[{"href":"https:\/\/feurich.com\/es\/wp-json\/wp\/v2\/types\/page"}],"author":[{"embeddable":true,"href":"https:\/\/feurich.com\/es\/wp-json\/wp\/v2\/users\/4"}],"replies":[{"embeddable":true,"href":"https:\/\/feurich.com\/es\/wp-json\/wp\/v2\/comments?post=12224"}],"version-history":[{"count":2,"href":"https:\/\/feurich.com\/es\/wp-json\/wp\/v2\/pages\/12224\/revisions"}],"predecessor-version":[{"id":12226,"href":"https:\/\/feurich.com\/es\/wp-json\/wp\/v2\/pages\/12224\/revisions\/12226"}],"up":[{"embeddable":true,"href":"https:\/\/feurich.com\/es\/wp-json\/wp\/v2\/pages\/12255"}],"wp:attachment":[{"href":"https:\/\/feurich.com\/es\/wp-json\/wp\/v2\/media?parent=12224"}],"curies":[{"name":"wp","href":"https:\/\/api.w.org\/{rel}","templated":true}]}}