{"id":12216,"date":"2018-02-25T19:58:43","date_gmt":"2018-02-25T19:58:43","guid":{"rendered":"https:\/\/www.feurich.com\/jorg-hauser\/"},"modified":"2018-02-25T19:58:44","modified_gmt":"2018-02-25T19:58:44","slug":"jorg-hauser","status":"publish","type":"page","link":"https:\/\/feurich.com\/es\/sobre-nosotros\/grupo-de-expertos\/jorg-hauser\/","title":{"rendered":"J\u00f6rg Hauser"},"content":{"rendered":"<div class=\"wpb-content-wrapper\"><p>[vc_row 0=\u00bb\u00bb][vc_column 0=\u00bb\u00bb][vc_empty_space 0=\u00bb\u00bb][\/vc_column][\/vc_row][vc_row 0=\u00bb\u00bb][vc_column width=\u00bb1\/3&#8243;][vc_single_image image=\u00bb1052&#8243; img_size=\u00bblarge\u00bb][\/vc_column][vc_column width=\u00bb2\/3&#8243;][vc_column_text el_class=\u00bbbig-title\u00bb]<br \/>\nJ\u00f6rg Hauser<br \/>\n[\/vc_column_text][vc_column_text 0=\u00bb\u00bb]<br \/>\nMaestro contructor de pianos y cembalos, Aldingen \/ Alemania<\/p>\n<p>J\u00f6rg Hauser es parte del equipo de desarrollo de FEURICH y responsable de varias innovaciones en la construcci\u00f3n de los pianos FEURICH. Como ejemplo, el \u201eSchw\u00e4bische Pedalsystem\u201c (sistema de pedal de Suabia) o el desmontaje singularmente simple del mueble, se encuentran entre sus contribuciones al moderno dise\u00f1o de pianos.<\/p>\n<p>Hauser es uno de esos excelentes t\u00e9cnicos de piano que no solo cuenta con d\u00e9cadas de experiencia en varias facetas de producci\u00f3n moderna, sino tambi\u00e9n, dirige su gran taller de reparaci\u00f3nes y cuenta con gran demanda como preparador de pianos de concierto para conservatorios y\u00a0 para pianistas. Su m\u00e9todo de entonaci\u00f3n especial para optimizaci\u00f3n de sonido sirve como modelo para muchos t\u00e9cnicos de piano.<\/p>\n<p>J\u00f6rg Hauser ha implementado importantes proyectos t\u00e9cnicos en centro de producci\u00f3n FEURICH en Ningbo siendo parte fundamental del equipo de desarrollo de FEURICH.<\/p>\n<p>&gt;&gt; volver<br \/>\n[\/vc_column_text][\/vc_column][\/vc_row]<\/p>\n<\/div>","protected":false},"excerpt":{"rendered":"<p>[vc_row 0=\u00bb\u00bb][vc_column 0=\u00bb\u00bb][vc_empty_space 0=\u00bb\u00bb][\/vc_column][\/vc_row][vc_row 0=\u00bb\u00bb][vc_column width=\u00bb1\/3&#8243;][vc_single_image image=\u00bb1052&#8243; img_size=\u00bblarge\u00bb][\/vc_column][vc_column width=\u00bb2\/3&#8243;][vc_column_text el_class=\u00bbbig-title\u00bb] J\u00f6rg Hauser [\/vc_column_text][vc_column_text 0=\u00bb\u00bb] Maestro contructor de pianos y cembalos, Aldingen \/ Alemania J\u00f6rg Hauser es parte del equipo de &#8230;<\/p>\n","protected":false},"author":7,"featured_media":0,"parent":12255,"menu_order":0,"comment_status":"closed","ping_status":"closed","template":"","meta":{"inline_featured_image":false,"footnotes":""},"class_list":["post-12216","page","type-page","status-publish","hentry"],"acf":[],"yoast_head":"<!-- This site is optimized with the Yoast SEO plugin v24.4 - https:\/\/yoast.com\/wordpress\/plugins\/seo\/ -->\n<title>J\u00f6rg Hauser - FEURICH<\/title>\n<meta name=\"robots\" content=\"index, follow, max-snippet:-1, max-image-preview:large, max-video-preview:-1\" \/>\n<link rel=\"canonical\" href=\"https:\/\/feurich.com\/es\/sobre-nosotros\/grupo-de-expertos\/jorg-hauser\/\" \/>\n<meta property=\"og:locale\" content=\"es_ES\" \/>\n<meta property=\"og:type\" content=\"article\" \/>\n<meta property=\"og:title\" content=\"J\u00f6rg Hauser - FEURICH\" \/>\n<meta property=\"og:description\" content=\"[vc_row 0=\u00bb\u00bb][vc_column 0=\u00bb\u00bb][vc_empty_space 0=\u00bb\u00bb][\/vc_column][\/vc_row][vc_row 0=\u00bb\u00bb][vc_column width=\u00bb1\/3&#8243;][vc_single_image image=\u00bb1052&#8243; img_size=\u00bblarge\u00bb][\/vc_column][vc_column width=\u00bb2\/3&#8243;][vc_column_text el_class=\u00bbbig-title\u00bb] J\u00f6rg Hauser [\/vc_column_text][vc_column_text 0=\u00bb\u00bb] Maestro contructor de pianos y cembalos, Aldingen \/ Alemania J\u00f6rg Hauser es parte del equipo de ...\" \/>\n<meta property=\"og:url\" content=\"https:\/\/feurich.com\/es\/sobre-nosotros\/grupo-de-expertos\/jorg-hauser\/\" \/>\n<meta property=\"og:site_name\" content=\"FEURICH\" \/>\n<meta property=\"article:publisher\" content=\"https:\/\/www.facebook.com\/feurichvienna\/\" \/>\n<meta property=\"article:modified_time\" content=\"2018-02-25T19:58:44+00:00\" \/>\n<meta name=\"twitter:card\" content=\"summary_large_image\" \/>\n<meta name=\"twitter:label1\" content=\"Tiempo de lectura\" \/>\n\t<meta name=\"twitter:data1\" content=\"1 minuto\" \/>\n<script type=\"application\/ld+json\" class=\"yoast-schema-graph\">{\"@context\":\"https:\/\/schema.org\",\"@graph\":[{\"@type\":\"WebPage\",\"@id\":\"https:\/\/feurich.com\/es\/sobre-nosotros\/grupo-de-expertos\/jorg-hauser\/\",\"url\":\"https:\/\/feurich.com\/es\/sobre-nosotros\/grupo-de-expertos\/jorg-hauser\/\",\"name\":\"J\u00f6rg Hauser - FEURICH\",\"isPartOf\":{\"@id\":\"https:\/\/feurich.com\/en\/#website\"},\"datePublished\":\"2018-02-25T19:58:43+00:00\",\"dateModified\":\"2018-02-25T19:58:44+00:00\",\"breadcrumb\":{\"@id\":\"https:\/\/feurich.com\/es\/sobre-nosotros\/grupo-de-expertos\/jorg-hauser\/#breadcrumb\"},\"inLanguage\":\"es\",\"potentialAction\":[{\"@type\":\"ReadAction\",\"target\":[\"https:\/\/feurich.com\/es\/sobre-nosotros\/grupo-de-expertos\/jorg-hauser\/\"]}]},{\"@type\":\"BreadcrumbList\",\"@id\":\"https:\/\/feurich.com\/es\/sobre-nosotros\/grupo-de-expertos\/jorg-hauser\/#breadcrumb\",\"itemListElement\":[{\"@type\":\"ListItem\",\"position\":1,\"name\":\"Home\",\"item\":\"https:\/\/feurich.com\/es\/\"},{\"@type\":\"ListItem\",\"position\":2,\"name\":\"Sobre nosotros\",\"item\":\"https:\/\/feurich.com\/es\/sobre-nosotros\/\"},{\"@type\":\"ListItem\",\"position\":3,\"name\":\"Grupo de expertos\",\"item\":\"https:\/\/feurich.com\/es\/sobre-nosotros\/grupo-de-expertos\/\"},{\"@type\":\"ListItem\",\"position\":4,\"name\":\"J\u00f6rg Hauser\"}]},{\"@type\":\"WebSite\",\"@id\":\"https:\/\/feurich.com\/en\/#website\",\"url\":\"https:\/\/feurich.com\/en\/\",\"name\":\"FEURICH\",\"description\":\"A sound that connects\",\"publisher\":{\"@id\":\"https:\/\/feurich.com\/en\/#organization\"},\"potentialAction\":[{\"@type\":\"SearchAction\",\"target\":{\"@type\":\"EntryPoint\",\"urlTemplate\":\"https:\/\/feurich.com\/en\/?s={search_term_string}\"},\"query-input\":{\"@type\":\"PropertyValueSpecification\",\"valueRequired\":true,\"valueName\":\"search_term_string\"}}],\"inLanguage\":\"es\"},{\"@type\":\"Organization\",\"@id\":\"https:\/\/feurich.com\/en\/#organization\",\"name\":\"FEURICH\",\"url\":\"https:\/\/feurich.com\/en\/\",\"logo\":{\"@type\":\"ImageObject\",\"inLanguage\":\"es\",\"@id\":\"https:\/\/feurich.com\/en\/#\/schema\/logo\/image\/\",\"url\":\"https:\/\/feurich.com\/wp-content\/uploads\/logo.png\",\"contentUrl\":\"https:\/\/feurich.com\/wp-content\/uploads\/logo.png\",\"width\":354,\"height\":151,\"caption\":\"FEURICH\"},\"image\":{\"@id\":\"https:\/\/feurich.com\/en\/#\/schema\/logo\/image\/\"},\"sameAs\":[\"https:\/\/www.facebook.com\/feurichvienna\/\"]}]}<\/script>\n<!-- \/ Yoast SEO plugin. -->","yoast_head_json":{"title":"J\u00f6rg Hauser - FEURICH","robots":{"index":"index","follow":"follow","max-snippet":"max-snippet:-1","max-image-preview":"max-image-preview:large","max-video-preview":"max-video-preview:-1"},"canonical":"https:\/\/feurich.com\/es\/sobre-nosotros\/grupo-de-expertos\/jorg-hauser\/","og_locale":"es_ES","og_type":"article","og_title":"J\u00f6rg Hauser - FEURICH","og_description":"[vc_row 0=\u00bb\u00bb][vc_column 0=\u00bb\u00bb][vc_empty_space 0=\u00bb\u00bb][\/vc_column][\/vc_row][vc_row 0=\u00bb\u00bb][vc_column width=\u00bb1\/3&#8243;][vc_single_image image=\u00bb1052&#8243; img_size=\u00bblarge\u00bb][\/vc_column][vc_column width=\u00bb2\/3&#8243;][vc_column_text el_class=\u00bbbig-title\u00bb] J\u00f6rg Hauser [\/vc_column_text][vc_column_text 0=\u00bb\u00bb] Maestro contructor de pianos y cembalos, Aldingen \/ Alemania J\u00f6rg Hauser es parte del equipo de ...","og_url":"https:\/\/feurich.com\/es\/sobre-nosotros\/grupo-de-expertos\/jorg-hauser\/","og_site_name":"FEURICH","article_publisher":"https:\/\/www.facebook.com\/feurichvienna\/","article_modified_time":"2018-02-25T19:58:44+00:00","twitter_card":"summary_large_image","twitter_misc":{"Tiempo de lectura":"1 minuto"},"schema":{"@context":"https:\/\/schema.org","@graph":[{"@type":"WebPage","@id":"https:\/\/feurich.com\/es\/sobre-nosotros\/grupo-de-expertos\/jorg-hauser\/","url":"https:\/\/feurich.com\/es\/sobre-nosotros\/grupo-de-expertos\/jorg-hauser\/","name":"J\u00f6rg Hauser - FEURICH","isPartOf":{"@id":"https:\/\/feurich.com\/en\/#website"},"datePublished":"2018-02-25T19:58:43+00:00","dateModified":"2018-02-25T19:58:44+00:00","breadcrumb":{"@id":"https:\/\/feurich.com\/es\/sobre-nosotros\/grupo-de-expertos\/jorg-hauser\/#breadcrumb"},"inLanguage":"es","potentialAction":[{"@type":"ReadAction","target":["https:\/\/feurich.com\/es\/sobre-nosotros\/grupo-de-expertos\/jorg-hauser\/"]}]},{"@type":"BreadcrumbList","@id":"https:\/\/feurich.com\/es\/sobre-nosotros\/grupo-de-expertos\/jorg-hauser\/#breadcrumb","itemListElement":[{"@type":"ListItem","position":1,"name":"Home","item":"https:\/\/feurich.com\/es\/"},{"@type":"ListItem","position":2,"name":"Sobre nosotros","item":"https:\/\/feurich.com\/es\/sobre-nosotros\/"},{"@type":"ListItem","position":3,"name":"Grupo de expertos","item":"https:\/\/feurich.com\/es\/sobre-nosotros\/grupo-de-expertos\/"},{"@type":"ListItem","position":4,"name":"J\u00f6rg Hauser"}]},{"@type":"WebSite","@id":"https:\/\/feurich.com\/en\/#website","url":"https:\/\/feurich.com\/en\/","name":"FEURICH","description":"A sound that connects","publisher":{"@id":"https:\/\/feurich.com\/en\/#organization"},"potentialAction":[{"@type":"SearchAction","target":{"@type":"EntryPoint","urlTemplate":"https:\/\/feurich.com\/en\/?s={search_term_string}"},"query-input":{"@type":"PropertyValueSpecification","valueRequired":true,"valueName":"search_term_string"}}],"inLanguage":"es"},{"@type":"Organization","@id":"https:\/\/feurich.com\/en\/#organization","name":"FEURICH","url":"https:\/\/feurich.com\/en\/","logo":{"@type":"ImageObject","inLanguage":"es","@id":"https:\/\/feurich.com\/en\/#\/schema\/logo\/image\/","url":"https:\/\/feurich.com\/wp-content\/uploads\/logo.png","contentUrl":"https:\/\/feurich.com\/wp-content\/uploads\/logo.png","width":354,"height":151,"caption":"FEURICH"},"image":{"@id":"https:\/\/feurich.com\/en\/#\/schema\/logo\/image\/"},"sameAs":["https:\/\/www.facebook.com\/feurichvienna\/"]}]}},"_links":{"self":[{"href":"https:\/\/feurich.com\/es\/wp-json\/wp\/v2\/pages\/12216","targetHints":{"allow":["GET"]}}],"collection":[{"href":"https:\/\/feurich.com\/es\/wp-json\/wp\/v2\/pages"}],"about":[{"href":"https:\/\/feurich.com\/es\/wp-json\/wp\/v2\/types\/page"}],"author":[{"embeddable":true,"href":"https:\/\/feurich.com\/es\/wp-json\/wp\/v2\/users\/7"}],"replies":[{"embeddable":true,"href":"https:\/\/feurich.com\/es\/wp-json\/wp\/v2\/comments?post=12216"}],"version-history":[{"count":2,"href":"https:\/\/feurich.com\/es\/wp-json\/wp\/v2\/pages\/12216\/revisions"}],"predecessor-version":[{"id":12218,"href":"https:\/\/feurich.com\/es\/wp-json\/wp\/v2\/pages\/12216\/revisions\/12218"}],"up":[{"embeddable":true,"href":"https:\/\/feurich.com\/es\/wp-json\/wp\/v2\/pages\/12255"}],"wp:attachment":[{"href":"https:\/\/feurich.com\/es\/wp-json\/wp\/v2\/media?parent=12216"}],"curies":[{"name":"wp","href":"https:\/\/api.w.org\/{rel}","templated":true}]}}