{"id":12204,"date":"2018-02-25T11:38:41","date_gmt":"2018-02-25T11:38:41","guid":{"rendered":"https:\/\/www.feurich.com\/stephane-boussouge\/"},"modified":"2019-06-25T14:51:08","modified_gmt":"2019-06-25T14:51:08","slug":"stephane-boussouge","status":"publish","type":"page","link":"https:\/\/feurich.com\/es\/sobre-nosotros\/grupo-de-expertos\/stephane-boussouge\/","title":{"rendered":"St\u00e9phane Boussouge"},"content":{"rendered":"<div class=\"wpb-content-wrapper\"><p>[vc_row 0=\u00bb\u00bb][vc_column 0=\u00bb\u00bb][vc_empty_space 0=\u00bb\u00bb][\/vc_column][\/vc_row][vc_row 0=\u00bb\u00bb][vc_column width=\u00bb1\/3&#8243;][vc_empty_space height=\u00bb10px\u00bb][vc_single_image image=\u00bb24780&#8243; img_size=\u00bblarge\u00bb alignment=\u00bbcenter\u00bb][\/vc_column][vc_column width=\u00bb2\/3&#8243;][vc_column_text el_class=\u00bbbig-title\u00bb]St\u00e9phane Boussuge[\/vc_column_text][vc_column_text 0=\u00bb\u00bb]<\/p>\n<div class=\"wpb_text_column wpb_content_element products-title\">\n<div class=\"wpb_wrapper\">\n<p><strong>Jefe Entonador FEURICH en Viena &#8211; Afinador de Conciertos<\/strong><\/p>\n<\/div>\n<\/div>\n<div class=\"wpb_text_column wpb_content_element \">\n<div class=\"wpb_wrapper\">\n<p>St\u00e9phane Boussuge con su gran habilidad y conocimientos como entonador, experto en regulaci\u00f3n y afinador para conciertos, es responsable de la preparaci\u00f3n sonora de los instrumentos FEURICH. Su trabajo despierta gran admiraci\u00f3n de pianistas como t\u00e9cnicos de piano de todo el mundo.<\/p>\n<p>Luego de sus estudios de m\u00fasica en el Instituto ITEMM en Francia, St\u00e9phane Boussuge pas\u00f3 siete a\u00f1os con Salle Pleyel en Par\u00eds. Entrenado por Kawai en Jap\u00f3n, pas\u00f3 d\u00e9cadas trabajando para el importador franc\u00e9s de instrumentos Kawai. Adem\u00e1s complet\u00f3 estudios en el Laboratorio de Investigaci\u00f3n de Kawai y alcanzando el t\u00edtulo de MPA (MasterPianoArtisan), que destaca sus excepcionales habilidades en la preparaci\u00f3n y la sonorizaci\u00f3n de los grandes pianos de concierto.<\/p>\n<p>Adem\u00e1s, St\u00e9phane es un experto en composici\u00f3n asistida por computadora. Ha trabajado en el desarrollo de software de composici\u00f3n <a href=\"https:\/\/opusmodus.com\/\" target=\"_blank\" rel=\"noopener\">Opusmodus<\/a>, cre\u00f3 una versi\u00f3n francesa del programa y compone y ense\u00f1a utilizando el software.<\/p>\n<p><a href=\"https:\/\/www.feurich.com\/es\/sobre-nosotros\/grupo-de-expertos\/\">&gt;&gt; volver<\/a><\/p>\n<\/div>\n<\/div>\n<p>[\/vc_column_text][\/vc_column][\/vc_row]<\/p>\n<\/div>","protected":false},"excerpt":{"rendered":"<p>[vc_row 0=\u00bb\u00bb][vc_column 0=\u00bb\u00bb][vc_empty_space 0=\u00bb\u00bb][\/vc_column][\/vc_row][vc_row 0=\u00bb\u00bb][vc_column width=\u00bb1\/3&#8243;][vc_empty_space height=\u00bb10px\u00bb][vc_single_image image=\u00bb24780&#8243; img_size=\u00bblarge\u00bb alignment=\u00bbcenter\u00bb][\/vc_column][vc_column width=\u00bb2\/3&#8243;][vc_column_text el_class=\u00bbbig-title\u00bb]St\u00e9phane Boussuge[\/vc_column_text][vc_column_text 0=\u00bb\u00bb] Jefe Entonador FEURICH en Viena &#8211; Afinador de Conciertos St\u00e9phane Boussuge con su gran habilidad y &#8230;<\/p>\n","protected":false},"author":7,"featured_media":0,"parent":12255,"menu_order":0,"comment_status":"closed","ping_status":"closed","template":"","meta":{"inline_featured_image":false,"footnotes":""},"class_list":["post-12204","page","type-page","status-publish","hentry"],"acf":[],"yoast_head":"<!-- This site is optimized with the Yoast SEO plugin v24.4 - https:\/\/yoast.com\/wordpress\/plugins\/seo\/ -->\n<title>St\u00e9phane Boussouge - FEURICH<\/title>\n<meta name=\"robots\" content=\"index, follow, max-snippet:-1, max-image-preview:large, max-video-preview:-1\" \/>\n<link rel=\"canonical\" href=\"https:\/\/feurich.com\/es\/sobre-nosotros\/grupo-de-expertos\/stephane-boussouge\/\" \/>\n<meta property=\"og:locale\" content=\"es_ES\" \/>\n<meta property=\"og:type\" content=\"article\" \/>\n<meta property=\"og:title\" content=\"St\u00e9phane Boussouge - FEURICH\" \/>\n<meta property=\"og:description\" content=\"[vc_row 0=\u00bb\u00bb][vc_column 0=\u00bb\u00bb][vc_empty_space 0=\u00bb\u00bb][\/vc_column][\/vc_row][vc_row 0=\u00bb\u00bb][vc_column width=\u00bb1\/3&#8243;][vc_empty_space height=\u00bb10px\u00bb][vc_single_image image=\u00bb24780&#8243; img_size=\u00bblarge\u00bb alignment=\u00bbcenter\u00bb][\/vc_column][vc_column width=\u00bb2\/3&#8243;][vc_column_text el_class=\u00bbbig-title\u00bb]St\u00e9phane Boussuge[\/vc_column_text][vc_column_text 0=\u00bb\u00bb] Jefe Entonador FEURICH en Viena &#8211; Afinador de Conciertos St\u00e9phane Boussuge con su gran habilidad y ...\" \/>\n<meta property=\"og:url\" content=\"https:\/\/feurich.com\/es\/sobre-nosotros\/grupo-de-expertos\/stephane-boussouge\/\" \/>\n<meta property=\"og:site_name\" content=\"FEURICH\" \/>\n<meta property=\"article:publisher\" content=\"https:\/\/www.facebook.com\/feurichvienna\/\" \/>\n<meta property=\"article:modified_time\" content=\"2019-06-25T14:51:08+00:00\" \/>\n<meta name=\"twitter:card\" content=\"summary_large_image\" \/>\n<meta name=\"twitter:label1\" content=\"Tiempo de lectura\" \/>\n\t<meta name=\"twitter:data1\" content=\"1 minuto\" \/>\n<script type=\"application\/ld+json\" class=\"yoast-schema-graph\">{\"@context\":\"https:\/\/schema.org\",\"@graph\":[{\"@type\":\"WebPage\",\"@id\":\"https:\/\/feurich.com\/es\/sobre-nosotros\/grupo-de-expertos\/stephane-boussouge\/\",\"url\":\"https:\/\/feurich.com\/es\/sobre-nosotros\/grupo-de-expertos\/stephane-boussouge\/\",\"name\":\"St\u00e9phane Boussouge - FEURICH\",\"isPartOf\":{\"@id\":\"https:\/\/feurich.com\/en\/#website\"},\"datePublished\":\"2018-02-25T11:38:41+00:00\",\"dateModified\":\"2019-06-25T14:51:08+00:00\",\"breadcrumb\":{\"@id\":\"https:\/\/feurich.com\/es\/sobre-nosotros\/grupo-de-expertos\/stephane-boussouge\/#breadcrumb\"},\"inLanguage\":\"es\",\"potentialAction\":[{\"@type\":\"ReadAction\",\"target\":[\"https:\/\/feurich.com\/es\/sobre-nosotros\/grupo-de-expertos\/stephane-boussouge\/\"]}]},{\"@type\":\"BreadcrumbList\",\"@id\":\"https:\/\/feurich.com\/es\/sobre-nosotros\/grupo-de-expertos\/stephane-boussouge\/#breadcrumb\",\"itemListElement\":[{\"@type\":\"ListItem\",\"position\":1,\"name\":\"Home\",\"item\":\"https:\/\/feurich.com\/es\/\"},{\"@type\":\"ListItem\",\"position\":2,\"name\":\"Sobre nosotros\",\"item\":\"https:\/\/feurich.com\/es\/sobre-nosotros\/\"},{\"@type\":\"ListItem\",\"position\":3,\"name\":\"Grupo de expertos\",\"item\":\"https:\/\/feurich.com\/es\/sobre-nosotros\/grupo-de-expertos\/\"},{\"@type\":\"ListItem\",\"position\":4,\"name\":\"St\u00e9phane Boussouge\"}]},{\"@type\":\"WebSite\",\"@id\":\"https:\/\/feurich.com\/en\/#website\",\"url\":\"https:\/\/feurich.com\/en\/\",\"name\":\"FEURICH\",\"description\":\"A sound that connects\",\"publisher\":{\"@id\":\"https:\/\/feurich.com\/en\/#organization\"},\"potentialAction\":[{\"@type\":\"SearchAction\",\"target\":{\"@type\":\"EntryPoint\",\"urlTemplate\":\"https:\/\/feurich.com\/en\/?s={search_term_string}\"},\"query-input\":{\"@type\":\"PropertyValueSpecification\",\"valueRequired\":true,\"valueName\":\"search_term_string\"}}],\"inLanguage\":\"es\"},{\"@type\":\"Organization\",\"@id\":\"https:\/\/feurich.com\/en\/#organization\",\"name\":\"FEURICH\",\"url\":\"https:\/\/feurich.com\/en\/\",\"logo\":{\"@type\":\"ImageObject\",\"inLanguage\":\"es\",\"@id\":\"https:\/\/feurich.com\/en\/#\/schema\/logo\/image\/\",\"url\":\"https:\/\/feurich.com\/wp-content\/uploads\/logo.png\",\"contentUrl\":\"https:\/\/feurich.com\/wp-content\/uploads\/logo.png\",\"width\":354,\"height\":151,\"caption\":\"FEURICH\"},\"image\":{\"@id\":\"https:\/\/feurich.com\/en\/#\/schema\/logo\/image\/\"},\"sameAs\":[\"https:\/\/www.facebook.com\/feurichvienna\/\"]}]}<\/script>\n<!-- \/ Yoast SEO plugin. -->","yoast_head_json":{"title":"St\u00e9phane Boussouge - FEURICH","robots":{"index":"index","follow":"follow","max-snippet":"max-snippet:-1","max-image-preview":"max-image-preview:large","max-video-preview":"max-video-preview:-1"},"canonical":"https:\/\/feurich.com\/es\/sobre-nosotros\/grupo-de-expertos\/stephane-boussouge\/","og_locale":"es_ES","og_type":"article","og_title":"St\u00e9phane Boussouge - FEURICH","og_description":"[vc_row 0=\u00bb\u00bb][vc_column 0=\u00bb\u00bb][vc_empty_space 0=\u00bb\u00bb][\/vc_column][\/vc_row][vc_row 0=\u00bb\u00bb][vc_column width=\u00bb1\/3&#8243;][vc_empty_space height=\u00bb10px\u00bb][vc_single_image image=\u00bb24780&#8243; img_size=\u00bblarge\u00bb alignment=\u00bbcenter\u00bb][\/vc_column][vc_column width=\u00bb2\/3&#8243;][vc_column_text el_class=\u00bbbig-title\u00bb]St\u00e9phane Boussuge[\/vc_column_text][vc_column_text 0=\u00bb\u00bb] Jefe Entonador FEURICH en Viena &#8211; Afinador de Conciertos St\u00e9phane Boussuge con su gran habilidad y ...","og_url":"https:\/\/feurich.com\/es\/sobre-nosotros\/grupo-de-expertos\/stephane-boussouge\/","og_site_name":"FEURICH","article_publisher":"https:\/\/www.facebook.com\/feurichvienna\/","article_modified_time":"2019-06-25T14:51:08+00:00","twitter_card":"summary_large_image","twitter_misc":{"Tiempo de lectura":"1 minuto"},"schema":{"@context":"https:\/\/schema.org","@graph":[{"@type":"WebPage","@id":"https:\/\/feurich.com\/es\/sobre-nosotros\/grupo-de-expertos\/stephane-boussouge\/","url":"https:\/\/feurich.com\/es\/sobre-nosotros\/grupo-de-expertos\/stephane-boussouge\/","name":"St\u00e9phane Boussouge - FEURICH","isPartOf":{"@id":"https:\/\/feurich.com\/en\/#website"},"datePublished":"2018-02-25T11:38:41+00:00","dateModified":"2019-06-25T14:51:08+00:00","breadcrumb":{"@id":"https:\/\/feurich.com\/es\/sobre-nosotros\/grupo-de-expertos\/stephane-boussouge\/#breadcrumb"},"inLanguage":"es","potentialAction":[{"@type":"ReadAction","target":["https:\/\/feurich.com\/es\/sobre-nosotros\/grupo-de-expertos\/stephane-boussouge\/"]}]},{"@type":"BreadcrumbList","@id":"https:\/\/feurich.com\/es\/sobre-nosotros\/grupo-de-expertos\/stephane-boussouge\/#breadcrumb","itemListElement":[{"@type":"ListItem","position":1,"name":"Home","item":"https:\/\/feurich.com\/es\/"},{"@type":"ListItem","position":2,"name":"Sobre nosotros","item":"https:\/\/feurich.com\/es\/sobre-nosotros\/"},{"@type":"ListItem","position":3,"name":"Grupo de expertos","item":"https:\/\/feurich.com\/es\/sobre-nosotros\/grupo-de-expertos\/"},{"@type":"ListItem","position":4,"name":"St\u00e9phane Boussouge"}]},{"@type":"WebSite","@id":"https:\/\/feurich.com\/en\/#website","url":"https:\/\/feurich.com\/en\/","name":"FEURICH","description":"A sound that connects","publisher":{"@id":"https:\/\/feurich.com\/en\/#organization"},"potentialAction":[{"@type":"SearchAction","target":{"@type":"EntryPoint","urlTemplate":"https:\/\/feurich.com\/en\/?s={search_term_string}"},"query-input":{"@type":"PropertyValueSpecification","valueRequired":true,"valueName":"search_term_string"}}],"inLanguage":"es"},{"@type":"Organization","@id":"https:\/\/feurich.com\/en\/#organization","name":"FEURICH","url":"https:\/\/feurich.com\/en\/","logo":{"@type":"ImageObject","inLanguage":"es","@id":"https:\/\/feurich.com\/en\/#\/schema\/logo\/image\/","url":"https:\/\/feurich.com\/wp-content\/uploads\/logo.png","contentUrl":"https:\/\/feurich.com\/wp-content\/uploads\/logo.png","width":354,"height":151,"caption":"FEURICH"},"image":{"@id":"https:\/\/feurich.com\/en\/#\/schema\/logo\/image\/"},"sameAs":["https:\/\/www.facebook.com\/feurichvienna\/"]}]}},"_links":{"self":[{"href":"https:\/\/feurich.com\/es\/wp-json\/wp\/v2\/pages\/12204","targetHints":{"allow":["GET"]}}],"collection":[{"href":"https:\/\/feurich.com\/es\/wp-json\/wp\/v2\/pages"}],"about":[{"href":"https:\/\/feurich.com\/es\/wp-json\/wp\/v2\/types\/page"}],"author":[{"embeddable":true,"href":"https:\/\/feurich.com\/es\/wp-json\/wp\/v2\/users\/7"}],"replies":[{"embeddable":true,"href":"https:\/\/feurich.com\/es\/wp-json\/wp\/v2\/comments?post=12204"}],"version-history":[{"count":8,"href":"https:\/\/feurich.com\/es\/wp-json\/wp\/v2\/pages\/12204\/revisions"}],"predecessor-version":[{"id":24807,"href":"https:\/\/feurich.com\/es\/wp-json\/wp\/v2\/pages\/12204\/revisions\/24807"}],"up":[{"embeddable":true,"href":"https:\/\/feurich.com\/es\/wp-json\/wp\/v2\/pages\/12255"}],"wp:attachment":[{"href":"https:\/\/feurich.com\/es\/wp-json\/wp\/v2\/media?parent=12204"}],"curies":[{"name":"wp","href":"https:\/\/api.w.org\/{rel}","templated":true}]}}