{"id":12202,"date":"2018-02-25T11:16:21","date_gmt":"2018-02-25T11:16:21","guid":{"rendered":"https:\/\/www.feurich.com\/sibin-zlatkovic\/"},"modified":"2018-03-19T16:48:05","modified_gmt":"2018-03-19T16:48:05","slug":"sibin-zlatkovic","status":"publish","type":"page","link":"https:\/\/feurich.com\/es\/sobre-nosotros\/grupo-de-expertos\/sibin-zlatkovic\/","title":{"rendered":"Sibin Zlatkovic"},"content":{"rendered":"<div class=\"wpb-content-wrapper\"><p>[vc_row 0=\u00bb\u00bb][vc_column 0=\u00bb\u00bb][vc_empty_space 0=\u00bb\u00bb][\/vc_column][\/vc_row][vc_row 0=\u00bb\u00bb][vc_column width=\u00bb1\/3&#8243;][vc_single_image image=\u00bb1054&#8243; img_size=\u00bblarge\u00bb][\/vc_column][vc_column width=\u00bb2\/3&#8243;][vc_column_text el_class=\u00bbbig-title\u00bb]Sibin Zlatkovic[\/vc_column_text][vc_column_text 0=\u00bb\u00bb]<\/p>\n<div id=\"gt-src-c\" class=\"g-unit\">\n<div id=\"gt-src-p\">\n<div id=\"gt-src-wrap\" class=\"\"><\/div>\n<div id=\"spelling-correction\" class=\"gt-spell-correct-message\">\n<div class=\"gt-spell-icon\">CHIEF PIANO VOICER &amp; CONCERT TUNER<\/div>\n<div>JEFE ENTONADOR FEURICH &amp; AFINADOR DE CONCIERTOS<\/div>\n<div><\/div>\n<\/div>\n<\/div>\n<\/div>\n<p>Sibin Zlatkovic es responsable a nivel internacional de la educaci\u00f3n y el perfeccionamiento de nuestros t\u00e9cnicos de piano y socios de FEURICH. Junto con J\u00f6rg Wachler y St\u00e9phane Boussuge se sit\u00faa a la cabeza de nuestro equipo responsable del sonido y preparaci\u00f3n de los instrumentos. Su trabajo tiene como meta fundamental el logro del t\u00edpico sonido vien\u00e9s, lleno de matices, din\u00e1mico y de gran duraci\u00f3n.<\/p>\n<p>Sibin Zlatkovic tiene m\u00e1s de 30 a\u00f1os de experiencia en preparaci\u00f3n, mantenimiento y renovaci\u00f3n de pianos y pianos de cola.<\/p>\n<p>Sibin estudi\u00f3 desde 1981 hasta 1984 en la Universidad de M\u00fasica de Belgrado. Desde 1987 fue responsable de la Bosendorfer en Viena, tanto en la construcci\u00f3n como en la preparaci\u00f3n final (afinaci\u00f3n, regulaci\u00f3n y entonaci\u00f3n) de los instrumentos. Al mismo tiempo lleg\u00f3 a ser el punto de contacto de marcas europeas reconocidas como FEURICH, Steinway &amp; Sons, Bechstein, Ehrbar, Grotrian, Petrof e Ibach,\u00a0en temas de asesoramiento y servicio t\u00e9cnico en Austria.<\/p>\n<p>&gt;&gt; volver<br \/>\n[\/vc_column_text][\/vc_column][\/vc_row]<\/p>\n<\/div>","protected":false},"excerpt":{"rendered":"<p>[vc_row 0=\u00bb\u00bb][vc_column 0=\u00bb\u00bb][vc_empty_space 0=\u00bb\u00bb][\/vc_column][\/vc_row][vc_row 0=\u00bb\u00bb][vc_column width=\u00bb1\/3&#8243;][vc_single_image image=\u00bb1054&#8243; img_size=\u00bblarge\u00bb][\/vc_column][vc_column width=\u00bb2\/3&#8243;][vc_column_text el_class=\u00bbbig-title\u00bb]Sibin Zlatkovic[\/vc_column_text][vc_column_text 0=\u00bb\u00bb] CHIEF PIANO VOICER &amp; CONCERT TUNER JEFE ENTONADOR FEURICH &amp; AFINADOR DE CONCIERTOS Sibin Zlatkovic es responsable a &#8230;<\/p>\n","protected":false},"author":7,"featured_media":0,"parent":12255,"menu_order":0,"comment_status":"closed","ping_status":"closed","template":"","meta":{"inline_featured_image":false,"footnotes":""},"class_list":["post-12202","page","type-page","status-publish","hentry"],"acf":[],"yoast_head":"<!-- This site is optimized with the Yoast SEO plugin v24.4 - https:\/\/yoast.com\/wordpress\/plugins\/seo\/ -->\n<title>Sibin Zlatkovic - FEURICH<\/title>\n<meta name=\"robots\" content=\"index, follow, max-snippet:-1, max-image-preview:large, max-video-preview:-1\" \/>\n<link rel=\"canonical\" href=\"https:\/\/feurich.com\/es\/sobre-nosotros\/grupo-de-expertos\/sibin-zlatkovic\/\" \/>\n<meta property=\"og:locale\" content=\"es_ES\" \/>\n<meta property=\"og:type\" content=\"article\" \/>\n<meta property=\"og:title\" content=\"Sibin Zlatkovic - FEURICH\" \/>\n<meta property=\"og:description\" content=\"[vc_row 0=\u00bb\u00bb][vc_column 0=\u00bb\u00bb][vc_empty_space 0=\u00bb\u00bb][\/vc_column][\/vc_row][vc_row 0=\u00bb\u00bb][vc_column width=\u00bb1\/3&#8243;][vc_single_image image=\u00bb1054&#8243; img_size=\u00bblarge\u00bb][\/vc_column][vc_column width=\u00bb2\/3&#8243;][vc_column_text el_class=\u00bbbig-title\u00bb]Sibin Zlatkovic[\/vc_column_text][vc_column_text 0=\u00bb\u00bb] CHIEF PIANO VOICER &amp; CONCERT TUNER JEFE ENTONADOR FEURICH &amp; AFINADOR DE CONCIERTOS Sibin Zlatkovic es responsable a ...\" \/>\n<meta property=\"og:url\" content=\"https:\/\/feurich.com\/es\/sobre-nosotros\/grupo-de-expertos\/sibin-zlatkovic\/\" \/>\n<meta property=\"og:site_name\" content=\"FEURICH\" \/>\n<meta property=\"article:publisher\" content=\"https:\/\/www.facebook.com\/feurichvienna\/\" \/>\n<meta property=\"article:modified_time\" content=\"2018-03-19T16:48:05+00:00\" \/>\n<meta name=\"twitter:card\" content=\"summary_large_image\" \/>\n<meta name=\"twitter:label1\" content=\"Tiempo de lectura\" \/>\n\t<meta name=\"twitter:data1\" content=\"1 minuto\" \/>\n<script type=\"application\/ld+json\" class=\"yoast-schema-graph\">{\"@context\":\"https:\/\/schema.org\",\"@graph\":[{\"@type\":\"WebPage\",\"@id\":\"https:\/\/feurich.com\/es\/sobre-nosotros\/grupo-de-expertos\/sibin-zlatkovic\/\",\"url\":\"https:\/\/feurich.com\/es\/sobre-nosotros\/grupo-de-expertos\/sibin-zlatkovic\/\",\"name\":\"Sibin Zlatkovic - FEURICH\",\"isPartOf\":{\"@id\":\"https:\/\/feurich.com\/en\/#website\"},\"datePublished\":\"2018-02-25T11:16:21+00:00\",\"dateModified\":\"2018-03-19T16:48:05+00:00\",\"breadcrumb\":{\"@id\":\"https:\/\/feurich.com\/es\/sobre-nosotros\/grupo-de-expertos\/sibin-zlatkovic\/#breadcrumb\"},\"inLanguage\":\"es\",\"potentialAction\":[{\"@type\":\"ReadAction\",\"target\":[\"https:\/\/feurich.com\/es\/sobre-nosotros\/grupo-de-expertos\/sibin-zlatkovic\/\"]}]},{\"@type\":\"BreadcrumbList\",\"@id\":\"https:\/\/feurich.com\/es\/sobre-nosotros\/grupo-de-expertos\/sibin-zlatkovic\/#breadcrumb\",\"itemListElement\":[{\"@type\":\"ListItem\",\"position\":1,\"name\":\"Home\",\"item\":\"https:\/\/feurich.com\/es\/\"},{\"@type\":\"ListItem\",\"position\":2,\"name\":\"Sobre nosotros\",\"item\":\"https:\/\/feurich.com\/es\/sobre-nosotros\/\"},{\"@type\":\"ListItem\",\"position\":3,\"name\":\"Grupo de expertos\",\"item\":\"https:\/\/feurich.com\/es\/sobre-nosotros\/grupo-de-expertos\/\"},{\"@type\":\"ListItem\",\"position\":4,\"name\":\"Sibin Zlatkovic\"}]},{\"@type\":\"WebSite\",\"@id\":\"https:\/\/feurich.com\/en\/#website\",\"url\":\"https:\/\/feurich.com\/en\/\",\"name\":\"FEURICH\",\"description\":\"A sound that connects\",\"publisher\":{\"@id\":\"https:\/\/feurich.com\/en\/#organization\"},\"potentialAction\":[{\"@type\":\"SearchAction\",\"target\":{\"@type\":\"EntryPoint\",\"urlTemplate\":\"https:\/\/feurich.com\/en\/?s={search_term_string}\"},\"query-input\":{\"@type\":\"PropertyValueSpecification\",\"valueRequired\":true,\"valueName\":\"search_term_string\"}}],\"inLanguage\":\"es\"},{\"@type\":\"Organization\",\"@id\":\"https:\/\/feurich.com\/en\/#organization\",\"name\":\"FEURICH\",\"url\":\"https:\/\/feurich.com\/en\/\",\"logo\":{\"@type\":\"ImageObject\",\"inLanguage\":\"es\",\"@id\":\"https:\/\/feurich.com\/en\/#\/schema\/logo\/image\/\",\"url\":\"https:\/\/feurich.com\/wp-content\/uploads\/logo.png\",\"contentUrl\":\"https:\/\/feurich.com\/wp-content\/uploads\/logo.png\",\"width\":354,\"height\":151,\"caption\":\"FEURICH\"},\"image\":{\"@id\":\"https:\/\/feurich.com\/en\/#\/schema\/logo\/image\/\"},\"sameAs\":[\"https:\/\/www.facebook.com\/feurichvienna\/\"]}]}<\/script>\n<!-- \/ Yoast SEO plugin. -->","yoast_head_json":{"title":"Sibin Zlatkovic - FEURICH","robots":{"index":"index","follow":"follow","max-snippet":"max-snippet:-1","max-image-preview":"max-image-preview:large","max-video-preview":"max-video-preview:-1"},"canonical":"https:\/\/feurich.com\/es\/sobre-nosotros\/grupo-de-expertos\/sibin-zlatkovic\/","og_locale":"es_ES","og_type":"article","og_title":"Sibin Zlatkovic - FEURICH","og_description":"[vc_row 0=\u00bb\u00bb][vc_column 0=\u00bb\u00bb][vc_empty_space 0=\u00bb\u00bb][\/vc_column][\/vc_row][vc_row 0=\u00bb\u00bb][vc_column width=\u00bb1\/3&#8243;][vc_single_image image=\u00bb1054&#8243; img_size=\u00bblarge\u00bb][\/vc_column][vc_column width=\u00bb2\/3&#8243;][vc_column_text el_class=\u00bbbig-title\u00bb]Sibin Zlatkovic[\/vc_column_text][vc_column_text 0=\u00bb\u00bb] CHIEF PIANO VOICER &amp; CONCERT TUNER JEFE ENTONADOR FEURICH &amp; AFINADOR DE CONCIERTOS Sibin Zlatkovic es responsable a ...","og_url":"https:\/\/feurich.com\/es\/sobre-nosotros\/grupo-de-expertos\/sibin-zlatkovic\/","og_site_name":"FEURICH","article_publisher":"https:\/\/www.facebook.com\/feurichvienna\/","article_modified_time":"2018-03-19T16:48:05+00:00","twitter_card":"summary_large_image","twitter_misc":{"Tiempo de lectura":"1 minuto"},"schema":{"@context":"https:\/\/schema.org","@graph":[{"@type":"WebPage","@id":"https:\/\/feurich.com\/es\/sobre-nosotros\/grupo-de-expertos\/sibin-zlatkovic\/","url":"https:\/\/feurich.com\/es\/sobre-nosotros\/grupo-de-expertos\/sibin-zlatkovic\/","name":"Sibin Zlatkovic - FEURICH","isPartOf":{"@id":"https:\/\/feurich.com\/en\/#website"},"datePublished":"2018-02-25T11:16:21+00:00","dateModified":"2018-03-19T16:48:05+00:00","breadcrumb":{"@id":"https:\/\/feurich.com\/es\/sobre-nosotros\/grupo-de-expertos\/sibin-zlatkovic\/#breadcrumb"},"inLanguage":"es","potentialAction":[{"@type":"ReadAction","target":["https:\/\/feurich.com\/es\/sobre-nosotros\/grupo-de-expertos\/sibin-zlatkovic\/"]}]},{"@type":"BreadcrumbList","@id":"https:\/\/feurich.com\/es\/sobre-nosotros\/grupo-de-expertos\/sibin-zlatkovic\/#breadcrumb","itemListElement":[{"@type":"ListItem","position":1,"name":"Home","item":"https:\/\/feurich.com\/es\/"},{"@type":"ListItem","position":2,"name":"Sobre nosotros","item":"https:\/\/feurich.com\/es\/sobre-nosotros\/"},{"@type":"ListItem","position":3,"name":"Grupo de expertos","item":"https:\/\/feurich.com\/es\/sobre-nosotros\/grupo-de-expertos\/"},{"@type":"ListItem","position":4,"name":"Sibin Zlatkovic"}]},{"@type":"WebSite","@id":"https:\/\/feurich.com\/en\/#website","url":"https:\/\/feurich.com\/en\/","name":"FEURICH","description":"A sound that connects","publisher":{"@id":"https:\/\/feurich.com\/en\/#organization"},"potentialAction":[{"@type":"SearchAction","target":{"@type":"EntryPoint","urlTemplate":"https:\/\/feurich.com\/en\/?s={search_term_string}"},"query-input":{"@type":"PropertyValueSpecification","valueRequired":true,"valueName":"search_term_string"}}],"inLanguage":"es"},{"@type":"Organization","@id":"https:\/\/feurich.com\/en\/#organization","name":"FEURICH","url":"https:\/\/feurich.com\/en\/","logo":{"@type":"ImageObject","inLanguage":"es","@id":"https:\/\/feurich.com\/en\/#\/schema\/logo\/image\/","url":"https:\/\/feurich.com\/wp-content\/uploads\/logo.png","contentUrl":"https:\/\/feurich.com\/wp-content\/uploads\/logo.png","width":354,"height":151,"caption":"FEURICH"},"image":{"@id":"https:\/\/feurich.com\/en\/#\/schema\/logo\/image\/"},"sameAs":["https:\/\/www.facebook.com\/feurichvienna\/"]}]}},"_links":{"self":[{"href":"https:\/\/feurich.com\/es\/wp-json\/wp\/v2\/pages\/12202","targetHints":{"allow":["GET"]}}],"collection":[{"href":"https:\/\/feurich.com\/es\/wp-json\/wp\/v2\/pages"}],"about":[{"href":"https:\/\/feurich.com\/es\/wp-json\/wp\/v2\/types\/page"}],"author":[{"embeddable":true,"href":"https:\/\/feurich.com\/es\/wp-json\/wp\/v2\/users\/7"}],"replies":[{"embeddable":true,"href":"https:\/\/feurich.com\/es\/wp-json\/wp\/v2\/comments?post=12202"}],"version-history":[{"count":7,"href":"https:\/\/feurich.com\/es\/wp-json\/wp\/v2\/pages\/12202\/revisions"}],"predecessor-version":[{"id":13434,"href":"https:\/\/feurich.com\/es\/wp-json\/wp\/v2\/pages\/12202\/revisions\/13434"}],"up":[{"embeddable":true,"href":"https:\/\/feurich.com\/es\/wp-json\/wp\/v2\/pages\/12255"}],"wp:attachment":[{"href":"https:\/\/feurich.com\/es\/wp-json\/wp\/v2\/media?parent=12202"}],"curies":[{"name":"wp","href":"https:\/\/api.w.org\/{rel}","templated":true}]}}