{"id":12181,"date":"2018-02-24T18:38:31","date_gmt":"2018-02-24T18:38:31","guid":{"rendered":"https:\/\/www.feurich.com\/sobre-nosotros\/historia\/"},"modified":"2018-04-02T10:11:18","modified_gmt":"2018-04-02T10:11:18","slug":"historia","status":"publish","type":"page","link":"https:\/\/feurich.com\/es\/sobre-nosotros\/historia\/","title":{"rendered":"Historia"},"content":{"rendered":"<div class=\"wpb-content-wrapper\"><p>[vc_row][vc_column][vc_column_text]<\/p>\n<h2>FEURICH \u2013 marca de tradici\u00f3n<\/h2>\n<p>Durante m\u00e1s de 165 a\u00f1os, FEURICH construye pianos de forma tradicional despertando el entusiasmo, producto de sus innovaciones, en los amantes del piano del mundo entero.[\/vc_column_text][\/vc_column][\/vc_row][vc_row][vc_column width=\u00bb1\/3&#8243;][vc_empty_space height=\u00bb20px\u00bb][vc_single_image image=\u00bb2611&#8243; img_size=\u00bb357&#215;238&#8243;][\/vc_column][vc_column width=\u00bb1\/3&#8243;][vc_empty_space height=\u00bb20px\u00bb][vc_single_image image=\u00bb2607&#8243; img_size=\u00bb357&#215;238&#8243;][\/vc_column][vc_column width=\u00bb1\/3&#8243;][vc_empty_space height=\u00bb20px\u00bb][vc_single_image image=\u00bb2606&#8243; img_size=\u00bb357&#215;238&#8243;][\/vc_column][\/vc_row][vc_row][vc_column][vc_empty_space height=\u00bb20px\u00bb][vc_column_text]<strong>2016<\/strong><br \/>\nEl 21 de junio de 2016, se inaugur\u00f3 el alma central de la historia reciente de FEURICH: la KLAVIER<em>manufaktur<\/em>, f\u00e1brica de pianos FEURICH en el centro de Viena. All\u00ed ser\u00eda constru\u00eddo el primer piano FEURICH \u00abMade in Austria\u00bb: el modelo FEURICH 123 &#8211; Vienna (enlace al producto) que establece nuevos est\u00e1ndares en la construcci\u00f3n del piano, presentando una acci\u00f3n extraordinaria que incluye amplios conceptos t\u00e9cnicos y patentes nunca antes presentes en pianos ac\u00fasticos verticales<\/p>\n<p><strong>2015<\/strong><br \/>\nModernizaci\u00f3n y revisi\u00f3n de todos los pianos verticales y de cola de la producci\u00f3n FEURICH-Ningbo. Mejoras en la mec\u00e1nica permiten un pianissimo altamente sensible, un ataque controlado y una repetici\u00f3n m\u00e1s r\u00e1pida. El ensamblaje es fundamentalmente mejorado, se optimizaron los materiales y se crearon nuevos modelos de cola, el modelo 162 &#8211; Dynamic I (p\u00e1gina de enlace de producto) y el modelo 179 &#8211; Dynamic II (p\u00e1gina de enlace de producto).<\/p>\n<p><strong>2010-2012<\/strong><br \/>\nLos derechos internacionales de la marca FEURICH y de la empresa tradicional misma son asumidos por la empresa vienesa. Una gran preocupaci\u00f3n del nuevo equipo de FEURICH es fortalecer y expandir la tradici\u00f3n europea original en la construcci\u00f3n del piano. Comienza entonces la planificaci\u00f3n de la nueva f\u00e1brica de FEURICH, la KLAVIERmanufaktur (Enlace). A partir de abril de 2010, la direcci\u00f3n t\u00e9cnica y el equipo en Viena se reorganizar\u00e1n y la sede de la compa\u00f1\u00eda se ampliar\u00e1. Bajo el nombre \u00abKLAVIERgalerie\u00bb se consolida el muy apreciado centro musical. Aqu\u00ed se experimenta con todo lo que tenga que ver con el piano. Estas valiosas experiencias fluyen directamente en el desarrollo y la producci\u00f3n de los FEURICH. Numerosas mejoras a los modelos ya conocidos son implementadas para cumplir con los altos est\u00e1ndares de calidad de la marca FEURICH y aumentar a\u00fan m\u00e1s su excelente relaci\u00f3n precio &#8211; calidad.[\/vc_column_text][\/vc_column][\/vc_row][vc_row][vc_column width=\u00bb1\/3&#8243;][vc_empty_space height=\u00bb20px\u00bb][vc_single_image image=\u00bb2624&#8243; img_size=\u00bb357&#215;238&#8243;][\/vc_column][vc_column width=\u00bb1\/3&#8243;][vc_empty_space height=\u00bb20px\u00bb][vc_single_image image=\u00bb6342&#8243; img_size=\u00bb357&#215;238&#8243;][\/vc_column][vc_column width=\u00bb1\/3&#8243;][vc_empty_space height=\u00bb20px\u00bb][vc_single_image image=\u00bb6318&#8243; img_size=\u00bb357&#215;238&#8243;][\/vc_column][\/vc_row][vc_row][vc_column][vc_column_text]<br \/>\n<strong>2003-2010<\/strong><\/p>\n<p>En el 2003, la empresa vienesa comienza su cooperaci\u00f3n con Hailun Piano Co. Ltd. de Ningbo, China, reconocida como la mejor y m\u00e1s sofisticada planta de producci\u00f3n de pianos de China. Gracias a su tecnolog\u00eda de punta capaz de producir la gama completa de piezas necesarias en la construcci\u00f3n de pianos, es proveedor con gran demanda, de las marcas de piano m\u00e1s reconocidas en el mundo.<\/p>\n<p>El compromiso inflexible con la m\u00e1s alta calidad est\u00e1 garantizado por m\u00faltiples controles a lo largo del proceso de fabricaci\u00f3n.<\/p>\n<p>El Modelo 122 &#8211; Universal (Link) fu\u00e9 el primer piano fabricado en su totalidad en las instalaciones de Ningbo y fu\u00e9 galardonado en el a\u00f1o 2007 con el \u00abDiapason d&#8217;or\u00bb en Par\u00eds por raz\u00f3n de su extraordinario sonido. Desde entonces ha sido nuestro best-seller.<\/p>\n<p>Es importante se\u00f1alar que muchos de los excelentes pianos de cola desarrollados all\u00ed durante los \u00faltimos a\u00f1os han sido galardonados por su alta calidad. Gracias a su cuidadosa preparaci\u00f3n y a sus m\u00faltiples innovaciones, estos FEURICH logran opacar con su alto rendimiento otros pianos de cola mucho m\u00e1s costosos.[\/vc_column_text][\/vc_column][\/vc_row][vc_row][vc_column][vc_empty_space height=\u00bb20px\u00bb][vc_column_text]<br \/>\n<strong>FEURICH &#8211; LA MARCA TRADICIONAL E INNOVADORA<\/strong><\/p>\n<p><strong>Durante m\u00e1s de 165 a\u00f1os, FEURICH construye pianos de forma tradicional despertando el entusiasmo, producto de sus innovaciones, en los amantes del piano del mundo entero.<\/strong>[\/vc_column_text][\/vc_column][\/vc_row][vc_row][vc_column width=\u00bb1\/3&#8243;][vc_empty_space height=\u00bb4px\u00bb][vc_empty_space height=\u00bb20px\u00bb][vc_single_image image=\u00bb2604&#8243; alignment=\u00bbcenter\u00bb][\/vc_column][vc_column width=\u00bb2\/3&#8243;][vc_empty_space height=\u00bb20px\u00bb][vc_column_text]<strong>1994<\/strong><br \/>\nDespu\u00e9s de la adquisici\u00f3n de la compa\u00f1\u00eda Euterpe por parte de Bechstein y una posterior recompra de acciones de la compa\u00f1\u00eda, la nueva producci\u00f3n de FEURICH comenz\u00f3 en la empresa R\u00f6nisch, as\u00ed como en el negocio de construcci\u00f3n de piano de Friedrich Steinbauer en Kalbensteinberg. En 1999, toda la producci\u00f3n de FEURICH se traslad\u00f3 al nuevo edificio de la compa\u00f1\u00eda en Gunzenhausen. La alta calificaci\u00f3n de los empleados siempre ha sido un garante de la alta calidad constante de los productos de FEURICH. El excelente car\u00e1cter de sonido es t\u00edpico de los instrumentos de FEURICH hoy como lo era entonces.<\/p>\n<p><strong>1959<\/strong><br \/>\nDespu\u00e9s de la expropiaci\u00f3n obligatoria de la compa\u00f1\u00eda y la fortuna por parte de la RDA, solo hab\u00eda una perspectiva: la emigraci\u00f3n a Alemania Occidental. FEURICH encontr\u00f3 un nuevo hogar y un futuro en Franconia Media. En una asociaci\u00f3n de producci\u00f3n con Euterpe, la producci\u00f3n de FEURICH en Langlau \/ Middle Franconia se ha ampliado constantemente. A finales de la d\u00e9cada de 1970, FEURICH hab\u00eda contratado de nuevo hasta 276 empleados con una producci\u00f3n anual de alrededor de 2000 pianos y 300 pianos de cola.<\/p>\n<p><strong>1911<\/strong><br \/>\nLa segunda planta en Leipzig-Leutzsch fue fundada. Ya 360 empleados producen alrededor de 1000 pianos verticales y 600 pianos de cola por a\u00f1o, que se venden en todo el mundo. Adem\u00e1s de los pa\u00edses europeos, Australia, Chile y Brasil en particular eran mercados de ventas altas. En ese momento, FEURICH era parte del c\u00edrculo de la llamada 5-Series Convention, una cooperaci\u00f3n de los cinco principales fabricantes en Alemania, con el objetivo de proporcionar pianos de concierto de la compa\u00f1\u00eda a pianistas seleccionados de todo el mundo. FEURICH ten\u00eda en ese momento 60 pianos de cola de concierto en los principales escenarios del mundo. S\u00f3lo despu\u00e9s de la guerra lleg\u00f3 a su final esta era dominante, pues dif\u00edcilmente un fabricante alem\u00e1n en situaciones tan adversas, ser\u00eda capaz de ofrecer pianos de cola de concierto.<\/p>\n<p><strong>1851<\/strong><br \/>\nJulius Gustav Feurich, ya en tercera generaci\u00f3n de constructores de pianos y clavecines, fund\u00f3 la f\u00e1brica Pianofortefabrik FEURICH en Leipzig y es el primer fabricante alem\u00e1n en construir el piano vertical con (??????)Unterd\u00e4mpfung under-damper action amortiguaci\u00f3n . No solo estaba muchos a\u00f1os por delante de sus colegas, sino que sent\u00f3 las bases para el poder innovador de la marca. Costos de creaci\u00f3n de la empresa: 1 Marco de oro.[\/vc_column_text][\/vc_column][\/vc_row][vc_row][vc_column width=\u00bb1\/3&#8243;][vc_empty_space height=\u00bb20px\u00bb][vc_single_image image=\u00bb2642&#8243; img_size=\u00bb357&#215;238&#8243;][\/vc_column][vc_column width=\u00bb1\/3&#8243;][vc_empty_space height=\u00bb20px\u00bb][vc_single_image image=\u00bb2603&#8243; img_size=\u00bb357&#215;238&#8243;][\/vc_column][vc_column width=\u00bb1\/3&#8243;][vc_empty_space height=\u00bb20px\u00bb][vc_single_image image=\u00bb2605&#8243; img_size=\u00bb357&#215;238&#8243;][\/vc_column][\/vc_row][vc_row][vc_column][vc_empty_space height=\u00bb42px\u00bb][\/vc_column][\/vc_row]<\/p>\n<\/div>","protected":false},"excerpt":{"rendered":"<p>Durante m\u00e1s de 165 a\u00f1os, FEURICH construye pianos de forma tradicional despertando el entusiasmo, producto de sus innovaciones, en los amantes del piano del mundo entero.<\/p>\n","protected":false},"author":4,"featured_media":0,"parent":12168,"menu_order":0,"comment_status":"closed","ping_status":"closed","template":"template-fullwidth.php","meta":{"inline_featured_image":false,"footnotes":""},"class_list":["post-12181","page","type-page","status-publish","hentry"],"acf":[],"yoast_head":"<!-- This site is optimized with the Yoast SEO plugin v24.4 - https:\/\/yoast.com\/wordpress\/plugins\/seo\/ -->\n<title>Historia - FEURICH<\/title>\n<meta name=\"description\" content=\"Durante m\u00e1s de 165 a\u00f1os, FEURICH construye pianos de forma tradicional despertando el entusiasmo, producto de sus innovaciones, en los amantes del piano del mundo entero.\" \/>\n<meta name=\"robots\" content=\"index, follow, max-snippet:-1, max-image-preview:large, max-video-preview:-1\" \/>\n<link rel=\"canonical\" href=\"https:\/\/feurich.com\/es\/sobre-nosotros\/historia\/\" \/>\n<meta property=\"og:locale\" content=\"es_ES\" \/>\n<meta property=\"og:type\" content=\"article\" \/>\n<meta property=\"og:title\" content=\"Historia - FEURICH\" \/>\n<meta property=\"og:description\" content=\"Durante m\u00e1s de 165 a\u00f1os, FEURICH construye pianos de forma tradicional despertando el entusiasmo, producto de sus innovaciones, en los amantes del piano del mundo entero.\" \/>\n<meta property=\"og:url\" content=\"https:\/\/feurich.com\/es\/sobre-nosotros\/historia\/\" \/>\n<meta property=\"og:site_name\" content=\"FEURICH\" \/>\n<meta property=\"article:publisher\" content=\"https:\/\/www.facebook.com\/feurichvienna\/\" \/>\n<meta property=\"article:modified_time\" content=\"2018-04-02T10:11:18+00:00\" \/>\n<meta name=\"twitter:card\" content=\"summary_large_image\" \/>\n<meta name=\"twitter:label1\" content=\"Tiempo de lectura\" \/>\n\t<meta name=\"twitter:data1\" content=\"6 minutos\" \/>\n<script type=\"application\/ld+json\" class=\"yoast-schema-graph\">{\"@context\":\"https:\/\/schema.org\",\"@graph\":[{\"@type\":\"WebPage\",\"@id\":\"https:\/\/feurich.com\/es\/sobre-nosotros\/historia\/\",\"url\":\"https:\/\/feurich.com\/es\/sobre-nosotros\/historia\/\",\"name\":\"Historia - FEURICH\",\"isPartOf\":{\"@id\":\"https:\/\/feurich.com\/en\/#website\"},\"datePublished\":\"2018-02-24T18:38:31+00:00\",\"dateModified\":\"2018-04-02T10:11:18+00:00\",\"description\":\"Durante m\u00e1s de 165 a\u00f1os, FEURICH construye pianos de forma tradicional despertando el entusiasmo, producto de sus innovaciones, en los amantes del piano del mundo entero.\",\"breadcrumb\":{\"@id\":\"https:\/\/feurich.com\/es\/sobre-nosotros\/historia\/#breadcrumb\"},\"inLanguage\":\"es\",\"potentialAction\":[{\"@type\":\"ReadAction\",\"target\":[\"https:\/\/feurich.com\/es\/sobre-nosotros\/historia\/\"]}]},{\"@type\":\"BreadcrumbList\",\"@id\":\"https:\/\/feurich.com\/es\/sobre-nosotros\/historia\/#breadcrumb\",\"itemListElement\":[{\"@type\":\"ListItem\",\"position\":1,\"name\":\"Home\",\"item\":\"https:\/\/feurich.com\/es\/\"},{\"@type\":\"ListItem\",\"position\":2,\"name\":\"Sobre nosotros\",\"item\":\"https:\/\/feurich.com\/es\/sobre-nosotros\/\"},{\"@type\":\"ListItem\",\"position\":3,\"name\":\"Historia\"}]},{\"@type\":\"WebSite\",\"@id\":\"https:\/\/feurich.com\/en\/#website\",\"url\":\"https:\/\/feurich.com\/en\/\",\"name\":\"FEURICH\",\"description\":\"A sound that connects\",\"publisher\":{\"@id\":\"https:\/\/feurich.com\/en\/#organization\"},\"potentialAction\":[{\"@type\":\"SearchAction\",\"target\":{\"@type\":\"EntryPoint\",\"urlTemplate\":\"https:\/\/feurich.com\/en\/?s={search_term_string}\"},\"query-input\":{\"@type\":\"PropertyValueSpecification\",\"valueRequired\":true,\"valueName\":\"search_term_string\"}}],\"inLanguage\":\"es\"},{\"@type\":\"Organization\",\"@id\":\"https:\/\/feurich.com\/en\/#organization\",\"name\":\"FEURICH\",\"url\":\"https:\/\/feurich.com\/en\/\",\"logo\":{\"@type\":\"ImageObject\",\"inLanguage\":\"es\",\"@id\":\"https:\/\/feurich.com\/en\/#\/schema\/logo\/image\/\",\"url\":\"https:\/\/feurich.com\/wp-content\/uploads\/logo.png\",\"contentUrl\":\"https:\/\/feurich.com\/wp-content\/uploads\/logo.png\",\"width\":354,\"height\":151,\"caption\":\"FEURICH\"},\"image\":{\"@id\":\"https:\/\/feurich.com\/en\/#\/schema\/logo\/image\/\"},\"sameAs\":[\"https:\/\/www.facebook.com\/feurichvienna\/\"]}]}<\/script>\n<!-- \/ Yoast SEO plugin. -->","yoast_head_json":{"title":"Historia - FEURICH","description":"Durante m\u00e1s de 165 a\u00f1os, FEURICH construye pianos de forma tradicional despertando el entusiasmo, producto de sus innovaciones, en los amantes del piano del mundo entero.","robots":{"index":"index","follow":"follow","max-snippet":"max-snippet:-1","max-image-preview":"max-image-preview:large","max-video-preview":"max-video-preview:-1"},"canonical":"https:\/\/feurich.com\/es\/sobre-nosotros\/historia\/","og_locale":"es_ES","og_type":"article","og_title":"Historia - FEURICH","og_description":"Durante m\u00e1s de 165 a\u00f1os, FEURICH construye pianos de forma tradicional despertando el entusiasmo, producto de sus innovaciones, en los amantes del piano del mundo entero.","og_url":"https:\/\/feurich.com\/es\/sobre-nosotros\/historia\/","og_site_name":"FEURICH","article_publisher":"https:\/\/www.facebook.com\/feurichvienna\/","article_modified_time":"2018-04-02T10:11:18+00:00","twitter_card":"summary_large_image","twitter_misc":{"Tiempo de lectura":"6 minutos"},"schema":{"@context":"https:\/\/schema.org","@graph":[{"@type":"WebPage","@id":"https:\/\/feurich.com\/es\/sobre-nosotros\/historia\/","url":"https:\/\/feurich.com\/es\/sobre-nosotros\/historia\/","name":"Historia - FEURICH","isPartOf":{"@id":"https:\/\/feurich.com\/en\/#website"},"datePublished":"2018-02-24T18:38:31+00:00","dateModified":"2018-04-02T10:11:18+00:00","description":"Durante m\u00e1s de 165 a\u00f1os, FEURICH construye pianos de forma tradicional despertando el entusiasmo, producto de sus innovaciones, en los amantes del piano del mundo entero.","breadcrumb":{"@id":"https:\/\/feurich.com\/es\/sobre-nosotros\/historia\/#breadcrumb"},"inLanguage":"es","potentialAction":[{"@type":"ReadAction","target":["https:\/\/feurich.com\/es\/sobre-nosotros\/historia\/"]}]},{"@type":"BreadcrumbList","@id":"https:\/\/feurich.com\/es\/sobre-nosotros\/historia\/#breadcrumb","itemListElement":[{"@type":"ListItem","position":1,"name":"Home","item":"https:\/\/feurich.com\/es\/"},{"@type":"ListItem","position":2,"name":"Sobre nosotros","item":"https:\/\/feurich.com\/es\/sobre-nosotros\/"},{"@type":"ListItem","position":3,"name":"Historia"}]},{"@type":"WebSite","@id":"https:\/\/feurich.com\/en\/#website","url":"https:\/\/feurich.com\/en\/","name":"FEURICH","description":"A sound that connects","publisher":{"@id":"https:\/\/feurich.com\/en\/#organization"},"potentialAction":[{"@type":"SearchAction","target":{"@type":"EntryPoint","urlTemplate":"https:\/\/feurich.com\/en\/?s={search_term_string}"},"query-input":{"@type":"PropertyValueSpecification","valueRequired":true,"valueName":"search_term_string"}}],"inLanguage":"es"},{"@type":"Organization","@id":"https:\/\/feurich.com\/en\/#organization","name":"FEURICH","url":"https:\/\/feurich.com\/en\/","logo":{"@type":"ImageObject","inLanguage":"es","@id":"https:\/\/feurich.com\/en\/#\/schema\/logo\/image\/","url":"https:\/\/feurich.com\/wp-content\/uploads\/logo.png","contentUrl":"https:\/\/feurich.com\/wp-content\/uploads\/logo.png","width":354,"height":151,"caption":"FEURICH"},"image":{"@id":"https:\/\/feurich.com\/en\/#\/schema\/logo\/image\/"},"sameAs":["https:\/\/www.facebook.com\/feurichvienna\/"]}]}},"_links":{"self":[{"href":"https:\/\/feurich.com\/es\/wp-json\/wp\/v2\/pages\/12181","targetHints":{"allow":["GET"]}}],"collection":[{"href":"https:\/\/feurich.com\/es\/wp-json\/wp\/v2\/pages"}],"about":[{"href":"https:\/\/feurich.com\/es\/wp-json\/wp\/v2\/types\/page"}],"author":[{"embeddable":true,"href":"https:\/\/feurich.com\/es\/wp-json\/wp\/v2\/users\/4"}],"replies":[{"embeddable":true,"href":"https:\/\/feurich.com\/es\/wp-json\/wp\/v2\/comments?post=12181"}],"version-history":[{"count":7,"href":"https:\/\/feurich.com\/es\/wp-json\/wp\/v2\/pages\/12181\/revisions"}],"predecessor-version":[{"id":13354,"href":"https:\/\/feurich.com\/es\/wp-json\/wp\/v2\/pages\/12181\/revisions\/13354"}],"up":[{"embeddable":true,"href":"https:\/\/feurich.com\/es\/wp-json\/wp\/v2\/pages\/12168"}],"wp:attachment":[{"href":"https:\/\/feurich.com\/es\/wp-json\/wp\/v2\/media?parent=12181"}],"curies":[{"name":"wp","href":"https:\/\/api.w.org\/{rel}","templated":true}]}}