{"id":12176,"date":"2018-02-24T14:16:13","date_gmt":"2018-02-24T14:16:13","guid":{"rendered":"https:\/\/www.feurich.com\/sobre-nosotros\/bailin-ernest-bittner\/"},"modified":"2018-07-30T20:38:20","modified_gmt":"2018-07-30T20:38:20","slug":"bailin-ernest-bittner","status":"publish","type":"page","link":"https:\/\/feurich.com\/es\/sobre-nosotros\/bailin-ernest-bittner\/","title":{"rendered":"Bailin &amp; Ernest Bittner"},"content":{"rendered":"<div class=\"wpb-content-wrapper\"><p>[vc_row 0=\u00bb\u00bb][vc_column 0=\u00bb\u00bb][vc_empty_space 0=\u00bb\u00bb][vc_column_text el_class=\u00bbbig-title\u00bb]<\/p>\n<p style=\"text-align: center;\">BAILIN &amp; ERNEST BITTNER<\/p>\n<p>[\/vc_column_text][vc_empty_space 0=\u00bb\u00bb height=\u00bb24px\u00bb][\/vc_column][\/vc_row][vc_row 0=\u00bb\u00bb][vc_column width=\u00bb1\/3&#8243;][vc_single_image image=\u00bb2646&#8243; img_size=\u00bblarge\u00bb][vc_empty_space][vc_column_text]<div class=\"wpb_video_widget wpb_content_element  vc_clearfix vc_video-aspect-ratio-43 vc_video-el-width-100 vc_video-align-left\"><div class=\"wpb_wrapper\"><div class=\"wpb_video_wrapper\"><div class=\"fluid-width-video-wrapper\"><iframe src=\"https:\/\/www.youtube.com\/embed\/3SvQuuv7lCc?feature=oembed\" frameborder=\"0\" gesture=\"media\" allow=\"encrypted-media\" allowfullscreen=\"\" class=\"vid-youtube\"><\/iframe><\/div><\/div><\/div><\/div>[\/vc_column_text][vc_empty_space][\/vc_column][vc_column width=\u00bb2\/3&#8243;][vc_column_text 0=\u00bb\u00bb]<\/p>\n<p>&nbsp;<\/p>\n<p><strong>EMPRESA FAMILIAR Y PASI\u00d3N POR LA M\u00daSICA &#8230;<\/strong><\/p>\n<p>Bailin y Ernest se conocen desde sus d\u00edas de colegio, cuando discutieron por el mejor sal\u00f3n de piano en el colegio de m\u00fasica BRG Boerhaavegasse en Viena. Ernest luego estudi\u00f3 composici\u00f3n y saxof\u00f3n en la Universidad de M\u00fasica y Artes Esc\u00e9nicas, Bailin se matricul\u00f3 en la Universidad de Medicina de Viena. Ya durante sus estudios, los dos fundaron en 1997 con amigos el Musikprobe- und Aufnahme-Zentrum \u201et-on\u201c (Ensayo musical y el centro de grabaci\u00f3n \u00abt-on\u00bb) en el Naschmarkt de Viena. Paralelamente Ernest trabaja como afinador de pianos. Al hacerlo, fu\u00e9 testigo de c\u00f3mo los nuevos instrumentos eran inaccesibles para muchas familias y c\u00f3mo se tomaba ventaja de la ignorancia de los compradores en el mercado de pianos usados: el dinero m\u00e1s laboriosamente ahorrado se esfumaba y el sue\u00f1o tener un piano tambi\u00e9n. Esta situaci\u00f3n en la Ciudad de la M\u00fasica molest\u00f3 a ambos y estaban decididos a cambiarla.<\/p>\n<p><strong>TODO PARA EL PIANO PERFECTO &#8230;<\/strong><\/p>\n<p>En 1998, Bailin y Ernest abrieron su primera galer\u00eda de PIANO en la Andreasgasse de Viena, cerca de la Mariahilfer Strasse. En 120 m\u00b2 vendieron pianos usados, baratos y cuidadosamente seleccionados. Luego de su luna de miel en 1999 en Asia, finalmente se dieron cuenta de que quer\u00edan ser \u00abinspirados\u00bb. En su viaje visitaron un total de siete f\u00e1bricas de pianos y numerosas tiendas de pianos. Reconocieron el gran potencial de las producciones de piano en China, a pesar de las enormes variaciones en la calidad debido a la falta de est\u00e1ndares de calidad. Estaban entusiasmados con la idea de llevar el conocimiento europeo a China para crear una simbiosis perfecta entre el conocimiento t\u00e9cnico tradicional y especializado y la producci\u00f3n moderna.<\/p>\n<p><strong>UNA AGUJA EN EL PAJAR &#8230;<\/strong><\/p>\n<p>Se inici\u00f3 la primera cooperaci\u00f3n con una producci\u00f3n estatal de piano chino. Sin embargo, debido a una burocracia complicada y a menudo ejecutivos cambiantes, no se pudo lograr ninguna mejora significativa durante muchos a\u00f1os. La recomendaci\u00f3n de un amigo chino de la familia luego trajo el giro decisivo. Bailin y Ernest se dieron cuenta de un fabricante privado de partes de piano en Ningbo. Ese fue el comienzo de una cooperaci\u00f3n duradera, exitosa e intensa. Los altos est\u00e1ndares de calidad europeos y m\u00e1quinas de precisi\u00f3n de alta tecnolog\u00eda en la f\u00e1brica china constituyen la simbiosis perfecta para construir los pianos de alta calidad a una relaci\u00f3n precio-rendimiento incre\u00edble.<\/p>\n<p><strong>LA CONSTRUCCI\u00d3N DEL PIANO REGRESA A CASA EN VIENA<\/strong><\/p>\n<p>En los \u00faltimos a\u00f1os, Bailin y Ernest han expandido constantemente el equipo t\u00e9cnico internacional de FEURICH y no escatimaron esfuerzos en la implemantaci\u00f3n de intrincadas innovaci\u00f3nes en sus pianos. Con la apertura de KLAVIERmanufaktur en Viena en 2016, Bailin y Ernest han cumplido su sue\u00f1o. Por un lado, porque aqu\u00ed se construye uno de los pianos m\u00e1s innovadores y modernos del mundo y por otro debido al resurgimiento de esta tradici\u00f3n hist\u00f3rica de la ciudad musical de Viena que significa una labor de amor para ellos. Sus dos ni\u00f1os, Ennio y Loreen, est\u00e1n tan entusiasmados con la m\u00fasica como sus padres y se los puede encontrar a diario en la KLAVIERgalerie y en los talleres de FEURICH.<\/p>\n<p>\u00abNuestra visi\u00f3n: Queremos crear pianos con innovaciones significativas llenando de alegr\u00eda a un n\u00famero siempre mayor de amantes de la m\u00fasica due\u00f1os de su propio piano\u00bb (Bailin y Ernest)[\/vc_column_text][\/vc_column][\/vc_row]<\/p>\n<\/div>","protected":false},"excerpt":{"rendered":"<p>Nuestra visi\u00f3n: Queremos crear pianos con innovaciones significativas llenando de alegr\u00eda a un n\u00famero siempre mayor de amantes de la m\u00fasica due\u00f1os de su propio piano!<\/p>\n","protected":false},"author":4,"featured_media":0,"parent":12168,"menu_order":0,"comment_status":"closed","ping_status":"closed","template":"template-fullwidth.php","meta":{"inline_featured_image":false,"footnotes":""},"class_list":["post-12176","page","type-page","status-publish","hentry"],"acf":[],"yoast_head":"<!-- This site is optimized with the Yoast SEO plugin v24.4 - https:\/\/yoast.com\/wordpress\/plugins\/seo\/ -->\n<title>Bailin &amp; Ernest Bittner - FEURICH<\/title>\n<meta name=\"description\" content=\"Nuestra visi\u00f3n: Queremos crear pianos con innovaciones significativas llenando de alegr\u00eda a un n\u00famero siempre mayor de amantes de la m\u00fasica due\u00f1os de su propio piano!\" \/>\n<meta name=\"robots\" content=\"index, follow, max-snippet:-1, max-image-preview:large, max-video-preview:-1\" \/>\n<link rel=\"canonical\" href=\"https:\/\/feurich.com\/es\/sobre-nosotros\/bailin-ernest-bittner\/\" \/>\n<meta property=\"og:locale\" content=\"es_ES\" \/>\n<meta property=\"og:type\" content=\"article\" \/>\n<meta property=\"og:title\" content=\"Bailin &amp; Ernest Bittner - FEURICH\" \/>\n<meta property=\"og:description\" content=\"Nuestra visi\u00f3n: Queremos crear pianos con innovaciones significativas llenando de alegr\u00eda a un n\u00famero siempre mayor de amantes de la m\u00fasica due\u00f1os de su propio piano!\" \/>\n<meta property=\"og:url\" content=\"https:\/\/feurich.com\/es\/sobre-nosotros\/bailin-ernest-bittner\/\" \/>\n<meta property=\"og:site_name\" content=\"FEURICH\" \/>\n<meta property=\"article:publisher\" content=\"https:\/\/www.facebook.com\/feurichvienna\/\" \/>\n<meta property=\"article:modified_time\" content=\"2018-07-30T20:38:20+00:00\" \/>\n<meta name=\"twitter:card\" content=\"summary_large_image\" \/>\n<meta name=\"twitter:label1\" content=\"Tiempo de lectura\" \/>\n\t<meta name=\"twitter:data1\" content=\"3 minutos\" \/>\n<script type=\"application\/ld+json\" class=\"yoast-schema-graph\">{\"@context\":\"https:\/\/schema.org\",\"@graph\":[{\"@type\":\"WebPage\",\"@id\":\"https:\/\/feurich.com\/es\/sobre-nosotros\/bailin-ernest-bittner\/\",\"url\":\"https:\/\/feurich.com\/es\/sobre-nosotros\/bailin-ernest-bittner\/\",\"name\":\"Bailin &amp; Ernest Bittner - FEURICH\",\"isPartOf\":{\"@id\":\"https:\/\/feurich.com\/en\/#website\"},\"datePublished\":\"2018-02-24T14:16:13+00:00\",\"dateModified\":\"2018-07-30T20:38:20+00:00\",\"description\":\"Nuestra visi\u00f3n: Queremos crear pianos con innovaciones significativas llenando de alegr\u00eda a un n\u00famero siempre mayor de amantes de la m\u00fasica due\u00f1os de su propio piano!\",\"breadcrumb\":{\"@id\":\"https:\/\/feurich.com\/es\/sobre-nosotros\/bailin-ernest-bittner\/#breadcrumb\"},\"inLanguage\":\"es\",\"potentialAction\":[{\"@type\":\"ReadAction\",\"target\":[\"https:\/\/feurich.com\/es\/sobre-nosotros\/bailin-ernest-bittner\/\"]}]},{\"@type\":\"BreadcrumbList\",\"@id\":\"https:\/\/feurich.com\/es\/sobre-nosotros\/bailin-ernest-bittner\/#breadcrumb\",\"itemListElement\":[{\"@type\":\"ListItem\",\"position\":1,\"name\":\"Home\",\"item\":\"https:\/\/feurich.com\/es\/\"},{\"@type\":\"ListItem\",\"position\":2,\"name\":\"Sobre nosotros\",\"item\":\"https:\/\/feurich.com\/es\/sobre-nosotros\/\"},{\"@type\":\"ListItem\",\"position\":3,\"name\":\"Bailin &amp; Ernest Bittner\"}]},{\"@type\":\"WebSite\",\"@id\":\"https:\/\/feurich.com\/en\/#website\",\"url\":\"https:\/\/feurich.com\/en\/\",\"name\":\"FEURICH\",\"description\":\"A sound that connects\",\"publisher\":{\"@id\":\"https:\/\/feurich.com\/en\/#organization\"},\"potentialAction\":[{\"@type\":\"SearchAction\",\"target\":{\"@type\":\"EntryPoint\",\"urlTemplate\":\"https:\/\/feurich.com\/en\/?s={search_term_string}\"},\"query-input\":{\"@type\":\"PropertyValueSpecification\",\"valueRequired\":true,\"valueName\":\"search_term_string\"}}],\"inLanguage\":\"es\"},{\"@type\":\"Organization\",\"@id\":\"https:\/\/feurich.com\/en\/#organization\",\"name\":\"FEURICH\",\"url\":\"https:\/\/feurich.com\/en\/\",\"logo\":{\"@type\":\"ImageObject\",\"inLanguage\":\"es\",\"@id\":\"https:\/\/feurich.com\/en\/#\/schema\/logo\/image\/\",\"url\":\"https:\/\/feurich.com\/wp-content\/uploads\/logo.png\",\"contentUrl\":\"https:\/\/feurich.com\/wp-content\/uploads\/logo.png\",\"width\":354,\"height\":151,\"caption\":\"FEURICH\"},\"image\":{\"@id\":\"https:\/\/feurich.com\/en\/#\/schema\/logo\/image\/\"},\"sameAs\":[\"https:\/\/www.facebook.com\/feurichvienna\/\"]}]}<\/script>\n<!-- \/ Yoast SEO plugin. -->","yoast_head_json":{"title":"Bailin &amp; Ernest Bittner - FEURICH","description":"Nuestra visi\u00f3n: Queremos crear pianos con innovaciones significativas llenando de alegr\u00eda a un n\u00famero siempre mayor de amantes de la m\u00fasica due\u00f1os de su propio piano!","robots":{"index":"index","follow":"follow","max-snippet":"max-snippet:-1","max-image-preview":"max-image-preview:large","max-video-preview":"max-video-preview:-1"},"canonical":"https:\/\/feurich.com\/es\/sobre-nosotros\/bailin-ernest-bittner\/","og_locale":"es_ES","og_type":"article","og_title":"Bailin &amp; Ernest Bittner - FEURICH","og_description":"Nuestra visi\u00f3n: Queremos crear pianos con innovaciones significativas llenando de alegr\u00eda a un n\u00famero siempre mayor de amantes de la m\u00fasica due\u00f1os de su propio piano!","og_url":"https:\/\/feurich.com\/es\/sobre-nosotros\/bailin-ernest-bittner\/","og_site_name":"FEURICH","article_publisher":"https:\/\/www.facebook.com\/feurichvienna\/","article_modified_time":"2018-07-30T20:38:20+00:00","twitter_card":"summary_large_image","twitter_misc":{"Tiempo de lectura":"3 minutos"},"schema":{"@context":"https:\/\/schema.org","@graph":[{"@type":"WebPage","@id":"https:\/\/feurich.com\/es\/sobre-nosotros\/bailin-ernest-bittner\/","url":"https:\/\/feurich.com\/es\/sobre-nosotros\/bailin-ernest-bittner\/","name":"Bailin &amp; Ernest Bittner - FEURICH","isPartOf":{"@id":"https:\/\/feurich.com\/en\/#website"},"datePublished":"2018-02-24T14:16:13+00:00","dateModified":"2018-07-30T20:38:20+00:00","description":"Nuestra visi\u00f3n: Queremos crear pianos con innovaciones significativas llenando de alegr\u00eda a un n\u00famero siempre mayor de amantes de la m\u00fasica due\u00f1os de su propio piano!","breadcrumb":{"@id":"https:\/\/feurich.com\/es\/sobre-nosotros\/bailin-ernest-bittner\/#breadcrumb"},"inLanguage":"es","potentialAction":[{"@type":"ReadAction","target":["https:\/\/feurich.com\/es\/sobre-nosotros\/bailin-ernest-bittner\/"]}]},{"@type":"BreadcrumbList","@id":"https:\/\/feurich.com\/es\/sobre-nosotros\/bailin-ernest-bittner\/#breadcrumb","itemListElement":[{"@type":"ListItem","position":1,"name":"Home","item":"https:\/\/feurich.com\/es\/"},{"@type":"ListItem","position":2,"name":"Sobre nosotros","item":"https:\/\/feurich.com\/es\/sobre-nosotros\/"},{"@type":"ListItem","position":3,"name":"Bailin &amp; Ernest Bittner"}]},{"@type":"WebSite","@id":"https:\/\/feurich.com\/en\/#website","url":"https:\/\/feurich.com\/en\/","name":"FEURICH","description":"A sound that connects","publisher":{"@id":"https:\/\/feurich.com\/en\/#organization"},"potentialAction":[{"@type":"SearchAction","target":{"@type":"EntryPoint","urlTemplate":"https:\/\/feurich.com\/en\/?s={search_term_string}"},"query-input":{"@type":"PropertyValueSpecification","valueRequired":true,"valueName":"search_term_string"}}],"inLanguage":"es"},{"@type":"Organization","@id":"https:\/\/feurich.com\/en\/#organization","name":"FEURICH","url":"https:\/\/feurich.com\/en\/","logo":{"@type":"ImageObject","inLanguage":"es","@id":"https:\/\/feurich.com\/en\/#\/schema\/logo\/image\/","url":"https:\/\/feurich.com\/wp-content\/uploads\/logo.png","contentUrl":"https:\/\/feurich.com\/wp-content\/uploads\/logo.png","width":354,"height":151,"caption":"FEURICH"},"image":{"@id":"https:\/\/feurich.com\/en\/#\/schema\/logo\/image\/"},"sameAs":["https:\/\/www.facebook.com\/feurichvienna\/"]}]}},"_links":{"self":[{"href":"https:\/\/feurich.com\/es\/wp-json\/wp\/v2\/pages\/12176","targetHints":{"allow":["GET"]}}],"collection":[{"href":"https:\/\/feurich.com\/es\/wp-json\/wp\/v2\/pages"}],"about":[{"href":"https:\/\/feurich.com\/es\/wp-json\/wp\/v2\/types\/page"}],"author":[{"embeddable":true,"href":"https:\/\/feurich.com\/es\/wp-json\/wp\/v2\/users\/4"}],"replies":[{"embeddable":true,"href":"https:\/\/feurich.com\/es\/wp-json\/wp\/v2\/comments?post=12176"}],"version-history":[{"count":5,"href":"https:\/\/feurich.com\/es\/wp-json\/wp\/v2\/pages\/12176\/revisions"}],"predecessor-version":[{"id":19622,"href":"https:\/\/feurich.com\/es\/wp-json\/wp\/v2\/pages\/12176\/revisions\/19622"}],"up":[{"embeddable":true,"href":"https:\/\/feurich.com\/es\/wp-json\/wp\/v2\/pages\/12168"}],"wp:attachment":[{"href":"https:\/\/feurich.com\/es\/wp-json\/wp\/v2\/media?parent=12176"}],"curies":[{"name":"wp","href":"https:\/\/api.w.org\/{rel}","templated":true}]}}