{"id":12168,"date":"2018-02-24T12:57:16","date_gmt":"2018-02-24T12:57:16","guid":{"rendered":"https:\/\/www.feurich.com\/sobre-nosotros\/"},"modified":"2018-07-02T16:27:26","modified_gmt":"2018-07-02T16:27:26","slug":"sobre-nosotros","status":"publish","type":"page","link":"https:\/\/feurich.com\/es\/sobre-nosotros\/","title":{"rendered":"Sobre nosotros"},"content":{"rendered":"<div class=\"wpb-content-wrapper\"><p>[vc_row][vc_column][rev_slider_vc alias=\u00bbteam-sl\u00bb][\/vc_column][\/vc_row][vc_row][vc_column width=\u00bb1\/6&#8243;][\/vc_column][vc_column width=\u00bb2\/3&#8243;][vc_empty_space height=\u00bb24px\u00bb][vc_column_text el_class=\u00bbbig-title\u00bb]<\/p>\n<p style=\"text-align: center\">SOBRE NOSOTROS<\/p>\n<p>[\/vc_column_text][vc_empty_space height=\u00bb24px\u00bb][vc_column_text]<span style=\"font-size: 14pt\">\u00bfC\u00f3mo lleg\u00f3 la prestigiosa marca FEURICH a reubicarse Viena, la ciudad de la M\u00fasica? \u00bfQui\u00e9nes son las personas detr\u00e1s de esta nueva organizaci\u00f3n? \u00bfY qui\u00e9n ha desarrollado todas las innovaciones en los \u00faltimos a\u00f1os? Echa un vistazo entre bastidores y ven a conocernos.<\/span>[\/vc_column_text][vc_empty_space height=\u00bb24px\u00bb][\/vc_column][vc_column width=\u00bb1\/6&#8243;][\/vc_column][\/vc_row][vc_row][vc_column width=\u00bb1\/3&#8243;][vc_single_image image=\u00bb2207&#8243; img_size=\u00bb350&#215;240&#8243; alignment=\u00bbcenter\u00bb onclick=\u00bbcustom_link\u00bb link=\u00bb?page_id=12255&#8243;][vc_column_text el_class=\u00bbproducts-title\u00bb]<a class=\"mega-menu-link\" href=\"?page_id=12255\">Grupo de expertos<\/a>[\/vc_column_text][vc_column_text]Nuestros expertos provienen de diferentes pa\u00edses. Nuestros mejores cerebros al igual que todo nuestro equipo FEURICH trabaja con gran dedicaci\u00f3n y pasi\u00f3n sin igual para construir los mejores pianos.[\/vc_column_text][\/vc_column][vc_column width=\u00bb1\/3&#8243;][vc_single_image image=\u00bb660&#8243; img_size=\u00bb350&#215;240&#8243; alignment=\u00bbcenter\u00bb onclick=\u00bbcustom_link\u00bb link=\u00bb?page_id=12176&#8243;][vc_column_text el_class=\u00bbproducts-title\u00bb]<a class=\"mega-menu-link\" href=\"?page_id=12176\">Bailin &amp; Ernest Bittner<\/a>[\/vc_column_text][vc_column_text]El amor por la m\u00fasica y su aspiraci\u00f3n a mejorar siempre su calidad e implementar innovaciones en los pianos, une a esta gran pareja, responsable de la reorientaci\u00f3n de la marca tradicional FEURICH.[\/vc_column_text][\/vc_column][vc_column width=\u00bb1\/3&#8243;][vc_single_image image=\u00bb2063&#8243; img_size=\u00bb350&#215;240&#8243; alignment=\u00bbcenter\u00bb onclick=\u00bbcustom_link\u00bb link=\u00bb?page_id=12181&#8243;][vc_column_text el_class=\u00bbproducts-title\u00bb]<a class=\"mega-menu-link\" href=\"?page_id=12181\">Historia<\/a>[\/vc_column_text][vc_column_text]Desde su fundaci\u00f3n en 1851 hasta su tralado a Viena, pasando por el desarrollo de innovaciones revolucionarias: aqu\u00ed le contamos sobre la fascinante historia de FEURICH.[\/vc_column_text][\/vc_column][\/vc_row][vc_row][vc_column][vc_empty_space height=\u00bb52px\u00bb][\/vc_column][\/vc_row]<\/p>\n<\/div>","protected":false},"excerpt":{"rendered":"<p>\u00bfPor qu\u00e9 se traslad\u00f3 la prestigiosa marca tradicional FEURICH a Viena, la ciudad de la m\u00fasica? \u00bfY qui\u00e9n ha desarrollado todas las innovaciones en los \u00faltimos a\u00f1os?<\/p>\n","protected":false},"author":4,"featured_media":0,"parent":0,"menu_order":0,"comment_status":"closed","ping_status":"closed","template":"template-fullwidth.php","meta":{"inline_featured_image":false,"footnotes":""},"class_list":["post-12168","page","type-page","status-publish","hentry"],"acf":[],"yoast_head":"<!-- This site is optimized with the Yoast SEO plugin v24.4 - https:\/\/yoast.com\/wordpress\/plugins\/seo\/ -->\n<title>Sobre nosotros - FEURICH<\/title>\n<meta name=\"robots\" content=\"index, follow, max-snippet:-1, max-image-preview:large, max-video-preview:-1\" \/>\n<link rel=\"canonical\" href=\"https:\/\/feurich.com\/es\/sobre-nosotros\/\" \/>\n<meta property=\"og:locale\" content=\"es_ES\" \/>\n<meta property=\"og:type\" content=\"article\" \/>\n<meta property=\"og:title\" content=\"Sobre nosotros - FEURICH\" \/>\n<meta property=\"og:description\" content=\"\u00bfPor qu\u00e9 se traslad\u00f3 la prestigiosa marca tradicional FEURICH a Viena, la ciudad de la m\u00fasica? \u00bfY qui\u00e9n ha desarrollado todas las innovaciones en los \u00faltimos a\u00f1os?\" \/>\n<meta property=\"og:url\" content=\"https:\/\/feurich.com\/es\/sobre-nosotros\/\" \/>\n<meta property=\"og:site_name\" content=\"FEURICH\" \/>\n<meta property=\"article:publisher\" content=\"https:\/\/www.facebook.com\/feurichvienna\/\" \/>\n<meta property=\"article:modified_time\" content=\"2018-07-02T16:27:26+00:00\" \/>\n<meta name=\"twitter:card\" content=\"summary_large_image\" \/>\n<meta name=\"twitter:label1\" content=\"Tiempo de lectura\" \/>\n\t<meta name=\"twitter:data1\" content=\"2 minutos\" \/>\n<script type=\"application\/ld+json\" class=\"yoast-schema-graph\">{\"@context\":\"https:\/\/schema.org\",\"@graph\":[{\"@type\":\"WebPage\",\"@id\":\"https:\/\/feurich.com\/es\/sobre-nosotros\/\",\"url\":\"https:\/\/feurich.com\/es\/sobre-nosotros\/\",\"name\":\"Sobre nosotros - FEURICH\",\"isPartOf\":{\"@id\":\"https:\/\/feurich.com\/en\/#website\"},\"datePublished\":\"2018-02-24T12:57:16+00:00\",\"dateModified\":\"2018-07-02T16:27:26+00:00\",\"breadcrumb\":{\"@id\":\"https:\/\/feurich.com\/es\/sobre-nosotros\/#breadcrumb\"},\"inLanguage\":\"es\",\"potentialAction\":[{\"@type\":\"ReadAction\",\"target\":[\"https:\/\/feurich.com\/es\/sobre-nosotros\/\"]}]},{\"@type\":\"BreadcrumbList\",\"@id\":\"https:\/\/feurich.com\/es\/sobre-nosotros\/#breadcrumb\",\"itemListElement\":[{\"@type\":\"ListItem\",\"position\":1,\"name\":\"Home\",\"item\":\"https:\/\/feurich.com\/es\/\"},{\"@type\":\"ListItem\",\"position\":2,\"name\":\"Sobre nosotros\"}]},{\"@type\":\"WebSite\",\"@id\":\"https:\/\/feurich.com\/en\/#website\",\"url\":\"https:\/\/feurich.com\/en\/\",\"name\":\"FEURICH\",\"description\":\"A sound that connects\",\"publisher\":{\"@id\":\"https:\/\/feurich.com\/en\/#organization\"},\"potentialAction\":[{\"@type\":\"SearchAction\",\"target\":{\"@type\":\"EntryPoint\",\"urlTemplate\":\"https:\/\/feurich.com\/en\/?s={search_term_string}\"},\"query-input\":{\"@type\":\"PropertyValueSpecification\",\"valueRequired\":true,\"valueName\":\"search_term_string\"}}],\"inLanguage\":\"es\"},{\"@type\":\"Organization\",\"@id\":\"https:\/\/feurich.com\/en\/#organization\",\"name\":\"FEURICH\",\"url\":\"https:\/\/feurich.com\/en\/\",\"logo\":{\"@type\":\"ImageObject\",\"inLanguage\":\"es\",\"@id\":\"https:\/\/feurich.com\/en\/#\/schema\/logo\/image\/\",\"url\":\"https:\/\/feurich.com\/wp-content\/uploads\/logo.png\",\"contentUrl\":\"https:\/\/feurich.com\/wp-content\/uploads\/logo.png\",\"width\":354,\"height\":151,\"caption\":\"FEURICH\"},\"image\":{\"@id\":\"https:\/\/feurich.com\/en\/#\/schema\/logo\/image\/\"},\"sameAs\":[\"https:\/\/www.facebook.com\/feurichvienna\/\"]}]}<\/script>\n<!-- \/ Yoast SEO plugin. -->","yoast_head_json":{"title":"Sobre nosotros - FEURICH","robots":{"index":"index","follow":"follow","max-snippet":"max-snippet:-1","max-image-preview":"max-image-preview:large","max-video-preview":"max-video-preview:-1"},"canonical":"https:\/\/feurich.com\/es\/sobre-nosotros\/","og_locale":"es_ES","og_type":"article","og_title":"Sobre nosotros - FEURICH","og_description":"\u00bfPor qu\u00e9 se traslad\u00f3 la prestigiosa marca tradicional FEURICH a Viena, la ciudad de la m\u00fasica? \u00bfY qui\u00e9n ha desarrollado todas las innovaciones en los \u00faltimos a\u00f1os?","og_url":"https:\/\/feurich.com\/es\/sobre-nosotros\/","og_site_name":"FEURICH","article_publisher":"https:\/\/www.facebook.com\/feurichvienna\/","article_modified_time":"2018-07-02T16:27:26+00:00","twitter_card":"summary_large_image","twitter_misc":{"Tiempo de lectura":"2 minutos"},"schema":{"@context":"https:\/\/schema.org","@graph":[{"@type":"WebPage","@id":"https:\/\/feurich.com\/es\/sobre-nosotros\/","url":"https:\/\/feurich.com\/es\/sobre-nosotros\/","name":"Sobre nosotros - FEURICH","isPartOf":{"@id":"https:\/\/feurich.com\/en\/#website"},"datePublished":"2018-02-24T12:57:16+00:00","dateModified":"2018-07-02T16:27:26+00:00","breadcrumb":{"@id":"https:\/\/feurich.com\/es\/sobre-nosotros\/#breadcrumb"},"inLanguage":"es","potentialAction":[{"@type":"ReadAction","target":["https:\/\/feurich.com\/es\/sobre-nosotros\/"]}]},{"@type":"BreadcrumbList","@id":"https:\/\/feurich.com\/es\/sobre-nosotros\/#breadcrumb","itemListElement":[{"@type":"ListItem","position":1,"name":"Home","item":"https:\/\/feurich.com\/es\/"},{"@type":"ListItem","position":2,"name":"Sobre nosotros"}]},{"@type":"WebSite","@id":"https:\/\/feurich.com\/en\/#website","url":"https:\/\/feurich.com\/en\/","name":"FEURICH","description":"A sound that connects","publisher":{"@id":"https:\/\/feurich.com\/en\/#organization"},"potentialAction":[{"@type":"SearchAction","target":{"@type":"EntryPoint","urlTemplate":"https:\/\/feurich.com\/en\/?s={search_term_string}"},"query-input":{"@type":"PropertyValueSpecification","valueRequired":true,"valueName":"search_term_string"}}],"inLanguage":"es"},{"@type":"Organization","@id":"https:\/\/feurich.com\/en\/#organization","name":"FEURICH","url":"https:\/\/feurich.com\/en\/","logo":{"@type":"ImageObject","inLanguage":"es","@id":"https:\/\/feurich.com\/en\/#\/schema\/logo\/image\/","url":"https:\/\/feurich.com\/wp-content\/uploads\/logo.png","contentUrl":"https:\/\/feurich.com\/wp-content\/uploads\/logo.png","width":354,"height":151,"caption":"FEURICH"},"image":{"@id":"https:\/\/feurich.com\/en\/#\/schema\/logo\/image\/"},"sameAs":["https:\/\/www.facebook.com\/feurichvienna\/"]}]}},"_links":{"self":[{"href":"https:\/\/feurich.com\/es\/wp-json\/wp\/v2\/pages\/12168","targetHints":{"allow":["GET"]}}],"collection":[{"href":"https:\/\/feurich.com\/es\/wp-json\/wp\/v2\/pages"}],"about":[{"href":"https:\/\/feurich.com\/es\/wp-json\/wp\/v2\/types\/page"}],"author":[{"embeddable":true,"href":"https:\/\/feurich.com\/es\/wp-json\/wp\/v2\/users\/4"}],"replies":[{"embeddable":true,"href":"https:\/\/feurich.com\/es\/wp-json\/wp\/v2\/comments?post=12168"}],"version-history":[{"count":33,"href":"https:\/\/feurich.com\/es\/wp-json\/wp\/v2\/pages\/12168\/revisions"}],"predecessor-version":[{"id":18657,"href":"https:\/\/feurich.com\/es\/wp-json\/wp\/v2\/pages\/12168\/revisions\/18657"}],"wp:attachment":[{"href":"https:\/\/feurich.com\/es\/wp-json\/wp\/v2\/media?parent=12168"}],"curies":[{"name":"wp","href":"https:\/\/api.w.org\/{rel}","templated":true}]}}