{"id":12161,"date":"2018-02-24T11:43:34","date_gmt":"2018-02-24T11:43:34","guid":{"rendered":"https:\/\/www.feurich.com\/productos\/classic-pianos\/piano-de-cola-mod-162-dynamic-i\/"},"modified":"2019-02-06T12:33:03","modified_gmt":"2019-02-06T12:33:03","slug":"piano-de-cola-mod-162-dynamic-i","status":"publish","type":"page","link":"https:\/\/feurich.com\/es\/productos\/classic-pianos\/piano-de-cola-mod-162-dynamic-i\/","title":{"rendered":"Piano de cola Mod. 162 \u2013 Dynamic I"},"content":{"rendered":"<div class=\"wpb-content-wrapper\"><p>[vc_row full_width=\u00bbstretch_row_content_no_spaces\u00bb][vc_column][vc_column_text el_class=\u00bbno-bottom-margin\u00bb]<ul class=\"piano-menu\" page-id=\"12129\"><li class=\"piano-menu-item\"><a class=\"piano-menu-link \" href=\"https:\/\/feurich.com\/es\/productos\/classic-pianos\/piano-mod-115-premiere\/\">115 \u2013 Premiere<\/a><\/li><li class=\"piano-menu-item\"><a class=\"piano-menu-link \" href=\"https:\/\/feurich.com\/es\/productos\/classic-pianos\/piano-mod-122-universal\/\">122 \u2013 Universal<\/a><\/li><li class=\"piano-menu-item\"><a class=\"piano-menu-link \" href=\"https:\/\/feurich.com\/es\/productos\/classic-pianos\/piano-mod-125-design\/\">125 \u2013 Design<\/a><\/li><li class=\"piano-menu-item\"><a class=\"piano-menu-link \" href=\"https:\/\/feurich.com\/es\/productos\/classic-pianos\/piano-mod-133-concert\/\">133 \u2013 Concert<\/a><\/li><li class=\"piano-menu-item\"><a class=\"piano-menu-link piano-menu-link-active\" href=\"https:\/\/feurich.com\/es\/productos\/classic-pianos\/piano-de-cola-mod-162-dynamic-i\/\">162 \u2013 Dynamic I<\/a><\/li><li class=\"piano-menu-item\"><a class=\"piano-menu-link \" href=\"https:\/\/feurich.com\/es\/productos\/classic-pianos\/179-dynamic-ii\/\">179 \u2013 Dynamic II<\/a><\/li><li class=\"piano-menu-item\"><a class=\"piano-menu-link \" href=\"https:\/\/feurich.com\/es\/productos\/classic-pianos\/piano-de-cola-218-concert-i\/\">218 \u2013 Concert I<\/a><\/li><\/ul>[\/vc_column_text][vc_column_text]<div class=\"as-styles-warning\" style=\"width: 450px; background-color: #FFF; color: #F00; border: 1px solid #F00; padding: 10px; font-size: 14px;\">\n\t\t\t<span style=\"font-weight: bold;\">Warning: The stylesheets were not loaded!<\/span> \n\t\t\tYou will need to change the <i>Load stylesheets<\/i> setting from <i>Automatically<\/i> to <i>On homepage<\/i> or <i>On all pages<\/i>. \n\t\t\tYou can set that <a style=\"text-decoration: underline; color: #F00;\" href=\"https:\/\/feurich.com\/wp-admin\/admin.php?page=accordion-slider-lite-settings\">here<\/a>.\n\t\t\t<\/div>\r\n<div id=\"accordion-slider-13\" class=\"accordion-slider as-no-js\" style=\"width: 100%px; height: 440px;\">\r\n\t<div class=\"as-panels\">\r\n\t\t\r\n\t\t<div class=\"as-panel\">\r\n\t\t\t<img loading=\"lazy\" decoding=\"async\" class=\"as-background\" src=\"\/wp-content\/uploads\/FEURICH-Mod.-162-Dynamic-I-LED.jpg\" alt=\"FEURICH, Mod. 162 Dynamic I, LED\" title=\"FEURICH, Mod. 162 Dynamic I, LED\" width=\"660\" height=\"440\" \/>\r\n\t\t<\/div>\r\n\t\t<div class=\"as-panel\">\r\n\t\t\t<img loading=\"lazy\" decoding=\"async\" class=\"as-background\" src=\"\/wp-content\/uploads\/FERUICH-Mod.-162-Dynamic-I-Angelo-Wang.jpg\" alt=\"FERUICH, Mod. 162 Dynamic I, Angelo Wang\" title=\"FERUICH, Mod. 162 Dynamic I, Angelo Wang\" width=\"601\" height=\"400\" \/>\r\n\t\t<\/div>\r\n\t\t<div class=\"as-panel\">\r\n\t\t\t<img loading=\"lazy\" decoding=\"async\" class=\"as-background\" src=\"\/wp-content\/uploads\/FEURICH-Mod.-162-Dynamic-I-Gr\u00fcnbichler_Jabr_Saleh_\u00a9Georg-Cizek-Graf.jpg\" alt=\"FEURICH, Mod. 162 Dynamic I, Gr\u00fcnbichler_Jabr_Saleh_\u00a9Georg Cizek-Graf\" title=\"FEURICH, Mod. 162 Dynamic I, Gr\u00fcnbichler_Jabr_Saleh_\u00a9Georg Cizek-Graf\" width=\"587\" height=\"440\" \/>\r\n\t\t<\/div>\r\n\t\t<div class=\"as-panel\">\r\n\t\t\t<img loading=\"lazy\" decoding=\"async\" class=\"as-background\" src=\"\/wp-content\/uploads\/FEURICH-Mod.-162-Dynamic-I-sound-board-1.jpg\" alt=\"FEURICH, Mod. 162 Dynamic I, sound board\" title=\"FEURICH, Mod. 162 Dynamic I, sound board\" width=\"660\" height=\"440\" \/>\r\n\t\t<\/div>\r\n\t\t<div class=\"as-panel\">\r\n\t\t\t<img loading=\"lazy\" decoding=\"async\" class=\"as-background\" src=\"https:\/\/feurich.com\/wp-content\/uploads\/FEURICH-Mod.-162-Dynamic-I-cat-e1741817874214.jpg\" title=\"FEURICH Mod. 162 - Dynamic I, cat\" width=\"330\" height=\"310\" \/>\r\n\t\t<\/div>\r\n\t<\/div>\r\n<\/div>[\/vc_column_text][\/vc_column][\/vc_row][vc_row][vc_column width=\u00bb1\/3&#8243;][vc_column_text el_class=\u00bbpiano-title\u00bb]Mod. 162 \u2013 Dynamic I[\/vc_column_text][vc_single_image image=\u00bb2416&#8243; img_size=\u00bb357&#215;258&#8243; alignment=\u00bbcenter\u00bb onclick=\u00bbcustom_link\u00bb css=\u00bb.vc_custom_1536072712598{margin-bottom: 10px !important;}\u00bb link=\u00bb?page_id=12045&#8243;][vc_column_text]Como uno de los pocos pianos de cola de su tama\u00f1o (longitud de solo 162 cm) \u00e9ste ofrece un sonido completo, un rango din\u00e1mico excepcional y una claridad fina incluso en los bajos.\u00a0<a href=\"https:\/\/www.feurich.com\/es\/productos\/classic-pianos\/piano-de-cola-mod-162-dynamic-i\/mod-162-dynamic-i-detalles\/\">&gt;&gt; Detalles<\/a>[\/vc_column_text][\/vc_column][vc_column width=\u00bb1\/3&#8243;][vc_column_text el_class=\u00bbpiano-title\u00bb]Detalles t\u00e9cnicos[\/vc_column_text][vc_single_image image=\u00bb1375&#8243; img_size=\u00bb360&#215;260&#8243; alignment=\u00bbcenter\u00bb onclick=\u00bbcustom_link\u00bb css=\u00bb.vc_custom_1536072721176{margin-bottom: 10px !important;}\u00bb link=\u00bb?page_id=12045&#8243;][vc_column_text]El instrumento preferido mundialmente para la ense\u00f1anza y el acompa\u00f1amiento es seguro a cambios clim\u00e1ticos y permite afinarse a la perfecci\u00f3n. &gt;&gt; Detalles[\/vc_column_text][\/vc_column][vc_column width=\u00bb1\/3&#8243;][vc_column_text el_class=\u00bbpiano-title\u00bb]Video[\/vc_column_text][vc_column_text]<div class=\"wpb_video_widget wpb_content_element product-video vc_clearfix vc_video-aspect-ratio-43 vc_video-el-width-100 vc_video-align-left\"><div class=\"wpb_wrapper\"><div class=\"wpb_video_wrapper\"><div class=\"fluid-width-video-wrapper\"><iframe src=\"https:\/\/www.youtube.com\/embed\/AbJO4AcbbHk?feature=oembed\" frameborder=\"0\" gesture=\"media\" allow=\"encrypted-media\" allowfullscreen=\"\" class=\"vid-youtube\"><\/iframe><\/div><\/div><\/div><\/div>[\/vc_column_text][vc_column_text]Subir volumen e iniciar video: Les presentamos el sonido, detalles y caracter\u00edsticas especiales del modelo <a href=\"https:\/\/www.youtube.com\/watch?v=zYl-5Jqu8B0\" target=\"_blank\" rel=\"noopener\">FEURICH 162\u2013 Dynamic I<\/a>[\/vc_column_text][\/vc_column][\/vc_row]<\/p>\n<\/div>","protected":false},"excerpt":{"rendered":"<p>Como uno de los pocos pianos de cola de su tama\u00f1o (longitud de solo 162 cm) \u00e9ste ofrece un sonido completo, un rango din\u00e1mico excepcional y una claridad fina incluso en los bajos.<\/p>\n","protected":false},"author":4,"featured_media":8724,"parent":12129,"menu_order":4,"comment_status":"closed","ping_status":"closed","template":"template-fullwidth.php","meta":{"inline_featured_image":false,"footnotes":""},"class_list":["post-12161","page","type-page","status-publish","has-post-thumbnail","hentry"],"acf":[],"yoast_head":"<!-- This site is optimized with the Yoast SEO plugin v24.4 - https:\/\/yoast.com\/wordpress\/plugins\/seo\/ -->\n<title>Piano de cola Mod. 162 \u2013 Dynamic I - FEURICH<\/title>\n<meta name=\"robots\" content=\"index, follow, max-snippet:-1, max-image-preview:large, max-video-preview:-1\" \/>\n<link rel=\"canonical\" href=\"https:\/\/feurich.com\/es\/productos\/classic-pianos\/piano-de-cola-mod-162-dynamic-i\/\" \/>\n<meta property=\"og:locale\" content=\"es_ES\" \/>\n<meta property=\"og:type\" content=\"article\" \/>\n<meta property=\"og:title\" content=\"Piano de cola Mod. 162 \u2013 Dynamic I - FEURICH\" \/>\n<meta property=\"og:description\" content=\"Como uno de los pocos pianos de cola de su tama\u00f1o (longitud de solo 162 cm) \u00e9ste ofrece un sonido completo, un rango din\u00e1mico excepcional y una claridad fina incluso en los bajos.\" \/>\n<meta property=\"og:url\" content=\"https:\/\/feurich.com\/es\/productos\/classic-pianos\/piano-de-cola-mod-162-dynamic-i\/\" \/>\n<meta property=\"og:site_name\" content=\"FEURICH\" \/>\n<meta property=\"article:publisher\" content=\"https:\/\/www.facebook.com\/feurichvienna\/\" \/>\n<meta property=\"article:modified_time\" content=\"2019-02-06T12:33:03+00:00\" \/>\n<meta property=\"og:image\" content=\"https:\/\/feurich.com\/wp-content\/uploads\/Mod.-162-Dynamic-I-11white_chrome-1.png\" \/>\n\t<meta property=\"og:image:width\" content=\"345\" \/>\n\t<meta property=\"og:image:height\" content=\"335\" \/>\n\t<meta property=\"og:image:type\" content=\"image\/png\" \/>\n<meta name=\"twitter:card\" content=\"summary_large_image\" \/>\n<meta name=\"twitter:label1\" content=\"Tiempo de lectura\" \/>\n\t<meta name=\"twitter:data1\" content=\"1 minuto\" \/>\n<script type=\"application\/ld+json\" class=\"yoast-schema-graph\">{\"@context\":\"https:\/\/schema.org\",\"@graph\":[{\"@type\":\"WebPage\",\"@id\":\"https:\/\/feurich.com\/es\/productos\/classic-pianos\/piano-de-cola-mod-162-dynamic-i\/\",\"url\":\"https:\/\/feurich.com\/es\/productos\/classic-pianos\/piano-de-cola-mod-162-dynamic-i\/\",\"name\":\"Piano de cola Mod. 162 \u2013 Dynamic I - FEURICH\",\"isPartOf\":{\"@id\":\"https:\/\/feurich.com\/en\/#website\"},\"primaryImageOfPage\":{\"@id\":\"https:\/\/feurich.com\/es\/productos\/classic-pianos\/piano-de-cola-mod-162-dynamic-i\/#primaryimage\"},\"image\":{\"@id\":\"https:\/\/feurich.com\/es\/productos\/classic-pianos\/piano-de-cola-mod-162-dynamic-i\/#primaryimage\"},\"thumbnailUrl\":\"https:\/\/feurich.com\/wp-content\/uploads\/Mod.-162-Dynamic-I-11white_chrome-1.png\",\"datePublished\":\"2018-02-24T11:43:34+00:00\",\"dateModified\":\"2019-02-06T12:33:03+00:00\",\"breadcrumb\":{\"@id\":\"https:\/\/feurich.com\/es\/productos\/classic-pianos\/piano-de-cola-mod-162-dynamic-i\/#breadcrumb\"},\"inLanguage\":\"es\",\"potentialAction\":[{\"@type\":\"ReadAction\",\"target\":[\"https:\/\/feurich.com\/es\/productos\/classic-pianos\/piano-de-cola-mod-162-dynamic-i\/\"]}]},{\"@type\":\"ImageObject\",\"inLanguage\":\"es\",\"@id\":\"https:\/\/feurich.com\/es\/productos\/classic-pianos\/piano-de-cola-mod-162-dynamic-i\/#primaryimage\",\"url\":\"https:\/\/feurich.com\/wp-content\/uploads\/Mod.-162-Dynamic-I-11white_chrome-1.png\",\"contentUrl\":\"https:\/\/feurich.com\/wp-content\/uploads\/Mod.-162-Dynamic-I-11white_chrome-1.png\",\"width\":345,\"height\":335},{\"@type\":\"BreadcrumbList\",\"@id\":\"https:\/\/feurich.com\/es\/productos\/classic-pianos\/piano-de-cola-mod-162-dynamic-i\/#breadcrumb\",\"itemListElement\":[{\"@type\":\"ListItem\",\"position\":1,\"name\":\"Home\",\"item\":\"https:\/\/feurich.com\/es\/\"},{\"@type\":\"ListItem\",\"position\":2,\"name\":\"Productos\",\"item\":\"https:\/\/feurich.com\/es\/productos\/\"},{\"@type\":\"ListItem\",\"position\":3,\"name\":\"Classic Pianos\",\"item\":\"https:\/\/feurich.com\/es\/productos\/classic-pianos\/\"},{\"@type\":\"ListItem\",\"position\":4,\"name\":\"Piano de cola Mod. 162 \u2013 Dynamic I\"}]},{\"@type\":\"WebSite\",\"@id\":\"https:\/\/feurich.com\/en\/#website\",\"url\":\"https:\/\/feurich.com\/en\/\",\"name\":\"FEURICH\",\"description\":\"A sound that connects\",\"publisher\":{\"@id\":\"https:\/\/feurich.com\/en\/#organization\"},\"potentialAction\":[{\"@type\":\"SearchAction\",\"target\":{\"@type\":\"EntryPoint\",\"urlTemplate\":\"https:\/\/feurich.com\/en\/?s={search_term_string}\"},\"query-input\":{\"@type\":\"PropertyValueSpecification\",\"valueRequired\":true,\"valueName\":\"search_term_string\"}}],\"inLanguage\":\"es\"},{\"@type\":\"Organization\",\"@id\":\"https:\/\/feurich.com\/en\/#organization\",\"name\":\"FEURICH\",\"url\":\"https:\/\/feurich.com\/en\/\",\"logo\":{\"@type\":\"ImageObject\",\"inLanguage\":\"es\",\"@id\":\"https:\/\/feurich.com\/en\/#\/schema\/logo\/image\/\",\"url\":\"https:\/\/feurich.com\/wp-content\/uploads\/logo.png\",\"contentUrl\":\"https:\/\/feurich.com\/wp-content\/uploads\/logo.png\",\"width\":354,\"height\":151,\"caption\":\"FEURICH\"},\"image\":{\"@id\":\"https:\/\/feurich.com\/en\/#\/schema\/logo\/image\/\"},\"sameAs\":[\"https:\/\/www.facebook.com\/feurichvienna\/\"]}]}<\/script>\n<!-- \/ Yoast SEO plugin. -->","yoast_head_json":{"title":"Piano de cola Mod. 162 \u2013 Dynamic I - FEURICH","robots":{"index":"index","follow":"follow","max-snippet":"max-snippet:-1","max-image-preview":"max-image-preview:large","max-video-preview":"max-video-preview:-1"},"canonical":"https:\/\/feurich.com\/es\/productos\/classic-pianos\/piano-de-cola-mod-162-dynamic-i\/","og_locale":"es_ES","og_type":"article","og_title":"Piano de cola Mod. 162 \u2013 Dynamic I - FEURICH","og_description":"Como uno de los pocos pianos de cola de su tama\u00f1o (longitud de solo 162 cm) \u00e9ste ofrece un sonido completo, un rango din\u00e1mico excepcional y una claridad fina incluso en los bajos.","og_url":"https:\/\/feurich.com\/es\/productos\/classic-pianos\/piano-de-cola-mod-162-dynamic-i\/","og_site_name":"FEURICH","article_publisher":"https:\/\/www.facebook.com\/feurichvienna\/","article_modified_time":"2019-02-06T12:33:03+00:00","og_image":[{"width":345,"height":335,"url":"https:\/\/feurich.com\/wp-content\/uploads\/Mod.-162-Dynamic-I-11white_chrome-1.png","type":"image\/png"}],"twitter_card":"summary_large_image","twitter_misc":{"Tiempo de lectura":"1 minuto"},"schema":{"@context":"https:\/\/schema.org","@graph":[{"@type":"WebPage","@id":"https:\/\/feurich.com\/es\/productos\/classic-pianos\/piano-de-cola-mod-162-dynamic-i\/","url":"https:\/\/feurich.com\/es\/productos\/classic-pianos\/piano-de-cola-mod-162-dynamic-i\/","name":"Piano de cola Mod. 162 \u2013 Dynamic I - FEURICH","isPartOf":{"@id":"https:\/\/feurich.com\/en\/#website"},"primaryImageOfPage":{"@id":"https:\/\/feurich.com\/es\/productos\/classic-pianos\/piano-de-cola-mod-162-dynamic-i\/#primaryimage"},"image":{"@id":"https:\/\/feurich.com\/es\/productos\/classic-pianos\/piano-de-cola-mod-162-dynamic-i\/#primaryimage"},"thumbnailUrl":"https:\/\/feurich.com\/wp-content\/uploads\/Mod.-162-Dynamic-I-11white_chrome-1.png","datePublished":"2018-02-24T11:43:34+00:00","dateModified":"2019-02-06T12:33:03+00:00","breadcrumb":{"@id":"https:\/\/feurich.com\/es\/productos\/classic-pianos\/piano-de-cola-mod-162-dynamic-i\/#breadcrumb"},"inLanguage":"es","potentialAction":[{"@type":"ReadAction","target":["https:\/\/feurich.com\/es\/productos\/classic-pianos\/piano-de-cola-mod-162-dynamic-i\/"]}]},{"@type":"ImageObject","inLanguage":"es","@id":"https:\/\/feurich.com\/es\/productos\/classic-pianos\/piano-de-cola-mod-162-dynamic-i\/#primaryimage","url":"https:\/\/feurich.com\/wp-content\/uploads\/Mod.-162-Dynamic-I-11white_chrome-1.png","contentUrl":"https:\/\/feurich.com\/wp-content\/uploads\/Mod.-162-Dynamic-I-11white_chrome-1.png","width":345,"height":335},{"@type":"BreadcrumbList","@id":"https:\/\/feurich.com\/es\/productos\/classic-pianos\/piano-de-cola-mod-162-dynamic-i\/#breadcrumb","itemListElement":[{"@type":"ListItem","position":1,"name":"Home","item":"https:\/\/feurich.com\/es\/"},{"@type":"ListItem","position":2,"name":"Productos","item":"https:\/\/feurich.com\/es\/productos\/"},{"@type":"ListItem","position":3,"name":"Classic Pianos","item":"https:\/\/feurich.com\/es\/productos\/classic-pianos\/"},{"@type":"ListItem","position":4,"name":"Piano de cola Mod. 162 \u2013 Dynamic I"}]},{"@type":"WebSite","@id":"https:\/\/feurich.com\/en\/#website","url":"https:\/\/feurich.com\/en\/","name":"FEURICH","description":"A sound that connects","publisher":{"@id":"https:\/\/feurich.com\/en\/#organization"},"potentialAction":[{"@type":"SearchAction","target":{"@type":"EntryPoint","urlTemplate":"https:\/\/feurich.com\/en\/?s={search_term_string}"},"query-input":{"@type":"PropertyValueSpecification","valueRequired":true,"valueName":"search_term_string"}}],"inLanguage":"es"},{"@type":"Organization","@id":"https:\/\/feurich.com\/en\/#organization","name":"FEURICH","url":"https:\/\/feurich.com\/en\/","logo":{"@type":"ImageObject","inLanguage":"es","@id":"https:\/\/feurich.com\/en\/#\/schema\/logo\/image\/","url":"https:\/\/feurich.com\/wp-content\/uploads\/logo.png","contentUrl":"https:\/\/feurich.com\/wp-content\/uploads\/logo.png","width":354,"height":151,"caption":"FEURICH"},"image":{"@id":"https:\/\/feurich.com\/en\/#\/schema\/logo\/image\/"},"sameAs":["https:\/\/www.facebook.com\/feurichvienna\/"]}]}},"_links":{"self":[{"href":"https:\/\/feurich.com\/es\/wp-json\/wp\/v2\/pages\/12161","targetHints":{"allow":["GET"]}}],"collection":[{"href":"https:\/\/feurich.com\/es\/wp-json\/wp\/v2\/pages"}],"about":[{"href":"https:\/\/feurich.com\/es\/wp-json\/wp\/v2\/types\/page"}],"author":[{"embeddable":true,"href":"https:\/\/feurich.com\/es\/wp-json\/wp\/v2\/users\/4"}],"replies":[{"embeddable":true,"href":"https:\/\/feurich.com\/es\/wp-json\/wp\/v2\/comments?post=12161"}],"version-history":[{"count":19,"href":"https:\/\/feurich.com\/es\/wp-json\/wp\/v2\/pages\/12161\/revisions"}],"predecessor-version":[{"id":22218,"href":"https:\/\/feurich.com\/es\/wp-json\/wp\/v2\/pages\/12161\/revisions\/22218"}],"up":[{"embeddable":true,"href":"https:\/\/feurich.com\/es\/wp-json\/wp\/v2\/pages\/12129"}],"wp:featuredmedia":[{"embeddable":true,"href":"https:\/\/feurich.com\/es\/wp-json\/wp\/v2\/media\/8724"}],"wp:attachment":[{"href":"https:\/\/feurich.com\/es\/wp-json\/wp\/v2\/media?parent=12161"}],"curies":[{"name":"wp","href":"https:\/\/api.w.org\/{rel}","templated":true}]}}