{"id":12089,"date":"2018-02-22T11:12:34","date_gmt":"2018-02-22T11:12:34","guid":{"rendered":"https:\/\/www.feurich.com\/productos\/vienna-pianos\/"},"modified":"2020-10-01T14:05:37","modified_gmt":"2020-10-01T14:05:37","slug":"vienna-pianos","status":"publish","type":"page","link":"https:\/\/feurich.com\/es\/productos\/vienna-pianos\/","title":{"rendered":"Vienna Pianos"},"content":{"rendered":"<div class=\"wpb-content-wrapper\"><p>[vc_row 0=\u00bb\u00bb][vc_column 0=\u00bb\u00bb][vc_empty_space 0=\u00bb\u00bb height=\u00bb52px\u00bb][vc_column_text el_class=\u00bbbig-title\u00bb]<\/p>\n<p style=\"text-align: center;\">Modelo 123 \u2013 Vienna \u201eMade in Austria\u201c<\/p>\n<p>[\/vc_column_text][\/vc_column][\/vc_row][vc_row content_placement=\u00bbmiddle\u00bb][vc_column][vc_empty_space 0=\u00bb\u00bb height=\u00bb20px\u00bb][vc_empty_space 0=\u00bb\u00bb height=\u00bb20px\u00bb][vc_column_text]<\/p>\n\n<div data-mode=\"normal\" data-oembed=\"1\" data-provider=\"youtube\" id=\"arve-youtube-nzenovmqkni\" class=\"arve\">\n\t<div class=\"arve-inner\">\n\t\t<div class=\"arve-embed arve-embed--has-aspect-ratio\">\n\t\t\t<div class=\"arve-ar\" style=\"padding-top:56.250000%\"><\/div>\n\t\t\t<iframe allow=\"accelerometer &#039;none&#039;;autoplay &#039;none&#039;;camera &#039;none&#039;;ch-ua &#039;none&#039;;clipboard-read &#039;none&#039;;clipboard-write;display-capture &#039;none&#039;;encrypted-media &#039;none&#039;;gamepad &#039;none&#039;;geolocation &#039;none&#039;;gyroscope &#039;none&#039;;hid &#039;none&#039;;identity-credentials-get &#039;none&#039;;idle-detection &#039;none&#039;;keyboard-map &#039;none&#039;;local-fonts &#039;none&#039;;magnetometer &#039;none&#039;;microphone &#039;none&#039;;midi &#039;none&#039;;payment &#039;none&#039;;picture-in-picture;publickey-credentials-create &#039;none&#039;;publickey-credentials-get &#039;none&#039;;screen-wake-lock &#039;none&#039;;serial &#039;none&#039;;sync-xhr;usb &#039;none&#039;;window-management &#039;none&#039;;xr-spatial-tracking &#039;none&#039;;\" allowfullscreen=\"\" class=\"arve-iframe fitvidsignore\" credentialless data-arve=\"arve-youtube-nzenovmqkni\" data-lenis-prevent=\"\" data-src-no-ap=\"https:\/\/www.youtube-nocookie.com\/embed\/NzeNOVMqKNI?feature=oembed&amp;iv_load_policy=3&amp;modestbranding=1&amp;rel=0&amp;autohide=1&amp;playsinline=0&amp;autoplay=0\" frameborder=\"0\" height=\"0\" loading=\"lazy\" name=\"\" referrerpolicy=\"strict-origin-when-cross-origin\" sandbox=\"allow-scripts allow-same-origin allow-presentation allow-popups allow-popups-to-escape-sandbox\" scrolling=\"no\" src=\"https:\/\/www.youtube-nocookie.com\/embed\/NzeNOVMqKNI?feature=oembed&#038;iv_load_policy=3&#038;modestbranding=1&#038;rel=0&#038;autohide=1&#038;playsinline=0&#038;autoplay=0\" title=\"\" width=\"0\"><\/iframe>\n\t\t\t\n\t\t<\/div>\n\t\t\n\t<\/div>\n\t\n\t\n\t<script type=\"application\/ld+json\">{\"@context\":\"http:\\\/\\\/schema.org\\\/\",\"@id\":\"https:\\\/\\\/feurich.com\\\/es\\\/productos\\\/vienna-pianos\\\/#arve-youtube-nzenovmqkni\",\"type\":\"VideoObject\",\"embedURL\":\"https:\\\/\\\/www.youtube-nocookie.com\\\/embed\\\/NzeNOVMqKNI?feature=oembed&iv_load_policy=3&modestbranding=1&rel=0&autohide=1&playsinline=0&autoplay=0\"}<\/script>\n<\/div>\n<p>[\/vc_column_text][vc_empty_space 0=\u00bb\u00bb height=\u00bb20px\u00bb][vc_empty_space 0=\u00bb\u00bb height=\u00bb20px\u00bb][\/vc_column][\/vc_row][vc_row 0=\u00bb\u00bb][vc_column width=\u00bb1\/3&#8243;][vc_single_image image=\u00bb17377&#8243; img_size=\u00bblarge\u00bb][vc_empty_space][vc_column_text]<div class=\"wpb_video_widget wpb_content_element  vc_clearfix vc_video-aspect-ratio-43 vc_video-el-width-100 vc_video-align-left\"><div class=\"wpb_wrapper\"><div class=\"wpb_video_wrapper\"><div class=\"fluid-width-video-wrapper\"><iframe src=\"https:\/\/www.youtube.com\/embed\/31tUOSku-gg?feature=oembed\" frameborder=\"0\" gesture=\"media\" allow=\"encrypted-media\" allowfullscreen=\"\" class=\"vid-youtube\"><\/iframe><\/div><\/div><\/div><\/div>[\/vc_column_text][vc_column_text]Presentaci\u00f3n del modelo 123 &#8211; Vienna: Univ.-Prof. Kharin demuestra la repetici\u00f3n incre\u00edblemente r\u00e1pida[\/vc_column_text][vc_empty_space][vc_column_text]<div class=\"wpb_video_widget wpb_content_element  vc_clearfix vc_video-aspect-ratio-43 vc_video-el-width-100 vc_video-align-left\"><div class=\"wpb_wrapper\"><div class=\"wpb_video_wrapper\"><div class=\"fluid-width-video-wrapper\"><iframe src=\"https:\/\/www.youtube.com\/embed\/DhmUQkl3T7I?feature=oembed\" frameborder=\"0\" gesture=\"media\" allow=\"encrypted-media\" allowfullscreen=\"\" class=\"vid-youtube\"><\/iframe><\/div><\/div><\/div><\/div>[\/vc_column_text][vc_column_text]Bill Dobbins, renombrado pedagogo y pianista de jazz, en la prueba del modelo FEURICH 123 &#8211; Vienna[\/vc_column_text][vc_empty_space][vc_gallery interval=\u00bb3&#8243; images=\u00bb23244,23226&#8243;][\/vc_column][vc_column width=\u00bb2\/3&#8243;][vc_column_text 0=\u00bb\u00bb]<\/p>\n<p><span style=\"font-size: 14pt;\"><strong>La \u00faltima innovaci\u00f3n de FEURICH es el modelo vertical 123 &#8211; Vienna. Un enfoque totalmente nuevo y \u00fanico se puede ver en sus componentes centrales como la acci\u00f3n, el mueble y el sistema de pedales.<\/strong><\/span><\/p>\n<p>&nbsp;<\/p>\n<p>FEURICH dise\u00f1\u00f3 un nuevo concepto de mec\u00e1nica para este modelo y lo equip\u00f3 con la acci\u00f3n <a href=\"https:\/\/feurich.com\/es\/innovaciones\/high-speed-kamm-action\/\"><sup>\u00a9<\/sup> FEURICH &#8211; High Speed KAMM<\/a>. Esta innovaci\u00f3n permite una <strong>repetici\u00f3n extremadamente r\u00e1pida<\/strong> que el pianista normalmente solo puede experimentar <strong>en los mejores pianos de cola de concierto<\/strong> . Gracias a esta nueva acci\u00f3n, el 123 &#8211; Vienna permite un toque m\u00e1s ligero y una respuesta m\u00e1s precisa que cualquier otro piano vertical en el mercado.<\/p>\n<p>&nbsp;<\/p>\n<h3>UNA EXPLOCI\u00d3N DE INNOVACIONES<\/h3>\n<p>Adem\u00e1s de esto, el FEURICH 123 &#8211; Vienna es uno de los primeros pianos de producci\u00f3n en serie que emplea un dise\u00f1o de teclado totalmente libre de plomo. El resultado es una acci\u00f3n y un teclado m\u00e1s estables y duraderos. Otra innovaci\u00f3n con visi\u00f3n de futuro es el uso de una laca ecol\u00f3gica para el mueble del Modelo 123 &#8211; Vienna.<\/p>\n<p>Gracias al dise\u00f1o totalmente nuevo y robusto del sistema de pedales, muchos m\u00e1s matices est\u00e1n disponibles para el pianista al hacer uso de los mismos. Ruidos indeseables del sistema de pedales son ahora cosa del pasado.<\/p>\n<p>&nbsp;<\/p>\n<h3>MUEBLE CON FINURA<\/h3>\n<p>El marco de hierro recientemente dise\u00f1ado para sostener mueble y marcos, permite que todo el mueble incluidos los paneles laterales se puedan separar o reemplazar f\u00e1cilmente. Incluso es posible tocar el instrumento sin mueble alguno.<\/p>\n<p><strong>Por primera vez en la historia de la construcci\u00f3n del piano, un piano producido en serie puede ser tocado sin mueble<\/strong>; perfecto para grabaciones, conciertos y transportes delicados.<\/p>\n<p>En general el panel frontal absorbe gran parte del sonido producido en pianos verticales. Por esta raz\u00f3n en el \u201eWien-Klavier\u201c (como tambi\u00e9n se le llama coloquialmente en Viena) se introdujo una <strong>fina apertura<\/strong> que permite la transmisi\u00f3n directa del sonido desde la caja de resonancia dando como resultado un sonido m\u00e1s directo y completo, as\u00ed como una vista interesante del funcionamiento interno del piano.<\/p>\n<ul>\n<li>Mec\u00e1nica exclusiva <a href=\"https:\/\/www.pianos.de\/de\/mitglieder\/index.php?id=30\" target=\"_blank\" rel=\"noopener\">RENNER<\/a> con nuevos componentes seg\u00fan nuestras especificaciones<\/li>\n<li><a href=\"https:\/\/feurich.com\/es\/innovaciones\/high-speed-kamm-action\/\"><sup>\u00a9<\/sup>Acci\u00f3n \u00a9FEURICH \u2013 High Speed KAMM<\/a> de alta velocidad para una repetici\u00f3n extremadamente r\u00e1pida<\/li>\n<li>Cabezas de los martillos RENNER con fieltros \u00abWeickert-Special\u00bb para un sonido excepcionalmente rico<\/li>\n<li>Dise\u00f1o innovador del mueble (todas las piezas, incluidas las partes laterales intercambiables, el piano tambi\u00e9n se puede tocar sin mueble) y lacas respetuosas con el medio ambiente<\/li>\n<li>Cuerdas de acero inoxidable PAULELLO<\/li>\n<li>Iluminaci\u00f3n LED integrada en el mueble<\/li>\n<li>Apertura localizada en el panel frontal que conlleva a una mejor experiencia sonora.<\/li>\n<li>Sistema de pedales FEURICH sin necesidad de mantenimiento, proporciona matizes delicados<\/li>\n<li>Teclado sin plomo y no uso de pl\u00e1sticosen acabados<\/li>\n<li>Sistema sordina: sin perder respuesta de toque<\/li>\n<\/ul>\n<p>&nbsp;<\/p>\n<p>Das in Wien produzierte FEURICH Piano Mod. 123 \u2013 Vienna bieten wir standardm\u00e4\u00dfig in den Farbvarianten Schwarz satiniert, Wei\u00df satiniert und Nuss satiniert + Chrom an. Auf Wunsch k\u00f6nnen wir das Geh\u00e4use auch in <strong>Individuallackierung<\/strong> anbieten, wobei Sie aus der gesamten <a href=\"https:\/\/www.ralfarbpalette.de\/\" target=\"_blank\" rel=\"noopener\">RAL-Farbpalette<\/a> ausw\u00e4hlen k\u00f6nnen. Lassen Sie Ihrer Fantasie freien Lauf!<\/p>\n<p>Weitere Geh\u00e4use-Variationen und Designs auf Anfrage \u2013 aufgrund der durchdachten Konstruktion sind wir in der Lage, nahezu alle Geh\u00e4usew\u00fcnsche unabh\u00e4ngig vom Innenleben zu realisieren.<\/p>\n<p>Sie wollen mehr \u00fcber dieses Instrument erfahren? <a href=\"https:\/\/feurich.com\/de\/information-kontakt\/kontakt\/\">Schreiben Sie uns!<\/a><\/p>\n<p>[\/vc_column_text][\/vc_column][\/vc_row][vc_row][vc_column][vc_empty_space 0=\u00bb\u00bb height=\u00bb24px\u00bb][vc_masonry_media_grid item=\u00bbmediaGrid_Default\u00bb grid_id=\u00bbvc_gid:1601561069581-1d8b1437-1582-2&#8243; include=\u00bb17645,17663,17666,17657,17648,23253&#8243;][\/vc_column][\/vc_row][vc_row 0=\u00bb\u00bb][vc_column 0=\u00bb\u00bb][vc_empty_space 0=\u00bb\u00bb height=\u00bb72px\u00bb][vc_column_text el_class=\u00bbbig-title\u00bb]<\/p>\n<p style=\"text-align: center;\">Special Edition: Mod. 123 \u2013 Vienna Modern<\/p>\n<p>[\/vc_column_text][vc_empty_space 0=\u00bb\u00bb height=\u00bb36px\u00bb][\/vc_column][\/vc_row][vc_row 0=\u00bb\u00bb][vc_column 0=\u00bb\u00bb width=\u00bb1\/3&#8243;][vc_single_image image=\u00bb23008&#8243;][\/vc_column][vc_column width=\u00bb2\/3&#8243;][vc_column_text]<strong>Auf Wunsch produzieren wir individuelle Design-Klaviere oder Sondermodelle wie das Mod. 123 &#8211; Vienna Modern!<\/strong><\/p>\n<p>W\u00e4hrend sich unser serienm\u00e4\u00dfig produziertes Modell 123 &#8211; Vienna an der Formensprache des traditionellen Klavierbaus bedient, bieten wir auf Nachfrage auch eine Sonderanfertigung im modernen, geradlinigen Design an.<\/p>\n<p>Das Sondermodell 123 &#8211; Vienna Modern beherbergt in seinem neuentwickelten Geh\u00e4use dasselbe technisch ausgereifte Innenleben wie das Serienmodell. Das Geh\u00e4use selbst unterscheidet sich in der klaren, am Bauhaus-Stil orientierten Gestaltung und verzichtet auf die \u00d6ffnung in der F\u00fcllung. Damit \u00e4hnelt es optisch unserem Erfolgsmodell 115 &#8211; Premiere, bietet jedoch eine Vielzahl an technischen Vorteilen.[\/vc_column_text][vc_empty_space 0=\u00bb\u00bb height=\u00bb24px\u00bb][\/vc_column][\/vc_row][vc_row][vc_column][vc_empty_space 0=\u00bb\u00bb height=\u00bb36px\u00bb][vc_masonry_media_grid item=\u00bbmediaGrid_Default\u00bb grid_id=\u00bbvc_gid:1601561069590-ecaafab1-e198-1&#8243; include=\u00bb22952,22979,23277,23286,22970,22961&#8243;][\/vc_column][\/vc_row]<\/p>\n<\/div>","protected":false},"excerpt":{"rendered":"<p>La \u00faltima innovaci\u00f3n de FEURICH es el modelo vertical 123 &#8211; Vienna. Un enfoque totalmente nuevo y \u00fanico se puede ver en sus componentes centrales como la acci\u00f3n, el mueble y el sistema de pedales.<\/p>\n","protected":false},"author":4,"featured_media":0,"parent":12079,"menu_order":0,"comment_status":"closed","ping_status":"closed","template":"template-fullwidth.php","meta":{"inline_featured_image":false,"footnotes":""},"class_list":["post-12089","page","type-page","status-publish","hentry"],"acf":[],"yoast_head":"<!-- This site is optimized with the Yoast SEO plugin v24.4 - https:\/\/yoast.com\/wordpress\/plugins\/seo\/ -->\n<title>Vienna Pianos - FEURICH<\/title>\n<meta name=\"description\" content=\"La \u00faltima innovaci\u00f3n de FEURICH es el modelo vertical 123 - Vienna. Un enfoque totalmente nuevo y \u00fanico se puede ver en sus componentes centrales como la acci\u00f3n, el mueble y el sistema de pedales.\" \/>\n<meta name=\"robots\" content=\"index, follow, max-snippet:-1, max-image-preview:large, max-video-preview:-1\" \/>\n<link rel=\"canonical\" href=\"https:\/\/feurich.com\/es\/productos\/vienna-pianos\/\" \/>\n<meta property=\"og:locale\" content=\"es_ES\" \/>\n<meta property=\"og:type\" content=\"article\" \/>\n<meta property=\"og:title\" content=\"Vienna Pianos - FEURICH\" \/>\n<meta property=\"og:description\" content=\"La \u00faltima innovaci\u00f3n de FEURICH es el modelo vertical 123 - Vienna. Un enfoque totalmente nuevo y \u00fanico se puede ver en sus componentes centrales como la acci\u00f3n, el mueble y el sistema de pedales.\" \/>\n<meta property=\"og:url\" content=\"https:\/\/feurich.com\/es\/productos\/vienna-pianos\/\" \/>\n<meta property=\"og:site_name\" content=\"FEURICH\" \/>\n<meta property=\"article:publisher\" content=\"https:\/\/www.facebook.com\/feurichvienna\/\" \/>\n<meta property=\"article:modified_time\" content=\"2020-10-01T14:05:37+00:00\" \/>\n<meta name=\"twitter:card\" content=\"summary_large_image\" \/>\n<meta name=\"twitter:label1\" content=\"Tiempo de lectura\" \/>\n\t<meta name=\"twitter:data1\" content=\"5 minutos\" \/>\n<script type=\"application\/ld+json\" class=\"yoast-schema-graph\">{\"@context\":\"https:\/\/schema.org\",\"@graph\":[{\"@type\":\"WebPage\",\"@id\":\"https:\/\/feurich.com\/es\/productos\/vienna-pianos\/\",\"url\":\"https:\/\/feurich.com\/es\/productos\/vienna-pianos\/\",\"name\":\"Vienna Pianos - FEURICH\",\"isPartOf\":{\"@id\":\"https:\/\/feurich.com\/en\/#website\"},\"datePublished\":\"2018-02-22T11:12:34+00:00\",\"dateModified\":\"2020-10-01T14:05:37+00:00\",\"description\":\"La \u00faltima innovaci\u00f3n de FEURICH es el modelo vertical 123 - Vienna. Un enfoque totalmente nuevo y \u00fanico se puede ver en sus componentes centrales como la acci\u00f3n, el mueble y el sistema de pedales.\",\"breadcrumb\":{\"@id\":\"https:\/\/feurich.com\/es\/productos\/vienna-pianos\/#breadcrumb\"},\"inLanguage\":\"es\",\"potentialAction\":[{\"@type\":\"ReadAction\",\"target\":[\"https:\/\/feurich.com\/es\/productos\/vienna-pianos\/\"]}]},{\"@type\":\"BreadcrumbList\",\"@id\":\"https:\/\/feurich.com\/es\/productos\/vienna-pianos\/#breadcrumb\",\"itemListElement\":[{\"@type\":\"ListItem\",\"position\":1,\"name\":\"Home\",\"item\":\"https:\/\/feurich.com\/es\/\"},{\"@type\":\"ListItem\",\"position\":2,\"name\":\"Productos\",\"item\":\"https:\/\/feurich.com\/es\/productos\/\"},{\"@type\":\"ListItem\",\"position\":3,\"name\":\"Vienna Pianos\"}]},{\"@type\":\"WebSite\",\"@id\":\"https:\/\/feurich.com\/en\/#website\",\"url\":\"https:\/\/feurich.com\/en\/\",\"name\":\"FEURICH\",\"description\":\"A sound that connects\",\"publisher\":{\"@id\":\"https:\/\/feurich.com\/en\/#organization\"},\"potentialAction\":[{\"@type\":\"SearchAction\",\"target\":{\"@type\":\"EntryPoint\",\"urlTemplate\":\"https:\/\/feurich.com\/en\/?s={search_term_string}\"},\"query-input\":{\"@type\":\"PropertyValueSpecification\",\"valueRequired\":true,\"valueName\":\"search_term_string\"}}],\"inLanguage\":\"es\"},{\"@type\":\"Organization\",\"@id\":\"https:\/\/feurich.com\/en\/#organization\",\"name\":\"FEURICH\",\"url\":\"https:\/\/feurich.com\/en\/\",\"logo\":{\"@type\":\"ImageObject\",\"inLanguage\":\"es\",\"@id\":\"https:\/\/feurich.com\/en\/#\/schema\/logo\/image\/\",\"url\":\"https:\/\/feurich.com\/wp-content\/uploads\/logo.png\",\"contentUrl\":\"https:\/\/feurich.com\/wp-content\/uploads\/logo.png\",\"width\":354,\"height\":151,\"caption\":\"FEURICH\"},\"image\":{\"@id\":\"https:\/\/feurich.com\/en\/#\/schema\/logo\/image\/\"},\"sameAs\":[\"https:\/\/www.facebook.com\/feurichvienna\/\"]}]}<\/script>\n<!-- \/ Yoast SEO plugin. -->","yoast_head_json":{"title":"Vienna Pianos - FEURICH","description":"La \u00faltima innovaci\u00f3n de FEURICH es el modelo vertical 123 - Vienna. Un enfoque totalmente nuevo y \u00fanico se puede ver en sus componentes centrales como la acci\u00f3n, el mueble y el sistema de pedales.","robots":{"index":"index","follow":"follow","max-snippet":"max-snippet:-1","max-image-preview":"max-image-preview:large","max-video-preview":"max-video-preview:-1"},"canonical":"https:\/\/feurich.com\/es\/productos\/vienna-pianos\/","og_locale":"es_ES","og_type":"article","og_title":"Vienna Pianos - FEURICH","og_description":"La \u00faltima innovaci\u00f3n de FEURICH es el modelo vertical 123 - Vienna. Un enfoque totalmente nuevo y \u00fanico se puede ver en sus componentes centrales como la acci\u00f3n, el mueble y el sistema de pedales.","og_url":"https:\/\/feurich.com\/es\/productos\/vienna-pianos\/","og_site_name":"FEURICH","article_publisher":"https:\/\/www.facebook.com\/feurichvienna\/","article_modified_time":"2020-10-01T14:05:37+00:00","twitter_card":"summary_large_image","twitter_misc":{"Tiempo de lectura":"5 minutos"},"schema":{"@context":"https:\/\/schema.org","@graph":[{"@type":"WebPage","@id":"https:\/\/feurich.com\/es\/productos\/vienna-pianos\/","url":"https:\/\/feurich.com\/es\/productos\/vienna-pianos\/","name":"Vienna Pianos - FEURICH","isPartOf":{"@id":"https:\/\/feurich.com\/en\/#website"},"datePublished":"2018-02-22T11:12:34+00:00","dateModified":"2020-10-01T14:05:37+00:00","description":"La \u00faltima innovaci\u00f3n de FEURICH es el modelo vertical 123 - Vienna. Un enfoque totalmente nuevo y \u00fanico se puede ver en sus componentes centrales como la acci\u00f3n, el mueble y el sistema de pedales.","breadcrumb":{"@id":"https:\/\/feurich.com\/es\/productos\/vienna-pianos\/#breadcrumb"},"inLanguage":"es","potentialAction":[{"@type":"ReadAction","target":["https:\/\/feurich.com\/es\/productos\/vienna-pianos\/"]}]},{"@type":"BreadcrumbList","@id":"https:\/\/feurich.com\/es\/productos\/vienna-pianos\/#breadcrumb","itemListElement":[{"@type":"ListItem","position":1,"name":"Home","item":"https:\/\/feurich.com\/es\/"},{"@type":"ListItem","position":2,"name":"Productos","item":"https:\/\/feurich.com\/es\/productos\/"},{"@type":"ListItem","position":3,"name":"Vienna Pianos"}]},{"@type":"WebSite","@id":"https:\/\/feurich.com\/en\/#website","url":"https:\/\/feurich.com\/en\/","name":"FEURICH","description":"A sound that connects","publisher":{"@id":"https:\/\/feurich.com\/en\/#organization"},"potentialAction":[{"@type":"SearchAction","target":{"@type":"EntryPoint","urlTemplate":"https:\/\/feurich.com\/en\/?s={search_term_string}"},"query-input":{"@type":"PropertyValueSpecification","valueRequired":true,"valueName":"search_term_string"}}],"inLanguage":"es"},{"@type":"Organization","@id":"https:\/\/feurich.com\/en\/#organization","name":"FEURICH","url":"https:\/\/feurich.com\/en\/","logo":{"@type":"ImageObject","inLanguage":"es","@id":"https:\/\/feurich.com\/en\/#\/schema\/logo\/image\/","url":"https:\/\/feurich.com\/wp-content\/uploads\/logo.png","contentUrl":"https:\/\/feurich.com\/wp-content\/uploads\/logo.png","width":354,"height":151,"caption":"FEURICH"},"image":{"@id":"https:\/\/feurich.com\/en\/#\/schema\/logo\/image\/"},"sameAs":["https:\/\/www.facebook.com\/feurichvienna\/"]}]}},"_links":{"self":[{"href":"https:\/\/feurich.com\/es\/wp-json\/wp\/v2\/pages\/12089","targetHints":{"allow":["GET"]}}],"collection":[{"href":"https:\/\/feurich.com\/es\/wp-json\/wp\/v2\/pages"}],"about":[{"href":"https:\/\/feurich.com\/es\/wp-json\/wp\/v2\/types\/page"}],"author":[{"embeddable":true,"href":"https:\/\/feurich.com\/es\/wp-json\/wp\/v2\/users\/4"}],"replies":[{"embeddable":true,"href":"https:\/\/feurich.com\/es\/wp-json\/wp\/v2\/comments?post=12089"}],"version-history":[{"count":2,"href":"https:\/\/feurich.com\/es\/wp-json\/wp\/v2\/pages\/12089\/revisions"}],"predecessor-version":[{"id":45908,"href":"https:\/\/feurich.com\/es\/wp-json\/wp\/v2\/pages\/12089\/revisions\/45908"}],"up":[{"embeddable":true,"href":"https:\/\/feurich.com\/es\/wp-json\/wp\/v2\/pages\/12079"}],"wp:attachment":[{"href":"https:\/\/feurich.com\/es\/wp-json\/wp\/v2\/media?parent=12089"}],"curies":[{"name":"wp","href":"https:\/\/api.w.org\/{rel}","templated":true}]}}