{"id":12079,"date":"2018-02-22T08:49:09","date_gmt":"2018-02-22T08:49:09","guid":{"rendered":"https:\/\/www.feurich.com\/productos\/"},"modified":"2023-11-25T15:19:04","modified_gmt":"2023-11-25T15:19:04","slug":"productos","status":"publish","type":"page","link":"https:\/\/feurich.com\/es\/productos\/","title":{"rendered":"PIANOS &#038; M\u00c1S"},"content":{"rendered":"<div class=\"wpb-content-wrapper\"><p>[vc_row][vc_column][rev_slider_vc alias=\u00bbproducts-sl\u00bb][\/vc_column][\/vc_row][vc_row][vc_column width=\u00bb1\/6&#8243;][\/vc_column][vc_column width=\u00bb2\/3&#8243;][vc_empty_space height=\u00bb12px\u00bb][vc_column_text el_class=\u00bbbig-title\u00bb]<\/p>\n<p style=\"text-align: center;\">PIANOS Y PIANOS DE COLA<\/p>\n<p>[\/vc_column_text][vc_empty_space height=\u00bb15px\u00bb][vc_column_text]<span style=\"font-size: 14pt;\">Su dise\u00f1o refinado y las numerosas innovaciones hacen que los pianos FEURICH sean totalmente \u00fanicos. Nuestros procesos de producci\u00f3n se caracterizan por el uso de\u00a0materias primas\u00a0 especialmente seleccionadas y de la m\u00e1s alta calidad, as\u00ed como por la utilizaci\u00f3n de m\u00e1quinas CNC de alta tecnolog\u00eda, m\u00e9todos de ensamblaje precisos y un estricto control de calidad.<\/span><\/p>\n<p><span style=\"font-size: 14pt;\">M\u00e1s de 400 representantes de todo el mundo ofrecen el mejor servicio para su piano FEURICH.<\/span>[\/vc_column_text][vc_empty_space height=\u00bb20px\u00bb][\/vc_column][vc_column width=\u00bb1\/6&#8243;][\/vc_column][\/vc_row][vc_row][vc_column width=\u00bb1\/3&#8243;][vc_single_image image=\u00bb689&#8243; img_size=\u00bb350&#215;240&#8243; alignment=\u00bbcenter\u00bb onclick=\u00bbcustom_link\u00bb link=\u00bbvienna-pianos\u00bb][vc_column_text el_class=\u00bbproducts-title\u00bb]<a class=\"mega-menu-link\" href=\"https:\/\/www.feurich.com\/es\/productos\/vienna-pianos\/\">VIENNA PIANOS<\/a>[\/vc_column_text][vc_column_text]La \u00faltima innovaci\u00f3n de FEURICH es el modelo vertical 123 &#8211; Vienna. Un enfoque totalmente nuevo y \u00fanico se puede ver en sus componentes centrales como la acci\u00f3n, el mueble y el sistema de pedales.<\/p>\n<p><a href=\"https:\/\/www.feurich.com\/es\/productos\/vienna-pianos\/\">&gt;&gt; continuar<\/a>[\/vc_column_text][\/vc_column][vc_column width=\u00bb1\/3&#8243;][vc_single_image image=\u00bb2394&#8243; img_size=\u00bb350&#215;240&#8243; alignment=\u00bbcenter\u00bb onclick=\u00bbcustom_link\u00bb link=\u00bbclassic-pianos\u00bb][vc_column_text el_class=\u00bbproducts-title\u00bb]<a class=\"mega-menu-link\" href=\"https:\/\/www.feurich.com\/es\/productos\/classic-pianos\/\">CLASSIC PIANOS<\/a>[\/vc_column_text][vc_column_text]Su dise\u00f1o refinado y numerosas innovaciones hacen que los pianos FEURICH sean instrumentos \u00fanicos. Nuestra compromiso: materias primas y componentes de alta calidad, corte y ensamblaje perfectos y el m\u00e1s estricto control de calidad.<\/p>\n<p><a href=\"https:\/\/www.feurich.com\/es\/productos\/classic-pianos\/\">&gt;&gt; continuar<\/a>[\/vc_column_text][\/vc_column][vc_column width=\u00bb1\/3&#8243;][vc_single_image image=\u00bb2398&#8243; img_size=\u00bb350&#215;240&#8243; alignment=\u00bbcenter\u00bb onclick=\u00bbcustom_link\u00bb link=\u00bb\/?page_id=1321&#8243;][vc_column_text el_class=\u00bbproducts-title\u00bb]<a class=\"mega-menu-link\" href=\"https:\/\/www.feurich.com\/es\/productos\/accesorios\/\">ACCESORIOS<\/a>[\/vc_column_text][vc_column_text]Desde sistemas silenciadores hasta banquetas que cuadran con su piano y covertores dise\u00f1ados por FEURICH: aqu\u00ed encontrar\u00e1 accesorios de alta calidad para su instrumento<\/p>\n<p><a href=\"https:\/\/www.feurich.com\/es\/productos\/accesorios\/\">&gt;&gt; continuar<\/a>[\/vc_column_text][\/vc_column][\/vc_row][vc_row][vc_column][vc_empty_space height=\u00bb52px\u00bb][\/vc_column][\/vc_row]<\/p>\n<\/div>","protected":false},"excerpt":{"rendered":"<p>[vc_row][vc_column][rev_slider_vc alias=\u00bbproducts-sl\u00bb][\/vc_column][\/vc_row][vc_row][vc_column width=\u00bb1\/6&#8243;][\/vc_column][vc_column width=\u00bb2\/3&#8243;][vc_empty_space height=\u00bb12px\u00bb][vc_column_text el_class=\u00bbbig-title\u00bb] PIANOS Y PIANOS DE COLA [\/vc_column_text][vc_empty_space height=\u00bb15px\u00bb][vc_column_text]Su dise\u00f1o refinado y las numerosas innovaciones hacen que los pianos FEURICH sean totalmente \u00fanicos. Nuestros procesos de &#8230;<\/p>\n","protected":false},"author":4,"featured_media":0,"parent":0,"menu_order":0,"comment_status":"closed","ping_status":"closed","template":"template-fullwidth.php","meta":{"inline_featured_image":false,"footnotes":""},"class_list":["post-12079","page","type-page","status-publish","hentry"],"acf":[],"yoast_head":"<!-- This site is optimized with the Yoast SEO plugin v24.4 - https:\/\/yoast.com\/wordpress\/plugins\/seo\/ -->\n<title>PIANOS &amp; M\u00c1S - FEURICH<\/title>\n<meta name=\"description\" content=\"Su dise\u00f1o refinado y numerosas innovaciones hacen que los pianos FEURICH sean totalmente \u00fanicos y que convenzan incluso al pianista m\u00e1s exigente.\" \/>\n<meta name=\"robots\" content=\"index, follow, max-snippet:-1, max-image-preview:large, max-video-preview:-1\" \/>\n<link rel=\"canonical\" href=\"https:\/\/feurich.com\/es\/productos\/\" \/>\n<meta property=\"og:locale\" content=\"es_ES\" \/>\n<meta property=\"og:type\" content=\"article\" \/>\n<meta property=\"og:title\" content=\"PIANOS &amp; M\u00c1S - FEURICH\" \/>\n<meta property=\"og:description\" content=\"Su dise\u00f1o refinado y numerosas innovaciones hacen que los pianos FEURICH sean totalmente \u00fanicos y que convenzan incluso al pianista m\u00e1s exigente.\" \/>\n<meta property=\"og:url\" content=\"https:\/\/feurich.com\/es\/productos\/\" \/>\n<meta property=\"og:site_name\" content=\"FEURICH\" \/>\n<meta property=\"article:publisher\" content=\"https:\/\/www.facebook.com\/feurichvienna\/\" \/>\n<meta property=\"article:modified_time\" content=\"2023-11-25T15:19:04+00:00\" \/>\n<meta name=\"twitter:card\" content=\"summary_large_image\" \/>\n<meta name=\"twitter:label1\" content=\"Tiempo de lectura\" \/>\n\t<meta name=\"twitter:data1\" content=\"2 minutos\" \/>\n<script type=\"application\/ld+json\" class=\"yoast-schema-graph\">{\"@context\":\"https:\/\/schema.org\",\"@graph\":[{\"@type\":\"WebPage\",\"@id\":\"https:\/\/feurich.com\/es\/productos\/\",\"url\":\"https:\/\/feurich.com\/es\/productos\/\",\"name\":\"PIANOS & M\u00c1S - FEURICH\",\"isPartOf\":{\"@id\":\"https:\/\/feurich.com\/en\/#website\"},\"datePublished\":\"2018-02-22T08:49:09+00:00\",\"dateModified\":\"2023-11-25T15:19:04+00:00\",\"description\":\"Su dise\u00f1o refinado y numerosas innovaciones hacen que los pianos FEURICH sean totalmente \u00fanicos y que convenzan incluso al pianista m\u00e1s exigente.\",\"breadcrumb\":{\"@id\":\"https:\/\/feurich.com\/es\/productos\/#breadcrumb\"},\"inLanguage\":\"es\",\"potentialAction\":[{\"@type\":\"ReadAction\",\"target\":[\"https:\/\/feurich.com\/es\/productos\/\"]}]},{\"@type\":\"BreadcrumbList\",\"@id\":\"https:\/\/feurich.com\/es\/productos\/#breadcrumb\",\"itemListElement\":[{\"@type\":\"ListItem\",\"position\":1,\"name\":\"Home\",\"item\":\"https:\/\/feurich.com\/es\/\"},{\"@type\":\"ListItem\",\"position\":2,\"name\":\"Productos\"}]},{\"@type\":\"WebSite\",\"@id\":\"https:\/\/feurich.com\/en\/#website\",\"url\":\"https:\/\/feurich.com\/en\/\",\"name\":\"FEURICH\",\"description\":\"A sound that connects\",\"publisher\":{\"@id\":\"https:\/\/feurich.com\/en\/#organization\"},\"potentialAction\":[{\"@type\":\"SearchAction\",\"target\":{\"@type\":\"EntryPoint\",\"urlTemplate\":\"https:\/\/feurich.com\/en\/?s={search_term_string}\"},\"query-input\":{\"@type\":\"PropertyValueSpecification\",\"valueRequired\":true,\"valueName\":\"search_term_string\"}}],\"inLanguage\":\"es\"},{\"@type\":\"Organization\",\"@id\":\"https:\/\/feurich.com\/en\/#organization\",\"name\":\"FEURICH\",\"url\":\"https:\/\/feurich.com\/en\/\",\"logo\":{\"@type\":\"ImageObject\",\"inLanguage\":\"es\",\"@id\":\"https:\/\/feurich.com\/en\/#\/schema\/logo\/image\/\",\"url\":\"https:\/\/feurich.com\/wp-content\/uploads\/logo.png\",\"contentUrl\":\"https:\/\/feurich.com\/wp-content\/uploads\/logo.png\",\"width\":354,\"height\":151,\"caption\":\"FEURICH\"},\"image\":{\"@id\":\"https:\/\/feurich.com\/en\/#\/schema\/logo\/image\/\"},\"sameAs\":[\"https:\/\/www.facebook.com\/feurichvienna\/\"]}]}<\/script>\n<!-- \/ Yoast SEO plugin. -->","yoast_head_json":{"title":"PIANOS & M\u00c1S - FEURICH","description":"Su dise\u00f1o refinado y numerosas innovaciones hacen que los pianos FEURICH sean totalmente \u00fanicos y que convenzan incluso al pianista m\u00e1s exigente.","robots":{"index":"index","follow":"follow","max-snippet":"max-snippet:-1","max-image-preview":"max-image-preview:large","max-video-preview":"max-video-preview:-1"},"canonical":"https:\/\/feurich.com\/es\/productos\/","og_locale":"es_ES","og_type":"article","og_title":"PIANOS & M\u00c1S - FEURICH","og_description":"Su dise\u00f1o refinado y numerosas innovaciones hacen que los pianos FEURICH sean totalmente \u00fanicos y que convenzan incluso al pianista m\u00e1s exigente.","og_url":"https:\/\/feurich.com\/es\/productos\/","og_site_name":"FEURICH","article_publisher":"https:\/\/www.facebook.com\/feurichvienna\/","article_modified_time":"2023-11-25T15:19:04+00:00","twitter_card":"summary_large_image","twitter_misc":{"Tiempo de lectura":"2 minutos"},"schema":{"@context":"https:\/\/schema.org","@graph":[{"@type":"WebPage","@id":"https:\/\/feurich.com\/es\/productos\/","url":"https:\/\/feurich.com\/es\/productos\/","name":"PIANOS & M\u00c1S - FEURICH","isPartOf":{"@id":"https:\/\/feurich.com\/en\/#website"},"datePublished":"2018-02-22T08:49:09+00:00","dateModified":"2023-11-25T15:19:04+00:00","description":"Su dise\u00f1o refinado y numerosas innovaciones hacen que los pianos FEURICH sean totalmente \u00fanicos y que convenzan incluso al pianista m\u00e1s exigente.","breadcrumb":{"@id":"https:\/\/feurich.com\/es\/productos\/#breadcrumb"},"inLanguage":"es","potentialAction":[{"@type":"ReadAction","target":["https:\/\/feurich.com\/es\/productos\/"]}]},{"@type":"BreadcrumbList","@id":"https:\/\/feurich.com\/es\/productos\/#breadcrumb","itemListElement":[{"@type":"ListItem","position":1,"name":"Home","item":"https:\/\/feurich.com\/es\/"},{"@type":"ListItem","position":2,"name":"Productos"}]},{"@type":"WebSite","@id":"https:\/\/feurich.com\/en\/#website","url":"https:\/\/feurich.com\/en\/","name":"FEURICH","description":"A sound that connects","publisher":{"@id":"https:\/\/feurich.com\/en\/#organization"},"potentialAction":[{"@type":"SearchAction","target":{"@type":"EntryPoint","urlTemplate":"https:\/\/feurich.com\/en\/?s={search_term_string}"},"query-input":{"@type":"PropertyValueSpecification","valueRequired":true,"valueName":"search_term_string"}}],"inLanguage":"es"},{"@type":"Organization","@id":"https:\/\/feurich.com\/en\/#organization","name":"FEURICH","url":"https:\/\/feurich.com\/en\/","logo":{"@type":"ImageObject","inLanguage":"es","@id":"https:\/\/feurich.com\/en\/#\/schema\/logo\/image\/","url":"https:\/\/feurich.com\/wp-content\/uploads\/logo.png","contentUrl":"https:\/\/feurich.com\/wp-content\/uploads\/logo.png","width":354,"height":151,"caption":"FEURICH"},"image":{"@id":"https:\/\/feurich.com\/en\/#\/schema\/logo\/image\/"},"sameAs":["https:\/\/www.facebook.com\/feurichvienna\/"]}]}},"_links":{"self":[{"href":"https:\/\/feurich.com\/es\/wp-json\/wp\/v2\/pages\/12079","targetHints":{"allow":["GET"]}}],"collection":[{"href":"https:\/\/feurich.com\/es\/wp-json\/wp\/v2\/pages"}],"about":[{"href":"https:\/\/feurich.com\/es\/wp-json\/wp\/v2\/types\/page"}],"author":[{"embeddable":true,"href":"https:\/\/feurich.com\/es\/wp-json\/wp\/v2\/users\/4"}],"replies":[{"embeddable":true,"href":"https:\/\/feurich.com\/es\/wp-json\/wp\/v2\/comments?post=12079"}],"version-history":[{"count":38,"href":"https:\/\/feurich.com\/es\/wp-json\/wp\/v2\/pages\/12079\/revisions"}],"predecessor-version":[{"id":72707,"href":"https:\/\/feurich.com\/es\/wp-json\/wp\/v2\/pages\/12079\/revisions\/72707"}],"wp:attachment":[{"href":"https:\/\/feurich.com\/es\/wp-json\/wp\/v2\/media?parent=12079"}],"curies":[{"name":"wp","href":"https:\/\/api.w.org\/{rel}","templated":true}]}}