{"id":12045,"date":"2018-02-20T18:35:18","date_gmt":"2018-02-20T18:35:18","guid":{"rendered":"https:\/\/www.feurich.com\/mod-162-dynamic-i-detalles\/"},"modified":"2022-02-25T08:07:24","modified_gmt":"2022-02-25T08:07:24","slug":"mod-162-dynamic-i-detalles","status":"publish","type":"page","link":"https:\/\/feurich.com\/es\/productos\/classic-pianos\/piano-de-cola-mod-162-dynamic-i\/mod-162-dynamic-i-detalles\/","title":{"rendered":"Mod. 162 &#8211; Dynamic I: Detalles"},"content":{"rendered":"<div class=\"wpb-content-wrapper\"><p>[vc_row][vc_column][vc_column_text]<ul class=\"piano-menu\" page-id=\"12129\"><li class=\"piano-menu-item\"><a class=\"piano-menu-link \" href=\"https:\/\/feurich.com\/es\/productos\/classic-pianos\/piano-mod-115-premiere\/\">115 \u2013 Premiere<\/a><\/li><li class=\"piano-menu-item\"><a class=\"piano-menu-link \" href=\"https:\/\/feurich.com\/es\/productos\/classic-pianos\/piano-mod-122-universal\/\">122 \u2013 Universal<\/a><\/li><li class=\"piano-menu-item\"><a class=\"piano-menu-link \" href=\"https:\/\/feurich.com\/es\/productos\/classic-pianos\/piano-mod-125-design\/\">125 \u2013 Design<\/a><\/li><li class=\"piano-menu-item\"><a class=\"piano-menu-link \" href=\"https:\/\/feurich.com\/es\/productos\/classic-pianos\/piano-mod-133-concert\/\">133 \u2013 Concert<\/a><\/li><li class=\"piano-menu-item\"><a class=\"piano-menu-link piano-menu-link-active\" href=\"https:\/\/feurich.com\/es\/productos\/classic-pianos\/piano-de-cola-mod-162-dynamic-i\/\">162 \u2013 Dynamic I<\/a><\/li><li class=\"piano-menu-item\"><a class=\"piano-menu-link \" href=\"https:\/\/feurich.com\/es\/productos\/classic-pianos\/179-dynamic-ii\/\">179 \u2013 Dynamic II<\/a><\/li><li class=\"piano-menu-item\"><a class=\"piano-menu-link \" href=\"https:\/\/feurich.com\/es\/productos\/classic-pianos\/piano-de-cola-218-concert-i\/\">218 \u2013 Concert I<\/a><\/li><\/ul>[\/vc_column_text][vc_column_text el_class=\u00bbbig-title\u00bb]<\/p>\n<p style=\"text-align: center;\">FEURICH Mod. 162 \u2013 Dynamic I<\/p>\n<p>[\/vc_column_text][\/vc_column][\/vc_row][vc_row][vc_column width=\u00bb1\/2&#8243;][vc_column_text]<div class=\"wonderplugingallery-container\" id=\"wonderplugingallery-container-5\" style=\"max-width:550px;margin:0 auto;\"><div class=\"wonderplugingallery\" id=\"wonderplugingallery-5\" data-galleryid=\"5\" data-width=\"550\" data-height=\"400\" data-skin=\"gallerywithtext\" data-random=\"false\" data-autoslide=\"false\" data-autoplayvideo=\"false\" data-schemamarkup=\"false\" data-stopallplaying=\"false\" data-hidetitlewhenvideoisplaying=\"false\" data-disablehovereventontouch=\"false\" data-autoslideandplayafterfirstplayed=\"false\" data-html5player=\"true\" data-responsive=\"true\" data-fullwidth=\"false\" data-showtitle=\"true\" data-showdescription=\"true\" data-showplaybutton=\"false\" data-showfullscreenbutton=\"true\" data-showtimer=\"false\" data-showcarousel=\"true\" data-galleryshadow=\"false\" data-slideshadow=\"false\" data-thumbshowtitle=\"false\" data-thumbshadow=\"false\" data-lightboxshowtitle=\"true\" data-lightboxshowdescription=\"true\" data-specifyid=\"true\" data-donotinit=\"false\" data-addinitscript=\"true\" data-triggerresize=\"false\" data-thumbcolumnsresponsive=\"false\" data-showimgtitle=\"false\" data-titlesmallscreen=\"false\" data-initsocial=\"true\" data-showsocial=\"false\" data-showemail=\"false\" data-showfacebook=\"true\" data-showtwitter=\"true\" data-showpinterest=\"true\" data-socialrotateeffect=\"true\" data-doshortcodeontext=\"false\" data-duration=\"1500\" data-slideduration=\"1000\" data-slideshowinterval=\"6000\" data-googleanalyticsaccount=\"\" data-resizemode=\"fill\" data-imagetoolboxmode=\"hide\" data-effect=\"fadeinout\" data-padding=\"12\" data-bgcolor=\"\" data-bgimage=\"\" data-thumbwidth=\"54\" data-thumbheight=\"42\" data-thumbgap=\"8\" data-thumbrowgap=\"16\" data-lightboxtextheight=\"72\" data-lightboxtitlecss=\"{color:#333333; font:bold 12px Arial,Helvetica,sans-serif; overflow:hidden; white-space:normal; line-height:18px;}\" data-lightboxdescriptioncss=\"{color:#333333; font:normal 12px Arial,Helvetica,sans-serif; overflow:hidden; white-space:normal; line-height:14px;}\" data-titlecss=\"{color:#333;font-size:14px;font-family:Armata,sans-serif,Arial;overflow:hidden;text-align:center;padding:16px 8px 4px 8px;display:none}\" data-descriptioncss=\"{color:#333;font-size:14px;font-family:Arial,Helvetica,sans-serif;overflow:hidden;text-align:center;padding:4px 8px; padding-top: 15px;}\" data-titleheight=\"35\" data-titlesmallscreenwidth=\"640\" data-titleheightsmallscreen=\"148\" data-socialmode=\"mouseover\" data-socialposition=\"position:absolute;top:8px;right:8px;\" data-socialpositionlightbox=\"position:absolute;top:8px;right:8px;\" data-socialdirection=\"horizontal\" data-socialbuttonsize=\"32\" data-socialbuttonfontsize=\"18\" data-triggerresizedelay=\"100\" data-thumbmediumsize=\"800\" data-thumbsmallsize=\"480\" data-thumbmediumwidth=\"64\" data-thumbmediumheight=\"64\" data-thumbsmallwidth=\"48\" data-thumbsmallheight=\"48\" data-imgtitle=\"title\" data-jsfolder=\"https:\/\/feurich.com\/wp-content\/plugins\/wonderplugin-gallery\/engine\/\" style=\"display:none;\" ><a href=\"https:\/\/www.feurich.com\/wp-content\/uploads\/Mod._162_-_Dynamic_I_10black_brass.png\" data-mediatype=1><img decoding=\"async\" class=\"html5galleryimg\" src=\"https:\/\/www.feurich.com\/wp-content\/uploads\/Mod._162_-_Dynamic_I_10black_brass-1024x768.png\" alt=\"Mod._162_-_Dynamic_I_#10black_brass\" data-description=\"Negro pulido- Dorado\"><\/a><a href=\"https:\/\/www.feurich.com\/wp-content\/uploads\/Mod._162_-_Dynamic_I_10black_chrome.png\" data-mediatype=1><img decoding=\"async\" class=\"html5galleryimg\" src=\"https:\/\/www.feurich.com\/wp-content\/uploads\/Mod._162_-_Dynamic_I_10black_chrome-1024x768.png\" alt=\"Mod._162_-_Dynamic_I_#10black_chrome\" data-description=\"Negro pulido- Cromo\"><\/a><a href=\"https:\/\/www.feurich.com\/wp-content\/uploads\/Mod._162_-_Dynamic_I_11white_chrome-1.png\" data-mediatype=1><img decoding=\"async\" class=\"html5galleryimg\" src=\"https:\/\/www.feurich.com\/wp-content\/uploads\/Mod._162_-_Dynamic_I_11white_chrome-1-1024x768.png\" alt=\"Mod._162_-_Dynamic_I_#11white_chrome\" data-description=\"Blanco pulido\u2013 Cromo\"><\/a><a href=\"https:\/\/www.feurich.com\/wp-content\/uploads\/Mod._162_-_Dynamic_I_11white_brass.png\" data-mediatype=1><img decoding=\"async\" class=\"html5galleryimg\" src=\"https:\/\/www.feurich.com\/wp-content\/uploads\/Mod._162_-_Dynamic_I_11white_brass-1024x768.png\" alt=\"Mod._162_-_Dynamic_I_#11white_brass\" data-description=\"Blanco pulido\u2013 Dorado\"><\/a><a href=\"https:\/\/www.feurich.com\/wp-content\/uploads\/Mod._162_-_Dynamic_I_bordeaux_polished.png\" data-mediatype=1><img decoding=\"async\" class=\"html5galleryimg\" src=\"https:\/\/www.feurich.com\/wp-content\/uploads\/Mod._162_-_Dynamic_I_bordeaux_polished-1024x768.png\" alt=\"Bordeaux poliert\" data-title=\"Mod._162_-_Dynamic_I_bordeaux_polished\" data-description=\"Bordeaux pulido\"><\/a><a href=\"https:\/\/www.feurich.com\/wp-content\/uploads\/Mod._162_-_Dynamic_I_18walnut_satin.png\" data-mediatype=1><img decoding=\"async\" class=\"html5galleryimg\" src=\"https:\/\/www.feurich.com\/wp-content\/uploads\/Mod._162_-_Dynamic_I_18walnut_satin-1024x768.png\" alt=\"Mod._162_-_Dynamic_I_#18walnut_satin\" data-description=\"Nogal satinado\"><\/a><div class=\"wonderplugin-engine\"><a href=\"http:\/\/www.wonderplugin.com\/wordpress-gallery\/\" title=\"WordPress YouTube Gallery Plugin\">WordPress YouTube Gallery Plugin<\/a><\/div><\/div><\/div><script>jQuery(document).ready(function(){jQuery(\".wonderplugin-engine\").css({display:\"none\"});jQuery(\".wonderplugingallery\").wonderplugingallery({forceinit:true});});<\/script>[\/vc_column_text][\/vc_column][vc_column width=\u00bb1\/2&#8243;][vc_column_text]Nuestro modelo 162 &#8211; Dynamic I es apreciado en todo el mundo como instrumento de ense\u00f1anza y acompa\u00f1amiento . Como uno de los pocos pianos de cola de este tama\u00f1o, ofrece una experiencia sonora completa <strong>incluso en los registros bajos<\/strong> y permite una afinaci\u00f3n perfecta.<\/p>\n<p>El alambre de acero inoxidable de las cuerdas Paulello constituyen una innovaci\u00f3n que mejora significativamente el sonido y la longevidad del instrumento. El modelo 162 &#8211; Dynamic I ofrece un <strong>rango din\u00e1mico excepcional y gran claridad para un instrumento de su tama\u00f1o.<\/strong><\/p>\n<p>\u2022 solo 162 cm de largo, ideal para espacios peque\u00f1os<br \/>\n\u2022 bajos impresionantes para un piano de cola de su tama\u00f1o<br \/>\n\u2022 sonido limpio y puro en todos los registros<br \/>\n\u2022 Escala d\u00faplex para un brillo sin igual en los agudos<br \/>\n\u2022 Clavijero de laminado m\u00faltiple resistente a cambios clim\u00e1ticos<br \/>\n\u2022 Alambre de acero inoxidable de las cuerdas <a href=\"https:\/\/feurich.com\/es\/sobre-nosotros\/grupo-de-expertos\/stephen-paulello\/\">Paulello<\/a><br \/>\n\u2022 Mec\u00e1nica innovadora FEURICH para un ataque r\u00e1pido y preciso<br \/>\n\u2022 Fieltros de los martillos de <a href=\"http:\/\/filzfabrik-wurzen.de\/produkte\/filze-fuer-musikinstrumente\/\">Fieltros Wurzen Calidad AA<\/a>.<br \/>\n\u2022 Cubierta\u00a0de madera para teclas negras para una sensaci\u00f3n de toque<br \/>\nparticularmente aut\u00e9ntica<br \/>\n\u2022 Dise\u00f1o del atril para notas FEURICH con l\u00e1mpara LED integrada antireflejo (<span class=\"tlid-translation translation\" lang=\"es\"><span class=\"\" title=\"\">solo en modelos en blanco y negro<\/span><\/span>)<\/p>\n<p>El modelo FEURICH 162 &#8211; Dynamic I est\u00e1 disponible en diferentes colores y adem\u00e1s puede ser equipado con el <a href=\"https:\/\/feurich.com\/es\/innovaciones\/silencer\/\">FEURICH Silencer System<\/a>. \u00bfDesea saber m\u00e1s? Nos alegraremos con su <a href=\"https:\/\/feurich.com\/es\/informacion-contacto\/contacto\/\">mensaje!<\/a>![\/vc_column_text][\/vc_column][\/vc_row][vc_row][vc_column][vc_masonry_media_grid element_width=\u00bb2&#8243; item=\u00bbmediaGrid_Default\u00bb grid_id=\u00bbvc_gid:1583416005932-a127616e-2c29-6&#8243; include=\u00bb17038,17041,17047,17053,17044,17050&#8243;][\/vc_column][\/vc_row][vc_row][vc_column width=\u00bb1\/3&#8243;][vc_column_text]<\/p>\n<h3>DESCARGAR FICHA T\u00c9CNICA<\/h3>\n<p>[\/vc_column_text][vc_single_image image=\u00bb8695&#8243; onclick=\u00bbcustom_link\u00bb img_link_target=\u00bb_blank\u00bb link=\u00bb\/wp-content\/uploads\/Hoja_t\u00e9cnica_web_162.pdf\u00bb][\/vc_column][vc_column width=\u00bb1\/3&#8243;][vc_column_text]<\/p>\n<h3>VIDEO<\/h3>\n<p>[\/vc_column_text][vc_column_text]<div class=\"wpb_video_widget wpb_content_element product-video vc_clearfix vc_video-aspect-ratio-43 vc_video-el-width-100 vc_video-align-left\"><div class=\"wpb_wrapper\"><div class=\"wpb_video_wrapper\"><div class=\"fluid-width-video-wrapper\"><iframe src=\"https:\/\/www.youtube.com\/embed\/AbJO4AcbbHk?feature=oembed\" frameborder=\"0\" gesture=\"media\" allow=\"encrypted-media\" allowfullscreen=\"\" class=\"vid-youtube\"><\/iframe><\/div><\/div><\/div><\/div>[\/vc_column_text][\/vc_column][vc_column width=\u00bb1\/3&#8243;][vc_column_text]<\/p>\n<h3>MEDIDAS<\/h3>\n<p>[\/vc_column_text][vc_single_image image=\u00bb16359&#8243; img_size=\u00bb360&#215;260&#8243;][\/vc_column][\/vc_row]<\/p>\n<\/div>","protected":false},"excerpt":{"rendered":"<p>El modelo FEURICH 162 &#8211; Dynamic I ofrece, para un instrumento de su tama\u00f1o, bajos llenos, un rango din\u00e1mico excepcional y claridad fina.<\/p>\n","protected":false},"author":7,"featured_media":0,"parent":12161,"menu_order":0,"comment_status":"closed","ping_status":"closed","template":"","meta":{"inline_featured_image":false,"footnotes":""},"class_list":["post-12045","page","type-page","status-publish","hentry"],"acf":[],"yoast_head":"<!-- This site is optimized with the Yoast SEO plugin v24.4 - https:\/\/yoast.com\/wordpress\/plugins\/seo\/ -->\n<title>Mod. 162 - Dynamic I: Detalles - FEURICH<\/title>\n<meta name=\"robots\" content=\"index, follow, max-snippet:-1, max-image-preview:large, max-video-preview:-1\" \/>\n<link rel=\"canonical\" href=\"https:\/\/feurich.com\/es\/productos\/classic-pianos\/piano-de-cola-mod-162-dynamic-i\/mod-162-dynamic-i-detalles\/\" \/>\n<meta property=\"og:locale\" content=\"es_ES\" \/>\n<meta property=\"og:type\" content=\"article\" \/>\n<meta property=\"og:title\" content=\"Mod. 162 - Dynamic I: Detalles - FEURICH\" \/>\n<meta property=\"og:description\" content=\"El modelo FEURICH 162 - Dynamic I ofrece, para un instrumento de su tama\u00f1o, bajos llenos, un rango din\u00e1mico excepcional y claridad fina.\" \/>\n<meta property=\"og:url\" content=\"https:\/\/feurich.com\/es\/productos\/classic-pianos\/piano-de-cola-mod-162-dynamic-i\/mod-162-dynamic-i-detalles\/\" \/>\n<meta property=\"og:site_name\" content=\"FEURICH\" \/>\n<meta property=\"article:publisher\" content=\"https:\/\/www.facebook.com\/feurichvienna\/\" \/>\n<meta property=\"article:modified_time\" content=\"2022-02-25T08:07:24+00:00\" \/>\n<meta name=\"twitter:card\" content=\"summary_large_image\" \/>\n<meta name=\"twitter:label1\" content=\"Tiempo de lectura\" \/>\n\t<meta name=\"twitter:data1\" content=\"2 minutos\" \/>\n<script type=\"application\/ld+json\" class=\"yoast-schema-graph\">{\"@context\":\"https:\/\/schema.org\",\"@graph\":[{\"@type\":\"WebPage\",\"@id\":\"https:\/\/feurich.com\/es\/productos\/classic-pianos\/piano-de-cola-mod-162-dynamic-i\/mod-162-dynamic-i-detalles\/\",\"url\":\"https:\/\/feurich.com\/es\/productos\/classic-pianos\/piano-de-cola-mod-162-dynamic-i\/mod-162-dynamic-i-detalles\/\",\"name\":\"Mod. 162 - Dynamic I: Detalles - FEURICH\",\"isPartOf\":{\"@id\":\"https:\/\/feurich.com\/en\/#website\"},\"datePublished\":\"2018-02-20T18:35:18+00:00\",\"dateModified\":\"2022-02-25T08:07:24+00:00\",\"breadcrumb\":{\"@id\":\"https:\/\/feurich.com\/es\/productos\/classic-pianos\/piano-de-cola-mod-162-dynamic-i\/mod-162-dynamic-i-detalles\/#breadcrumb\"},\"inLanguage\":\"es\",\"potentialAction\":[{\"@type\":\"ReadAction\",\"target\":[\"https:\/\/feurich.com\/es\/productos\/classic-pianos\/piano-de-cola-mod-162-dynamic-i\/mod-162-dynamic-i-detalles\/\"]}]},{\"@type\":\"BreadcrumbList\",\"@id\":\"https:\/\/feurich.com\/es\/productos\/classic-pianos\/piano-de-cola-mod-162-dynamic-i\/mod-162-dynamic-i-detalles\/#breadcrumb\",\"itemListElement\":[{\"@type\":\"ListItem\",\"position\":1,\"name\":\"Home\",\"item\":\"https:\/\/feurich.com\/es\/\"},{\"@type\":\"ListItem\",\"position\":2,\"name\":\"Productos\",\"item\":\"https:\/\/feurich.com\/es\/productos\/\"},{\"@type\":\"ListItem\",\"position\":3,\"name\":\"Classic Pianos\",\"item\":\"https:\/\/feurich.com\/es\/productos\/classic-pianos\/\"},{\"@type\":\"ListItem\",\"position\":4,\"name\":\"Piano de cola Mod. 162 \u2013 Dynamic I\",\"item\":\"https:\/\/feurich.com\/es\/productos\/classic-pianos\/piano-de-cola-mod-162-dynamic-i\/\"},{\"@type\":\"ListItem\",\"position\":5,\"name\":\"Mod. 162 &#8211; Dynamic I: Detalles\"}]},{\"@type\":\"WebSite\",\"@id\":\"https:\/\/feurich.com\/en\/#website\",\"url\":\"https:\/\/feurich.com\/en\/\",\"name\":\"FEURICH\",\"description\":\"A sound that connects\",\"publisher\":{\"@id\":\"https:\/\/feurich.com\/en\/#organization\"},\"potentialAction\":[{\"@type\":\"SearchAction\",\"target\":{\"@type\":\"EntryPoint\",\"urlTemplate\":\"https:\/\/feurich.com\/en\/?s={search_term_string}\"},\"query-input\":{\"@type\":\"PropertyValueSpecification\",\"valueRequired\":true,\"valueName\":\"search_term_string\"}}],\"inLanguage\":\"es\"},{\"@type\":\"Organization\",\"@id\":\"https:\/\/feurich.com\/en\/#organization\",\"name\":\"FEURICH\",\"url\":\"https:\/\/feurich.com\/en\/\",\"logo\":{\"@type\":\"ImageObject\",\"inLanguage\":\"es\",\"@id\":\"https:\/\/feurich.com\/en\/#\/schema\/logo\/image\/\",\"url\":\"https:\/\/feurich.com\/wp-content\/uploads\/logo.png\",\"contentUrl\":\"https:\/\/feurich.com\/wp-content\/uploads\/logo.png\",\"width\":354,\"height\":151,\"caption\":\"FEURICH\"},\"image\":{\"@id\":\"https:\/\/feurich.com\/en\/#\/schema\/logo\/image\/\"},\"sameAs\":[\"https:\/\/www.facebook.com\/feurichvienna\/\"]}]}<\/script>\n<!-- \/ Yoast SEO plugin. -->","yoast_head_json":{"title":"Mod. 162 - Dynamic I: Detalles - FEURICH","robots":{"index":"index","follow":"follow","max-snippet":"max-snippet:-1","max-image-preview":"max-image-preview:large","max-video-preview":"max-video-preview:-1"},"canonical":"https:\/\/feurich.com\/es\/productos\/classic-pianos\/piano-de-cola-mod-162-dynamic-i\/mod-162-dynamic-i-detalles\/","og_locale":"es_ES","og_type":"article","og_title":"Mod. 162 - Dynamic I: Detalles - FEURICH","og_description":"El modelo FEURICH 162 - Dynamic I ofrece, para un instrumento de su tama\u00f1o, bajos llenos, un rango din\u00e1mico excepcional y claridad fina.","og_url":"https:\/\/feurich.com\/es\/productos\/classic-pianos\/piano-de-cola-mod-162-dynamic-i\/mod-162-dynamic-i-detalles\/","og_site_name":"FEURICH","article_publisher":"https:\/\/www.facebook.com\/feurichvienna\/","article_modified_time":"2022-02-25T08:07:24+00:00","twitter_card":"summary_large_image","twitter_misc":{"Tiempo de lectura":"2 minutos"},"schema":{"@context":"https:\/\/schema.org","@graph":[{"@type":"WebPage","@id":"https:\/\/feurich.com\/es\/productos\/classic-pianos\/piano-de-cola-mod-162-dynamic-i\/mod-162-dynamic-i-detalles\/","url":"https:\/\/feurich.com\/es\/productos\/classic-pianos\/piano-de-cola-mod-162-dynamic-i\/mod-162-dynamic-i-detalles\/","name":"Mod. 162 - Dynamic I: Detalles - FEURICH","isPartOf":{"@id":"https:\/\/feurich.com\/en\/#website"},"datePublished":"2018-02-20T18:35:18+00:00","dateModified":"2022-02-25T08:07:24+00:00","breadcrumb":{"@id":"https:\/\/feurich.com\/es\/productos\/classic-pianos\/piano-de-cola-mod-162-dynamic-i\/mod-162-dynamic-i-detalles\/#breadcrumb"},"inLanguage":"es","potentialAction":[{"@type":"ReadAction","target":["https:\/\/feurich.com\/es\/productos\/classic-pianos\/piano-de-cola-mod-162-dynamic-i\/mod-162-dynamic-i-detalles\/"]}]},{"@type":"BreadcrumbList","@id":"https:\/\/feurich.com\/es\/productos\/classic-pianos\/piano-de-cola-mod-162-dynamic-i\/mod-162-dynamic-i-detalles\/#breadcrumb","itemListElement":[{"@type":"ListItem","position":1,"name":"Home","item":"https:\/\/feurich.com\/es\/"},{"@type":"ListItem","position":2,"name":"Productos","item":"https:\/\/feurich.com\/es\/productos\/"},{"@type":"ListItem","position":3,"name":"Classic Pianos","item":"https:\/\/feurich.com\/es\/productos\/classic-pianos\/"},{"@type":"ListItem","position":4,"name":"Piano de cola Mod. 162 \u2013 Dynamic I","item":"https:\/\/feurich.com\/es\/productos\/classic-pianos\/piano-de-cola-mod-162-dynamic-i\/"},{"@type":"ListItem","position":5,"name":"Mod. 162 &#8211; Dynamic I: Detalles"}]},{"@type":"WebSite","@id":"https:\/\/feurich.com\/en\/#website","url":"https:\/\/feurich.com\/en\/","name":"FEURICH","description":"A sound that connects","publisher":{"@id":"https:\/\/feurich.com\/en\/#organization"},"potentialAction":[{"@type":"SearchAction","target":{"@type":"EntryPoint","urlTemplate":"https:\/\/feurich.com\/en\/?s={search_term_string}"},"query-input":{"@type":"PropertyValueSpecification","valueRequired":true,"valueName":"search_term_string"}}],"inLanguage":"es"},{"@type":"Organization","@id":"https:\/\/feurich.com\/en\/#organization","name":"FEURICH","url":"https:\/\/feurich.com\/en\/","logo":{"@type":"ImageObject","inLanguage":"es","@id":"https:\/\/feurich.com\/en\/#\/schema\/logo\/image\/","url":"https:\/\/feurich.com\/wp-content\/uploads\/logo.png","contentUrl":"https:\/\/feurich.com\/wp-content\/uploads\/logo.png","width":354,"height":151,"caption":"FEURICH"},"image":{"@id":"https:\/\/feurich.com\/en\/#\/schema\/logo\/image\/"},"sameAs":["https:\/\/www.facebook.com\/feurichvienna\/"]}]}},"_links":{"self":[{"href":"https:\/\/feurich.com\/es\/wp-json\/wp\/v2\/pages\/12045","targetHints":{"allow":["GET"]}}],"collection":[{"href":"https:\/\/feurich.com\/es\/wp-json\/wp\/v2\/pages"}],"about":[{"href":"https:\/\/feurich.com\/es\/wp-json\/wp\/v2\/types\/page"}],"author":[{"embeddable":true,"href":"https:\/\/feurich.com\/es\/wp-json\/wp\/v2\/users\/7"}],"replies":[{"embeddable":true,"href":"https:\/\/feurich.com\/es\/wp-json\/wp\/v2\/comments?post=12045"}],"version-history":[{"count":40,"href":"https:\/\/feurich.com\/es\/wp-json\/wp\/v2\/pages\/12045\/revisions"}],"predecessor-version":[{"id":57733,"href":"https:\/\/feurich.com\/es\/wp-json\/wp\/v2\/pages\/12045\/revisions\/57733"}],"up":[{"embeddable":true,"href":"https:\/\/feurich.com\/es\/wp-json\/wp\/v2\/pages\/12161"}],"wp:attachment":[{"href":"https:\/\/feurich.com\/es\/wp-json\/wp\/v2\/media?parent=12045"}],"curies":[{"name":"wp","href":"https:\/\/api.w.org\/{rel}","templated":true}]}}