{"id":12026,"date":"2018-02-20T16:10:34","date_gmt":"2018-02-20T16:10:34","guid":{"rendered":"https:\/\/www.feurich.com\/mod-179-dynamic-ii-detalles\/"},"modified":"2022-02-25T08:07:51","modified_gmt":"2022-02-25T08:07:51","slug":"mod-179-dynamic-ii-detalles","status":"publish","type":"page","link":"https:\/\/feurich.com\/es\/productos\/classic-pianos\/179-dynamic-ii\/mod-179-dynamic-ii-detalles\/","title":{"rendered":"Mod. 179 &#8211; Dynamic II: Detalles"},"content":{"rendered":"<div class=\"wpb-content-wrapper\"><p>[vc_row][vc_column][vc_column_text]<ul class=\"piano-menu\" page-id=\"12129\"><li class=\"piano-menu-item\"><a class=\"piano-menu-link \" href=\"https:\/\/feurich.com\/es\/productos\/classic-pianos\/piano-mod-115-premiere\/\">115 \u2013 Premiere<\/a><\/li><li class=\"piano-menu-item\"><a class=\"piano-menu-link \" href=\"https:\/\/feurich.com\/es\/productos\/classic-pianos\/piano-mod-122-universal\/\">122 \u2013 Universal<\/a><\/li><li class=\"piano-menu-item\"><a class=\"piano-menu-link \" href=\"https:\/\/feurich.com\/es\/productos\/classic-pianos\/piano-mod-125-design\/\">125 \u2013 Design<\/a><\/li><li class=\"piano-menu-item\"><a class=\"piano-menu-link \" href=\"https:\/\/feurich.com\/es\/productos\/classic-pianos\/piano-mod-133-concert\/\">133 \u2013 Concert<\/a><\/li><li class=\"piano-menu-item\"><a class=\"piano-menu-link \" href=\"https:\/\/feurich.com\/es\/productos\/classic-pianos\/piano-de-cola-mod-162-dynamic-i\/\">162 \u2013 Dynamic I<\/a><\/li><li class=\"piano-menu-item\"><a class=\"piano-menu-link piano-menu-link-active\" href=\"https:\/\/feurich.com\/es\/productos\/classic-pianos\/179-dynamic-ii\/\">179 \u2013 Dynamic II<\/a><\/li><li class=\"piano-menu-item\"><a class=\"piano-menu-link \" href=\"https:\/\/feurich.com\/es\/productos\/classic-pianos\/piano-de-cola-218-concert-i\/\">218 \u2013 Concert I<\/a><\/li><\/ul>[\/vc_column_text][vc_column_text el_class=\u00bbbig-title\u00bb]<\/p>\n<p style=\"text-align: center;\">FEURICH 179 \u2013 Dynamic II<\/p>\n<p>[\/vc_column_text][\/vc_column][\/vc_row][vc_row][vc_column width=\u00bb1\/2&#8243;][vc_column_text]<div class=\"wonderplugingallery-container\" id=\"wonderplugingallery-container-7\" style=\"max-width:550px;margin:0 auto;\"><div class=\"wonderplugingallery\" id=\"wonderplugingallery-7\" data-galleryid=\"7\" data-width=\"550\" data-height=\"400\" data-skin=\"gallerywithtext\" data-random=\"false\" data-autoslide=\"false\" data-autoplayvideo=\"false\" data-schemamarkup=\"false\" data-stopallplaying=\"false\" data-hidetitlewhenvideoisplaying=\"false\" data-disablehovereventontouch=\"false\" data-autoslideandplayafterfirstplayed=\"false\" data-html5player=\"true\" data-responsive=\"true\" data-fullwidth=\"false\" data-showtitle=\"true\" data-showdescription=\"true\" data-showplaybutton=\"false\" data-showfullscreenbutton=\"true\" data-showtimer=\"false\" data-showcarousel=\"true\" data-galleryshadow=\"false\" data-slideshadow=\"false\" data-thumbshowtitle=\"false\" data-thumbshadow=\"false\" data-lightboxshowtitle=\"true\" data-lightboxshowdescription=\"true\" data-specifyid=\"true\" data-donotinit=\"false\" data-addinitscript=\"true\" data-triggerresize=\"false\" data-thumbcolumnsresponsive=\"false\" data-showimgtitle=\"false\" data-titlesmallscreen=\"false\" data-initsocial=\"true\" data-showsocial=\"false\" data-showemail=\"false\" data-showfacebook=\"true\" data-showtwitter=\"true\" data-showpinterest=\"true\" data-socialrotateeffect=\"true\" data-doshortcodeontext=\"false\" data-duration=\"1500\" data-slideduration=\"1000\" data-slideshowinterval=\"6000\" data-googleanalyticsaccount=\"\" data-resizemode=\"fill\" data-imagetoolboxmode=\"hide\" data-effect=\"fadeinout\" data-padding=\"12\" data-bgcolor=\"\" data-bgimage=\"\" data-thumbwidth=\"54\" data-thumbheight=\"42\" data-thumbgap=\"8\" data-thumbrowgap=\"16\" data-lightboxtextheight=\"72\" data-lightboxtitlecss=\"{color:#333333; font:bold 12px Arial,Helvetica,sans-serif; overflow:hidden; white-space:normal; line-height:18px;}\" data-lightboxdescriptioncss=\"{color:#333333; font:normal 12px Arial,Helvetica,sans-serif; overflow:hidden; white-space:normal; line-height:14px;}\" data-titlecss=\"{color:#333;font-size:14px;font-family:Armata,sans-serif,Arial;overflow:hidden;text-align:center;padding:16px 8px 4px 8px;display:none}\" data-descriptioncss=\"{color:#333;font-size:14px;font-family:Arial,Helvetica,sans-serif;overflow:hidden;text-align:center;padding:4px 8px; padding-top: 15px;}\" data-titleheight=\"35\" data-titlesmallscreenwidth=\"640\" data-titleheightsmallscreen=\"148\" data-socialmode=\"mouseover\" data-socialposition=\"position:absolute;top:8px;right:8px;\" data-socialpositionlightbox=\"position:absolute;top:8px;right:8px;\" data-socialdirection=\"horizontal\" data-socialbuttonsize=\"32\" data-socialbuttonfontsize=\"18\" data-triggerresizedelay=\"100\" data-thumbmediumsize=\"800\" data-thumbsmallsize=\"480\" data-thumbmediumwidth=\"64\" data-thumbmediumheight=\"64\" data-thumbsmallwidth=\"48\" data-thumbsmallheight=\"48\" data-imgtitle=\"title\" data-jsfolder=\"https:\/\/feurich.com\/wp-content\/plugins\/wonderplugin-gallery\/engine\/\" style=\"display:none;\" ><a href=\"https:\/\/www.feurich.com\/wp-content\/uploads\/Mod._179_-_Dynamic_II_10black_brass.png\" data-mediatype=1><img decoding=\"async\" class=\"html5galleryimg\" src=\"https:\/\/www.feurich.com\/wp-content\/uploads\/Mod._179_-_Dynamic_II_10black_brass.png\" alt=\"Mod._179_-_Dynamic_II_#10black_brass\" data-description=\"Negro pulido- Dorado\"><\/a><a href=\"https:\/\/www.feurich.com\/wp-content\/uploads\/Mod._179_-_Dynamic_II_10CHblack_chrome-1.png\" data-mediatype=1><img decoding=\"async\" class=\"html5galleryimg\" src=\"https:\/\/www.feurich.com\/wp-content\/uploads\/Mod._179_-_Dynamic_II_10CHblack_chrome-1.png\" alt=\"Mod._179_-_Dynamic_II_#10CHblack_chrome\" data-description=\"Negro pulido- Cromo\"><\/a><a href=\"https:\/\/www.feurich.com\/wp-content\/uploads\/Mod._179_-_Dynamic_II_11CHwhite_chrome.png\" data-mediatype=1><img decoding=\"async\" class=\"html5galleryimg\" src=\"https:\/\/www.feurich.com\/wp-content\/uploads\/Mod._179_-_Dynamic_II_11CHwhite_chrome.png\" alt=\"Mod._179_-_Dynamic_II_#11CHwhite_chrome\" data-description=\"Blanco pulido\u2013 Cromo\"><\/a><a href=\"https:\/\/www.feurich.com\/wp-content\/uploads\/Mod._179_-_Dynamic_II_11white_bass.png\" data-mediatype=1><img decoding=\"async\" class=\"html5galleryimg\" src=\"https:\/\/www.feurich.com\/wp-content\/uploads\/Mod._179_-_Dynamic_II_11white_bass.png\" alt=\"Mod._179_-_Dynamic_II_#11white_bass\" data-description=\"Blanco pulido\u2013 Dorado\"><\/a><a href=\"https:\/\/www.feurich.com\/wp-content\/uploads\/Mod._179_-_Dynamic_II_14_bordeaux_polished.png\" data-mediatype=1><img decoding=\"async\" class=\"html5galleryimg\" src=\"https:\/\/www.feurich.com\/wp-content\/uploads\/Mod._179_-_Dynamic_II_14_bordeaux_polished.png\" alt=\"Mod._179_-_Dynamic_II_#14_bordeaux_polished\" data-description=\"Bordeaux pulido\"><\/a><a href=\"https:\/\/www.feurich.com\/wp-content\/uploads\/Mod.-179-Dynamic-II-walnut-satin.png\" data-mediatype=1><img decoding=\"async\" class=\"html5galleryimg\" src=\"https:\/\/www.feurich.com\/wp-content\/uploads\/Mod.-179-Dynamic-II-walnut-satin-1024x768.png\" alt=\"Mod. 179 - Dynamic II, walnut satin\" data-description=\"Nogal satinado\"><\/a><div class=\"wonderplugin-engine\"><a href=\"http:\/\/www.wonderplugin.com\/wordpress-gallery\/\" title=\"WordPress YouTube Gallery Plugin\">WordPress YouTube Gallery Plugin<\/a><\/div><\/div><\/div><script>jQuery(document).ready(function(){jQuery(\".wonderplugin-engine\").css({display:\"none\"});jQuery(\".wonderplugingallery\").wonderplugingallery({forceinit:true});});<\/script>[\/vc_column_text][\/vc_column][vc_column width=\u00bb1\/2&#8243;][vc_column_text]El modelo FEURICH 179 &#8211; Dynamic II es un piano de cola poderoso y equilibrado con un sonido rico y duradero as\u00ed como bajos llenos. La nueva placa de hierro fundida y la mec\u00e1nica de toque optimizado lo hacen a\u00fan mejor que su predecesor, el 178, ganador del Premio Diapason \u00abLos mejores pianos de cola de menos de \u20ac 30,000\u00bb. El brillante rendimiento del sonido se ha demostrado en muchas salas de conciertos de tama\u00f1o medio en todo el mundo.<\/p>\n<p>Su construcci\u00f3n muy amplia con una superficie mayor de la tapa arm\u00f3nica crea un sonido hermoso y duradero con bajos puros y llenos. El clvijero de laminado m\u00faltiple, resistente a cambios clim\u00e1ticos en combinaci\u00f3n con una placa de hierro realizada por m\u00e1quinas CNC garantizan una excelente afinaci\u00f3n duradera; el innovador alambre para cuerdas Paulello mejora significativamente el sonido y la longevidad.<\/p>\n<p>\u2022 superficie mejorada de la tapa arm\u00f3nica logra un sonido excepcionalmente rico y armonioso<br \/>\n\u2022 Escala d\u00faplex para un brillo sin igual en los agudos<br \/>\n\u2022 Clvijero de laminado m\u00faltiple resistente a cambios clim\u00e1ticos y alambre Paulello para cuerdas super resistentes a la humedad.<br \/>\n\u2022 Mec\u00e1nica innovadora FEURICH para un toque r\u00e1pido y preciso<br \/>\n\u2022 <a href=\"http:\/\/filzfabrik-wurzen.de\/produkte\/filze-fuer-musikinstrumente\/\">Fieltros de los martillos de Wurzen, calidad AA<\/a><br \/>\n\u2022 Cubierta\u00a0de madera para teclas negras para una sensaci\u00f3n de toque particularmente aut\u00e9ntica<br \/>\n\u2022 Dise\u00f1o FEURICH del atril para notas con l\u00e1mpara LED antireflejo integrada (solo en modelos en blanco o negro)<\/p>\n<p>El modelo FEURICH 179 &#8211; Dynamic II est\u00e1 disponible en diferentes colores y adem\u00e1s puede ser equipado con <a href=\"https:\/\/feurich.com\/de\/innovationen\/silencer\/\">sistema silenciador FEURICH.<\/a> \u00bfDesea saber m\u00e1s? Nos alegrar\u00e1 su mensaje de contacto![\/vc_column_text][\/vc_column][\/vc_row][vc_row][vc_column][vc_masonry_media_grid element_width=\u00bb2&#8243; item=\u00bbmediaGrid_Default\u00bb grid_id=\u00bbvc_gid:1583426122353-c48f55bd-86e9-0&#8243; include=\u00bb17056,17065,17068,17071,17059,17062&#8243;][\/vc_column][\/vc_row][vc_row][vc_column width=\u00bb1\/3&#8243;][vc_column_text]<\/p>\n<h3>DESCARGAR FICHA T\u00c9CNICA<\/h3>\n<p>[\/vc_column_text][vc_single_image image=\u00bb8697&#8243; onclick=\u00bbcustom_link\u00bb img_link_target=\u00bb_blank\u00bb link=\u00bb\/wp-content\/uploads\/Hoja_t\u00e9cnica_web_179.pdf\u00bb][\/vc_column][vc_column width=\u00bb1\/3&#8243;][vc_column_text]<\/p>\n<h3>VIDEO<\/h3>\n<p>[\/vc_column_text][vc_column_text]<div class=\"wpb_video_widget wpb_content_element  vc_clearfix vc_video-aspect-ratio-43 vc_video-el-width-100 vc_video-align-left\"><div class=\"wpb_wrapper\"><div class=\"wpb_video_wrapper\"><div class=\"fluid-width-video-wrapper\"><iframe src=\"https:\/\/www.youtube.com\/embed\/J82GBNBBAZc?feature=oembed\" frameborder=\"0\" gesture=\"media\" allow=\"encrypted-media\" allowfullscreen=\"\" class=\"vid-youtube\"><\/iframe><\/div><\/div><\/div><\/div>[\/vc_column_text][\/vc_column][vc_column width=\u00bb1\/3&#8243;][vc_column_text]<\/p>\n<h3>MEDIDAS<\/h3>\n<p>[\/vc_column_text][vc_single_image image=\u00bb17780&#8243; img_size=\u00bb360&#215;260&#8243;][\/vc_column][\/vc_row]<\/p>\n<\/div>","protected":false},"excerpt":{"rendered":"<p>El modelo FEURICH 179 &#8211; Dynamic II es un piano de cola poderoso y equilibrado con un sonido rico y duradero as\u00ed como bajos llenos.<\/p>\n","protected":false},"author":7,"featured_media":0,"parent":12485,"menu_order":0,"comment_status":"closed","ping_status":"closed","template":"","meta":{"inline_featured_image":false,"footnotes":""},"class_list":["post-12026","page","type-page","status-publish","hentry"],"acf":[],"yoast_head":"<!-- This site is optimized with the Yoast SEO plugin v24.4 - https:\/\/yoast.com\/wordpress\/plugins\/seo\/ -->\n<title>Mod. 179 - Dynamic II: Detalles - FEURICH<\/title>\n<meta name=\"description\" content=\"El modelo FEURICH 179 - Dynamic II es un piano de cola poderoso y equilibrado con un sonido rico y duradero as\u00ed como bajos llenos.\" \/>\n<meta name=\"robots\" content=\"index, follow, max-snippet:-1, max-image-preview:large, max-video-preview:-1\" \/>\n<link rel=\"canonical\" href=\"https:\/\/feurich.com\/es\/productos\/classic-pianos\/179-dynamic-ii\/mod-179-dynamic-ii-detalles\/\" \/>\n<meta property=\"og:locale\" content=\"es_ES\" \/>\n<meta property=\"og:type\" content=\"article\" \/>\n<meta property=\"og:title\" content=\"Mod. 179 - Dynamic II: Detalles - FEURICH\" \/>\n<meta property=\"og:description\" content=\"El modelo FEURICH 179 - Dynamic II es un piano de cola poderoso y equilibrado con un sonido rico y duradero as\u00ed como bajos llenos.\" \/>\n<meta property=\"og:url\" content=\"https:\/\/feurich.com\/es\/productos\/classic-pianos\/179-dynamic-ii\/mod-179-dynamic-ii-detalles\/\" \/>\n<meta property=\"og:site_name\" content=\"FEURICH\" \/>\n<meta property=\"article:publisher\" content=\"https:\/\/www.facebook.com\/feurichvienna\/\" \/>\n<meta property=\"article:modified_time\" content=\"2022-02-25T08:07:51+00:00\" \/>\n<meta name=\"twitter:card\" content=\"summary_large_image\" \/>\n<meta name=\"twitter:label1\" content=\"Tiempo de lectura\" \/>\n\t<meta name=\"twitter:data1\" content=\"2 minutos\" \/>\n<script type=\"application\/ld+json\" class=\"yoast-schema-graph\">{\"@context\":\"https:\/\/schema.org\",\"@graph\":[{\"@type\":\"WebPage\",\"@id\":\"https:\/\/feurich.com\/es\/productos\/classic-pianos\/179-dynamic-ii\/mod-179-dynamic-ii-detalles\/\",\"url\":\"https:\/\/feurich.com\/es\/productos\/classic-pianos\/179-dynamic-ii\/mod-179-dynamic-ii-detalles\/\",\"name\":\"Mod. 179 - Dynamic II: Detalles - FEURICH\",\"isPartOf\":{\"@id\":\"https:\/\/feurich.com\/en\/#website\"},\"datePublished\":\"2018-02-20T16:10:34+00:00\",\"dateModified\":\"2022-02-25T08:07:51+00:00\",\"description\":\"El modelo FEURICH 179 - Dynamic II es un piano de cola poderoso y equilibrado con un sonido rico y duradero as\u00ed como bajos llenos.\",\"breadcrumb\":{\"@id\":\"https:\/\/feurich.com\/es\/productos\/classic-pianos\/179-dynamic-ii\/mod-179-dynamic-ii-detalles\/#breadcrumb\"},\"inLanguage\":\"es\",\"potentialAction\":[{\"@type\":\"ReadAction\",\"target\":[\"https:\/\/feurich.com\/es\/productos\/classic-pianos\/179-dynamic-ii\/mod-179-dynamic-ii-detalles\/\"]}]},{\"@type\":\"BreadcrumbList\",\"@id\":\"https:\/\/feurich.com\/es\/productos\/classic-pianos\/179-dynamic-ii\/mod-179-dynamic-ii-detalles\/#breadcrumb\",\"itemListElement\":[{\"@type\":\"ListItem\",\"position\":1,\"name\":\"Home\",\"item\":\"https:\/\/feurich.com\/es\/\"},{\"@type\":\"ListItem\",\"position\":2,\"name\":\"Productos\",\"item\":\"https:\/\/feurich.com\/es\/productos\/\"},{\"@type\":\"ListItem\",\"position\":3,\"name\":\"Classic Pianos\",\"item\":\"https:\/\/feurich.com\/es\/productos\/classic-pianos\/\"},{\"@type\":\"ListItem\",\"position\":4,\"name\":\"179 \u2013 Dynamic II\",\"item\":\"https:\/\/feurich.com\/es\/productos\/classic-pianos\/179-dynamic-ii\/\"},{\"@type\":\"ListItem\",\"position\":5,\"name\":\"Mod. 179 &#8211; Dynamic II: Detalles\"}]},{\"@type\":\"WebSite\",\"@id\":\"https:\/\/feurich.com\/en\/#website\",\"url\":\"https:\/\/feurich.com\/en\/\",\"name\":\"FEURICH\",\"description\":\"A sound that connects\",\"publisher\":{\"@id\":\"https:\/\/feurich.com\/en\/#organization\"},\"potentialAction\":[{\"@type\":\"SearchAction\",\"target\":{\"@type\":\"EntryPoint\",\"urlTemplate\":\"https:\/\/feurich.com\/en\/?s={search_term_string}\"},\"query-input\":{\"@type\":\"PropertyValueSpecification\",\"valueRequired\":true,\"valueName\":\"search_term_string\"}}],\"inLanguage\":\"es\"},{\"@type\":\"Organization\",\"@id\":\"https:\/\/feurich.com\/en\/#organization\",\"name\":\"FEURICH\",\"url\":\"https:\/\/feurich.com\/en\/\",\"logo\":{\"@type\":\"ImageObject\",\"inLanguage\":\"es\",\"@id\":\"https:\/\/feurich.com\/en\/#\/schema\/logo\/image\/\",\"url\":\"https:\/\/feurich.com\/wp-content\/uploads\/logo.png\",\"contentUrl\":\"https:\/\/feurich.com\/wp-content\/uploads\/logo.png\",\"width\":354,\"height\":151,\"caption\":\"FEURICH\"},\"image\":{\"@id\":\"https:\/\/feurich.com\/en\/#\/schema\/logo\/image\/\"},\"sameAs\":[\"https:\/\/www.facebook.com\/feurichvienna\/\"]}]}<\/script>\n<!-- \/ Yoast SEO plugin. -->","yoast_head_json":{"title":"Mod. 179 - Dynamic II: Detalles - FEURICH","description":"El modelo FEURICH 179 - Dynamic II es un piano de cola poderoso y equilibrado con un sonido rico y duradero as\u00ed como bajos llenos.","robots":{"index":"index","follow":"follow","max-snippet":"max-snippet:-1","max-image-preview":"max-image-preview:large","max-video-preview":"max-video-preview:-1"},"canonical":"https:\/\/feurich.com\/es\/productos\/classic-pianos\/179-dynamic-ii\/mod-179-dynamic-ii-detalles\/","og_locale":"es_ES","og_type":"article","og_title":"Mod. 179 - Dynamic II: Detalles - FEURICH","og_description":"El modelo FEURICH 179 - Dynamic II es un piano de cola poderoso y equilibrado con un sonido rico y duradero as\u00ed como bajos llenos.","og_url":"https:\/\/feurich.com\/es\/productos\/classic-pianos\/179-dynamic-ii\/mod-179-dynamic-ii-detalles\/","og_site_name":"FEURICH","article_publisher":"https:\/\/www.facebook.com\/feurichvienna\/","article_modified_time":"2022-02-25T08:07:51+00:00","twitter_card":"summary_large_image","twitter_misc":{"Tiempo de lectura":"2 minutos"},"schema":{"@context":"https:\/\/schema.org","@graph":[{"@type":"WebPage","@id":"https:\/\/feurich.com\/es\/productos\/classic-pianos\/179-dynamic-ii\/mod-179-dynamic-ii-detalles\/","url":"https:\/\/feurich.com\/es\/productos\/classic-pianos\/179-dynamic-ii\/mod-179-dynamic-ii-detalles\/","name":"Mod. 179 - Dynamic II: Detalles - FEURICH","isPartOf":{"@id":"https:\/\/feurich.com\/en\/#website"},"datePublished":"2018-02-20T16:10:34+00:00","dateModified":"2022-02-25T08:07:51+00:00","description":"El modelo FEURICH 179 - Dynamic II es un piano de cola poderoso y equilibrado con un sonido rico y duradero as\u00ed como bajos llenos.","breadcrumb":{"@id":"https:\/\/feurich.com\/es\/productos\/classic-pianos\/179-dynamic-ii\/mod-179-dynamic-ii-detalles\/#breadcrumb"},"inLanguage":"es","potentialAction":[{"@type":"ReadAction","target":["https:\/\/feurich.com\/es\/productos\/classic-pianos\/179-dynamic-ii\/mod-179-dynamic-ii-detalles\/"]}]},{"@type":"BreadcrumbList","@id":"https:\/\/feurich.com\/es\/productos\/classic-pianos\/179-dynamic-ii\/mod-179-dynamic-ii-detalles\/#breadcrumb","itemListElement":[{"@type":"ListItem","position":1,"name":"Home","item":"https:\/\/feurich.com\/es\/"},{"@type":"ListItem","position":2,"name":"Productos","item":"https:\/\/feurich.com\/es\/productos\/"},{"@type":"ListItem","position":3,"name":"Classic Pianos","item":"https:\/\/feurich.com\/es\/productos\/classic-pianos\/"},{"@type":"ListItem","position":4,"name":"179 \u2013 Dynamic II","item":"https:\/\/feurich.com\/es\/productos\/classic-pianos\/179-dynamic-ii\/"},{"@type":"ListItem","position":5,"name":"Mod. 179 &#8211; Dynamic II: Detalles"}]},{"@type":"WebSite","@id":"https:\/\/feurich.com\/en\/#website","url":"https:\/\/feurich.com\/en\/","name":"FEURICH","description":"A sound that connects","publisher":{"@id":"https:\/\/feurich.com\/en\/#organization"},"potentialAction":[{"@type":"SearchAction","target":{"@type":"EntryPoint","urlTemplate":"https:\/\/feurich.com\/en\/?s={search_term_string}"},"query-input":{"@type":"PropertyValueSpecification","valueRequired":true,"valueName":"search_term_string"}}],"inLanguage":"es"},{"@type":"Organization","@id":"https:\/\/feurich.com\/en\/#organization","name":"FEURICH","url":"https:\/\/feurich.com\/en\/","logo":{"@type":"ImageObject","inLanguage":"es","@id":"https:\/\/feurich.com\/en\/#\/schema\/logo\/image\/","url":"https:\/\/feurich.com\/wp-content\/uploads\/logo.png","contentUrl":"https:\/\/feurich.com\/wp-content\/uploads\/logo.png","width":354,"height":151,"caption":"FEURICH"},"image":{"@id":"https:\/\/feurich.com\/en\/#\/schema\/logo\/image\/"},"sameAs":["https:\/\/www.facebook.com\/feurichvienna\/"]}]}},"_links":{"self":[{"href":"https:\/\/feurich.com\/es\/wp-json\/wp\/v2\/pages\/12026","targetHints":{"allow":["GET"]}}],"collection":[{"href":"https:\/\/feurich.com\/es\/wp-json\/wp\/v2\/pages"}],"about":[{"href":"https:\/\/feurich.com\/es\/wp-json\/wp\/v2\/types\/page"}],"author":[{"embeddable":true,"href":"https:\/\/feurich.com\/es\/wp-json\/wp\/v2\/users\/7"}],"replies":[{"embeddable":true,"href":"https:\/\/feurich.com\/es\/wp-json\/wp\/v2\/comments?post=12026"}],"version-history":[{"count":23,"href":"https:\/\/feurich.com\/es\/wp-json\/wp\/v2\/pages\/12026\/revisions"}],"predecessor-version":[{"id":57734,"href":"https:\/\/feurich.com\/es\/wp-json\/wp\/v2\/pages\/12026\/revisions\/57734"}],"up":[{"embeddable":true,"href":"https:\/\/feurich.com\/es\/wp-json\/wp\/v2\/pages\/12485"}],"wp:attachment":[{"href":"https:\/\/feurich.com\/es\/wp-json\/wp\/v2\/media?parent=12026"}],"curies":[{"name":"wp","href":"https:\/\/api.w.org\/{rel}","templated":true}]}}