{"id":11838,"date":"2018-02-19T16:01:25","date_gmt":"2018-02-19T16:01:25","guid":{"rendered":"https:\/\/www.feurich.com\/mod-122-universal\/"},"modified":"2019-02-06T12:31:10","modified_gmt":"2019-02-06T12:31:10","slug":"mod-122-universal","status":"publish","type":"page","link":"https:\/\/feurich.com\/es\/productos\/classic-pianos\/piano-mod-122-universal\/mod-122-universal\/","title":{"rendered":"Mod. 122 &#8211; Universal"},"content":{"rendered":"<div class=\"wpb-content-wrapper\"><p>[vc_row full_width=\u00bbstretch_row_content\u00bb][vc_column][vc_column_text]<ul class=\"piano-menu\" page-id=\"12129\"><li class=\"piano-menu-item\"><a class=\"piano-menu-link \" href=\"https:\/\/feurich.com\/es\/productos\/classic-pianos\/piano-mod-115-premiere\/\">115 \u2013 Premiere<\/a><\/li><li class=\"piano-menu-item\"><a class=\"piano-menu-link piano-menu-link-active\" href=\"https:\/\/feurich.com\/es\/productos\/classic-pianos\/piano-mod-122-universal\/\">122 \u2013 Universal<\/a><\/li><li class=\"piano-menu-item\"><a class=\"piano-menu-link \" href=\"https:\/\/feurich.com\/es\/productos\/classic-pianos\/piano-mod-125-design\/\">125 \u2013 Design<\/a><\/li><li class=\"piano-menu-item\"><a class=\"piano-menu-link \" href=\"https:\/\/feurich.com\/es\/productos\/classic-pianos\/piano-mod-133-concert\/\">133 \u2013 Concert<\/a><\/li><li class=\"piano-menu-item\"><a class=\"piano-menu-link \" href=\"https:\/\/feurich.com\/es\/productos\/classic-pianos\/piano-de-cola-mod-162-dynamic-i\/\">162 \u2013 Dynamic I<\/a><\/li><li class=\"piano-menu-item\"><a class=\"piano-menu-link \" href=\"https:\/\/feurich.com\/es\/productos\/classic-pianos\/179-dynamic-ii\/\">179 \u2013 Dynamic II<\/a><\/li><li class=\"piano-menu-item\"><a class=\"piano-menu-link \" href=\"https:\/\/feurich.com\/es\/productos\/classic-pianos\/piano-de-cola-218-concert-i\/\">218 \u2013 Concert I<\/a><\/li><\/ul>[\/vc_column_text][vc_column_text el_class=\u00bbbig-title\u00bb]<\/p>\n<p style=\"text-align: center;\">Mod. 122 \u2013 Universal<\/p>\n<p>[\/vc_column_text][\/vc_column][\/vc_row][vc_row][vc_column width=\u00bb1\/2&#8243;][vc_column_text]<div class=\"wonderplugingallery-container\" id=\"wonderplugingallery-container-2\" style=\"max-width:550px;margin:0 auto;\"><div class=\"wonderplugingallery\" id=\"wonderplugingallery-2\" data-galleryid=\"2\" data-width=\"550\" data-height=\"400\" data-skin=\"gallerywithtext\" data-random=\"false\" data-autoslide=\"false\" data-autoplayvideo=\"false\" data-schemamarkup=\"false\" data-stopallplaying=\"false\" data-hidetitlewhenvideoisplaying=\"false\" data-disablehovereventontouch=\"false\" data-autoslideandplayafterfirstplayed=\"false\" data-html5player=\"true\" data-responsive=\"true\" data-fullwidth=\"false\" data-showtitle=\"true\" data-showdescription=\"true\" data-showplaybutton=\"false\" data-showfullscreenbutton=\"true\" data-showtimer=\"false\" data-showcarousel=\"true\" data-galleryshadow=\"false\" data-slideshadow=\"false\" data-thumbshowtitle=\"false\" data-thumbshadow=\"false\" data-lightboxshowtitle=\"true\" data-lightboxshowdescription=\"true\" data-specifyid=\"true\" data-donotinit=\"false\" data-addinitscript=\"true\" data-triggerresize=\"false\" data-thumbcolumnsresponsive=\"false\" data-showimgtitle=\"false\" data-titlesmallscreen=\"false\" data-initsocial=\"true\" data-showsocial=\"false\" data-showemail=\"false\" data-showfacebook=\"true\" data-showtwitter=\"true\" data-showpinterest=\"true\" data-socialrotateeffect=\"true\" data-doshortcodeontext=\"false\" data-duration=\"1500\" data-slideduration=\"1000\" data-slideshowinterval=\"6000\" data-googleanalyticsaccount=\"\" data-resizemode=\"fill\" data-imagetoolboxmode=\"hide\" data-effect=\"fadeinout\" data-padding=\"12\" data-bgcolor=\"\" data-bgimage=\"\" data-thumbwidth=\"54\" data-thumbheight=\"42\" data-thumbgap=\"8\" data-thumbrowgap=\"16\" data-lightboxtextheight=\"72\" data-lightboxtitlecss=\"{color:#333333; font:bold 12px Arial,Helvetica,sans-serif; overflow:hidden; white-space:normal; line-height:18px;}\" data-lightboxdescriptioncss=\"{color:#333333; font:normal 12px Arial,Helvetica,sans-serif; overflow:hidden; white-space:normal; line-height:14px;}\" data-titlecss=\"{color:#333;font-size:14px;font-family:Armata,sans-serif,Arial;overflow:hidden;text-align:center;padding:16px 8px 4px 8px;display:none}\" data-descriptioncss=\"{color:#333;font-size:14px;font-family:Arial,Helvetica,sans-serif;overflow:hidden;text-align:center;padding:4px 8px; padding-top: 15px;}\" data-titleheight=\"35\" data-titlesmallscreenwidth=\"640\" data-titleheightsmallscreen=\"148\" data-socialmode=\"mouseover\" data-socialposition=\"position:absolute;top:8px;right:8px;\" data-socialpositionlightbox=\"position:absolute;top:8px;right:8px;\" data-socialdirection=\"horizontal\" data-socialbuttonsize=\"32\" data-socialbuttonfontsize=\"18\" data-triggerresizedelay=\"100\" data-thumbmediumsize=\"800\" data-thumbsmallsize=\"480\" data-thumbmediumwidth=\"64\" data-thumbmediumheight=\"64\" data-thumbsmallwidth=\"48\" data-thumbsmallheight=\"48\" data-imgtitle=\"title\" data-jsfolder=\"https:\/\/feurich.com\/wp-content\/plugins\/wonderplugin-gallery\/engine\/\" style=\"display:none;\" ><a href=\"https:\/\/www.feurich.com\/wp-content\/uploads\/Mod._122_-_Universal_10black_chrome.png\" data-mediatype=1><img decoding=\"async\" class=\"html5galleryimg\" src=\"https:\/\/www.feurich.com\/wp-content\/uploads\/Mod._122_-_Universal_10black_chrome.png\" alt=\"Mod._122_-_Universal_#10black_chrome\" data-description=\"Negro pulido- Cromo\"><\/a><a href=\"https:\/\/www.feurich.com\/wp-content\/uploads\/Mod._122_-_Universal_10black_brass.png\" data-mediatype=1><img decoding=\"async\" class=\"html5galleryimg\" src=\"https:\/\/www.feurich.com\/wp-content\/uploads\/Mod._122_-_Universal_10black_brass.png\" alt=\"Mod._122_-_Universal_#10black_brass\" data-description=\"Negro pulido- Dorado\"><\/a><a href=\"https:\/\/www.feurich.com\/wp-content\/uploads\/Mod._122_-_Universal_11white_chrome.png\" data-mediatype=1><img decoding=\"async\" class=\"html5galleryimg\" src=\"https:\/\/www.feurich.com\/wp-content\/uploads\/Mod._122_-_Universal_11white_chrome.png\" alt=\"Mod._122_-_Universal_#11white_chrome\" data-description=\"Blanco pulido\u2013 Cromo\"><\/a><a href=\"https:\/\/www.feurich.com\/wp-content\/uploads\/Mod._122_-_Universal_11white_brass.png\" data-mediatype=1><img decoding=\"async\" class=\"html5galleryimg\" src=\"https:\/\/www.feurich.com\/wp-content\/uploads\/Mod._122_-_Universal_11white_brass.png\" alt=\"Mod._122_-_Universal_#11white_brass\" data-description=\"Blanco pulido\u2013 Dorado\"><\/a><a href=\"https:\/\/www.feurich.com\/wp-content\/uploads\/Mod._122_-_Universal_13walnut_pol.png\" data-mediatype=1><img decoding=\"async\" class=\"html5galleryimg\" src=\"https:\/\/www.feurich.com\/wp-content\/uploads\/Mod._122_-_Universal_13walnut_pol.png\" alt=\"Mod._122_-_Universal_#13walnut_pol\" data-description=\"Nogal pulido\"><\/a><a href=\"https:\/\/www.feurich.com\/wp-content\/uploads\/Mod._122_-_Universal_14bordeaux_pol.png\" data-mediatype=1><img decoding=\"async\" class=\"html5galleryimg\" src=\"https:\/\/www.feurich.com\/wp-content\/uploads\/Mod._122_-_Universal_14bordeaux_pol.png\" alt=\"Mod._122_-_Universal_#14bordeaux_pol\" data-description=\"Bordeaux pulido\"><\/a><a href=\"https:\/\/www.feurich.com\/wp-content\/uploads\/Mod.-122-Universal-15black-satin_web.jpg\" data-mediatype=1><img decoding=\"async\" class=\"html5galleryimg\" src=\"https:\/\/www.feurich.com\/wp-content\/uploads\/Mod.-122-Universal-15black-satin_web-1024x864.jpg\" alt=\"Mod. 122 - Universal #15black satin_web\" data-description=\"Black oak satin\"><\/a><a href=\"https:\/\/www.feurich.com\/wp-content\/uploads\/Mod._122_-_Universal_17bordeaux_sat.png\" data-mediatype=1><img decoding=\"async\" class=\"html5galleryimg\" src=\"https:\/\/www.feurich.com\/wp-content\/uploads\/Mod._122_-_Universal_17bordeaux_sat.png\" alt=\"Mod._122_-_Universal_#17bordeaux_sat\" data-description=\"Bordeaux satinado\"><\/a><a href=\"https:\/\/www.feurich.com\/wp-content\/uploads\/Mod.-122-Universal-walnut-satin.png\" data-mediatype=1><img decoding=\"async\" class=\"html5galleryimg\" src=\"https:\/\/www.feurich.com\/wp-content\/uploads\/Mod.-122-Universal-walnut-satin-1024x768.png\" alt=\"Mod. 122 - Universal, walnut satin\" data-description=\"Nogal satinado\"><\/a><a href=\"https:\/\/www.feurich.com\/wp-content\/uploads\/Mod._122_-_Universal_19beech_sat.png\" data-mediatype=1><img decoding=\"async\" class=\"html5galleryimg\" src=\"https:\/\/www.feurich.com\/wp-content\/uploads\/Mod._122_-_Universal_19beech_sat.png\" alt=\"Mod._122_-_Universal_#19beech_sat\" data-description=\"Haya satinado\"><\/a><div class=\"wonderplugin-engine\"><a href=\"http:\/\/www.wonderplugin.com\/wordpress-gallery\/\" title=\"WordPress YouTube Gallery Plugin\">WordPress YouTube Gallery Plugin<\/a><\/div><\/div><\/div><script>jQuery(document).ready(function(){jQuery(\".wonderplugin-engine\").css({display:\"none\"});jQuery(\".wonderplugingallery\").wonderplugingallery({forceinit:true});});<\/script>[\/vc_column_text][\/vc_column][vc_column width=\u00bb1\/2&#8243;][vc_column_text]Nuestro galardonado best-seller sobresale por su tecnolog\u00eda sofisticada, detalles ejecutados con pasi\u00f3n y un sonido vivo y potente. La mec\u00e1nica innovadora FEURICH permite un delicado pian\u00edsimo, as\u00ed como un impresionante fort\u00edsimo y supera a muchos pianos de cola peque\u00f1os.<\/p>\n<p>Nuestro Piano Mod. 122 &#8211; Universal ha recibido ya por segunda vez el premio \u00abDiapason D&#8217;OR\u00bb de la revista <a href=\"https:\/\/www.feurich.com\/es\/referencias\/premios\/\">Diapason<\/a> por <strong>\u00abel mejor piano en su categor\u00eda\u00bb<\/strong>. Cada vez m\u00e1s escuelas e instituciones musicales lo escogen como instrumento de ense\u00f1anza y pr\u00e1ctica.<\/p>\n<p>\u2022 timbres incre\u00edbles en todo el ambitus<br \/>\n\u2022 construcci\u00f3n robusta y duradera<br \/>\n\u2022 tapa arm\u00f3nica de abeto de alta calidad con laminaci\u00f3n especial extra para un excelente sonido y estabilidad clim\u00e1tica<br \/>\n\u2022 Mec\u00e1nica FEURICH de precisi\u00f3n sin componentes pl\u00e1sticos<br \/>\n\u2022 Martillos con la mejor lana virgen australiana<br \/>\n\u2022 rango din\u00e1mico excepcional<br \/>\n\u2022 Pedal sordina FEURICH para reproducci\u00f3n silenciosa: \u00a1por consideraci\u00f3n de sus vecinos!<\/p>\n<p>Nuestro equipo de expertos desarrolla constantemente este modelo optimizando ventajas de calidad sobre otros pianos de marca y aumentando su estabilidad clim\u00e1tica.<\/p>\n<p>Al igual que todos los pianos FEURICH, est\u00e1 disponible en diferentes colores y tambi\u00e9n se puede equipar con el sistema <a href=\"https:\/\/www.feurich.com\/es\/innovaciones\/silencer\/\">FEURICH Silencer System<\/a>. \u00bfQuieres saber m\u00e1s sobre este instrumento? Esperamos con inter\u00e9s tu <a href=\"https:\/\/www.feurich.com\/es\/informacion-contacto\/contacto\/\">mensaje!<\/a>![\/vc_column_text][\/vc_column][\/vc_row][vc_row][vc_column][vc_masonry_media_grid element_width=\u00bb2&#8243; item=\u00bbmediaGrid_Default\u00bb grid_id=\u00bbvc_gid:1549456244598-c91fbe7bd9e8049e98a27b900739d9c5-7&#8243; include=\u00bb2037,2038,2039,2036,2035,2034&#8243;][\/vc_column][\/vc_row][vc_row][vc_column width=\u00bb1\/3&#8243;][vc_column_text]<\/p>\n<h3>DESCARGAR FICHA T\u00c9CNICA<\/h3>\n<p>[\/vc_column_text][vc_single_image image=\u00bb2471&#8243; onclick=\u00bbcustom_link\u00bb img_link_target=\u00bb_blank\u00bb link=\u00bb\/wp-content\/uploads\/Hoja_t\u00e9cnica_web_122.pdf\u00bb][\/vc_column][vc_column width=\u00bb1\/3&#8243;][vc_column_text]<\/p>\n<h3>VIDEO<\/h3>\n<p>[\/vc_column_text][vc_column_text]<div class=\"wpb_video_widget wpb_content_element  vc_clearfix vc_video-aspect-ratio-43 vc_video-el-width-100 vc_video-align-left\"><div class=\"wpb_wrapper\"><div class=\"wpb_video_wrapper\"><div class=\"fluid-width-video-wrapper\"><iframe src=\"https:\/\/www.youtube.com\/embed\/RtsdOJTtJsw?feature=oembed\" frameborder=\"0\" gesture=\"media\" allow=\"encrypted-media\" allowfullscreen=\"\" class=\"vid-youtube\"><\/iframe><\/div><\/div><\/div><\/div>[\/vc_column_text][\/vc_column][vc_column width=\u00bb1\/3&#8243;][vc_column_text]<\/p>\n<h3>MEDIDAS<\/h3>\n<p>[\/vc_column_text][vc_single_image image=\u00bb1372&#8243; img_size=\u00bb360&#215;260&#8243;][\/vc_column][\/vc_row]<\/p>\n<\/div>","protected":false},"excerpt":{"rendered":"<p>Nuestro galardonado best-seller sobresale por su tecnolog\u00eda sofisticada, detalles ejecutados con pasi\u00f3n y un sonido vivo y potente que supera a muchos pianos de cola peque\u00f1os.<\/p>\n","protected":false},"author":7,"featured_media":0,"parent":12151,"menu_order":0,"comment_status":"closed","ping_status":"closed","template":"","meta":{"inline_featured_image":false,"footnotes":""},"class_list":["post-11838","page","type-page","status-publish","hentry"],"acf":[],"yoast_head":"<!-- This site is optimized with the Yoast SEO plugin v24.4 - https:\/\/yoast.com\/wordpress\/plugins\/seo\/ -->\n<title>Mod. 122 - Universal - FEURICH<\/title>\n<meta name=\"robots\" content=\"index, follow, max-snippet:-1, max-image-preview:large, max-video-preview:-1\" \/>\n<link rel=\"canonical\" href=\"https:\/\/feurich.com\/es\/productos\/classic-pianos\/piano-mod-122-universal\/mod-122-universal\/\" \/>\n<meta property=\"og:locale\" content=\"es_ES\" \/>\n<meta property=\"og:type\" content=\"article\" \/>\n<meta property=\"og:title\" content=\"Mod. 122 - Universal - FEURICH\" \/>\n<meta property=\"og:description\" content=\"Nuestro galardonado best-seller sobresale por su tecnolog\u00eda sofisticada, detalles ejecutados con pasi\u00f3n y un sonido vivo y potente que supera a muchos pianos de cola peque\u00f1os.\" \/>\n<meta property=\"og:url\" content=\"https:\/\/feurich.com\/es\/productos\/classic-pianos\/piano-mod-122-universal\/mod-122-universal\/\" \/>\n<meta property=\"og:site_name\" content=\"FEURICH\" \/>\n<meta property=\"article:publisher\" content=\"https:\/\/www.facebook.com\/feurichvienna\/\" \/>\n<meta property=\"article:modified_time\" content=\"2019-02-06T12:31:10+00:00\" \/>\n<meta name=\"twitter:card\" content=\"summary_large_image\" \/>\n<meta name=\"twitter:label1\" content=\"Tiempo de lectura\" \/>\n\t<meta name=\"twitter:data1\" content=\"2 minutos\" \/>\n<script type=\"application\/ld+json\" class=\"yoast-schema-graph\">{\"@context\":\"https:\/\/schema.org\",\"@graph\":[{\"@type\":\"WebPage\",\"@id\":\"https:\/\/feurich.com\/es\/productos\/classic-pianos\/piano-mod-122-universal\/mod-122-universal\/\",\"url\":\"https:\/\/feurich.com\/es\/productos\/classic-pianos\/piano-mod-122-universal\/mod-122-universal\/\",\"name\":\"Mod. 122 - Universal - FEURICH\",\"isPartOf\":{\"@id\":\"https:\/\/feurich.com\/en\/#website\"},\"datePublished\":\"2018-02-19T16:01:25+00:00\",\"dateModified\":\"2019-02-06T12:31:10+00:00\",\"breadcrumb\":{\"@id\":\"https:\/\/feurich.com\/es\/productos\/classic-pianos\/piano-mod-122-universal\/mod-122-universal\/#breadcrumb\"},\"inLanguage\":\"es\",\"potentialAction\":[{\"@type\":\"ReadAction\",\"target\":[\"https:\/\/feurich.com\/es\/productos\/classic-pianos\/piano-mod-122-universal\/mod-122-universal\/\"]}]},{\"@type\":\"BreadcrumbList\",\"@id\":\"https:\/\/feurich.com\/es\/productos\/classic-pianos\/piano-mod-122-universal\/mod-122-universal\/#breadcrumb\",\"itemListElement\":[{\"@type\":\"ListItem\",\"position\":1,\"name\":\"Home\",\"item\":\"https:\/\/feurich.com\/es\/\"},{\"@type\":\"ListItem\",\"position\":2,\"name\":\"Productos\",\"item\":\"https:\/\/feurich.com\/es\/productos\/\"},{\"@type\":\"ListItem\",\"position\":3,\"name\":\"Classic Pianos\",\"item\":\"https:\/\/feurich.com\/es\/productos\/classic-pianos\/\"},{\"@type\":\"ListItem\",\"position\":4,\"name\":\"Piano Mod. 122 \u2013 Universal\",\"item\":\"https:\/\/feurich.com\/es\/productos\/classic-pianos\/piano-mod-122-universal\/\"},{\"@type\":\"ListItem\",\"position\":5,\"name\":\"Mod. 122 &#8211; Universal\"}]},{\"@type\":\"WebSite\",\"@id\":\"https:\/\/feurich.com\/en\/#website\",\"url\":\"https:\/\/feurich.com\/en\/\",\"name\":\"FEURICH\",\"description\":\"A sound that connects\",\"publisher\":{\"@id\":\"https:\/\/feurich.com\/en\/#organization\"},\"potentialAction\":[{\"@type\":\"SearchAction\",\"target\":{\"@type\":\"EntryPoint\",\"urlTemplate\":\"https:\/\/feurich.com\/en\/?s={search_term_string}\"},\"query-input\":{\"@type\":\"PropertyValueSpecification\",\"valueRequired\":true,\"valueName\":\"search_term_string\"}}],\"inLanguage\":\"es\"},{\"@type\":\"Organization\",\"@id\":\"https:\/\/feurich.com\/en\/#organization\",\"name\":\"FEURICH\",\"url\":\"https:\/\/feurich.com\/en\/\",\"logo\":{\"@type\":\"ImageObject\",\"inLanguage\":\"es\",\"@id\":\"https:\/\/feurich.com\/en\/#\/schema\/logo\/image\/\",\"url\":\"https:\/\/feurich.com\/wp-content\/uploads\/logo.png\",\"contentUrl\":\"https:\/\/feurich.com\/wp-content\/uploads\/logo.png\",\"width\":354,\"height\":151,\"caption\":\"FEURICH\"},\"image\":{\"@id\":\"https:\/\/feurich.com\/en\/#\/schema\/logo\/image\/\"},\"sameAs\":[\"https:\/\/www.facebook.com\/feurichvienna\/\"]}]}<\/script>\n<!-- \/ Yoast SEO plugin. -->","yoast_head_json":{"title":"Mod. 122 - Universal - FEURICH","robots":{"index":"index","follow":"follow","max-snippet":"max-snippet:-1","max-image-preview":"max-image-preview:large","max-video-preview":"max-video-preview:-1"},"canonical":"https:\/\/feurich.com\/es\/productos\/classic-pianos\/piano-mod-122-universal\/mod-122-universal\/","og_locale":"es_ES","og_type":"article","og_title":"Mod. 122 - Universal - FEURICH","og_description":"Nuestro galardonado best-seller sobresale por su tecnolog\u00eda sofisticada, detalles ejecutados con pasi\u00f3n y un sonido vivo y potente que supera a muchos pianos de cola peque\u00f1os.","og_url":"https:\/\/feurich.com\/es\/productos\/classic-pianos\/piano-mod-122-universal\/mod-122-universal\/","og_site_name":"FEURICH","article_publisher":"https:\/\/www.facebook.com\/feurichvienna\/","article_modified_time":"2019-02-06T12:31:10+00:00","twitter_card":"summary_large_image","twitter_misc":{"Tiempo de lectura":"2 minutos"},"schema":{"@context":"https:\/\/schema.org","@graph":[{"@type":"WebPage","@id":"https:\/\/feurich.com\/es\/productos\/classic-pianos\/piano-mod-122-universal\/mod-122-universal\/","url":"https:\/\/feurich.com\/es\/productos\/classic-pianos\/piano-mod-122-universal\/mod-122-universal\/","name":"Mod. 122 - Universal - FEURICH","isPartOf":{"@id":"https:\/\/feurich.com\/en\/#website"},"datePublished":"2018-02-19T16:01:25+00:00","dateModified":"2019-02-06T12:31:10+00:00","breadcrumb":{"@id":"https:\/\/feurich.com\/es\/productos\/classic-pianos\/piano-mod-122-universal\/mod-122-universal\/#breadcrumb"},"inLanguage":"es","potentialAction":[{"@type":"ReadAction","target":["https:\/\/feurich.com\/es\/productos\/classic-pianos\/piano-mod-122-universal\/mod-122-universal\/"]}]},{"@type":"BreadcrumbList","@id":"https:\/\/feurich.com\/es\/productos\/classic-pianos\/piano-mod-122-universal\/mod-122-universal\/#breadcrumb","itemListElement":[{"@type":"ListItem","position":1,"name":"Home","item":"https:\/\/feurich.com\/es\/"},{"@type":"ListItem","position":2,"name":"Productos","item":"https:\/\/feurich.com\/es\/productos\/"},{"@type":"ListItem","position":3,"name":"Classic Pianos","item":"https:\/\/feurich.com\/es\/productos\/classic-pianos\/"},{"@type":"ListItem","position":4,"name":"Piano Mod. 122 \u2013 Universal","item":"https:\/\/feurich.com\/es\/productos\/classic-pianos\/piano-mod-122-universal\/"},{"@type":"ListItem","position":5,"name":"Mod. 122 &#8211; Universal"}]},{"@type":"WebSite","@id":"https:\/\/feurich.com\/en\/#website","url":"https:\/\/feurich.com\/en\/","name":"FEURICH","description":"A sound that connects","publisher":{"@id":"https:\/\/feurich.com\/en\/#organization"},"potentialAction":[{"@type":"SearchAction","target":{"@type":"EntryPoint","urlTemplate":"https:\/\/feurich.com\/en\/?s={search_term_string}"},"query-input":{"@type":"PropertyValueSpecification","valueRequired":true,"valueName":"search_term_string"}}],"inLanguage":"es"},{"@type":"Organization","@id":"https:\/\/feurich.com\/en\/#organization","name":"FEURICH","url":"https:\/\/feurich.com\/en\/","logo":{"@type":"ImageObject","inLanguage":"es","@id":"https:\/\/feurich.com\/en\/#\/schema\/logo\/image\/","url":"https:\/\/feurich.com\/wp-content\/uploads\/logo.png","contentUrl":"https:\/\/feurich.com\/wp-content\/uploads\/logo.png","width":354,"height":151,"caption":"FEURICH"},"image":{"@id":"https:\/\/feurich.com\/en\/#\/schema\/logo\/image\/"},"sameAs":["https:\/\/www.facebook.com\/feurichvienna\/"]}]}},"_links":{"self":[{"href":"https:\/\/feurich.com\/es\/wp-json\/wp\/v2\/pages\/11838","targetHints":{"allow":["GET"]}}],"collection":[{"href":"https:\/\/feurich.com\/es\/wp-json\/wp\/v2\/pages"}],"about":[{"href":"https:\/\/feurich.com\/es\/wp-json\/wp\/v2\/types\/page"}],"author":[{"embeddable":true,"href":"https:\/\/feurich.com\/es\/wp-json\/wp\/v2\/users\/7"}],"replies":[{"embeddable":true,"href":"https:\/\/feurich.com\/es\/wp-json\/wp\/v2\/comments?post=11838"}],"version-history":[{"count":30,"href":"https:\/\/feurich.com\/es\/wp-json\/wp\/v2\/pages\/11838\/revisions"}],"predecessor-version":[{"id":22210,"href":"https:\/\/feurich.com\/es\/wp-json\/wp\/v2\/pages\/11838\/revisions\/22210"}],"up":[{"embeddable":true,"href":"https:\/\/feurich.com\/es\/wp-json\/wp\/v2\/pages\/12151"}],"wp:attachment":[{"href":"https:\/\/feurich.com\/es\/wp-json\/wp\/v2\/media?parent=11838"}],"curies":[{"name":"wp","href":"https:\/\/api.w.org\/{rel}","templated":true}]}}