{"id":11832,"date":"2018-02-19T15:23:09","date_gmt":"2018-02-19T15:23:09","guid":{"rendered":"https:\/\/www.feurich.com\/accesorios\/"},"modified":"2018-04-03T07:32:53","modified_gmt":"2018-04-03T07:32:53","slug":"accesorios","status":"publish","type":"page","link":"https:\/\/feurich.com\/es\/productos\/accesorios\/","title":{"rendered":"Accesorios"},"content":{"rendered":"<div class=\"wpb-content-wrapper\"><p>[vc_row bg_type=\u00bbimage\u00bb parallax_style=\u00bbvcpb-default\u00bb bg_image_new=\u00bbid^521|url^\/wp-content\/uploads\/2017\/08\/home-fon-bl3.jpg|caption^null|alt^null|title^home-fon-bl3|description^null\u00bb bg_image_repeat=\u00bbno-repeat\u00bb bg_override=\u00bbfull\u00bb][vc_column][vc_empty_space height=\u00bb5px\u00bb][vc_row_inner][vc_column_inner width=\u00bb1\/6&#8243;][\/vc_column_inner][vc_column_inner width=\u00bb4\/6&#8243;][vc_column_text el_class=\u00bbbig-title\u00bb css=\u00bb.vc_custom_1506940813795{margin-bottom: 15px !important;}\u00bb]<\/p>\n<p style=\"text-align: center;\">ACCESORIOS<\/p>\n<p>[\/vc_column_text][vc_column_text]<\/p>\n<p style=\"text-align: center;\">Desde el sistema silenciador a la banqueta para pianos y hasta el metr\u00f3nomo en dise\u00f1o FEURICH: Aqu\u00ed encontrar\u00e1 productos de alta calidad relacionados con el piano<\/p>\n<p>[\/vc_column_text][\/vc_column_inner][vc_column_inner width=\u00bb1\/6&#8243;][\/vc_column_inner][\/vc_row_inner][vc_empty_space][\/vc_column][\/vc_row][vc_row][vc_column][vc_column_text el_class=\u00bbbig-title\u00bb]<\/p>\n<p style=\"text-align: center;\">SOLUCIONES T\u00c9CNICAS<\/p>\n<p>[\/vc_column_text][vc_empty_space height=\u00bb20px\u00bb][vc_basic_grid post_type=\u00bbids\u00bb gap=\u00bb35&#8243; item=\u00bb581&#8243; grid_id=\u00bbvc_gid:1522740738117-b19d73b5-4ea9-3&#8243; include=\u00bb1325, 1333, 1340&#8243;][vc_empty_space][\/vc_column][\/vc_row][vc_row][vc_column css=\u00bb.vc_custom_1502378601289{padding-right: 50px !important;}\u00bb][vc_column_text el_class=\u00bbbig-title\u00bb]<\/p>\n<p style=\"text-align: center;\">HERMOSO Y \u00daTIL<\/p>\n<p>[\/vc_column_text][vc_empty_space height=\u00bb20px\u00bb][vc_basic_grid post_type=\u00bbids\u00bb style=\u00bbload-more\u00bb items_per_page=\u00bb99&#8243; gap=\u00bb35&#8243; item=\u00bb581&#8243; grid_id=\u00bbvc_gid:1522740738119-629964eb-c15f-3&#8243; include=\u00bb1345, 1351, 4403, 1355, 1360, 4370&#8243;][\/vc_column][\/vc_row][vc_row][vc_column][vc_empty_space][\/vc_column][\/vc_row]<\/p>\n<\/div>","protected":false},"excerpt":{"rendered":"<p>Desde el sistema silenciador a la banqueta para pianos y hasta el metr\u00f3nomo en dise\u00f1o FEURICH: Aqu\u00ed encontrar\u00e1 productos de alta calidad relacionados con el piano<\/p>\n","protected":false},"author":7,"featured_media":0,"parent":12079,"menu_order":0,"comment_status":"closed","ping_status":"closed","template":"template-fullwidth.php","meta":{"inline_featured_image":false,"footnotes":""},"class_list":["post-11832","page","type-page","status-publish","hentry"],"acf":[],"yoast_head":"<!-- This site is optimized with the Yoast SEO plugin v24.4 - https:\/\/yoast.com\/wordpress\/plugins\/seo\/ -->\n<title>Accesorios - FEURICH<\/title>\n<meta name=\"description\" content=\"Desde el sistema silenciador a la banqueta para pianos y hasta el metr\u00f3nomo en dise\u00f1o FEURICH: Aqu\u00ed encontrar\u00e1 productos de alta calidad relacionados con el piano\" \/>\n<meta name=\"robots\" content=\"index, follow, max-snippet:-1, max-image-preview:large, max-video-preview:-1\" \/>\n<link rel=\"canonical\" href=\"https:\/\/feurich.com\/es\/productos\/accesorios\/\" \/>\n<meta property=\"og:locale\" content=\"es_ES\" \/>\n<meta property=\"og:type\" content=\"article\" \/>\n<meta property=\"og:title\" content=\"Accesorios - FEURICH\" \/>\n<meta property=\"og:description\" content=\"Desde el sistema silenciador a la banqueta para pianos y hasta el metr\u00f3nomo en dise\u00f1o FEURICH: Aqu\u00ed encontrar\u00e1 productos de alta calidad relacionados con el piano\" \/>\n<meta property=\"og:url\" content=\"https:\/\/feurich.com\/es\/productos\/accesorios\/\" \/>\n<meta property=\"og:site_name\" content=\"FEURICH\" \/>\n<meta property=\"article:publisher\" content=\"https:\/\/www.facebook.com\/feurichvienna\/\" \/>\n<meta property=\"article:modified_time\" content=\"2018-04-03T07:32:53+00:00\" \/>\n<meta name=\"twitter:card\" content=\"summary_large_image\" \/>\n<meta name=\"twitter:label1\" content=\"Tiempo de lectura\" \/>\n\t<meta name=\"twitter:data1\" content=\"1 minuto\" \/>\n<script type=\"application\/ld+json\" class=\"yoast-schema-graph\">{\"@context\":\"https:\/\/schema.org\",\"@graph\":[{\"@type\":\"WebPage\",\"@id\":\"https:\/\/feurich.com\/es\/productos\/accesorios\/\",\"url\":\"https:\/\/feurich.com\/es\/productos\/accesorios\/\",\"name\":\"Accesorios - FEURICH\",\"isPartOf\":{\"@id\":\"https:\/\/feurich.com\/en\/#website\"},\"datePublished\":\"2018-02-19T15:23:09+00:00\",\"dateModified\":\"2018-04-03T07:32:53+00:00\",\"description\":\"Desde el sistema silenciador a la banqueta para pianos y hasta el metr\u00f3nomo en dise\u00f1o FEURICH: Aqu\u00ed encontrar\u00e1 productos de alta calidad relacionados con el piano\",\"breadcrumb\":{\"@id\":\"https:\/\/feurich.com\/es\/productos\/accesorios\/#breadcrumb\"},\"inLanguage\":\"es\",\"potentialAction\":[{\"@type\":\"ReadAction\",\"target\":[\"https:\/\/feurich.com\/es\/productos\/accesorios\/\"]}]},{\"@type\":\"BreadcrumbList\",\"@id\":\"https:\/\/feurich.com\/es\/productos\/accesorios\/#breadcrumb\",\"itemListElement\":[{\"@type\":\"ListItem\",\"position\":1,\"name\":\"Home\",\"item\":\"https:\/\/feurich.com\/es\/\"},{\"@type\":\"ListItem\",\"position\":2,\"name\":\"Productos\",\"item\":\"https:\/\/feurich.com\/es\/productos\/\"},{\"@type\":\"ListItem\",\"position\":3,\"name\":\"Accesorios\"}]},{\"@type\":\"WebSite\",\"@id\":\"https:\/\/feurich.com\/en\/#website\",\"url\":\"https:\/\/feurich.com\/en\/\",\"name\":\"FEURICH\",\"description\":\"A sound that connects\",\"publisher\":{\"@id\":\"https:\/\/feurich.com\/en\/#organization\"},\"potentialAction\":[{\"@type\":\"SearchAction\",\"target\":{\"@type\":\"EntryPoint\",\"urlTemplate\":\"https:\/\/feurich.com\/en\/?s={search_term_string}\"},\"query-input\":{\"@type\":\"PropertyValueSpecification\",\"valueRequired\":true,\"valueName\":\"search_term_string\"}}],\"inLanguage\":\"es\"},{\"@type\":\"Organization\",\"@id\":\"https:\/\/feurich.com\/en\/#organization\",\"name\":\"FEURICH\",\"url\":\"https:\/\/feurich.com\/en\/\",\"logo\":{\"@type\":\"ImageObject\",\"inLanguage\":\"es\",\"@id\":\"https:\/\/feurich.com\/en\/#\/schema\/logo\/image\/\",\"url\":\"https:\/\/feurich.com\/wp-content\/uploads\/logo.png\",\"contentUrl\":\"https:\/\/feurich.com\/wp-content\/uploads\/logo.png\",\"width\":354,\"height\":151,\"caption\":\"FEURICH\"},\"image\":{\"@id\":\"https:\/\/feurich.com\/en\/#\/schema\/logo\/image\/\"},\"sameAs\":[\"https:\/\/www.facebook.com\/feurichvienna\/\"]}]}<\/script>\n<!-- \/ Yoast SEO plugin. -->","yoast_head_json":{"title":"Accesorios - FEURICH","description":"Desde el sistema silenciador a la banqueta para pianos y hasta el metr\u00f3nomo en dise\u00f1o FEURICH: Aqu\u00ed encontrar\u00e1 productos de alta calidad relacionados con el piano","robots":{"index":"index","follow":"follow","max-snippet":"max-snippet:-1","max-image-preview":"max-image-preview:large","max-video-preview":"max-video-preview:-1"},"canonical":"https:\/\/feurich.com\/es\/productos\/accesorios\/","og_locale":"es_ES","og_type":"article","og_title":"Accesorios - FEURICH","og_description":"Desde el sistema silenciador a la banqueta para pianos y hasta el metr\u00f3nomo en dise\u00f1o FEURICH: Aqu\u00ed encontrar\u00e1 productos de alta calidad relacionados con el piano","og_url":"https:\/\/feurich.com\/es\/productos\/accesorios\/","og_site_name":"FEURICH","article_publisher":"https:\/\/www.facebook.com\/feurichvienna\/","article_modified_time":"2018-04-03T07:32:53+00:00","twitter_card":"summary_large_image","twitter_misc":{"Tiempo de lectura":"1 minuto"},"schema":{"@context":"https:\/\/schema.org","@graph":[{"@type":"WebPage","@id":"https:\/\/feurich.com\/es\/productos\/accesorios\/","url":"https:\/\/feurich.com\/es\/productos\/accesorios\/","name":"Accesorios - FEURICH","isPartOf":{"@id":"https:\/\/feurich.com\/en\/#website"},"datePublished":"2018-02-19T15:23:09+00:00","dateModified":"2018-04-03T07:32:53+00:00","description":"Desde el sistema silenciador a la banqueta para pianos y hasta el metr\u00f3nomo en dise\u00f1o FEURICH: Aqu\u00ed encontrar\u00e1 productos de alta calidad relacionados con el piano","breadcrumb":{"@id":"https:\/\/feurich.com\/es\/productos\/accesorios\/#breadcrumb"},"inLanguage":"es","potentialAction":[{"@type":"ReadAction","target":["https:\/\/feurich.com\/es\/productos\/accesorios\/"]}]},{"@type":"BreadcrumbList","@id":"https:\/\/feurich.com\/es\/productos\/accesorios\/#breadcrumb","itemListElement":[{"@type":"ListItem","position":1,"name":"Home","item":"https:\/\/feurich.com\/es\/"},{"@type":"ListItem","position":2,"name":"Productos","item":"https:\/\/feurich.com\/es\/productos\/"},{"@type":"ListItem","position":3,"name":"Accesorios"}]},{"@type":"WebSite","@id":"https:\/\/feurich.com\/en\/#website","url":"https:\/\/feurich.com\/en\/","name":"FEURICH","description":"A sound that connects","publisher":{"@id":"https:\/\/feurich.com\/en\/#organization"},"potentialAction":[{"@type":"SearchAction","target":{"@type":"EntryPoint","urlTemplate":"https:\/\/feurich.com\/en\/?s={search_term_string}"},"query-input":{"@type":"PropertyValueSpecification","valueRequired":true,"valueName":"search_term_string"}}],"inLanguage":"es"},{"@type":"Organization","@id":"https:\/\/feurich.com\/en\/#organization","name":"FEURICH","url":"https:\/\/feurich.com\/en\/","logo":{"@type":"ImageObject","inLanguage":"es","@id":"https:\/\/feurich.com\/en\/#\/schema\/logo\/image\/","url":"https:\/\/feurich.com\/wp-content\/uploads\/logo.png","contentUrl":"https:\/\/feurich.com\/wp-content\/uploads\/logo.png","width":354,"height":151,"caption":"FEURICH"},"image":{"@id":"https:\/\/feurich.com\/en\/#\/schema\/logo\/image\/"},"sameAs":["https:\/\/www.facebook.com\/feurichvienna\/"]}]}},"_links":{"self":[{"href":"https:\/\/feurich.com\/es\/wp-json\/wp\/v2\/pages\/11832","targetHints":{"allow":["GET"]}}],"collection":[{"href":"https:\/\/feurich.com\/es\/wp-json\/wp\/v2\/pages"}],"about":[{"href":"https:\/\/feurich.com\/es\/wp-json\/wp\/v2\/types\/page"}],"author":[{"embeddable":true,"href":"https:\/\/feurich.com\/es\/wp-json\/wp\/v2\/users\/7"}],"replies":[{"embeddable":true,"href":"https:\/\/feurich.com\/es\/wp-json\/wp\/v2\/comments?post=11832"}],"version-history":[{"count":6,"href":"https:\/\/feurich.com\/es\/wp-json\/wp\/v2\/pages\/11832\/revisions"}],"predecessor-version":[{"id":13902,"href":"https:\/\/feurich.com\/es\/wp-json\/wp\/v2\/pages\/11832\/revisions\/13902"}],"up":[{"embeddable":true,"href":"https:\/\/feurich.com\/es\/wp-json\/wp\/v2\/pages\/12079"}],"wp:attachment":[{"href":"https:\/\/feurich.com\/es\/wp-json\/wp\/v2\/media?parent=11832"}],"curies":[{"name":"wp","href":"https:\/\/api.w.org\/{rel}","templated":true}]}}