{"id":11824,"date":"2018-02-19T12:37:56","date_gmt":"2018-02-19T12:37:56","guid":{"rendered":"https:\/\/www.feurich.com\/mod-218-concert-i\/"},"modified":"2022-02-25T08:07:59","modified_gmt":"2022-02-25T08:07:59","slug":"mod-218-concert-i","status":"publish","type":"page","link":"https:\/\/feurich.com\/es\/productos\/classic-pianos\/piano-de-cola-218-concert-i\/mod-218-concert-i\/","title":{"rendered":"Modelo 218 &#8211; Concert I: Detalles"},"content":{"rendered":"<div class=\"wpb-content-wrapper\"><p>[vc_row][vc_column][vc_column_text]<ul class=\"piano-menu\" page-id=\"12129\"><li class=\"piano-menu-item\"><a class=\"piano-menu-link \" href=\"https:\/\/feurich.com\/es\/productos\/classic-pianos\/piano-mod-115-premiere\/\">115 \u2013 Premiere<\/a><\/li><li class=\"piano-menu-item\"><a class=\"piano-menu-link \" href=\"https:\/\/feurich.com\/es\/productos\/classic-pianos\/piano-mod-122-universal\/\">122 \u2013 Universal<\/a><\/li><li class=\"piano-menu-item\"><a class=\"piano-menu-link \" href=\"https:\/\/feurich.com\/es\/productos\/classic-pianos\/piano-mod-125-design\/\">125 \u2013 Design<\/a><\/li><li class=\"piano-menu-item\"><a class=\"piano-menu-link \" href=\"https:\/\/feurich.com\/es\/productos\/classic-pianos\/piano-mod-133-concert\/\">133 \u2013 Concert<\/a><\/li><li class=\"piano-menu-item\"><a class=\"piano-menu-link \" href=\"https:\/\/feurich.com\/es\/productos\/classic-pianos\/piano-de-cola-mod-162-dynamic-i\/\">162 \u2013 Dynamic I<\/a><\/li><li class=\"piano-menu-item\"><a class=\"piano-menu-link \" href=\"https:\/\/feurich.com\/es\/productos\/classic-pianos\/179-dynamic-ii\/\">179 \u2013 Dynamic II<\/a><\/li><li class=\"piano-menu-item\"><a class=\"piano-menu-link piano-menu-link-active\" href=\"https:\/\/feurich.com\/es\/productos\/classic-pianos\/piano-de-cola-218-concert-i\/\">218 \u2013 Concert I<\/a><\/li><\/ul>[\/vc_column_text][vc_column_text el_class=\u00bbbig-title\u00bb]<\/p>\n<p style=\"text-align: center;\">FEURICH Mod. 218 \u2013 Concert I<\/p>\n<p>[\/vc_column_text][\/vc_column][\/vc_row][vc_row][vc_column width=\u00bb1\/2&#8243;][vc_column_text]<div class=\"wonderplugingallery-container\" id=\"wonderplugingallery-container-6\" style=\"max-width:550px;margin:0 auto;\"><div class=\"wonderplugingallery\" id=\"wonderplugingallery-6\" data-galleryid=\"6\" data-width=\"550\" data-height=\"400\" data-skin=\"gallerywithtext\" data-random=\"false\" data-autoslide=\"false\" data-autoplayvideo=\"false\" data-schemamarkup=\"false\" data-stopallplaying=\"false\" data-hidetitlewhenvideoisplaying=\"false\" data-disablehovereventontouch=\"false\" data-autoslideandplayafterfirstplayed=\"false\" data-html5player=\"true\" data-responsive=\"true\" data-fullwidth=\"false\" data-showtitle=\"true\" data-showdescription=\"true\" data-showplaybutton=\"false\" data-showfullscreenbutton=\"true\" data-showtimer=\"false\" data-showcarousel=\"true\" data-galleryshadow=\"false\" data-slideshadow=\"false\" data-thumbshowtitle=\"false\" data-thumbshadow=\"false\" data-lightboxshowtitle=\"true\" data-lightboxshowdescription=\"true\" data-specifyid=\"true\" data-donotinit=\"false\" data-addinitscript=\"true\" data-triggerresize=\"false\" data-thumbcolumnsresponsive=\"false\" data-showimgtitle=\"false\" data-titlesmallscreen=\"false\" data-initsocial=\"true\" data-showsocial=\"false\" data-showemail=\"false\" data-showfacebook=\"true\" data-showtwitter=\"true\" data-showpinterest=\"true\" data-socialrotateeffect=\"true\" data-doshortcodeontext=\"false\" data-duration=\"1500\" data-slideduration=\"1000\" data-slideshowinterval=\"6000\" data-googleanalyticsaccount=\"\" data-resizemode=\"fill\" data-imagetoolboxmode=\"hide\" data-effect=\"fadeinout\" data-padding=\"12\" data-bgcolor=\"\" data-bgimage=\"\" data-thumbwidth=\"54\" data-thumbheight=\"42\" data-thumbgap=\"8\" data-thumbrowgap=\"16\" data-lightboxtextheight=\"72\" data-lightboxtitlecss=\"{color:#333333; font:bold 12px Arial,Helvetica,sans-serif; overflow:hidden; white-space:normal; line-height:18px;}\" data-lightboxdescriptioncss=\"{color:#333333; font:normal 12px Arial,Helvetica,sans-serif; overflow:hidden; white-space:normal; line-height:14px;}\" data-titlecss=\"{color:#333;font-size:14px;font-family:Armata,sans-serif,Arial;overflow:hidden;text-align:center;padding:16px 8px 4px 8px;display:none}\" data-descriptioncss=\"{color:#333;font-size:14px;font-family:Arial,Helvetica,sans-serif;overflow:hidden;text-align:center;padding:4px 8px; padding-top: 15px;}\" data-titleheight=\"35\" data-titlesmallscreenwidth=\"640\" data-titleheightsmallscreen=\"148\" data-socialmode=\"mouseover\" data-socialposition=\"position:absolute;top:8px;right:8px;\" data-socialpositionlightbox=\"position:absolute;top:8px;right:8px;\" data-socialdirection=\"horizontal\" data-socialbuttonsize=\"32\" data-socialbuttonfontsize=\"18\" data-triggerresizedelay=\"100\" data-thumbmediumsize=\"800\" data-thumbsmallsize=\"480\" data-thumbmediumwidth=\"64\" data-thumbmediumheight=\"64\" data-thumbsmallwidth=\"48\" data-thumbsmallheight=\"48\" data-imgtitle=\"title\" data-jsfolder=\"https:\/\/feurich.com\/wp-content\/plugins\/wonderplugin-gallery\/engine\/\" style=\"display:none;\" ><a href=\"https:\/\/www.feurich.com\/wp-content\/uploads\/Mod._218_-_Concert_I_10black_brass_LOGO-1.png\" data-mediatype=1><img decoding=\"async\" class=\"html5galleryimg\" src=\"https:\/\/www.feurich.com\/wp-content\/uploads\/Mod._218_-_Concert_I_10black_brass_LOGO-1-1024x768.png\" alt=\"Mod._218_-_Concert_I_#10black_brass_LOGO\" data-description=\"Negro pulido- Dorado\"><\/a><a href=\"https:\/\/www.feurich.com\/wp-content\/uploads\/Mod.-218-Concert-I-black-polished-chrome-1.png\" data-mediatype=1><img decoding=\"async\" class=\"html5galleryimg\" src=\"https:\/\/www.feurich.com\/wp-content\/uploads\/Mod.-218-Concert-I-black-polished-chrome-1-1024x768.png\" alt=\"Mod. 218 - Concert I, black polished - chrome 1\" data-description=\"Negro pulido- Cromo\"><\/a><div class=\"wonderplugin-engine\"><a href=\"http:\/\/www.wonderplugin.com\/wordpress-gallery\/\" title=\"WordPress YouTube Gallery Plugin\">WordPress YouTube Gallery Plugin<\/a><\/div><\/div><\/div><script>jQuery(document).ready(function(){jQuery(\".wonderplugin-engine\").css({display:\"none\"});jQuery(\".wonderplugingallery\").wonderplugingallery({forceinit:true});});<\/script>[\/vc_column_text][\/vc_column][vc_column width=\u00bb1\/2&#8243;][vc_column_text]<\/p>\n<p>El primer modelo de la nueva e innovadora serie de piano de cola de concierto de FEURICH fue creado en estrecha colaboraci\u00f3n con el reconocido dise\u00f1ador de pianos Stephen Paulello. El dise\u00f1o \u00fanico del piano de semi-concierto establece est\u00e1ndares de sonido y calidad completamente nuevos. Solo los mejores materiales y componentes se usan en el Mod. 218 &#8211; Concierto I. Las cabezas de los martillos de alta calidad con fieltro natural \u00abWeickert-Spezial\u00bb de Renner y una caja de resonancia de primera clase fabricada con la mejor madera de Tonewood forman la base del instrumento exclusivo.<\/p>\n<p>El Mod. 218 &#8211; Concert I combina el tono rico, c\u00e1lido y sonoro, por el que FEURICH es famoso, con su impresionante claridad, precisi\u00f3n y variedad din\u00e1mica. La mec\u00e1nica optimizada y su fabricaci\u00f3n meticulosa garantizan un toque seguro y controlado desde el mejor pian\u00edsimo hasta el fuerte expresivo. El Mod. 218 &#8211; Concert I es utilizado en numerosos estudios de grabaci\u00f3n, as\u00ed como en salas de conciertos peque\u00f1as y medianas de todo el mundo.<\/p>\n<p>\u2022 excelente rendimiento sonoro<br \/>\n\u2022 excelente consistencia en todo el espectro de sonido<br \/>\n\u2022 construcci\u00f3n total \u00fanica por Stephen Paulello<br \/>\n\u2022 mec\u00e1nica innovadora FEURICH para un toque r\u00e1pido y preciso<br \/>\n\u2022 Alambre para cuerdas de acero inoxidable Paulello<br \/>\n\u2022 Martillos Renner con fieltros sinti\u00f3 \u00abWeickert-Spezial\u00bb<br \/>\n\u2022 recubierta de teclas negras de madera para una sensaci\u00f3n de toque aut\u00e9ntico<br \/>\n\u2022 Dise\u00f1o FEURICH del atril para notas con l\u00e1mpara integrada LED antireflejo<\/p>\n<p>El MOD 218 -. Concierto I est\u00e1 disponible en color negro con placa de hierro oro rojo, accesorios dorados y fieltros color burdeos, o bien con placa de hierro gris, accesorios en cromo y fieltros negros. Adem\u00e1s puede ser equipado con sistema silenciador FEURICH. \u00bfDesea saber m\u00e1s? Nos alegrar\u00e1 su mensaje de contacto!<\/p>\n<p>[\/vc_column_text][\/vc_column][\/vc_row][vc_row][vc_column][vc_masonry_media_grid element_width=\u00bb2&#8243; item=\u00bbmediaGrid_Default\u00bb grid_id=\u00bbvc_gid:1549456235666-5f99114dbcc5d100230bafd28c28e431-7&#8243; include=\u00bb17074,17086,17089,17083,17077,17080&#8243;][\/vc_column][\/vc_row][vc_row][vc_column width=\u00bb1\/3&#8243;][vc_column_text]<\/p>\n<h3>DESCARGAR FICHA T\u00c9CNICA<\/h3>\n<p>[\/vc_column_text][vc_single_image image=\u00bb8699&#8243; onclick=\u00bbcustom_link\u00bb img_link_target=\u00bb_blank\u00bb link=\u00bb\/wp-content\/uploads\/Hoja_t\u00e9cnica_web_218.pdf\u00bb][\/vc_column][vc_column width=\u00bb1\/3&#8243;][vc_column_text]<\/p>\n<h3>VIDEO<\/h3>\n<p>[\/vc_column_text][vc_column_text]<div class=\"wpb_video_widget wpb_content_element  vc_clearfix vc_video-aspect-ratio-43 vc_video-el-width-100 vc_video-align-left\"><div class=\"wpb_wrapper\"><div class=\"wpb_video_wrapper\"><div class=\"fluid-width-video-wrapper\"><iframe src=\"https:\/\/www.youtube.com\/embed\/FvDuO2dPAqE?feature=oembed\" frameborder=\"0\" gesture=\"media\" allow=\"encrypted-media\" allowfullscreen=\"\" class=\"vid-youtube\"><\/iframe><\/div><\/div><\/div><\/div>[\/vc_column_text][\/vc_column][vc_column width=\u00bb1\/3&#8243;][vc_column_text]<\/p>\n<h3>MEDIDAS<\/h3>\n<p>[\/vc_column_text][vc_single_image image=\u00bb16506&#8243; img_size=\u00bb360&#215;260&#8243;][\/vc_column][\/vc_row]<\/p>\n<\/div>","protected":false},"excerpt":{"rendered":"<p>La construcci\u00f3n \u00fanica del piano de cola de semi-concierto establece est\u00e1ndares de sonido y calidad completamente nuevos; desarrollado en colaboraci\u00f3n con Stephen Paulello.<\/p>\n","protected":false},"author":7,"featured_media":0,"parent":12511,"menu_order":0,"comment_status":"closed","ping_status":"closed","template":"","meta":{"inline_featured_image":false,"footnotes":""},"class_list":["post-11824","page","type-page","status-publish","hentry"],"acf":[],"yoast_head":"<!-- This site is optimized with the Yoast SEO plugin v24.4 - https:\/\/yoast.com\/wordpress\/plugins\/seo\/ -->\n<title>Modelo 218 - Concert I: Detalles - FEURICH<\/title>\n<meta name=\"robots\" content=\"index, follow, max-snippet:-1, max-image-preview:large, max-video-preview:-1\" \/>\n<link rel=\"canonical\" href=\"https:\/\/feurich.com\/es\/productos\/classic-pianos\/piano-de-cola-218-concert-i\/mod-218-concert-i\/\" \/>\n<meta property=\"og:locale\" content=\"es_ES\" \/>\n<meta property=\"og:type\" content=\"article\" \/>\n<meta property=\"og:title\" content=\"Modelo 218 - Concert I: Detalles - FEURICH\" \/>\n<meta property=\"og:description\" content=\"La construcci\u00f3n \u00fanica del piano de cola de semi-concierto establece est\u00e1ndares de sonido y calidad completamente nuevos; desarrollado en colaboraci\u00f3n con Stephen Paulello.\" \/>\n<meta property=\"og:url\" content=\"https:\/\/feurich.com\/es\/productos\/classic-pianos\/piano-de-cola-218-concert-i\/mod-218-concert-i\/\" \/>\n<meta property=\"og:site_name\" content=\"FEURICH\" \/>\n<meta property=\"article:publisher\" content=\"https:\/\/www.facebook.com\/feurichvienna\/\" \/>\n<meta property=\"article:modified_time\" content=\"2022-02-25T08:07:59+00:00\" \/>\n<meta name=\"twitter:card\" content=\"summary_large_image\" \/>\n<meta name=\"twitter:label1\" content=\"Tiempo de lectura\" \/>\n\t<meta name=\"twitter:data1\" content=\"2 minutos\" \/>\n<script type=\"application\/ld+json\" class=\"yoast-schema-graph\">{\"@context\":\"https:\/\/schema.org\",\"@graph\":[{\"@type\":\"WebPage\",\"@id\":\"https:\/\/feurich.com\/es\/productos\/classic-pianos\/piano-de-cola-218-concert-i\/mod-218-concert-i\/\",\"url\":\"https:\/\/feurich.com\/es\/productos\/classic-pianos\/piano-de-cola-218-concert-i\/mod-218-concert-i\/\",\"name\":\"Modelo 218 - Concert I: Detalles - FEURICH\",\"isPartOf\":{\"@id\":\"https:\/\/feurich.com\/en\/#website\"},\"datePublished\":\"2018-02-19T12:37:56+00:00\",\"dateModified\":\"2022-02-25T08:07:59+00:00\",\"breadcrumb\":{\"@id\":\"https:\/\/feurich.com\/es\/productos\/classic-pianos\/piano-de-cola-218-concert-i\/mod-218-concert-i\/#breadcrumb\"},\"inLanguage\":\"es\",\"potentialAction\":[{\"@type\":\"ReadAction\",\"target\":[\"https:\/\/feurich.com\/es\/productos\/classic-pianos\/piano-de-cola-218-concert-i\/mod-218-concert-i\/\"]}]},{\"@type\":\"BreadcrumbList\",\"@id\":\"https:\/\/feurich.com\/es\/productos\/classic-pianos\/piano-de-cola-218-concert-i\/mod-218-concert-i\/#breadcrumb\",\"itemListElement\":[{\"@type\":\"ListItem\",\"position\":1,\"name\":\"Home\",\"item\":\"https:\/\/feurich.com\/es\/\"},{\"@type\":\"ListItem\",\"position\":2,\"name\":\"Productos\",\"item\":\"https:\/\/feurich.com\/es\/productos\/\"},{\"@type\":\"ListItem\",\"position\":3,\"name\":\"Classic Pianos\",\"item\":\"https:\/\/feurich.com\/es\/productos\/classic-pianos\/\"},{\"@type\":\"ListItem\",\"position\":4,\"name\":\"Piano de cola 218 Concert I\",\"item\":\"https:\/\/feurich.com\/es\/productos\/classic-pianos\/piano-de-cola-218-concert-i\/\"},{\"@type\":\"ListItem\",\"position\":5,\"name\":\"Modelo 218 &#8211; Concert I: Detalles\"}]},{\"@type\":\"WebSite\",\"@id\":\"https:\/\/feurich.com\/en\/#website\",\"url\":\"https:\/\/feurich.com\/en\/\",\"name\":\"FEURICH\",\"description\":\"A sound that connects\",\"publisher\":{\"@id\":\"https:\/\/feurich.com\/en\/#organization\"},\"potentialAction\":[{\"@type\":\"SearchAction\",\"target\":{\"@type\":\"EntryPoint\",\"urlTemplate\":\"https:\/\/feurich.com\/en\/?s={search_term_string}\"},\"query-input\":{\"@type\":\"PropertyValueSpecification\",\"valueRequired\":true,\"valueName\":\"search_term_string\"}}],\"inLanguage\":\"es\"},{\"@type\":\"Organization\",\"@id\":\"https:\/\/feurich.com\/en\/#organization\",\"name\":\"FEURICH\",\"url\":\"https:\/\/feurich.com\/en\/\",\"logo\":{\"@type\":\"ImageObject\",\"inLanguage\":\"es\",\"@id\":\"https:\/\/feurich.com\/en\/#\/schema\/logo\/image\/\",\"url\":\"https:\/\/feurich.com\/wp-content\/uploads\/logo.png\",\"contentUrl\":\"https:\/\/feurich.com\/wp-content\/uploads\/logo.png\",\"width\":354,\"height\":151,\"caption\":\"FEURICH\"},\"image\":{\"@id\":\"https:\/\/feurich.com\/en\/#\/schema\/logo\/image\/\"},\"sameAs\":[\"https:\/\/www.facebook.com\/feurichvienna\/\"]}]}<\/script>\n<!-- \/ Yoast SEO plugin. -->","yoast_head_json":{"title":"Modelo 218 - Concert I: Detalles - FEURICH","robots":{"index":"index","follow":"follow","max-snippet":"max-snippet:-1","max-image-preview":"max-image-preview:large","max-video-preview":"max-video-preview:-1"},"canonical":"https:\/\/feurich.com\/es\/productos\/classic-pianos\/piano-de-cola-218-concert-i\/mod-218-concert-i\/","og_locale":"es_ES","og_type":"article","og_title":"Modelo 218 - Concert I: Detalles - FEURICH","og_description":"La construcci\u00f3n \u00fanica del piano de cola de semi-concierto establece est\u00e1ndares de sonido y calidad completamente nuevos; desarrollado en colaboraci\u00f3n con Stephen Paulello.","og_url":"https:\/\/feurich.com\/es\/productos\/classic-pianos\/piano-de-cola-218-concert-i\/mod-218-concert-i\/","og_site_name":"FEURICH","article_publisher":"https:\/\/www.facebook.com\/feurichvienna\/","article_modified_time":"2022-02-25T08:07:59+00:00","twitter_card":"summary_large_image","twitter_misc":{"Tiempo de lectura":"2 minutos"},"schema":{"@context":"https:\/\/schema.org","@graph":[{"@type":"WebPage","@id":"https:\/\/feurich.com\/es\/productos\/classic-pianos\/piano-de-cola-218-concert-i\/mod-218-concert-i\/","url":"https:\/\/feurich.com\/es\/productos\/classic-pianos\/piano-de-cola-218-concert-i\/mod-218-concert-i\/","name":"Modelo 218 - Concert I: Detalles - FEURICH","isPartOf":{"@id":"https:\/\/feurich.com\/en\/#website"},"datePublished":"2018-02-19T12:37:56+00:00","dateModified":"2022-02-25T08:07:59+00:00","breadcrumb":{"@id":"https:\/\/feurich.com\/es\/productos\/classic-pianos\/piano-de-cola-218-concert-i\/mod-218-concert-i\/#breadcrumb"},"inLanguage":"es","potentialAction":[{"@type":"ReadAction","target":["https:\/\/feurich.com\/es\/productos\/classic-pianos\/piano-de-cola-218-concert-i\/mod-218-concert-i\/"]}]},{"@type":"BreadcrumbList","@id":"https:\/\/feurich.com\/es\/productos\/classic-pianos\/piano-de-cola-218-concert-i\/mod-218-concert-i\/#breadcrumb","itemListElement":[{"@type":"ListItem","position":1,"name":"Home","item":"https:\/\/feurich.com\/es\/"},{"@type":"ListItem","position":2,"name":"Productos","item":"https:\/\/feurich.com\/es\/productos\/"},{"@type":"ListItem","position":3,"name":"Classic Pianos","item":"https:\/\/feurich.com\/es\/productos\/classic-pianos\/"},{"@type":"ListItem","position":4,"name":"Piano de cola 218 Concert I","item":"https:\/\/feurich.com\/es\/productos\/classic-pianos\/piano-de-cola-218-concert-i\/"},{"@type":"ListItem","position":5,"name":"Modelo 218 &#8211; Concert I: Detalles"}]},{"@type":"WebSite","@id":"https:\/\/feurich.com\/en\/#website","url":"https:\/\/feurich.com\/en\/","name":"FEURICH","description":"A sound that connects","publisher":{"@id":"https:\/\/feurich.com\/en\/#organization"},"potentialAction":[{"@type":"SearchAction","target":{"@type":"EntryPoint","urlTemplate":"https:\/\/feurich.com\/en\/?s={search_term_string}"},"query-input":{"@type":"PropertyValueSpecification","valueRequired":true,"valueName":"search_term_string"}}],"inLanguage":"es"},{"@type":"Organization","@id":"https:\/\/feurich.com\/en\/#organization","name":"FEURICH","url":"https:\/\/feurich.com\/en\/","logo":{"@type":"ImageObject","inLanguage":"es","@id":"https:\/\/feurich.com\/en\/#\/schema\/logo\/image\/","url":"https:\/\/feurich.com\/wp-content\/uploads\/logo.png","contentUrl":"https:\/\/feurich.com\/wp-content\/uploads\/logo.png","width":354,"height":151,"caption":"FEURICH"},"image":{"@id":"https:\/\/feurich.com\/en\/#\/schema\/logo\/image\/"},"sameAs":["https:\/\/www.facebook.com\/feurichvienna\/"]}]}},"_links":{"self":[{"href":"https:\/\/feurich.com\/es\/wp-json\/wp\/v2\/pages\/11824","targetHints":{"allow":["GET"]}}],"collection":[{"href":"https:\/\/feurich.com\/es\/wp-json\/wp\/v2\/pages"}],"about":[{"href":"https:\/\/feurich.com\/es\/wp-json\/wp\/v2\/types\/page"}],"author":[{"embeddable":true,"href":"https:\/\/feurich.com\/es\/wp-json\/wp\/v2\/users\/7"}],"replies":[{"embeddable":true,"href":"https:\/\/feurich.com\/es\/wp-json\/wp\/v2\/comments?post=11824"}],"version-history":[{"count":27,"href":"https:\/\/feurich.com\/es\/wp-json\/wp\/v2\/pages\/11824\/revisions"}],"predecessor-version":[{"id":57736,"href":"https:\/\/feurich.com\/es\/wp-json\/wp\/v2\/pages\/11824\/revisions\/57736"}],"up":[{"embeddable":true,"href":"https:\/\/feurich.com\/es\/wp-json\/wp\/v2\/pages\/12511"}],"wp:attachment":[{"href":"https:\/\/feurich.com\/es\/wp-json\/wp\/v2\/media?parent=11824"}],"curies":[{"name":"wp","href":"https:\/\/api.w.org\/{rel}","templated":true}]}}