{"id":11532,"date":"2018-02-14T12:09:02","date_gmt":"2018-02-14T12:09:02","guid":{"rendered":"https:\/\/www.feurich.com\/sistemas-silenciadores\/"},"modified":"2021-12-06T16:29:47","modified_gmt":"2021-12-06T16:29:47","slug":"sistemas-silenciadores","status":"publish","type":"page","link":"https:\/\/feurich.com\/es\/productos\/accesorios\/sistemas-silenciadores\/","title":{"rendered":"Sistemas silenciadores"},"content":{"rendered":"<div class=\"wpb-content-wrapper\"><p>[vc_row bg_type=\u00bbimage\u00bb parallax_style=\u00bbvcpb-default\u00bb bg_image_new=\u00bbid^521|url^\/wp-content\/uploads\/2017\/08\/home-fon-bl3.jpg|caption^null|alt^null|title^home-fon-bl3|description^null\u00bb bg_image_repeat=\u00bbno-repeat\u00bb bg_override=\u00bbfull\u00bb][vc_column 0=\u00bb\u00bb][vc_empty_space height=\u00bb5px\u00bb][vc_row_inner 0=\u00bb\u00bb][vc_column_inner width=\u00bb1\/6&#8243;][\/vc_column_inner][vc_column_inner width=\u00bb4\/6&#8243;][vc_column_text el_class=\u00bbbig-title\u00bb css=\u00bb.vc_custom_1510697432437{margin-bottom: 15px !important;}\u00bb]<\/p>\n<p style=\"text-align: center;\">Sistemas silenciadores<\/p>\n<p>[\/vc_column_text][vc_column_text 0=\u00bb\u00bb][\/vc_column_text][\/vc_column_inner][vc_column_inner width=\u00bb1\/6&#8243;][\/vc_column_inner][\/vc_row_inner][vc_empty_space 0=\u00bb\u00bb][\/vc_column][\/vc_row][vc_row 0=\u00bb\u00bb][vc_column width=\u00bb1\/3&#8243;][vc_single_image image=\u00bb11533&#8243; img_size=\u00bb360&#215;260&#8243; alignment=\u00bbcenter\u00bb css=\u00bb.vc_custom_1510697163610{margin-bottom: 10px !important;}\u00bb][\/vc_column][vc_column width=\u00bb2\/3&#8243;][vc_column_text]<br \/>\nAHORRE LOS NERVIOS DE SUS VECINOS<br \/>\n[\/vc_column_text][vc_empty_space height=\u00bb24px\u00bb][vc_column_text 0=\u00bb\u00bb]Con el \u00abReal Touch Silencer System\u00bb desarrollado por nosotros puede silenciar por completo su instrumento y escuchar el sonido a trav\u00e9s de auriculares. Como resultado, nada se interpone en el disfrute de tocar sin interrupciones, \u00a1incluso de noche! El sistema Silencer se adapta a todos los modelos FEURICH. Tambi\u00e9n se puede adaptar a la mayor\u00eda de los modelos de otros fabricantes.[\/vc_column_text][\/vc_column][\/vc_row][vc_row][vc_column width=\u00bb1\/3&#8243;][\/vc_column][vc_column width=\u00bb2\/3&#8243;][vc_column_text]\u00a1Nunca m\u00e1s vecinos molestos debido al sonido fuerte durante la pr\u00e1ctica pian\u00edstica! Con nuestro \u00abSistema Real Touch Silencer\u00bb especialmente desarrollado, los pianistas pueden entrenar durante la noche sin problema. El modo \u00absilencioso\u00bb impide el sonido exterior del instrumento escuchando a trav\u00e9s de auriculares. El piano se puede desactivar f\u00e1cilmente sin tener que bloquearlo. As\u00ed los peque\u00f1os no tienen la tentaci\u00f3n de golpear fuerte en el piano.<\/p>\n<p>PARA PIANOS<br \/>\nEl sistema Silencer se puede instalar en todos nuestros modelos de piano. Tambi\u00e9n se puede adaptar a modelos de otros fabricantes. Solo con pianinos extremadamente peque\u00f1os son necesarias soluciones individuales a veces por razones de espacio.<\/p>\n<p>PARA PIANOS DE COLA<br \/>\nSistema Silencer con barra de parada para casi todos los pianos de cola de todos fabricantes. El let off se establece a 6-8 mm de las cuerdas.<\/p>\n<p>Estaremos encantados de asesorarlo personalmente sobre nuestra variada oferta. &gt;&gt; contacto[\/vc_column_text][\/vc_column][\/vc_row]<\/p>\n<\/div>","protected":false},"excerpt":{"rendered":"<p>Tocar con auriculares sin sonido externo, sin p\u00e9rdida de calidad<\/p>\n","protected":false},"author":7,"featured_media":11533,"parent":11832,"menu_order":0,"comment_status":"closed","ping_status":"closed","template":"template-fullwidth.php","meta":{"inline_featured_image":false,"footnotes":""},"class_list":["post-11532","page","type-page","status-publish","has-post-thumbnail","hentry"],"acf":[],"yoast_head":"<!-- This site is optimized with the Yoast SEO plugin v24.4 - https:\/\/yoast.com\/wordpress\/plugins\/seo\/ -->\n<title>Sistemas silenciadores - FEURICH<\/title>\n<meta name=\"description\" content=\"Con nuestro sistema Real Touch Silencer no habr\u00e1 m\u00e1s vecinos molestos: toque con los auriculares sin sonido externo, \u00a1sin p\u00e9rdida de calidad!\" \/>\n<meta name=\"robots\" content=\"index, follow, max-snippet:-1, max-image-preview:large, max-video-preview:-1\" \/>\n<link rel=\"canonical\" href=\"https:\/\/feurich.com\/es\/productos\/accesorios\/sistemas-silenciadores\/\" \/>\n<meta property=\"og:locale\" content=\"es_ES\" \/>\n<meta property=\"og:type\" content=\"article\" \/>\n<meta property=\"og:title\" content=\"Sistemas silenciadores - FEURICH\" \/>\n<meta property=\"og:description\" content=\"Con nuestro sistema Real Touch Silencer no habr\u00e1 m\u00e1s vecinos molestos: toque con los auriculares sin sonido externo, \u00a1sin p\u00e9rdida de calidad!\" \/>\n<meta property=\"og:url\" content=\"https:\/\/feurich.com\/es\/productos\/accesorios\/sistemas-silenciadores\/\" \/>\n<meta property=\"og:site_name\" content=\"FEURICH\" \/>\n<meta property=\"article:publisher\" content=\"https:\/\/www.facebook.com\/feurichvienna\/\" \/>\n<meta property=\"article:modified_time\" content=\"2021-12-06T16:29:47+00:00\" \/>\n<meta property=\"og:image\" content=\"https:\/\/feurich.com\/wp-content\/uploads\/FEURICH_Silencer_on_1_web.jpg\" \/>\n\t<meta property=\"og:image:width\" content=\"1024\" \/>\n\t<meta property=\"og:image:height\" content=\"683\" \/>\n\t<meta property=\"og:image:type\" content=\"image\/jpeg\" \/>\n<meta name=\"twitter:card\" content=\"summary_large_image\" \/>\n<meta name=\"twitter:label1\" content=\"Tiempo de lectura\" \/>\n\t<meta name=\"twitter:data1\" content=\"2 minutos\" \/>\n<script type=\"application\/ld+json\" class=\"yoast-schema-graph\">{\"@context\":\"https:\/\/schema.org\",\"@graph\":[{\"@type\":\"WebPage\",\"@id\":\"https:\/\/feurich.com\/es\/productos\/accesorios\/sistemas-silenciadores\/\",\"url\":\"https:\/\/feurich.com\/es\/productos\/accesorios\/sistemas-silenciadores\/\",\"name\":\"Sistemas silenciadores - FEURICH\",\"isPartOf\":{\"@id\":\"https:\/\/feurich.com\/en\/#website\"},\"primaryImageOfPage\":{\"@id\":\"https:\/\/feurich.com\/es\/productos\/accesorios\/sistemas-silenciadores\/#primaryimage\"},\"image\":{\"@id\":\"https:\/\/feurich.com\/es\/productos\/accesorios\/sistemas-silenciadores\/#primaryimage\"},\"thumbnailUrl\":\"https:\/\/feurich.com\/wp-content\/uploads\/FEURICH_Silencer_on_1_web.jpg\",\"datePublished\":\"2018-02-14T12:09:02+00:00\",\"dateModified\":\"2021-12-06T16:29:47+00:00\",\"description\":\"Con nuestro sistema Real Touch Silencer no habr\u00e1 m\u00e1s vecinos molestos: toque con los auriculares sin sonido externo, \u00a1sin p\u00e9rdida de calidad!\",\"breadcrumb\":{\"@id\":\"https:\/\/feurich.com\/es\/productos\/accesorios\/sistemas-silenciadores\/#breadcrumb\"},\"inLanguage\":\"es\",\"potentialAction\":[{\"@type\":\"ReadAction\",\"target\":[\"https:\/\/feurich.com\/es\/productos\/accesorios\/sistemas-silenciadores\/\"]}]},{\"@type\":\"ImageObject\",\"inLanguage\":\"es\",\"@id\":\"https:\/\/feurich.com\/es\/productos\/accesorios\/sistemas-silenciadores\/#primaryimage\",\"url\":\"https:\/\/feurich.com\/wp-content\/uploads\/FEURICH_Silencer_on_1_web.jpg\",\"contentUrl\":\"https:\/\/feurich.com\/wp-content\/uploads\/FEURICH_Silencer_on_1_web.jpg\",\"width\":1024,\"height\":683,\"caption\":\"FEURICH_Silencer\"},{\"@type\":\"BreadcrumbList\",\"@id\":\"https:\/\/feurich.com\/es\/productos\/accesorios\/sistemas-silenciadores\/#breadcrumb\",\"itemListElement\":[{\"@type\":\"ListItem\",\"position\":1,\"name\":\"Home\",\"item\":\"https:\/\/feurich.com\/es\/\"},{\"@type\":\"ListItem\",\"position\":2,\"name\":\"Productos\",\"item\":\"https:\/\/feurich.com\/es\/productos\/\"},{\"@type\":\"ListItem\",\"position\":3,\"name\":\"Accesorios\",\"item\":\"https:\/\/feurich.com\/es\/productos\/accesorios\/\"},{\"@type\":\"ListItem\",\"position\":4,\"name\":\"Sistemas silenciadores\"}]},{\"@type\":\"WebSite\",\"@id\":\"https:\/\/feurich.com\/en\/#website\",\"url\":\"https:\/\/feurich.com\/en\/\",\"name\":\"FEURICH\",\"description\":\"A sound that connects\",\"publisher\":{\"@id\":\"https:\/\/feurich.com\/en\/#organization\"},\"potentialAction\":[{\"@type\":\"SearchAction\",\"target\":{\"@type\":\"EntryPoint\",\"urlTemplate\":\"https:\/\/feurich.com\/en\/?s={search_term_string}\"},\"query-input\":{\"@type\":\"PropertyValueSpecification\",\"valueRequired\":true,\"valueName\":\"search_term_string\"}}],\"inLanguage\":\"es\"},{\"@type\":\"Organization\",\"@id\":\"https:\/\/feurich.com\/en\/#organization\",\"name\":\"FEURICH\",\"url\":\"https:\/\/feurich.com\/en\/\",\"logo\":{\"@type\":\"ImageObject\",\"inLanguage\":\"es\",\"@id\":\"https:\/\/feurich.com\/en\/#\/schema\/logo\/image\/\",\"url\":\"https:\/\/feurich.com\/wp-content\/uploads\/logo.png\",\"contentUrl\":\"https:\/\/feurich.com\/wp-content\/uploads\/logo.png\",\"width\":354,\"height\":151,\"caption\":\"FEURICH\"},\"image\":{\"@id\":\"https:\/\/feurich.com\/en\/#\/schema\/logo\/image\/\"},\"sameAs\":[\"https:\/\/www.facebook.com\/feurichvienna\/\"]}]}<\/script>\n<!-- \/ Yoast SEO plugin. -->","yoast_head_json":{"title":"Sistemas silenciadores - FEURICH","description":"Con nuestro sistema Real Touch Silencer no habr\u00e1 m\u00e1s vecinos molestos: toque con los auriculares sin sonido externo, \u00a1sin p\u00e9rdida de calidad!","robots":{"index":"index","follow":"follow","max-snippet":"max-snippet:-1","max-image-preview":"max-image-preview:large","max-video-preview":"max-video-preview:-1"},"canonical":"https:\/\/feurich.com\/es\/productos\/accesorios\/sistemas-silenciadores\/","og_locale":"es_ES","og_type":"article","og_title":"Sistemas silenciadores - FEURICH","og_description":"Con nuestro sistema Real Touch Silencer no habr\u00e1 m\u00e1s vecinos molestos: toque con los auriculares sin sonido externo, \u00a1sin p\u00e9rdida de calidad!","og_url":"https:\/\/feurich.com\/es\/productos\/accesorios\/sistemas-silenciadores\/","og_site_name":"FEURICH","article_publisher":"https:\/\/www.facebook.com\/feurichvienna\/","article_modified_time":"2021-12-06T16:29:47+00:00","og_image":[{"width":1024,"height":683,"url":"https:\/\/feurich.com\/wp-content\/uploads\/FEURICH_Silencer_on_1_web.jpg","type":"image\/jpeg"}],"twitter_card":"summary_large_image","twitter_misc":{"Tiempo de lectura":"2 minutos"},"schema":{"@context":"https:\/\/schema.org","@graph":[{"@type":"WebPage","@id":"https:\/\/feurich.com\/es\/productos\/accesorios\/sistemas-silenciadores\/","url":"https:\/\/feurich.com\/es\/productos\/accesorios\/sistemas-silenciadores\/","name":"Sistemas silenciadores - FEURICH","isPartOf":{"@id":"https:\/\/feurich.com\/en\/#website"},"primaryImageOfPage":{"@id":"https:\/\/feurich.com\/es\/productos\/accesorios\/sistemas-silenciadores\/#primaryimage"},"image":{"@id":"https:\/\/feurich.com\/es\/productos\/accesorios\/sistemas-silenciadores\/#primaryimage"},"thumbnailUrl":"https:\/\/feurich.com\/wp-content\/uploads\/FEURICH_Silencer_on_1_web.jpg","datePublished":"2018-02-14T12:09:02+00:00","dateModified":"2021-12-06T16:29:47+00:00","description":"Con nuestro sistema Real Touch Silencer no habr\u00e1 m\u00e1s vecinos molestos: toque con los auriculares sin sonido externo, \u00a1sin p\u00e9rdida de calidad!","breadcrumb":{"@id":"https:\/\/feurich.com\/es\/productos\/accesorios\/sistemas-silenciadores\/#breadcrumb"},"inLanguage":"es","potentialAction":[{"@type":"ReadAction","target":["https:\/\/feurich.com\/es\/productos\/accesorios\/sistemas-silenciadores\/"]}]},{"@type":"ImageObject","inLanguage":"es","@id":"https:\/\/feurich.com\/es\/productos\/accesorios\/sistemas-silenciadores\/#primaryimage","url":"https:\/\/feurich.com\/wp-content\/uploads\/FEURICH_Silencer_on_1_web.jpg","contentUrl":"https:\/\/feurich.com\/wp-content\/uploads\/FEURICH_Silencer_on_1_web.jpg","width":1024,"height":683,"caption":"FEURICH_Silencer"},{"@type":"BreadcrumbList","@id":"https:\/\/feurich.com\/es\/productos\/accesorios\/sistemas-silenciadores\/#breadcrumb","itemListElement":[{"@type":"ListItem","position":1,"name":"Home","item":"https:\/\/feurich.com\/es\/"},{"@type":"ListItem","position":2,"name":"Productos","item":"https:\/\/feurich.com\/es\/productos\/"},{"@type":"ListItem","position":3,"name":"Accesorios","item":"https:\/\/feurich.com\/es\/productos\/accesorios\/"},{"@type":"ListItem","position":4,"name":"Sistemas silenciadores"}]},{"@type":"WebSite","@id":"https:\/\/feurich.com\/en\/#website","url":"https:\/\/feurich.com\/en\/","name":"FEURICH","description":"A sound that connects","publisher":{"@id":"https:\/\/feurich.com\/en\/#organization"},"potentialAction":[{"@type":"SearchAction","target":{"@type":"EntryPoint","urlTemplate":"https:\/\/feurich.com\/en\/?s={search_term_string}"},"query-input":{"@type":"PropertyValueSpecification","valueRequired":true,"valueName":"search_term_string"}}],"inLanguage":"es"},{"@type":"Organization","@id":"https:\/\/feurich.com\/en\/#organization","name":"FEURICH","url":"https:\/\/feurich.com\/en\/","logo":{"@type":"ImageObject","inLanguage":"es","@id":"https:\/\/feurich.com\/en\/#\/schema\/logo\/image\/","url":"https:\/\/feurich.com\/wp-content\/uploads\/logo.png","contentUrl":"https:\/\/feurich.com\/wp-content\/uploads\/logo.png","width":354,"height":151,"caption":"FEURICH"},"image":{"@id":"https:\/\/feurich.com\/en\/#\/schema\/logo\/image\/"},"sameAs":["https:\/\/www.facebook.com\/feurichvienna\/"]}]}},"_links":{"self":[{"href":"https:\/\/feurich.com\/es\/wp-json\/wp\/v2\/pages\/11532","targetHints":{"allow":["GET"]}}],"collection":[{"href":"https:\/\/feurich.com\/es\/wp-json\/wp\/v2\/pages"}],"about":[{"href":"https:\/\/feurich.com\/es\/wp-json\/wp\/v2\/types\/page"}],"author":[{"embeddable":true,"href":"https:\/\/feurich.com\/es\/wp-json\/wp\/v2\/users\/7"}],"replies":[{"embeddable":true,"href":"https:\/\/feurich.com\/es\/wp-json\/wp\/v2\/comments?post=11532"}],"version-history":[{"count":10,"href":"https:\/\/feurich.com\/es\/wp-json\/wp\/v2\/pages\/11532\/revisions"}],"predecessor-version":[{"id":56065,"href":"https:\/\/feurich.com\/es\/wp-json\/wp\/v2\/pages\/11532\/revisions\/56065"}],"up":[{"embeddable":true,"href":"https:\/\/feurich.com\/es\/wp-json\/wp\/v2\/pages\/11832"}],"wp:featuredmedia":[{"embeddable":true,"href":"https:\/\/feurich.com\/es\/wp-json\/wp\/v2\/media\/11533"}],"wp:attachment":[{"href":"https:\/\/feurich.com\/es\/wp-json\/wp\/v2\/media?parent=11532"}],"curies":[{"name":"wp","href":"https:\/\/api.w.org\/{rel}","templated":true}]}}