{"id":11526,"date":"2018-02-14T11:40:03","date_gmt":"2018-02-14T11:40:03","guid":{"rendered":"https:\/\/www.feurich.com\/sistemas-de-reproduccion\/"},"modified":"2018-03-01T15:45:08","modified_gmt":"2018-03-01T15:45:08","slug":"sistemas-de-reproduccion","status":"publish","type":"page","link":"https:\/\/feurich.com\/es\/productos\/accesorios\/sistemas-de-reproduccion\/","title":{"rendered":"Sistemas de reproducci\u00f3n"},"content":{"rendered":"<div class=\"wpb-content-wrapper\"><p>[vc_row bg_type=\u00bbimage\u00bb parallax_style=\u00bbvcpb-default\u00bb bg_image_new=\u00bbid^521|url^\/wp-content\/uploads\/2017\/08\/home-fon-bl3.jpg|caption^null|alt^null|title^home-fon-bl3|description^null\u00bb bg_image_repeat=\u00bbno-repeat\u00bb bg_override=\u00bbfull\u00bb][vc_column 0=\u00bb\u00bb][vc_empty_space height=\u00bb5px\u00bb][vc_row_inner 0=\u00bb\u00bb][vc_column_inner width=\u00bb1\/6&#8243;][\/vc_column_inner][vc_column_inner width=\u00bb4\/6&#8243;][vc_column_text el_class=\u00bbbig-title\u00bb css=\u00bb.vc_custom_1506958288038{margin-bottom: 15px !important;}\u00bb]<br \/>\nSistemas de reproducci\u00f3n<br \/>\n[\/vc_column_text][vc_column_text 0=\u00bb\u00bb][\/vc_column_text][\/vc_column_inner][vc_column_inner width=\u00bb1\/6&#8243;][\/vc_column_inner][\/vc_row_inner][vc_empty_space 0=\u00bb\u00bb][\/vc_column][\/vc_row][vc_row 0=\u00bb\u00bb][vc_column width=\u00bb1\/3&#8243;][vc_single_image image=\u00bb4214&#8243; img_size=\u00bb360 x 520&#8243; alignment=\u00bbcenter\u00bb css=\u00bb.vc_custom_1511699981504{margin-bottom: 10px !important;}\u00bb][\/vc_column][vc_column width=\u00bb1\/3&#8243;][vc_column_text el_class=\u00bbproducts-title\u00bb]Toca como magia[\/vc_column_text][vc_column_text 0=\u00bb\u00bb]Los sistemas de reproducci\u00f3n Pianoforce son instalados en nuestros talleres en Viena.<\/p>\n<p>Puede dejar reproducir el sistema solo, tocar usted mismo o grabarlo y reproducir. La m\u00fasica orquestal, el canto o cualquier m\u00fasica de fondo se agregan a tu piano de forma s\u00edncronizada a trav\u00e9s de altavoces integrados.<\/p>\n<p>Una gran biblioteca de m\u00fasica est\u00e1 incluida. En Internet se encuentran innumerables archivos descargables para sistemas reproductores, as\u00ed como grandes bibliotecas de m\u00fasica de diversos fabricantes.[\/vc_column_text][vc_empty_space height=\u00bb12px\u00bb][vc_column_text el_class=\u00bbproducts-title\u00bb]Se adapta no solo a FEURICH[\/vc_column_text][vc_column_text 0=\u00bb\u00bb]El piano se puede accionar a control remoto con iPhone o Android.<\/p>\n<p>La gran ventaja de Pianoforce reside en un sistema de autocalibraci\u00f3n y, por lo tanto, de bajo mantenimiento. Sin embargo, esta alta calidad est\u00e1 disponible a un precio razonable.<\/p>\n<p>El sistema de reproducci\u00f3n autom\u00e1tica\u00a0puede ser instalado en todos los modelos de FEURICH, as\u00ed como en la mayor\u00eda de los modelos de otros fabricantes conocidos. \u00a1Estaremos encantados de informarte! &gt;&gt; contacto[\/vc_column_text][\/vc_column][vc_column width=\u00bb1\/3&#8243;][vc_single_image image=\u00bb4208&#8243; img_size=\u00bb360&#215;520&#8243; alignment=\u00bbcenter\u00bb css=\u00bb.vc_custom_1511700075337{margin-bottom: 10px !important;}\u00bb][\/vc_column][\/vc_row]<\/p>\n<\/div>","protected":false},"excerpt":{"rendered":"<p>Dejar tocar o tocar tu mismo, incluso con una gran orquesta.<\/p>\n","protected":false},"author":7,"featured_media":8605,"parent":11832,"menu_order":2,"comment_status":"closed","ping_status":"closed","template":"template-fullwidth.php","meta":{"inline_featured_image":false,"footnotes":""},"class_list":["post-11526","page","type-page","status-publish","has-post-thumbnail","hentry"],"acf":[],"yoast_head":"<!-- This site is optimized with the Yoast SEO plugin v24.4 - https:\/\/yoast.com\/wordpress\/plugins\/seo\/ -->\n<title>Sistemas de reproducci\u00f3n - FEURICH<\/title>\n<meta name=\"description\" content=\"Dejar tocar o tocar tu mismo, incluso con una gran orquesta. Los sistemas de reproducci\u00f3n Pianoforce se adaptan a todos los modelos FEURICH y a casi todas las marcas.\" \/>\n<meta name=\"robots\" content=\"index, follow, max-snippet:-1, max-image-preview:large, max-video-preview:-1\" \/>\n<link rel=\"canonical\" href=\"https:\/\/feurich.com\/es\/productos\/accesorios\/sistemas-de-reproduccion\/\" \/>\n<meta property=\"og:locale\" content=\"es_ES\" \/>\n<meta property=\"og:type\" content=\"article\" \/>\n<meta property=\"og:title\" content=\"Sistemas de reproducci\u00f3n - FEURICH\" \/>\n<meta property=\"og:description\" content=\"Dejar tocar o tocar tu mismo, incluso con una gran orquesta. Los sistemas de reproducci\u00f3n Pianoforce se adaptan a todos los modelos FEURICH y a casi todas las marcas.\" \/>\n<meta property=\"og:url\" content=\"https:\/\/feurich.com\/es\/productos\/accesorios\/sistemas-de-reproduccion\/\" \/>\n<meta property=\"og:site_name\" content=\"FEURICH\" \/>\n<meta property=\"article:publisher\" content=\"https:\/\/www.facebook.com\/feurichvienna\/\" \/>\n<meta property=\"article:modified_time\" content=\"2018-03-01T15:45:08+00:00\" \/>\n<meta property=\"og:image\" content=\"https:\/\/feurich.com\/wp-content\/uploads\/Player-Systems-1.jpg\" \/>\n\t<meta property=\"og:image:width\" content=\"360\" \/>\n\t<meta property=\"og:image:height\" content=\"240\" \/>\n\t<meta property=\"og:image:type\" content=\"image\/jpeg\" \/>\n<meta name=\"twitter:card\" content=\"summary_large_image\" \/>\n<meta name=\"twitter:label1\" content=\"Tiempo de lectura\" \/>\n\t<meta name=\"twitter:data1\" content=\"2 minutos\" \/>\n<script type=\"application\/ld+json\" class=\"yoast-schema-graph\">{\"@context\":\"https:\/\/schema.org\",\"@graph\":[{\"@type\":\"WebPage\",\"@id\":\"https:\/\/feurich.com\/es\/productos\/accesorios\/sistemas-de-reproduccion\/\",\"url\":\"https:\/\/feurich.com\/es\/productos\/accesorios\/sistemas-de-reproduccion\/\",\"name\":\"Sistemas de reproducci\u00f3n - FEURICH\",\"isPartOf\":{\"@id\":\"https:\/\/feurich.com\/en\/#website\"},\"primaryImageOfPage\":{\"@id\":\"https:\/\/feurich.com\/es\/productos\/accesorios\/sistemas-de-reproduccion\/#primaryimage\"},\"image\":{\"@id\":\"https:\/\/feurich.com\/es\/productos\/accesorios\/sistemas-de-reproduccion\/#primaryimage\"},\"thumbnailUrl\":\"https:\/\/feurich.com\/wp-content\/uploads\/Player-Systems-1.jpg\",\"datePublished\":\"2018-02-14T11:40:03+00:00\",\"dateModified\":\"2018-03-01T15:45:08+00:00\",\"description\":\"Dejar tocar o tocar tu mismo, incluso con una gran orquesta. Los sistemas de reproducci\u00f3n Pianoforce se adaptan a todos los modelos FEURICH y a casi todas las marcas.\",\"breadcrumb\":{\"@id\":\"https:\/\/feurich.com\/es\/productos\/accesorios\/sistemas-de-reproduccion\/#breadcrumb\"},\"inLanguage\":\"es\",\"potentialAction\":[{\"@type\":\"ReadAction\",\"target\":[\"https:\/\/feurich.com\/es\/productos\/accesorios\/sistemas-de-reproduccion\/\"]}]},{\"@type\":\"ImageObject\",\"inLanguage\":\"es\",\"@id\":\"https:\/\/feurich.com\/es\/productos\/accesorios\/sistemas-de-reproduccion\/#primaryimage\",\"url\":\"https:\/\/feurich.com\/wp-content\/uploads\/Player-Systems-1.jpg\",\"contentUrl\":\"https:\/\/feurich.com\/wp-content\/uploads\/Player-Systems-1.jpg\",\"width\":360,\"height\":240},{\"@type\":\"BreadcrumbList\",\"@id\":\"https:\/\/feurich.com\/es\/productos\/accesorios\/sistemas-de-reproduccion\/#breadcrumb\",\"itemListElement\":[{\"@type\":\"ListItem\",\"position\":1,\"name\":\"Home\",\"item\":\"https:\/\/feurich.com\/es\/\"},{\"@type\":\"ListItem\",\"position\":2,\"name\":\"Productos\",\"item\":\"https:\/\/feurich.com\/es\/productos\/\"},{\"@type\":\"ListItem\",\"position\":3,\"name\":\"Accesorios\",\"item\":\"https:\/\/feurich.com\/es\/productos\/accesorios\/\"},{\"@type\":\"ListItem\",\"position\":4,\"name\":\"Sistemas de reproducci\u00f3n\"}]},{\"@type\":\"WebSite\",\"@id\":\"https:\/\/feurich.com\/en\/#website\",\"url\":\"https:\/\/feurich.com\/en\/\",\"name\":\"FEURICH\",\"description\":\"A sound that connects\",\"publisher\":{\"@id\":\"https:\/\/feurich.com\/en\/#organization\"},\"potentialAction\":[{\"@type\":\"SearchAction\",\"target\":{\"@type\":\"EntryPoint\",\"urlTemplate\":\"https:\/\/feurich.com\/en\/?s={search_term_string}\"},\"query-input\":{\"@type\":\"PropertyValueSpecification\",\"valueRequired\":true,\"valueName\":\"search_term_string\"}}],\"inLanguage\":\"es\"},{\"@type\":\"Organization\",\"@id\":\"https:\/\/feurich.com\/en\/#organization\",\"name\":\"FEURICH\",\"url\":\"https:\/\/feurich.com\/en\/\",\"logo\":{\"@type\":\"ImageObject\",\"inLanguage\":\"es\",\"@id\":\"https:\/\/feurich.com\/en\/#\/schema\/logo\/image\/\",\"url\":\"https:\/\/feurich.com\/wp-content\/uploads\/logo.png\",\"contentUrl\":\"https:\/\/feurich.com\/wp-content\/uploads\/logo.png\",\"width\":354,\"height\":151,\"caption\":\"FEURICH\"},\"image\":{\"@id\":\"https:\/\/feurich.com\/en\/#\/schema\/logo\/image\/\"},\"sameAs\":[\"https:\/\/www.facebook.com\/feurichvienna\/\"]}]}<\/script>\n<!-- \/ Yoast SEO plugin. -->","yoast_head_json":{"title":"Sistemas de reproducci\u00f3n - FEURICH","description":"Dejar tocar o tocar tu mismo, incluso con una gran orquesta. Los sistemas de reproducci\u00f3n Pianoforce se adaptan a todos los modelos FEURICH y a casi todas las marcas.","robots":{"index":"index","follow":"follow","max-snippet":"max-snippet:-1","max-image-preview":"max-image-preview:large","max-video-preview":"max-video-preview:-1"},"canonical":"https:\/\/feurich.com\/es\/productos\/accesorios\/sistemas-de-reproduccion\/","og_locale":"es_ES","og_type":"article","og_title":"Sistemas de reproducci\u00f3n - FEURICH","og_description":"Dejar tocar o tocar tu mismo, incluso con una gran orquesta. Los sistemas de reproducci\u00f3n Pianoforce se adaptan a todos los modelos FEURICH y a casi todas las marcas.","og_url":"https:\/\/feurich.com\/es\/productos\/accesorios\/sistemas-de-reproduccion\/","og_site_name":"FEURICH","article_publisher":"https:\/\/www.facebook.com\/feurichvienna\/","article_modified_time":"2018-03-01T15:45:08+00:00","og_image":[{"width":360,"height":240,"url":"https:\/\/feurich.com\/wp-content\/uploads\/Player-Systems-1.jpg","type":"image\/jpeg"}],"twitter_card":"summary_large_image","twitter_misc":{"Tiempo de lectura":"2 minutos"},"schema":{"@context":"https:\/\/schema.org","@graph":[{"@type":"WebPage","@id":"https:\/\/feurich.com\/es\/productos\/accesorios\/sistemas-de-reproduccion\/","url":"https:\/\/feurich.com\/es\/productos\/accesorios\/sistemas-de-reproduccion\/","name":"Sistemas de reproducci\u00f3n - FEURICH","isPartOf":{"@id":"https:\/\/feurich.com\/en\/#website"},"primaryImageOfPage":{"@id":"https:\/\/feurich.com\/es\/productos\/accesorios\/sistemas-de-reproduccion\/#primaryimage"},"image":{"@id":"https:\/\/feurich.com\/es\/productos\/accesorios\/sistemas-de-reproduccion\/#primaryimage"},"thumbnailUrl":"https:\/\/feurich.com\/wp-content\/uploads\/Player-Systems-1.jpg","datePublished":"2018-02-14T11:40:03+00:00","dateModified":"2018-03-01T15:45:08+00:00","description":"Dejar tocar o tocar tu mismo, incluso con una gran orquesta. Los sistemas de reproducci\u00f3n Pianoforce se adaptan a todos los modelos FEURICH y a casi todas las marcas.","breadcrumb":{"@id":"https:\/\/feurich.com\/es\/productos\/accesorios\/sistemas-de-reproduccion\/#breadcrumb"},"inLanguage":"es","potentialAction":[{"@type":"ReadAction","target":["https:\/\/feurich.com\/es\/productos\/accesorios\/sistemas-de-reproduccion\/"]}]},{"@type":"ImageObject","inLanguage":"es","@id":"https:\/\/feurich.com\/es\/productos\/accesorios\/sistemas-de-reproduccion\/#primaryimage","url":"https:\/\/feurich.com\/wp-content\/uploads\/Player-Systems-1.jpg","contentUrl":"https:\/\/feurich.com\/wp-content\/uploads\/Player-Systems-1.jpg","width":360,"height":240},{"@type":"BreadcrumbList","@id":"https:\/\/feurich.com\/es\/productos\/accesorios\/sistemas-de-reproduccion\/#breadcrumb","itemListElement":[{"@type":"ListItem","position":1,"name":"Home","item":"https:\/\/feurich.com\/es\/"},{"@type":"ListItem","position":2,"name":"Productos","item":"https:\/\/feurich.com\/es\/productos\/"},{"@type":"ListItem","position":3,"name":"Accesorios","item":"https:\/\/feurich.com\/es\/productos\/accesorios\/"},{"@type":"ListItem","position":4,"name":"Sistemas de reproducci\u00f3n"}]},{"@type":"WebSite","@id":"https:\/\/feurich.com\/en\/#website","url":"https:\/\/feurich.com\/en\/","name":"FEURICH","description":"A sound that connects","publisher":{"@id":"https:\/\/feurich.com\/en\/#organization"},"potentialAction":[{"@type":"SearchAction","target":{"@type":"EntryPoint","urlTemplate":"https:\/\/feurich.com\/en\/?s={search_term_string}"},"query-input":{"@type":"PropertyValueSpecification","valueRequired":true,"valueName":"search_term_string"}}],"inLanguage":"es"},{"@type":"Organization","@id":"https:\/\/feurich.com\/en\/#organization","name":"FEURICH","url":"https:\/\/feurich.com\/en\/","logo":{"@type":"ImageObject","inLanguage":"es","@id":"https:\/\/feurich.com\/en\/#\/schema\/logo\/image\/","url":"https:\/\/feurich.com\/wp-content\/uploads\/logo.png","contentUrl":"https:\/\/feurich.com\/wp-content\/uploads\/logo.png","width":354,"height":151,"caption":"FEURICH"},"image":{"@id":"https:\/\/feurich.com\/en\/#\/schema\/logo\/image\/"},"sameAs":["https:\/\/www.facebook.com\/feurichvienna\/"]}]}},"_links":{"self":[{"href":"https:\/\/feurich.com\/es\/wp-json\/wp\/v2\/pages\/11526","targetHints":{"allow":["GET"]}}],"collection":[{"href":"https:\/\/feurich.com\/es\/wp-json\/wp\/v2\/pages"}],"about":[{"href":"https:\/\/feurich.com\/es\/wp-json\/wp\/v2\/types\/page"}],"author":[{"embeddable":true,"href":"https:\/\/feurich.com\/es\/wp-json\/wp\/v2\/users\/7"}],"replies":[{"embeddable":true,"href":"https:\/\/feurich.com\/es\/wp-json\/wp\/v2\/comments?post=11526"}],"version-history":[{"count":7,"href":"https:\/\/feurich.com\/es\/wp-json\/wp\/v2\/pages\/11526\/revisions"}],"predecessor-version":[{"id":12449,"href":"https:\/\/feurich.com\/es\/wp-json\/wp\/v2\/pages\/11526\/revisions\/12449"}],"up":[{"embeddable":true,"href":"https:\/\/feurich.com\/es\/wp-json\/wp\/v2\/pages\/11832"}],"wp:featuredmedia":[{"embeddable":true,"href":"https:\/\/feurich.com\/es\/wp-json\/wp\/v2\/media\/8605"}],"wp:attachment":[{"href":"https:\/\/feurich.com\/es\/wp-json\/wp\/v2\/media?parent=11526"}],"curies":[{"name":"wp","href":"https:\/\/api.w.org\/{rel}","templated":true}]}}