{"id":11520,"date":"2018-02-14T11:21:39","date_gmt":"2018-02-14T11:21:39","guid":{"rendered":"https:\/\/www.feurich.com\/extension-en-los-pedales\/"},"modified":"2018-02-14T11:21:40","modified_gmt":"2018-02-14T11:21:40","slug":"extension-en-los-pedales","status":"publish","type":"page","link":"https:\/\/feurich.com\/es\/productos\/accesorios\/extension-en-los-pedales\/","title":{"rendered":"Extensi\u00f3n en los pedales"},"content":{"rendered":"<div class=\"wpb-content-wrapper\"><p>[vc_row bg_type=\u00bbimage\u00bb parallax_style=\u00bbvcpb-default\u00bb bg_image_new=\u00bbid^521|url^\/wp-content\/uploads\/2017\/08\/home-fon-bl3.jpg|caption^null|alt^null|title^home-fon-bl3|description^null\u00bb bg_image_repeat=\u00bbno-repeat\u00bb bg_override=\u00bbfull\u00bb][vc_column 0=\u00bb\u00bb][vc_empty_space height=\u00bb5px\u00bb][vc_row_inner 0=\u00bb\u00bb][vc_column_inner width=\u00bb1\/6&#8243;][\/vc_column_inner][vc_column_inner width=\u00bb4\/6&#8243;][vc_column_text el_class=\u00bbbig-title\u00bb css=\u00bb.vc_custom_1507010421196{margin-bottom: 15px !important;}\u00bb]<\/p>\n<p style=\"text-align: center\">Extensi\u00f3n en los pedales<\/p>\n<p>[\/vc_column_text][vc_column_text 0=\u00bb\u00bb][\/vc_column_text][\/vc_column_inner][vc_column_inner width=\u00bb1\/6&#8243;][\/vc_column_inner][\/vc_row_inner][vc_empty_space 0=\u00bb\u00bb][\/vc_column][\/vc_row][vc_row 0=\u00bb\u00bb][vc_column width=\u00bb1\/3&#8243;][vc_single_image image=\u00bb4242&#8243; img_size=\u00bb360&#215;260&#8243; alignment=\u00bbcenter\u00bb css=\u00bb.vc_custom_1511703510292{margin-bottom: 10px !important;}\u00bb][\/vc_column][vc_column width=\u00bb1\/3&#8243;][vc_column_text el_class=\u00bbproducts-title\u00bb]Cuando los pedales crecen[\/vc_column_text][vc_column_text 0=\u00bb\u00bb]Si los pies no alcanzan los pedales, entonces los pedales se ponen de pie. El resultado de esta consideraci\u00f3n es la extensi\u00f3n de pedales FEURICH, el invento ingenioso para personas peque\u00f1as y ni\u00f1os que a\u00fan no alcanzan los pedales.<\/p>\n<p>Atr\u00e1s han quedado los d\u00edas en los que ten\u00eda que decir \u00abdesafortunadamente no\u00bb o ten\u00eda que aguantar \u00abm\u00e1s tarde\u00bb. \u00a1Con la extensi\u00f3n de pedales, los pedales tambi\u00e9n llegan a los pianistas m\u00e1s peque\u00f1os![\/vc_column_text][vc_empty_space height=\u00bb12px\u00bb][vc_column_text el_class=\u00bbproducts-title\u00bb]Se adapta no solo a FEURICH[\/vc_column_text][vc_column_text 0=\u00bb\u00bb]Nuestra extensi\u00f3n de pedales se puede utilizar para los modelos FEURICH y tambi\u00e9n se adapta a muchos modelos de otros fabricantes.<\/p>\n<p>\u00bfQuieres saber m\u00e1s sobre la extensi\u00f3n del pedal? \u00a1Estaremos encantados de aconsejarte! &gt;&gt; contacto[\/vc_column_text][\/vc_column][vc_column width=\u00bb1\/3&#8243;][vc_single_image image=\u00bb4250&#8243; img_size=\u00bb360&#215;260&#8243; alignment=\u00bbcenter\u00bb css=\u00bb.vc_custom_1511704144532{margin-bottom: 10px !important;}\u00bb][\/vc_column][\/vc_row]<\/p>\n<\/div>","protected":false},"excerpt":{"rendered":"<p>Si los pies no alcanzan los pedales, entonces los pedales \u00abse ponen de pie\u00bb.<\/p>\n","protected":false},"author":7,"featured_media":8593,"parent":11832,"menu_order":3,"comment_status":"closed","ping_status":"closed","template":"template-fullwidth.php","meta":{"inline_featured_image":false,"footnotes":""},"class_list":["post-11520","page","type-page","status-publish","has-post-thumbnail","hentry"],"acf":[],"yoast_head":"<!-- This site is optimized with the Yoast SEO plugin v24.4 - https:\/\/yoast.com\/wordpress\/plugins\/seo\/ -->\n<title>Extensi\u00f3n en los pedales - FEURICH<\/title>\n<meta name=\"description\" content=\"Si los pies no alcanzan los pedales, entonces los pedales &quot;se ponen de pie&quot;: Extensi\u00f3n del pedales FEURICH, la invenci\u00f3n ingeniosa para los peque\u00f1os pianistas.\" \/>\n<meta name=\"robots\" content=\"index, follow, max-snippet:-1, max-image-preview:large, max-video-preview:-1\" \/>\n<link rel=\"canonical\" href=\"https:\/\/feurich.com\/es\/productos\/accesorios\/extension-en-los-pedales\/\" \/>\n<meta property=\"og:locale\" content=\"es_ES\" \/>\n<meta property=\"og:type\" content=\"article\" \/>\n<meta property=\"og:title\" content=\"Extensi\u00f3n en los pedales - FEURICH\" \/>\n<meta property=\"og:description\" content=\"Si los pies no alcanzan los pedales, entonces los pedales &quot;se ponen de pie&quot;: Extensi\u00f3n del pedales FEURICH, la invenci\u00f3n ingeniosa para los peque\u00f1os pianistas.\" \/>\n<meta property=\"og:url\" content=\"https:\/\/feurich.com\/es\/productos\/accesorios\/extension-en-los-pedales\/\" \/>\n<meta property=\"og:site_name\" content=\"FEURICH\" \/>\n<meta property=\"article:publisher\" content=\"https:\/\/www.facebook.com\/feurichvienna\/\" \/>\n<meta property=\"article:modified_time\" content=\"2018-02-14T11:21:40+00:00\" \/>\n<meta property=\"og:image\" content=\"https:\/\/feurich.com\/wp-content\/uploads\/FEURICH-Pedal-Extension-side.jpg\" \/>\n\t<meta property=\"og:image:width\" content=\"720\" \/>\n\t<meta property=\"og:image:height\" content=\"480\" \/>\n\t<meta property=\"og:image:type\" content=\"image\/jpeg\" \/>\n<meta name=\"twitter:card\" content=\"summary_large_image\" \/>\n<meta name=\"twitter:label1\" content=\"Tiempo de lectura\" \/>\n\t<meta name=\"twitter:data1\" content=\"2 minutos\" \/>\n<script type=\"application\/ld+json\" class=\"yoast-schema-graph\">{\"@context\":\"https:\/\/schema.org\",\"@graph\":[{\"@type\":\"WebPage\",\"@id\":\"https:\/\/feurich.com\/es\/productos\/accesorios\/extension-en-los-pedales\/\",\"url\":\"https:\/\/feurich.com\/es\/productos\/accesorios\/extension-en-los-pedales\/\",\"name\":\"Extensi\u00f3n en los pedales - FEURICH\",\"isPartOf\":{\"@id\":\"https:\/\/feurich.com\/en\/#website\"},\"primaryImageOfPage\":{\"@id\":\"https:\/\/feurich.com\/es\/productos\/accesorios\/extension-en-los-pedales\/#primaryimage\"},\"image\":{\"@id\":\"https:\/\/feurich.com\/es\/productos\/accesorios\/extension-en-los-pedales\/#primaryimage\"},\"thumbnailUrl\":\"https:\/\/feurich.com\/wp-content\/uploads\/FEURICH-Pedal-Extension-side.jpg\",\"datePublished\":\"2018-02-14T11:21:39+00:00\",\"dateModified\":\"2018-02-14T11:21:40+00:00\",\"description\":\"Si los pies no alcanzan los pedales, entonces los pedales \\\"se ponen de pie\\\": Extensi\u00f3n del pedales FEURICH, la invenci\u00f3n ingeniosa para los peque\u00f1os pianistas.\",\"breadcrumb\":{\"@id\":\"https:\/\/feurich.com\/es\/productos\/accesorios\/extension-en-los-pedales\/#breadcrumb\"},\"inLanguage\":\"es\",\"potentialAction\":[{\"@type\":\"ReadAction\",\"target\":[\"https:\/\/feurich.com\/es\/productos\/accesorios\/extension-en-los-pedales\/\"]}]},{\"@type\":\"ImageObject\",\"inLanguage\":\"es\",\"@id\":\"https:\/\/feurich.com\/es\/productos\/accesorios\/extension-en-los-pedales\/#primaryimage\",\"url\":\"https:\/\/feurich.com\/wp-content\/uploads\/FEURICH-Pedal-Extension-side.jpg\",\"contentUrl\":\"https:\/\/feurich.com\/wp-content\/uploads\/FEURICH-Pedal-Extension-side.jpg\",\"width\":720,\"height\":480},{\"@type\":\"BreadcrumbList\",\"@id\":\"https:\/\/feurich.com\/es\/productos\/accesorios\/extension-en-los-pedales\/#breadcrumb\",\"itemListElement\":[{\"@type\":\"ListItem\",\"position\":1,\"name\":\"Home\",\"item\":\"https:\/\/feurich.com\/es\/\"},{\"@type\":\"ListItem\",\"position\":2,\"name\":\"Productos\",\"item\":\"https:\/\/feurich.com\/es\/productos\/\"},{\"@type\":\"ListItem\",\"position\":3,\"name\":\"Accesorios\",\"item\":\"https:\/\/feurich.com\/es\/productos\/accesorios\/\"},{\"@type\":\"ListItem\",\"position\":4,\"name\":\"Extensi\u00f3n en los pedales\"}]},{\"@type\":\"WebSite\",\"@id\":\"https:\/\/feurich.com\/en\/#website\",\"url\":\"https:\/\/feurich.com\/en\/\",\"name\":\"FEURICH\",\"description\":\"A sound that connects\",\"publisher\":{\"@id\":\"https:\/\/feurich.com\/en\/#organization\"},\"potentialAction\":[{\"@type\":\"SearchAction\",\"target\":{\"@type\":\"EntryPoint\",\"urlTemplate\":\"https:\/\/feurich.com\/en\/?s={search_term_string}\"},\"query-input\":{\"@type\":\"PropertyValueSpecification\",\"valueRequired\":true,\"valueName\":\"search_term_string\"}}],\"inLanguage\":\"es\"},{\"@type\":\"Organization\",\"@id\":\"https:\/\/feurich.com\/en\/#organization\",\"name\":\"FEURICH\",\"url\":\"https:\/\/feurich.com\/en\/\",\"logo\":{\"@type\":\"ImageObject\",\"inLanguage\":\"es\",\"@id\":\"https:\/\/feurich.com\/en\/#\/schema\/logo\/image\/\",\"url\":\"https:\/\/feurich.com\/wp-content\/uploads\/logo.png\",\"contentUrl\":\"https:\/\/feurich.com\/wp-content\/uploads\/logo.png\",\"width\":354,\"height\":151,\"caption\":\"FEURICH\"},\"image\":{\"@id\":\"https:\/\/feurich.com\/en\/#\/schema\/logo\/image\/\"},\"sameAs\":[\"https:\/\/www.facebook.com\/feurichvienna\/\"]}]}<\/script>\n<!-- \/ Yoast SEO plugin. -->","yoast_head_json":{"title":"Extensi\u00f3n en los pedales - FEURICH","description":"Si los pies no alcanzan los pedales, entonces los pedales \"se ponen de pie\": Extensi\u00f3n del pedales FEURICH, la invenci\u00f3n ingeniosa para los peque\u00f1os pianistas.","robots":{"index":"index","follow":"follow","max-snippet":"max-snippet:-1","max-image-preview":"max-image-preview:large","max-video-preview":"max-video-preview:-1"},"canonical":"https:\/\/feurich.com\/es\/productos\/accesorios\/extension-en-los-pedales\/","og_locale":"es_ES","og_type":"article","og_title":"Extensi\u00f3n en los pedales - FEURICH","og_description":"Si los pies no alcanzan los pedales, entonces los pedales \"se ponen de pie\": Extensi\u00f3n del pedales FEURICH, la invenci\u00f3n ingeniosa para los peque\u00f1os pianistas.","og_url":"https:\/\/feurich.com\/es\/productos\/accesorios\/extension-en-los-pedales\/","og_site_name":"FEURICH","article_publisher":"https:\/\/www.facebook.com\/feurichvienna\/","article_modified_time":"2018-02-14T11:21:40+00:00","og_image":[{"width":720,"height":480,"url":"https:\/\/feurich.com\/wp-content\/uploads\/FEURICH-Pedal-Extension-side.jpg","type":"image\/jpeg"}],"twitter_card":"summary_large_image","twitter_misc":{"Tiempo de lectura":"2 minutos"},"schema":{"@context":"https:\/\/schema.org","@graph":[{"@type":"WebPage","@id":"https:\/\/feurich.com\/es\/productos\/accesorios\/extension-en-los-pedales\/","url":"https:\/\/feurich.com\/es\/productos\/accesorios\/extension-en-los-pedales\/","name":"Extensi\u00f3n en los pedales - FEURICH","isPartOf":{"@id":"https:\/\/feurich.com\/en\/#website"},"primaryImageOfPage":{"@id":"https:\/\/feurich.com\/es\/productos\/accesorios\/extension-en-los-pedales\/#primaryimage"},"image":{"@id":"https:\/\/feurich.com\/es\/productos\/accesorios\/extension-en-los-pedales\/#primaryimage"},"thumbnailUrl":"https:\/\/feurich.com\/wp-content\/uploads\/FEURICH-Pedal-Extension-side.jpg","datePublished":"2018-02-14T11:21:39+00:00","dateModified":"2018-02-14T11:21:40+00:00","description":"Si los pies no alcanzan los pedales, entonces los pedales \"se ponen de pie\": Extensi\u00f3n del pedales FEURICH, la invenci\u00f3n ingeniosa para los peque\u00f1os pianistas.","breadcrumb":{"@id":"https:\/\/feurich.com\/es\/productos\/accesorios\/extension-en-los-pedales\/#breadcrumb"},"inLanguage":"es","potentialAction":[{"@type":"ReadAction","target":["https:\/\/feurich.com\/es\/productos\/accesorios\/extension-en-los-pedales\/"]}]},{"@type":"ImageObject","inLanguage":"es","@id":"https:\/\/feurich.com\/es\/productos\/accesorios\/extension-en-los-pedales\/#primaryimage","url":"https:\/\/feurich.com\/wp-content\/uploads\/FEURICH-Pedal-Extension-side.jpg","contentUrl":"https:\/\/feurich.com\/wp-content\/uploads\/FEURICH-Pedal-Extension-side.jpg","width":720,"height":480},{"@type":"BreadcrumbList","@id":"https:\/\/feurich.com\/es\/productos\/accesorios\/extension-en-los-pedales\/#breadcrumb","itemListElement":[{"@type":"ListItem","position":1,"name":"Home","item":"https:\/\/feurich.com\/es\/"},{"@type":"ListItem","position":2,"name":"Productos","item":"https:\/\/feurich.com\/es\/productos\/"},{"@type":"ListItem","position":3,"name":"Accesorios","item":"https:\/\/feurich.com\/es\/productos\/accesorios\/"},{"@type":"ListItem","position":4,"name":"Extensi\u00f3n en los pedales"}]},{"@type":"WebSite","@id":"https:\/\/feurich.com\/en\/#website","url":"https:\/\/feurich.com\/en\/","name":"FEURICH","description":"A sound that connects","publisher":{"@id":"https:\/\/feurich.com\/en\/#organization"},"potentialAction":[{"@type":"SearchAction","target":{"@type":"EntryPoint","urlTemplate":"https:\/\/feurich.com\/en\/?s={search_term_string}"},"query-input":{"@type":"PropertyValueSpecification","valueRequired":true,"valueName":"search_term_string"}}],"inLanguage":"es"},{"@type":"Organization","@id":"https:\/\/feurich.com\/en\/#organization","name":"FEURICH","url":"https:\/\/feurich.com\/en\/","logo":{"@type":"ImageObject","inLanguage":"es","@id":"https:\/\/feurich.com\/en\/#\/schema\/logo\/image\/","url":"https:\/\/feurich.com\/wp-content\/uploads\/logo.png","contentUrl":"https:\/\/feurich.com\/wp-content\/uploads\/logo.png","width":354,"height":151,"caption":"FEURICH"},"image":{"@id":"https:\/\/feurich.com\/en\/#\/schema\/logo\/image\/"},"sameAs":["https:\/\/www.facebook.com\/feurichvienna\/"]}]}},"_links":{"self":[{"href":"https:\/\/feurich.com\/es\/wp-json\/wp\/v2\/pages\/11520","targetHints":{"allow":["GET"]}}],"collection":[{"href":"https:\/\/feurich.com\/es\/wp-json\/wp\/v2\/pages"}],"about":[{"href":"https:\/\/feurich.com\/es\/wp-json\/wp\/v2\/types\/page"}],"author":[{"embeddable":true,"href":"https:\/\/feurich.com\/es\/wp-json\/wp\/v2\/users\/7"}],"replies":[{"embeddable":true,"href":"https:\/\/feurich.com\/es\/wp-json\/wp\/v2\/comments?post=11520"}],"version-history":[{"count":5,"href":"https:\/\/feurich.com\/es\/wp-json\/wp\/v2\/pages\/11520\/revisions"}],"predecessor-version":[{"id":11525,"href":"https:\/\/feurich.com\/es\/wp-json\/wp\/v2\/pages\/11520\/revisions\/11525"}],"up":[{"embeddable":true,"href":"https:\/\/feurich.com\/es\/wp-json\/wp\/v2\/pages\/11832"}],"wp:featuredmedia":[{"embeddable":true,"href":"https:\/\/feurich.com\/es\/wp-json\/wp\/v2\/media\/8593"}],"wp:attachment":[{"href":"https:\/\/feurich.com\/es\/wp-json\/wp\/v2\/media?parent=11520"}],"curies":[{"name":"wp","href":"https:\/\/api.w.org\/{rel}","templated":true}]}}