{"id":11494,"date":"2018-02-13T17:56:05","date_gmt":"2018-02-13T17:56:05","guid":{"rendered":"https:\/\/www.feurich.com\/funda-cobertora-para-piano\/"},"modified":"2018-02-13T17:56:06","modified_gmt":"2018-02-13T17:56:06","slug":"funda-cobertora-para-piano","status":"publish","type":"page","link":"https:\/\/feurich.com\/es\/productos\/accesorios\/funda-cobertora-para-piano\/","title":{"rendered":"Funda cobertora para piano"},"content":{"rendered":"<div class=\"wpb-content-wrapper\"><p>[vc_row bg_type=\u00bbimage\u00bb parallax_style=\u00bbvcpb-default\u00bb bg_image_new=\u00bbid^521|url^\/wp-content\/uploads\/2017\/08\/home-fon-bl3.jpg|caption^null|alt^null|title^home-fon-bl3|description^null\u00bb bg_image_repeat=\u00bbno-repeat\u00bb bg_override=\u00bbfull\u00bb][vc_column 0=\u00bb\u00bb][vc_empty_space height=\u00bb5px\u00bb][vc_row_inner 0=\u00bb\u00bb][vc_column_inner width=\u00bb1\/6&#8243;][\/vc_column_inner][vc_column_inner width=\u00bb4\/6&#8243;][vc_column_text el_class=\u00bbbig-title\u00bb css=\u00bb.vc_custom_1507013745650{margin-bottom: 15px !important;}\u00bb]<br \/>\nFundas cobertoras<br \/>\n[\/vc_column_text][vc_column_text 0=\u00bb\u00bb][\/vc_column_text][\/vc_column_inner][vc_column_inner width=\u00bb1\/6&#8243;][\/vc_column_inner][\/vc_row_inner][vc_empty_space 0=\u00bb\u00bb][\/vc_column][\/vc_row][vc_row 0=\u00bb\u00bb][vc_column width=\u00bb1\/3&#8243;][vc_column_text el_class=\u00bbproducts-title\u00bb]Bien protegido[\/vc_column_text][vc_column_text 0=\u00bb\u00bb]Para la mejor protecci\u00f3n posible de su precioso modelo FEURICH, hemos desarrollado fundas cobertoras de piano extra duraderas. Estas fundas est\u00e1n disponibles para pianos de todas las marcas, hechas a medida en el tama\u00f1o del modelo respectivo.<\/p>\n<p>Nuestros cobertores son de skai en el exterior, una piel sint\u00e9tica fina en el interior, mas un fieltro extra suave para proteger de rayones la superficie del instrumento.[\/vc_column_text][\/vc_column][vc_column width=\u00bb1\/3&#8243;][vc_single_image image=\u00bb6471&#8243; img_size=\u00bblarge\u00bb alignment=\u00bbcenter\u00bb css=\u00bb.vc_custom_1512626822914{margin-bottom: 10px !important;}\u00bb][\/vc_column][vc_column width=\u00bb1\/3&#8243;][vc_column_text el_class=\u00bbproducts-title\u00bb]De acuerdo a su deseo[\/vc_column_text][vc_column_text 0=\u00bb\u00bb]Las fundas de piano FEURICH est\u00e1n hechas a mano, son de alta calidad, robustas y duraderas. Tambi\u00e9n se pueden realizar muchos tipos de pedidos especiales.[\/vc_column_text][\/vc_column][\/vc_row]<\/p>\n<\/div>","protected":false},"excerpt":{"rendered":"<p>La protecci\u00f3n \u00f3ptima y de buen gusto para pianos verticales y pianos de cola<\/p>\n","protected":false},"author":7,"featured_media":11495,"parent":11832,"menu_order":2,"comment_status":"closed","ping_status":"closed","template":"template-fullwidth.php","meta":{"inline_featured_image":false,"footnotes":""},"class_list":["post-11494","page","type-page","status-publish","has-post-thumbnail","hentry"],"acf":[],"yoast_head":"<!-- This site is optimized with the Yoast SEO plugin v24.4 - https:\/\/yoast.com\/wordpress\/plugins\/seo\/ -->\n<title>Funda cobertora para piano - FEURICH<\/title>\n<meta name=\"description\" content=\"Fundas de piano extra duraderas para la mejor protecci\u00f3n posible de su piano FEURICH o hechas a medida para pianos verticales y pianos de cola de todos los fabricantes.\" \/>\n<meta name=\"robots\" content=\"index, follow, max-snippet:-1, max-image-preview:large, max-video-preview:-1\" \/>\n<link rel=\"canonical\" href=\"https:\/\/feurich.com\/es\/productos\/accesorios\/funda-cobertora-para-piano\/\" \/>\n<meta property=\"og:locale\" content=\"es_ES\" \/>\n<meta property=\"og:type\" content=\"article\" \/>\n<meta property=\"og:title\" content=\"Funda cobertora para piano - FEURICH\" \/>\n<meta property=\"og:description\" content=\"Fundas de piano extra duraderas para la mejor protecci\u00f3n posible de su piano FEURICH o hechas a medida para pianos verticales y pianos de cola de todos los fabricantes.\" \/>\n<meta property=\"og:url\" content=\"https:\/\/feurich.com\/es\/productos\/accesorios\/funda-cobertora-para-piano\/\" \/>\n<meta property=\"og:site_name\" content=\"FEURICH\" \/>\n<meta property=\"article:publisher\" content=\"https:\/\/www.facebook.com\/feurichvienna\/\" \/>\n<meta property=\"article:modified_time\" content=\"2018-02-13T17:56:06+00:00\" \/>\n<meta property=\"og:image\" content=\"https:\/\/feurich.com\/wp-content\/uploads\/Covers-Fine-black-imitation-leather-with-soft-felt-inside-Custom-Made-2.jpg\" \/>\n\t<meta property=\"og:image:width\" content=\"720\" \/>\n\t<meta property=\"og:image:height\" content=\"480\" \/>\n\t<meta property=\"og:image:type\" content=\"image\/jpeg\" \/>\n<meta name=\"twitter:card\" content=\"summary_large_image\" \/>\n<meta name=\"twitter:label1\" content=\"Tiempo de lectura\" \/>\n\t<meta name=\"twitter:data1\" content=\"1 minuto\" \/>\n<script type=\"application\/ld+json\" class=\"yoast-schema-graph\">{\"@context\":\"https:\/\/schema.org\",\"@graph\":[{\"@type\":\"WebPage\",\"@id\":\"https:\/\/feurich.com\/es\/productos\/accesorios\/funda-cobertora-para-piano\/\",\"url\":\"https:\/\/feurich.com\/es\/productos\/accesorios\/funda-cobertora-para-piano\/\",\"name\":\"Funda cobertora para piano - FEURICH\",\"isPartOf\":{\"@id\":\"https:\/\/feurich.com\/en\/#website\"},\"primaryImageOfPage\":{\"@id\":\"https:\/\/feurich.com\/es\/productos\/accesorios\/funda-cobertora-para-piano\/#primaryimage\"},\"image\":{\"@id\":\"https:\/\/feurich.com\/es\/productos\/accesorios\/funda-cobertora-para-piano\/#primaryimage\"},\"thumbnailUrl\":\"https:\/\/feurich.com\/wp-content\/uploads\/Covers-Fine-black-imitation-leather-with-soft-felt-inside-Custom-Made-2.jpg\",\"datePublished\":\"2018-02-13T17:56:05+00:00\",\"dateModified\":\"2018-02-13T17:56:06+00:00\",\"description\":\"Fundas de piano extra duraderas para la mejor protecci\u00f3n posible de su piano FEURICH o hechas a medida para pianos verticales y pianos de cola de todos los fabricantes.\",\"breadcrumb\":{\"@id\":\"https:\/\/feurich.com\/es\/productos\/accesorios\/funda-cobertora-para-piano\/#breadcrumb\"},\"inLanguage\":\"es\",\"potentialAction\":[{\"@type\":\"ReadAction\",\"target\":[\"https:\/\/feurich.com\/es\/productos\/accesorios\/funda-cobertora-para-piano\/\"]}]},{\"@type\":\"ImageObject\",\"inLanguage\":\"es\",\"@id\":\"https:\/\/feurich.com\/es\/productos\/accesorios\/funda-cobertora-para-piano\/#primaryimage\",\"url\":\"https:\/\/feurich.com\/wp-content\/uploads\/Covers-Fine-black-imitation-leather-with-soft-felt-inside-Custom-Made-2.jpg\",\"contentUrl\":\"https:\/\/feurich.com\/wp-content\/uploads\/Covers-Fine-black-imitation-leather-with-soft-felt-inside-Custom-Made-2.jpg\",\"width\":720,\"height\":480,\"caption\":\"Covers Fine black imitation leather with soft felt inside (Custom-Made)\"},{\"@type\":\"BreadcrumbList\",\"@id\":\"https:\/\/feurich.com\/es\/productos\/accesorios\/funda-cobertora-para-piano\/#breadcrumb\",\"itemListElement\":[{\"@type\":\"ListItem\",\"position\":1,\"name\":\"Home\",\"item\":\"https:\/\/feurich.com\/es\/\"},{\"@type\":\"ListItem\",\"position\":2,\"name\":\"Productos\",\"item\":\"https:\/\/feurich.com\/es\/productos\/\"},{\"@type\":\"ListItem\",\"position\":3,\"name\":\"Accesorios\",\"item\":\"https:\/\/feurich.com\/es\/productos\/accesorios\/\"},{\"@type\":\"ListItem\",\"position\":4,\"name\":\"Funda cobertora para piano\"}]},{\"@type\":\"WebSite\",\"@id\":\"https:\/\/feurich.com\/en\/#website\",\"url\":\"https:\/\/feurich.com\/en\/\",\"name\":\"FEURICH\",\"description\":\"A sound that connects\",\"publisher\":{\"@id\":\"https:\/\/feurich.com\/en\/#organization\"},\"potentialAction\":[{\"@type\":\"SearchAction\",\"target\":{\"@type\":\"EntryPoint\",\"urlTemplate\":\"https:\/\/feurich.com\/en\/?s={search_term_string}\"},\"query-input\":{\"@type\":\"PropertyValueSpecification\",\"valueRequired\":true,\"valueName\":\"search_term_string\"}}],\"inLanguage\":\"es\"},{\"@type\":\"Organization\",\"@id\":\"https:\/\/feurich.com\/en\/#organization\",\"name\":\"FEURICH\",\"url\":\"https:\/\/feurich.com\/en\/\",\"logo\":{\"@type\":\"ImageObject\",\"inLanguage\":\"es\",\"@id\":\"https:\/\/feurich.com\/en\/#\/schema\/logo\/image\/\",\"url\":\"https:\/\/feurich.com\/wp-content\/uploads\/logo.png\",\"contentUrl\":\"https:\/\/feurich.com\/wp-content\/uploads\/logo.png\",\"width\":354,\"height\":151,\"caption\":\"FEURICH\"},\"image\":{\"@id\":\"https:\/\/feurich.com\/en\/#\/schema\/logo\/image\/\"},\"sameAs\":[\"https:\/\/www.facebook.com\/feurichvienna\/\"]}]}<\/script>\n<!-- \/ Yoast SEO plugin. -->","yoast_head_json":{"title":"Funda cobertora para piano - FEURICH","description":"Fundas de piano extra duraderas para la mejor protecci\u00f3n posible de su piano FEURICH o hechas a medida para pianos verticales y pianos de cola de todos los fabricantes.","robots":{"index":"index","follow":"follow","max-snippet":"max-snippet:-1","max-image-preview":"max-image-preview:large","max-video-preview":"max-video-preview:-1"},"canonical":"https:\/\/feurich.com\/es\/productos\/accesorios\/funda-cobertora-para-piano\/","og_locale":"es_ES","og_type":"article","og_title":"Funda cobertora para piano - FEURICH","og_description":"Fundas de piano extra duraderas para la mejor protecci\u00f3n posible de su piano FEURICH o hechas a medida para pianos verticales y pianos de cola de todos los fabricantes.","og_url":"https:\/\/feurich.com\/es\/productos\/accesorios\/funda-cobertora-para-piano\/","og_site_name":"FEURICH","article_publisher":"https:\/\/www.facebook.com\/feurichvienna\/","article_modified_time":"2018-02-13T17:56:06+00:00","og_image":[{"width":720,"height":480,"url":"https:\/\/feurich.com\/wp-content\/uploads\/Covers-Fine-black-imitation-leather-with-soft-felt-inside-Custom-Made-2.jpg","type":"image\/jpeg"}],"twitter_card":"summary_large_image","twitter_misc":{"Tiempo de lectura":"1 minuto"},"schema":{"@context":"https:\/\/schema.org","@graph":[{"@type":"WebPage","@id":"https:\/\/feurich.com\/es\/productos\/accesorios\/funda-cobertora-para-piano\/","url":"https:\/\/feurich.com\/es\/productos\/accesorios\/funda-cobertora-para-piano\/","name":"Funda cobertora para piano - FEURICH","isPartOf":{"@id":"https:\/\/feurich.com\/en\/#website"},"primaryImageOfPage":{"@id":"https:\/\/feurich.com\/es\/productos\/accesorios\/funda-cobertora-para-piano\/#primaryimage"},"image":{"@id":"https:\/\/feurich.com\/es\/productos\/accesorios\/funda-cobertora-para-piano\/#primaryimage"},"thumbnailUrl":"https:\/\/feurich.com\/wp-content\/uploads\/Covers-Fine-black-imitation-leather-with-soft-felt-inside-Custom-Made-2.jpg","datePublished":"2018-02-13T17:56:05+00:00","dateModified":"2018-02-13T17:56:06+00:00","description":"Fundas de piano extra duraderas para la mejor protecci\u00f3n posible de su piano FEURICH o hechas a medida para pianos verticales y pianos de cola de todos los fabricantes.","breadcrumb":{"@id":"https:\/\/feurich.com\/es\/productos\/accesorios\/funda-cobertora-para-piano\/#breadcrumb"},"inLanguage":"es","potentialAction":[{"@type":"ReadAction","target":["https:\/\/feurich.com\/es\/productos\/accesorios\/funda-cobertora-para-piano\/"]}]},{"@type":"ImageObject","inLanguage":"es","@id":"https:\/\/feurich.com\/es\/productos\/accesorios\/funda-cobertora-para-piano\/#primaryimage","url":"https:\/\/feurich.com\/wp-content\/uploads\/Covers-Fine-black-imitation-leather-with-soft-felt-inside-Custom-Made-2.jpg","contentUrl":"https:\/\/feurich.com\/wp-content\/uploads\/Covers-Fine-black-imitation-leather-with-soft-felt-inside-Custom-Made-2.jpg","width":720,"height":480,"caption":"Covers Fine black imitation leather with soft felt inside (Custom-Made)"},{"@type":"BreadcrumbList","@id":"https:\/\/feurich.com\/es\/productos\/accesorios\/funda-cobertora-para-piano\/#breadcrumb","itemListElement":[{"@type":"ListItem","position":1,"name":"Home","item":"https:\/\/feurich.com\/es\/"},{"@type":"ListItem","position":2,"name":"Productos","item":"https:\/\/feurich.com\/es\/productos\/"},{"@type":"ListItem","position":3,"name":"Accesorios","item":"https:\/\/feurich.com\/es\/productos\/accesorios\/"},{"@type":"ListItem","position":4,"name":"Funda cobertora para piano"}]},{"@type":"WebSite","@id":"https:\/\/feurich.com\/en\/#website","url":"https:\/\/feurich.com\/en\/","name":"FEURICH","description":"A sound that connects","publisher":{"@id":"https:\/\/feurich.com\/en\/#organization"},"potentialAction":[{"@type":"SearchAction","target":{"@type":"EntryPoint","urlTemplate":"https:\/\/feurich.com\/en\/?s={search_term_string}"},"query-input":{"@type":"PropertyValueSpecification","valueRequired":true,"valueName":"search_term_string"}}],"inLanguage":"es"},{"@type":"Organization","@id":"https:\/\/feurich.com\/en\/#organization","name":"FEURICH","url":"https:\/\/feurich.com\/en\/","logo":{"@type":"ImageObject","inLanguage":"es","@id":"https:\/\/feurich.com\/en\/#\/schema\/logo\/image\/","url":"https:\/\/feurich.com\/wp-content\/uploads\/logo.png","contentUrl":"https:\/\/feurich.com\/wp-content\/uploads\/logo.png","width":354,"height":151,"caption":"FEURICH"},"image":{"@id":"https:\/\/feurich.com\/en\/#\/schema\/logo\/image\/"},"sameAs":["https:\/\/www.facebook.com\/feurichvienna\/"]}]}},"_links":{"self":[{"href":"https:\/\/feurich.com\/es\/wp-json\/wp\/v2\/pages\/11494","targetHints":{"allow":["GET"]}}],"collection":[{"href":"https:\/\/feurich.com\/es\/wp-json\/wp\/v2\/pages"}],"about":[{"href":"https:\/\/feurich.com\/es\/wp-json\/wp\/v2\/types\/page"}],"author":[{"embeddable":true,"href":"https:\/\/feurich.com\/es\/wp-json\/wp\/v2\/users\/7"}],"replies":[{"embeddable":true,"href":"https:\/\/feurich.com\/es\/wp-json\/wp\/v2\/comments?post=11494"}],"version-history":[{"count":5,"href":"https:\/\/feurich.com\/es\/wp-json\/wp\/v2\/pages\/11494\/revisions"}],"predecessor-version":[{"id":11500,"href":"https:\/\/feurich.com\/es\/wp-json\/wp\/v2\/pages\/11494\/revisions\/11500"}],"up":[{"embeddable":true,"href":"https:\/\/feurich.com\/es\/wp-json\/wp\/v2\/pages\/11832"}],"wp:featuredmedia":[{"embeddable":true,"href":"https:\/\/feurich.com\/es\/wp-json\/wp\/v2\/media\/11495"}],"wp:attachment":[{"href":"https:\/\/feurich.com\/es\/wp-json\/wp\/v2\/media?parent=11494"}],"curies":[{"name":"wp","href":"https:\/\/api.w.org\/{rel}","templated":true}]}}