{"id":11481,"date":"2018-02-13T17:08:44","date_gmt":"2018-02-13T17:08:44","guid":{"rendered":"https:\/\/www.feurich.com\/herramientas\/"},"modified":"2018-02-13T17:08:45","modified_gmt":"2018-02-13T17:08:45","slug":"herramientas","status":"publish","type":"page","link":"https:\/\/feurich.com\/es\/productos\/accesorios\/herramientas\/","title":{"rendered":"Herramientas"},"content":{"rendered":"<div class=\"wpb-content-wrapper\"><p>[vc_row bg_type=\u00bbimage\u00bb parallax_style=\u00bbvcpb-default\u00bb bg_image_new=\u00bbid^521|url^\/wp-content\/uploads\/2017\/08\/home-fon-bl3.jpg|caption^null|alt^null|title^home-fon-bl3|description^null\u00bb bg_image_repeat=\u00bbno-repeat\u00bb bg_override=\u00bbfull\u00bb][vc_column 0=\u00bb\u00bb][vc_empty_space height=\u00bb5px\u00bb][vc_row_inner 0=\u00bb\u00bb][vc_column_inner width=\u00bb1\/6&#8243;][\/vc_column_inner][vc_column_inner width=\u00bb4\/6&#8243;][vc_column_text el_class=\u00bbbig-title\u00bb css=\u00bb.vc_custom_1511715545110{margin-bottom: 15px !important;}\u00bb]<\/p>\n<p style=\"text-align: center\">Set de herramientas<\/p>\n<p>[\/vc_column_text][vc_column_text 0=\u00bb\u00bb][\/vc_column_text][\/vc_column_inner][vc_column_inner width=\u00bb1\/6&#8243;][\/vc_column_inner][\/vc_row_inner][vc_empty_space 0=\u00bb\u00bb][\/vc_column][\/vc_row][vc_row 0=\u00bb\u00bb][vc_column width=\u00bb1\/3&#8243;][vc_single_image image=\u00bb4189&#8243; img_size=\u00bb360 x 260&#8243; alignment=\u00bbcenter\u00bb css=\u00bb.vc_custom_1511715089768{margin-bottom: 10px !important;}\u00bb][\/vc_column][vc_column width=\u00bb1\/3&#8243;][vc_column_text el_class=\u00bbproducts-title\u00bb]Herramienta para profesionales[\/vc_column_text][vc_column_text 0=\u00bb\u00bb]Especialmente para los t\u00e9cnicos de piano, ofrecemos nuestro propio set de herramientas, que contiene todo lo necesario para su trabajo diario. Por supuesto, hemos sometido todas y cada una de las herramientas a un completo control de calidad y hemos equipado el conjunto con exactamente las piezas que utilizan nuestros t\u00e9cnicos.<\/p>\n<p>El set de herramientas FEURICH constituye el conjunto de primeros auxilios para pianos en \u00e1reas remotas, as\u00ed como para pianistas con experiencia t\u00e9cnica que solo quieren corregir una tecla o cuerda, sin tener que pedir un servicio completo.<\/p>\n<p>\u00bfDesea obtener m\u00e1s informaci\u00f3n sobre el set de herramientas FEURICH? Estaremos encantados de asesorarte &gt;&gt; contacto[\/vc_column_text][vc_empty_space height=\u00bb12px\u00bb][\/vc_column][vc_column width=\u00bb1\/3&#8243;][vc_single_image image=\u00bb4147&#8243; img_size=\u00bb360&#215;260&#8243; alignment=\u00bbcenter\u00bb css=\u00bb.vc_custom_1511715116166{margin-bottom: 10px !important;}\u00bb][\/vc_column][\/vc_row]<\/p>\n<\/div>","protected":false},"excerpt":{"rendered":"<p>El conjunto de herramientas para t\u00e9cnicos de piano contiene todo lo necesario para su trabajo diario.<\/p>\n","protected":false},"author":7,"featured_media":8546,"parent":11832,"menu_order":5,"comment_status":"closed","ping_status":"closed","template":"template-fullwidth.php","meta":{"inline_featured_image":false,"footnotes":""},"class_list":["post-11481","page","type-page","status-publish","has-post-thumbnail","hentry"],"acf":[],"yoast_head":"<!-- This site is optimized with the Yoast SEO plugin v24.4 - https:\/\/yoast.com\/wordpress\/plugins\/seo\/ -->\n<title>Herramientas - FEURICH<\/title>\n<meta name=\"description\" content=\"Especialmente para los t\u00e9cnicos de piano, ofrecemos nuestro propio set de herramientas, que contiene todo lo necesario para su trabajo diario.\" \/>\n<meta name=\"robots\" content=\"index, follow, max-snippet:-1, max-image-preview:large, max-video-preview:-1\" \/>\n<link rel=\"canonical\" href=\"https:\/\/feurich.com\/es\/productos\/accesorios\/herramientas\/\" \/>\n<meta property=\"og:locale\" content=\"es_ES\" \/>\n<meta property=\"og:type\" content=\"article\" \/>\n<meta property=\"og:title\" content=\"Herramientas - FEURICH\" \/>\n<meta property=\"og:description\" content=\"Especialmente para los t\u00e9cnicos de piano, ofrecemos nuestro propio set de herramientas, que contiene todo lo necesario para su trabajo diario.\" \/>\n<meta property=\"og:url\" content=\"https:\/\/feurich.com\/es\/productos\/accesorios\/herramientas\/\" \/>\n<meta property=\"og:site_name\" content=\"FEURICH\" \/>\n<meta property=\"article:publisher\" content=\"https:\/\/www.facebook.com\/feurichvienna\/\" \/>\n<meta property=\"article:modified_time\" content=\"2018-02-13T17:08:45+00:00\" \/>\n<meta property=\"og:image\" content=\"https:\/\/feurich.com\/wp-content\/uploads\/tool-set-pianos-1.jpg\" \/>\n\t<meta property=\"og:image:width\" content=\"360\" \/>\n\t<meta property=\"og:image:height\" content=\"240\" \/>\n\t<meta property=\"og:image:type\" content=\"image\/jpeg\" \/>\n<meta name=\"twitter:card\" content=\"summary_large_image\" \/>\n<meta name=\"twitter:label1\" content=\"Tiempo de lectura\" \/>\n\t<meta name=\"twitter:data1\" content=\"1 minuto\" \/>\n<script type=\"application\/ld+json\" class=\"yoast-schema-graph\">{\"@context\":\"https:\/\/schema.org\",\"@graph\":[{\"@type\":\"WebPage\",\"@id\":\"https:\/\/feurich.com\/es\/productos\/accesorios\/herramientas\/\",\"url\":\"https:\/\/feurich.com\/es\/productos\/accesorios\/herramientas\/\",\"name\":\"Herramientas - FEURICH\",\"isPartOf\":{\"@id\":\"https:\/\/feurich.com\/en\/#website\"},\"primaryImageOfPage\":{\"@id\":\"https:\/\/feurich.com\/es\/productos\/accesorios\/herramientas\/#primaryimage\"},\"image\":{\"@id\":\"https:\/\/feurich.com\/es\/productos\/accesorios\/herramientas\/#primaryimage\"},\"thumbnailUrl\":\"https:\/\/feurich.com\/wp-content\/uploads\/tool-set-pianos-1.jpg\",\"datePublished\":\"2018-02-13T17:08:44+00:00\",\"dateModified\":\"2018-02-13T17:08:45+00:00\",\"description\":\"Especialmente para los t\u00e9cnicos de piano, ofrecemos nuestro propio set de herramientas, que contiene todo lo necesario para su trabajo diario.\",\"breadcrumb\":{\"@id\":\"https:\/\/feurich.com\/es\/productos\/accesorios\/herramientas\/#breadcrumb\"},\"inLanguage\":\"es\",\"potentialAction\":[{\"@type\":\"ReadAction\",\"target\":[\"https:\/\/feurich.com\/es\/productos\/accesorios\/herramientas\/\"]}]},{\"@type\":\"ImageObject\",\"inLanguage\":\"es\",\"@id\":\"https:\/\/feurich.com\/es\/productos\/accesorios\/herramientas\/#primaryimage\",\"url\":\"https:\/\/feurich.com\/wp-content\/uploads\/tool-set-pianos-1.jpg\",\"contentUrl\":\"https:\/\/feurich.com\/wp-content\/uploads\/tool-set-pianos-1.jpg\",\"width\":360,\"height\":240},{\"@type\":\"BreadcrumbList\",\"@id\":\"https:\/\/feurich.com\/es\/productos\/accesorios\/herramientas\/#breadcrumb\",\"itemListElement\":[{\"@type\":\"ListItem\",\"position\":1,\"name\":\"Home\",\"item\":\"https:\/\/feurich.com\/es\/\"},{\"@type\":\"ListItem\",\"position\":2,\"name\":\"Productos\",\"item\":\"https:\/\/feurich.com\/es\/productos\/\"},{\"@type\":\"ListItem\",\"position\":3,\"name\":\"Accesorios\",\"item\":\"https:\/\/feurich.com\/es\/productos\/accesorios\/\"},{\"@type\":\"ListItem\",\"position\":4,\"name\":\"Herramientas\"}]},{\"@type\":\"WebSite\",\"@id\":\"https:\/\/feurich.com\/en\/#website\",\"url\":\"https:\/\/feurich.com\/en\/\",\"name\":\"FEURICH\",\"description\":\"A sound that connects\",\"publisher\":{\"@id\":\"https:\/\/feurich.com\/en\/#organization\"},\"potentialAction\":[{\"@type\":\"SearchAction\",\"target\":{\"@type\":\"EntryPoint\",\"urlTemplate\":\"https:\/\/feurich.com\/en\/?s={search_term_string}\"},\"query-input\":{\"@type\":\"PropertyValueSpecification\",\"valueRequired\":true,\"valueName\":\"search_term_string\"}}],\"inLanguage\":\"es\"},{\"@type\":\"Organization\",\"@id\":\"https:\/\/feurich.com\/en\/#organization\",\"name\":\"FEURICH\",\"url\":\"https:\/\/feurich.com\/en\/\",\"logo\":{\"@type\":\"ImageObject\",\"inLanguage\":\"es\",\"@id\":\"https:\/\/feurich.com\/en\/#\/schema\/logo\/image\/\",\"url\":\"https:\/\/feurich.com\/wp-content\/uploads\/logo.png\",\"contentUrl\":\"https:\/\/feurich.com\/wp-content\/uploads\/logo.png\",\"width\":354,\"height\":151,\"caption\":\"FEURICH\"},\"image\":{\"@id\":\"https:\/\/feurich.com\/en\/#\/schema\/logo\/image\/\"},\"sameAs\":[\"https:\/\/www.facebook.com\/feurichvienna\/\"]}]}<\/script>\n<!-- \/ Yoast SEO plugin. -->","yoast_head_json":{"title":"Herramientas - FEURICH","description":"Especialmente para los t\u00e9cnicos de piano, ofrecemos nuestro propio set de herramientas, que contiene todo lo necesario para su trabajo diario.","robots":{"index":"index","follow":"follow","max-snippet":"max-snippet:-1","max-image-preview":"max-image-preview:large","max-video-preview":"max-video-preview:-1"},"canonical":"https:\/\/feurich.com\/es\/productos\/accesorios\/herramientas\/","og_locale":"es_ES","og_type":"article","og_title":"Herramientas - FEURICH","og_description":"Especialmente para los t\u00e9cnicos de piano, ofrecemos nuestro propio set de herramientas, que contiene todo lo necesario para su trabajo diario.","og_url":"https:\/\/feurich.com\/es\/productos\/accesorios\/herramientas\/","og_site_name":"FEURICH","article_publisher":"https:\/\/www.facebook.com\/feurichvienna\/","article_modified_time":"2018-02-13T17:08:45+00:00","og_image":[{"width":360,"height":240,"url":"https:\/\/feurich.com\/wp-content\/uploads\/tool-set-pianos-1.jpg","type":"image\/jpeg"}],"twitter_card":"summary_large_image","twitter_misc":{"Tiempo de lectura":"1 minuto"},"schema":{"@context":"https:\/\/schema.org","@graph":[{"@type":"WebPage","@id":"https:\/\/feurich.com\/es\/productos\/accesorios\/herramientas\/","url":"https:\/\/feurich.com\/es\/productos\/accesorios\/herramientas\/","name":"Herramientas - FEURICH","isPartOf":{"@id":"https:\/\/feurich.com\/en\/#website"},"primaryImageOfPage":{"@id":"https:\/\/feurich.com\/es\/productos\/accesorios\/herramientas\/#primaryimage"},"image":{"@id":"https:\/\/feurich.com\/es\/productos\/accesorios\/herramientas\/#primaryimage"},"thumbnailUrl":"https:\/\/feurich.com\/wp-content\/uploads\/tool-set-pianos-1.jpg","datePublished":"2018-02-13T17:08:44+00:00","dateModified":"2018-02-13T17:08:45+00:00","description":"Especialmente para los t\u00e9cnicos de piano, ofrecemos nuestro propio set de herramientas, que contiene todo lo necesario para su trabajo diario.","breadcrumb":{"@id":"https:\/\/feurich.com\/es\/productos\/accesorios\/herramientas\/#breadcrumb"},"inLanguage":"es","potentialAction":[{"@type":"ReadAction","target":["https:\/\/feurich.com\/es\/productos\/accesorios\/herramientas\/"]}]},{"@type":"ImageObject","inLanguage":"es","@id":"https:\/\/feurich.com\/es\/productos\/accesorios\/herramientas\/#primaryimage","url":"https:\/\/feurich.com\/wp-content\/uploads\/tool-set-pianos-1.jpg","contentUrl":"https:\/\/feurich.com\/wp-content\/uploads\/tool-set-pianos-1.jpg","width":360,"height":240},{"@type":"BreadcrumbList","@id":"https:\/\/feurich.com\/es\/productos\/accesorios\/herramientas\/#breadcrumb","itemListElement":[{"@type":"ListItem","position":1,"name":"Home","item":"https:\/\/feurich.com\/es\/"},{"@type":"ListItem","position":2,"name":"Productos","item":"https:\/\/feurich.com\/es\/productos\/"},{"@type":"ListItem","position":3,"name":"Accesorios","item":"https:\/\/feurich.com\/es\/productos\/accesorios\/"},{"@type":"ListItem","position":4,"name":"Herramientas"}]},{"@type":"WebSite","@id":"https:\/\/feurich.com\/en\/#website","url":"https:\/\/feurich.com\/en\/","name":"FEURICH","description":"A sound that connects","publisher":{"@id":"https:\/\/feurich.com\/en\/#organization"},"potentialAction":[{"@type":"SearchAction","target":{"@type":"EntryPoint","urlTemplate":"https:\/\/feurich.com\/en\/?s={search_term_string}"},"query-input":{"@type":"PropertyValueSpecification","valueRequired":true,"valueName":"search_term_string"}}],"inLanguage":"es"},{"@type":"Organization","@id":"https:\/\/feurich.com\/en\/#organization","name":"FEURICH","url":"https:\/\/feurich.com\/en\/","logo":{"@type":"ImageObject","inLanguage":"es","@id":"https:\/\/feurich.com\/en\/#\/schema\/logo\/image\/","url":"https:\/\/feurich.com\/wp-content\/uploads\/logo.png","contentUrl":"https:\/\/feurich.com\/wp-content\/uploads\/logo.png","width":354,"height":151,"caption":"FEURICH"},"image":{"@id":"https:\/\/feurich.com\/en\/#\/schema\/logo\/image\/"},"sameAs":["https:\/\/www.facebook.com\/feurichvienna\/"]}]}},"_links":{"self":[{"href":"https:\/\/feurich.com\/es\/wp-json\/wp\/v2\/pages\/11481","targetHints":{"allow":["GET"]}}],"collection":[{"href":"https:\/\/feurich.com\/es\/wp-json\/wp\/v2\/pages"}],"about":[{"href":"https:\/\/feurich.com\/es\/wp-json\/wp\/v2\/types\/page"}],"author":[{"embeddable":true,"href":"https:\/\/feurich.com\/es\/wp-json\/wp\/v2\/users\/7"}],"replies":[{"embeddable":true,"href":"https:\/\/feurich.com\/es\/wp-json\/wp\/v2\/comments?post=11481"}],"version-history":[{"count":3,"href":"https:\/\/feurich.com\/es\/wp-json\/wp\/v2\/pages\/11481\/revisions"}],"predecessor-version":[{"id":11484,"href":"https:\/\/feurich.com\/es\/wp-json\/wp\/v2\/pages\/11481\/revisions\/11484"}],"up":[{"embeddable":true,"href":"https:\/\/feurich.com\/es\/wp-json\/wp\/v2\/pages\/11832"}],"wp:featuredmedia":[{"embeddable":true,"href":"https:\/\/feurich.com\/es\/wp-json\/wp\/v2\/media\/8546"}],"wp:attachment":[{"href":"https:\/\/feurich.com\/es\/wp-json\/wp\/v2\/media?parent=11481"}],"curies":[{"name":"wp","href":"https:\/\/api.w.org\/{rel}","templated":true}]}}