{"id":5614,"date":"2017-12-05T14:10:40","date_gmt":"2017-12-05T14:10:40","guid":{"rendered":"\/joerg-wachler\/"},"modified":"2017-12-05T14:13:09","modified_gmt":"2017-12-05T14:13:09","slug":"joerg-wachler","status":"publish","type":"page","link":"https:\/\/feurich.com\/en\/about-us\/team-of-experts\/joerg-wachler\/","title":{"rendered":"J\u00f6rg Wachler"},"content":{"rendered":"<div class=\"wpb-content-wrapper\"><p>[vc_row 0=&#8221;&#8221;][vc_column 0=&#8221;&#8221;][vc_empty_space 0=&#8221;&#8221;][\/vc_column][\/vc_row][vc_row 0=&#8221;&#8221;][vc_column width=&#8221;1\/3&#8243;][vc_single_image image=&#8221;930&#8243; img_size=&#8221;large&#8221;][\/vc_column][vc_column width=&#8221;2\/3&#8243;][vc_column_text el_class=&#8221;big-title&#8221;]<\/p>\n<p style=\"text-align: left;\">J\u00f6rg Wachler<\/p>\n<p>[\/vc_column_text][vc_column_text 0=&#8221;&#8221;]<\/p>\n<div class=\"wpb_text_column wpb_content_element products-title\">\n<div class=\"wpb_wrapper\">\n<p><strong>Chief Piano Voicer FEURICH Vienna &amp; Concert Tuner<\/strong><\/p>\n<\/div>\n<\/div>\n<div class=\"wpb_text_column wpb_content_element \">\n<div class=\"wpb_wrapper\">\n<p>J\u00f6rg Wachler is responsible for the final preparation of the pianos at the FEURICH production facilities in Vienna. He is continuously involved in developing new techniques in the world of piano sound and voicing, and is constant dialogue with our team and the many FEURICH partners worldwide, in order to share and develop this knowledge.<\/p>\n<p>After schooling in piano, organ and trumpet playing at an early age, J\u00f6rg undertook his apprenticeship in piano building in 1981 in Eisenberg\/Th\u00fcringen, Germany. Having passed his apprenticeship with distinction, he decided to delve into the world of\u00a0organ building, studying for 3 years with Schuster&amp;Sohn in Zittau, Germany.<\/p>\n<p>He gathered considerable experience in piano tuning working with the Deutschen Piano Union in Leipzig, as well as working as a church musician and leading numerous church ensembles over the years.<\/p>\n<p>In 1998, J\u00f6rg was called on by the prestigious piano maker C.Bechstein, to work on the critical process of tuning and intonation as the final step in the piano\u2019s production. J\u00f6rg has been priveledged to be able to work alongside renowned experts in this field including Naoki Yamauchi (Bechstein-Berlin), Ewald V\u00f6gele (T\u00fcbingen), Gert G\u00e4bler (Steinway-Dresden) and August F\u00f6rster.<\/p>\n<p>With his 30+ years of experience, we are proud to have J\u00f6rg as our chief of voicing at FEURICH, and as head of piano preparation at our production facilities in Vienna.<\/p>\n<p><a href=\"https:\/\/feurich.com\/de\/ueber-uns\/expertenteam\/\">&gt;&gt; return<\/a><\/p>\n<\/div>\n<\/div>\n<p>[\/vc_column_text][\/vc_column][\/vc_row]<\/p>\n<\/div>","protected":false},"excerpt":{"rendered":"<p>[vc_row 0=&#8221;&#8221;][vc_column 0=&#8221;&#8221;][vc_empty_space 0=&#8221;&#8221;][\/vc_column][\/vc_row][vc_row 0=&#8221;&#8221;][vc_column width=&#8221;1\/3&#8243;][vc_single_image image=&#8221;930&#8243; img_size=&#8221;large&#8221;][\/vc_column][vc_column width=&#8221;2\/3&#8243;][vc_column_text el_class=&#8221;big-title&#8221;] J\u00f6rg Wachler [\/vc_column_text][vc_column_text 0=&#8221;&#8221;] Chief Piano Voicer FEURICH Vienna &amp; Concert Tuner J\u00f6rg Wachler is responsible for the final preparation &#8230;<\/p>\n","protected":false},"author":4,"featured_media":0,"parent":5863,"menu_order":0,"comment_status":"closed","ping_status":"closed","template":"","meta":{"inline_featured_image":false,"footnotes":""},"class_list":["post-5614","page","type-page","status-publish","hentry"],"acf":[],"yoast_head":"<!-- This site is optimized with the Yoast SEO plugin v24.4 - https:\/\/yoast.com\/wordpress\/plugins\/seo\/ -->\n<title>J\u00f6rg Wachler - FEURICH<\/title>\n<meta name=\"robots\" content=\"index, follow, max-snippet:-1, max-image-preview:large, max-video-preview:-1\" \/>\n<link rel=\"canonical\" href=\"https:\/\/feurich.com\/en\/about-us\/team-of-experts\/joerg-wachler\/\" \/>\n<meta property=\"og:locale\" content=\"en_GB\" \/>\n<meta property=\"og:type\" content=\"article\" \/>\n<meta property=\"og:title\" content=\"J\u00f6rg Wachler - FEURICH\" \/>\n<meta property=\"og:description\" content=\"[vc_row 0=&#8221;&#8221;][vc_column 0=&#8221;&#8221;][vc_empty_space 0=&#8221;&#8221;][\/vc_column][\/vc_row][vc_row 0=&#8221;&#8221;][vc_column width=&#8221;1\/3&#8243;][vc_single_image image=&#8221;930&#8243; img_size=&#8221;large&#8221;][\/vc_column][vc_column width=&#8221;2\/3&#8243;][vc_column_text el_class=&#8221;big-title&#8221;] J\u00f6rg Wachler [\/vc_column_text][vc_column_text 0=&#8221;&#8221;] Chief Piano Voicer FEURICH Vienna &amp; Concert Tuner J\u00f6rg Wachler is responsible for the final preparation ...\" \/>\n<meta property=\"og:url\" content=\"https:\/\/feurich.com\/en\/about-us\/team-of-experts\/joerg-wachler\/\" \/>\n<meta property=\"og:site_name\" content=\"FEURICH\" \/>\n<meta property=\"article:publisher\" content=\"https:\/\/www.facebook.com\/feurichvienna\/\" \/>\n<meta property=\"article:modified_time\" content=\"2017-12-05T14:13:09+00:00\" \/>\n<meta name=\"twitter:card\" content=\"summary_large_image\" \/>\n<meta name=\"twitter:label1\" content=\"Estimated reading time\" \/>\n\t<meta name=\"twitter:data1\" content=\"1 minute\" \/>\n<script type=\"application\/ld+json\" class=\"yoast-schema-graph\">{\"@context\":\"https:\/\/schema.org\",\"@graph\":[{\"@type\":\"WebPage\",\"@id\":\"https:\/\/feurich.com\/en\/about-us\/team-of-experts\/joerg-wachler\/\",\"url\":\"https:\/\/feurich.com\/en\/about-us\/team-of-experts\/joerg-wachler\/\",\"name\":\"J\u00f6rg Wachler - FEURICH\",\"isPartOf\":{\"@id\":\"https:\/\/feurich.com\/en\/#website\"},\"datePublished\":\"2017-12-05T14:10:40+00:00\",\"dateModified\":\"2017-12-05T14:13:09+00:00\",\"breadcrumb\":{\"@id\":\"https:\/\/feurich.com\/en\/about-us\/team-of-experts\/joerg-wachler\/#breadcrumb\"},\"inLanguage\":\"en-GB\",\"potentialAction\":[{\"@type\":\"ReadAction\",\"target\":[\"https:\/\/feurich.com\/en\/about-us\/team-of-experts\/joerg-wachler\/\"]}]},{\"@type\":\"BreadcrumbList\",\"@id\":\"https:\/\/feurich.com\/en\/about-us\/team-of-experts\/joerg-wachler\/#breadcrumb\",\"itemListElement\":[{\"@type\":\"ListItem\",\"position\":1,\"name\":\"Home\",\"item\":\"https:\/\/feurich.com\/en\/\"},{\"@type\":\"ListItem\",\"position\":2,\"name\":\"About Us\",\"item\":\"https:\/\/feurich.com\/en\/about-us\/\"},{\"@type\":\"ListItem\",\"position\":3,\"name\":\"Team of Experts\",\"item\":\"https:\/\/feurich.com\/en\/about-us\/team-of-experts\/\"},{\"@type\":\"ListItem\",\"position\":4,\"name\":\"J\u00f6rg Wachler\"}]},{\"@type\":\"WebSite\",\"@id\":\"https:\/\/feurich.com\/en\/#website\",\"url\":\"https:\/\/feurich.com\/en\/\",\"name\":\"FEURICH\",\"description\":\"A sound that connects\",\"publisher\":{\"@id\":\"https:\/\/feurich.com\/en\/#organization\"},\"potentialAction\":[{\"@type\":\"SearchAction\",\"target\":{\"@type\":\"EntryPoint\",\"urlTemplate\":\"https:\/\/feurich.com\/en\/?s={search_term_string}\"},\"query-input\":{\"@type\":\"PropertyValueSpecification\",\"valueRequired\":true,\"valueName\":\"search_term_string\"}}],\"inLanguage\":\"en-GB\"},{\"@type\":\"Organization\",\"@id\":\"https:\/\/feurich.com\/en\/#organization\",\"name\":\"FEURICH\",\"url\":\"https:\/\/feurich.com\/en\/\",\"logo\":{\"@type\":\"ImageObject\",\"inLanguage\":\"en-GB\",\"@id\":\"https:\/\/feurich.com\/en\/#\/schema\/logo\/image\/\",\"url\":\"https:\/\/feurich.com\/wp-content\/uploads\/logo.png\",\"contentUrl\":\"https:\/\/feurich.com\/wp-content\/uploads\/logo.png\",\"width\":354,\"height\":151,\"caption\":\"FEURICH\"},\"image\":{\"@id\":\"https:\/\/feurich.com\/en\/#\/schema\/logo\/image\/\"},\"sameAs\":[\"https:\/\/www.facebook.com\/feurichvienna\/\"]}]}<\/script>\n<!-- \/ Yoast SEO plugin. -->","yoast_head_json":{"title":"J\u00f6rg Wachler - FEURICH","robots":{"index":"index","follow":"follow","max-snippet":"max-snippet:-1","max-image-preview":"max-image-preview:large","max-video-preview":"max-video-preview:-1"},"canonical":"https:\/\/feurich.com\/en\/about-us\/team-of-experts\/joerg-wachler\/","og_locale":"en_GB","og_type":"article","og_title":"J\u00f6rg Wachler - FEURICH","og_description":"[vc_row 0=&#8221;&#8221;][vc_column 0=&#8221;&#8221;][vc_empty_space 0=&#8221;&#8221;][\/vc_column][\/vc_row][vc_row 0=&#8221;&#8221;][vc_column width=&#8221;1\/3&#8243;][vc_single_image image=&#8221;930&#8243; img_size=&#8221;large&#8221;][\/vc_column][vc_column width=&#8221;2\/3&#8243;][vc_column_text el_class=&#8221;big-title&#8221;] J\u00f6rg Wachler [\/vc_column_text][vc_column_text 0=&#8221;&#8221;] Chief Piano Voicer FEURICH Vienna &amp; Concert Tuner J\u00f6rg Wachler is responsible for the final preparation ...","og_url":"https:\/\/feurich.com\/en\/about-us\/team-of-experts\/joerg-wachler\/","og_site_name":"FEURICH","article_publisher":"https:\/\/www.facebook.com\/feurichvienna\/","article_modified_time":"2017-12-05T14:13:09+00:00","twitter_card":"summary_large_image","twitter_misc":{"Estimated reading time":"1 minute"},"schema":{"@context":"https:\/\/schema.org","@graph":[{"@type":"WebPage","@id":"https:\/\/feurich.com\/en\/about-us\/team-of-experts\/joerg-wachler\/","url":"https:\/\/feurich.com\/en\/about-us\/team-of-experts\/joerg-wachler\/","name":"J\u00f6rg Wachler - FEURICH","isPartOf":{"@id":"https:\/\/feurich.com\/en\/#website"},"datePublished":"2017-12-05T14:10:40+00:00","dateModified":"2017-12-05T14:13:09+00:00","breadcrumb":{"@id":"https:\/\/feurich.com\/en\/about-us\/team-of-experts\/joerg-wachler\/#breadcrumb"},"inLanguage":"en-GB","potentialAction":[{"@type":"ReadAction","target":["https:\/\/feurich.com\/en\/about-us\/team-of-experts\/joerg-wachler\/"]}]},{"@type":"BreadcrumbList","@id":"https:\/\/feurich.com\/en\/about-us\/team-of-experts\/joerg-wachler\/#breadcrumb","itemListElement":[{"@type":"ListItem","position":1,"name":"Home","item":"https:\/\/feurich.com\/en\/"},{"@type":"ListItem","position":2,"name":"About Us","item":"https:\/\/feurich.com\/en\/about-us\/"},{"@type":"ListItem","position":3,"name":"Team of Experts","item":"https:\/\/feurich.com\/en\/about-us\/team-of-experts\/"},{"@type":"ListItem","position":4,"name":"J\u00f6rg Wachler"}]},{"@type":"WebSite","@id":"https:\/\/feurich.com\/en\/#website","url":"https:\/\/feurich.com\/en\/","name":"FEURICH","description":"A sound that connects","publisher":{"@id":"https:\/\/feurich.com\/en\/#organization"},"potentialAction":[{"@type":"SearchAction","target":{"@type":"EntryPoint","urlTemplate":"https:\/\/feurich.com\/en\/?s={search_term_string}"},"query-input":{"@type":"PropertyValueSpecification","valueRequired":true,"valueName":"search_term_string"}}],"inLanguage":"en-GB"},{"@type":"Organization","@id":"https:\/\/feurich.com\/en\/#organization","name":"FEURICH","url":"https:\/\/feurich.com\/en\/","logo":{"@type":"ImageObject","inLanguage":"en-GB","@id":"https:\/\/feurich.com\/en\/#\/schema\/logo\/image\/","url":"https:\/\/feurich.com\/wp-content\/uploads\/logo.png","contentUrl":"https:\/\/feurich.com\/wp-content\/uploads\/logo.png","width":354,"height":151,"caption":"FEURICH"},"image":{"@id":"https:\/\/feurich.com\/en\/#\/schema\/logo\/image\/"},"sameAs":["https:\/\/www.facebook.com\/feurichvienna\/"]}]}},"_links":{"self":[{"href":"https:\/\/feurich.com\/en\/wp-json\/wp\/v2\/pages\/5614","targetHints":{"allow":["GET"]}}],"collection":[{"href":"https:\/\/feurich.com\/en\/wp-json\/wp\/v2\/pages"}],"about":[{"href":"https:\/\/feurich.com\/en\/wp-json\/wp\/v2\/types\/page"}],"author":[{"embeddable":true,"href":"https:\/\/feurich.com\/en\/wp-json\/wp\/v2\/users\/4"}],"replies":[{"embeddable":true,"href":"https:\/\/feurich.com\/en\/wp-json\/wp\/v2\/comments?post=5614"}],"version-history":[{"count":9,"href":"https:\/\/feurich.com\/en\/wp-json\/wp\/v2\/pages\/5614\/revisions"}],"predecessor-version":[{"id":5623,"href":"https:\/\/feurich.com\/en\/wp-json\/wp\/v2\/pages\/5614\/revisions\/5623"}],"up":[{"embeddable":true,"href":"https:\/\/feurich.com\/en\/wp-json\/wp\/v2\/pages\/5863"}],"wp:attachment":[{"href":"https:\/\/feurich.com\/en\/wp-json\/wp\/v2\/media?parent=5614"}],"curies":[{"name":"wp","href":"https:\/\/api.w.org\/{rel}","templated":true}]}}