{"id":10279,"date":"2018-02-01T21:22:49","date_gmt":"2018-02-01T21:22:49","guid":{"rendered":"https:\/\/www.feurich.com\/?page_id=10279"},"modified":"2018-02-01T21:50:29","modified_gmt":"2018-02-01T21:50:29","slug":"testvideo","status":"publish","type":"page","link":"https:\/\/feurich.com\/en\/testvideo\/","title":{"rendered":"testvideo"},"content":{"rendered":"<div class=\"wpb-content-wrapper\"><p>[vc_row][vc_column width=&#8221;1\/3&#8243;][vc_column_text]<div class=\"wpb_video_widget wpb_content_element  vc_clearfix vc_video-aspect-ratio-43 vc_video-el-width-100 vc_video-align-left\"><div class=\"wpb_wrapper\"><div class=\"wpb_video_wrapper\"><div class=\"fluid-width-video-wrapper\"><iframe src=\"https:\/\/www.youtube.com\/embed\/S8urkn_a2go?feature=oembed\" frameborder=\"0\" gesture=\"media\" allow=\"encrypted-media\" allowfullscreen=\"\" class=\"vid-youtube\"><\/iframe><\/div><\/div><\/div><\/div>[\/vc_column_text][\/vc_column][vc_column width=&#8221;2\/3&#8243;][vc_column_text]Die Wahlwienerin Ina Regen stammt aus Ober\u00f6sterreich und ist seit vielen Jahren in der heimischen Musikszene aktiv, unter anderem mit Marianne Mendt, Norbert Schneider, The Makemakes, dem Dancing Stars Orchester, Natalia Kelly, Lylit oder Conchita Wurst.<\/p>\n<p>&nbsp;<\/p>\n<p>Nun pr\u00e4sentiert Ina Regen ihr erstes Soloprojekt, das sie zur\u00fcck zu ihren Wurzeln f\u00fchrt. Mit der sehr pers\u00f6nlichen Klavierballade \u201eWia a Kind\u201c schaffte sie aus dem Stand den Einzug in die \u00f6sterreichischen Charts.<\/p>\n<p>&nbsp;<\/p>\n<p>Aufgenommen und ver\u00f6ffentlich wurde der Song von <a href=\"http:\/\/www.echopilot.at\/\" target=\"_blank\" rel=\"noopener\">ECHOPILOT<\/a>. Deren Mastermind Florian Cojocaru steuerte die Musik zu dem Herzensprojekt bei. In der Studioversion und im Video wird auf einem FEURICH Mod. 179 \u2013 Dynamic II gespielt. Ein paar Eindr\u00fccke vom \u201eMaking of\u201c in der Wiener Ottakringer Brauerei sehen Sie am Ende dieser Seite. (Fotos \u00a9 Andr\u00e9 Karsai)<\/p>\n<p>Bei den kurz darauf folgenden <a href=\"https:\/\/www.facebook.com\/One-take-sessions-1985830478320626\/\" target=\"_blank\" rel=\"noopener\">One Take Sessions<\/a>, einem gro\u00dfartigen Facebook-Musikprojekt aus Linz, kam das FEURICH <a href=\"https:\/\/feurich.com\/de\/produkte\/vienna-pianos\/\">Mod. 123 \u2013 Vienna<\/a> zum Einsatz.<\/p>\n<p>Bei den One Take Sessions hat Ina Regen sich in unser \u201eWien-Klavier\u201c verliebt. Aber h\u00f6ren und sehen Sie selbst!\u00a0 <a href=\"https:\/\/feurich.com\/de\/testimonials-ina-regen\/\">&gt;&gt; Testimonials<\/a><\/p>\n<p>&nbsp;<\/p>\n<p><a href=\"https:\/\/feurich.com\/de\/referenzen\/kuenstler\/\">&gt;&gt; zur\u00fcck zu K\u00fcnstler<\/a>[\/vc_column_text][\/vc_column][\/vc_row][vc_row][vc_column][vc_empty_space height=&#8221;20px&#8221;][\/vc_column][\/vc_row][vc_row][vc_column][vc_gallery interval=&#8221;3&#8243; images=&#8221;4730,4724,4718,4712,4706,4736&#8243;][vc_empty_space height=&#8221;20px&#8221;][\/vc_column][\/vc_row]<\/p>\n<\/div>","protected":false},"excerpt":{"rendered":"<p>[vc_row][vc_column width=&#8221;1\/3&#8243;][vc_column_text][\/vc_column_text][\/vc_column][vc_column width=&#8221;2\/3&#8243;][vc_column_text]Die Wahlwienerin Ina Regen stammt aus Ober\u00f6sterreich und ist seit vielen Jahren in der heimischen Musikszene aktiv, unter anderem mit Marianne Mendt, Norbert Schneider, The Makemakes, dem Dancing &#8230;<\/p>\n","protected":false},"author":4,"featured_media":0,"parent":0,"menu_order":0,"comment_status":"closed","ping_status":"closed","template":"","meta":{"inline_featured_image":false,"footnotes":""},"class_list":["post-10279","page","type-page","status-publish","hentry"],"acf":[],"yoast_head":"<!-- This site is optimized with the Yoast SEO plugin v24.4 - https:\/\/yoast.com\/wordpress\/plugins\/seo\/ -->\n<title>testvideo - FEURICH<\/title>\n<meta name=\"robots\" content=\"index, follow, max-snippet:-1, max-image-preview:large, max-video-preview:-1\" \/>\n<link rel=\"canonical\" href=\"https:\/\/feurich.com\/en\/testvideo\/\" \/>\n<meta property=\"og:locale\" content=\"en_GB\" \/>\n<meta property=\"og:type\" content=\"article\" \/>\n<meta property=\"og:title\" content=\"testvideo - FEURICH\" \/>\n<meta property=\"og:description\" content=\"[vc_row][vc_column width=&#8221;1\/3&#8243;][vc_column_text][\/vc_column_text][\/vc_column][vc_column width=&#8221;2\/3&#8243;][vc_column_text]Die Wahlwienerin Ina Regen stammt aus Ober\u00f6sterreich und ist seit vielen Jahren in der heimischen Musikszene aktiv, unter anderem mit Marianne Mendt, Norbert Schneider, The Makemakes, dem Dancing ...\" \/>\n<meta property=\"og:url\" content=\"https:\/\/feurich.com\/en\/testvideo\/\" \/>\n<meta property=\"og:site_name\" content=\"FEURICH\" \/>\n<meta property=\"article:publisher\" content=\"https:\/\/www.facebook.com\/feurichvienna\/\" \/>\n<meta property=\"article:modified_time\" content=\"2018-02-01T21:50:29+00:00\" \/>\n<meta name=\"twitter:card\" content=\"summary_large_image\" \/>\n<meta name=\"twitter:label1\" content=\"Estimated reading time\" \/>\n\t<meta name=\"twitter:data1\" content=\"1 minute\" \/>\n<script type=\"application\/ld+json\" class=\"yoast-schema-graph\">{\"@context\":\"https:\/\/schema.org\",\"@graph\":[{\"@type\":\"WebPage\",\"@id\":\"https:\/\/feurich.com\/en\/testvideo\/\",\"url\":\"https:\/\/feurich.com\/en\/testvideo\/\",\"name\":\"testvideo - FEURICH\",\"isPartOf\":{\"@id\":\"https:\/\/feurich.com\/en\/#website\"},\"datePublished\":\"2018-02-01T21:22:49+00:00\",\"dateModified\":\"2018-02-01T21:50:29+00:00\",\"breadcrumb\":{\"@id\":\"https:\/\/feurich.com\/en\/testvideo\/#breadcrumb\"},\"inLanguage\":\"en-GB\",\"potentialAction\":[{\"@type\":\"ReadAction\",\"target\":[\"https:\/\/feurich.com\/en\/testvideo\/\"]}]},{\"@type\":\"BreadcrumbList\",\"@id\":\"https:\/\/feurich.com\/en\/testvideo\/#breadcrumb\",\"itemListElement\":[{\"@type\":\"ListItem\",\"position\":1,\"name\":\"Home\",\"item\":\"https:\/\/feurich.com\/en\/\"},{\"@type\":\"ListItem\",\"position\":2,\"name\":\"testvideo\"}]},{\"@type\":\"WebSite\",\"@id\":\"https:\/\/feurich.com\/en\/#website\",\"url\":\"https:\/\/feurich.com\/en\/\",\"name\":\"FEURICH\",\"description\":\"A sound that connects\",\"publisher\":{\"@id\":\"https:\/\/feurich.com\/en\/#organization\"},\"potentialAction\":[{\"@type\":\"SearchAction\",\"target\":{\"@type\":\"EntryPoint\",\"urlTemplate\":\"https:\/\/feurich.com\/en\/?s={search_term_string}\"},\"query-input\":{\"@type\":\"PropertyValueSpecification\",\"valueRequired\":true,\"valueName\":\"search_term_string\"}}],\"inLanguage\":\"en-GB\"},{\"@type\":\"Organization\",\"@id\":\"https:\/\/feurich.com\/en\/#organization\",\"name\":\"FEURICH\",\"url\":\"https:\/\/feurich.com\/en\/\",\"logo\":{\"@type\":\"ImageObject\",\"inLanguage\":\"en-GB\",\"@id\":\"https:\/\/feurich.com\/en\/#\/schema\/logo\/image\/\",\"url\":\"https:\/\/feurich.com\/wp-content\/uploads\/logo.png\",\"contentUrl\":\"https:\/\/feurich.com\/wp-content\/uploads\/logo.png\",\"width\":354,\"height\":151,\"caption\":\"FEURICH\"},\"image\":{\"@id\":\"https:\/\/feurich.com\/en\/#\/schema\/logo\/image\/\"},\"sameAs\":[\"https:\/\/www.facebook.com\/feurichvienna\/\"]}]}<\/script>\n<!-- \/ Yoast SEO plugin. -->","yoast_head_json":{"title":"testvideo - FEURICH","robots":{"index":"index","follow":"follow","max-snippet":"max-snippet:-1","max-image-preview":"max-image-preview:large","max-video-preview":"max-video-preview:-1"},"canonical":"https:\/\/feurich.com\/en\/testvideo\/","og_locale":"en_GB","og_type":"article","og_title":"testvideo - FEURICH","og_description":"[vc_row][vc_column width=&#8221;1\/3&#8243;][vc_column_text][\/vc_column_text][\/vc_column][vc_column width=&#8221;2\/3&#8243;][vc_column_text]Die Wahlwienerin Ina Regen stammt aus Ober\u00f6sterreich und ist seit vielen Jahren in der heimischen Musikszene aktiv, unter anderem mit Marianne Mendt, Norbert Schneider, The Makemakes, dem Dancing ...","og_url":"https:\/\/feurich.com\/en\/testvideo\/","og_site_name":"FEURICH","article_publisher":"https:\/\/www.facebook.com\/feurichvienna\/","article_modified_time":"2018-02-01T21:50:29+00:00","twitter_card":"summary_large_image","twitter_misc":{"Estimated reading time":"1 minute"},"schema":{"@context":"https:\/\/schema.org","@graph":[{"@type":"WebPage","@id":"https:\/\/feurich.com\/en\/testvideo\/","url":"https:\/\/feurich.com\/en\/testvideo\/","name":"testvideo - FEURICH","isPartOf":{"@id":"https:\/\/feurich.com\/en\/#website"},"datePublished":"2018-02-01T21:22:49+00:00","dateModified":"2018-02-01T21:50:29+00:00","breadcrumb":{"@id":"https:\/\/feurich.com\/en\/testvideo\/#breadcrumb"},"inLanguage":"en-GB","potentialAction":[{"@type":"ReadAction","target":["https:\/\/feurich.com\/en\/testvideo\/"]}]},{"@type":"BreadcrumbList","@id":"https:\/\/feurich.com\/en\/testvideo\/#breadcrumb","itemListElement":[{"@type":"ListItem","position":1,"name":"Home","item":"https:\/\/feurich.com\/en\/"},{"@type":"ListItem","position":2,"name":"testvideo"}]},{"@type":"WebSite","@id":"https:\/\/feurich.com\/en\/#website","url":"https:\/\/feurich.com\/en\/","name":"FEURICH","description":"A sound that connects","publisher":{"@id":"https:\/\/feurich.com\/en\/#organization"},"potentialAction":[{"@type":"SearchAction","target":{"@type":"EntryPoint","urlTemplate":"https:\/\/feurich.com\/en\/?s={search_term_string}"},"query-input":{"@type":"PropertyValueSpecification","valueRequired":true,"valueName":"search_term_string"}}],"inLanguage":"en-GB"},{"@type":"Organization","@id":"https:\/\/feurich.com\/en\/#organization","name":"FEURICH","url":"https:\/\/feurich.com\/en\/","logo":{"@type":"ImageObject","inLanguage":"en-GB","@id":"https:\/\/feurich.com\/en\/#\/schema\/logo\/image\/","url":"https:\/\/feurich.com\/wp-content\/uploads\/logo.png","contentUrl":"https:\/\/feurich.com\/wp-content\/uploads\/logo.png","width":354,"height":151,"caption":"FEURICH"},"image":{"@id":"https:\/\/feurich.com\/en\/#\/schema\/logo\/image\/"},"sameAs":["https:\/\/www.facebook.com\/feurichvienna\/"]}]}},"_links":{"self":[{"href":"https:\/\/feurich.com\/en\/wp-json\/wp\/v2\/pages\/10279","targetHints":{"allow":["GET"]}}],"collection":[{"href":"https:\/\/feurich.com\/en\/wp-json\/wp\/v2\/pages"}],"about":[{"href":"https:\/\/feurich.com\/en\/wp-json\/wp\/v2\/types\/page"}],"author":[{"embeddable":true,"href":"https:\/\/feurich.com\/en\/wp-json\/wp\/v2\/users\/4"}],"replies":[{"embeddable":true,"href":"https:\/\/feurich.com\/en\/wp-json\/wp\/v2\/comments?post=10279"}],"version-history":[{"count":4,"href":"https:\/\/feurich.com\/en\/wp-json\/wp\/v2\/pages\/10279\/revisions"}],"predecessor-version":[{"id":10287,"href":"https:\/\/feurich.com\/en\/wp-json\/wp\/v2\/pages\/10279\/revisions\/10287"}],"wp:attachment":[{"href":"https:\/\/feurich.com\/en\/wp-json\/wp\/v2\/media?parent=10279"}],"curies":[{"name":"wp","href":"https:\/\/api.w.org\/{rel}","templated":true}]}}