{"id":789,"date":"2017-08-17T10:32:06","date_gmt":"2017-08-17T10:32:06","guid":{"rendered":"\/?page_id=789"},"modified":"2025-05-17T17:27:03","modified_gmt":"2025-05-17T17:27:03","slug":"piano-mod-122-universal","status":"publish","type":"page","link":"https:\/\/feurich.com\/de\/produkte\/classic-pianos\/piano-mod-122-universal\/","title":{"rendered":"Piano Mod. 122 \u2013 Universal"},"content":{"rendered":"<div class=\"wpb-content-wrapper\"><p>[vc_row full_width=&#8220;stretch_row_content_no_spaces&#8220; bg_type=&#8220;image&#8220; parallax_style=&#8220;vcpb-default&#8220; bg_image_repeat=&#8220;no-repeat&#8220; bg_override=&#8220;full&#8220;][vc_column][vc_column_text el_class=&#8220;no-bottom-margin&#8220;]<ul class=\"piano-menu\" page-id=\"398\"><li class=\"piano-menu-item\"><a class=\"piano-menu-link \" href=\"https:\/\/feurich.com\/de\/produkte\/classic-pianos\/mod-115\/\">115 \u2013 Premiere<\/a><\/li><li class=\"piano-menu-item\"><a class=\"piano-menu-link piano-menu-link-active\" href=\"https:\/\/feurich.com\/de\/produkte\/classic-pianos\/piano-mod-122-universal\/\">122 \u2013 Universal<\/a><\/li><li class=\"piano-menu-item\"><a class=\"piano-menu-link \" href=\"https:\/\/feurich.com\/de\/produkte\/classic-pianos\/piano-mod-125-design\/\">125 \u2013 Design<\/a><\/li><li class=\"piano-menu-item\"><a class=\"piano-menu-link \" href=\"https:\/\/feurich.com\/de\/produkte\/classic-pianos\/piano-mod-133-concert\/\">133 \u2013 Concert<\/a><\/li><li class=\"piano-menu-item\"><a class=\"piano-menu-link \" href=\"https:\/\/feurich.com\/de\/produkte\/classic-pianos\/fluegel-mod-162-dynamic-i\/\">162 \u2013 Dynamic I<\/a><\/li><li class=\"piano-menu-item\"><a class=\"piano-menu-link \" href=\"https:\/\/feurich.com\/de\/produkte\/classic-pianos\/fluegel-mod-179-dynamic-ii\/\">179 \u2013 Dynamic II<\/a><\/li><li class=\"piano-menu-item\"><a class=\"piano-menu-link \" href=\"https:\/\/feurich.com\/de\/produkte\/classic-pianos\/fluegel-mod-218-concert-i\/\">218 \u2013 Concert I<\/a><\/li><\/ul>[\/vc_column_text][vc_column_text]<div class=\"as-styles-warning\" style=\"width: 450px; background-color: #FFF; color: #F00; border: 1px solid #F00; padding: 10px; font-size: 14px;\">\n\t\t\t<span style=\"font-weight: bold;\">Warning: The stylesheets were not loaded!<\/span> \n\t\t\tYou will need to change the <i>Load stylesheets<\/i> setting from <i>Automatically<\/i> to <i>On homepage<\/i> or <i>On all pages<\/i>. \n\t\t\tYou can set that <a style=\"text-decoration: underline; color: #F00;\" href=\"https:\/\/feurich.com\/wp-admin\/admin.php?page=accordion-slider-lite-settings\">here<\/a>.\n\t\t\t<\/div>\r\n<div id=\"accordion-slider-5\" class=\"accordion-slider as-no-js\" style=\"width: 100%px; height: 440px;\">\r\n\t<div class=\"as-panels\">\r\n\t\t\r\n\t\t<div class=\"as-panel\">\r\n\t\t\t<img loading=\"lazy\" decoding=\"async\" class=\"as-background\" src=\"\/wp-content\/uploads\/FEURICH-Mod.-122-Universal-Julian-Le-Play_3.jpg\" alt=\"FEURICH Mod. 122 - Universal Julian Le Play_3\" title=\"FEURICH Mod. 122 - Universal Julian Le Play_3\" width=\"661\" height=\"440\" \/>\r\n\t\t<\/div>\r\n\t\t<div class=\"as-panel\">\r\n\t\t\t<img loading=\"lazy\" decoding=\"async\" class=\"as-background\" src=\"\/wp-content\/uploads\/FEURICH-Mod.-122-Universal-Lobkowitz_1.jpg\" alt=\"FEURICH Mod. 122 - Universal Lobkowitz_1\" title=\"FEURICH Mod. 122 - Universal Lobkowitz_1\" width=\"293\" height=\"440\" \/>\r\n\t\t<\/div>\r\n\t\t<div class=\"as-panel\">\r\n\t\t\t<img loading=\"lazy\" decoding=\"async\" class=\"as-background\" src=\"\/wp-content\/uploads\/FEURICH-Mod.-122-Universal-Ocean-Lady-Flow_3.jpg\" alt=\"FEURICH Mod. 122 - Universal Ocean Lady Flow_3\" title=\"FEURICH Mod. 122 - Universal Ocean Lady Flow_3\" width=\"407\" height=\"440\" \/>\r\n\t\t<\/div>\r\n\t\t<div class=\"as-panel\">\r\n\t\t\t<img loading=\"lazy\" decoding=\"async\" class=\"as-background\" src=\"\/wp-content\/uploads\/FEURICH-Mod.-122-Universal-Praterallee_4.jpg\" alt=\"FEURICH Mod. 122 - Universal Praterallee_4\" title=\"FEURICH Mod. 122 - Universal Praterallee_4\" width=\"316\" height=\"440\" \/>\r\n\t\t<\/div>\r\n\t\t<div class=\"as-panel\">\r\n\t\t\t<img loading=\"lazy\" decoding=\"async\" class=\"as-background\" src=\"https:\/\/feurich.com\/wp-content\/uploads\/FEURICH-Mod.-122-Universal-Lobkowitz_6-e1741817415141.jpg\" title=\"FEURICH Mod. 122 - Universal Palais Lobkowitz 2\" width=\"293\" height=\"335\" \/>\r\n\t\t<\/div>\r\n\t\t<div class=\"as-panel\">\r\n\t\t\t<img loading=\"lazy\" decoding=\"async\" class=\"as-background\" src=\"https:\/\/feurich.com\/wp-content\/uploads\/Albertina-008-1024x683.jpg\" title=\"Albertina-008\" width=\"800\" height=\"534\" \/>\r\n\t\t<\/div>\r\n\t\t<div class=\"as-panel\">\r\n\t\t\t<img loading=\"lazy\" decoding=\"async\" class=\"as-background\" src=\"\/wp-content\/uploads\/FEURICH-Mod.-122-Universal-Snow_4.jpg\" alt=\"FEURICH Mod. 122 - Universal Snow_4\" title=\"FEURICH Mod. 122 - Universal Snow_4\" width=\"660\" height=\"440\" \/>\r\n\t\t<\/div>\r\n\t<\/div>\r\n<\/div>[\/vc_column_text][\/vc_column][\/vc_row][vc_row][vc_column width=&#8220;1\/3&#8243;][vc_column_text el_class=&#8220;piano-title&#8220;]<\/p>\n<p style=\"text-align: center;\">Mod. 122 \u2013 Universal<\/p>\n<p>[\/vc_column_text][vc_single_image image=&#8220;2413&#8243; img_size=&#8220;357&#215;258&#8243; onclick=&#8220;custom_link&#8220; css=&#8220;.vc_custom_1747502813660{margin-bottom: 10px !important;}&#8220; link=&#8220;https:\/\/feurich.com\/de\/produkte\/classic-pianos\/piano-mod-122-universal\/mod-122-universal-details\/&#8220;][vc_column_text]Unser preisgekr\u00f6nter Bestseller mit ausgereifter Technik und liebevollen Details in edlem Design \u00fcbertrifft so manchen kleinen Fl\u00fcgel. <a href=\"https:\/\/feurich.com\/de\/produkte\/classic-pianos\/piano-mod-122-universal\/mod-122-universal-details\/\">&gt;&gt; Details<\/a>[\/vc_column_text][\/vc_column][vc_column width=&#8220;1\/3&#8243;][vc_column_text el_class=&#8220;piano-title&#8220;]<\/p>\n<p style=\"text-align: center;\">Technische Details<\/p>\n<p>[\/vc_column_text][vc_single_image image=&#8220;1372&#8243; img_size=&#8220;360&#215;260&#8243; alignment=&#8220;center&#8220; onclick=&#8220;custom_link&#8220; css=&#8220;.vc_custom_1747502820280{margin-bottom: 10px !important;}&#8220; link=&#8220;https:\/\/feurich.com\/de\/produkte\/classic-pianos\/piano-mod-122-universal\/mod-122-universal-details\/&#8220;][vc_column_text]Das lebendige, kraftvolle Klangbild und die Klimastabilit\u00e4t machen dieses Piano zur ersten Wahl f\u00fcr Probe und Unterricht. <a href=\"https:\/\/feurich.com\/de\/produkte\/classic-pianos\/piano-mod-122-universal\/mod-122-universal-details\/\">&gt;&gt; Details<\/a>[\/vc_column_text][\/vc_column][vc_column width=&#8220;1\/3&#8243;][vc_column_text el_class=&#8220;piano-title&#8220;]<\/p>\n<p style=\"text-align: center;\">Video<\/p>\n<p>[\/vc_column_text][vc_column_text]<div class=\"wpb_video_widget wpb_content_element product-video vc_clearfix vc_video-aspect-ratio-43 vc_video-el-width-100 vc_video-align-left\"><div class=\"wpb_wrapper\"><div class=\"wpb_video_wrapper\"><div class=\"fluid-width-video-wrapper\"><iframe src=\"https:\/\/www.youtube.com\/embed\/II0Mg0luv0M?feature=oembed\" frameborder=\"0\" gesture=\"media\" allow=\"encrypted-media\" allowfullscreen=\"\" class=\"vid-youtube\"><\/iframe><\/div><\/div><\/div><\/div>[\/vc_column_text][vc_column_text]Ton an, Video ab: Wir demonstrieren Ihnen Klang, Details und Besonderheiten des <a href=\"https:\/\/www.youtube.com\/watch?v=II0Mg0luv0M\" target=\"_blank\" rel=\"noopener\">FEURICH Mod. 122 \u2013 Universal<\/a>. Pr\u00e4sentiert von Julia Siedl, Professorin am JAM Music Lab University, Wien. <a href=\"http:\/\/www.jammusiclab.com\/de\" target=\"_blank\" rel=\"noopener\">jammusiclab.com<\/a>[\/vc_column_text][\/vc_column][\/vc_row][vc_row][vc_column][\/vc_column][\/vc_row]<\/p>\n<\/div>","protected":false},"excerpt":{"rendered":"<p>Unser preisgekr\u00f6nter Bestseller mit ausgereifter Technik und liebevollen Details in edlem Design \u00fcbertrifft so manchen kleinen Fl\u00fcgel.<\/p>\n","protected":false},"author":4,"featured_media":2690,"parent":398,"menu_order":1,"comment_status":"closed","ping_status":"closed","template":"template-fullwidth.php","meta":{"inline_featured_image":false,"footnotes":""},"class_list":["post-789","page","type-page","status-publish","has-post-thumbnail","hentry"],"acf":[],"yoast_head":"<!-- This site is optimized with the Yoast SEO plugin v24.4 - https:\/\/yoast.com\/wordpress\/plugins\/seo\/ -->\n<title>Piano Mod. 122 \u2013 Universal - FEURICH<\/title>\n<meta name=\"robots\" content=\"index, follow, max-snippet:-1, max-image-preview:large, max-video-preview:-1\" \/>\n<link rel=\"canonical\" href=\"https:\/\/feurich.com\/de\/produkte\/classic-pianos\/piano-mod-122-universal\/\" \/>\n<meta property=\"og:locale\" content=\"de_DE\" \/>\n<meta property=\"og:type\" content=\"article\" \/>\n<meta property=\"og:title\" content=\"Piano Mod. 122 \u2013 Universal - FEURICH\" \/>\n<meta property=\"og:description\" content=\"Unser preisgekr\u00f6nter Bestseller mit ausgereifter Technik und liebevollen Details in edlem Design \u00fcbertrifft so manchen kleinen Fl\u00fcgel.\" \/>\n<meta property=\"og:url\" content=\"https:\/\/feurich.com\/de\/produkte\/classic-pianos\/piano-mod-122-universal\/\" \/>\n<meta property=\"og:site_name\" content=\"FEURICH\" \/>\n<meta property=\"article:publisher\" content=\"https:\/\/www.facebook.com\/feurichvienna\/\" \/>\n<meta property=\"article:modified_time\" content=\"2025-05-17T17:27:03+00:00\" \/>\n<meta property=\"og:image\" content=\"https:\/\/feurich.com\/wp-content\/uploads\/Mod._122_-_Universal_11white_chrome-1.png\" \/>\n\t<meta property=\"og:image:width\" content=\"256\" \/>\n\t<meta property=\"og:image:height\" content=\"213\" \/>\n\t<meta property=\"og:image:type\" content=\"image\/png\" \/>\n<meta name=\"twitter:card\" content=\"summary_large_image\" \/>\n<meta name=\"twitter:label1\" content=\"Gesch\u00e4tzte Lesezeit\" \/>\n\t<meta name=\"twitter:data1\" content=\"1\u00a0Minute\" \/>\n<script type=\"application\/ld+json\" class=\"yoast-schema-graph\">{\"@context\":\"https:\/\/schema.org\",\"@graph\":[{\"@type\":\"WebPage\",\"@id\":\"https:\/\/feurich.com\/de\/produkte\/classic-pianos\/piano-mod-122-universal\/\",\"url\":\"https:\/\/feurich.com\/de\/produkte\/classic-pianos\/piano-mod-122-universal\/\",\"name\":\"Piano Mod. 122 \u2013 Universal - FEURICH\",\"isPartOf\":{\"@id\":\"https:\/\/feurich.com\/en\/#website\"},\"primaryImageOfPage\":{\"@id\":\"https:\/\/feurich.com\/de\/produkte\/classic-pianos\/piano-mod-122-universal\/#primaryimage\"},\"image\":{\"@id\":\"https:\/\/feurich.com\/de\/produkte\/classic-pianos\/piano-mod-122-universal\/#primaryimage\"},\"thumbnailUrl\":\"https:\/\/feurich.com\/wp-content\/uploads\/Mod._122_-_Universal_11white_chrome-1.png\",\"datePublished\":\"2017-08-17T10:32:06+00:00\",\"dateModified\":\"2025-05-17T17:27:03+00:00\",\"breadcrumb\":{\"@id\":\"https:\/\/feurich.com\/de\/produkte\/classic-pianos\/piano-mod-122-universal\/#breadcrumb\"},\"inLanguage\":\"de\",\"potentialAction\":[{\"@type\":\"ReadAction\",\"target\":[\"https:\/\/feurich.com\/de\/produkte\/classic-pianos\/piano-mod-122-universal\/\"]}]},{\"@type\":\"ImageObject\",\"inLanguage\":\"de\",\"@id\":\"https:\/\/feurich.com\/de\/produkte\/classic-pianos\/piano-mod-122-universal\/#primaryimage\",\"url\":\"https:\/\/feurich.com\/wp-content\/uploads\/Mod._122_-_Universal_11white_chrome-1.png\",\"contentUrl\":\"https:\/\/feurich.com\/wp-content\/uploads\/Mod._122_-_Universal_11white_chrome-1.png\",\"width\":256,\"height\":213},{\"@type\":\"BreadcrumbList\",\"@id\":\"https:\/\/feurich.com\/de\/produkte\/classic-pianos\/piano-mod-122-universal\/#breadcrumb\",\"itemListElement\":[{\"@type\":\"ListItem\",\"position\":1,\"name\":\"Home\",\"item\":\"https:\/\/feurich.com\/de\/\"},{\"@type\":\"ListItem\",\"position\":2,\"name\":\"KLAVIERE &#038; MEHR\",\"item\":\"https:\/\/feurich.com\/de\/produkte\/\"},{\"@type\":\"ListItem\",\"position\":3,\"name\":\"Classic Pianos\",\"item\":\"https:\/\/feurich.com\/de\/produkte\/classic-pianos\/\"},{\"@type\":\"ListItem\",\"position\":4,\"name\":\"Piano Mod. 122 \u2013 Universal\"}]},{\"@type\":\"WebSite\",\"@id\":\"https:\/\/feurich.com\/en\/#website\",\"url\":\"https:\/\/feurich.com\/en\/\",\"name\":\"FEURICH\",\"description\":\"A sound that connects\",\"publisher\":{\"@id\":\"https:\/\/feurich.com\/en\/#organization\"},\"potentialAction\":[{\"@type\":\"SearchAction\",\"target\":{\"@type\":\"EntryPoint\",\"urlTemplate\":\"https:\/\/feurich.com\/en\/?s={search_term_string}\"},\"query-input\":{\"@type\":\"PropertyValueSpecification\",\"valueRequired\":true,\"valueName\":\"search_term_string\"}}],\"inLanguage\":\"de\"},{\"@type\":\"Organization\",\"@id\":\"https:\/\/feurich.com\/en\/#organization\",\"name\":\"FEURICH\",\"url\":\"https:\/\/feurich.com\/en\/\",\"logo\":{\"@type\":\"ImageObject\",\"inLanguage\":\"de\",\"@id\":\"https:\/\/feurich.com\/en\/#\/schema\/logo\/image\/\",\"url\":\"https:\/\/feurich.com\/wp-content\/uploads\/logo.png\",\"contentUrl\":\"https:\/\/feurich.com\/wp-content\/uploads\/logo.png\",\"width\":354,\"height\":151,\"caption\":\"FEURICH\"},\"image\":{\"@id\":\"https:\/\/feurich.com\/en\/#\/schema\/logo\/image\/\"},\"sameAs\":[\"https:\/\/www.facebook.com\/feurichvienna\/\"]}]}<\/script>\n<!-- \/ Yoast SEO plugin. -->","yoast_head_json":{"title":"Piano Mod. 122 \u2013 Universal - FEURICH","robots":{"index":"index","follow":"follow","max-snippet":"max-snippet:-1","max-image-preview":"max-image-preview:large","max-video-preview":"max-video-preview:-1"},"canonical":"https:\/\/feurich.com\/de\/produkte\/classic-pianos\/piano-mod-122-universal\/","og_locale":"de_DE","og_type":"article","og_title":"Piano Mod. 122 \u2013 Universal - FEURICH","og_description":"Unser preisgekr\u00f6nter Bestseller mit ausgereifter Technik und liebevollen Details in edlem Design \u00fcbertrifft so manchen kleinen Fl\u00fcgel.","og_url":"https:\/\/feurich.com\/de\/produkte\/classic-pianos\/piano-mod-122-universal\/","og_site_name":"FEURICH","article_publisher":"https:\/\/www.facebook.com\/feurichvienna\/","article_modified_time":"2025-05-17T17:27:03+00:00","og_image":[{"width":256,"height":213,"url":"https:\/\/feurich.com\/wp-content\/uploads\/Mod._122_-_Universal_11white_chrome-1.png","type":"image\/png"}],"twitter_card":"summary_large_image","twitter_misc":{"Gesch\u00e4tzte Lesezeit":"1\u00a0Minute"},"schema":{"@context":"https:\/\/schema.org","@graph":[{"@type":"WebPage","@id":"https:\/\/feurich.com\/de\/produkte\/classic-pianos\/piano-mod-122-universal\/","url":"https:\/\/feurich.com\/de\/produkte\/classic-pianos\/piano-mod-122-universal\/","name":"Piano Mod. 122 \u2013 Universal - FEURICH","isPartOf":{"@id":"https:\/\/feurich.com\/en\/#website"},"primaryImageOfPage":{"@id":"https:\/\/feurich.com\/de\/produkte\/classic-pianos\/piano-mod-122-universal\/#primaryimage"},"image":{"@id":"https:\/\/feurich.com\/de\/produkte\/classic-pianos\/piano-mod-122-universal\/#primaryimage"},"thumbnailUrl":"https:\/\/feurich.com\/wp-content\/uploads\/Mod._122_-_Universal_11white_chrome-1.png","datePublished":"2017-08-17T10:32:06+00:00","dateModified":"2025-05-17T17:27:03+00:00","breadcrumb":{"@id":"https:\/\/feurich.com\/de\/produkte\/classic-pianos\/piano-mod-122-universal\/#breadcrumb"},"inLanguage":"de","potentialAction":[{"@type":"ReadAction","target":["https:\/\/feurich.com\/de\/produkte\/classic-pianos\/piano-mod-122-universal\/"]}]},{"@type":"ImageObject","inLanguage":"de","@id":"https:\/\/feurich.com\/de\/produkte\/classic-pianos\/piano-mod-122-universal\/#primaryimage","url":"https:\/\/feurich.com\/wp-content\/uploads\/Mod._122_-_Universal_11white_chrome-1.png","contentUrl":"https:\/\/feurich.com\/wp-content\/uploads\/Mod._122_-_Universal_11white_chrome-1.png","width":256,"height":213},{"@type":"BreadcrumbList","@id":"https:\/\/feurich.com\/de\/produkte\/classic-pianos\/piano-mod-122-universal\/#breadcrumb","itemListElement":[{"@type":"ListItem","position":1,"name":"Home","item":"https:\/\/feurich.com\/de\/"},{"@type":"ListItem","position":2,"name":"KLAVIERE &#038; MEHR","item":"https:\/\/feurich.com\/de\/produkte\/"},{"@type":"ListItem","position":3,"name":"Classic Pianos","item":"https:\/\/feurich.com\/de\/produkte\/classic-pianos\/"},{"@type":"ListItem","position":4,"name":"Piano Mod. 122 \u2013 Universal"}]},{"@type":"WebSite","@id":"https:\/\/feurich.com\/en\/#website","url":"https:\/\/feurich.com\/en\/","name":"FEURICH","description":"A sound that connects","publisher":{"@id":"https:\/\/feurich.com\/en\/#organization"},"potentialAction":[{"@type":"SearchAction","target":{"@type":"EntryPoint","urlTemplate":"https:\/\/feurich.com\/en\/?s={search_term_string}"},"query-input":{"@type":"PropertyValueSpecification","valueRequired":true,"valueName":"search_term_string"}}],"inLanguage":"de"},{"@type":"Organization","@id":"https:\/\/feurich.com\/en\/#organization","name":"FEURICH","url":"https:\/\/feurich.com\/en\/","logo":{"@type":"ImageObject","inLanguage":"de","@id":"https:\/\/feurich.com\/en\/#\/schema\/logo\/image\/","url":"https:\/\/feurich.com\/wp-content\/uploads\/logo.png","contentUrl":"https:\/\/feurich.com\/wp-content\/uploads\/logo.png","width":354,"height":151,"caption":"FEURICH"},"image":{"@id":"https:\/\/feurich.com\/en\/#\/schema\/logo\/image\/"},"sameAs":["https:\/\/www.facebook.com\/feurichvienna\/"]}]}},"_links":{"self":[{"href":"https:\/\/feurich.com\/de\/wp-json\/wp\/v2\/pages\/789","targetHints":{"allow":["GET"]}}],"collection":[{"href":"https:\/\/feurich.com\/de\/wp-json\/wp\/v2\/pages"}],"about":[{"href":"https:\/\/feurich.com\/de\/wp-json\/wp\/v2\/types\/page"}],"author":[{"embeddable":true,"href":"https:\/\/feurich.com\/de\/wp-json\/wp\/v2\/users\/4"}],"replies":[{"embeddable":true,"href":"https:\/\/feurich.com\/de\/wp-json\/wp\/v2\/comments?post=789"}],"version-history":[{"count":57,"href":"https:\/\/feurich.com\/de\/wp-json\/wp\/v2\/pages\/789\/revisions"}],"predecessor-version":[{"id":84953,"href":"https:\/\/feurich.com\/de\/wp-json\/wp\/v2\/pages\/789\/revisions\/84953"}],"up":[{"embeddable":true,"href":"https:\/\/feurich.com\/de\/wp-json\/wp\/v2\/pages\/398"}],"wp:featuredmedia":[{"embeddable":true,"href":"https:\/\/feurich.com\/de\/wp-json\/wp\/v2\/media\/2690"}],"wp:attachment":[{"href":"https:\/\/feurich.com\/de\/wp-json\/wp\/v2\/media?parent=789"}],"curies":[{"name":"wp","href":"https:\/\/api.w.org\/{rel}","templated":true}]}}