{"id":743,"date":"2017-08-17T08:37:16","date_gmt":"2017-08-17T08:37:16","guid":{"rendered":"\/?page_id=743"},"modified":"2021-02-26T12:43:07","modified_gmt":"2021-02-26T12:43:07","slug":"impressum","status":"publish","type":"page","link":"https:\/\/feurich.com\/de\/impressum\/","title":{"rendered":"Impressum"},"content":{"rendered":"<div class=\"wpb-content-wrapper\"><p>[vc_row][vc_column][vc_column_text]<\/p>\n<h1>Impressum<\/h1>\n<p>[\/vc_column_text][vc_empty_space][vc_column_text]FEURICH PIANOFORTE GmbH<br \/>\nKaiserstra\u00dfe 10, 1070 Wien, Austria<\/p>\n<p>Tel.:\u00a0\u00a0\u00a0\u00a0 +43 1 5233788<br \/>\nE-Mail: office\u00a0 \u00a0[ a t ] feurich .\u00a0 c o m<\/p>\n<p>Klavierbau und Klaviervertrieb<\/p>\n<p>UID Nummer:\u00a0\u00a0\u00a0\u00a0\u00a0\u00a0\u00a0\u00a0\u00a0\u00a0\u00a0 \u00a0\u00a0\u00a0\u00a0\u00a0 ATU45133902<br \/>\nFirmenbuchnummer:\u00a0\u00a0\u00a0\u00a0 FN171688h<\/p>\n<p>Firmenbuchgericht: \u00a0\u00a0\u00a0\u00a0\u00a0\u00a0 Firmenbuchgericht Wien<br \/>\nGerichtsstand:\u00a0\u00a0\u00a0\u00a0\u00a0\u00a0\u00a0\u00a0\u00a0\u00a0\u00a0\u00a0\u00a0\u00a0\u00a0\u00a0 Wien, \u00d6sterreich<\/p>\n<p>Mitglied bei:\u00a0\u00a0\u00a0\u00a0\u00a0\u00a0\u00a0\u00a0\u00a0\u00a0\u00a0 \u00a0\u00a0\u00a0\u00a0\u00a0\u00a0\u00a0\u00a0\u00a0\u00a0\u00a0 \u00a0\u00a0\u00a0\u00a0\u00a0\u00a0\u00a0\u00a0\u00a0\u00a0\u00a0 \u00a0\u00a0\u00a0\u00a0\u00a0\u00a0\u00a0\u00a0\u00a0\u00a0\u00a0 WKO (Wirtschaftskammer \u00d6sterreich)<br \/>\nWKO-Mitgliedsnummer (Fachgruppe<br \/>\nMusikinstrumentenerzeuger):\u00a0\u00a0\u00a0\u00a0\u00a0\u00a0\u00a0\u00a0\u00a0\u00a0\u00a0\u00a0\u00a0\u00a0\u00a0\u00a0 0648132<br \/>\nBerufsrecht:\u00a0\u00a0\u00a0\u00a0\u00a0\u00a0\u00a0\u00a0\u00a0\u00a0\u00a0 \u00a0\u00a0\u00a0\u00a0\u00a0\u00a0\u00a0\u00a0\u00a0\u00a0\u00a0 \u00a0\u00a0\u00a0\u00a0\u00a0\u00a0\u00a0\u00a0\u00a0\u00a0\u00a0 \u00a0\u00a0\u00a0\u00a0\u00a0\u00a0\u00a0\u00a0\u00a0\u00a0\u00a0 Gewerbeordnung <a href=\"http:\/\/www.ris.bka.gv.at\" target=\"_blank\" rel=\"noopener\">www.ris.bka.gv.at<\/a><br \/>\nAufsichtsbeh\u00f6rde\/Gewerbebeh\u00f6rde:\u00a0\u00a0\u00a0\u00a0 MA36 Gewerbewesen und rechtl. Angelegenheiten<\/p>\n<p>Angaben zur Online Streitbeilegung:<br \/>\nVerbraucher haben die M\u00f6glichkeit, Beschwerden an die Online-Streitbeilegungsplattform der EU zu richten: <a href=\"http:\/\/ec.europa.eu\/odr\" target=\"_blank\" rel=\"noopener\">http:\/\/ec.europa.eu\/odr<\/a>. Sie k\u00f6nnen allf\u00e4llige Beschwerde auch an die oben angegebene E-Mail-Adresse richten.<\/p>\n<p>&nbsp;<\/p>\n<p><b>Informationen f\u00fcr Website-BesucherInnen:<\/b><\/p>\n<p>Haftung \u00fcber Inhalt und Verlinkungen:<br \/>\nF\u00fcr Verlinkungen, die auf unserer Website www.feurich.com angeboten werden, \u00fcbernehmen wir keine Haftung f\u00fcr deren Inhalt, deren Funktionalit\u00e4t und deren technische Verf\u00fcgbarkeit. Dies gilt auch bei allen anderen direkten oder indirekten Verweisen oder Verlinkungen auf fremde Internetangebote.<\/p>\n<p>Verlinkung auf www.feurich.com:<br \/>\nDie Verlinkung auf die Website www.feurich.com und ihre Subseiten ist bis auf Widerruf gestattet, sofern die Inhalte dieser Website nicht gegen g\u00fcltiges Recht und\/oder die guten Sitten versto\u00dfen.<\/p>\n<p>Die Nutzung der Website von www.feurich.com:<br \/>\nDie Nutzung erfolgt auf eigene Gefahr und Risiko. Wir k\u00f6nnen auch keine Gew\u00e4hr auf st\u00e4ndige Verf\u00fcgbarkeit geben. Wir \u00fcbernehmen auch f\u00fcr die ver\u00f6ffentlichten Beitr\u00e4ge, Angebote, Dienstleistungen und Services keine Gew\u00e4hr auf Richtigkeit, Vollst\u00e4ndigkeit und Funktionalit\u00e4t. Die Betreibung und Pflege unserer Website www.feurich.com dient ausschlie\u00dflich der Darstellung und Informationsvermittlung \u00fcber das Gesch\u00e4ftsfeld von FEURICH.[\/vc_column_text][\/vc_column][\/vc_row]<\/p>\n<\/div>","protected":false},"excerpt":{"rendered":"<p>[vc_row][vc_column][vc_column_text] Impressum [\/vc_column_text][vc_empty_space][vc_column_text]FEURICH PIANOFORTE GmbH Kaiserstra\u00dfe 10, 1070 Wien, Austria Tel.:\u00a0\u00a0\u00a0\u00a0 +43 1 5233788 E-Mail: office\u00a0 \u00a0[ a t ] feurich .\u00a0 c o m Klavierbau und Klaviervertrieb UID Nummer:\u00a0\u00a0\u00a0\u00a0\u00a0\u00a0\u00a0\u00a0\u00a0\u00a0\u00a0 &#8230;<\/p>\n","protected":false},"author":4,"featured_media":0,"parent":0,"menu_order":0,"comment_status":"closed","ping_status":"closed","template":"","meta":{"inline_featured_image":false,"footnotes":""},"class_list":["post-743","page","type-page","status-publish","hentry"],"acf":[],"yoast_head":"<!-- This site is optimized with the Yoast SEO plugin v24.4 - https:\/\/yoast.com\/wordpress\/plugins\/seo\/ -->\n<title>Impressum - FEURICH<\/title>\n<meta name=\"robots\" content=\"index, follow, max-snippet:-1, max-image-preview:large, max-video-preview:-1\" \/>\n<link rel=\"canonical\" href=\"https:\/\/feurich.com\/de\/impressum\/\" \/>\n<meta property=\"og:locale\" content=\"de_DE\" \/>\n<meta property=\"og:type\" content=\"article\" \/>\n<meta property=\"og:title\" content=\"Impressum - FEURICH\" \/>\n<meta property=\"og:description\" content=\"[vc_row][vc_column][vc_column_text] Impressum [\/vc_column_text][vc_empty_space][vc_column_text]FEURICH PIANOFORTE GmbH Kaiserstra\u00dfe 10, 1070 Wien, Austria Tel.:\u00a0\u00a0\u00a0\u00a0 +43 1 5233788 E-Mail: office\u00a0 \u00a0[ a t ] feurich .\u00a0 c o m Klavierbau und Klaviervertrieb UID Nummer:\u00a0\u00a0\u00a0\u00a0\u00a0\u00a0\u00a0\u00a0\u00a0\u00a0\u00a0 ...\" \/>\n<meta property=\"og:url\" content=\"https:\/\/feurich.com\/de\/impressum\/\" \/>\n<meta property=\"og:site_name\" content=\"FEURICH\" \/>\n<meta property=\"article:publisher\" content=\"https:\/\/www.facebook.com\/feurichvienna\/\" \/>\n<meta property=\"article:modified_time\" content=\"2021-02-26T12:43:07+00:00\" \/>\n<meta name=\"twitter:card\" content=\"summary_large_image\" \/>\n<meta name=\"twitter:label1\" content=\"Gesch\u00e4tzte Lesezeit\" \/>\n\t<meta name=\"twitter:data1\" content=\"1\u00a0Minute\" \/>\n<script type=\"application\/ld+json\" class=\"yoast-schema-graph\">{\"@context\":\"https:\/\/schema.org\",\"@graph\":[{\"@type\":\"WebPage\",\"@id\":\"https:\/\/feurich.com\/de\/impressum\/\",\"url\":\"https:\/\/feurich.com\/de\/impressum\/\",\"name\":\"Impressum - FEURICH\",\"isPartOf\":{\"@id\":\"https:\/\/feurich.com\/en\/#website\"},\"datePublished\":\"2017-08-17T08:37:16+00:00\",\"dateModified\":\"2021-02-26T12:43:07+00:00\",\"breadcrumb\":{\"@id\":\"https:\/\/feurich.com\/de\/impressum\/#breadcrumb\"},\"inLanguage\":\"de\",\"potentialAction\":[{\"@type\":\"ReadAction\",\"target\":[\"https:\/\/feurich.com\/de\/impressum\/\"]}]},{\"@type\":\"BreadcrumbList\",\"@id\":\"https:\/\/feurich.com\/de\/impressum\/#breadcrumb\",\"itemListElement\":[{\"@type\":\"ListItem\",\"position\":1,\"name\":\"Home\",\"item\":\"https:\/\/feurich.com\/de\/\"},{\"@type\":\"ListItem\",\"position\":2,\"name\":\"Impressum\"}]},{\"@type\":\"WebSite\",\"@id\":\"https:\/\/feurich.com\/en\/#website\",\"url\":\"https:\/\/feurich.com\/en\/\",\"name\":\"FEURICH\",\"description\":\"A sound that connects\",\"publisher\":{\"@id\":\"https:\/\/feurich.com\/en\/#organization\"},\"potentialAction\":[{\"@type\":\"SearchAction\",\"target\":{\"@type\":\"EntryPoint\",\"urlTemplate\":\"https:\/\/feurich.com\/en\/?s={search_term_string}\"},\"query-input\":{\"@type\":\"PropertyValueSpecification\",\"valueRequired\":true,\"valueName\":\"search_term_string\"}}],\"inLanguage\":\"de\"},{\"@type\":\"Organization\",\"@id\":\"https:\/\/feurich.com\/en\/#organization\",\"name\":\"FEURICH\",\"url\":\"https:\/\/feurich.com\/en\/\",\"logo\":{\"@type\":\"ImageObject\",\"inLanguage\":\"de\",\"@id\":\"https:\/\/feurich.com\/en\/#\/schema\/logo\/image\/\",\"url\":\"https:\/\/feurich.com\/wp-content\/uploads\/logo.png\",\"contentUrl\":\"https:\/\/feurich.com\/wp-content\/uploads\/logo.png\",\"width\":354,\"height\":151,\"caption\":\"FEURICH\"},\"image\":{\"@id\":\"https:\/\/feurich.com\/en\/#\/schema\/logo\/image\/\"},\"sameAs\":[\"https:\/\/www.facebook.com\/feurichvienna\/\"]}]}<\/script>\n<!-- \/ Yoast SEO plugin. -->","yoast_head_json":{"title":"Impressum - FEURICH","robots":{"index":"index","follow":"follow","max-snippet":"max-snippet:-1","max-image-preview":"max-image-preview:large","max-video-preview":"max-video-preview:-1"},"canonical":"https:\/\/feurich.com\/de\/impressum\/","og_locale":"de_DE","og_type":"article","og_title":"Impressum - FEURICH","og_description":"[vc_row][vc_column][vc_column_text] Impressum [\/vc_column_text][vc_empty_space][vc_column_text]FEURICH PIANOFORTE GmbH Kaiserstra\u00dfe 10, 1070 Wien, Austria Tel.:\u00a0\u00a0\u00a0\u00a0 +43 1 5233788 E-Mail: office\u00a0 \u00a0[ a t ] feurich .\u00a0 c o m Klavierbau und Klaviervertrieb UID Nummer:\u00a0\u00a0\u00a0\u00a0\u00a0\u00a0\u00a0\u00a0\u00a0\u00a0\u00a0 ...","og_url":"https:\/\/feurich.com\/de\/impressum\/","og_site_name":"FEURICH","article_publisher":"https:\/\/www.facebook.com\/feurichvienna\/","article_modified_time":"2021-02-26T12:43:07+00:00","twitter_card":"summary_large_image","twitter_misc":{"Gesch\u00e4tzte Lesezeit":"1\u00a0Minute"},"schema":{"@context":"https:\/\/schema.org","@graph":[{"@type":"WebPage","@id":"https:\/\/feurich.com\/de\/impressum\/","url":"https:\/\/feurich.com\/de\/impressum\/","name":"Impressum - FEURICH","isPartOf":{"@id":"https:\/\/feurich.com\/en\/#website"},"datePublished":"2017-08-17T08:37:16+00:00","dateModified":"2021-02-26T12:43:07+00:00","breadcrumb":{"@id":"https:\/\/feurich.com\/de\/impressum\/#breadcrumb"},"inLanguage":"de","potentialAction":[{"@type":"ReadAction","target":["https:\/\/feurich.com\/de\/impressum\/"]}]},{"@type":"BreadcrumbList","@id":"https:\/\/feurich.com\/de\/impressum\/#breadcrumb","itemListElement":[{"@type":"ListItem","position":1,"name":"Home","item":"https:\/\/feurich.com\/de\/"},{"@type":"ListItem","position":2,"name":"Impressum"}]},{"@type":"WebSite","@id":"https:\/\/feurich.com\/en\/#website","url":"https:\/\/feurich.com\/en\/","name":"FEURICH","description":"A sound that connects","publisher":{"@id":"https:\/\/feurich.com\/en\/#organization"},"potentialAction":[{"@type":"SearchAction","target":{"@type":"EntryPoint","urlTemplate":"https:\/\/feurich.com\/en\/?s={search_term_string}"},"query-input":{"@type":"PropertyValueSpecification","valueRequired":true,"valueName":"search_term_string"}}],"inLanguage":"de"},{"@type":"Organization","@id":"https:\/\/feurich.com\/en\/#organization","name":"FEURICH","url":"https:\/\/feurich.com\/en\/","logo":{"@type":"ImageObject","inLanguage":"de","@id":"https:\/\/feurich.com\/en\/#\/schema\/logo\/image\/","url":"https:\/\/feurich.com\/wp-content\/uploads\/logo.png","contentUrl":"https:\/\/feurich.com\/wp-content\/uploads\/logo.png","width":354,"height":151,"caption":"FEURICH"},"image":{"@id":"https:\/\/feurich.com\/en\/#\/schema\/logo\/image\/"},"sameAs":["https:\/\/www.facebook.com\/feurichvienna\/"]}]}},"_links":{"self":[{"href":"https:\/\/feurich.com\/de\/wp-json\/wp\/v2\/pages\/743","targetHints":{"allow":["GET"]}}],"collection":[{"href":"https:\/\/feurich.com\/de\/wp-json\/wp\/v2\/pages"}],"about":[{"href":"https:\/\/feurich.com\/de\/wp-json\/wp\/v2\/types\/page"}],"author":[{"embeddable":true,"href":"https:\/\/feurich.com\/de\/wp-json\/wp\/v2\/users\/4"}],"replies":[{"embeddable":true,"href":"https:\/\/feurich.com\/de\/wp-json\/wp\/v2\/comments?post=743"}],"version-history":[{"count":12,"href":"https:\/\/feurich.com\/de\/wp-json\/wp\/v2\/pages\/743\/revisions"}],"predecessor-version":[{"id":49792,"href":"https:\/\/feurich.com\/de\/wp-json\/wp\/v2\/pages\/743\/revisions\/49792"}],"wp:attachment":[{"href":"https:\/\/feurich.com\/de\/wp-json\/wp\/v2\/media?parent=743"}],"curies":[{"name":"wp","href":"https:\/\/api.w.org\/{rel}","templated":true}]}}