{"id":72385,"date":"2023-11-21T22:49:51","date_gmt":"2023-11-21T22:49:51","guid":{"rendered":"https:\/\/feurich.com\/upgrade-guarantee\/"},"modified":"2025-10-01T07:43:41","modified_gmt":"2025-10-01T07:43:41","slug":"upgrade","status":"publish","type":"page","link":"https:\/\/feurich.com\/de\/produkte\/olya\/upgrade\/","title":{"rendered":"UPGRADE-GARANTIE"},"content":{"rendered":"<div class=\"wpb-content-wrapper\"><p>[vc_row css=&#8220;.vc_custom_1698844716201{padding-right: 15px !important;padding-left: 15px !important;}&#8220;][vc_column css=&#8220;.vc_custom_1759256792287{margin-top: 50px !important;background-image: url(https:\/\/feurich.com\/wp-content\/uploads\/6_Olya-Webpage-Header-Unterseiten-1200x400px-3.jpg?id=72524) !important;background-position: center !important;background-repeat: no-repeat !important;background-size: cover !important;}&#8220;][vc_row_inner][vc_column_inner css=&#8220;.vc_custom_1699527897862{background-position: center !important;background-repeat: no-repeat !important;background-size: cover !important;}&#8220;][vc_empty_space height=&#8220;160px&#8220; css=&#8220;.vc_custom_1759256710109{margin-right: 15px !important;margin-left: 15px !important;}&#8220;][vc_column_text css=&#8220;&#8220;]<\/p>\n<h2 style=\"text-align: center;\"><span style=\"color: #ffffff;\">UPGRADE GARANTIE<\/span><\/h2>\n<p>[\/vc_column_text][vc_empty_space height=&#8220;80px&#8220;][\/vc_column_inner][\/vc_row_inner][\/vc_column][\/vc_row][vc_row][vc_column width=&#8220;1\/4&#8243;][\/vc_column][vc_column width=&#8220;1\/2&#8243; css=&#8220;.vc_custom_1701788353391{margin-top: 50px !important;}&#8220;][vc_column_text css=&#8220;&#8220;]<\/p>\n<p style=\"text-align: center;\"><strong>WAS IST DIE UPGRADE-GARANTIE UND<\/strong><br \/>\n<strong>WIE KANN ICH SIE IN ANSPRUCH NEHMEN?<\/strong><\/p>\n<p style=\"text-align: center;\">Wenn Sie ein <strong>FEURICH OLYA Digitalpiano<\/strong> besitzen, k\u00f6nnen Sie es innerhalb von 2 Jahren nach dem Kauf auf ein akustisches<strong> FEURICH Klavier<\/strong> upgraden.<br \/>\nDabei rechnen wir Ihnen in Zusammenarbeit mit unserem regionalen FEURICH Partner <strong>100 % des Kaufpreises <\/strong>Ihres OLYA an.<\/p>\n<p style=\"text-align: center;\">F\u00fcllen Sie einfach das Formular aus und erhalten Sie Ihr pers\u00f6nliches Angebot f\u00fcr das gew\u00fcnschte FEURICH-Klavier \u2013 inklusive <strong>Lieferung<\/strong> und einer <strong>kostenlosen Stimmung <\/strong>nach der Auslieferung.<\/p>\n<p>[\/vc_column_text][\/vc_column][vc_column width=&#8220;1\/4&#8243;][\/vc_column][\/vc_row][vc_row][vc_column css=&#8220;.vc_custom_1701788358280{margin-bottom: 50px !important;}&#8220;][vc_column_text]<\/p>\n<div>\n<div><h3 class=\"text-center\">Sie m\u00fcssen <a class=\"orange-link\" href=\"https:\/\/feurich.com\/de\/customer-login\/\">angemeldet sein<\/a>, um eine Upgrade-Anfrage einzureichen.<\/h3><\/div>\n<\/div>\n<p>[\/vc_column_text][\/vc_column][\/vc_row]<\/p>\n<\/div>","protected":false},"excerpt":{"rendered":"<p>[vc_row css=&#8220;.vc_custom_1698844716201{padding-right: 15px !important;padding-left: 15px !important;}&#8220;][vc_column css=&#8220;.vc_custom_1759256792287{margin-top: 50px !important;background-image: url(https:\/\/feurich.com\/wp-content\/uploads\/6_Olya-Webpage-Header-Unterseiten-1200x400px-3.jpg?id=72524) !important;background-position: center !important;background-repeat: no-repeat !important;background-size: cover !important;}&#8220;][vc_row_inner][vc_column_inner css=&#8220;.vc_custom_1699527897862{background-position: center !important;background-repeat: no-repeat !important;background-size: cover !important;}&#8220;][vc_empty_space height=&#8220;160px&#8220; css=&#8220;.vc_custom_1759256710109{margin-right: 15px !important;margin-left: 15px !important;}&#8220;][vc_column_text &#8230;<\/p>\n","protected":false},"author":41,"featured_media":0,"parent":72392,"menu_order":0,"comment_status":"closed","ping_status":"closed","template":"","meta":{"inline_featured_image":false,"footnotes":""},"class_list":["post-72385","page","type-page","status-publish","hentry"],"acf":[],"yoast_head":"<!-- This site is optimized with the Yoast SEO plugin v24.4 - https:\/\/yoast.com\/wordpress\/plugins\/seo\/ -->\n<title>UPGRADE-GARANTIE - FEURICH<\/title>\n<meta name=\"robots\" content=\"index, follow, max-snippet:-1, max-image-preview:large, max-video-preview:-1\" \/>\n<link rel=\"canonical\" href=\"https:\/\/feurich.com\/de\/produkte\/olya\/upgrade\/\" \/>\n<meta property=\"og:locale\" content=\"de_DE\" \/>\n<meta property=\"og:type\" content=\"article\" \/>\n<meta property=\"og:title\" content=\"UPGRADE-GARANTIE - FEURICH\" \/>\n<meta property=\"og:description\" content=\"[vc_row css=&#8220;.vc_custom_1698844716201{padding-right: 15px !important;padding-left: 15px !important;}&#8220;][vc_column css=&#8220;.vc_custom_1759256792287{margin-top: 50px !important;background-image: url(https:\/\/feurich.com\/wp-content\/uploads\/6_Olya-Webpage-Header-Unterseiten-1200x400px-3.jpg?id=72524) !important;background-position: center !important;background-repeat: no-repeat !important;background-size: cover !important;}&#8220;][vc_row_inner][vc_column_inner css=&#8220;.vc_custom_1699527897862{background-position: center !important;background-repeat: no-repeat !important;background-size: cover !important;}&#8220;][vc_empty_space height=&#8220;160px&#8220; css=&#8220;.vc_custom_1759256710109{margin-right: 15px !important;margin-left: 15px !important;}&#8220;][vc_column_text ...\" \/>\n<meta property=\"og:url\" content=\"https:\/\/feurich.com\/de\/produkte\/olya\/upgrade\/\" \/>\n<meta property=\"og:site_name\" content=\"FEURICH\" \/>\n<meta property=\"article:publisher\" content=\"https:\/\/www.facebook.com\/feurichvienna\/\" \/>\n<meta property=\"article:modified_time\" content=\"2025-10-01T07:43:41+00:00\" \/>\n<meta name=\"twitter:card\" content=\"summary_large_image\" \/>\n<meta name=\"twitter:label1\" content=\"Gesch\u00e4tzte Lesezeit\" \/>\n\t<meta name=\"twitter:data1\" content=\"1\u00a0Minute\" \/>\n<script type=\"application\/ld+json\" class=\"yoast-schema-graph\">{\"@context\":\"https:\/\/schema.org\",\"@graph\":[{\"@type\":\"WebPage\",\"@id\":\"https:\/\/feurich.com\/de\/produkte\/olya\/upgrade\/\",\"url\":\"https:\/\/feurich.com\/de\/produkte\/olya\/upgrade\/\",\"name\":\"UPGRADE-GARANTIE - FEURICH\",\"isPartOf\":{\"@id\":\"https:\/\/feurich.com\/en\/#website\"},\"datePublished\":\"2023-11-21T22:49:51+00:00\",\"dateModified\":\"2025-10-01T07:43:41+00:00\",\"breadcrumb\":{\"@id\":\"https:\/\/feurich.com\/de\/produkte\/olya\/upgrade\/#breadcrumb\"},\"inLanguage\":\"de\",\"potentialAction\":[{\"@type\":\"ReadAction\",\"target\":[\"https:\/\/feurich.com\/de\/produkte\/olya\/upgrade\/\"]}]},{\"@type\":\"BreadcrumbList\",\"@id\":\"https:\/\/feurich.com\/de\/produkte\/olya\/upgrade\/#breadcrumb\",\"itemListElement\":[{\"@type\":\"ListItem\",\"position\":1,\"name\":\"Home\",\"item\":\"https:\/\/feurich.com\/de\/\"},{\"@type\":\"ListItem\",\"position\":2,\"name\":\"KLAVIERE &#038; MEHR\",\"item\":\"https:\/\/feurich.com\/de\/produkte\/\"},{\"@type\":\"ListItem\",\"position\":3,\"name\":\"OLYA EVO E-PIANO\",\"item\":\"https:\/\/feurich.com\/de\/produkte\/olya\/\"},{\"@type\":\"ListItem\",\"position\":4,\"name\":\"UPGRADE-GARANTIE\"}]},{\"@type\":\"WebSite\",\"@id\":\"https:\/\/feurich.com\/en\/#website\",\"url\":\"https:\/\/feurich.com\/en\/\",\"name\":\"FEURICH\",\"description\":\"A sound that connects\",\"publisher\":{\"@id\":\"https:\/\/feurich.com\/en\/#organization\"},\"potentialAction\":[{\"@type\":\"SearchAction\",\"target\":{\"@type\":\"EntryPoint\",\"urlTemplate\":\"https:\/\/feurich.com\/en\/?s={search_term_string}\"},\"query-input\":{\"@type\":\"PropertyValueSpecification\",\"valueRequired\":true,\"valueName\":\"search_term_string\"}}],\"inLanguage\":\"de\"},{\"@type\":\"Organization\",\"@id\":\"https:\/\/feurich.com\/en\/#organization\",\"name\":\"FEURICH\",\"url\":\"https:\/\/feurich.com\/en\/\",\"logo\":{\"@type\":\"ImageObject\",\"inLanguage\":\"de\",\"@id\":\"https:\/\/feurich.com\/en\/#\/schema\/logo\/image\/\",\"url\":\"https:\/\/feurich.com\/wp-content\/uploads\/logo.png\",\"contentUrl\":\"https:\/\/feurich.com\/wp-content\/uploads\/logo.png\",\"width\":354,\"height\":151,\"caption\":\"FEURICH\"},\"image\":{\"@id\":\"https:\/\/feurich.com\/en\/#\/schema\/logo\/image\/\"},\"sameAs\":[\"https:\/\/www.facebook.com\/feurichvienna\/\"]}]}<\/script>\n<!-- \/ Yoast SEO plugin. -->","yoast_head_json":{"title":"UPGRADE-GARANTIE - FEURICH","robots":{"index":"index","follow":"follow","max-snippet":"max-snippet:-1","max-image-preview":"max-image-preview:large","max-video-preview":"max-video-preview:-1"},"canonical":"https:\/\/feurich.com\/de\/produkte\/olya\/upgrade\/","og_locale":"de_DE","og_type":"article","og_title":"UPGRADE-GARANTIE - FEURICH","og_description":"[vc_row css=&#8220;.vc_custom_1698844716201{padding-right: 15px !important;padding-left: 15px !important;}&#8220;][vc_column css=&#8220;.vc_custom_1759256792287{margin-top: 50px !important;background-image: url(https:\/\/feurich.com\/wp-content\/uploads\/6_Olya-Webpage-Header-Unterseiten-1200x400px-3.jpg?id=72524) !important;background-position: center !important;background-repeat: no-repeat !important;background-size: cover !important;}&#8220;][vc_row_inner][vc_column_inner css=&#8220;.vc_custom_1699527897862{background-position: center !important;background-repeat: no-repeat !important;background-size: cover !important;}&#8220;][vc_empty_space height=&#8220;160px&#8220; css=&#8220;.vc_custom_1759256710109{margin-right: 15px !important;margin-left: 15px !important;}&#8220;][vc_column_text ...","og_url":"https:\/\/feurich.com\/de\/produkte\/olya\/upgrade\/","og_site_name":"FEURICH","article_publisher":"https:\/\/www.facebook.com\/feurichvienna\/","article_modified_time":"2025-10-01T07:43:41+00:00","twitter_card":"summary_large_image","twitter_misc":{"Gesch\u00e4tzte Lesezeit":"1\u00a0Minute"},"schema":{"@context":"https:\/\/schema.org","@graph":[{"@type":"WebPage","@id":"https:\/\/feurich.com\/de\/produkte\/olya\/upgrade\/","url":"https:\/\/feurich.com\/de\/produkte\/olya\/upgrade\/","name":"UPGRADE-GARANTIE - FEURICH","isPartOf":{"@id":"https:\/\/feurich.com\/en\/#website"},"datePublished":"2023-11-21T22:49:51+00:00","dateModified":"2025-10-01T07:43:41+00:00","breadcrumb":{"@id":"https:\/\/feurich.com\/de\/produkte\/olya\/upgrade\/#breadcrumb"},"inLanguage":"de","potentialAction":[{"@type":"ReadAction","target":["https:\/\/feurich.com\/de\/produkte\/olya\/upgrade\/"]}]},{"@type":"BreadcrumbList","@id":"https:\/\/feurich.com\/de\/produkte\/olya\/upgrade\/#breadcrumb","itemListElement":[{"@type":"ListItem","position":1,"name":"Home","item":"https:\/\/feurich.com\/de\/"},{"@type":"ListItem","position":2,"name":"KLAVIERE &#038; MEHR","item":"https:\/\/feurich.com\/de\/produkte\/"},{"@type":"ListItem","position":3,"name":"OLYA EVO E-PIANO","item":"https:\/\/feurich.com\/de\/produkte\/olya\/"},{"@type":"ListItem","position":4,"name":"UPGRADE-GARANTIE"}]},{"@type":"WebSite","@id":"https:\/\/feurich.com\/en\/#website","url":"https:\/\/feurich.com\/en\/","name":"FEURICH","description":"A sound that connects","publisher":{"@id":"https:\/\/feurich.com\/en\/#organization"},"potentialAction":[{"@type":"SearchAction","target":{"@type":"EntryPoint","urlTemplate":"https:\/\/feurich.com\/en\/?s={search_term_string}"},"query-input":{"@type":"PropertyValueSpecification","valueRequired":true,"valueName":"search_term_string"}}],"inLanguage":"de"},{"@type":"Organization","@id":"https:\/\/feurich.com\/en\/#organization","name":"FEURICH","url":"https:\/\/feurich.com\/en\/","logo":{"@type":"ImageObject","inLanguage":"de","@id":"https:\/\/feurich.com\/en\/#\/schema\/logo\/image\/","url":"https:\/\/feurich.com\/wp-content\/uploads\/logo.png","contentUrl":"https:\/\/feurich.com\/wp-content\/uploads\/logo.png","width":354,"height":151,"caption":"FEURICH"},"image":{"@id":"https:\/\/feurich.com\/en\/#\/schema\/logo\/image\/"},"sameAs":["https:\/\/www.facebook.com\/feurichvienna\/"]}]}},"_links":{"self":[{"href":"https:\/\/feurich.com\/de\/wp-json\/wp\/v2\/pages\/72385","targetHints":{"allow":["GET"]}}],"collection":[{"href":"https:\/\/feurich.com\/de\/wp-json\/wp\/v2\/pages"}],"about":[{"href":"https:\/\/feurich.com\/de\/wp-json\/wp\/v2\/types\/page"}],"author":[{"embeddable":true,"href":"https:\/\/feurich.com\/de\/wp-json\/wp\/v2\/users\/41"}],"replies":[{"embeddable":true,"href":"https:\/\/feurich.com\/de\/wp-json\/wp\/v2\/comments?post=72385"}],"version-history":[{"count":31,"href":"https:\/\/feurich.com\/de\/wp-json\/wp\/v2\/pages\/72385\/revisions"}],"predecessor-version":[{"id":88040,"href":"https:\/\/feurich.com\/de\/wp-json\/wp\/v2\/pages\/72385\/revisions\/88040"}],"up":[{"embeddable":true,"href":"https:\/\/feurich.com\/de\/wp-json\/wp\/v2\/pages\/72392"}],"wp:attachment":[{"href":"https:\/\/feurich.com\/de\/wp-json\/wp\/v2\/media?parent=72385"}],"curies":[{"name":"wp","href":"https:\/\/api.w.org\/{rel}","templated":true}]}}