{"id":60078,"date":"2018-07-13T18:00:17","date_gmt":"2018-07-13T18:00:17","guid":{"rendered":"http:\/\/klaviergalerie.at.w01326d2.kasserver.com\/?page_id=18851"},"modified":"2022-05-20T14:38:09","modified_gmt":"2022-05-20T14:38:09","slug":"feurich-wettbewerb","status":"publish","type":"page","link":"https:\/\/feurich.com\/de\/aktuelles\/feurich-wettbewerb\/","title":{"rendered":"FEURICH Wettbewerb 2023"},"content":{"rendered":"<div class=\"wpb-content-wrapper\"><p>[vc_row][vc_column][vc_empty_space height=&#8220;60px&#8220;][vc_column_text el_class=&#8220;big-title&#8220;]<\/p>\n<p style=\"text-align: center;\">FEURICH Wettbewerb 2023<\/p>\n<p>[\/vc_column_text][vc_empty_space][\/vc_column][\/vc_row][vc_row][vc_column][vc_column_text]<\/p>\n<p style=\"text-align: center;\"><span style=\"font-size: 14pt;\">Internationaler FEURICH Wettbewerb f\u00fcr Klavier, Gesang und Kammermusik \u2013 ein Sprungbrett f\u00fcr MusikerInnen aller Altersstufen und ein Fest der Musik und Kreativit\u00e4t.<\/span><\/p>\n<p>[\/vc_column_text][vc_empty_space][\/vc_column][\/vc_row][vc_row][vc_column width=&#8220;1\/3&#8243;][vc_single_image image=&#8220;60230&#8243;][\/vc_column][vc_column width=&#8220;2\/3&#8243;][vc_column_text]Der FEURICH-Wettbewerb wird nach einem coronabedingten Unterbrechung von 8. bis 10. Juli 2023 zum 5. Mal stattfinden und richtet sich an Musiker*innen im Alter von 6 bis 99 Jahren. Im Zentrum steht nicht nur das technische K\u00f6nnen, sondern auch die musikalische Ausdrucksf\u00e4higkeit \u2013 die Kunst, die Noten eines Musikst\u00fccks zum Leben zu erwecken. Die hochkar\u00e4tige Jury besteht aus erfahrenen Musikschaffenden und Lehrenden verschiedener europ\u00e4ischer Hochschulen.<\/p>\n<p>Die <strong>Anmeldung<\/strong> erfolgt online <strong>bis TBD<\/strong>.<br \/>\nDie <strong>Finalrunde<\/strong> findet zwischen <strong>TBD<\/strong> in Wien statt.<\/p>\n<p><strong>Infos, Anmeldung und Video-Upload unter <\/strong><strong><a href=\"https:\/\/wettbewerb.feurich.com\/\">wettbewerb.feurich.com<\/a><\/strong>[\/vc_column_text][\/vc_column][\/vc_row][vc_row][vc_column][vc_empty_space][\/vc_column][\/vc_row][vc_row][vc_column width=&#8220;1\/3&#8243;][vc_single_image image=&#8220;60210&#8243;][\/vc_column][vc_column width=&#8220;2\/3&#8243;][vc_column_text]<\/p>\n<h4>Bei uns stehen die Musiker*Innen im Mittelpunkt<\/h4>\n<p>Lachende Kinder, Jugendliche und Erwachsene im lebhaften Austausch, \u00dcbem\u00f6glichkeiten direkt in der KLAVIERgalerie, Hotels in der N\u00e4he, genug Freizeit zwischen den Auftritten, ein Begleitprogramm, um die Stadt der Musik besser kennenzulernen und noch viel mehr. Wir m\u00f6chten die Freude an der Musik f\u00f6rdern und nehmen den Leistungsdruck von den TeilnehmerInnen. So erm\u00f6glichen wir ihnen zu zeigen, was sie wirklich k\u00f6nnen.<\/p>\n<h4>Ein Wettbewerb f\u00fcr alle<\/h4>\n<p>Teilnehmen k\u00f6nnen Musiker*innen aller Altersstufen von 6 bis 99 Jahren. Auch Profis und Sp\u00e4tberufene haben die M\u00f6glichkeit, sich in unterschiedlichen Kategorien zu pr\u00e4sentieren.<\/p>\n<h4>Ein Sprungbrett zur internationalen Karriere<\/h4>\n<p>Die Preistr\u00e4ger*innen haben die Chance, sich im internationalen Wettbewerbsgeschehen einen Namen zu machen. Daf\u00fcr sorgen unsere Kooperationspartner, die zu Konzertauftritten und Wettbewerbsteilnahmen einladen.[\/vc_column_text][\/vc_column][\/vc_row][vc_row][vc_column][vc_empty_space][\/vc_column][\/vc_row][vc_row][vc_column width=&#8220;1\/3&#8243;][vc_single_image image=&#8220;60241&#8243;][\/vc_column][vc_column width=&#8220;2\/3&#8243;][vc_column_text]<\/p>\n<h4>Unsere Partner:<\/h4>\n<ul>\n<li class=\"space20\">\u201eAdilia Alieva International Piano Competition\u201c in Annemasse\/Genf (Frankreich\/Schweiz)<\/li>\n<li class=\"space20\">\u201eCLAVIS Klavierfestival\u201c in Reichersbeuern (Deutschland) und St. Petersburg (Russland)<\/li>\n<li class=\"space20\">\u201eEarth of Children\u201d Music Festival in St. Petersburg (Russland)<\/li>\n<li class=\"space20\">\u201eSpivakov Foundation\u201c in Moskau (Russland)<\/li>\n<li class=\"space20\">\u201eStage4Kids\u201c in Hamburg (Deutschland)<\/li>\n<\/ul>\n<p>[\/vc_column_text][\/vc_column][\/vc_row][vc_row][vc_column][vc_empty_space][\/vc_column][\/vc_row][vc_row][vc_column width=&#8220;1\/3&#8243;][vc_single_image image=&#8220;60251&#8243;][\/vc_column][vc_column width=&#8220;2\/3&#8243;][vc_column_text]FEURICH ist nicht nur Initiator des Wettbewerbs, sondern stellt auch Geldpreise in der H\u00f6he von insgesamt 5.000 Euro f\u00fcr die Musikerinnen und Musiker zur Verf\u00fcgung.<\/p>\n<p>Organisiert wird die International FEURICH Competition von Elena Tolstykh, der Leiterin unserer Musikschule Spielstatt. Sie ist die Seele des Wettbewerbs, denn sie kennt aus ihrer t\u00e4glichen Arbeit als Lehrerin die Bed\u00fcrfnisse der jungen Talente. Ihr ist es zu verdanken, dass der FEURICH Wettbewerb ein Fest der Musik und Kreativit\u00e4t ist.<\/p>\n<p>Weitere Informationen zur Anmeldung und Teilnahmebdingungen finden Sie unter <a href=\"http:\/\/wettbewerb.feurich.com\" target=\"_blank\" rel=\"noopener\">wettbewerb.feurich.com.<\/a>[\/vc_column_text][\/vc_column][\/vc_row][vc_row][vc_column][vc_empty_space][\/vc_column][\/vc_row]<\/p>\n<\/div>","protected":false},"excerpt":{"rendered":"<p>Internationaler FEURICH Wettbewerb 2023 f\u00fcr Klavier, Gesang und Kammermusik \u2013 ein Sprungbrett f\u00fcr MusikerInnen aller Altersstufen!<\/p>\n","protected":false},"author":39,"featured_media":60210,"parent":1936,"menu_order":0,"comment_status":"closed","ping_status":"closed","template":"template-fullwidth.php","meta":{"inline_featured_image":false,"footnotes":""},"class_list":["post-60078","page","type-page","status-publish","has-post-thumbnail","hentry"],"acf":[],"yoast_head":"<!-- This site is optimized with the Yoast SEO plugin v24.4 - https:\/\/yoast.com\/wordpress\/plugins\/seo\/ -->\n<title>FEURICH Wettbewerb 2023 - FEURICH<\/title>\n<meta name=\"description\" content=\"Internationaler FEURICH Wettbewerb f\u00fcr Klavier, Gesang, Kammermusik und Komposition \u2013 ein Sprungbrett f\u00fcr MusikerInnen jeden Alters und ein Fest der Musik.\" \/>\n<meta name=\"robots\" content=\"index, follow, max-snippet:-1, max-image-preview:large, max-video-preview:-1\" \/>\n<link rel=\"canonical\" href=\"https:\/\/feurich.com\/de\/aktuelles\/feurich-wettbewerb\/\" \/>\n<meta property=\"og:locale\" content=\"de_DE\" \/>\n<meta property=\"og:type\" content=\"article\" \/>\n<meta property=\"og:title\" content=\"FEURICH Wettbewerb 2023 - FEURICH\" \/>\n<meta property=\"og:description\" content=\"Internationaler FEURICH Wettbewerb f\u00fcr Klavier, Gesang, Kammermusik und Komposition \u2013 ein Sprungbrett f\u00fcr MusikerInnen jeden Alters und ein Fest der Musik.\" \/>\n<meta property=\"og:url\" content=\"https:\/\/feurich.com\/de\/aktuelles\/feurich-wettbewerb\/\" \/>\n<meta property=\"og:site_name\" content=\"FEURICH\" \/>\n<meta property=\"article:publisher\" content=\"https:\/\/www.facebook.com\/feurichvienna\/\" \/>\n<meta property=\"article:modified_time\" content=\"2022-05-20T14:38:09+00:00\" \/>\n<meta property=\"og:image\" content=\"https:\/\/feurich.com\/wp-content\/uploads\/310FeurichCompetition2018-1-e1653055820780.jpg\" \/>\n\t<meta property=\"og:image:width\" content=\"800\" \/>\n\t<meta property=\"og:image:height\" content=\"1200\" \/>\n\t<meta property=\"og:image:type\" content=\"image\/jpeg\" \/>\n<meta name=\"twitter:card\" content=\"summary_large_image\" \/>\n<meta name=\"twitter:label1\" content=\"Gesch\u00e4tzte Lesezeit\" \/>\n\t<meta name=\"twitter:data1\" content=\"3\u00a0Minuten\" \/>\n<script type=\"application\/ld+json\" class=\"yoast-schema-graph\">{\"@context\":\"https:\/\/schema.org\",\"@graph\":[{\"@type\":\"WebPage\",\"@id\":\"https:\/\/feurich.com\/de\/aktuelles\/feurich-wettbewerb\/\",\"url\":\"https:\/\/feurich.com\/de\/aktuelles\/feurich-wettbewerb\/\",\"name\":\"FEURICH Wettbewerb 2023 - FEURICH\",\"isPartOf\":{\"@id\":\"https:\/\/feurich.com\/en\/#website\"},\"primaryImageOfPage\":{\"@id\":\"https:\/\/feurich.com\/de\/aktuelles\/feurich-wettbewerb\/#primaryimage\"},\"image\":{\"@id\":\"https:\/\/feurich.com\/de\/aktuelles\/feurich-wettbewerb\/#primaryimage\"},\"thumbnailUrl\":\"https:\/\/feurich.com\/wp-content\/uploads\/310FeurichCompetition2018-1-e1653055820780.jpg\",\"datePublished\":\"2018-07-13T18:00:17+00:00\",\"dateModified\":\"2022-05-20T14:38:09+00:00\",\"description\":\"Internationaler FEURICH Wettbewerb f\u00fcr Klavier, Gesang, Kammermusik und Komposition \u2013 ein Sprungbrett f\u00fcr MusikerInnen jeden Alters und ein Fest der Musik.\",\"breadcrumb\":{\"@id\":\"https:\/\/feurich.com\/de\/aktuelles\/feurich-wettbewerb\/#breadcrumb\"},\"inLanguage\":\"de\",\"potentialAction\":[{\"@type\":\"ReadAction\",\"target\":[\"https:\/\/feurich.com\/de\/aktuelles\/feurich-wettbewerb\/\"]}]},{\"@type\":\"ImageObject\",\"inLanguage\":\"de\",\"@id\":\"https:\/\/feurich.com\/de\/aktuelles\/feurich-wettbewerb\/#primaryimage\",\"url\":\"https:\/\/feurich.com\/wp-content\/uploads\/310FeurichCompetition2018-1-e1653055820780.jpg\",\"contentUrl\":\"https:\/\/feurich.com\/wp-content\/uploads\/310FeurichCompetition2018-1-e1653055820780.jpg\",\"width\":800,\"height\":1200},{\"@type\":\"BreadcrumbList\",\"@id\":\"https:\/\/feurich.com\/de\/aktuelles\/feurich-wettbewerb\/#breadcrumb\",\"itemListElement\":[{\"@type\":\"ListItem\",\"position\":1,\"name\":\"Home\",\"item\":\"https:\/\/feurich.com\/de\/\"},{\"@type\":\"ListItem\",\"position\":2,\"name\":\"Aktuelles\",\"item\":\"https:\/\/feurich.com\/de\/aktuelles\/\"},{\"@type\":\"ListItem\",\"position\":3,\"name\":\"FEURICH Wettbewerb 2023\"}]},{\"@type\":\"WebSite\",\"@id\":\"https:\/\/feurich.com\/en\/#website\",\"url\":\"https:\/\/feurich.com\/en\/\",\"name\":\"FEURICH\",\"description\":\"A sound that connects\",\"publisher\":{\"@id\":\"https:\/\/feurich.com\/en\/#organization\"},\"potentialAction\":[{\"@type\":\"SearchAction\",\"target\":{\"@type\":\"EntryPoint\",\"urlTemplate\":\"https:\/\/feurich.com\/en\/?s={search_term_string}\"},\"query-input\":{\"@type\":\"PropertyValueSpecification\",\"valueRequired\":true,\"valueName\":\"search_term_string\"}}],\"inLanguage\":\"de\"},{\"@type\":\"Organization\",\"@id\":\"https:\/\/feurich.com\/en\/#organization\",\"name\":\"FEURICH\",\"url\":\"https:\/\/feurich.com\/en\/\",\"logo\":{\"@type\":\"ImageObject\",\"inLanguage\":\"de\",\"@id\":\"https:\/\/feurich.com\/en\/#\/schema\/logo\/image\/\",\"url\":\"https:\/\/feurich.com\/wp-content\/uploads\/logo.png\",\"contentUrl\":\"https:\/\/feurich.com\/wp-content\/uploads\/logo.png\",\"width\":354,\"height\":151,\"caption\":\"FEURICH\"},\"image\":{\"@id\":\"https:\/\/feurich.com\/en\/#\/schema\/logo\/image\/\"},\"sameAs\":[\"https:\/\/www.facebook.com\/feurichvienna\/\"]}]}<\/script>\n<!-- \/ Yoast SEO plugin. -->","yoast_head_json":{"title":"FEURICH Wettbewerb 2023 - FEURICH","description":"Internationaler FEURICH Wettbewerb f\u00fcr Klavier, Gesang, Kammermusik und Komposition \u2013 ein Sprungbrett f\u00fcr MusikerInnen jeden Alters und ein Fest der Musik.","robots":{"index":"index","follow":"follow","max-snippet":"max-snippet:-1","max-image-preview":"max-image-preview:large","max-video-preview":"max-video-preview:-1"},"canonical":"https:\/\/feurich.com\/de\/aktuelles\/feurich-wettbewerb\/","og_locale":"de_DE","og_type":"article","og_title":"FEURICH Wettbewerb 2023 - FEURICH","og_description":"Internationaler FEURICH Wettbewerb f\u00fcr Klavier, Gesang, Kammermusik und Komposition \u2013 ein Sprungbrett f\u00fcr MusikerInnen jeden Alters und ein Fest der Musik.","og_url":"https:\/\/feurich.com\/de\/aktuelles\/feurich-wettbewerb\/","og_site_name":"FEURICH","article_publisher":"https:\/\/www.facebook.com\/feurichvienna\/","article_modified_time":"2022-05-20T14:38:09+00:00","og_image":[{"width":800,"height":1200,"url":"https:\/\/feurich.com\/wp-content\/uploads\/310FeurichCompetition2018-1-e1653055820780.jpg","type":"image\/jpeg"}],"twitter_card":"summary_large_image","twitter_misc":{"Gesch\u00e4tzte Lesezeit":"3\u00a0Minuten"},"schema":{"@context":"https:\/\/schema.org","@graph":[{"@type":"WebPage","@id":"https:\/\/feurich.com\/de\/aktuelles\/feurich-wettbewerb\/","url":"https:\/\/feurich.com\/de\/aktuelles\/feurich-wettbewerb\/","name":"FEURICH Wettbewerb 2023 - FEURICH","isPartOf":{"@id":"https:\/\/feurich.com\/en\/#website"},"primaryImageOfPage":{"@id":"https:\/\/feurich.com\/de\/aktuelles\/feurich-wettbewerb\/#primaryimage"},"image":{"@id":"https:\/\/feurich.com\/de\/aktuelles\/feurich-wettbewerb\/#primaryimage"},"thumbnailUrl":"https:\/\/feurich.com\/wp-content\/uploads\/310FeurichCompetition2018-1-e1653055820780.jpg","datePublished":"2018-07-13T18:00:17+00:00","dateModified":"2022-05-20T14:38:09+00:00","description":"Internationaler FEURICH Wettbewerb f\u00fcr Klavier, Gesang, Kammermusik und Komposition \u2013 ein Sprungbrett f\u00fcr MusikerInnen jeden Alters und ein Fest der Musik.","breadcrumb":{"@id":"https:\/\/feurich.com\/de\/aktuelles\/feurich-wettbewerb\/#breadcrumb"},"inLanguage":"de","potentialAction":[{"@type":"ReadAction","target":["https:\/\/feurich.com\/de\/aktuelles\/feurich-wettbewerb\/"]}]},{"@type":"ImageObject","inLanguage":"de","@id":"https:\/\/feurich.com\/de\/aktuelles\/feurich-wettbewerb\/#primaryimage","url":"https:\/\/feurich.com\/wp-content\/uploads\/310FeurichCompetition2018-1-e1653055820780.jpg","contentUrl":"https:\/\/feurich.com\/wp-content\/uploads\/310FeurichCompetition2018-1-e1653055820780.jpg","width":800,"height":1200},{"@type":"BreadcrumbList","@id":"https:\/\/feurich.com\/de\/aktuelles\/feurich-wettbewerb\/#breadcrumb","itemListElement":[{"@type":"ListItem","position":1,"name":"Home","item":"https:\/\/feurich.com\/de\/"},{"@type":"ListItem","position":2,"name":"Aktuelles","item":"https:\/\/feurich.com\/de\/aktuelles\/"},{"@type":"ListItem","position":3,"name":"FEURICH Wettbewerb 2023"}]},{"@type":"WebSite","@id":"https:\/\/feurich.com\/en\/#website","url":"https:\/\/feurich.com\/en\/","name":"FEURICH","description":"A sound that connects","publisher":{"@id":"https:\/\/feurich.com\/en\/#organization"},"potentialAction":[{"@type":"SearchAction","target":{"@type":"EntryPoint","urlTemplate":"https:\/\/feurich.com\/en\/?s={search_term_string}"},"query-input":{"@type":"PropertyValueSpecification","valueRequired":true,"valueName":"search_term_string"}}],"inLanguage":"de"},{"@type":"Organization","@id":"https:\/\/feurich.com\/en\/#organization","name":"FEURICH","url":"https:\/\/feurich.com\/en\/","logo":{"@type":"ImageObject","inLanguage":"de","@id":"https:\/\/feurich.com\/en\/#\/schema\/logo\/image\/","url":"https:\/\/feurich.com\/wp-content\/uploads\/logo.png","contentUrl":"https:\/\/feurich.com\/wp-content\/uploads\/logo.png","width":354,"height":151,"caption":"FEURICH"},"image":{"@id":"https:\/\/feurich.com\/en\/#\/schema\/logo\/image\/"},"sameAs":["https:\/\/www.facebook.com\/feurichvienna\/"]}]}},"_links":{"self":[{"href":"https:\/\/feurich.com\/de\/wp-json\/wp\/v2\/pages\/60078","targetHints":{"allow":["GET"]}}],"collection":[{"href":"https:\/\/feurich.com\/de\/wp-json\/wp\/v2\/pages"}],"about":[{"href":"https:\/\/feurich.com\/de\/wp-json\/wp\/v2\/types\/page"}],"author":[{"embeddable":true,"href":"https:\/\/feurich.com\/de\/wp-json\/wp\/v2\/users\/39"}],"replies":[{"embeddable":true,"href":"https:\/\/feurich.com\/de\/wp-json\/wp\/v2\/comments?post=60078"}],"version-history":[{"count":3,"href":"https:\/\/feurich.com\/de\/wp-json\/wp\/v2\/pages\/60078\/revisions"}],"predecessor-version":[{"id":60240,"href":"https:\/\/feurich.com\/de\/wp-json\/wp\/v2\/pages\/60078\/revisions\/60240"}],"up":[{"embeddable":true,"href":"https:\/\/feurich.com\/de\/wp-json\/wp\/v2\/pages\/1936"}],"wp:featuredmedia":[{"embeddable":true,"href":"https:\/\/feurich.com\/de\/wp-json\/wp\/v2\/media\/60210"}],"wp:attachment":[{"href":"https:\/\/feurich.com\/de\/wp-json\/wp\/v2\/media?parent=60078"}],"curies":[{"name":"wp","href":"https:\/\/api.w.org\/{rel}","templated":true}]}}