{"id":4952,"date":"2017-12-02T21:21:11","date_gmt":"2017-12-02T21:21:11","guid":{"rendered":"\/?page_id=4952"},"modified":"2025-05-19T18:03:42","modified_gmt":"2025-05-19T18:03:42","slug":"home","status":"publish","type":"page","link":"https:\/\/feurich.com\/de\/","title":{"rendered":"Home"},"content":{"rendered":"<div class=\"wpb-content-wrapper\"><p>[vc_row][vc_column][vc_row_inner][vc_column_inner width=&#8220;1\/6&#8243;][\/vc_column_inner][vc_column_inner width=&#8220;2\/3&#8243;][vc_column_text]<\/p>\n<p style=\"text-align: center;\"><span style=\"font-size: 14pt;\">Traditionelles Handwerk in Vollendung, verbunden mit der Liebe zum Klavier und einer F\u00fclle an Innovationen, das sind die Pianos von FEURICH. <\/span><\/p>\n<p style=\"text-align: center;\"><span style=\"font-size: 14pt;\">Ob Fl\u00fcgel oder kompaktes Piano: Genie\u00dfen Sie den pr\u00e4zisen Anschlag und den nuancenreichen Klang. Erfahren Sie, wie sich Leidenschaft anh\u00f6rt, von Pianissimo bis Fortissimo, von den tiefen B\u00e4ssen bis in die h\u00f6chsten H\u00f6hen.<br \/>\n<\/span><span style=\"font-size: 14pt;\">Herzlich willkommen bei FEURICH.<\/span>[\/vc_column_text][\/vc_column_inner][vc_column_inner width=&#8220;1\/6&#8243;][\/vc_column_inner][\/vc_row_inner][\/vc_column][vc_column css=&#8220;.vc_custom_1512253516674{margin-top: 30px !important;}&#8220;][vc_column_text el_class=&#8220;big-title&#8220;]<\/p>\n<p style=\"text-align: center;\">+++ NEWS +++<\/p>\n<p>[\/vc_column_text][vc_empty_space height=&#8220;15px&#8220;][vc_basic_grid post_type=&#8220;post&#8220; max_items=&#8220;6&#8243; item=&#8220;893&#8243; css=&#8220;&#8220; grid_id=&#8220;vc_gid:1747677562110-8cd6b410-a378-7&#8243; taxonomies=&#8220;16, 26, 40, 39, 42&#8243;][\/vc_column][\/vc_row]<\/p>\n<\/div>","protected":false},"excerpt":{"rendered":"<p>[vc_row][vc_column][vc_row_inner][vc_column_inner width=&#8220;1\/6&#8243;][\/vc_column_inner][vc_column_inner width=&#8220;2\/3&#8243;][vc_column_text] Traditionelles Handwerk in Vollendung, verbunden mit der Liebe zum Klavier und einer F\u00fclle an Innovationen, das sind die Pianos von FEURICH. Ob Fl\u00fcgel oder kompaktes Piano: Genie\u00dfen &#8230;<\/p>\n","protected":false},"author":4,"featured_media":0,"parent":0,"menu_order":0,"comment_status":"closed","ping_status":"closed","template":"","meta":{"inline_featured_image":false,"footnotes":""},"class_list":["post-4952","page","type-page","status-publish","hentry"],"acf":[],"yoast_head":"<!-- This site is optimized with the Yoast SEO plugin v24.4 - https:\/\/yoast.com\/wordpress\/plugins\/seo\/ -->\n<title>Home - FEURICH<\/title>\n<meta name=\"robots\" content=\"index, follow, max-snippet:-1, max-image-preview:large, max-video-preview:-1\" \/>\n<link rel=\"canonical\" href=\"https:\/\/feurich.com\/de\/\" \/>\n<meta property=\"og:locale\" content=\"de_DE\" \/>\n<meta property=\"og:type\" content=\"article\" \/>\n<meta property=\"og:title\" content=\"Home - FEURICH\" \/>\n<meta property=\"og:description\" content=\"[vc_row][vc_column][vc_row_inner][vc_column_inner width=&#8220;1\/6&#8243;][\/vc_column_inner][vc_column_inner width=&#8220;2\/3&#8243;][vc_column_text] Traditionelles Handwerk in Vollendung, verbunden mit der Liebe zum Klavier und einer F\u00fclle an Innovationen, das sind die Pianos von FEURICH. Ob Fl\u00fcgel oder kompaktes Piano: Genie\u00dfen ...\" \/>\n<meta property=\"og:url\" content=\"https:\/\/feurich.com\/de\/\" \/>\n<meta property=\"og:site_name\" content=\"FEURICH\" \/>\n<meta property=\"article:publisher\" content=\"https:\/\/www.facebook.com\/feurichvienna\/\" \/>\n<meta property=\"article:modified_time\" content=\"2025-05-19T18:03:42+00:00\" \/>\n<meta name=\"twitter:card\" content=\"summary_large_image\" \/>\n<meta name=\"twitter:label1\" content=\"Gesch\u00e4tzte Lesezeit\" \/>\n\t<meta name=\"twitter:data1\" content=\"1\u00a0Minute\" \/>\n<script type=\"application\/ld+json\" class=\"yoast-schema-graph\">{\"@context\":\"https:\/\/schema.org\",\"@graph\":[{\"@type\":\"WebPage\",\"@id\":\"https:\/\/feurich.com\/de\/\",\"url\":\"https:\/\/feurich.com\/de\/\",\"name\":\"Home - FEURICH\",\"isPartOf\":{\"@id\":\"https:\/\/feurich.com\/en\/#website\"},\"datePublished\":\"2017-12-02T21:21:11+00:00\",\"dateModified\":\"2025-05-19T18:03:42+00:00\",\"breadcrumb\":{\"@id\":\"https:\/\/feurich.com\/de\/#breadcrumb\"},\"inLanguage\":\"de\",\"potentialAction\":[{\"@type\":\"ReadAction\",\"target\":[\"https:\/\/feurich.com\/de\/\"]}]},{\"@type\":\"BreadcrumbList\",\"@id\":\"https:\/\/feurich.com\/de\/#breadcrumb\",\"itemListElement\":[{\"@type\":\"ListItem\",\"position\":1,\"name\":\"Home\",\"item\":\"https:\/\/feurich.com\/de\/\"},{\"@type\":\"ListItem\",\"position\":2,\"name\":\"Home\"}]},{\"@type\":\"WebSite\",\"@id\":\"https:\/\/feurich.com\/en\/#website\",\"url\":\"https:\/\/feurich.com\/en\/\",\"name\":\"FEURICH\",\"description\":\"A sound that connects\",\"publisher\":{\"@id\":\"https:\/\/feurich.com\/en\/#organization\"},\"potentialAction\":[{\"@type\":\"SearchAction\",\"target\":{\"@type\":\"EntryPoint\",\"urlTemplate\":\"https:\/\/feurich.com\/en\/?s={search_term_string}\"},\"query-input\":{\"@type\":\"PropertyValueSpecification\",\"valueRequired\":true,\"valueName\":\"search_term_string\"}}],\"inLanguage\":\"de\"},{\"@type\":\"Organization\",\"@id\":\"https:\/\/feurich.com\/en\/#organization\",\"name\":\"FEURICH\",\"url\":\"https:\/\/feurich.com\/en\/\",\"logo\":{\"@type\":\"ImageObject\",\"inLanguage\":\"de\",\"@id\":\"https:\/\/feurich.com\/en\/#\/schema\/logo\/image\/\",\"url\":\"https:\/\/feurich.com\/wp-content\/uploads\/logo.png\",\"contentUrl\":\"https:\/\/feurich.com\/wp-content\/uploads\/logo.png\",\"width\":354,\"height\":151,\"caption\":\"FEURICH\"},\"image\":{\"@id\":\"https:\/\/feurich.com\/en\/#\/schema\/logo\/image\/\"},\"sameAs\":[\"https:\/\/www.facebook.com\/feurichvienna\/\"]}]}<\/script>\n<!-- \/ Yoast SEO plugin. -->","yoast_head_json":{"title":"Home - FEURICH","robots":{"index":"index","follow":"follow","max-snippet":"max-snippet:-1","max-image-preview":"max-image-preview:large","max-video-preview":"max-video-preview:-1"},"canonical":"https:\/\/feurich.com\/de\/","og_locale":"de_DE","og_type":"article","og_title":"Home - FEURICH","og_description":"[vc_row][vc_column][vc_row_inner][vc_column_inner width=&#8220;1\/6&#8243;][\/vc_column_inner][vc_column_inner width=&#8220;2\/3&#8243;][vc_column_text] Traditionelles Handwerk in Vollendung, verbunden mit der Liebe zum Klavier und einer F\u00fclle an Innovationen, das sind die Pianos von FEURICH. Ob Fl\u00fcgel oder kompaktes Piano: Genie\u00dfen ...","og_url":"https:\/\/feurich.com\/de\/","og_site_name":"FEURICH","article_publisher":"https:\/\/www.facebook.com\/feurichvienna\/","article_modified_time":"2025-05-19T18:03:42+00:00","twitter_card":"summary_large_image","twitter_misc":{"Gesch\u00e4tzte Lesezeit":"1\u00a0Minute"},"schema":{"@context":"https:\/\/schema.org","@graph":[{"@type":"WebPage","@id":"https:\/\/feurich.com\/de\/","url":"https:\/\/feurich.com\/de\/","name":"Home - FEURICH","isPartOf":{"@id":"https:\/\/feurich.com\/en\/#website"},"datePublished":"2017-12-02T21:21:11+00:00","dateModified":"2025-05-19T18:03:42+00:00","breadcrumb":{"@id":"https:\/\/feurich.com\/de\/#breadcrumb"},"inLanguage":"de","potentialAction":[{"@type":"ReadAction","target":["https:\/\/feurich.com\/de\/"]}]},{"@type":"BreadcrumbList","@id":"https:\/\/feurich.com\/de\/#breadcrumb","itemListElement":[{"@type":"ListItem","position":1,"name":"Home","item":"https:\/\/feurich.com\/de\/"},{"@type":"ListItem","position":2,"name":"Home"}]},{"@type":"WebSite","@id":"https:\/\/feurich.com\/en\/#website","url":"https:\/\/feurich.com\/en\/","name":"FEURICH","description":"A sound that connects","publisher":{"@id":"https:\/\/feurich.com\/en\/#organization"},"potentialAction":[{"@type":"SearchAction","target":{"@type":"EntryPoint","urlTemplate":"https:\/\/feurich.com\/en\/?s={search_term_string}"},"query-input":{"@type":"PropertyValueSpecification","valueRequired":true,"valueName":"search_term_string"}}],"inLanguage":"de"},{"@type":"Organization","@id":"https:\/\/feurich.com\/en\/#organization","name":"FEURICH","url":"https:\/\/feurich.com\/en\/","logo":{"@type":"ImageObject","inLanguage":"de","@id":"https:\/\/feurich.com\/en\/#\/schema\/logo\/image\/","url":"https:\/\/feurich.com\/wp-content\/uploads\/logo.png","contentUrl":"https:\/\/feurich.com\/wp-content\/uploads\/logo.png","width":354,"height":151,"caption":"FEURICH"},"image":{"@id":"https:\/\/feurich.com\/en\/#\/schema\/logo\/image\/"},"sameAs":["https:\/\/www.facebook.com\/feurichvienna\/"]}]}},"_links":{"self":[{"href":"https:\/\/feurich.com\/de\/wp-json\/wp\/v2\/pages\/4952","targetHints":{"allow":["GET"]}}],"collection":[{"href":"https:\/\/feurich.com\/de\/wp-json\/wp\/v2\/pages"}],"about":[{"href":"https:\/\/feurich.com\/de\/wp-json\/wp\/v2\/types\/page"}],"author":[{"embeddable":true,"href":"https:\/\/feurich.com\/de\/wp-json\/wp\/v2\/users\/4"}],"replies":[{"embeddable":true,"href":"https:\/\/feurich.com\/de\/wp-json\/wp\/v2\/comments?post=4952"}],"version-history":[{"count":25,"href":"https:\/\/feurich.com\/de\/wp-json\/wp\/v2\/pages\/4952\/revisions"}],"predecessor-version":[{"id":85233,"href":"https:\/\/feurich.com\/de\/wp-json\/wp\/v2\/pages\/4952\/revisions\/85233"}],"wp:attachment":[{"href":"https:\/\/feurich.com\/de\/wp-json\/wp\/v2\/media?parent=4952"}],"curies":[{"name":"wp","href":"https:\/\/api.w.org\/{rel}","templated":true}]}}