{"id":444,"date":"2017-08-08T21:13:58","date_gmt":"2017-08-08T21:13:58","guid":{"rendered":"\/?page_id=444"},"modified":"2023-11-26T18:18:49","modified_gmt":"2023-11-26T18:18:49","slug":"faq","status":"publish","type":"page","link":"https:\/\/feurich.com\/de\/information-kontakt\/faq\/","title":{"rendered":"FAQ"},"content":{"rendered":"<div class=\"wpb-content-wrapper\"><p>[vc_row el_class=&#8220;cont-acardion&#8220; css=&#8220;.vc_custom_1510822707727{margin-bottom: 20px !important;}&#8220;][vc_column 0=&#8220;&#8220;][vc_empty_space 0=&#8220;&#8220;][vc_column_text el_class=&#8220;big-title&#8220;]<\/p>\n<p style=\"text-align: center;\">FREQUENTLY ASKED QUESTIONS<\/p>\n<p>[\/vc_column_text][vc_empty_space 0=&#8220;&#8220; height=&#8220;24px&#8220;][vc_column_text]<\/p>\n<p style=\"text-align: center;\"><span style=\"font-size: 14pt;\">Hier finden Sie Antworten auf die am h\u00e4ufigsten gestellten Fragen.<br \/>\nWenn Sie noch mehr wissen m\u00f6chten, fragen Sie uns doch einfach direkt. <a href=\"https:\/\/feurich.com\/de\/information-kontakt\/\">&gt;&gt; Kontakt<\/a><\/span><\/p>\n<p>[\/vc_column_text][\/vc_column][\/vc_row][vc_row full_width=&#8220;stretch_row&#8220; bg_type=&#8220;image&#8220; parallax_style=&#8220;vcpb-vz-jquery&#8220; bg_image_new=&#8220;id^2174|url^\/wp-content\/uploads\/Details.jpg|caption^FEURICH Details|alt^FEURICH Details|title^FEURICH Details|description^FEURICH Details&#8220; bg_image_repeat=&#8220;no-repeat&#8220; fadeout_row=&#8220;fadeout_row_value&#8220;][vc_column][vc_tta_accordion style=&#8220;flat&#8220; shape=&#8220;square&#8220; color=&#8220;white&#8220; spacing=&#8220;1&#8243; gap=&#8220;1&#8243; c_icon=&#8220;chevron&#8220; active_section=&#8220;999&#8243;][vc_tta_section title=&#8220;Auf was achte ich beim Klavierkauf?&#8220; tab_id=&#8220;1505677504022-94aab332-908c&#8220;][vc_column_text 0=&#8220;&#8220;]Service und Betreuung sind das A&amp;O f\u00fcr Ihr Klavier. Das beste Instrument kann furchtbar klingen, wenn es nicht optimal ausgearbeitet (reguliert, gestimmt und intoniert) ist. Daher empfehlen wir Klaviere nur in anerkannten Fachbetrieben auszuprobieren, wo diese zuvor von einem guten Klaviertechniker ausgearbeitet worden sind und sich somit in einem bestm\u00f6glichen Zustand befinden. In dem Fachbetrieb erhalten Sie auch eine genaue Beratung, welches Modell f\u00fcr die jeweilige Raumgr\u00f6\u00dfe und Ihre individuellen Bed\u00fcrfnisse das passende ist.[\/vc_column_text][\/vc_tta_section][vc_tta_section title=&#8220;Wie pflege ich mein Klavier, damit ich besonders lange Freude damit habe?&#8220; tab_id=&#8220;1505677504024-a9537222-1098&#8243;][vc_column_text 0=&#8220;&#8220;]Die entscheidenden Punkte sind die Luftfeuchtigkeit, regelm\u00e4\u00dfiges Stimmen und, damit verbunden, das \u00dcberpr\u00fcfen des Instrumentes.<\/p>\n<p>Wir empfehlen daher f\u00fcr alle Regionen, in welchen geheizt werden muss, einen Luftw\u00e4scher w\u00e4hrend der Heizperiode zu verwenden.<\/p>\n<p>Ein Luftw\u00e4scher erm\u00f6glicht die Raumluft auf maximal 50% Luftfeuchtigkeit zu stabilisieren! Er bewahrt vor dem Risiko von Heizungssch\u00e4den, wie Risse im Resonanzboden oder Schrumpfen der Mechanikteile, streckt die Service- und Stimmintervalle und sch\u00fctzt so vor b\u00f6sen \u00dcberraschungen!<\/p>\n<p>Vermeiden Sie die Aufstellung Ihres Instruments in der N\u00e4he von Heizk\u00f6rpern, vermeiden Sie direkte Sonneneinstrahlung, feuchte\/kalte Au\u00dfenw\u00e4nde und Fenster und Balkont\u00fcren (wegen Zugluft).<\/p>\n<p>Vorsicht mit Fl\u00fcssigkeiten wie Getr\u00e4nken etc. und kleinen Gegenst\u00e4nden, z.B. Bleistifte, B\u00fcroklammern usw. Verwenden Sie zur Pflege der Oberfl\u00e4che keine aggressiven, fetthaltigen Putzmittel, sowie scheuernde Putzlappen. Verwenden Sie bei der Reinigung des Tasten-Belages nur feuchte<br \/>\nweiche T\u00fccher (kein Spiritus oder L\u00f6sungsmittel).<\/p>\n<p>Erfolgt die Anlieferung bei kalter Witterung, empfehlen wir Ihnen, das Instrument ge\u00f6ffnet in den durchl\u00fcfteten, gek\u00fchlten Raum zu stellen und langsam die Raumtemperatur wieder zu erh\u00f6hen.[\/vc_column_text][\/vc_tta_section][vc_tta_section title=&#8220;Wie oft soll mein Klavier gestimmt werden?&#8220; tab_id=&#8220;1505677504026-1a8277b2-fb9d&#8220;][vc_column_text 0=&#8220;&#8220;]Bei jedem Klavier senkt sich die Tonh\u00f6he im Laufe der Zeit automatisch ab. Nachdem sich die Saiten nicht gleichm\u00e4\u00dfig ver\u00e4ndern, entsteht somit ein unruhiger H\u00f6reindruck. Diesen nimmt jeder musikalische Mensch auch ohne absolutes Geh\u00f6r wahr.<\/p>\n<p>Im Privatbereich sollte ein Klavier daher ein- bis zweimal im Jahr gestimmt werden. In Institutionen wie Konservatorien und Musikhochschulen m\u00fcssen die Instrumente jeden Monat gestimmt werden.\u00a0 Aufnahmestudios und Konzerthallen lassen die Instrumente idealerweise vor jedem wichtigen Event feinstimmen.[\/vc_column_text][\/vc_tta_section][vc_tta_section title=&#8220;Warum ein FEURICH Klavier?&#8220; tab_id=&#8220;1505677504028-9c8e3873-fa93&#8243;][vc_column_text 0=&#8220;&#8220;]FEURICH ist sehr erfolgreich und weltweit bei \u00fcber 400 Vertriebspartnern etabliert.\u00a0Die <a href=\"https:\/\/feurich.com\/de\/referenzen\/\">Referenzen<\/a>\u00a0und Zufriedenheit der Kunden sind die beste Best\u00e4tigung.<\/p>\n<p>Unser Team und all unsere Partner sind zu 100% von unseren Produkten \u00fcberzeugt.<\/p>\n<p>Unsere Qualit\u00e4t, die Innovationsfreudigkeit und der unverwechselbare Klang sprechen f\u00fcr unsere Instrumente. Probieren Sie unsere Pianos &amp; Fl\u00fcgel und \u00fcberzeugen Sie sich selbst. Vergleichen Sie entweder selbst oder ziehen Sie die Hilfe eines klavierspielenden Bekannten hinzu!<\/p>\n<p>Bei Fragen oder Beratungswunsch <a href=\"https:\/\/feurich.com\/de\/information-kontakt\/kontakt\/\">kontaktieren Sie uns<\/a> doch einfach direkt![\/vc_column_text][\/vc_tta_section][vc_tta_section title=&#8220;Warum werden FEURICH-Instrumente auch in China\/Ningbo gefertigt, wo liegt der Vorteil?&#8220; tab_id=&#8220;1505677504035-a7205398-84d1&#8243;][vc_column_text 0=&#8220;&#8220;]Wir sind sehr stolz, f\u00fcr unsere Instrumente jeweils die besten Produktionsstandorte ausgew\u00e4hlt zu haben. Die Produktionsanlage in Ningbo ist nicht nur eine der modernsten in China, sondern der ganzen Welt.<\/p>\n<p>Die Fertigung w\u00e4chst zwar kontinuierlich, ist aber\u00a0keine \u201ebillige\u201c Massenproduktion. Denn durch die modernsten Fertigungsanlagen sind wir in der Lage, hochpr\u00e4zise Bauteile in hervorragender Qualit\u00e4t zu erzeugen. Die Erzeugung und Endkontrolle wird permanent von FEURICH-Technikern beaufsichtigt, um den hohen europ\u00e4ischen Standard zu gew\u00e4hrleisten.<\/p>\n<p>Durch diese optimalen Produktionsbedingungen in Ningbo ist es uns m\u00f6glich, unsere Produkte zu einem gro\u00dfartigen Preis-Leistungs-Verh\u00e4ltnis anzubieten.[\/vc_column_text][\/vc_tta_section][vc_tta_section title=&#8220;Geht das gute Preis-Leistungs-Verh\u00e4ltnis auf Kosten von sozialwidrigen Verh\u00e4ltnissen der Arbeiter in China\/Ningbo zur\u00fcck?&#8220; tab_id=&#8220;1505677504036-b4fa1ba9-1416&#8243;][vc_column_text 0=&#8220;&#8220;]<strong>Ganz klar: Nein!\u00a0 <\/strong><\/p>\n<p>Es ist uns sehr wichtig, dass die in der Klavierproduktion in Ningbo Besch\u00e4ftigten hochqualifizierte Arbeitskr\u00e4fte sind, die teilweise in Europa oder von europ\u00e4ischen bzw. internationalen Klavierbaumeistern regelm\u00e4\u00dfig ausgebildet werden.<\/p>\n<p>In der Produktionsst\u00e4tte wei\u00df man um die Wichtigkeit der Facharbeiter und zahlt weitaus h\u00f6here L\u00f6hne als \u00fcblich. Arbeiter aus entfernten Regionen erhalten zus\u00e4tzlich Wohnungsm\u00f6glichkeiten, Verpflegung und medizinische Betreuung.<\/p>\n<p>Dieses Know-how und die Zufriedenheit der Fachkr\u00e4fte sorgen f\u00fcr beste Qualit\u00e4t und sind f\u00fcr FEURICH essentiell und unverzichtbar.<\/p>\n<p>Unser au\u00dferordentlich gutes Preis-Leistungs-Verh\u00e4ltnis kommt vor allem durch die hoch automatisierte Produktion mit CNC-Maschinen zustande. Der Gro\u00dfteil eines Klaviers wird rein maschinell erzeugt, daher gibt es in unserer Produktion auch keine Qualit\u00e4tsschwankungen!<\/p>\n<p>Die feine Ausarbeitung der Mechanik und des Klangs wird von unseren Experten in den FEURICH-Logistikzentren durchgef\u00fchrt. Diese befinden sich in Europa und an zentralen Orten auf der ganzen Welt, um unsere Instrumente in perfektem Zustand auszuliefern.<\/p>\n<p>Nur durch dieses perfekte Zusammenspiel von der Herstellung bis zur Auslieferung kann der hohe Qualit\u00e4tsstandard in diesem Preissegment sichergestellt werden.[\/vc_column_text][\/vc_tta_section][vc_tta_section title=&#8220;Stimmt es, dass minderwertige, sogar sch\u00e4dliche Materialien verwendet werden?&#8220; tab_id=&#8220;1506086423430-102e62ef-493f&#8220;][vc_column_text]Nein! Es wurden und werden\u00a0keine Materialien verwendet, die\u00a0Emissionen oder andere\u00a0Nachteile auf die Gesundheit unserer Kunden haben. Unsere Produkte erf\u00fcllen alle europ\u00e4ischen Richtwerte. Es werden keine sch\u00e4dlichen Lacke, Leime oder \u00c4hnliches verwendet.<\/p>\n<p>Es ist ein Grundprinzip von FEURICH, traditionelle, robuste aber auch innovative Materialien einzusetzen! Wie nehmen lieber einen h\u00f6heren Produktionspreis in Kauf als bei der Qualit\u00e4t unserer Rohstoffe und Grundmaterialien zu sparen.<\/p>\n<p>Ohne hochwertige Materialien w\u00e4re die Langlebigkeit, der Klang, eine gute Spielgef\u00fchl-Mechanik und eine lange Stimmhaltbarkeit etc. nicht zu gew\u00e4hrleisten.[\/vc_column_text][\/vc_tta_section][vc_tta_section title=&#8220;Soll ich mein Piano im Internet oder bei einem Klavierfachbetrieb kaufen?&#8220; tab_id=&#8220;1506086586523-d6f73213-b1d7&#8243;][vc_column_text 0=&#8220;&#8220;]Vom Kauf \u00fcber das Internet, speziell eines akustischen Klaviers, m\u00fcssen wir abraten, da das Risiko einer Entt\u00e4uschung viel zu gro\u00df ist.<\/p>\n<p>Der Klavierkauf ist eine sehr individuelle Sache, bei der \u00fcber viele Faktoren \u2013 vom Klang \u00fcber das Spielgef\u00fchl bis hin zum Geh\u00e4use \u2013 entschieden werden muss. Es gibt kein akustisches Klavier, selbst vom selben Modell und Hersteller, das genauso wie ein anderes klingt. Daher muss man es unbedingt vor dem Kauf pers\u00f6nlich ausprobieren. Nur so findet man sein Lieblingsinstrument, mit dem man ein Leben lang Freude hat!<\/p>\n<p>Gerne beraten wir Sie vor Ort bei einem pers\u00f6nlichen Gespr\u00e4ch. F\u00fcr Fragen aller Art stehen wir auch gerne online zur Verf\u00fcgung und freuen uns auf Ihre <a href=\"https:\/\/feurich.com\/de\/information-kontakt\/kontakt\/\">Kontaktaufnahme!<\/a>[\/vc_column_text][\/vc_tta_section][\/vc_tta_accordion][\/vc_column][\/vc_row]<\/p>\n<\/div>","protected":false},"excerpt":{"rendered":"<p>Frequently Asked Questions (FAQ): Hier finden Sie Antworten auf die am h\u00e4ufigsten gestellten Fragen.<\/p>\n","protected":false},"author":4,"featured_media":0,"parent":442,"menu_order":0,"comment_status":"closed","ping_status":"closed","template":"template-fullwidth.php","meta":{"inline_featured_image":false,"footnotes":""},"class_list":["post-444","page","type-page","status-publish","hentry"],"acf":[],"yoast_head":"<!-- This site is optimized with the Yoast SEO plugin v24.4 - https:\/\/yoast.com\/wordpress\/plugins\/seo\/ -->\n<title>FAQ - FEURICH<\/title>\n<meta name=\"robots\" content=\"index, follow, max-snippet:-1, max-image-preview:large, max-video-preview:-1\" \/>\n<link rel=\"canonical\" href=\"https:\/\/feurich.com\/de\/information-kontakt\/faq\/\" \/>\n<meta property=\"og:locale\" content=\"de_DE\" \/>\n<meta property=\"og:type\" content=\"article\" \/>\n<meta property=\"og:title\" content=\"FAQ - FEURICH\" \/>\n<meta property=\"og:description\" content=\"Frequently Asked Questions (FAQ): Hier finden Sie Antworten auf die am h\u00e4ufigsten gestellten Fragen.\" \/>\n<meta property=\"og:url\" content=\"https:\/\/feurich.com\/de\/information-kontakt\/faq\/\" \/>\n<meta property=\"og:site_name\" content=\"FEURICH\" \/>\n<meta property=\"article:publisher\" content=\"https:\/\/www.facebook.com\/feurichvienna\/\" \/>\n<meta property=\"article:modified_time\" content=\"2023-11-26T18:18:49+00:00\" \/>\n<meta name=\"twitter:card\" content=\"summary_large_image\" \/>\n<meta name=\"twitter:label1\" content=\"Gesch\u00e4tzte Lesezeit\" \/>\n\t<meta name=\"twitter:data1\" content=\"6\u00a0Minuten\" \/>\n<script type=\"application\/ld+json\" class=\"yoast-schema-graph\">{\"@context\":\"https:\/\/schema.org\",\"@graph\":[{\"@type\":\"WebPage\",\"@id\":\"https:\/\/feurich.com\/de\/information-kontakt\/faq\/\",\"url\":\"https:\/\/feurich.com\/de\/information-kontakt\/faq\/\",\"name\":\"FAQ - FEURICH\",\"isPartOf\":{\"@id\":\"https:\/\/feurich.com\/en\/#website\"},\"datePublished\":\"2017-08-08T21:13:58+00:00\",\"dateModified\":\"2023-11-26T18:18:49+00:00\",\"breadcrumb\":{\"@id\":\"https:\/\/feurich.com\/de\/information-kontakt\/faq\/#breadcrumb\"},\"inLanguage\":\"de\",\"potentialAction\":[{\"@type\":\"ReadAction\",\"target\":[\"https:\/\/feurich.com\/de\/information-kontakt\/faq\/\"]}]},{\"@type\":\"BreadcrumbList\",\"@id\":\"https:\/\/feurich.com\/de\/information-kontakt\/faq\/#breadcrumb\",\"itemListElement\":[{\"@type\":\"ListItem\",\"position\":1,\"name\":\"Home\",\"item\":\"https:\/\/feurich.com\/de\/\"},{\"@type\":\"ListItem\",\"position\":2,\"name\":\"Information &#038; Kontakt\",\"item\":\"https:\/\/feurich.com\/de\/information-kontakt\/\"},{\"@type\":\"ListItem\",\"position\":3,\"name\":\"FAQ\"}]},{\"@type\":\"WebSite\",\"@id\":\"https:\/\/feurich.com\/en\/#website\",\"url\":\"https:\/\/feurich.com\/en\/\",\"name\":\"FEURICH\",\"description\":\"A sound that connects\",\"publisher\":{\"@id\":\"https:\/\/feurich.com\/en\/#organization\"},\"potentialAction\":[{\"@type\":\"SearchAction\",\"target\":{\"@type\":\"EntryPoint\",\"urlTemplate\":\"https:\/\/feurich.com\/en\/?s={search_term_string}\"},\"query-input\":{\"@type\":\"PropertyValueSpecification\",\"valueRequired\":true,\"valueName\":\"search_term_string\"}}],\"inLanguage\":\"de\"},{\"@type\":\"Organization\",\"@id\":\"https:\/\/feurich.com\/en\/#organization\",\"name\":\"FEURICH\",\"url\":\"https:\/\/feurich.com\/en\/\",\"logo\":{\"@type\":\"ImageObject\",\"inLanguage\":\"de\",\"@id\":\"https:\/\/feurich.com\/en\/#\/schema\/logo\/image\/\",\"url\":\"https:\/\/feurich.com\/wp-content\/uploads\/logo.png\",\"contentUrl\":\"https:\/\/feurich.com\/wp-content\/uploads\/logo.png\",\"width\":354,\"height\":151,\"caption\":\"FEURICH\"},\"image\":{\"@id\":\"https:\/\/feurich.com\/en\/#\/schema\/logo\/image\/\"},\"sameAs\":[\"https:\/\/www.facebook.com\/feurichvienna\/\"]}]}<\/script>\n<!-- \/ Yoast SEO plugin. -->","yoast_head_json":{"title":"FAQ - FEURICH","robots":{"index":"index","follow":"follow","max-snippet":"max-snippet:-1","max-image-preview":"max-image-preview:large","max-video-preview":"max-video-preview:-1"},"canonical":"https:\/\/feurich.com\/de\/information-kontakt\/faq\/","og_locale":"de_DE","og_type":"article","og_title":"FAQ - FEURICH","og_description":"Frequently Asked Questions (FAQ): Hier finden Sie Antworten auf die am h\u00e4ufigsten gestellten Fragen.","og_url":"https:\/\/feurich.com\/de\/information-kontakt\/faq\/","og_site_name":"FEURICH","article_publisher":"https:\/\/www.facebook.com\/feurichvienna\/","article_modified_time":"2023-11-26T18:18:49+00:00","twitter_card":"summary_large_image","twitter_misc":{"Gesch\u00e4tzte Lesezeit":"6\u00a0Minuten"},"schema":{"@context":"https:\/\/schema.org","@graph":[{"@type":"WebPage","@id":"https:\/\/feurich.com\/de\/information-kontakt\/faq\/","url":"https:\/\/feurich.com\/de\/information-kontakt\/faq\/","name":"FAQ - FEURICH","isPartOf":{"@id":"https:\/\/feurich.com\/en\/#website"},"datePublished":"2017-08-08T21:13:58+00:00","dateModified":"2023-11-26T18:18:49+00:00","breadcrumb":{"@id":"https:\/\/feurich.com\/de\/information-kontakt\/faq\/#breadcrumb"},"inLanguage":"de","potentialAction":[{"@type":"ReadAction","target":["https:\/\/feurich.com\/de\/information-kontakt\/faq\/"]}]},{"@type":"BreadcrumbList","@id":"https:\/\/feurich.com\/de\/information-kontakt\/faq\/#breadcrumb","itemListElement":[{"@type":"ListItem","position":1,"name":"Home","item":"https:\/\/feurich.com\/de\/"},{"@type":"ListItem","position":2,"name":"Information &#038; Kontakt","item":"https:\/\/feurich.com\/de\/information-kontakt\/"},{"@type":"ListItem","position":3,"name":"FAQ"}]},{"@type":"WebSite","@id":"https:\/\/feurich.com\/en\/#website","url":"https:\/\/feurich.com\/en\/","name":"FEURICH","description":"A sound that connects","publisher":{"@id":"https:\/\/feurich.com\/en\/#organization"},"potentialAction":[{"@type":"SearchAction","target":{"@type":"EntryPoint","urlTemplate":"https:\/\/feurich.com\/en\/?s={search_term_string}"},"query-input":{"@type":"PropertyValueSpecification","valueRequired":true,"valueName":"search_term_string"}}],"inLanguage":"de"},{"@type":"Organization","@id":"https:\/\/feurich.com\/en\/#organization","name":"FEURICH","url":"https:\/\/feurich.com\/en\/","logo":{"@type":"ImageObject","inLanguage":"de","@id":"https:\/\/feurich.com\/en\/#\/schema\/logo\/image\/","url":"https:\/\/feurich.com\/wp-content\/uploads\/logo.png","contentUrl":"https:\/\/feurich.com\/wp-content\/uploads\/logo.png","width":354,"height":151,"caption":"FEURICH"},"image":{"@id":"https:\/\/feurich.com\/en\/#\/schema\/logo\/image\/"},"sameAs":["https:\/\/www.facebook.com\/feurichvienna\/"]}]}},"_links":{"self":[{"href":"https:\/\/feurich.com\/de\/wp-json\/wp\/v2\/pages\/444","targetHints":{"allow":["GET"]}}],"collection":[{"href":"https:\/\/feurich.com\/de\/wp-json\/wp\/v2\/pages"}],"about":[{"href":"https:\/\/feurich.com\/de\/wp-json\/wp\/v2\/types\/page"}],"author":[{"embeddable":true,"href":"https:\/\/feurich.com\/de\/wp-json\/wp\/v2\/users\/4"}],"replies":[{"embeddable":true,"href":"https:\/\/feurich.com\/de\/wp-json\/wp\/v2\/comments?post=444"}],"version-history":[{"count":42,"href":"https:\/\/feurich.com\/de\/wp-json\/wp\/v2\/pages\/444\/revisions"}],"predecessor-version":[{"id":72807,"href":"https:\/\/feurich.com\/de\/wp-json\/wp\/v2\/pages\/444\/revisions\/72807"}],"up":[{"embeddable":true,"href":"https:\/\/feurich.com\/de\/wp-json\/wp\/v2\/pages\/442"}],"wp:attachment":[{"href":"https:\/\/feurich.com\/de\/wp-json\/wp\/v2\/media?parent=444"}],"curies":[{"name":"wp","href":"https:\/\/api.w.org\/{rel}","templated":true}]}}