{"id":4403,"date":"2017-11-26T19:30:08","date_gmt":"2017-11-26T19:30:08","guid":{"rendered":"\/?page_id=4403"},"modified":"2017-12-05T02:08:11","modified_gmt":"2017-12-05T02:08:11","slug":"klavierlampen","status":"publish","type":"page","link":"https:\/\/feurich.com\/de\/produkte\/zubehoer\/klavierlampen\/","title":{"rendered":"Klavierlampen"},"content":{"rendered":"<div class=\"wpb-content-wrapper\"><p>[vc_row bg_type=&#8220;image&#8220; parallax_style=&#8220;vcpb-default&#8220; bg_image_new=&#8220;id^521|url^\/wp-content\/uploads\/2017\/08\/home-fon-bl3.jpg|caption^null|alt^null|title^home-fon-bl3|description^null&#8220; bg_image_repeat=&#8220;no-repeat&#8220; bg_override=&#8220;full&#8220;][vc_column 0=&#8220;&#8220;][vc_empty_space height=&#8220;5px&#8220;][vc_row_inner 0=&#8220;&#8220;][vc_column_inner width=&#8220;1\/6&#8243;][\/vc_column_inner][vc_column_inner width=&#8220;4\/6&#8243;][vc_column_text el_class=&#8220;big-title&#8220; css=&#8220;.vc_custom_1511724718541{margin-bottom: 15px !important;}&#8220;]<\/p>\n<p style=\"text-align: center; color: white;\">Klavierlampen<\/p>\n<p>[\/vc_column_text][vc_column_text 0=&#8220;&#8220;][\/vc_column_text][\/vc_column_inner][vc_column_inner width=&#8220;1\/6&#8243;][\/vc_column_inner][\/vc_row_inner][vc_empty_space 0=&#8220;&#8220;][\/vc_column][\/vc_row][vc_row 0=&#8220;&#8220;][vc_column width=&#8220;1\/3&#8243;][vc_single_image image=&#8220;4165&#8243; img_size=&#8220;360&#215;260&#8243; alignment=&#8220;center&#8220; css=&#8220;.vc_custom_1511724870409{margin-bottom: 10px !important;}&#8220;][\/vc_column][vc_column width=&#8220;1\/3&#8243;][vc_column_text el_class=&#8220;products-title&#8220;]Punktgenau &amp; blendfrei[\/vc_column_text][vc_column_text 0=&#8220;&#8220;]FEURICH Klavierlampen sind etwas f\u00fcr&#8217;s Auge \u2013 und das in mehrfachem Sinne. Das puristische Design passt in seiner klaren Formsprache ins Klavierzimmer ebenso wie auf die B\u00fchne. Die Form der LED-Leuchten ist ganz an die Funktion angepasst: das punktgenaue, vollst\u00e4ndige Ausleuchten der aufgeschlagenen Notenbl\u00e4tter, ohne Sie zu blenden. Passend zu Ihrem FEURICH-Piano k\u00f6nnen Sie aus den Farben Schwarz, Messing und Chrom w\u00e4hlen.<\/p>\n<p>Sie m\u00f6chten mehr \u00fcber unsere Klavierlampen erfahren? Wir beraten Sie gerne! <a href=\"https:\/\/feurich.com\/de\/information-kontakt\/kontakt\/\">&gt;&gt; Kontakt<\/a>[\/vc_column_text][\/vc_column][vc_column width=&#8220;1\/3&#8243;][vc_single_image image=&#8220;4159&#8243; img_size=&#8220;360&#215;260&#8243; alignment=&#8220;center&#8220; css=&#8220;.vc_custom_1511724893697{margin-bottom: 10px !important;}&#8220;][\/vc_column][\/vc_row]<\/p>\n<\/div>","protected":false},"excerpt":{"rendered":"<p>Formsch\u00f6n, blendfrei und punktgenau: FEURICH Klavierlampen mit LED<\/p>\n","protected":false},"author":7,"featured_media":4417,"parent":1321,"menu_order":3,"comment_status":"closed","ping_status":"closed","template":"template-fullwidth.php","meta":{"inline_featured_image":false,"footnotes":""},"class_list":["post-4403","page","type-page","status-publish","has-post-thumbnail","hentry"],"acf":[],"yoast_head":"<!-- This site is optimized with the Yoast SEO plugin v24.4 - https:\/\/yoast.com\/wordpress\/plugins\/seo\/ -->\n<title>Klavierlampen - FEURICH<\/title>\n<meta name=\"description\" content=\"Die blendfreien FEURICH Klavierlampen mit LED-Licht passen in ihrer klaren Formsprache ins private Klavierzimmer ebenso wie auf die gro\u00dfe B\u00fchne.\" \/>\n<meta name=\"robots\" content=\"index, follow, max-snippet:-1, max-image-preview:large, max-video-preview:-1\" \/>\n<link rel=\"canonical\" href=\"https:\/\/feurich.com\/de\/produkte\/zubehoer\/klavierlampen\/\" \/>\n<meta property=\"og:locale\" content=\"de_DE\" \/>\n<meta property=\"og:type\" content=\"article\" \/>\n<meta property=\"og:title\" content=\"Klavierlampen - FEURICH\" \/>\n<meta property=\"og:description\" content=\"Die blendfreien FEURICH Klavierlampen mit LED-Licht passen in ihrer klaren Formsprache ins private Klavierzimmer ebenso wie auf die gro\u00dfe B\u00fchne.\" \/>\n<meta property=\"og:url\" content=\"https:\/\/feurich.com\/de\/produkte\/zubehoer\/klavierlampen\/\" \/>\n<meta property=\"og:site_name\" content=\"FEURICH\" \/>\n<meta property=\"article:publisher\" content=\"https:\/\/www.facebook.com\/feurichvienna\/\" \/>\n<meta property=\"article:modified_time\" content=\"2017-12-05T02:08:11+00:00\" \/>\n<meta property=\"og:image\" content=\"https:\/\/feurich.com\/wp-content\/uploads\/FEURICH-LED-upright-piano-lamp.jpg\" \/>\n\t<meta property=\"og:image:width\" content=\"720\" \/>\n\t<meta property=\"og:image:height\" content=\"480\" \/>\n\t<meta property=\"og:image:type\" content=\"image\/jpeg\" \/>\n<meta name=\"twitter:card\" content=\"summary_large_image\" \/>\n<meta name=\"twitter:label1\" content=\"Gesch\u00e4tzte Lesezeit\" \/>\n\t<meta name=\"twitter:data1\" content=\"1\u00a0Minute\" \/>\n<script type=\"application\/ld+json\" class=\"yoast-schema-graph\">{\"@context\":\"https:\/\/schema.org\",\"@graph\":[{\"@type\":\"WebPage\",\"@id\":\"https:\/\/feurich.com\/de\/produkte\/zubehoer\/klavierlampen\/\",\"url\":\"https:\/\/feurich.com\/de\/produkte\/zubehoer\/klavierlampen\/\",\"name\":\"Klavierlampen - FEURICH\",\"isPartOf\":{\"@id\":\"https:\/\/feurich.com\/en\/#website\"},\"primaryImageOfPage\":{\"@id\":\"https:\/\/feurich.com\/de\/produkte\/zubehoer\/klavierlampen\/#primaryimage\"},\"image\":{\"@id\":\"https:\/\/feurich.com\/de\/produkte\/zubehoer\/klavierlampen\/#primaryimage\"},\"thumbnailUrl\":\"https:\/\/feurich.com\/wp-content\/uploads\/FEURICH-LED-upright-piano-lamp.jpg\",\"datePublished\":\"2017-11-26T19:30:08+00:00\",\"dateModified\":\"2017-12-05T02:08:11+00:00\",\"description\":\"Die blendfreien FEURICH Klavierlampen mit LED-Licht passen in ihrer klaren Formsprache ins private Klavierzimmer ebenso wie auf die gro\u00dfe B\u00fchne.\",\"breadcrumb\":{\"@id\":\"https:\/\/feurich.com\/de\/produkte\/zubehoer\/klavierlampen\/#breadcrumb\"},\"inLanguage\":\"de\",\"potentialAction\":[{\"@type\":\"ReadAction\",\"target\":[\"https:\/\/feurich.com\/de\/produkte\/zubehoer\/klavierlampen\/\"]}]},{\"@type\":\"ImageObject\",\"inLanguage\":\"de\",\"@id\":\"https:\/\/feurich.com\/de\/produkte\/zubehoer\/klavierlampen\/#primaryimage\",\"url\":\"https:\/\/feurich.com\/wp-content\/uploads\/FEURICH-LED-upright-piano-lamp.jpg\",\"contentUrl\":\"https:\/\/feurich.com\/wp-content\/uploads\/FEURICH-LED-upright-piano-lamp.jpg\",\"width\":720,\"height\":480,\"caption\":\"FEURICH LED upright piano lamp\"},{\"@type\":\"BreadcrumbList\",\"@id\":\"https:\/\/feurich.com\/de\/produkte\/zubehoer\/klavierlampen\/#breadcrumb\",\"itemListElement\":[{\"@type\":\"ListItem\",\"position\":1,\"name\":\"Home\",\"item\":\"https:\/\/feurich.com\/de\/\"},{\"@type\":\"ListItem\",\"position\":2,\"name\":\"KLAVIERE &#038; MEHR\",\"item\":\"https:\/\/feurich.com\/de\/produkte\/\"},{\"@type\":\"ListItem\",\"position\":3,\"name\":\"Zubeh\u00f6r\",\"item\":\"https:\/\/feurich.com\/de\/produkte\/zubehoer\/\"},{\"@type\":\"ListItem\",\"position\":4,\"name\":\"Klavierlampen\"}]},{\"@type\":\"WebSite\",\"@id\":\"https:\/\/feurich.com\/en\/#website\",\"url\":\"https:\/\/feurich.com\/en\/\",\"name\":\"FEURICH\",\"description\":\"A sound that connects\",\"publisher\":{\"@id\":\"https:\/\/feurich.com\/en\/#organization\"},\"potentialAction\":[{\"@type\":\"SearchAction\",\"target\":{\"@type\":\"EntryPoint\",\"urlTemplate\":\"https:\/\/feurich.com\/en\/?s={search_term_string}\"},\"query-input\":{\"@type\":\"PropertyValueSpecification\",\"valueRequired\":true,\"valueName\":\"search_term_string\"}}],\"inLanguage\":\"de\"},{\"@type\":\"Organization\",\"@id\":\"https:\/\/feurich.com\/en\/#organization\",\"name\":\"FEURICH\",\"url\":\"https:\/\/feurich.com\/en\/\",\"logo\":{\"@type\":\"ImageObject\",\"inLanguage\":\"de\",\"@id\":\"https:\/\/feurich.com\/en\/#\/schema\/logo\/image\/\",\"url\":\"https:\/\/feurich.com\/wp-content\/uploads\/logo.png\",\"contentUrl\":\"https:\/\/feurich.com\/wp-content\/uploads\/logo.png\",\"width\":354,\"height\":151,\"caption\":\"FEURICH\"},\"image\":{\"@id\":\"https:\/\/feurich.com\/en\/#\/schema\/logo\/image\/\"},\"sameAs\":[\"https:\/\/www.facebook.com\/feurichvienna\/\"]}]}<\/script>\n<!-- \/ Yoast SEO plugin. -->","yoast_head_json":{"title":"Klavierlampen - FEURICH","description":"Die blendfreien FEURICH Klavierlampen mit LED-Licht passen in ihrer klaren Formsprache ins private Klavierzimmer ebenso wie auf die gro\u00dfe B\u00fchne.","robots":{"index":"index","follow":"follow","max-snippet":"max-snippet:-1","max-image-preview":"max-image-preview:large","max-video-preview":"max-video-preview:-1"},"canonical":"https:\/\/feurich.com\/de\/produkte\/zubehoer\/klavierlampen\/","og_locale":"de_DE","og_type":"article","og_title":"Klavierlampen - FEURICH","og_description":"Die blendfreien FEURICH Klavierlampen mit LED-Licht passen in ihrer klaren Formsprache ins private Klavierzimmer ebenso wie auf die gro\u00dfe B\u00fchne.","og_url":"https:\/\/feurich.com\/de\/produkte\/zubehoer\/klavierlampen\/","og_site_name":"FEURICH","article_publisher":"https:\/\/www.facebook.com\/feurichvienna\/","article_modified_time":"2017-12-05T02:08:11+00:00","og_image":[{"width":720,"height":480,"url":"https:\/\/feurich.com\/wp-content\/uploads\/FEURICH-LED-upright-piano-lamp.jpg","type":"image\/jpeg"}],"twitter_card":"summary_large_image","twitter_misc":{"Gesch\u00e4tzte Lesezeit":"1\u00a0Minute"},"schema":{"@context":"https:\/\/schema.org","@graph":[{"@type":"WebPage","@id":"https:\/\/feurich.com\/de\/produkte\/zubehoer\/klavierlampen\/","url":"https:\/\/feurich.com\/de\/produkte\/zubehoer\/klavierlampen\/","name":"Klavierlampen - FEURICH","isPartOf":{"@id":"https:\/\/feurich.com\/en\/#website"},"primaryImageOfPage":{"@id":"https:\/\/feurich.com\/de\/produkte\/zubehoer\/klavierlampen\/#primaryimage"},"image":{"@id":"https:\/\/feurich.com\/de\/produkte\/zubehoer\/klavierlampen\/#primaryimage"},"thumbnailUrl":"https:\/\/feurich.com\/wp-content\/uploads\/FEURICH-LED-upright-piano-lamp.jpg","datePublished":"2017-11-26T19:30:08+00:00","dateModified":"2017-12-05T02:08:11+00:00","description":"Die blendfreien FEURICH Klavierlampen mit LED-Licht passen in ihrer klaren Formsprache ins private Klavierzimmer ebenso wie auf die gro\u00dfe B\u00fchne.","breadcrumb":{"@id":"https:\/\/feurich.com\/de\/produkte\/zubehoer\/klavierlampen\/#breadcrumb"},"inLanguage":"de","potentialAction":[{"@type":"ReadAction","target":["https:\/\/feurich.com\/de\/produkte\/zubehoer\/klavierlampen\/"]}]},{"@type":"ImageObject","inLanguage":"de","@id":"https:\/\/feurich.com\/de\/produkte\/zubehoer\/klavierlampen\/#primaryimage","url":"https:\/\/feurich.com\/wp-content\/uploads\/FEURICH-LED-upright-piano-lamp.jpg","contentUrl":"https:\/\/feurich.com\/wp-content\/uploads\/FEURICH-LED-upright-piano-lamp.jpg","width":720,"height":480,"caption":"FEURICH LED upright piano lamp"},{"@type":"BreadcrumbList","@id":"https:\/\/feurich.com\/de\/produkte\/zubehoer\/klavierlampen\/#breadcrumb","itemListElement":[{"@type":"ListItem","position":1,"name":"Home","item":"https:\/\/feurich.com\/de\/"},{"@type":"ListItem","position":2,"name":"KLAVIERE &#038; MEHR","item":"https:\/\/feurich.com\/de\/produkte\/"},{"@type":"ListItem","position":3,"name":"Zubeh\u00f6r","item":"https:\/\/feurich.com\/de\/produkte\/zubehoer\/"},{"@type":"ListItem","position":4,"name":"Klavierlampen"}]},{"@type":"WebSite","@id":"https:\/\/feurich.com\/en\/#website","url":"https:\/\/feurich.com\/en\/","name":"FEURICH","description":"A sound that connects","publisher":{"@id":"https:\/\/feurich.com\/en\/#organization"},"potentialAction":[{"@type":"SearchAction","target":{"@type":"EntryPoint","urlTemplate":"https:\/\/feurich.com\/en\/?s={search_term_string}"},"query-input":{"@type":"PropertyValueSpecification","valueRequired":true,"valueName":"search_term_string"}}],"inLanguage":"de"},{"@type":"Organization","@id":"https:\/\/feurich.com\/en\/#organization","name":"FEURICH","url":"https:\/\/feurich.com\/en\/","logo":{"@type":"ImageObject","inLanguage":"de","@id":"https:\/\/feurich.com\/en\/#\/schema\/logo\/image\/","url":"https:\/\/feurich.com\/wp-content\/uploads\/logo.png","contentUrl":"https:\/\/feurich.com\/wp-content\/uploads\/logo.png","width":354,"height":151,"caption":"FEURICH"},"image":{"@id":"https:\/\/feurich.com\/en\/#\/schema\/logo\/image\/"},"sameAs":["https:\/\/www.facebook.com\/feurichvienna\/"]}]}},"_links":{"self":[{"href":"https:\/\/feurich.com\/de\/wp-json\/wp\/v2\/pages\/4403","targetHints":{"allow":["GET"]}}],"collection":[{"href":"https:\/\/feurich.com\/de\/wp-json\/wp\/v2\/pages"}],"about":[{"href":"https:\/\/feurich.com\/de\/wp-json\/wp\/v2\/types\/page"}],"author":[{"embeddable":true,"href":"https:\/\/feurich.com\/de\/wp-json\/wp\/v2\/users\/7"}],"replies":[{"embeddable":true,"href":"https:\/\/feurich.com\/de\/wp-json\/wp\/v2\/comments?post=4403"}],"version-history":[{"count":5,"href":"https:\/\/feurich.com\/de\/wp-json\/wp\/v2\/pages\/4403\/revisions"}],"predecessor-version":[{"id":4409,"href":"https:\/\/feurich.com\/de\/wp-json\/wp\/v2\/pages\/4403\/revisions\/4409"}],"up":[{"embeddable":true,"href":"https:\/\/feurich.com\/de\/wp-json\/wp\/v2\/pages\/1321"}],"wp:featuredmedia":[{"embeddable":true,"href":"https:\/\/feurich.com\/de\/wp-json\/wp\/v2\/media\/4417"}],"wp:attachment":[{"href":"https:\/\/feurich.com\/de\/wp-json\/wp\/v2\/media?parent=4403"}],"curies":[{"name":"wp","href":"https:\/\/api.w.org\/{rel}","templated":true}]}}