{"id":438,"date":"2017-08-08T21:13:11","date_gmt":"2017-08-08T21:13:11","guid":{"rendered":"\/?page_id=438"},"modified":"2021-11-23T10:54:41","modified_gmt":"2021-11-23T10:54:41","slug":"silencer","status":"publish","type":"page","link":"https:\/\/feurich.com\/de\/innovationen\/silencer\/","title":{"rendered":"Silencer"},"content":{"rendered":"<div class=\"wpb-content-wrapper\"><p>[vc_row][vc_column width=&#8220;1\/3&#8243;][vc_empty_space][\/vc_column][vc_column width=&#8220;2\/3&#8243;][vc_empty_space][vc_column_text el_class=&#8220;big-title&#8220;]<\/p>\n<p style=\"text-align: left;\">Silencer<\/p>\n<p>[\/vc_column_text][vc_empty_space height=&#8220;20px&#8220;][\/vc_column][\/vc_row][vc_row][vc_column width=&#8220;1\/3&#8243;][vc_single_image image=&#8220;1035&#8243; img_size=&#8220;large&#8220;][\/vc_column][vc_column width=&#8220;2\/3&#8243;][vc_column_text]Nie wieder ver\u00e4rgerte Nachbarn wegen einer zu lauten Ger\u00e4uschkulisse beim \u00dcben! Mit dem von uns eigens entwickelten \u201eReal Touch Silencer System\u201c k\u00f6nnen PianistInnen ihre Finger nun auch problemlos in der Nacht trainieren. Durch den Stummschaltmodus k\u00f6nnen Sie Ihr Instrument <strong>komplett lautlos<\/strong> schalten und den Klang \u00fcber Kopfh\u00f6rer h\u00f6ren. Das Piano kann unkompliziert deaktiviert werden, ohne es absperren zu m\u00fcssen. So kommen die lieben Kleinen auch nicht in Versuchung, lautstark auf dem Klavier zu h\u00e4mmern.<\/p>\n<h5>F\u00fcr Pianos<\/h5>\n<p>Das Silencer System l\u00e4sst sich in alle unsere Piano-Modelle einbauen. Es kann auch nachtr\u00e4glich in Modelle von anderen Herstellern eingebaut werden. Nur bei extrem kleinen Pianinos k\u00f6nnen manchmal aus Platzgr\u00fcnden individuelle L\u00f6sungen notwendig werden.<\/p>\n<h5>F\u00fcr Fl\u00fcgel<\/h5>\n<p>Unser Silencer-System mit Stoppleiste eignet sich f\u00fcr nahezu alle Fl\u00fcgel s\u00e4mtlicher Hersteller. Die Ausl\u00f6sung wird auf 6-8 mm von den Saiten eingestellt.<\/p>\n<p>Wir beraten Sie gerne pers\u00f6nlich \u00fcber unser vielf\u00e4ltiges Angebot. \u00a0<a href=\"https:\/\/feurich.com\/de\/information-kontakt\/kontakt\/\">&gt;&gt; Kontakt<\/a>[\/vc_column_text][\/vc_column][\/vc_row]<\/p>\n<\/div>","protected":false},"excerpt":{"rendered":"<p>Nie wieder ver\u00e4rgerte Nachbarn! Mit dem von uns entwickelten \u201eReal Touch Silencer System\u201c k\u00f6nnen Sie Ihr Instrument komplett lautlos schalten.<\/p>\n","protected":false},"author":4,"featured_media":1035,"parent":430,"menu_order":0,"comment_status":"closed","ping_status":"closed","template":"template-fullwidth.php","meta":{"inline_featured_image":false,"footnotes":""},"class_list":["post-438","page","type-page","status-publish","has-post-thumbnail","hentry"],"acf":[],"yoast_head":"<!-- This site is optimized with the Yoast SEO plugin v24.4 - https:\/\/yoast.com\/wordpress\/plugins\/seo\/ -->\n<title>Silencer - FEURICH<\/title>\n<meta name=\"robots\" content=\"index, follow, max-snippet:-1, max-image-preview:large, max-video-preview:-1\" \/>\n<link rel=\"canonical\" href=\"https:\/\/feurich.com\/de\/innovationen\/silencer\/\" \/>\n<meta property=\"og:locale\" content=\"de_DE\" \/>\n<meta property=\"og:type\" content=\"article\" \/>\n<meta property=\"og:title\" content=\"Silencer - FEURICH\" \/>\n<meta property=\"og:description\" content=\"Nie wieder ver\u00e4rgerte Nachbarn! Mit dem von uns entwickelten \u201eReal Touch Silencer System\u201c k\u00f6nnen Sie Ihr Instrument komplett lautlos schalten.\" \/>\n<meta property=\"og:url\" content=\"https:\/\/feurich.com\/de\/innovationen\/silencer\/\" \/>\n<meta property=\"og:site_name\" content=\"FEURICH\" \/>\n<meta property=\"article:publisher\" content=\"https:\/\/www.facebook.com\/feurichvienna\/\" \/>\n<meta property=\"article:modified_time\" content=\"2021-11-23T10:54:41+00:00\" \/>\n<meta property=\"og:image\" content=\"https:\/\/feurich.com\/wp-content\/uploads\/FEURICH_Silencer_on_1_web.jpg\" \/>\n\t<meta property=\"og:image:width\" content=\"1024\" \/>\n\t<meta property=\"og:image:height\" content=\"683\" \/>\n\t<meta property=\"og:image:type\" content=\"image\/jpeg\" \/>\n<meta name=\"twitter:card\" content=\"summary_large_image\" \/>\n<meta name=\"twitter:label1\" content=\"Gesch\u00e4tzte Lesezeit\" \/>\n\t<meta name=\"twitter:data1\" content=\"1\u00a0Minute\" \/>\n<script type=\"application\/ld+json\" class=\"yoast-schema-graph\">{\"@context\":\"https:\/\/schema.org\",\"@graph\":[{\"@type\":\"WebPage\",\"@id\":\"https:\/\/feurich.com\/de\/innovationen\/silencer\/\",\"url\":\"https:\/\/feurich.com\/de\/innovationen\/silencer\/\",\"name\":\"Silencer - FEURICH\",\"isPartOf\":{\"@id\":\"https:\/\/feurich.com\/en\/#website\"},\"primaryImageOfPage\":{\"@id\":\"https:\/\/feurich.com\/de\/innovationen\/silencer\/#primaryimage\"},\"image\":{\"@id\":\"https:\/\/feurich.com\/de\/innovationen\/silencer\/#primaryimage\"},\"thumbnailUrl\":\"https:\/\/feurich.com\/wp-content\/uploads\/FEURICH_Silencer_on_1_web.jpg\",\"datePublished\":\"2017-08-08T21:13:11+00:00\",\"dateModified\":\"2021-11-23T10:54:41+00:00\",\"breadcrumb\":{\"@id\":\"https:\/\/feurich.com\/de\/innovationen\/silencer\/#breadcrumb\"},\"inLanguage\":\"de\",\"potentialAction\":[{\"@type\":\"ReadAction\",\"target\":[\"https:\/\/feurich.com\/de\/innovationen\/silencer\/\"]}]},{\"@type\":\"ImageObject\",\"inLanguage\":\"de\",\"@id\":\"https:\/\/feurich.com\/de\/innovationen\/silencer\/#primaryimage\",\"url\":\"https:\/\/feurich.com\/wp-content\/uploads\/FEURICH_Silencer_on_1_web.jpg\",\"contentUrl\":\"https:\/\/feurich.com\/wp-content\/uploads\/FEURICH_Silencer_on_1_web.jpg\",\"width\":1024,\"height\":683,\"caption\":\"FEURICH_Silencer\"},{\"@type\":\"BreadcrumbList\",\"@id\":\"https:\/\/feurich.com\/de\/innovationen\/silencer\/#breadcrumb\",\"itemListElement\":[{\"@type\":\"ListItem\",\"position\":1,\"name\":\"Home\",\"item\":\"https:\/\/feurich.com\/de\/\"},{\"@type\":\"ListItem\",\"position\":2,\"name\":\"Innovationen\",\"item\":\"https:\/\/feurich.com\/de\/innovationen\/\"},{\"@type\":\"ListItem\",\"position\":3,\"name\":\"Silencer\"}]},{\"@type\":\"WebSite\",\"@id\":\"https:\/\/feurich.com\/en\/#website\",\"url\":\"https:\/\/feurich.com\/en\/\",\"name\":\"FEURICH\",\"description\":\"A sound that connects\",\"publisher\":{\"@id\":\"https:\/\/feurich.com\/en\/#organization\"},\"potentialAction\":[{\"@type\":\"SearchAction\",\"target\":{\"@type\":\"EntryPoint\",\"urlTemplate\":\"https:\/\/feurich.com\/en\/?s={search_term_string}\"},\"query-input\":{\"@type\":\"PropertyValueSpecification\",\"valueRequired\":true,\"valueName\":\"search_term_string\"}}],\"inLanguage\":\"de\"},{\"@type\":\"Organization\",\"@id\":\"https:\/\/feurich.com\/en\/#organization\",\"name\":\"FEURICH\",\"url\":\"https:\/\/feurich.com\/en\/\",\"logo\":{\"@type\":\"ImageObject\",\"inLanguage\":\"de\",\"@id\":\"https:\/\/feurich.com\/en\/#\/schema\/logo\/image\/\",\"url\":\"https:\/\/feurich.com\/wp-content\/uploads\/logo.png\",\"contentUrl\":\"https:\/\/feurich.com\/wp-content\/uploads\/logo.png\",\"width\":354,\"height\":151,\"caption\":\"FEURICH\"},\"image\":{\"@id\":\"https:\/\/feurich.com\/en\/#\/schema\/logo\/image\/\"},\"sameAs\":[\"https:\/\/www.facebook.com\/feurichvienna\/\"]}]}<\/script>\n<!-- \/ Yoast SEO plugin. -->","yoast_head_json":{"title":"Silencer - FEURICH","robots":{"index":"index","follow":"follow","max-snippet":"max-snippet:-1","max-image-preview":"max-image-preview:large","max-video-preview":"max-video-preview:-1"},"canonical":"https:\/\/feurich.com\/de\/innovationen\/silencer\/","og_locale":"de_DE","og_type":"article","og_title":"Silencer - FEURICH","og_description":"Nie wieder ver\u00e4rgerte Nachbarn! Mit dem von uns entwickelten \u201eReal Touch Silencer System\u201c k\u00f6nnen Sie Ihr Instrument komplett lautlos schalten.","og_url":"https:\/\/feurich.com\/de\/innovationen\/silencer\/","og_site_name":"FEURICH","article_publisher":"https:\/\/www.facebook.com\/feurichvienna\/","article_modified_time":"2021-11-23T10:54:41+00:00","og_image":[{"width":1024,"height":683,"url":"https:\/\/feurich.com\/wp-content\/uploads\/FEURICH_Silencer_on_1_web.jpg","type":"image\/jpeg"}],"twitter_card":"summary_large_image","twitter_misc":{"Gesch\u00e4tzte Lesezeit":"1\u00a0Minute"},"schema":{"@context":"https:\/\/schema.org","@graph":[{"@type":"WebPage","@id":"https:\/\/feurich.com\/de\/innovationen\/silencer\/","url":"https:\/\/feurich.com\/de\/innovationen\/silencer\/","name":"Silencer - FEURICH","isPartOf":{"@id":"https:\/\/feurich.com\/en\/#website"},"primaryImageOfPage":{"@id":"https:\/\/feurich.com\/de\/innovationen\/silencer\/#primaryimage"},"image":{"@id":"https:\/\/feurich.com\/de\/innovationen\/silencer\/#primaryimage"},"thumbnailUrl":"https:\/\/feurich.com\/wp-content\/uploads\/FEURICH_Silencer_on_1_web.jpg","datePublished":"2017-08-08T21:13:11+00:00","dateModified":"2021-11-23T10:54:41+00:00","breadcrumb":{"@id":"https:\/\/feurich.com\/de\/innovationen\/silencer\/#breadcrumb"},"inLanguage":"de","potentialAction":[{"@type":"ReadAction","target":["https:\/\/feurich.com\/de\/innovationen\/silencer\/"]}]},{"@type":"ImageObject","inLanguage":"de","@id":"https:\/\/feurich.com\/de\/innovationen\/silencer\/#primaryimage","url":"https:\/\/feurich.com\/wp-content\/uploads\/FEURICH_Silencer_on_1_web.jpg","contentUrl":"https:\/\/feurich.com\/wp-content\/uploads\/FEURICH_Silencer_on_1_web.jpg","width":1024,"height":683,"caption":"FEURICH_Silencer"},{"@type":"BreadcrumbList","@id":"https:\/\/feurich.com\/de\/innovationen\/silencer\/#breadcrumb","itemListElement":[{"@type":"ListItem","position":1,"name":"Home","item":"https:\/\/feurich.com\/de\/"},{"@type":"ListItem","position":2,"name":"Innovationen","item":"https:\/\/feurich.com\/de\/innovationen\/"},{"@type":"ListItem","position":3,"name":"Silencer"}]},{"@type":"WebSite","@id":"https:\/\/feurich.com\/en\/#website","url":"https:\/\/feurich.com\/en\/","name":"FEURICH","description":"A sound that connects","publisher":{"@id":"https:\/\/feurich.com\/en\/#organization"},"potentialAction":[{"@type":"SearchAction","target":{"@type":"EntryPoint","urlTemplate":"https:\/\/feurich.com\/en\/?s={search_term_string}"},"query-input":{"@type":"PropertyValueSpecification","valueRequired":true,"valueName":"search_term_string"}}],"inLanguage":"de"},{"@type":"Organization","@id":"https:\/\/feurich.com\/en\/#organization","name":"FEURICH","url":"https:\/\/feurich.com\/en\/","logo":{"@type":"ImageObject","inLanguage":"de","@id":"https:\/\/feurich.com\/en\/#\/schema\/logo\/image\/","url":"https:\/\/feurich.com\/wp-content\/uploads\/logo.png","contentUrl":"https:\/\/feurich.com\/wp-content\/uploads\/logo.png","width":354,"height":151,"caption":"FEURICH"},"image":{"@id":"https:\/\/feurich.com\/en\/#\/schema\/logo\/image\/"},"sameAs":["https:\/\/www.facebook.com\/feurichvienna\/"]}]}},"_links":{"self":[{"href":"https:\/\/feurich.com\/de\/wp-json\/wp\/v2\/pages\/438","targetHints":{"allow":["GET"]}}],"collection":[{"href":"https:\/\/feurich.com\/de\/wp-json\/wp\/v2\/pages"}],"about":[{"href":"https:\/\/feurich.com\/de\/wp-json\/wp\/v2\/types\/page"}],"author":[{"embeddable":true,"href":"https:\/\/feurich.com\/de\/wp-json\/wp\/v2\/users\/4"}],"replies":[{"embeddable":true,"href":"https:\/\/feurich.com\/de\/wp-json\/wp\/v2\/comments?post=438"}],"version-history":[{"count":10,"href":"https:\/\/feurich.com\/de\/wp-json\/wp\/v2\/pages\/438\/revisions"}],"predecessor-version":[{"id":55709,"href":"https:\/\/feurich.com\/de\/wp-json\/wp\/v2\/pages\/438\/revisions\/55709"}],"up":[{"embeddable":true,"href":"https:\/\/feurich.com\/de\/wp-json\/wp\/v2\/pages\/430"}],"wp:featuredmedia":[{"embeddable":true,"href":"https:\/\/feurich.com\/de\/wp-json\/wp\/v2\/media\/1035"}],"wp:attachment":[{"href":"https:\/\/feurich.com\/de\/wp-json\/wp\/v2\/media?parent=438"}],"curies":[{"name":"wp","href":"https:\/\/api.w.org\/{rel}","templated":true}]}}