{"id":4370,"date":"2017-11-26T16:45:03","date_gmt":"2017-11-26T16:45:03","guid":{"rendered":"\/?page_id=4370"},"modified":"2017-12-05T02:09:47","modified_gmt":"2017-12-05T02:09:47","slug":"werkzeugset","status":"publish","type":"page","link":"https:\/\/feurich.com\/de\/produkte\/zubehoer\/werkzeugset\/","title":{"rendered":"Werkzeugset"},"content":{"rendered":"<div class=\"wpb-content-wrapper\"><p>[vc_row bg_type=&#8220;image&#8220; parallax_style=&#8220;vcpb-default&#8220; bg_image_new=&#8220;id^521|url^\/wp-content\/uploads\/2017\/08\/home-fon-bl3.jpg|caption^null|alt^null|title^home-fon-bl3|description^null&#8220; bg_image_repeat=&#8220;no-repeat&#8220; bg_override=&#8220;full&#8220;][vc_column 0=&#8220;&#8220;][vc_empty_space height=&#8220;5px&#8220;][vc_row_inner 0=&#8220;&#8220;][vc_column_inner width=&#8220;1\/6&#8243;][\/vc_column_inner][vc_column_inner width=&#8220;4\/6&#8243;][vc_column_text el_class=&#8220;big-title&#8220; css=&#8220;.vc_custom_1511715545110{margin-bottom: 15px !important;}&#8220;]<\/p>\n<p style=\"text-align: center; color: white;\">Werkzeugset<\/p>\n<p>[\/vc_column_text][vc_column_text 0=&#8220;&#8220;][\/vc_column_text][\/vc_column_inner][vc_column_inner width=&#8220;1\/6&#8243;][\/vc_column_inner][\/vc_row_inner][vc_empty_space 0=&#8220;&#8220;][\/vc_column][\/vc_row][vc_row 0=&#8220;&#8220;][vc_column width=&#8220;1\/3&#8243;][vc_single_image image=&#8220;4189&#8243; img_size=&#8220;360 x 260&#8243; alignment=&#8220;center&#8220; css=&#8220;.vc_custom_1511715089768{margin-bottom: 10px !important;}&#8220;][\/vc_column][vc_column width=&#8220;1\/3&#8243;][vc_column_text el_class=&#8220;products-title&#8220;]Werkzeug f\u00fcr Profis[\/vc_column_text][vc_column_text 0=&#8220;&#8220;]Speziell f\u00fcr Pianotechniker bieten wir ein eigenes Werkzeugset an, das alles beinhaltet, was in der t\u00e4glichen Arbeit notwendig ist. Selbstverst\u00e4ndlich haben wir jedes einzelne Werkzeug einer eingehenden Qualit\u00e4tskontrolle unterzogen und das Set mit genau den Teilen ausgestattet, die auch unsere Techniker verwenden.<\/p>\n<p>Das FEURICH Werkzeugset ist auch eine Art Erste-Hilfe-Set f\u00fcr Pianos in entlegenen Gegenden sowie f\u00fcr technisch versierte PianistInnen, die nur eine Taste oder Seite korrigieren wollen, ohne deshalb gleich ein komplettes Service zu beauftragen.<\/p>\n<p>Sie m\u00f6chten mehr \u00fcber das FEURICH Werkzeugset erfahren? Wir beraten Sie gerne. <a href=\"https:\/\/feurich.com\/de\/information-kontakt\/\">&gt;&gt; Kontakt<\/a>[\/vc_column_text][vc_empty_space height=&#8220;12px&#8220;][\/vc_column][vc_column width=&#8220;1\/3&#8243;][vc_single_image image=&#8220;4147&#8243; img_size=&#8220;360&#215;260&#8243; alignment=&#8220;center&#8220; css=&#8220;.vc_custom_1511715116166{margin-bottom: 10px !important;}&#8220;][\/vc_column][\/vc_row]<\/p>\n<\/div>","protected":false},"excerpt":{"rendered":"<p>Das Werkzeugset f\u00fcr Pianotechniker enth\u00e4lt alles, was in der t\u00e4glichen Arbeit notwendig ist. <\/p>\n","protected":false},"author":7,"featured_media":4372,"parent":1321,"menu_order":5,"comment_status":"closed","ping_status":"closed","template":"template-fullwidth.php","meta":{"inline_featured_image":false,"footnotes":""},"class_list":["post-4370","page","type-page","status-publish","has-post-thumbnail","hentry"],"acf":[],"yoast_head":"<!-- This site is optimized with the Yoast SEO plugin v24.4 - https:\/\/yoast.com\/wordpress\/plugins\/seo\/ -->\n<title>Werkzeugset - FEURICH<\/title>\n<meta name=\"description\" content=\"Speziell f\u00fcr Pianotechniker bieten wir ein eigenes Werkzeugset an, das alles beinhaltet, was in der t\u00e4glichen Arbeit notwendig ist.\" \/>\n<meta name=\"robots\" content=\"index, follow, max-snippet:-1, max-image-preview:large, max-video-preview:-1\" \/>\n<link rel=\"canonical\" href=\"https:\/\/feurich.com\/de\/produkte\/zubehoer\/werkzeugset\/\" \/>\n<meta property=\"og:locale\" content=\"de_DE\" \/>\n<meta property=\"og:type\" content=\"article\" \/>\n<meta property=\"og:title\" content=\"Werkzeugset - FEURICH\" \/>\n<meta property=\"og:description\" content=\"Speziell f\u00fcr Pianotechniker bieten wir ein eigenes Werkzeugset an, das alles beinhaltet, was in der t\u00e4glichen Arbeit notwendig ist.\" \/>\n<meta property=\"og:url\" content=\"https:\/\/feurich.com\/de\/produkte\/zubehoer\/werkzeugset\/\" \/>\n<meta property=\"og:site_name\" content=\"FEURICH\" \/>\n<meta property=\"article:publisher\" content=\"https:\/\/www.facebook.com\/feurichvienna\/\" \/>\n<meta property=\"article:modified_time\" content=\"2017-12-05T02:09:47+00:00\" \/>\n<meta property=\"og:image\" content=\"https:\/\/feurich.com\/wp-content\/uploads\/tool-set-pianos-1.jpg\" \/>\n\t<meta property=\"og:image:width\" content=\"360\" \/>\n\t<meta property=\"og:image:height\" content=\"240\" \/>\n\t<meta property=\"og:image:type\" content=\"image\/jpeg\" \/>\n<meta name=\"twitter:card\" content=\"summary_large_image\" \/>\n<meta name=\"twitter:label1\" content=\"Gesch\u00e4tzte Lesezeit\" \/>\n\t<meta name=\"twitter:data1\" content=\"1\u00a0Minute\" \/>\n<script type=\"application\/ld+json\" class=\"yoast-schema-graph\">{\"@context\":\"https:\/\/schema.org\",\"@graph\":[{\"@type\":\"WebPage\",\"@id\":\"https:\/\/feurich.com\/de\/produkte\/zubehoer\/werkzeugset\/\",\"url\":\"https:\/\/feurich.com\/de\/produkte\/zubehoer\/werkzeugset\/\",\"name\":\"Werkzeugset - FEURICH\",\"isPartOf\":{\"@id\":\"https:\/\/feurich.com\/en\/#website\"},\"primaryImageOfPage\":{\"@id\":\"https:\/\/feurich.com\/de\/produkte\/zubehoer\/werkzeugset\/#primaryimage\"},\"image\":{\"@id\":\"https:\/\/feurich.com\/de\/produkte\/zubehoer\/werkzeugset\/#primaryimage\"},\"thumbnailUrl\":\"https:\/\/feurich.com\/wp-content\/uploads\/tool-set-pianos-1.jpg\",\"datePublished\":\"2017-11-26T16:45:03+00:00\",\"dateModified\":\"2017-12-05T02:09:47+00:00\",\"description\":\"Speziell f\u00fcr Pianotechniker bieten wir ein eigenes Werkzeugset an, das alles beinhaltet, was in der t\u00e4glichen Arbeit notwendig ist.\",\"breadcrumb\":{\"@id\":\"https:\/\/feurich.com\/de\/produkte\/zubehoer\/werkzeugset\/#breadcrumb\"},\"inLanguage\":\"de\",\"potentialAction\":[{\"@type\":\"ReadAction\",\"target\":[\"https:\/\/feurich.com\/de\/produkte\/zubehoer\/werkzeugset\/\"]}]},{\"@type\":\"ImageObject\",\"inLanguage\":\"de\",\"@id\":\"https:\/\/feurich.com\/de\/produkte\/zubehoer\/werkzeugset\/#primaryimage\",\"url\":\"https:\/\/feurich.com\/wp-content\/uploads\/tool-set-pianos-1.jpg\",\"contentUrl\":\"https:\/\/feurich.com\/wp-content\/uploads\/tool-set-pianos-1.jpg\",\"width\":360,\"height\":240,\"caption\":\"FEURICH Tool Set\"},{\"@type\":\"BreadcrumbList\",\"@id\":\"https:\/\/feurich.com\/de\/produkte\/zubehoer\/werkzeugset\/#breadcrumb\",\"itemListElement\":[{\"@type\":\"ListItem\",\"position\":1,\"name\":\"Home\",\"item\":\"https:\/\/feurich.com\/de\/\"},{\"@type\":\"ListItem\",\"position\":2,\"name\":\"KLAVIERE &#038; MEHR\",\"item\":\"https:\/\/feurich.com\/de\/produkte\/\"},{\"@type\":\"ListItem\",\"position\":3,\"name\":\"Zubeh\u00f6r\",\"item\":\"https:\/\/feurich.com\/de\/produkte\/zubehoer\/\"},{\"@type\":\"ListItem\",\"position\":4,\"name\":\"Werkzeugset\"}]},{\"@type\":\"WebSite\",\"@id\":\"https:\/\/feurich.com\/en\/#website\",\"url\":\"https:\/\/feurich.com\/en\/\",\"name\":\"FEURICH\",\"description\":\"A sound that connects\",\"publisher\":{\"@id\":\"https:\/\/feurich.com\/en\/#organization\"},\"potentialAction\":[{\"@type\":\"SearchAction\",\"target\":{\"@type\":\"EntryPoint\",\"urlTemplate\":\"https:\/\/feurich.com\/en\/?s={search_term_string}\"},\"query-input\":{\"@type\":\"PropertyValueSpecification\",\"valueRequired\":true,\"valueName\":\"search_term_string\"}}],\"inLanguage\":\"de\"},{\"@type\":\"Organization\",\"@id\":\"https:\/\/feurich.com\/en\/#organization\",\"name\":\"FEURICH\",\"url\":\"https:\/\/feurich.com\/en\/\",\"logo\":{\"@type\":\"ImageObject\",\"inLanguage\":\"de\",\"@id\":\"https:\/\/feurich.com\/en\/#\/schema\/logo\/image\/\",\"url\":\"https:\/\/feurich.com\/wp-content\/uploads\/logo.png\",\"contentUrl\":\"https:\/\/feurich.com\/wp-content\/uploads\/logo.png\",\"width\":354,\"height\":151,\"caption\":\"FEURICH\"},\"image\":{\"@id\":\"https:\/\/feurich.com\/en\/#\/schema\/logo\/image\/\"},\"sameAs\":[\"https:\/\/www.facebook.com\/feurichvienna\/\"]}]}<\/script>\n<!-- \/ Yoast SEO plugin. -->","yoast_head_json":{"title":"Werkzeugset - FEURICH","description":"Speziell f\u00fcr Pianotechniker bieten wir ein eigenes Werkzeugset an, das alles beinhaltet, was in der t\u00e4glichen Arbeit notwendig ist.","robots":{"index":"index","follow":"follow","max-snippet":"max-snippet:-1","max-image-preview":"max-image-preview:large","max-video-preview":"max-video-preview:-1"},"canonical":"https:\/\/feurich.com\/de\/produkte\/zubehoer\/werkzeugset\/","og_locale":"de_DE","og_type":"article","og_title":"Werkzeugset - FEURICH","og_description":"Speziell f\u00fcr Pianotechniker bieten wir ein eigenes Werkzeugset an, das alles beinhaltet, was in der t\u00e4glichen Arbeit notwendig ist.","og_url":"https:\/\/feurich.com\/de\/produkte\/zubehoer\/werkzeugset\/","og_site_name":"FEURICH","article_publisher":"https:\/\/www.facebook.com\/feurichvienna\/","article_modified_time":"2017-12-05T02:09:47+00:00","og_image":[{"width":360,"height":240,"url":"https:\/\/feurich.com\/wp-content\/uploads\/tool-set-pianos-1.jpg","type":"image\/jpeg"}],"twitter_card":"summary_large_image","twitter_misc":{"Gesch\u00e4tzte Lesezeit":"1\u00a0Minute"},"schema":{"@context":"https:\/\/schema.org","@graph":[{"@type":"WebPage","@id":"https:\/\/feurich.com\/de\/produkte\/zubehoer\/werkzeugset\/","url":"https:\/\/feurich.com\/de\/produkte\/zubehoer\/werkzeugset\/","name":"Werkzeugset - FEURICH","isPartOf":{"@id":"https:\/\/feurich.com\/en\/#website"},"primaryImageOfPage":{"@id":"https:\/\/feurich.com\/de\/produkte\/zubehoer\/werkzeugset\/#primaryimage"},"image":{"@id":"https:\/\/feurich.com\/de\/produkte\/zubehoer\/werkzeugset\/#primaryimage"},"thumbnailUrl":"https:\/\/feurich.com\/wp-content\/uploads\/tool-set-pianos-1.jpg","datePublished":"2017-11-26T16:45:03+00:00","dateModified":"2017-12-05T02:09:47+00:00","description":"Speziell f\u00fcr Pianotechniker bieten wir ein eigenes Werkzeugset an, das alles beinhaltet, was in der t\u00e4glichen Arbeit notwendig ist.","breadcrumb":{"@id":"https:\/\/feurich.com\/de\/produkte\/zubehoer\/werkzeugset\/#breadcrumb"},"inLanguage":"de","potentialAction":[{"@type":"ReadAction","target":["https:\/\/feurich.com\/de\/produkte\/zubehoer\/werkzeugset\/"]}]},{"@type":"ImageObject","inLanguage":"de","@id":"https:\/\/feurich.com\/de\/produkte\/zubehoer\/werkzeugset\/#primaryimage","url":"https:\/\/feurich.com\/wp-content\/uploads\/tool-set-pianos-1.jpg","contentUrl":"https:\/\/feurich.com\/wp-content\/uploads\/tool-set-pianos-1.jpg","width":360,"height":240,"caption":"FEURICH Tool Set"},{"@type":"BreadcrumbList","@id":"https:\/\/feurich.com\/de\/produkte\/zubehoer\/werkzeugset\/#breadcrumb","itemListElement":[{"@type":"ListItem","position":1,"name":"Home","item":"https:\/\/feurich.com\/de\/"},{"@type":"ListItem","position":2,"name":"KLAVIERE &#038; MEHR","item":"https:\/\/feurich.com\/de\/produkte\/"},{"@type":"ListItem","position":3,"name":"Zubeh\u00f6r","item":"https:\/\/feurich.com\/de\/produkte\/zubehoer\/"},{"@type":"ListItem","position":4,"name":"Werkzeugset"}]},{"@type":"WebSite","@id":"https:\/\/feurich.com\/en\/#website","url":"https:\/\/feurich.com\/en\/","name":"FEURICH","description":"A sound that connects","publisher":{"@id":"https:\/\/feurich.com\/en\/#organization"},"potentialAction":[{"@type":"SearchAction","target":{"@type":"EntryPoint","urlTemplate":"https:\/\/feurich.com\/en\/?s={search_term_string}"},"query-input":{"@type":"PropertyValueSpecification","valueRequired":true,"valueName":"search_term_string"}}],"inLanguage":"de"},{"@type":"Organization","@id":"https:\/\/feurich.com\/en\/#organization","name":"FEURICH","url":"https:\/\/feurich.com\/en\/","logo":{"@type":"ImageObject","inLanguage":"de","@id":"https:\/\/feurich.com\/en\/#\/schema\/logo\/image\/","url":"https:\/\/feurich.com\/wp-content\/uploads\/logo.png","contentUrl":"https:\/\/feurich.com\/wp-content\/uploads\/logo.png","width":354,"height":151,"caption":"FEURICH"},"image":{"@id":"https:\/\/feurich.com\/en\/#\/schema\/logo\/image\/"},"sameAs":["https:\/\/www.facebook.com\/feurichvienna\/"]}]}},"_links":{"self":[{"href":"https:\/\/feurich.com\/de\/wp-json\/wp\/v2\/pages\/4370","targetHints":{"allow":["GET"]}}],"collection":[{"href":"https:\/\/feurich.com\/de\/wp-json\/wp\/v2\/pages"}],"about":[{"href":"https:\/\/feurich.com\/de\/wp-json\/wp\/v2\/types\/page"}],"author":[{"embeddable":true,"href":"https:\/\/feurich.com\/de\/wp-json\/wp\/v2\/users\/7"}],"replies":[{"embeddable":true,"href":"https:\/\/feurich.com\/de\/wp-json\/wp\/v2\/comments?post=4370"}],"version-history":[{"count":6,"href":"https:\/\/feurich.com\/de\/wp-json\/wp\/v2\/pages\/4370\/revisions"}],"predecessor-version":[{"id":4382,"href":"https:\/\/feurich.com\/de\/wp-json\/wp\/v2\/pages\/4370\/revisions\/4382"}],"up":[{"embeddable":true,"href":"https:\/\/feurich.com\/de\/wp-json\/wp\/v2\/pages\/1321"}],"wp:featuredmedia":[{"embeddable":true,"href":"https:\/\/feurich.com\/de\/wp-json\/wp\/v2\/media\/4372"}],"wp:attachment":[{"href":"https:\/\/feurich.com\/de\/wp-json\/wp\/v2\/media?parent=4370"}],"curies":[{"name":"wp","href":"https:\/\/api.w.org\/{rel}","templated":true}]}}