{"id":436,"date":"2017-08-08T21:12:56","date_gmt":"2017-08-08T21:12:56","guid":{"rendered":"\/?page_id=436"},"modified":"2019-02-15T12:33:55","modified_gmt":"2019-02-15T12:33:55","slug":"modell-123-vienna","status":"publish","type":"page","link":"https:\/\/feurich.com\/de\/innovationen\/modell-123-vienna\/","title":{"rendered":"Modell 123 \u2013 Vienna"},"content":{"rendered":"<div class=\"wpb-content-wrapper\"><p>[vc_row][vc_column][vc_empty_space][vc_column_text el_class=&#8220;big-title&#8220;]<\/p>\n<p style=\"text-align: center;\">Mod. 123 \u2013 Vienna \u201eMade in Austria\u201c<\/p>\n<p>[\/vc_column_text][vc_empty_space height=&#8220;20px&#8220;][\/vc_column][\/vc_row][vc_row][vc_column width=&#8220;1\/3&#8243;][vc_single_image image=&#8220;964&#8243; img_size=&#8220;large&#8220;][\/vc_column][vc_column width=&#8220;2\/3&#8243;][vc_column_text]Die neueste Innovation von FEURICH ist das Piano Mod. 123 \u2013 Vienna. Dieses Modell weist in den zentralen Bereichen des Pianos wie dem Spielwerk, Geh\u00e4use und Pedalsystem v\u00f6llig neue Konzepte auf. So verf\u00fcgt das \u201eWienklavier\u201c, wie es umgangssprachlich liebevoll genannt wird, \u00fcber eine \u201ebleifreie Klaviatur\u201c. Au\u00dferdem kann es \u2013 als erstes in Serie gefertigtes Klavier \u2013 problemlos <strong>ohne Geh\u00e4use<\/strong> gespielt werden und eignet sich dadurch perfekt f\u00fcr Aufnahmen, Konzerte und heikle Transporte. <a href=\"https:\/\/feurich.com\/de\/produkte\/vienna-pianos\/\">&gt;&gt; Details<\/a><\/p>\n<p>Zudem verf\u00fcgt das Modell 123 \u00fcber die innovative <a href=\"https:\/\/feurich.com\/de\/innovationen\/high-speed-kamm-action\/\">High Speed KAMM Action<\/a>, die eine <strong>extrem schnelle Repetition<\/strong>, wie man sie sonst nur bei den besten Konzertfl\u00fcgeln vorfindet, erm\u00f6glicht. Das Vienna Piano l\u00e4sst sich durch die High Speed Kamm Action leichter und pr\u00e4ziser spielen als jedes andere Piano am Markt.[\/vc_column_text][\/vc_column][\/vc_row]<\/p>\n<\/div>","protected":false},"excerpt":{"rendered":"<p>Die neueste Innovation von FEURICH weist in den zentralen Bereichen des Pianos wie dem Spielwerk, Geh\u00e4use und Pedalsystem v\u00f6llig neue Konzepte auf. <\/p>\n","protected":false},"author":4,"featured_media":0,"parent":430,"menu_order":1,"comment_status":"closed","ping_status":"closed","template":"template-fullwidth.php","meta":{"inline_featured_image":false,"footnotes":""},"class_list":["post-436","page","type-page","status-publish","hentry"],"acf":[],"yoast_head":"<!-- This site is optimized with the Yoast SEO plugin v24.4 - https:\/\/yoast.com\/wordpress\/plugins\/seo\/ -->\n<title>Modell 123 \u2013 Vienna - FEURICH<\/title>\n<meta name=\"robots\" content=\"index, follow, max-snippet:-1, max-image-preview:large, max-video-preview:-1\" \/>\n<link rel=\"canonical\" href=\"https:\/\/feurich.com\/de\/innovationen\/modell-123-vienna\/\" \/>\n<meta property=\"og:locale\" content=\"de_DE\" \/>\n<meta property=\"og:type\" content=\"article\" \/>\n<meta property=\"og:title\" content=\"Modell 123 \u2013 Vienna - FEURICH\" \/>\n<meta property=\"og:description\" content=\"Die neueste Innovation von FEURICH weist in den zentralen Bereichen des Pianos wie dem Spielwerk, Geh\u00e4use und Pedalsystem v\u00f6llig neue Konzepte auf.\" \/>\n<meta property=\"og:url\" content=\"https:\/\/feurich.com\/de\/innovationen\/modell-123-vienna\/\" \/>\n<meta property=\"og:site_name\" content=\"FEURICH\" \/>\n<meta property=\"article:publisher\" content=\"https:\/\/www.facebook.com\/feurichvienna\/\" \/>\n<meta property=\"article:modified_time\" content=\"2019-02-15T12:33:55+00:00\" \/>\n<meta name=\"twitter:card\" content=\"summary_large_image\" \/>\n<meta name=\"twitter:label1\" content=\"Gesch\u00e4tzte Lesezeit\" \/>\n\t<meta name=\"twitter:data1\" content=\"1\u00a0Minute\" \/>\n<script type=\"application\/ld+json\" class=\"yoast-schema-graph\">{\"@context\":\"https:\/\/schema.org\",\"@graph\":[{\"@type\":\"WebPage\",\"@id\":\"https:\/\/feurich.com\/de\/innovationen\/modell-123-vienna\/\",\"url\":\"https:\/\/feurich.com\/de\/innovationen\/modell-123-vienna\/\",\"name\":\"Modell 123 \u2013 Vienna - FEURICH\",\"isPartOf\":{\"@id\":\"https:\/\/feurich.com\/en\/#website\"},\"datePublished\":\"2017-08-08T21:12:56+00:00\",\"dateModified\":\"2019-02-15T12:33:55+00:00\",\"breadcrumb\":{\"@id\":\"https:\/\/feurich.com\/de\/innovationen\/modell-123-vienna\/#breadcrumb\"},\"inLanguage\":\"de\",\"potentialAction\":[{\"@type\":\"ReadAction\",\"target\":[\"https:\/\/feurich.com\/de\/innovationen\/modell-123-vienna\/\"]}]},{\"@type\":\"BreadcrumbList\",\"@id\":\"https:\/\/feurich.com\/de\/innovationen\/modell-123-vienna\/#breadcrumb\",\"itemListElement\":[{\"@type\":\"ListItem\",\"position\":1,\"name\":\"Home\",\"item\":\"https:\/\/feurich.com\/de\/\"},{\"@type\":\"ListItem\",\"position\":2,\"name\":\"Innovationen\",\"item\":\"https:\/\/feurich.com\/de\/innovationen\/\"},{\"@type\":\"ListItem\",\"position\":3,\"name\":\"Modell 123 \u2013 Vienna\"}]},{\"@type\":\"WebSite\",\"@id\":\"https:\/\/feurich.com\/en\/#website\",\"url\":\"https:\/\/feurich.com\/en\/\",\"name\":\"FEURICH\",\"description\":\"A sound that connects\",\"publisher\":{\"@id\":\"https:\/\/feurich.com\/en\/#organization\"},\"potentialAction\":[{\"@type\":\"SearchAction\",\"target\":{\"@type\":\"EntryPoint\",\"urlTemplate\":\"https:\/\/feurich.com\/en\/?s={search_term_string}\"},\"query-input\":{\"@type\":\"PropertyValueSpecification\",\"valueRequired\":true,\"valueName\":\"search_term_string\"}}],\"inLanguage\":\"de\"},{\"@type\":\"Organization\",\"@id\":\"https:\/\/feurich.com\/en\/#organization\",\"name\":\"FEURICH\",\"url\":\"https:\/\/feurich.com\/en\/\",\"logo\":{\"@type\":\"ImageObject\",\"inLanguage\":\"de\",\"@id\":\"https:\/\/feurich.com\/en\/#\/schema\/logo\/image\/\",\"url\":\"https:\/\/feurich.com\/wp-content\/uploads\/logo.png\",\"contentUrl\":\"https:\/\/feurich.com\/wp-content\/uploads\/logo.png\",\"width\":354,\"height\":151,\"caption\":\"FEURICH\"},\"image\":{\"@id\":\"https:\/\/feurich.com\/en\/#\/schema\/logo\/image\/\"},\"sameAs\":[\"https:\/\/www.facebook.com\/feurichvienna\/\"]}]}<\/script>\n<!-- \/ Yoast SEO plugin. -->","yoast_head_json":{"title":"Modell 123 \u2013 Vienna - FEURICH","robots":{"index":"index","follow":"follow","max-snippet":"max-snippet:-1","max-image-preview":"max-image-preview:large","max-video-preview":"max-video-preview:-1"},"canonical":"https:\/\/feurich.com\/de\/innovationen\/modell-123-vienna\/","og_locale":"de_DE","og_type":"article","og_title":"Modell 123 \u2013 Vienna - FEURICH","og_description":"Die neueste Innovation von FEURICH weist in den zentralen Bereichen des Pianos wie dem Spielwerk, Geh\u00e4use und Pedalsystem v\u00f6llig neue Konzepte auf.","og_url":"https:\/\/feurich.com\/de\/innovationen\/modell-123-vienna\/","og_site_name":"FEURICH","article_publisher":"https:\/\/www.facebook.com\/feurichvienna\/","article_modified_time":"2019-02-15T12:33:55+00:00","twitter_card":"summary_large_image","twitter_misc":{"Gesch\u00e4tzte Lesezeit":"1\u00a0Minute"},"schema":{"@context":"https:\/\/schema.org","@graph":[{"@type":"WebPage","@id":"https:\/\/feurich.com\/de\/innovationen\/modell-123-vienna\/","url":"https:\/\/feurich.com\/de\/innovationen\/modell-123-vienna\/","name":"Modell 123 \u2013 Vienna - FEURICH","isPartOf":{"@id":"https:\/\/feurich.com\/en\/#website"},"datePublished":"2017-08-08T21:12:56+00:00","dateModified":"2019-02-15T12:33:55+00:00","breadcrumb":{"@id":"https:\/\/feurich.com\/de\/innovationen\/modell-123-vienna\/#breadcrumb"},"inLanguage":"de","potentialAction":[{"@type":"ReadAction","target":["https:\/\/feurich.com\/de\/innovationen\/modell-123-vienna\/"]}]},{"@type":"BreadcrumbList","@id":"https:\/\/feurich.com\/de\/innovationen\/modell-123-vienna\/#breadcrumb","itemListElement":[{"@type":"ListItem","position":1,"name":"Home","item":"https:\/\/feurich.com\/de\/"},{"@type":"ListItem","position":2,"name":"Innovationen","item":"https:\/\/feurich.com\/de\/innovationen\/"},{"@type":"ListItem","position":3,"name":"Modell 123 \u2013 Vienna"}]},{"@type":"WebSite","@id":"https:\/\/feurich.com\/en\/#website","url":"https:\/\/feurich.com\/en\/","name":"FEURICH","description":"A sound that connects","publisher":{"@id":"https:\/\/feurich.com\/en\/#organization"},"potentialAction":[{"@type":"SearchAction","target":{"@type":"EntryPoint","urlTemplate":"https:\/\/feurich.com\/en\/?s={search_term_string}"},"query-input":{"@type":"PropertyValueSpecification","valueRequired":true,"valueName":"search_term_string"}}],"inLanguage":"de"},{"@type":"Organization","@id":"https:\/\/feurich.com\/en\/#organization","name":"FEURICH","url":"https:\/\/feurich.com\/en\/","logo":{"@type":"ImageObject","inLanguage":"de","@id":"https:\/\/feurich.com\/en\/#\/schema\/logo\/image\/","url":"https:\/\/feurich.com\/wp-content\/uploads\/logo.png","contentUrl":"https:\/\/feurich.com\/wp-content\/uploads\/logo.png","width":354,"height":151,"caption":"FEURICH"},"image":{"@id":"https:\/\/feurich.com\/en\/#\/schema\/logo\/image\/"},"sameAs":["https:\/\/www.facebook.com\/feurichvienna\/"]}]}},"_links":{"self":[{"href":"https:\/\/feurich.com\/de\/wp-json\/wp\/v2\/pages\/436","targetHints":{"allow":["GET"]}}],"collection":[{"href":"https:\/\/feurich.com\/de\/wp-json\/wp\/v2\/pages"}],"about":[{"href":"https:\/\/feurich.com\/de\/wp-json\/wp\/v2\/types\/page"}],"author":[{"embeddable":true,"href":"https:\/\/feurich.com\/de\/wp-json\/wp\/v2\/users\/4"}],"replies":[{"embeddable":true,"href":"https:\/\/feurich.com\/de\/wp-json\/wp\/v2\/comments?post=436"}],"version-history":[{"count":13,"href":"https:\/\/feurich.com\/de\/wp-json\/wp\/v2\/pages\/436\/revisions"}],"predecessor-version":[{"id":22387,"href":"https:\/\/feurich.com\/de\/wp-json\/wp\/v2\/pages\/436\/revisions\/22387"}],"up":[{"embeddable":true,"href":"https:\/\/feurich.com\/de\/wp-json\/wp\/v2\/pages\/430"}],"wp:attachment":[{"href":"https:\/\/feurich.com\/de\/wp-json\/wp\/v2\/media?parent=436"}],"curies":[{"name":"wp","href":"https:\/\/api.w.org\/{rel}","templated":true}]}}