{"id":434,"date":"2017-08-08T21:12:37","date_gmt":"2017-08-08T21:12:37","guid":{"rendered":"\/?page_id=434"},"modified":"2025-02-24T18:47:36","modified_gmt":"2025-02-24T18:47:36","slug":"high-speed-kamm-action","status":"publish","type":"page","link":"https:\/\/feurich.com\/de\/innovationen\/high-speed-kamm-action\/","title":{"rendered":"High Speed KAMM Action"},"content":{"rendered":"<div class=\"wpb-content-wrapper\"><p>[vc_row 0=&#8220;&#8220;][vc_column 0=&#8220;&#8220;][vc_empty_space 0=&#8220;&#8220;][vc_column_text el_class=&#8220;big-title&#8220;]<\/p>\n<p style=\"text-align: center;\">High Speed KAMM Action<\/p>\n<p>[\/vc_column_text][vc_empty_space 0=&#8220;&#8220; height=&#8220;20px&#8220;][vc_column_text]<\/p>\n<p style=\"text-align: center;\">Willkommen in der Zukunft des Klavierspiels &#8211; mit der High-Speed KAMM Action von FEURICH!<br \/>\nIhr FEURICH-Klavier ist mit unserer innovativen High-Speed KAMM Action ausgestattet &#8211; f\u00fcr noch pr\u00e4zisere Spielbarkeit und eine unvergleichliche Repetition.<\/p>\n<p style=\"text-align: left;\"><strong>F\u00fcr Pianisten:<\/strong> Genie\u00dfen Sie das au\u00dfergew\u00f6hnliche Spielgef\u00fchl und die technische Perfektion dieser neuen Mechanik.<br \/>\n<strong>F\u00fcr Klavierstimmer &amp; Klavierbauer:<\/strong> Hier finden Sie die <a href=\"https:\/\/feurich.com\/wp-content\/uploads\/High-Speed-KAMM-Action-Einbauanleitung.pdf\"><strong>detaillierte Regulieranleitung als PDF<\/strong><\/a>, um die Mechanik optimal einzustellen und das Beste aus jedem Instrument herauszuholen.<\/p>\n<p style=\"text-align: center;\">Vielen Dank, dass Sie sich f\u00fcr FEURICH entschieden haben &#8211; Innovation trifft auf Tradition!<\/p>\n<p>[\/vc_column_text][vc_empty_space 0=&#8220;&#8220; height=&#8220;20px&#8220;][\/vc_column][\/vc_row][vc_row][vc_column width=&#8220;1\/2&#8243;][vc_column_text]<div class=\"wpb_video_widget wpb_content_element  vc_clearfix vc_video-aspect-ratio-43 vc_video-el-width-100 vc_video-align-left\"><div class=\"wpb_wrapper\"><div class=\"wpb_video_wrapper\"><div class=\"fluid-width-video-wrapper\"><iframe src=\"https:\/\/www.youtube.com\/embed\/roAPxagOb-4?feature=oembed\" frameborder=\"0\" gesture=\"media\" allow=\"encrypted-media\" allowfullscreen=\"\" class=\"vid-youtube\"><\/iframe><\/div><\/div><\/div><\/div>[\/vc_column_text][\/vc_column][vc_column width=&#8220;1\/2&#8243;][vc_column_text 0=&#8220;&#8220;]Professionelle Pianisten haben schon immer Fl\u00fcgeln gegen\u00fcber Klavieren den Vorzug gegeben. Feinf\u00fchlige Repetitionen sind auf einem Klavier eben zu schwer zu reproduzieren \u2013 zumindest bis jetzt. Der deutsche Klavierbauer Udo Kamm hat in Zusammenarbeit mit FEURICH ein Einbauteil f\u00fcr die Pianomechanik entwickelt, das die Spieleigenschaften des Pianos deutlich verbessert.<\/p>\n<p>Wissenschaftliche Untersuchungen am Institut f\u00fcr Musikalische Akustik an der Universit\u00e4t f\u00fcr Musik und darstellende Kunst Wien best\u00e4tigten die Wirksamkeit der High Speed KAMM Action: Das Patent f\u00fchrt zu messbar besseren Repetitionseigenschaften, auch wenn die Taste nicht vollst\u00e4ndig losgelassen wird. Das Ergebnis: Schnelle Repetitionen sind leichter zu spielen, und zwar in allen Dynamikstufen.[\/vc_column_text][vc_column_text 0=&#8220;&#8220;]<strong>Das Beste daran<\/strong>: Sie k\u00f6nnen die \u00a9 FEURICH \u2013 High Speed KAMM Action von Ihrem Klaviertechniker in<strong> jedes Piano s\u00e4mtlicher Hersteller<\/strong> einbauen lassen &#8211; und das f\u00fcr nur <strong>\u20ac 599<\/strong>\u00a0 !<\/p>\n<p>F\u00fcr weitere Informationen und zur Bestellung nutzen Sie bitte unser Kontaktformular:[\/vc_column_text][vc_btn title=&#8220;High Speed KAMM Action bestellen&#8220; style=&#8220;classic&#8220; link=&#8220;url:https%3A%2F%2Fwww.feurich.com%2Fde%2Finformation-kontakt%2Fkontakt%2F&#8220;][\/vc_column][\/vc_row][vc_row 0=&#8220;&#8220;][vc_column 0=&#8220;&#8220;][vc_empty_space 0=&#8220;&#8220;][vc_media_grid grid_id=&#8220;vc_gid:1740422691524-522dd848-0dc7-3&#8243; include=&#8220;50262,83090,50272&#8243;][vc_empty_space 0=&#8220;&#8220;][\/vc_column][\/vc_row]<\/p>\n<\/div>","protected":false},"excerpt":{"rendered":"<p>Fl\u00fcgel sind wunderbar, aber wenn Sie zuhause keinen haben, gibt es jetzt eine M\u00f6glichkeit, Ihr Piano wesentlich zu verbessern &#8211; die High Speed KAMM Action.<\/p>\n","protected":false},"author":4,"featured_media":0,"parent":430,"menu_order":0,"comment_status":"closed","ping_status":"closed","template":"template-fullwidth.php","meta":{"inline_featured_image":false,"footnotes":""},"class_list":["post-434","page","type-page","status-publish","hentry"],"acf":[],"yoast_head":"<!-- This site is optimized with the Yoast SEO plugin v24.4 - https:\/\/yoast.com\/wordpress\/plugins\/seo\/ -->\n<title>High Speed KAMM Action - FEURICH<\/title>\n<meta name=\"description\" content=\"Fl\u00fcgel sind wunderbar, aber wenn Sie zuhause keinen haben, gibt es jetzt eine M\u00f6glichkeit, Ihr Piano wesentlich zu verbessern ...\" \/>\n<meta name=\"robots\" content=\"index, follow, max-snippet:-1, max-image-preview:large, max-video-preview:-1\" \/>\n<link rel=\"canonical\" href=\"https:\/\/feurich.com\/de\/innovationen\/high-speed-kamm-action\/\" \/>\n<meta property=\"og:locale\" content=\"de_DE\" \/>\n<meta property=\"og:type\" content=\"article\" \/>\n<meta property=\"og:title\" content=\"High Speed KAMM Action - FEURICH\" \/>\n<meta property=\"og:description\" content=\"Fl\u00fcgel sind wunderbar, aber wenn Sie zuhause keinen haben, gibt es jetzt eine M\u00f6glichkeit, Ihr Piano wesentlich zu verbessern ...\" \/>\n<meta property=\"og:url\" content=\"https:\/\/feurich.com\/de\/innovationen\/high-speed-kamm-action\/\" \/>\n<meta property=\"og:site_name\" content=\"FEURICH\" \/>\n<meta property=\"article:publisher\" content=\"https:\/\/www.facebook.com\/feurichvienna\/\" \/>\n<meta property=\"article:modified_time\" content=\"2025-02-24T18:47:36+00:00\" \/>\n<meta name=\"twitter:card\" content=\"summary_large_image\" \/>\n<meta name=\"twitter:label1\" content=\"Gesch\u00e4tzte Lesezeit\" \/>\n\t<meta name=\"twitter:data1\" content=\"2\u00a0Minuten\" \/>\n<script type=\"application\/ld+json\" class=\"yoast-schema-graph\">{\"@context\":\"https:\/\/schema.org\",\"@graph\":[{\"@type\":\"WebPage\",\"@id\":\"https:\/\/feurich.com\/de\/innovationen\/high-speed-kamm-action\/\",\"url\":\"https:\/\/feurich.com\/de\/innovationen\/high-speed-kamm-action\/\",\"name\":\"High Speed KAMM Action - FEURICH\",\"isPartOf\":{\"@id\":\"https:\/\/feurich.com\/en\/#website\"},\"datePublished\":\"2017-08-08T21:12:37+00:00\",\"dateModified\":\"2025-02-24T18:47:36+00:00\",\"description\":\"Fl\u00fcgel sind wunderbar, aber wenn Sie zuhause keinen haben, gibt es jetzt eine M\u00f6glichkeit, Ihr Piano wesentlich zu verbessern ...\",\"breadcrumb\":{\"@id\":\"https:\/\/feurich.com\/de\/innovationen\/high-speed-kamm-action\/#breadcrumb\"},\"inLanguage\":\"de\",\"potentialAction\":[{\"@type\":\"ReadAction\",\"target\":[\"https:\/\/feurich.com\/de\/innovationen\/high-speed-kamm-action\/\"]}]},{\"@type\":\"BreadcrumbList\",\"@id\":\"https:\/\/feurich.com\/de\/innovationen\/high-speed-kamm-action\/#breadcrumb\",\"itemListElement\":[{\"@type\":\"ListItem\",\"position\":1,\"name\":\"Home\",\"item\":\"https:\/\/feurich.com\/de\/\"},{\"@type\":\"ListItem\",\"position\":2,\"name\":\"Innovationen\",\"item\":\"https:\/\/feurich.com\/de\/innovationen\/\"},{\"@type\":\"ListItem\",\"position\":3,\"name\":\"High Speed KAMM Action\"}]},{\"@type\":\"WebSite\",\"@id\":\"https:\/\/feurich.com\/en\/#website\",\"url\":\"https:\/\/feurich.com\/en\/\",\"name\":\"FEURICH\",\"description\":\"A sound that connects\",\"publisher\":{\"@id\":\"https:\/\/feurich.com\/en\/#organization\"},\"potentialAction\":[{\"@type\":\"SearchAction\",\"target\":{\"@type\":\"EntryPoint\",\"urlTemplate\":\"https:\/\/feurich.com\/en\/?s={search_term_string}\"},\"query-input\":{\"@type\":\"PropertyValueSpecification\",\"valueRequired\":true,\"valueName\":\"search_term_string\"}}],\"inLanguage\":\"de\"},{\"@type\":\"Organization\",\"@id\":\"https:\/\/feurich.com\/en\/#organization\",\"name\":\"FEURICH\",\"url\":\"https:\/\/feurich.com\/en\/\",\"logo\":{\"@type\":\"ImageObject\",\"inLanguage\":\"de\",\"@id\":\"https:\/\/feurich.com\/en\/#\/schema\/logo\/image\/\",\"url\":\"https:\/\/feurich.com\/wp-content\/uploads\/logo.png\",\"contentUrl\":\"https:\/\/feurich.com\/wp-content\/uploads\/logo.png\",\"width\":354,\"height\":151,\"caption\":\"FEURICH\"},\"image\":{\"@id\":\"https:\/\/feurich.com\/en\/#\/schema\/logo\/image\/\"},\"sameAs\":[\"https:\/\/www.facebook.com\/feurichvienna\/\"]}]}<\/script>\n<!-- \/ Yoast SEO plugin. -->","yoast_head_json":{"title":"High Speed KAMM Action - FEURICH","description":"Fl\u00fcgel sind wunderbar, aber wenn Sie zuhause keinen haben, gibt es jetzt eine M\u00f6glichkeit, Ihr Piano wesentlich zu verbessern ...","robots":{"index":"index","follow":"follow","max-snippet":"max-snippet:-1","max-image-preview":"max-image-preview:large","max-video-preview":"max-video-preview:-1"},"canonical":"https:\/\/feurich.com\/de\/innovationen\/high-speed-kamm-action\/","og_locale":"de_DE","og_type":"article","og_title":"High Speed KAMM Action - FEURICH","og_description":"Fl\u00fcgel sind wunderbar, aber wenn Sie zuhause keinen haben, gibt es jetzt eine M\u00f6glichkeit, Ihr Piano wesentlich zu verbessern ...","og_url":"https:\/\/feurich.com\/de\/innovationen\/high-speed-kamm-action\/","og_site_name":"FEURICH","article_publisher":"https:\/\/www.facebook.com\/feurichvienna\/","article_modified_time":"2025-02-24T18:47:36+00:00","twitter_card":"summary_large_image","twitter_misc":{"Gesch\u00e4tzte Lesezeit":"2\u00a0Minuten"},"schema":{"@context":"https:\/\/schema.org","@graph":[{"@type":"WebPage","@id":"https:\/\/feurich.com\/de\/innovationen\/high-speed-kamm-action\/","url":"https:\/\/feurich.com\/de\/innovationen\/high-speed-kamm-action\/","name":"High Speed KAMM Action - FEURICH","isPartOf":{"@id":"https:\/\/feurich.com\/en\/#website"},"datePublished":"2017-08-08T21:12:37+00:00","dateModified":"2025-02-24T18:47:36+00:00","description":"Fl\u00fcgel sind wunderbar, aber wenn Sie zuhause keinen haben, gibt es jetzt eine M\u00f6glichkeit, Ihr Piano wesentlich zu verbessern ...","breadcrumb":{"@id":"https:\/\/feurich.com\/de\/innovationen\/high-speed-kamm-action\/#breadcrumb"},"inLanguage":"de","potentialAction":[{"@type":"ReadAction","target":["https:\/\/feurich.com\/de\/innovationen\/high-speed-kamm-action\/"]}]},{"@type":"BreadcrumbList","@id":"https:\/\/feurich.com\/de\/innovationen\/high-speed-kamm-action\/#breadcrumb","itemListElement":[{"@type":"ListItem","position":1,"name":"Home","item":"https:\/\/feurich.com\/de\/"},{"@type":"ListItem","position":2,"name":"Innovationen","item":"https:\/\/feurich.com\/de\/innovationen\/"},{"@type":"ListItem","position":3,"name":"High Speed KAMM Action"}]},{"@type":"WebSite","@id":"https:\/\/feurich.com\/en\/#website","url":"https:\/\/feurich.com\/en\/","name":"FEURICH","description":"A sound that connects","publisher":{"@id":"https:\/\/feurich.com\/en\/#organization"},"potentialAction":[{"@type":"SearchAction","target":{"@type":"EntryPoint","urlTemplate":"https:\/\/feurich.com\/en\/?s={search_term_string}"},"query-input":{"@type":"PropertyValueSpecification","valueRequired":true,"valueName":"search_term_string"}}],"inLanguage":"de"},{"@type":"Organization","@id":"https:\/\/feurich.com\/en\/#organization","name":"FEURICH","url":"https:\/\/feurich.com\/en\/","logo":{"@type":"ImageObject","inLanguage":"de","@id":"https:\/\/feurich.com\/en\/#\/schema\/logo\/image\/","url":"https:\/\/feurich.com\/wp-content\/uploads\/logo.png","contentUrl":"https:\/\/feurich.com\/wp-content\/uploads\/logo.png","width":354,"height":151,"caption":"FEURICH"},"image":{"@id":"https:\/\/feurich.com\/en\/#\/schema\/logo\/image\/"},"sameAs":["https:\/\/www.facebook.com\/feurichvienna\/"]}]}},"_links":{"self":[{"href":"https:\/\/feurich.com\/de\/wp-json\/wp\/v2\/pages\/434","targetHints":{"allow":["GET"]}}],"collection":[{"href":"https:\/\/feurich.com\/de\/wp-json\/wp\/v2\/pages"}],"about":[{"href":"https:\/\/feurich.com\/de\/wp-json\/wp\/v2\/types\/page"}],"author":[{"embeddable":true,"href":"https:\/\/feurich.com\/de\/wp-json\/wp\/v2\/users\/4"}],"replies":[{"embeddable":true,"href":"https:\/\/feurich.com\/de\/wp-json\/wp\/v2\/comments?post=434"}],"version-history":[{"count":34,"href":"https:\/\/feurich.com\/de\/wp-json\/wp\/v2\/pages\/434\/revisions"}],"predecessor-version":[{"id":83202,"href":"https:\/\/feurich.com\/de\/wp-json\/wp\/v2\/pages\/434\/revisions\/83202"}],"up":[{"embeddable":true,"href":"https:\/\/feurich.com\/de\/wp-json\/wp\/v2\/pages\/430"}],"wp:attachment":[{"href":"https:\/\/feurich.com\/de\/wp-json\/wp\/v2\/media?parent=434"}],"curies":[{"name":"wp","href":"https:\/\/api.w.org\/{rel}","templated":true}]}}