{"id":430,"date":"2017-08-08T21:11:16","date_gmt":"2017-08-08T21:11:16","guid":{"rendered":"\/?page_id=430"},"modified":"2025-03-27T08:37:56","modified_gmt":"2025-03-27T08:37:56","slug":"innovationen","status":"publish","type":"page","link":"https:\/\/feurich.com\/de\/innovationen\/","title":{"rendered":"Innovationen"},"content":{"rendered":"<div class=\"wpb-content-wrapper\"><p>[vc_row 0=&#8220;&#8220;][vc_column 0=&#8220;&#8220;][rev_slider_vc alias=&#8220;innovations&#8220;][\/vc_column][\/vc_row][vc_row 0=&#8220;&#8220;][vc_column width=&#8220;1\/6&#8243;][\/vc_column][vc_column width=&#8220;2\/3&#8243;][vc_empty_space height=&#8220;24px&#8220;][vc_column_text el_class=&#8220;big-title&#8220;]<\/p>\n<p style=\"text-align: center;\">INNOVATIONEN<\/p>\n<p>[\/vc_column_text][vc_empty_space height=&#8220;24px&#8220;][vc_column_text 0=&#8220;&#8220;]<span style=\"font-size: 14pt;\">Nach dem Firmenmotto \u201eTradition &amp; Innovation\u201c hat sich hat FEURICH innerhalb weniger Jahre zu einem der weltweit innovativsten Klavierbauer entwickelt. Jedes noch so kleine Detail wird von uns hinterfragt und oft ganz neu gedacht. Die Ergebnisse er\u00f6ffnen Pianistinnen und Pianisten auf der ganzen Welt v\u00f6llig neue M\u00f6glichkeiten. Hier sehen sie die wichtigsten Innovationen \u2013 und weitere sind bereits im Entstehen.<\/span>[\/vc_column_text][vc_empty_space height=&#8220;24px&#8220;][\/vc_column][vc_column width=&#8220;1\/6&#8243;][\/vc_column][\/vc_row][vc_row 0=&#8220;&#8220;][vc_column width=&#8220;1\/3&#8243;][vc_single_image image=&#8220;2620&#8243; img_size=&#8220;large&#8220; alignment=&#8220;center&#8220; onclick=&#8220;custom_link&#8220; css=&#8220;&#8220; link=&#8220;https:\/\/feurich.com\/de\/innovationen\/high-speed-kamm-action\/&#8220;][vc_column_text el_class=&#8220;products-title&#8220;]<a class=\"mega-menu-link\" href=\"https:\/\/feurich.com\/de\/innovationen\/high-speed-kamm-action\/\">FEURICH \u2013 HIGH SPEED KAMM ACTION<\/a>[\/vc_column_text][vc_column_text 0=&#8220;&#8220;]FEURICH hat f\u00fcr das Modell 123 \u2013 Vienna ein neues Konzept f\u00fcr die Mechanik designt, das von Renner produziert und in das eine patentierte L\u00f6sung integriert wird. Dieses Spielwerk erm\u00f6glicht eine extrem schnelle Repetition.[\/vc_column_text][\/vc_column][vc_column width=&#8220;1\/3&#8243;][vc_single_image image=&#8220;691&#8243; img_size=&#8220;350&#215;240&#8243; alignment=&#8220;center&#8220; onclick=&#8220;custom_link&#8220; css=&#8220;&#8220; link=&#8220;https:\/\/feurich.com\/de\/innovationen\/silencer\/&#8220;][vc_column_text el_class=&#8220;products-title&#8220;]<a class=\"mega-menu-link\" href=\"silencer\">SILENCER<\/a>[\/vc_column_text][vc_column_text 0=&#8220;&#8220;]Nie wieder ver\u00e4rgerte Nachbarn! Mit dem von uns entwickelten \u201eReal Touch Silencer System\u201c k\u00f6nnen PianistInnen nun auch problemlos in der Nacht \u00fcben. Der Stummschaltmodus macht Ihr Instrument v\u00f6llig lautlos und Sie h\u00f6ren den Klang \u00fcber Kopfh\u00f6rer.[\/vc_column_text][\/vc_column][vc_column width=&#8220;1\/3&#8243;][vc_single_image image=&#8220;689&#8243; img_size=&#8220;350&#215;240&#8243; alignment=&#8220;center&#8220; onclick=&#8220;custom_link&#8220; css=&#8220;&#8220; link=&#8220;https:\/\/feurich.com\/de\/innovationen\/modell-123-vienna\/&#8220;][vc_column_text el_class=&#8220;products-title&#8220;]<a class=\"mega-menu-link\" href=\"modell-123-vienna\">MODELL 123 \u2013 \u201eVIENNA\u201c<\/a>[\/vc_column_text][vc_column_text 0=&#8220;&#8220;]Die neueste Innovation von FEURICH ist das Piano Mod. 123 \u2013 Vienna. Dieses Modell weist in den zentralen Bereichen des Pianos wie Spielwerk, Geh\u00e4use und Pedalsystem v\u00f6llig neue Konzepte auf und kann auch ohne Geh\u00e4use gespielt werden.[\/vc_column_text][\/vc_column][\/vc_row][vc_row 0=&#8220;&#8220;][vc_column 0=&#8220;&#8220;][vc_empty_space height=&#8220;52px&#8220;][\/vc_column][\/vc_row]<\/p>\n<\/div>","protected":false},"excerpt":{"rendered":"<p>Nach dem Firmenmotto \u201eTradition &#038; Innovation\u201c hat sich hat FEURICH innerhalb weniger Jahre zu einem der weltweit innovativsten Klavierbauer entwickelt.<\/p>\n","protected":false},"author":4,"featured_media":0,"parent":0,"menu_order":0,"comment_status":"closed","ping_status":"closed","template":"template-fullwidth.php","meta":{"inline_featured_image":false,"footnotes":""},"class_list":["post-430","page","type-page","status-publish","hentry"],"acf":[],"yoast_head":"<!-- This site is optimized with the Yoast SEO plugin v24.4 - https:\/\/yoast.com\/wordpress\/plugins\/seo\/ -->\n<title>Innovationen - FEURICH<\/title>\n<meta name=\"robots\" content=\"index, follow, max-snippet:-1, max-image-preview:large, max-video-preview:-1\" \/>\n<link rel=\"canonical\" href=\"https:\/\/feurich.com\/de\/innovationen\/\" \/>\n<meta property=\"og:locale\" content=\"de_DE\" \/>\n<meta property=\"og:type\" content=\"article\" \/>\n<meta property=\"og:title\" content=\"Innovationen - FEURICH\" \/>\n<meta property=\"og:description\" content=\"Nach dem Firmenmotto \u201eTradition &amp; Innovation\u201c hat sich hat FEURICH innerhalb weniger Jahre zu einem der weltweit innovativsten Klavierbauer entwickelt.\" \/>\n<meta property=\"og:url\" content=\"https:\/\/feurich.com\/de\/innovationen\/\" \/>\n<meta property=\"og:site_name\" content=\"FEURICH\" \/>\n<meta property=\"article:publisher\" content=\"https:\/\/www.facebook.com\/feurichvienna\/\" \/>\n<meta property=\"article:modified_time\" content=\"2025-03-27T08:37:56+00:00\" \/>\n<meta name=\"twitter:card\" content=\"summary_large_image\" \/>\n<meta name=\"twitter:label1\" content=\"Gesch\u00e4tzte Lesezeit\" \/>\n\t<meta name=\"twitter:data1\" content=\"2\u00a0Minuten\" \/>\n<script type=\"application\/ld+json\" class=\"yoast-schema-graph\">{\"@context\":\"https:\/\/schema.org\",\"@graph\":[{\"@type\":\"WebPage\",\"@id\":\"https:\/\/feurich.com\/de\/innovationen\/\",\"url\":\"https:\/\/feurich.com\/de\/innovationen\/\",\"name\":\"Innovationen - FEURICH\",\"isPartOf\":{\"@id\":\"https:\/\/feurich.com\/en\/#website\"},\"datePublished\":\"2017-08-08T21:11:16+00:00\",\"dateModified\":\"2025-03-27T08:37:56+00:00\",\"breadcrumb\":{\"@id\":\"https:\/\/feurich.com\/de\/innovationen\/#breadcrumb\"},\"inLanguage\":\"de\",\"potentialAction\":[{\"@type\":\"ReadAction\",\"target\":[\"https:\/\/feurich.com\/de\/innovationen\/\"]}]},{\"@type\":\"BreadcrumbList\",\"@id\":\"https:\/\/feurich.com\/de\/innovationen\/#breadcrumb\",\"itemListElement\":[{\"@type\":\"ListItem\",\"position\":1,\"name\":\"Home\",\"item\":\"https:\/\/feurich.com\/de\/\"},{\"@type\":\"ListItem\",\"position\":2,\"name\":\"Innovationen\"}]},{\"@type\":\"WebSite\",\"@id\":\"https:\/\/feurich.com\/en\/#website\",\"url\":\"https:\/\/feurich.com\/en\/\",\"name\":\"FEURICH\",\"description\":\"A sound that connects\",\"publisher\":{\"@id\":\"https:\/\/feurich.com\/en\/#organization\"},\"potentialAction\":[{\"@type\":\"SearchAction\",\"target\":{\"@type\":\"EntryPoint\",\"urlTemplate\":\"https:\/\/feurich.com\/en\/?s={search_term_string}\"},\"query-input\":{\"@type\":\"PropertyValueSpecification\",\"valueRequired\":true,\"valueName\":\"search_term_string\"}}],\"inLanguage\":\"de\"},{\"@type\":\"Organization\",\"@id\":\"https:\/\/feurich.com\/en\/#organization\",\"name\":\"FEURICH\",\"url\":\"https:\/\/feurich.com\/en\/\",\"logo\":{\"@type\":\"ImageObject\",\"inLanguage\":\"de\",\"@id\":\"https:\/\/feurich.com\/en\/#\/schema\/logo\/image\/\",\"url\":\"https:\/\/feurich.com\/wp-content\/uploads\/logo.png\",\"contentUrl\":\"https:\/\/feurich.com\/wp-content\/uploads\/logo.png\",\"width\":354,\"height\":151,\"caption\":\"FEURICH\"},\"image\":{\"@id\":\"https:\/\/feurich.com\/en\/#\/schema\/logo\/image\/\"},\"sameAs\":[\"https:\/\/www.facebook.com\/feurichvienna\/\"]}]}<\/script>\n<!-- \/ Yoast SEO plugin. -->","yoast_head_json":{"title":"Innovationen - FEURICH","robots":{"index":"index","follow":"follow","max-snippet":"max-snippet:-1","max-image-preview":"max-image-preview:large","max-video-preview":"max-video-preview:-1"},"canonical":"https:\/\/feurich.com\/de\/innovationen\/","og_locale":"de_DE","og_type":"article","og_title":"Innovationen - FEURICH","og_description":"Nach dem Firmenmotto \u201eTradition & Innovation\u201c hat sich hat FEURICH innerhalb weniger Jahre zu einem der weltweit innovativsten Klavierbauer entwickelt.","og_url":"https:\/\/feurich.com\/de\/innovationen\/","og_site_name":"FEURICH","article_publisher":"https:\/\/www.facebook.com\/feurichvienna\/","article_modified_time":"2025-03-27T08:37:56+00:00","twitter_card":"summary_large_image","twitter_misc":{"Gesch\u00e4tzte Lesezeit":"2\u00a0Minuten"},"schema":{"@context":"https:\/\/schema.org","@graph":[{"@type":"WebPage","@id":"https:\/\/feurich.com\/de\/innovationen\/","url":"https:\/\/feurich.com\/de\/innovationen\/","name":"Innovationen - FEURICH","isPartOf":{"@id":"https:\/\/feurich.com\/en\/#website"},"datePublished":"2017-08-08T21:11:16+00:00","dateModified":"2025-03-27T08:37:56+00:00","breadcrumb":{"@id":"https:\/\/feurich.com\/de\/innovationen\/#breadcrumb"},"inLanguage":"de","potentialAction":[{"@type":"ReadAction","target":["https:\/\/feurich.com\/de\/innovationen\/"]}]},{"@type":"BreadcrumbList","@id":"https:\/\/feurich.com\/de\/innovationen\/#breadcrumb","itemListElement":[{"@type":"ListItem","position":1,"name":"Home","item":"https:\/\/feurich.com\/de\/"},{"@type":"ListItem","position":2,"name":"Innovationen"}]},{"@type":"WebSite","@id":"https:\/\/feurich.com\/en\/#website","url":"https:\/\/feurich.com\/en\/","name":"FEURICH","description":"A sound that connects","publisher":{"@id":"https:\/\/feurich.com\/en\/#organization"},"potentialAction":[{"@type":"SearchAction","target":{"@type":"EntryPoint","urlTemplate":"https:\/\/feurich.com\/en\/?s={search_term_string}"},"query-input":{"@type":"PropertyValueSpecification","valueRequired":true,"valueName":"search_term_string"}}],"inLanguage":"de"},{"@type":"Organization","@id":"https:\/\/feurich.com\/en\/#organization","name":"FEURICH","url":"https:\/\/feurich.com\/en\/","logo":{"@type":"ImageObject","inLanguage":"de","@id":"https:\/\/feurich.com\/en\/#\/schema\/logo\/image\/","url":"https:\/\/feurich.com\/wp-content\/uploads\/logo.png","contentUrl":"https:\/\/feurich.com\/wp-content\/uploads\/logo.png","width":354,"height":151,"caption":"FEURICH"},"image":{"@id":"https:\/\/feurich.com\/en\/#\/schema\/logo\/image\/"},"sameAs":["https:\/\/www.facebook.com\/feurichvienna\/"]}]}},"_links":{"self":[{"href":"https:\/\/feurich.com\/de\/wp-json\/wp\/v2\/pages\/430","targetHints":{"allow":["GET"]}}],"collection":[{"href":"https:\/\/feurich.com\/de\/wp-json\/wp\/v2\/pages"}],"about":[{"href":"https:\/\/feurich.com\/de\/wp-json\/wp\/v2\/types\/page"}],"author":[{"embeddable":true,"href":"https:\/\/feurich.com\/de\/wp-json\/wp\/v2\/users\/4"}],"replies":[{"embeddable":true,"href":"https:\/\/feurich.com\/de\/wp-json\/wp\/v2\/comments?post=430"}],"version-history":[{"count":27,"href":"https:\/\/feurich.com\/de\/wp-json\/wp\/v2\/pages\/430\/revisions"}],"predecessor-version":[{"id":83777,"href":"https:\/\/feurich.com\/de\/wp-json\/wp\/v2\/pages\/430\/revisions\/83777"}],"wp:attachment":[{"href":"https:\/\/feurich.com\/de\/wp-json\/wp\/v2\/media?parent=430"}],"curies":[{"name":"wp","href":"https:\/\/api.w.org\/{rel}","templated":true}]}}