{"id":418,"date":"2017-08-08T21:07:41","date_gmt":"2017-08-08T21:07:41","guid":{"rendered":"\/?page_id=418"},"modified":"2018-12-12T10:44:54","modified_gmt":"2018-12-12T10:44:54","slug":"auszeichnungen","status":"publish","type":"page","link":"https:\/\/feurich.com\/de\/referenzen\/auszeichnungen\/","title":{"rendered":"Auszeichnungen"},"content":{"rendered":"<div class=\"wpb-content-wrapper\"><p>[vc_row 0=&#8220;&#8220;][vc_column 0=&#8220;&#8220;][vc_empty_space 0=&#8220;&#8220; height=&#8220;52px&#8220;][\/vc_column][\/vc_row][vc_row 0=&#8220;&#8220;][vc_column width=&#8220;1\/3&#8243;][vc_empty_space 0=&#8220;&#8220; height=&#8220;10px&#8220;][vc_single_image image=&#8220;1385&#8243; img_size=&#8220;220&#215;220&#8243; alignment=&#8220;center&#8220;][\/vc_column][vc_column width=&#8220;2\/3&#8243;][vc_column_text el_class=&#8220;big-title&#8220;]<\/p>\n<p style=\"text-align: left;\">DIAPASON D\u2019OR<\/p>\n<p>[\/vc_column_text][vc_column_text 0=&#8220;&#8220;]Das renommierte franz\u00f6sische Fachmagazin <a href=\"https:\/\/www.diapasonmag.fr\">Diapason<\/a>\u00a0vergibt neben einem monatlichen Schallplattenpreis f\u00fcr klassische Musik auch j\u00e4hrlich eine Auszeichnung f\u00fcr Pianos und Klaviere. Der Diapason D\u2019OR gilt neben dem \u201ePreis der deutschen Schallplattenkritik\u201c und dem britischen \u201eGramophone Award\u201c als einer der bedeutendsten Schallplattenpreise f\u00fcr klassische Musik.<\/p>\n<p>Mehrere Pianisten testen die Klaviere in einem objektiven Blindtest zu identischen akustischen Bedingungen.<\/p>\n<h3>FEURICH Pianos und Fl\u00fcgel wurden bereits drei Mal<br \/>\nmit dem Diapason D\u2019OR ausgezeichnet:<\/h3>\n<p><strong><span style=\"font-size: 14pt;\">2007 &amp; 2011: FEURICH Mod. 122 \u2013 Universal<\/span><br \/>\n<\/strong>Ein PDF mit dem Originalartikel von 2011 und einer \u00dcbersetzung gibt es <a href=\"\/wp-content\/uploads\/DIAPASON-2011-fu\u0308r-FEURICH-122-Deutsch.pdf\" target=\"_blank\" rel=\"noopener\">HIER<\/a>.<\/p>\n<p><span style=\"font-size: 14pt;\"><strong>2008: Mod. 178\u00a0<\/strong><\/span> (Vorg\u00e4ngermodell des FEURICH Mod. 179 \u2013 Dynamic II)<br \/>\nDer DIAPASON d\u2019or wurde uns f\u00fcr den Fl\u00fcgel FEURICH Mod. 178 \u2013 Professional II verliehen. Das war f\u00fcr uns nicht nur eine Best\u00e4tigung unserer Arbeit, sondern zugleich Ansporn, dieses Piano noch weiter zu perfektionieren. F\u00fcr das Nachfolger-Modell FEURICH Mod. 179 \u2013 Dynamic II haben wir eine F\u00fclle weiterer Verbesserungen und Innovationen integriert.<\/p>\n<p>Ein PDF mit dem Originalartikel und einer \u00dcbersetzung gibt es <a href=\"\/wp-content\/uploads\/DIAPASON-2008-fu\u0308r-FEURICH-178-Deutsch.pdf\" target=\"_blank\" rel=\"noopener\">HIER<\/a>.[\/vc_column_text][\/vc_column][\/vc_row][vc_row 0=&#8220;&#8220;][vc_column 0=&#8220;&#8220; width=&#8220;1\/3&#8243;][vc_empty_space 0=&#8220;&#8220; height=&#8220;42px&#8220;][vc_single_image image=&#8220;1636&#8243; img_size=&#8220;medium&#8220; alignment=&#8220;center&#8220;][\/vc_column][vc_column width=&#8220;2\/3&#8243;][vc_empty_space 0=&#8220;&#8220;][vc_column_text el_class=&#8220;big-title&#8220;]<\/p>\n<p style=\"text-align: left;\">PIANISTE MAESTRO<\/p>\n<p>[\/vc_column_text][vc_column_text]Das international viel beachtete franz\u00f6sische Fachmagazin <a href=\"https:\/\/www.facebook.com\/pianistemag\/\">Pianiste<\/a> testet regelm\u00e4\u00dfig neue Pianos auf Herz und Nieren. Sogar bei den renommierten Herstellern im oberen Preissegment werden allf\u00e4llige Schwachstellen aufgezeigt.<\/p>\n<p><strong>Unser neues, innovatives \u201eWien-Klavier\u201c FEURICH Mod. 123 \u2013 Vienna \u00fcberzeugte in jeder Hinsicht und wurde mit dem Titel \u201ePIANISTE MAESTRO\u201c ausgezeichnet.<\/strong>[\/vc_column_text][\/vc_column][\/vc_row][vc_row 0=&#8220;&#8220;][vc_column 0=&#8220;&#8220;][vc_empty_space 0=&#8220;&#8220; height=&#8220;26px&#8220;][\/vc_column][\/vc_row]<\/p>\n<\/div>","protected":false},"excerpt":{"rendered":"<p>[vc_row 0=&#8220;&#8220;][vc_column 0=&#8220;&#8220;][vc_empty_space 0=&#8220;&#8220; height=&#8220;52px&#8220;][\/vc_column][\/vc_row][vc_row 0=&#8220;&#8220;][vc_column width=&#8220;1\/3&#8243;][vc_empty_space 0=&#8220;&#8220; height=&#8220;10px&#8220;][vc_single_image image=&#8220;1385&#8243; img_size=&#8220;220&#215;220&#8243; alignment=&#8220;center&#8220;][\/vc_column][vc_column width=&#8220;2\/3&#8243;][vc_column_text el_class=&#8220;big-title&#8220;] DIAPASON D\u2019OR [\/vc_column_text][vc_column_text 0=&#8220;&#8220;]Das renommierte franz\u00f6sische Fachmagazin Diapason\u00a0vergibt neben einem monatlichen Schallplattenpreis f\u00fcr klassische Musik auch &#8230;<\/p>\n","protected":false},"author":4,"featured_media":0,"parent":416,"menu_order":0,"comment_status":"closed","ping_status":"closed","template":"template-fullwidth.php","meta":{"inline_featured_image":false,"footnotes":""},"class_list":["post-418","page","type-page","status-publish","hentry"],"acf":[],"yoast_head":"<!-- This site is optimized with the Yoast SEO plugin v24.4 - https:\/\/yoast.com\/wordpress\/plugins\/seo\/ -->\n<title>Auszeichnungen - FEURICH<\/title>\n<meta name=\"robots\" content=\"index, follow, max-snippet:-1, max-image-preview:large, max-video-preview:-1\" \/>\n<link rel=\"canonical\" href=\"https:\/\/feurich.com\/de\/referenzen\/auszeichnungen\/\" \/>\n<meta property=\"og:locale\" content=\"de_DE\" \/>\n<meta property=\"og:type\" content=\"article\" \/>\n<meta property=\"og:title\" content=\"Auszeichnungen - FEURICH\" \/>\n<meta property=\"og:description\" content=\"[vc_row 0=&#8220;&#8220;][vc_column 0=&#8220;&#8220;][vc_empty_space 0=&#8220;&#8220; height=&#8220;52px&#8220;][\/vc_column][\/vc_row][vc_row 0=&#8220;&#8220;][vc_column width=&#8220;1\/3&#8243;][vc_empty_space 0=&#8220;&#8220; height=&#8220;10px&#8220;][vc_single_image image=&#8220;1385&#8243; img_size=&#8220;220&#215;220&#8243; alignment=&#8220;center&#8220;][\/vc_column][vc_column width=&#8220;2\/3&#8243;][vc_column_text el_class=&#8220;big-title&#8220;] DIAPASON D\u2019OR [\/vc_column_text][vc_column_text 0=&#8220;&#8220;]Das renommierte franz\u00f6sische Fachmagazin Diapason\u00a0vergibt neben einem monatlichen Schallplattenpreis f\u00fcr klassische Musik auch ...\" \/>\n<meta property=\"og:url\" content=\"https:\/\/feurich.com\/de\/referenzen\/auszeichnungen\/\" \/>\n<meta property=\"og:site_name\" content=\"FEURICH\" \/>\n<meta property=\"article:publisher\" content=\"https:\/\/www.facebook.com\/feurichvienna\/\" \/>\n<meta property=\"article:modified_time\" content=\"2018-12-12T10:44:54+00:00\" \/>\n<meta name=\"twitter:card\" content=\"summary_large_image\" \/>\n<meta name=\"twitter:label1\" content=\"Gesch\u00e4tzte Lesezeit\" \/>\n\t<meta name=\"twitter:data1\" content=\"2\u00a0Minuten\" \/>\n<script type=\"application\/ld+json\" class=\"yoast-schema-graph\">{\"@context\":\"https:\/\/schema.org\",\"@graph\":[{\"@type\":\"WebPage\",\"@id\":\"https:\/\/feurich.com\/de\/referenzen\/auszeichnungen\/\",\"url\":\"https:\/\/feurich.com\/de\/referenzen\/auszeichnungen\/\",\"name\":\"Auszeichnungen - FEURICH\",\"isPartOf\":{\"@id\":\"https:\/\/feurich.com\/en\/#website\"},\"datePublished\":\"2017-08-08T21:07:41+00:00\",\"dateModified\":\"2018-12-12T10:44:54+00:00\",\"breadcrumb\":{\"@id\":\"https:\/\/feurich.com\/de\/referenzen\/auszeichnungen\/#breadcrumb\"},\"inLanguage\":\"de\",\"potentialAction\":[{\"@type\":\"ReadAction\",\"target\":[\"https:\/\/feurich.com\/de\/referenzen\/auszeichnungen\/\"]}]},{\"@type\":\"BreadcrumbList\",\"@id\":\"https:\/\/feurich.com\/de\/referenzen\/auszeichnungen\/#breadcrumb\",\"itemListElement\":[{\"@type\":\"ListItem\",\"position\":1,\"name\":\"Home\",\"item\":\"https:\/\/feurich.com\/de\/\"},{\"@type\":\"ListItem\",\"position\":2,\"name\":\"Referenzen\",\"item\":\"https:\/\/feurich.com\/de\/referenzen\/\"},{\"@type\":\"ListItem\",\"position\":3,\"name\":\"Auszeichnungen\"}]},{\"@type\":\"WebSite\",\"@id\":\"https:\/\/feurich.com\/en\/#website\",\"url\":\"https:\/\/feurich.com\/en\/\",\"name\":\"FEURICH\",\"description\":\"A sound that connects\",\"publisher\":{\"@id\":\"https:\/\/feurich.com\/en\/#organization\"},\"potentialAction\":[{\"@type\":\"SearchAction\",\"target\":{\"@type\":\"EntryPoint\",\"urlTemplate\":\"https:\/\/feurich.com\/en\/?s={search_term_string}\"},\"query-input\":{\"@type\":\"PropertyValueSpecification\",\"valueRequired\":true,\"valueName\":\"search_term_string\"}}],\"inLanguage\":\"de\"},{\"@type\":\"Organization\",\"@id\":\"https:\/\/feurich.com\/en\/#organization\",\"name\":\"FEURICH\",\"url\":\"https:\/\/feurich.com\/en\/\",\"logo\":{\"@type\":\"ImageObject\",\"inLanguage\":\"de\",\"@id\":\"https:\/\/feurich.com\/en\/#\/schema\/logo\/image\/\",\"url\":\"https:\/\/feurich.com\/wp-content\/uploads\/logo.png\",\"contentUrl\":\"https:\/\/feurich.com\/wp-content\/uploads\/logo.png\",\"width\":354,\"height\":151,\"caption\":\"FEURICH\"},\"image\":{\"@id\":\"https:\/\/feurich.com\/en\/#\/schema\/logo\/image\/\"},\"sameAs\":[\"https:\/\/www.facebook.com\/feurichvienna\/\"]}]}<\/script>\n<!-- \/ Yoast SEO plugin. -->","yoast_head_json":{"title":"Auszeichnungen - FEURICH","robots":{"index":"index","follow":"follow","max-snippet":"max-snippet:-1","max-image-preview":"max-image-preview:large","max-video-preview":"max-video-preview:-1"},"canonical":"https:\/\/feurich.com\/de\/referenzen\/auszeichnungen\/","og_locale":"de_DE","og_type":"article","og_title":"Auszeichnungen - FEURICH","og_description":"[vc_row 0=&#8220;&#8220;][vc_column 0=&#8220;&#8220;][vc_empty_space 0=&#8220;&#8220; height=&#8220;52px&#8220;][\/vc_column][\/vc_row][vc_row 0=&#8220;&#8220;][vc_column width=&#8220;1\/3&#8243;][vc_empty_space 0=&#8220;&#8220; height=&#8220;10px&#8220;][vc_single_image image=&#8220;1385&#8243; img_size=&#8220;220&#215;220&#8243; alignment=&#8220;center&#8220;][\/vc_column][vc_column width=&#8220;2\/3&#8243;][vc_column_text el_class=&#8220;big-title&#8220;] DIAPASON D\u2019OR [\/vc_column_text][vc_column_text 0=&#8220;&#8220;]Das renommierte franz\u00f6sische Fachmagazin Diapason\u00a0vergibt neben einem monatlichen Schallplattenpreis f\u00fcr klassische Musik auch ...","og_url":"https:\/\/feurich.com\/de\/referenzen\/auszeichnungen\/","og_site_name":"FEURICH","article_publisher":"https:\/\/www.facebook.com\/feurichvienna\/","article_modified_time":"2018-12-12T10:44:54+00:00","twitter_card":"summary_large_image","twitter_misc":{"Gesch\u00e4tzte Lesezeit":"2\u00a0Minuten"},"schema":{"@context":"https:\/\/schema.org","@graph":[{"@type":"WebPage","@id":"https:\/\/feurich.com\/de\/referenzen\/auszeichnungen\/","url":"https:\/\/feurich.com\/de\/referenzen\/auszeichnungen\/","name":"Auszeichnungen - FEURICH","isPartOf":{"@id":"https:\/\/feurich.com\/en\/#website"},"datePublished":"2017-08-08T21:07:41+00:00","dateModified":"2018-12-12T10:44:54+00:00","breadcrumb":{"@id":"https:\/\/feurich.com\/de\/referenzen\/auszeichnungen\/#breadcrumb"},"inLanguage":"de","potentialAction":[{"@type":"ReadAction","target":["https:\/\/feurich.com\/de\/referenzen\/auszeichnungen\/"]}]},{"@type":"BreadcrumbList","@id":"https:\/\/feurich.com\/de\/referenzen\/auszeichnungen\/#breadcrumb","itemListElement":[{"@type":"ListItem","position":1,"name":"Home","item":"https:\/\/feurich.com\/de\/"},{"@type":"ListItem","position":2,"name":"Referenzen","item":"https:\/\/feurich.com\/de\/referenzen\/"},{"@type":"ListItem","position":3,"name":"Auszeichnungen"}]},{"@type":"WebSite","@id":"https:\/\/feurich.com\/en\/#website","url":"https:\/\/feurich.com\/en\/","name":"FEURICH","description":"A sound that connects","publisher":{"@id":"https:\/\/feurich.com\/en\/#organization"},"potentialAction":[{"@type":"SearchAction","target":{"@type":"EntryPoint","urlTemplate":"https:\/\/feurich.com\/en\/?s={search_term_string}"},"query-input":{"@type":"PropertyValueSpecification","valueRequired":true,"valueName":"search_term_string"}}],"inLanguage":"de"},{"@type":"Organization","@id":"https:\/\/feurich.com\/en\/#organization","name":"FEURICH","url":"https:\/\/feurich.com\/en\/","logo":{"@type":"ImageObject","inLanguage":"de","@id":"https:\/\/feurich.com\/en\/#\/schema\/logo\/image\/","url":"https:\/\/feurich.com\/wp-content\/uploads\/logo.png","contentUrl":"https:\/\/feurich.com\/wp-content\/uploads\/logo.png","width":354,"height":151,"caption":"FEURICH"},"image":{"@id":"https:\/\/feurich.com\/en\/#\/schema\/logo\/image\/"},"sameAs":["https:\/\/www.facebook.com\/feurichvienna\/"]}]}},"_links":{"self":[{"href":"https:\/\/feurich.com\/de\/wp-json\/wp\/v2\/pages\/418","targetHints":{"allow":["GET"]}}],"collection":[{"href":"https:\/\/feurich.com\/de\/wp-json\/wp\/v2\/pages"}],"about":[{"href":"https:\/\/feurich.com\/de\/wp-json\/wp\/v2\/types\/page"}],"author":[{"embeddable":true,"href":"https:\/\/feurich.com\/de\/wp-json\/wp\/v2\/users\/4"}],"replies":[{"embeddable":true,"href":"https:\/\/feurich.com\/de\/wp-json\/wp\/v2\/comments?post=418"}],"version-history":[{"count":17,"href":"https:\/\/feurich.com\/de\/wp-json\/wp\/v2\/pages\/418\/revisions"}],"predecessor-version":[{"id":21042,"href":"https:\/\/feurich.com\/de\/wp-json\/wp\/v2\/pages\/418\/revisions\/21042"}],"up":[{"embeddable":true,"href":"https:\/\/feurich.com\/de\/wp-json\/wp\/v2\/pages\/416"}],"wp:attachment":[{"href":"https:\/\/feurich.com\/de\/wp-json\/wp\/v2\/media?parent=418"}],"curies":[{"name":"wp","href":"https:\/\/api.w.org\/{rel}","templated":true}]}}