{"id":416,"date":"2017-08-08T21:06:52","date_gmt":"2017-08-08T21:06:52","guid":{"rendered":"\/?page_id=416"},"modified":"2025-04-08T12:20:51","modified_gmt":"2025-04-08T12:20:51","slug":"referenzen","status":"publish","type":"page","link":"https:\/\/feurich.com\/de\/referenzen\/","title":{"rendered":"Referenzen"},"content":{"rendered":"<div class=\"wpb-content-wrapper\"><p>[vc_row 0=&#8220;&#8220;][vc_column 0=&#8220;&#8220;][rev_slider_vc alias=&#8220;references&#8220;][\/vc_column][\/vc_row][vc_row 0=&#8220;&#8220;][vc_column width=&#8220;1\/6&#8243;][\/vc_column][vc_column width=&#8220;2\/3&#8243;][vc_empty_space height=&#8220;16px&#8220;][vc_column_text el_class=&#8220;big-title&#8220;]<\/p>\n<p style=\"text-align: center;\">REFERENZEN<\/p>\n<p>[\/vc_column_text][vc_empty_space height=&#8220;16px&#8220;][vc_column_text 0=&#8220;&#8220;]<span style=\"font-size: 14pt;\">Wir stecken unsere ganze Energie in die st\u00e4ndige Weiterentwicklung unserer Instrumente. Umso mehr freut es uns, dass immer mehr Pianistinnen und Pianisten die Marke FEURICH f\u00fcr sich entdecken. Machen Sie sich selbst ein Bild, was unsere Pianos und Fl\u00fcgel wirklich k\u00f6nnen. Hier haben wir einige Beispiele f\u00fcr Sie zusammengetragen.<\/span>[\/vc_column_text][vc_empty_space height=&#8220;16px&#8220;][\/vc_column][vc_column width=&#8220;1\/6&#8243;][\/vc_column][\/vc_row][vc_row 0=&#8220;&#8220;][vc_column width=&#8220;1\/3&#8243;][vc_single_image image=&#8220;1385&#8243; img_size=&#8220;240&#215;240&#8243; alignment=&#8220;center&#8220; onclick=&#8220;custom_link&#8220; css=&#8220;&#8220; link=&#8220;https:\/\/feurich.com\/de\/referenzen\/auszeichnungen\/&#8220;][vc_column_text el_class=&#8220;products-title&#8220;]<a class=\"mega-menu-link\" href=\"auszeichnungen\">AUSZEICHNUNGEN<\/a>[\/vc_column_text][vc_column_text 0=&#8220;&#8220;]Auszeichnungen sind nicht so unser Ding, doch zwei wollen wir Ihnen nicht vorenthalten. Der Diapason D&#8217;OR ist eine der h\u00f6chsten Auszeichnungen in der Welt der klassischen Musik. Dreimal hatten wir bereits die Ehre! Unser neues FEURICH Mod. 123 \u2013 Vienna wurde mit dem \u201ePianiste Maestro\u201c geadelt.[\/vc_column_text][vc_empty_space height=&#8220;20px&#8220;][\/vc_column][vc_column width=&#8220;1\/3&#8243;][vc_empty_space height=&#8220;24px&#8220;][vc_single_image image=&#8220;1543&#8243; alignment=&#8220;center&#8220; onclick=&#8220;custom_link&#8220; css=&#8220;&#8220; link=&#8220;https:\/\/feurich.com\/de\/referenzen\/institutionen\/&#8220;][vc_empty_space height=&#8220;24px&#8220;][vc_column_text el_class=&#8220;products-title&#8220;]<a class=\"mega-menu-link\" href=\"institutionen\">INSTITUTIONEN<\/a>[\/vc_column_text][vc_column_text 0=&#8220;&#8220;]Von Schulen und Universit\u00e4ten \u00fcber renommierte B\u00fchnen bis zu angesagten Jazz-Clubs: Hier stellen wir stellvertretend einige der Institutionen vor, die auf die Klangsch\u00f6nheit und Zuverl\u00e4ssigkeit von FEURICH-Pianos und Fl\u00fcgeln setzen.[\/vc_column_text][vc_empty_space height=&#8220;20px&#8220;][\/vc_column][vc_column width=&#8220;1\/3&#8243;][vc_single_image image=&#8220;674&#8243; img_size=&#8220;350&#215;240&#8243; alignment=&#8220;center&#8220; onclick=&#8220;custom_link&#8220; css=&#8220;&#8220; link=&#8220;https:\/\/feurich.com\/de\/referenzen\/events\/&#8220;][vc_column_text el_class=&#8220;products-title&#8220;]<a class=\"mega-menu-link\" href=\"events\">EVENTS<\/a>[\/vc_column_text][vc_column_text 0=&#8220;&#8220;]FEURICH ist rund um die Welt erh\u00e4ltlich \u2013 und in den unterschiedlichsten Genres aktiv obendrein. Wir sammeln regelm\u00e4\u00dfig einige Eindr\u00fccke von Events, zu deren Gelingen unsere Pianos beigetragen haben.[\/vc_column_text][vc_empty_space height=&#8220;20px&#8220;][\/vc_column][\/vc_row][vc_row 0=&#8220;&#8220;][vc_column width=&#8220;1\/3&#8243;][\/vc_column][vc_column width=&#8220;1\/3&#8243;][vc_single_image image=&#8220;2727&#8243; img_size=&#8220;350&#215;240&#8243; alignment=&#8220;center&#8220; onclick=&#8220;custom_link&#8220; css=&#8220;&#8220; link=&#8220;https:\/\/feurich.com\/de\/referenzen\/testimonials\/&#8220;][vc_column_text el_class=&#8220;products-title&#8220;]<a class=\"mega-menu-link\" href=\"testimonials\">TESTIMONIALS<\/a>[\/vc_column_text][vc_column_text 0=&#8220;&#8220;]Wir k\u00f6nnten Ihnen unendlich viel \u00fcber unsere Pianos erz\u00e4hlen. Wie es sich tats\u00e4chlich anf\u00fchlt, ein FEURICH-Piano zu spielen, k\u00f6nnen Ihnen ProfimusikerInnen, unsere Kunden und unsere Partner wohl noch besser erkl\u00e4ren.[\/vc_column_text][vc_empty_space height=&#8220;20px&#8220;][\/vc_column][vc_column width=&#8220;1\/3&#8243;][\/vc_column][\/vc_row][vc_row 0=&#8220;&#8220;][vc_column 0=&#8220;&#8220;][vc_empty_space][\/vc_column][\/vc_row]<\/p>\n<\/div>","protected":false},"excerpt":{"rendered":"<p>Machen Sie sich selbst ein Bild, was FEURICH-Pianos und -Fl\u00fcgel wirklich k\u00f6nnen. Hier haben wir einige Beispiele f\u00fcr Sie zusammengetragen.<\/p>\n","protected":false},"author":4,"featured_media":0,"parent":0,"menu_order":0,"comment_status":"closed","ping_status":"closed","template":"template-fullwidth.php","meta":{"inline_featured_image":false,"footnotes":""},"class_list":["post-416","page","type-page","status-publish","hentry"],"acf":[],"yoast_head":"<!-- This site is optimized with the Yoast SEO plugin v24.4 - https:\/\/yoast.com\/wordpress\/plugins\/seo\/ -->\n<title>Referenzen - FEURICH<\/title>\n<meta name=\"robots\" content=\"index, follow, max-snippet:-1, max-image-preview:large, max-video-preview:-1\" \/>\n<link rel=\"canonical\" href=\"https:\/\/feurich.com\/de\/referenzen\/\" \/>\n<meta property=\"og:locale\" content=\"de_DE\" \/>\n<meta property=\"og:type\" content=\"article\" \/>\n<meta property=\"og:title\" content=\"Referenzen - FEURICH\" \/>\n<meta property=\"og:description\" content=\"Machen Sie sich selbst ein Bild, was FEURICH-Pianos und -Fl\u00fcgel wirklich k\u00f6nnen. Hier haben wir einige Beispiele f\u00fcr Sie zusammengetragen.\" \/>\n<meta property=\"og:url\" content=\"https:\/\/feurich.com\/de\/referenzen\/\" \/>\n<meta property=\"og:site_name\" content=\"FEURICH\" \/>\n<meta property=\"article:publisher\" content=\"https:\/\/www.facebook.com\/feurichvienna\/\" \/>\n<meta property=\"article:modified_time\" content=\"2025-04-08T12:20:51+00:00\" \/>\n<meta name=\"twitter:card\" content=\"summary_large_image\" \/>\n<meta name=\"twitter:label1\" content=\"Gesch\u00e4tzte Lesezeit\" \/>\n\t<meta name=\"twitter:data1\" content=\"4\u00a0Minuten\" \/>\n<script type=\"application\/ld+json\" class=\"yoast-schema-graph\">{\"@context\":\"https:\/\/schema.org\",\"@graph\":[{\"@type\":\"WebPage\",\"@id\":\"https:\/\/feurich.com\/de\/referenzen\/\",\"url\":\"https:\/\/feurich.com\/de\/referenzen\/\",\"name\":\"Referenzen - FEURICH\",\"isPartOf\":{\"@id\":\"https:\/\/feurich.com\/en\/#website\"},\"datePublished\":\"2017-08-08T21:06:52+00:00\",\"dateModified\":\"2025-04-08T12:20:51+00:00\",\"breadcrumb\":{\"@id\":\"https:\/\/feurich.com\/de\/referenzen\/#breadcrumb\"},\"inLanguage\":\"de\",\"potentialAction\":[{\"@type\":\"ReadAction\",\"target\":[\"https:\/\/feurich.com\/de\/referenzen\/\"]}]},{\"@type\":\"BreadcrumbList\",\"@id\":\"https:\/\/feurich.com\/de\/referenzen\/#breadcrumb\",\"itemListElement\":[{\"@type\":\"ListItem\",\"position\":1,\"name\":\"Home\",\"item\":\"https:\/\/feurich.com\/de\/\"},{\"@type\":\"ListItem\",\"position\":2,\"name\":\"Referenzen\"}]},{\"@type\":\"WebSite\",\"@id\":\"https:\/\/feurich.com\/en\/#website\",\"url\":\"https:\/\/feurich.com\/en\/\",\"name\":\"FEURICH\",\"description\":\"A sound that connects\",\"publisher\":{\"@id\":\"https:\/\/feurich.com\/en\/#organization\"},\"potentialAction\":[{\"@type\":\"SearchAction\",\"target\":{\"@type\":\"EntryPoint\",\"urlTemplate\":\"https:\/\/feurich.com\/en\/?s={search_term_string}\"},\"query-input\":{\"@type\":\"PropertyValueSpecification\",\"valueRequired\":true,\"valueName\":\"search_term_string\"}}],\"inLanguage\":\"de\"},{\"@type\":\"Organization\",\"@id\":\"https:\/\/feurich.com\/en\/#organization\",\"name\":\"FEURICH\",\"url\":\"https:\/\/feurich.com\/en\/\",\"logo\":{\"@type\":\"ImageObject\",\"inLanguage\":\"de\",\"@id\":\"https:\/\/feurich.com\/en\/#\/schema\/logo\/image\/\",\"url\":\"https:\/\/feurich.com\/wp-content\/uploads\/logo.png\",\"contentUrl\":\"https:\/\/feurich.com\/wp-content\/uploads\/logo.png\",\"width\":354,\"height\":151,\"caption\":\"FEURICH\"},\"image\":{\"@id\":\"https:\/\/feurich.com\/en\/#\/schema\/logo\/image\/\"},\"sameAs\":[\"https:\/\/www.facebook.com\/feurichvienna\/\"]}]}<\/script>\n<!-- \/ Yoast SEO plugin. -->","yoast_head_json":{"title":"Referenzen - FEURICH","robots":{"index":"index","follow":"follow","max-snippet":"max-snippet:-1","max-image-preview":"max-image-preview:large","max-video-preview":"max-video-preview:-1"},"canonical":"https:\/\/feurich.com\/de\/referenzen\/","og_locale":"de_DE","og_type":"article","og_title":"Referenzen - FEURICH","og_description":"Machen Sie sich selbst ein Bild, was FEURICH-Pianos und -Fl\u00fcgel wirklich k\u00f6nnen. Hier haben wir einige Beispiele f\u00fcr Sie zusammengetragen.","og_url":"https:\/\/feurich.com\/de\/referenzen\/","og_site_name":"FEURICH","article_publisher":"https:\/\/www.facebook.com\/feurichvienna\/","article_modified_time":"2025-04-08T12:20:51+00:00","twitter_card":"summary_large_image","twitter_misc":{"Gesch\u00e4tzte Lesezeit":"4\u00a0Minuten"},"schema":{"@context":"https:\/\/schema.org","@graph":[{"@type":"WebPage","@id":"https:\/\/feurich.com\/de\/referenzen\/","url":"https:\/\/feurich.com\/de\/referenzen\/","name":"Referenzen - FEURICH","isPartOf":{"@id":"https:\/\/feurich.com\/en\/#website"},"datePublished":"2017-08-08T21:06:52+00:00","dateModified":"2025-04-08T12:20:51+00:00","breadcrumb":{"@id":"https:\/\/feurich.com\/de\/referenzen\/#breadcrumb"},"inLanguage":"de","potentialAction":[{"@type":"ReadAction","target":["https:\/\/feurich.com\/de\/referenzen\/"]}]},{"@type":"BreadcrumbList","@id":"https:\/\/feurich.com\/de\/referenzen\/#breadcrumb","itemListElement":[{"@type":"ListItem","position":1,"name":"Home","item":"https:\/\/feurich.com\/de\/"},{"@type":"ListItem","position":2,"name":"Referenzen"}]},{"@type":"WebSite","@id":"https:\/\/feurich.com\/en\/#website","url":"https:\/\/feurich.com\/en\/","name":"FEURICH","description":"A sound that connects","publisher":{"@id":"https:\/\/feurich.com\/en\/#organization"},"potentialAction":[{"@type":"SearchAction","target":{"@type":"EntryPoint","urlTemplate":"https:\/\/feurich.com\/en\/?s={search_term_string}"},"query-input":{"@type":"PropertyValueSpecification","valueRequired":true,"valueName":"search_term_string"}}],"inLanguage":"de"},{"@type":"Organization","@id":"https:\/\/feurich.com\/en\/#organization","name":"FEURICH","url":"https:\/\/feurich.com\/en\/","logo":{"@type":"ImageObject","inLanguage":"de","@id":"https:\/\/feurich.com\/en\/#\/schema\/logo\/image\/","url":"https:\/\/feurich.com\/wp-content\/uploads\/logo.png","contentUrl":"https:\/\/feurich.com\/wp-content\/uploads\/logo.png","width":354,"height":151,"caption":"FEURICH"},"image":{"@id":"https:\/\/feurich.com\/en\/#\/schema\/logo\/image\/"},"sameAs":["https:\/\/www.facebook.com\/feurichvienna\/"]}]}},"_links":{"self":[{"href":"https:\/\/feurich.com\/de\/wp-json\/wp\/v2\/pages\/416","targetHints":{"allow":["GET"]}}],"collection":[{"href":"https:\/\/feurich.com\/de\/wp-json\/wp\/v2\/pages"}],"about":[{"href":"https:\/\/feurich.com\/de\/wp-json\/wp\/v2\/types\/page"}],"author":[{"embeddable":true,"href":"https:\/\/feurich.com\/de\/wp-json\/wp\/v2\/users\/4"}],"replies":[{"embeddable":true,"href":"https:\/\/feurich.com\/de\/wp-json\/wp\/v2\/comments?post=416"}],"version-history":[{"count":50,"href":"https:\/\/feurich.com\/de\/wp-json\/wp\/v2\/pages\/416\/revisions"}],"predecessor-version":[{"id":83918,"href":"https:\/\/feurich.com\/de\/wp-json\/wp\/v2\/pages\/416\/revisions\/83918"}],"wp:attachment":[{"href":"https:\/\/feurich.com\/de\/wp-json\/wp\/v2\/media?parent=416"}],"curies":[{"name":"wp","href":"https:\/\/api.w.org\/{rel}","templated":true}]}}