{"id":414,"date":"2017-08-08T21:06:16","date_gmt":"2017-08-08T21:06:16","guid":{"rendered":"\/?page_id=414"},"modified":"2025-04-27T17:37:09","modified_gmt":"2025-04-27T17:37:09","slug":"feurich-ningbo","status":"publish","type":"page","link":"https:\/\/feurich.com\/de\/produktion\/feurich-ningbo\/","title":{"rendered":"FEURICH Ningbo"},"content":{"rendered":"<div class=\"wpb-content-wrapper\"><p>[vc_row][vc_column][vc_empty_space][\/vc_column][\/vc_row][vc_row][vc_column width=&#8220;1\/3&#8243;][vc_empty_space height=&#8220;20px&#8220;][vc_single_image image=&#8220;2170&#8243; img_size=&#8220;large&#8220; add_caption=&#8220;yes&#8220;][vc_column_text][\/vc_column_text][vc_empty_space height=&#8220;24px&#8220;][\/vc_column][vc_column width=&#8220;2\/3&#8243;][vc_empty_space height=&#8220;24px&#8220;][vc_column_text el_class=&#8220;big-title&#8220;]<\/p>\n<p style=\"text-align: center;\">FEURICH Ningbo<\/p>\n<p>[\/vc_column_text][vc_empty_space height=&#8220;24px&#8220;][vc_column_text]<span style=\"font-size: 14pt;\">Im Jahr 2003 startete die Klavierproduktion in Ningbo\/China. Der gro\u00dfe CNC-Hightech-Pr\u00e4zisionsmaschinenpark erm\u00f6glicht die Produktion von s\u00e4mtlichen Klavierbestandteilen. Ausgew\u00e4hlte wertvolle Rohstoffe, perfekter Zuschnitt und Zusammenbau mit den besten CNC-Maschinen und eine strenge Qualit\u00e4tskontrolle charakterisieren die gesamte FEURICH-Produktion.<\/span>[\/vc_column_text][\/vc_column][\/vc_row][vc_row][vc_column width=&#8220;1\/3&#8243;][vc_single_image image=&#8220;2623&#8243; img_size=&#8220;large&#8220; add_caption=&#8220;yes&#8220;][\/vc_column][vc_column width=&#8220;2\/3&#8243;][vc_empty_space height=&#8220;18px&#8220;][vc_column_text]<\/p>\n<h3>Qualit\u00e4t beginnt bei den Materialien<\/h3>\n<p>Langsam gewachsene Fichte bester Qualit\u00e4t aus der Mongolei, \u00d6sterreich und Russland findet bei Resonanzb\u00f6den, Rippen und im Rastenbau Verwendung. Stege, schichtverleimte Stimmst\u00f6cke und Resonanzbodenlager werden aus hochwertigen europ\u00e4ischen und kanadischen Harth\u00f6lzern hergestellt. Diese Einzelteile werden in Trockenr\u00e4umen gelagert, um sp\u00e4teres Schrumpfen zu vermeiden.<\/p>\n<p>Die von CNC-Maschinen perfekt gefr\u00e4sten Teile mit Zapfenverleimungen sorgen f\u00fcr h\u00f6chste Seriengenauigkeit und garantieren damit eine stabile Bauweise, die eine jahrzehntelange Zuverl\u00e4ssigkeit bei Stimmhaltung und Klang gew\u00e4hrleistet! Auch die Gussrahmen werden mit eigenen hochpr\u00e4zisen CNC-Maschinen bearbeitet.[\/vc_column_text][vc_empty_space height=&#8220;24px&#8220;][\/vc_column][\/vc_row][vc_row][vc_column width=&#8220;1\/3&#8243;][vc_single_image image=&#8220;2355&#8243; img_size=&#8220;large&#8220; add_caption=&#8220;yes&#8220;][\/vc_column][vc_column width=&#8220;1\/3&#8243;][vc_single_image image=&#8220;84060&#8243; img_size=&#8220;large&#8220; add_caption=&#8220;yes&#8220; css=&#8220;&#8220;][\/vc_column][vc_column width=&#8220;1\/3&#8243;][vc_single_image image=&#8220;84083&#8243; img_size=&#8220;large&#8220; add_caption=&#8220;yes&#8220; css=&#8220;&#8220;][\/vc_column][\/vc_row][vc_row][vc_column width=&#8220;1\/3&#8243;][vc_single_image image=&#8220;84095&#8243; img_size=&#8220;large&#8220; add_caption=&#8220;yes&#8220; css=&#8220;&#8220;][\/vc_column][vc_column width=&#8220;1\/3&#8243;][vc_single_image image=&#8220;84106&#8243; img_size=&#8220;large&#8220; add_caption=&#8220;yes&#8220; css=&#8220;&#8220;][\/vc_column][vc_column width=&#8220;1\/3&#8243;][vc_single_image image=&#8220;84117&#8243; img_size=&#8220;large&#8220; add_caption=&#8220;yes&#8220; css=&#8220;&#8220;][\/vc_column][\/vc_row][vc_row][vc_column width=&#8220;1\/3&#8243;][\/vc_column][vc_column width=&#8220;2\/3&#8243;][vc_empty_space height=&#8220;18px&#8220;][vc_column_text]<\/p>\n<h3>Pr\u00e4zisionsarbeit<\/h3>\n<p>Nach dem Zusammenleimen des Holzrastens, Stimmstocks und Resonanzbodenlagers wird dieser Teil von CNC-Fr\u00e4sen auf W\u00f6lbung und Position der Rippen bearbeitet. Dieser Arbeitsvorgang garantiert die optimale Seriengenauigkeit und das gew\u00fcnschte Klangbild unserer Instrumente. Bei der Berippung des Resonanzbodens kommt eine computergesteuerte thermische Presse zum Einsatz, die ebenfalls eine perfekt gleich bleibende W\u00f6lbung und Verleimung des Resonanzbodens sicherstellt.<\/p>\n<p>Speziell konstruierte CNC-Maschinen bohren die L\u00f6cher der Stegstifte, stechen den Steg und setzen die Stegstifte vollautomatisch ein. Die Stimmwirbel werden mit gleichm\u00e4\u00dfig hohem Druck in den Stimmstock eingepresst, was eine hochwertige Stimmhaltung verspricht.[\/vc_column_text][vc_empty_space height=&#8220;24px&#8220;][\/vc_column][\/vc_row][vc_row][vc_column width=&#8220;1\/3&#8243;][vc_single_image image=&#8220;84129&#8243; img_size=&#8220;large&#8220; add_caption=&#8220;yes&#8220; css=&#8220;&#8220;][\/vc_column][vc_column width=&#8220;1\/3&#8243;][vc_single_image image=&#8220;84140&#8243; img_size=&#8220;large&#8220; add_caption=&#8220;yes&#8220; css=&#8220;&#8220;][\/vc_column][vc_column width=&#8220;1\/3&#8243;][vc_single_image image=&#8220;84151&#8243; img_size=&#8220;large&#8220; add_caption=&#8220;yes&#8220; css=&#8220;&#8220;][\/vc_column][\/vc_row][vc_row][vc_column width=&#8220;1\/3&#8243;][vc_single_image image=&#8220;84162&#8243; img_size=&#8220;large&#8220; add_caption=&#8220;yes&#8220; css=&#8220;&#8220;][\/vc_column][vc_column width=&#8220;1\/3&#8243;][vc_single_image image=&#8220;84173&#8243; img_size=&#8220;large&#8220; add_caption=&#8220;yes&#8220; css=&#8220;&#8220;][\/vc_column][vc_column width=&#8220;1\/3&#8243;][vc_single_image image=&#8220;84184&#8243; img_size=&#8220;large&#8220; add_caption=&#8220;yes&#8220; css=&#8220;&#8220;][\/vc_column][\/vc_row][vc_row][vc_column width=&#8220;1\/3&#8243;][\/vc_column][vc_column width=&#8220;2\/3&#8243;][vc_empty_space height=&#8220;18px&#8220;][vc_column_text]<\/p>\n<h3>Der Ursprung f\u00fcr perfekten Klang<\/h3>\n<p>Beim Beziehen der Instrumente wird Stahldraht der Marken \u201ePaulello\u201c und \u201eR\u00f6slau\u201c verwendet und gro\u00dfe Sorgfalt auf Gleichm\u00e4\u00dfigkeit gelegt. F\u00fcr die Basssaiten wird ausschlie\u00dflich hochwertigstes Kupfer verwendet. Dieses wird von eigens konstruierten Maschinen mit einem optimalen, exakt gleichbleibenden Zug um den Stahldraht gesponnen. Die vielen eigenen FEURICH-Spezialrohstoffe, wie spezielle FEURICH-gelbe robuste Filze, streng selektierte und bearbeitete Hammerk\u00f6pfe, H\u00f6lzer und Metallteile, erkennt man sofort beim Blick ins Instrument.<\/p>\n<p>Zus\u00e4tzlich wird jedes Instrument in eigens temperierten FEURICH-R\u00e4umen als Zwischenstopp w\u00e4hrend des Produktionsprozesses dreimal bearbeitet und kontrolliert.[\/vc_column_text][vc_empty_space height=&#8220;24px&#8220;][\/vc_column][\/vc_row][vc_row][vc_column width=&#8220;1\/3&#8243;][vc_single_image image=&#8220;84196&#8243; img_size=&#8220;large&#8220; add_caption=&#8220;yes&#8220; css=&#8220;&#8220;][\/vc_column][vc_column width=&#8220;1\/3&#8243;][vc_single_image image=&#8220;84207&#8243; img_size=&#8220;large&#8220; add_caption=&#8220;yes&#8220; css=&#8220;&#8220;][\/vc_column][vc_column width=&#8220;1\/3&#8243;][vc_single_image image=&#8220;84218&#8243; img_size=&#8220;large&#8220; add_caption=&#8220;yes&#8220; css=&#8220;&#8220;][\/vc_column][\/vc_row][vc_row][vc_column width=&#8220;1\/3&#8243;][\/vc_column][vc_column width=&#8220;2\/3&#8243;][vc_empty_space height=&#8220;18px&#8220;][vc_column_text]<\/p>\n<h3>Stimmen und Regulieren<\/h3>\n<p>Eine perfekte Stimmwirbelteilung ergibt sich aus genauester Planung und \u00dcbersetzung im Produktionsvorgang, was ein problemloses Stimmen und eine gute Stimmhaltung erm\u00f6glicht. Als erster Stimmvorgang erfolgt das so genannte \u201eZwicken\u201c des Instrumentes. Dabei wird das Klavier rasch unter Spannung auf die gew\u00fcnschte Tonh\u00f6he gebracht.<\/p>\n<p>Abschlie\u00dfend erfolgen das Finish am Geh\u00e4use sowie das maschinelle Einspielen von Klaviatur und Mechanik. Im letzten Schritt wird das Klavier final reguliert und gestimmt und mit alubeschichteter Folie gegen Luftfeuchtigkeit vakuumverpackt.<\/p>\n<p>Die Ausarbeitung \u2013 also Stimmen, Regulieren und Intonation \u2013 jedes einzelnen Klaviers erfolgt in unseren FEURICH Logistikzentren, die es auf der ganzen Welt gibt, oder bei einem unserer qualifizierten FEURICH-Partner.[\/vc_column_text][vc_empty_space height=&#8220;24px&#8220;][\/vc_column][\/vc_row][vc_row][vc_column width=&#8220;1\/3&#8243;][vc_single_image image=&#8220;84229&#8243; img_size=&#8220;large&#8220; add_caption=&#8220;yes&#8220; css=&#8220;&#8220;][\/vc_column][vc_column width=&#8220;1\/3&#8243;][vc_single_image image=&#8220;84240&#8243; img_size=&#8220;large&#8220; add_caption=&#8220;yes&#8220; css=&#8220;&#8220;][\/vc_column][vc_column width=&#8220;1\/3&#8243;][vc_single_image image=&#8220;84251&#8243; img_size=&#8220;large&#8220; add_caption=&#8220;yes&#8220; css=&#8220;&#8220;][\/vc_column][\/vc_row]<\/p>\n<\/div>","protected":false},"excerpt":{"rendered":"<p>Wertvolle Rohstoffe, perfekter Zuschnitt und Zusammenbau mit den besten CNC-Maschinen und strenge Qualit\u00e4tskontrolle: die FEURICH-Produktion in Ningbo.<\/p>\n","protected":false},"author":4,"featured_media":0,"parent":404,"menu_order":0,"comment_status":"closed","ping_status":"closed","template":"template-fullwidth.php","meta":{"inline_featured_image":false,"footnotes":""},"class_list":["post-414","page","type-page","status-publish","hentry"],"acf":[],"yoast_head":"<!-- This site is optimized with the Yoast SEO plugin v24.4 - https:\/\/yoast.com\/wordpress\/plugins\/seo\/ -->\n<title>FEURICH Ningbo - FEURICH<\/title>\n<meta name=\"robots\" content=\"index, follow, max-snippet:-1, max-image-preview:large, max-video-preview:-1\" \/>\n<link rel=\"canonical\" href=\"https:\/\/feurich.com\/de\/produktion\/feurich-ningbo\/\" \/>\n<meta property=\"og:locale\" content=\"de_DE\" \/>\n<meta property=\"og:type\" content=\"article\" \/>\n<meta property=\"og:title\" content=\"FEURICH Ningbo - FEURICH\" \/>\n<meta property=\"og:description\" content=\"Wertvolle Rohstoffe, perfekter Zuschnitt und Zusammenbau mit den besten CNC-Maschinen und strenge Qualit\u00e4tskontrolle: die FEURICH-Produktion in Ningbo.\" \/>\n<meta property=\"og:url\" content=\"https:\/\/feurich.com\/de\/produktion\/feurich-ningbo\/\" \/>\n<meta property=\"og:site_name\" content=\"FEURICH\" \/>\n<meta property=\"article:publisher\" content=\"https:\/\/www.facebook.com\/feurichvienna\/\" \/>\n<meta property=\"article:modified_time\" content=\"2025-04-27T17:37:09+00:00\" \/>\n<meta name=\"twitter:card\" content=\"summary_large_image\" \/>\n<meta name=\"twitter:label1\" content=\"Gesch\u00e4tzte Lesezeit\" \/>\n\t<meta name=\"twitter:data1\" content=\"5\u00a0Minuten\" \/>\n<script type=\"application\/ld+json\" class=\"yoast-schema-graph\">{\"@context\":\"https:\/\/schema.org\",\"@graph\":[{\"@type\":\"WebPage\",\"@id\":\"https:\/\/feurich.com\/de\/produktion\/feurich-ningbo\/\",\"url\":\"https:\/\/feurich.com\/de\/produktion\/feurich-ningbo\/\",\"name\":\"FEURICH Ningbo - FEURICH\",\"isPartOf\":{\"@id\":\"https:\/\/feurich.com\/en\/#website\"},\"datePublished\":\"2017-08-08T21:06:16+00:00\",\"dateModified\":\"2025-04-27T17:37:09+00:00\",\"breadcrumb\":{\"@id\":\"https:\/\/feurich.com\/de\/produktion\/feurich-ningbo\/#breadcrumb\"},\"inLanguage\":\"de\",\"potentialAction\":[{\"@type\":\"ReadAction\",\"target\":[\"https:\/\/feurich.com\/de\/produktion\/feurich-ningbo\/\"]}]},{\"@type\":\"BreadcrumbList\",\"@id\":\"https:\/\/feurich.com\/de\/produktion\/feurich-ningbo\/#breadcrumb\",\"itemListElement\":[{\"@type\":\"ListItem\",\"position\":1,\"name\":\"Home\",\"item\":\"https:\/\/feurich.com\/de\/\"},{\"@type\":\"ListItem\",\"position\":2,\"name\":\"Produktion\",\"item\":\"https:\/\/feurich.com\/de\/produktion\/\"},{\"@type\":\"ListItem\",\"position\":3,\"name\":\"FEURICH Ningbo\"}]},{\"@type\":\"WebSite\",\"@id\":\"https:\/\/feurich.com\/en\/#website\",\"url\":\"https:\/\/feurich.com\/en\/\",\"name\":\"FEURICH\",\"description\":\"A sound that connects\",\"publisher\":{\"@id\":\"https:\/\/feurich.com\/en\/#organization\"},\"potentialAction\":[{\"@type\":\"SearchAction\",\"target\":{\"@type\":\"EntryPoint\",\"urlTemplate\":\"https:\/\/feurich.com\/en\/?s={search_term_string}\"},\"query-input\":{\"@type\":\"PropertyValueSpecification\",\"valueRequired\":true,\"valueName\":\"search_term_string\"}}],\"inLanguage\":\"de\"},{\"@type\":\"Organization\",\"@id\":\"https:\/\/feurich.com\/en\/#organization\",\"name\":\"FEURICH\",\"url\":\"https:\/\/feurich.com\/en\/\",\"logo\":{\"@type\":\"ImageObject\",\"inLanguage\":\"de\",\"@id\":\"https:\/\/feurich.com\/en\/#\/schema\/logo\/image\/\",\"url\":\"https:\/\/feurich.com\/wp-content\/uploads\/logo.png\",\"contentUrl\":\"https:\/\/feurich.com\/wp-content\/uploads\/logo.png\",\"width\":354,\"height\":151,\"caption\":\"FEURICH\"},\"image\":{\"@id\":\"https:\/\/feurich.com\/en\/#\/schema\/logo\/image\/\"},\"sameAs\":[\"https:\/\/www.facebook.com\/feurichvienna\/\"]}]}<\/script>\n<!-- \/ Yoast SEO plugin. -->","yoast_head_json":{"title":"FEURICH Ningbo - FEURICH","robots":{"index":"index","follow":"follow","max-snippet":"max-snippet:-1","max-image-preview":"max-image-preview:large","max-video-preview":"max-video-preview:-1"},"canonical":"https:\/\/feurich.com\/de\/produktion\/feurich-ningbo\/","og_locale":"de_DE","og_type":"article","og_title":"FEURICH Ningbo - FEURICH","og_description":"Wertvolle Rohstoffe, perfekter Zuschnitt und Zusammenbau mit den besten CNC-Maschinen und strenge Qualit\u00e4tskontrolle: die FEURICH-Produktion in Ningbo.","og_url":"https:\/\/feurich.com\/de\/produktion\/feurich-ningbo\/","og_site_name":"FEURICH","article_publisher":"https:\/\/www.facebook.com\/feurichvienna\/","article_modified_time":"2025-04-27T17:37:09+00:00","twitter_card":"summary_large_image","twitter_misc":{"Gesch\u00e4tzte Lesezeit":"5\u00a0Minuten"},"schema":{"@context":"https:\/\/schema.org","@graph":[{"@type":"WebPage","@id":"https:\/\/feurich.com\/de\/produktion\/feurich-ningbo\/","url":"https:\/\/feurich.com\/de\/produktion\/feurich-ningbo\/","name":"FEURICH Ningbo - FEURICH","isPartOf":{"@id":"https:\/\/feurich.com\/en\/#website"},"datePublished":"2017-08-08T21:06:16+00:00","dateModified":"2025-04-27T17:37:09+00:00","breadcrumb":{"@id":"https:\/\/feurich.com\/de\/produktion\/feurich-ningbo\/#breadcrumb"},"inLanguage":"de","potentialAction":[{"@type":"ReadAction","target":["https:\/\/feurich.com\/de\/produktion\/feurich-ningbo\/"]}]},{"@type":"BreadcrumbList","@id":"https:\/\/feurich.com\/de\/produktion\/feurich-ningbo\/#breadcrumb","itemListElement":[{"@type":"ListItem","position":1,"name":"Home","item":"https:\/\/feurich.com\/de\/"},{"@type":"ListItem","position":2,"name":"Produktion","item":"https:\/\/feurich.com\/de\/produktion\/"},{"@type":"ListItem","position":3,"name":"FEURICH Ningbo"}]},{"@type":"WebSite","@id":"https:\/\/feurich.com\/en\/#website","url":"https:\/\/feurich.com\/en\/","name":"FEURICH","description":"A sound that connects","publisher":{"@id":"https:\/\/feurich.com\/en\/#organization"},"potentialAction":[{"@type":"SearchAction","target":{"@type":"EntryPoint","urlTemplate":"https:\/\/feurich.com\/en\/?s={search_term_string}"},"query-input":{"@type":"PropertyValueSpecification","valueRequired":true,"valueName":"search_term_string"}}],"inLanguage":"de"},{"@type":"Organization","@id":"https:\/\/feurich.com\/en\/#organization","name":"FEURICH","url":"https:\/\/feurich.com\/en\/","logo":{"@type":"ImageObject","inLanguage":"de","@id":"https:\/\/feurich.com\/en\/#\/schema\/logo\/image\/","url":"https:\/\/feurich.com\/wp-content\/uploads\/logo.png","contentUrl":"https:\/\/feurich.com\/wp-content\/uploads\/logo.png","width":354,"height":151,"caption":"FEURICH"},"image":{"@id":"https:\/\/feurich.com\/en\/#\/schema\/logo\/image\/"},"sameAs":["https:\/\/www.facebook.com\/feurichvienna\/"]}]}},"_links":{"self":[{"href":"https:\/\/feurich.com\/de\/wp-json\/wp\/v2\/pages\/414","targetHints":{"allow":["GET"]}}],"collection":[{"href":"https:\/\/feurich.com\/de\/wp-json\/wp\/v2\/pages"}],"about":[{"href":"https:\/\/feurich.com\/de\/wp-json\/wp\/v2\/types\/page"}],"author":[{"embeddable":true,"href":"https:\/\/feurich.com\/de\/wp-json\/wp\/v2\/users\/4"}],"replies":[{"embeddable":true,"href":"https:\/\/feurich.com\/de\/wp-json\/wp\/v2\/comments?post=414"}],"version-history":[{"count":46,"href":"https:\/\/feurich.com\/de\/wp-json\/wp\/v2\/pages\/414\/revisions"}],"predecessor-version":[{"id":84420,"href":"https:\/\/feurich.com\/de\/wp-json\/wp\/v2\/pages\/414\/revisions\/84420"}],"up":[{"embeddable":true,"href":"https:\/\/feurich.com\/de\/wp-json\/wp\/v2\/pages\/404"}],"wp:attachment":[{"href":"https:\/\/feurich.com\/de\/wp-json\/wp\/v2\/media?parent=414"}],"curies":[{"name":"wp","href":"https:\/\/api.w.org\/{rel}","templated":true}]}}