{"id":410,"date":"2017-08-08T21:05:31","date_gmt":"2017-08-08T21:05:31","guid":{"rendered":"\/?page_id=410"},"modified":"2020-10-06T09:43:21","modified_gmt":"2020-10-06T09:43:21","slug":"geschichte","status":"publish","type":"page","link":"https:\/\/feurich.com\/de\/ueber-uns\/geschichte\/","title":{"rendered":"Geschichte"},"content":{"rendered":"<div class=\"wpb-content-wrapper\"><p>[vc_row][vc_column][vc_column_text]<\/p>\n<h4><\/h4>\n<p>&nbsp;<\/p>\n<h2>FEURICH \u2013 Die Innovationsmarke<\/h2>\n<p><strong>Seit \u00fcber 165 Jahren lebt FEURICH traditionellen Instrumentenbau und begeistert mit seinen Innovationen Klavierliebhaber auf der ganzen Welt.<\/strong>[\/vc_column_text][\/vc_column][\/vc_row][vc_row][vc_column width=&#8220;1\/3&#8243;][vc_empty_space height=&#8220;20px&#8220;][vc_single_image image=&#8220;2611&#8243; img_size=&#8220;357&#215;238&#8243;][\/vc_column][vc_column width=&#8220;1\/3&#8243;][vc_empty_space height=&#8220;20px&#8220;][vc_single_image image=&#8220;2607&#8243; img_size=&#8220;357&#215;238&#8243;][\/vc_column][vc_column width=&#8220;1\/3&#8243;][vc_empty_space height=&#8220;20px&#8220;][vc_single_image image=&#8220;2606&#8243; img_size=&#8220;357&#215;238&#8243;][\/vc_column][\/vc_row][vc_row][vc_column][vc_empty_space height=&#8220;20px&#8220;][vc_column_text]<strong>2016<\/strong><br \/>\nAm 21. Juni 2016 er\u00f6ffnet das Herzst\u00fcck der j\u00fcngsten Geschichte: Die KLAVIER<em>manufaktur<\/em> im Zentrum Wiens. Gebaut wird das erste FEURICH Piano \u201eMade in Austria\u201c. Das <a href=\"https:\/\/feurich.com\/de\/produkte\/vienna-pianos\/\">FEURICH Mod. 123 \u2013 Vienna<\/a> setzt neue Ma\u00dfst\u00e4be im Pianobau und verf\u00fcgt neben einem herausragenden Spielwerk \u00fcber umfangreiche technische Konzepte und Patente, die es in dieser Kombination bei akustischen Klavieren noch nie gegeben hat.<\/p>\n<p><strong>2015<\/strong><br \/>\nModernisierung und \u00dcberarbeitung s\u00e4mtlicher Pianos und Fl\u00fcgel aus der FEURICH Ningbo Produktion. Bessere Spielwerke erm\u00f6glichen ein hochsensibles Pianissimo, einen kontrollierten Anschlag und eine schnellere Repetition. Das Assembling wird grundlegend verbessert, Materialien optimiert und neue Fl\u00fcgel Modelle Mod. 162 \u2013 Dynamic I\u00a0 und Mod. 179 \u2013 Dynamic II\u00a0 entstehen.<\/p>\n<p><strong>2010-2012<\/strong><br \/>\nDie weltweiten Rechte an der Marke FEURICH und das Traditionsunternehmen selbst werden von der Wiener Firma \u00fcbernommen. Ein gro\u00dfes Anliegen des neuen FEURICH-Teams ist es die urspr\u00fcnglich europ\u00e4ische Tradition des Klavierbaus wieder zu st\u00e4rken und auszubauen. Die Planung f\u00fcr die neue <a href=\"https:\/\/feurich.com\/de\/produktion\/feurich-wien\/\">FEURICH KLAVIER<em>manufaktur<\/em><\/a> beginnt. Ab April 2010 wird auch die technische Leitung sowie das Team in Wien neu formiert und der Firmensitz ausgebaut. Unter dem Namen \u201eKLAVIER<em>galerie<\/em>\u201c etabliert es sich auch zu einem beliebten Musikzentrum. Hier wird mit allem rund um das Klavier experimentiert. Diese wertvollen Erfahrungen flie\u00dfen direkt in die FEURICH-Entwicklung und -Produktion ein. Zahlreiche Verbesserungen an den bereits bekannten Modellen werden umgesetzt, um dem hohen Qualit\u00e4tsanspruch der Marke FEURICH gerecht zu werden und das ausgezeichnete Preis-\/Leistungsverh\u00e4ltnis weiter zu steigern.[\/vc_column_text][\/vc_column][\/vc_row][vc_row][vc_column width=&#8220;1\/3&#8243;][vc_empty_space height=&#8220;20px&#8220;][vc_single_image image=&#8220;2624&#8243; img_size=&#8220;357&#215;238&#8243;][\/vc_column][vc_column width=&#8220;1\/3&#8243;][vc_empty_space height=&#8220;20px&#8220;][vc_single_image image=&#8220;6342&#8243; img_size=&#8220;357&#215;238&#8243;][\/vc_column][vc_column width=&#8220;1\/3&#8243;][vc_empty_space height=&#8220;20px&#8220;][vc_single_image image=&#8220;6318&#8243; img_size=&#8220;357&#215;238&#8243;][\/vc_column][\/vc_row][vc_row][vc_column][vc_column_text]<\/p>\n<h4><\/h4>\n<p><strong>2003-2010<\/strong><br \/>\n2003 startet die Wiener Firma ihre Produktionskooperation mit dem CNC-Hightech-Pr\u00e4zisionswerk von Hailun Piano Co. Ltd. in Ningbo\/China, das ein bereits bekannter Zulieferer von hochqualitativen Klavierbestandteilen f\u00fcr zahlreiche bekannte Weltmarken ist. Das kompromisslose Bekenntnis zu h\u00f6chster Qualit\u00e4t wird durch mehrfache Kontrollen w\u00e4hrend des gesamten Herstellungsprozesses sichergestellt. Das Modell 122 \u2013 Universal (Link) ist das erste Piano, das vollst\u00e4ndig in der Produktionsst\u00e4tte in Ningbo produziert wird. 2007 wird es aufgrund seines herausragenden Klangs mit dem \u201eDiapason d\u2019or\u201c in Paris ausgezeichnet. Ein weiterer Schwerpunkt wird auf die Herstellung von Fl\u00fcgeln gelegt, die ebenfalls mehrfach mit Preisen ausgezeichnet werden. Dank ihrer Verarbeitungsqualit\u00e4t und den zahlreichen Innovationen stellen sie auch deutlich teurere Klaviere in den Schatten.[\/vc_column_text][\/vc_column][\/vc_row][vc_row][vc_column][vc_empty_space height=&#8220;20px&#8220;][vc_column_text]<\/p>\n<h4><\/h4>\n<h2>FEURICH \u2013 Die Traditionsmarke<\/h2>\n<p><strong>FEURICH begeistert seit \u00fcber 165 Jahren mit Klavieren der Premiumklasse.<\/strong>[\/vc_column_text][\/vc_column][\/vc_row][vc_row][vc_column width=&#8220;1\/3&#8243;][vc_empty_space height=&#8220;4px&#8220;][vc_empty_space height=&#8220;20px&#8220;][vc_single_image image=&#8220;2604&#8243; alignment=&#8220;center&#8220;][\/vc_column][vc_column width=&#8220;2\/3&#8243;][vc_empty_space height=&#8220;20px&#8220;][vc_column_text]<strong>1994<\/strong><br \/>\nNach einer \u00dcbernahme des Unternehmens Euterpe durch Bechstein und einem sp\u00e4teren R\u00fcckkauf der Firmenanteile startete die neue FEURICH-Produktion bei der Firma R\u00f6nisch sowie im Klavierbaubetrieb von Friedrich Steinbauer in Kalbensteinberg. 1999 wurde die gesamte FEURICH-Produktion ins neue Firmengeb\u00e4ude in Gunzenhausen verlegt. Die hohe Qualifikation der Mitarbeiter war immer schon ein Garant f\u00fcr die gleichm\u00e4\u00dfig hohe Qualit\u00e4t der FEURICH-Produkte. Der ausgezeichnete Klangcharakter ist heute wie damals typisches Merkmal der FEURICH-Instrumente.<\/p>\n<p><strong>1959<\/strong><br \/>\nNach der Zwangsenteignung von Firma und Verm\u00f6gen durch die DDR gab es nur eine Perspektive \u2013 die Abwanderung nach Westdeutschland. FEURICH fand in Mittelfranken ein neues Zuhause und eine Zukunft. In einer Produktionsgemeinschaft mit der Firma Euterpe wurde die FEURICH-Fertigung in Langlau\/Mittelfranken stetig weiter ausgebaut. Ende der 1970er-Jahre besch\u00e4ftigte FEURICH bereits wieder bis zu 276 Mitarbeiter bei einer Jahresproduktion von rund 2000 Klavieren und 300 Fl\u00fcgeln.<\/p>\n<p><strong>1911<\/strong><br \/>\nDas Zweitwerk in Leipzig-Leutzsch wird bezogen. Hier fertigen bereits 360 Mitarbeiter rund 1000 Klaviere und 600 Fl\u00fcgel pro Jahr, die in die gesamte Welt verkauft werden. Neben den europ\u00e4ischen L\u00e4ndern waren besonders Australien, Chile und Brasilien absatzstarke M\u00e4rkte. FEURICH z\u00e4hlte damals zum Kreis der sogenannten 5er-Konvention, einer Kooperation der f\u00fcnf f\u00fchrenden Hersteller Deutschlands, mit dem Ziel ausgew\u00e4hlten Pianisten weltweit die firmeneigenen Konzertfl\u00fcgel bereitzustellen. FEURICH hatte zu dieser Zeit 60 firmeneigene Konzertfl\u00fcgel auf allen gro\u00dfen B\u00fchnen dieser Welt. Erst nach dem Krieg endete diese dominierende \u00c4ra, da kaum ein deutscher Hersteller in der Lage war in dieser schwierigen Zeit Konzertfl\u00fcgel anzubieten.<\/p>\n<p><strong>1851<\/strong><br \/>\nJulius Gustav Feurich, bereits in dritter Generation Klavier- und Cembalobauer, gr\u00fcndet die Pianofortefabrik FEURICH in Leipzig und baut als erster Hersteller in Deutschland das aufrecht stehende Klavier mit Unterd\u00e4mpfung. Er war damit seinen Kollegen nicht nur um viele Jahre voraus, sondern legt damit bereits den Grundstein f\u00fcr die Innovationskraft der Marke. Gr\u00fcndungskosten: 1 Goldmark.[\/vc_column_text][\/vc_column][\/vc_row][vc_row][vc_column width=&#8220;1\/3&#8243;][vc_empty_space height=&#8220;20px&#8220;][vc_single_image image=&#8220;2642&#8243; img_size=&#8220;357&#215;238&#8243;][\/vc_column][vc_column width=&#8220;1\/3&#8243;][vc_empty_space height=&#8220;20px&#8220;][vc_single_image image=&#8220;2603&#8243; img_size=&#8220;357&#215;238&#8243;][\/vc_column][vc_column width=&#8220;1\/3&#8243;][vc_empty_space height=&#8220;20px&#8220;][vc_single_image image=&#8220;2605&#8243; img_size=&#8220;357&#215;238&#8243;][\/vc_column][\/vc_row][vc_row][vc_column][vc_empty_space height=&#8220;42px&#8220;][\/vc_column][\/vc_row]<\/p>\n<\/div>","protected":false},"excerpt":{"rendered":"<p>Seit \u00fcber 165 Jahren lebt FEURICH traditionellen Instrumentenbau und begeistert mit seinen Innovationen Klavierliebhaber auf der ganzen Welt.<\/p>\n","protected":false},"author":4,"featured_media":0,"parent":402,"menu_order":0,"comment_status":"closed","ping_status":"closed","template":"template-fullwidth.php","meta":{"inline_featured_image":false,"footnotes":""},"class_list":["post-410","page","type-page","status-publish","hentry"],"acf":[],"yoast_head":"<!-- This site is optimized with the Yoast SEO plugin v24.4 - https:\/\/yoast.com\/wordpress\/plugins\/seo\/ -->\n<title>Geschichte - FEURICH<\/title>\n<meta name=\"description\" content=\"Seit \u00fcber 165 Jahren lebt FEURICH traditionellen Instrumentenbau und begeistert mit seinen Innovationen Klavierliebhaber auf der ganzen Welt.\" \/>\n<meta name=\"robots\" content=\"index, follow, max-snippet:-1, max-image-preview:large, max-video-preview:-1\" \/>\n<link rel=\"canonical\" href=\"https:\/\/feurich.com\/de\/ueber-uns\/geschichte\/\" \/>\n<meta property=\"og:locale\" content=\"de_DE\" \/>\n<meta property=\"og:type\" content=\"article\" \/>\n<meta property=\"og:title\" content=\"Geschichte - FEURICH\" \/>\n<meta property=\"og:description\" content=\"Seit \u00fcber 165 Jahren lebt FEURICH traditionellen Instrumentenbau und begeistert mit seinen Innovationen Klavierliebhaber auf der ganzen Welt.\" \/>\n<meta property=\"og:url\" content=\"https:\/\/feurich.com\/de\/ueber-uns\/geschichte\/\" \/>\n<meta property=\"og:site_name\" content=\"FEURICH\" \/>\n<meta property=\"article:publisher\" content=\"https:\/\/www.facebook.com\/feurichvienna\/\" \/>\n<meta property=\"article:modified_time\" content=\"2020-10-06T09:43:21+00:00\" \/>\n<meta name=\"twitter:card\" content=\"summary_large_image\" \/>\n<meta name=\"twitter:label1\" content=\"Gesch\u00e4tzte Lesezeit\" \/>\n\t<meta name=\"twitter:data1\" content=\"5\u00a0Minuten\" \/>\n<script type=\"application\/ld+json\" class=\"yoast-schema-graph\">{\"@context\":\"https:\/\/schema.org\",\"@graph\":[{\"@type\":\"WebPage\",\"@id\":\"https:\/\/feurich.com\/de\/ueber-uns\/geschichte\/\",\"url\":\"https:\/\/feurich.com\/de\/ueber-uns\/geschichte\/\",\"name\":\"Geschichte - FEURICH\",\"isPartOf\":{\"@id\":\"https:\/\/feurich.com\/en\/#website\"},\"datePublished\":\"2017-08-08T21:05:31+00:00\",\"dateModified\":\"2020-10-06T09:43:21+00:00\",\"description\":\"Seit \u00fcber 165 Jahren lebt FEURICH traditionellen Instrumentenbau und begeistert mit seinen Innovationen Klavierliebhaber auf der ganzen Welt.\",\"breadcrumb\":{\"@id\":\"https:\/\/feurich.com\/de\/ueber-uns\/geschichte\/#breadcrumb\"},\"inLanguage\":\"de\",\"potentialAction\":[{\"@type\":\"ReadAction\",\"target\":[\"https:\/\/feurich.com\/de\/ueber-uns\/geschichte\/\"]}]},{\"@type\":\"BreadcrumbList\",\"@id\":\"https:\/\/feurich.com\/de\/ueber-uns\/geschichte\/#breadcrumb\",\"itemListElement\":[{\"@type\":\"ListItem\",\"position\":1,\"name\":\"Home\",\"item\":\"https:\/\/feurich.com\/de\/\"},{\"@type\":\"ListItem\",\"position\":2,\"name\":\"\u00dcber uns\",\"item\":\"https:\/\/feurich.com\/de\/ueber-uns\/\"},{\"@type\":\"ListItem\",\"position\":3,\"name\":\"Geschichte\"}]},{\"@type\":\"WebSite\",\"@id\":\"https:\/\/feurich.com\/en\/#website\",\"url\":\"https:\/\/feurich.com\/en\/\",\"name\":\"FEURICH\",\"description\":\"A sound that connects\",\"publisher\":{\"@id\":\"https:\/\/feurich.com\/en\/#organization\"},\"potentialAction\":[{\"@type\":\"SearchAction\",\"target\":{\"@type\":\"EntryPoint\",\"urlTemplate\":\"https:\/\/feurich.com\/en\/?s={search_term_string}\"},\"query-input\":{\"@type\":\"PropertyValueSpecification\",\"valueRequired\":true,\"valueName\":\"search_term_string\"}}],\"inLanguage\":\"de\"},{\"@type\":\"Organization\",\"@id\":\"https:\/\/feurich.com\/en\/#organization\",\"name\":\"FEURICH\",\"url\":\"https:\/\/feurich.com\/en\/\",\"logo\":{\"@type\":\"ImageObject\",\"inLanguage\":\"de\",\"@id\":\"https:\/\/feurich.com\/en\/#\/schema\/logo\/image\/\",\"url\":\"https:\/\/feurich.com\/wp-content\/uploads\/logo.png\",\"contentUrl\":\"https:\/\/feurich.com\/wp-content\/uploads\/logo.png\",\"width\":354,\"height\":151,\"caption\":\"FEURICH\"},\"image\":{\"@id\":\"https:\/\/feurich.com\/en\/#\/schema\/logo\/image\/\"},\"sameAs\":[\"https:\/\/www.facebook.com\/feurichvienna\/\"]}]}<\/script>\n<!-- \/ Yoast SEO plugin. -->","yoast_head_json":{"title":"Geschichte - FEURICH","description":"Seit \u00fcber 165 Jahren lebt FEURICH traditionellen Instrumentenbau und begeistert mit seinen Innovationen Klavierliebhaber auf der ganzen Welt.","robots":{"index":"index","follow":"follow","max-snippet":"max-snippet:-1","max-image-preview":"max-image-preview:large","max-video-preview":"max-video-preview:-1"},"canonical":"https:\/\/feurich.com\/de\/ueber-uns\/geschichte\/","og_locale":"de_DE","og_type":"article","og_title":"Geschichte - FEURICH","og_description":"Seit \u00fcber 165 Jahren lebt FEURICH traditionellen Instrumentenbau und begeistert mit seinen Innovationen Klavierliebhaber auf der ganzen Welt.","og_url":"https:\/\/feurich.com\/de\/ueber-uns\/geschichte\/","og_site_name":"FEURICH","article_publisher":"https:\/\/www.facebook.com\/feurichvienna\/","article_modified_time":"2020-10-06T09:43:21+00:00","twitter_card":"summary_large_image","twitter_misc":{"Gesch\u00e4tzte Lesezeit":"5\u00a0Minuten"},"schema":{"@context":"https:\/\/schema.org","@graph":[{"@type":"WebPage","@id":"https:\/\/feurich.com\/de\/ueber-uns\/geschichte\/","url":"https:\/\/feurich.com\/de\/ueber-uns\/geschichte\/","name":"Geschichte - FEURICH","isPartOf":{"@id":"https:\/\/feurich.com\/en\/#website"},"datePublished":"2017-08-08T21:05:31+00:00","dateModified":"2020-10-06T09:43:21+00:00","description":"Seit \u00fcber 165 Jahren lebt FEURICH traditionellen Instrumentenbau und begeistert mit seinen Innovationen Klavierliebhaber auf der ganzen Welt.","breadcrumb":{"@id":"https:\/\/feurich.com\/de\/ueber-uns\/geschichte\/#breadcrumb"},"inLanguage":"de","potentialAction":[{"@type":"ReadAction","target":["https:\/\/feurich.com\/de\/ueber-uns\/geschichte\/"]}]},{"@type":"BreadcrumbList","@id":"https:\/\/feurich.com\/de\/ueber-uns\/geschichte\/#breadcrumb","itemListElement":[{"@type":"ListItem","position":1,"name":"Home","item":"https:\/\/feurich.com\/de\/"},{"@type":"ListItem","position":2,"name":"\u00dcber uns","item":"https:\/\/feurich.com\/de\/ueber-uns\/"},{"@type":"ListItem","position":3,"name":"Geschichte"}]},{"@type":"WebSite","@id":"https:\/\/feurich.com\/en\/#website","url":"https:\/\/feurich.com\/en\/","name":"FEURICH","description":"A sound that connects","publisher":{"@id":"https:\/\/feurich.com\/en\/#organization"},"potentialAction":[{"@type":"SearchAction","target":{"@type":"EntryPoint","urlTemplate":"https:\/\/feurich.com\/en\/?s={search_term_string}"},"query-input":{"@type":"PropertyValueSpecification","valueRequired":true,"valueName":"search_term_string"}}],"inLanguage":"de"},{"@type":"Organization","@id":"https:\/\/feurich.com\/en\/#organization","name":"FEURICH","url":"https:\/\/feurich.com\/en\/","logo":{"@type":"ImageObject","inLanguage":"de","@id":"https:\/\/feurich.com\/en\/#\/schema\/logo\/image\/","url":"https:\/\/feurich.com\/wp-content\/uploads\/logo.png","contentUrl":"https:\/\/feurich.com\/wp-content\/uploads\/logo.png","width":354,"height":151,"caption":"FEURICH"},"image":{"@id":"https:\/\/feurich.com\/en\/#\/schema\/logo\/image\/"},"sameAs":["https:\/\/www.facebook.com\/feurichvienna\/"]}]}},"_links":{"self":[{"href":"https:\/\/feurich.com\/de\/wp-json\/wp\/v2\/pages\/410","targetHints":{"allow":["GET"]}}],"collection":[{"href":"https:\/\/feurich.com\/de\/wp-json\/wp\/v2\/pages"}],"about":[{"href":"https:\/\/feurich.com\/de\/wp-json\/wp\/v2\/types\/page"}],"author":[{"embeddable":true,"href":"https:\/\/feurich.com\/de\/wp-json\/wp\/v2\/users\/4"}],"replies":[{"embeddable":true,"href":"https:\/\/feurich.com\/de\/wp-json\/wp\/v2\/comments?post=410"}],"version-history":[{"count":3,"href":"https:\/\/feurich.com\/de\/wp-json\/wp\/v2\/pages\/410\/revisions"}],"predecessor-version":[{"id":46058,"href":"https:\/\/feurich.com\/de\/wp-json\/wp\/v2\/pages\/410\/revisions\/46058"}],"up":[{"embeddable":true,"href":"https:\/\/feurich.com\/de\/wp-json\/wp\/v2\/pages\/402"}],"wp:attachment":[{"href":"https:\/\/feurich.com\/de\/wp-json\/wp\/v2\/media?parent=410"}],"curies":[{"name":"wp","href":"https:\/\/api.w.org\/{rel}","templated":true}]}}