{"id":408,"date":"2017-08-08T21:05:12","date_gmt":"2017-08-08T21:05:12","guid":{"rendered":"\/?page_id=408"},"modified":"2018-07-30T20:28:35","modified_gmt":"2018-07-30T20:28:35","slug":"bailin-ernest-bittner","status":"publish","type":"page","link":"https:\/\/feurich.com\/de\/ueber-uns\/bailin-ernest-bittner\/","title":{"rendered":"Bailin &#038; Ernest Bittner"},"content":{"rendered":"<div class=\"wpb-content-wrapper\"><p>[vc_row 0=&#8220;&#8220;][vc_column 0=&#8220;&#8220;][vc_empty_space 0=&#8220;&#8220;][vc_column_text el_class=&#8220;big-title&#8220;]<\/p>\n<p style=\"text-align: center;\">BAILIN &amp; ERNEST BITTNER<\/p>\n<p>[\/vc_column_text][vc_empty_space 0=&#8220;&#8220; height=&#8220;24px&#8220;][\/vc_column][\/vc_row][vc_row 0=&#8220;&#8220;][vc_column width=&#8220;1\/3&#8243;][vc_single_image image=&#8220;2646&#8243; img_size=&#8220;large&#8220;][vc_empty_space][vc_column_text]<div class=\"wpb_video_widget wpb_content_element  vc_clearfix vc_video-aspect-ratio-43 vc_video-el-width-100 vc_video-align-left\"><div class=\"wpb_wrapper\"><div class=\"wpb_video_wrapper\"><div class=\"fluid-width-video-wrapper\"><iframe src=\"https:\/\/www.youtube.com\/embed\/3SvQuuv7lCc?feature=oembed\" frameborder=\"0\" gesture=\"media\" allow=\"encrypted-media\" allowfullscreen=\"\" class=\"vid-youtube\"><\/iframe><\/div><\/div><\/div><\/div>[\/vc_column_text][vc_empty_space][\/vc_column][vc_column width=&#8220;2\/3&#8243;][vc_column_text 0=&#8220;&#8220;]<\/p>\n<h3>Family Business &amp; Leidenschaft f\u00fcr Musik &#8230;<\/h3>\n<p>Bailin und Ernest kennen sich seit ihrer Schulzeit, wo sie sich am Wiener BRG Boerhaavegasse um das beste Klavierzimmer stritten. Ernest studierte im Anschluss Komposition und Saxophon an der Universit\u00e4t f\u00fcr Musik und Darstellende Kunst, Bailin inskribierte an der Wiener Universit\u00e4t f\u00fcr Medizin. Bereits w\u00e4hrend ihres Studiums gr\u00fcndeten die beiden 1997 mit Freunden das Musikprobe- und Aufnahme-Zentrum <a href=\"http:\/\/t-on.at\" target=\"_blank\" rel=\"noopener\">\u201et-on\u201c<\/a> beim Wiener Naschmarkt. Gleichzeitig verdiente sich Ernest mit dem Stimmen von Klavieren regelm\u00e4\u00dfig etwas dazu. Dabei h\u00f6rte er immer wieder, wie unerschwinglich neue Instrumente f\u00fcr viele Familien sind und wie die Unkenntnis von K\u00e4ufern am Gebrauchtmarkt ausgen\u00fctzt wird. Das meist m\u00fchsam gesparte Geld ist dahin und der Traum vom Klavier auch. Dieser Zustand in der Stadt der Musik \u00e4rgerte die beiden ma\u00dflos und sie waren entschlossen, etwas zu \u00e4ndern.<\/p>\n<h3>Alles f\u00fcr&#8217;s perfekte Klavier &#8230;<\/h3>\n<p>1998 er\u00f6ffneten Bailin und Ernest ihre erste <a href=\"https:\/\/www.klaviergalerie.at\/\" target=\"_blank\" rel=\"noopener\">KLAVIER<em>galerie<\/em><\/a> in der Wiener Andreasgasse, nahe der Mariahilfer Stra\u00dfe. Auf 120 m\u00b2 verkauften sie sorgf\u00e4ltig ausgew\u00e4hlte gebrauchte, preisg\u00fcnstige Klaviere. Nach ihrer Hochzeitsreise 1999 nach Asien war beiden endg\u00fcltig klar, dass sie \u201ebefl\u00fcgelt\u201c sein wollten. Auf ihrer Reise besuchten sie insgesamt sieben Klavierfabriken und zahlreiche Klaviergesch\u00e4fte. Sie erkannten das gro\u00dfe Potenzial der Klavierproduktionen in China \u2013 trotz enormer Qualit\u00e4tsschwankungen aufgrund fehlender Qualit\u00e4tsstandards. Sie begeisterten sich f\u00fcr die Idee, europ\u00e4isches Know-how nach China zu bringen, um so eine perfekte Symbiose von traditionellem, fachlichem Spezialwissen und moderner Produktion zu schaffen.<\/p>\n<h3>Die Nadel im Heuhaufen &#8230;<\/h3>\n<p>Die erste Kooperation mit einer staatlichen chinesischen Klavierproduktion wurde gestartet. Durch komplizierte B\u00fcrokratie und oft wechselnde F\u00fchrungskr\u00e4fte konnte man jedoch jahrelang keine signifikante Verbesserung erreichen. Die Empfehlung eines chinesischen Freundes der Familie brachte dann die entscheidende Wende. Bailin und Ernest wurden auf einen privaten Klaviereinzelteilehersteller in Ningbo aufmerksam. Das war der Beginn einer bis jetzt andauernden, erfolgreichen und intensiven Zusammenarbeit. Die hohen europ\u00e4ischen Qualit\u00e4tsstandards und die Hightech-Pr\u00e4zisionsmaschinen in der chinesischen Fabrik bilden die perfekte Symbiose, um hochwertigste Klaviere zu einem unglaublichen Preis-Leistungs-Verh\u00e4ltnis zu entwickeln und zu bauen.<\/p>\n<h3>Der Klavierbau ist wieder daheim in Wien<\/h3>\n<p>In den vergangenen Jahren haben Bailin und Ernest das internationale technische FEURICH-Team stets erweitert und keine M\u00fchen gescheut, um komplizierte Innovationen im Klavierbau umzusetzen. Mit der Er\u00f6ffnung der KLAVIER<em>manufaktur<\/em> in Wien haben sich Bailin und Ernest 2016 einen Traum erf\u00fcllt. Einerseits, weil hier eines der innovativsten und modernsten Pianos der Welt gebaut wird und andererseits, weil eine Wiederbelebung dieser historischen Tradition in der Musikstadt Wien eine Herzensangelegenheit f\u00fcr sie ist. Die beiden Kinder Ennio und Loreen sind schon genauso musikbegeistert wie ihre Eltern und t\u00e4glich in der KLAVIER<em>galerie<\/em> und der Werkst\u00e4tten von FEURICH zu finden.<\/p>\n<p><span style=\"font-size: 14pt;\"><em>\u201eUnsere Vision: Wir wollen Pianos und Klaviere mit sinnvollen Innovationen schaffen und m\u00f6glichst vielen musikbegeisterten Menschen auf dieser Welt Freude mit ihrem eigenen Klavier bereiten!\u201c<\/em>\u00a0 <span style=\"font-size: 12pt;\">(Bailin &amp; Ernest)<\/span><\/span>[\/vc_column_text][\/vc_column][\/vc_row]<\/p>\n<\/div>","protected":false},"excerpt":{"rendered":"<p>Unsere Vision: Wir wollen Pianos und Klaviere mit sinnvollen Innovationen schaffen und m\u00f6glichst vielen musikbegeisterten Menschen auf dieser Welt Freude mit ihrem eigenen Klavier bereiten!<\/p>\n","protected":false},"author":4,"featured_media":0,"parent":402,"menu_order":0,"comment_status":"closed","ping_status":"closed","template":"template-fullwidth.php","meta":{"inline_featured_image":false,"footnotes":""},"class_list":["post-408","page","type-page","status-publish","hentry"],"acf":[],"yoast_head":"<!-- This site is optimized with the Yoast SEO plugin v24.4 - https:\/\/yoast.com\/wordpress\/plugins\/seo\/ -->\n<title>Bailin &amp; Ernest Bittner - FEURICH<\/title>\n<meta name=\"description\" content=\"Unsere Vision: Wir wollen Klaviere mit sinnvollen Innovationen schaffen und musikbegeisterten Menschen Freude mit ihrem eigenen Klavier bereiten!\" \/>\n<meta name=\"robots\" content=\"index, follow, max-snippet:-1, max-image-preview:large, max-video-preview:-1\" \/>\n<link rel=\"canonical\" href=\"https:\/\/feurich.com\/de\/ueber-uns\/bailin-ernest-bittner\/\" \/>\n<meta property=\"og:locale\" content=\"de_DE\" \/>\n<meta property=\"og:type\" content=\"article\" \/>\n<meta property=\"og:title\" content=\"Bailin &amp; Ernest Bittner - FEURICH\" \/>\n<meta property=\"og:description\" content=\"Unsere Vision: Wir wollen Klaviere mit sinnvollen Innovationen schaffen und musikbegeisterten Menschen Freude mit ihrem eigenen Klavier bereiten!\" \/>\n<meta property=\"og:url\" content=\"https:\/\/feurich.com\/de\/ueber-uns\/bailin-ernest-bittner\/\" \/>\n<meta property=\"og:site_name\" content=\"FEURICH\" \/>\n<meta property=\"article:publisher\" content=\"https:\/\/www.facebook.com\/feurichvienna\/\" \/>\n<meta property=\"article:modified_time\" content=\"2018-07-30T20:28:35+00:00\" \/>\n<meta name=\"twitter:card\" content=\"summary_large_image\" \/>\n<meta name=\"twitter:label1\" content=\"Gesch\u00e4tzte Lesezeit\" \/>\n\t<meta name=\"twitter:data1\" content=\"3\u00a0Minuten\" \/>\n<script type=\"application\/ld+json\" class=\"yoast-schema-graph\">{\"@context\":\"https:\/\/schema.org\",\"@graph\":[{\"@type\":\"WebPage\",\"@id\":\"https:\/\/feurich.com\/de\/ueber-uns\/bailin-ernest-bittner\/\",\"url\":\"https:\/\/feurich.com\/de\/ueber-uns\/bailin-ernest-bittner\/\",\"name\":\"Bailin & Ernest Bittner - FEURICH\",\"isPartOf\":{\"@id\":\"https:\/\/feurich.com\/en\/#website\"},\"datePublished\":\"2017-08-08T21:05:12+00:00\",\"dateModified\":\"2018-07-30T20:28:35+00:00\",\"description\":\"Unsere Vision: Wir wollen Klaviere mit sinnvollen Innovationen schaffen und musikbegeisterten Menschen Freude mit ihrem eigenen Klavier bereiten!\",\"breadcrumb\":{\"@id\":\"https:\/\/feurich.com\/de\/ueber-uns\/bailin-ernest-bittner\/#breadcrumb\"},\"inLanguage\":\"de\",\"potentialAction\":[{\"@type\":\"ReadAction\",\"target\":[\"https:\/\/feurich.com\/de\/ueber-uns\/bailin-ernest-bittner\/\"]}]},{\"@type\":\"BreadcrumbList\",\"@id\":\"https:\/\/feurich.com\/de\/ueber-uns\/bailin-ernest-bittner\/#breadcrumb\",\"itemListElement\":[{\"@type\":\"ListItem\",\"position\":1,\"name\":\"Home\",\"item\":\"https:\/\/feurich.com\/de\/\"},{\"@type\":\"ListItem\",\"position\":2,\"name\":\"\u00dcber uns\",\"item\":\"https:\/\/feurich.com\/de\/ueber-uns\/\"},{\"@type\":\"ListItem\",\"position\":3,\"name\":\"Bailin &#038; Ernest Bittner\"}]},{\"@type\":\"WebSite\",\"@id\":\"https:\/\/feurich.com\/en\/#website\",\"url\":\"https:\/\/feurich.com\/en\/\",\"name\":\"FEURICH\",\"description\":\"A sound that connects\",\"publisher\":{\"@id\":\"https:\/\/feurich.com\/en\/#organization\"},\"potentialAction\":[{\"@type\":\"SearchAction\",\"target\":{\"@type\":\"EntryPoint\",\"urlTemplate\":\"https:\/\/feurich.com\/en\/?s={search_term_string}\"},\"query-input\":{\"@type\":\"PropertyValueSpecification\",\"valueRequired\":true,\"valueName\":\"search_term_string\"}}],\"inLanguage\":\"de\"},{\"@type\":\"Organization\",\"@id\":\"https:\/\/feurich.com\/en\/#organization\",\"name\":\"FEURICH\",\"url\":\"https:\/\/feurich.com\/en\/\",\"logo\":{\"@type\":\"ImageObject\",\"inLanguage\":\"de\",\"@id\":\"https:\/\/feurich.com\/en\/#\/schema\/logo\/image\/\",\"url\":\"https:\/\/feurich.com\/wp-content\/uploads\/logo.png\",\"contentUrl\":\"https:\/\/feurich.com\/wp-content\/uploads\/logo.png\",\"width\":354,\"height\":151,\"caption\":\"FEURICH\"},\"image\":{\"@id\":\"https:\/\/feurich.com\/en\/#\/schema\/logo\/image\/\"},\"sameAs\":[\"https:\/\/www.facebook.com\/feurichvienna\/\"]}]}<\/script>\n<!-- \/ Yoast SEO plugin. -->","yoast_head_json":{"title":"Bailin & Ernest Bittner - FEURICH","description":"Unsere Vision: Wir wollen Klaviere mit sinnvollen Innovationen schaffen und musikbegeisterten Menschen Freude mit ihrem eigenen Klavier bereiten!","robots":{"index":"index","follow":"follow","max-snippet":"max-snippet:-1","max-image-preview":"max-image-preview:large","max-video-preview":"max-video-preview:-1"},"canonical":"https:\/\/feurich.com\/de\/ueber-uns\/bailin-ernest-bittner\/","og_locale":"de_DE","og_type":"article","og_title":"Bailin & Ernest Bittner - FEURICH","og_description":"Unsere Vision: Wir wollen Klaviere mit sinnvollen Innovationen schaffen und musikbegeisterten Menschen Freude mit ihrem eigenen Klavier bereiten!","og_url":"https:\/\/feurich.com\/de\/ueber-uns\/bailin-ernest-bittner\/","og_site_name":"FEURICH","article_publisher":"https:\/\/www.facebook.com\/feurichvienna\/","article_modified_time":"2018-07-30T20:28:35+00:00","twitter_card":"summary_large_image","twitter_misc":{"Gesch\u00e4tzte Lesezeit":"3\u00a0Minuten"},"schema":{"@context":"https:\/\/schema.org","@graph":[{"@type":"WebPage","@id":"https:\/\/feurich.com\/de\/ueber-uns\/bailin-ernest-bittner\/","url":"https:\/\/feurich.com\/de\/ueber-uns\/bailin-ernest-bittner\/","name":"Bailin & Ernest Bittner - FEURICH","isPartOf":{"@id":"https:\/\/feurich.com\/en\/#website"},"datePublished":"2017-08-08T21:05:12+00:00","dateModified":"2018-07-30T20:28:35+00:00","description":"Unsere Vision: Wir wollen Klaviere mit sinnvollen Innovationen schaffen und musikbegeisterten Menschen Freude mit ihrem eigenen Klavier bereiten!","breadcrumb":{"@id":"https:\/\/feurich.com\/de\/ueber-uns\/bailin-ernest-bittner\/#breadcrumb"},"inLanguage":"de","potentialAction":[{"@type":"ReadAction","target":["https:\/\/feurich.com\/de\/ueber-uns\/bailin-ernest-bittner\/"]}]},{"@type":"BreadcrumbList","@id":"https:\/\/feurich.com\/de\/ueber-uns\/bailin-ernest-bittner\/#breadcrumb","itemListElement":[{"@type":"ListItem","position":1,"name":"Home","item":"https:\/\/feurich.com\/de\/"},{"@type":"ListItem","position":2,"name":"\u00dcber uns","item":"https:\/\/feurich.com\/de\/ueber-uns\/"},{"@type":"ListItem","position":3,"name":"Bailin &#038; Ernest Bittner"}]},{"@type":"WebSite","@id":"https:\/\/feurich.com\/en\/#website","url":"https:\/\/feurich.com\/en\/","name":"FEURICH","description":"A sound that connects","publisher":{"@id":"https:\/\/feurich.com\/en\/#organization"},"potentialAction":[{"@type":"SearchAction","target":{"@type":"EntryPoint","urlTemplate":"https:\/\/feurich.com\/en\/?s={search_term_string}"},"query-input":{"@type":"PropertyValueSpecification","valueRequired":true,"valueName":"search_term_string"}}],"inLanguage":"de"},{"@type":"Organization","@id":"https:\/\/feurich.com\/en\/#organization","name":"FEURICH","url":"https:\/\/feurich.com\/en\/","logo":{"@type":"ImageObject","inLanguage":"de","@id":"https:\/\/feurich.com\/en\/#\/schema\/logo\/image\/","url":"https:\/\/feurich.com\/wp-content\/uploads\/logo.png","contentUrl":"https:\/\/feurich.com\/wp-content\/uploads\/logo.png","width":354,"height":151,"caption":"FEURICH"},"image":{"@id":"https:\/\/feurich.com\/en\/#\/schema\/logo\/image\/"},"sameAs":["https:\/\/www.facebook.com\/feurichvienna\/"]}]}},"_links":{"self":[{"href":"https:\/\/feurich.com\/de\/wp-json\/wp\/v2\/pages\/408","targetHints":{"allow":["GET"]}}],"collection":[{"href":"https:\/\/feurich.com\/de\/wp-json\/wp\/v2\/pages"}],"about":[{"href":"https:\/\/feurich.com\/de\/wp-json\/wp\/v2\/types\/page"}],"author":[{"embeddable":true,"href":"https:\/\/feurich.com\/de\/wp-json\/wp\/v2\/users\/4"}],"replies":[{"embeddable":true,"href":"https:\/\/feurich.com\/de\/wp-json\/wp\/v2\/comments?post=408"}],"version-history":[{"count":25,"href":"https:\/\/feurich.com\/de\/wp-json\/wp\/v2\/pages\/408\/revisions"}],"predecessor-version":[{"id":19615,"href":"https:\/\/feurich.com\/de\/wp-json\/wp\/v2\/pages\/408\/revisions\/19615"}],"up":[{"embeddable":true,"href":"https:\/\/feurich.com\/de\/wp-json\/wp\/v2\/pages\/402"}],"wp:attachment":[{"href":"https:\/\/feurich.com\/de\/wp-json\/wp\/v2\/media?parent=408"}],"curies":[{"name":"wp","href":"https:\/\/api.w.org\/{rel}","templated":true}]}}