{"id":406,"date":"2017-08-08T21:04:50","date_gmt":"2017-08-08T21:04:50","guid":{"rendered":"\/?page_id=406"},"modified":"2019-10-03T15:29:42","modified_gmt":"2019-10-03T15:29:42","slug":"expertenteam","status":"publish","type":"page","link":"https:\/\/feurich.com\/de\/ueber-uns\/expertenteam\/","title":{"rendered":"Experten-Team"},"content":{"rendered":"<div class=\"wpb-content-wrapper\"><p>[vc_row][vc_column width=&#8220;1\/6&#8243;][\/vc_column][vc_column width=&#8220;2\/3&#8243;][vc_empty_space height=&#8220;44px&#8220;][vc_column_text el_class=&#8220;big-title&#8220;]<\/p>\n<p style=\"text-align: center;\">FEURICH Experten-Team<\/p>\n<p>[\/vc_column_text][vc_empty_space height=&#8220;24px&#8220;][vc_column_text]<span style=\"font-size: 14pt;\">Wer gro\u00dfe Visionen hat und sein Handwerk bis ins kleinste Detail beherrscht, kann echte Innovationen vorantreiben. Nicht ohne Stolz stellen wir Ihnen unser internationales Expertenteam vor, das aus wahren Meisterinnen und Meistern ihres Fachs besteht, die ohne Unterlass verbessern, an v\u00f6llig neuen L\u00f6sungen t\u00fcfteln und immer wieder neue Wege gehen.<\/span><\/p>\n<p><span style=\"font-size: 14pt;\">Unsere Experten werden tagt\u00e4glich von unserem gesamten FEURICH-Team mit unvergleichlichem Engagement und viel Leidenschaft unterst\u00fctzt.<\/span>[\/vc_column_text][vc_empty_space height=&#8220;24px&#8220;][\/vc_column][vc_column width=&#8220;1\/6&#8243;][\/vc_column][\/vc_row][vc_row][vc_column width=&#8220;1\/3&#8243;][vc_single_image image=&#8220;1722&#8243; img_size=&#8220;360&#215;260&#8243; alignment=&#8220;center&#8220; onclick=&#8220;custom_link&#8220; link=&#8220;joerg-wachler\/&#8220;][vc_column_text el_class=&#8220;products-title&#8220;]<a href=\"https:\/\/feurich.com\/de\/ueber-uns\/expertenteam\/joerg-wachler\/\">J\u00f6rg Wachler<\/a>[\/vc_column_text][vc_column_text]<\/p>\n<div data-canvas-width=\"324.0569125915081\"><strong>Chefintonateur FEURICH Wien &amp; Konzertstimmer<\/strong><\/div>\n<p>J\u00f6rg Wachler ist f\u00fcr die Endausarbeitung der Klaviere aus der FEURICH Wien Produktion verantwortlich und feilt unaufh\u00f6rlich an neuen Techniken sowie der Weiterentwicklung im Bereich Klangfarben\/Intonation. Er steht st\u00e4ndig im weltweiten Austausch mit unserem Team und unseren Partnern. <a href=\"https:\/\/feurich.com\/de\/ueber-uns\/expertenteam\/joerg-wachler\/\">Mehr \u00fcber J\u00f6rg Wachler<\/a>[\/vc_column_text][\/vc_column][vc_column width=&#8220;1\/3&#8243;][vc_single_image image=&#8220;1721&#8243; img_size=&#8220;360&#215;260&#8243; alignment=&#8220;center&#8220; onclick=&#8220;custom_link&#8220; link=&#8220;\/ueber-uns\/expertenteam\/sibin_zlatkovic\/&#8220;][vc_column_text el_class=&#8220;products-title&#8220;]<a class=\"mega-menu-link\" href=\"https:\/\/feurich.com\/de\/ueber-uns\/expertenteam\/sibin_zlatkovic\/\">Sibin Zlatkovic<\/a>[\/vc_column_text][vc_column_text]<\/p>\n<div data-canvas-width=\"324.0569125915081\"><strong>Chefintonateur FEURICH Wien &amp; Konzertstimmer<\/strong><\/div>\n<p>Sibin Zlatkovic ist international f\u00fcr die Aus- und Weiterbildung unserer Klaviertechniker und FEURICH Partner verantwortlich. Er sorgt zusammen mit J\u00f6rg Wachler und St\u00e9phane Boussuge f\u00fcr die Instrumentenausarbeitung und einen m\u00f6glichst dynamischen, nuancenreichen und lang anhaltenden warmen Klang \u2013 das typische Wiener Klangideal. <a href=\"https:\/\/feurich.com\/de\/ueber-uns\/expertenteam\/sibin_zlatkovic\/\">Mehr \u00fcber Sibin Zlatkovic<\/a>[\/vc_column_text][\/vc_column][vc_column width=&#8220;1\/3&#8243;][vc_single_image image=&#8220;24786&#8243; img_size=&#8220;360&#215;260&#8243; alignment=&#8220;center&#8220; onclick=&#8220;custom_link&#8220; link=&#8220;\/ueber-uns\/expertenteam\/stephane_boussuge\/&#8220; el_class=&#8220;info-img&#8220;][vc_column_text el_class=&#8220;products-title&#8220;]<a href=\"https:\/\/feurich.com\/de\/ueber-uns\/expertenteam\/stephane_boussuge\/\">St\u00e9phane Boussuge<\/a>[\/vc_column_text][vc_column_text]<\/p>\n<div data-canvas-width=\"324.0569125915081\"><strong>Chefintonateur FEURICH Wien &amp; Konzertstimmer<\/strong><\/div>\n<p>St\u00e9phane Boussuge ist mit seinem gro\u00dfen K\u00f6nnen und Wissen als Intonations- und Regulationsexperte sowie Konzertstimmer zust\u00e4ndig f\u00fcr die klangliche Ausarbeitung der FEURICH-Instrumente und begeistert mit seinen Erfahrungsschatz Pianisten wie auch Klaviertechniker auf der ganzen Welt. <a href=\"https:\/\/feurich.com\/de\/ueber-uns\/expertenteam\/stephane_boussuge\/\">Mehr \u00fcber St\u00e9phane Boussuge<\/a>[\/vc_column_text][\/vc_column][\/vc_row][vc_row][vc_column width=&#8220;1\/3&#8243;][vc_single_image image=&#8220;19533&#8243; img_size=&#8220;360&#215;260&#8243; alignment=&#8220;center&#8220; onclick=&#8220;custom_link&#8220; link=&#8220;\/de\/ueber-uns\/expertenteam\/vladislav-oleg-mikucionok\/&#8220;][vc_column_text el_class=&#8220;products-title&#8220;]<a href=\"https:\/\/feurich.com\/de\/ueber-uns\/expertenteam\/vladislav-oleg-mikucionok\/\">Vladislav &amp; Oleg Mikucionok<\/a>[\/vc_column_text][vc_column_text]<\/p>\n<div data-canvas-width=\"324.0569125915081\"><strong>Klaviertechniker und Klavierbauer, FEURICH Wien Produktion<\/strong><\/div>\n<p>Vladislav Mikucionok ist Klaviertechniker und technischer Leiter unserer Produktionsst\u00e4tte in Wien. Sein Vater, der Klavierbauer Oleg Mikucionok, gibt in der KLAVIER<em>manufaktur<\/em> und in der Reparaturwerstatt in der KLAVIERgalerie sein Wissen an die n\u00e4chste Generation weiter. <a href=\"https:\/\/feurich.com\/de\/ueber-uns\/expertenteam\/vladislav-oleg-mikucionok\/\">Mehr \u00fcber Vladislav und Oleg Mikucionok<\/a>[\/vc_column_text][\/vc_column][vc_column width=&#8220;1\/3&#8243;][vc_single_image image=&#8220;1719&#8243; img_size=&#8220;360&#215;260&#8243; alignment=&#8220;center&#8220; onclick=&#8220;custom_link&#8220; link=&#8220;\/ueber-uns\/expertenteam\/wang_jing\/&#8220;][vc_column_text el_class=&#8220;products-title&#8220;]<a href=\"https:\/\/feurich.com\/de\/ueber-uns\/expertenteam\/wang_jing\/\">Mag.<sup>a<\/sup> Wang Jing<\/a>[\/vc_column_text][vc_column_text]<strong>Projektmanagement &amp; Kommunikation<\/strong><\/p>\n<p>Mag.<sup>a<\/sup> WANG Jing ist f\u00fcr Kooperationsprojekte, Kommunikation und Erwachsenenbildung zust\u00e4ndig. Sie hat jahrzehntelange Erfahrung an renommierten Bildungseinrichtungen in China und in Europa und verf\u00fcgt \u00fcber ein gro\u00dfes internationales Netzwerk im akademischen und wirtschaftlichen Umfeld.\u00a0 <a href=\"https:\/\/feurich.com\/de\/ueber-uns\/expertenteam\/wang_jing\/\">Mehr zu Wang Jing<\/a>[\/vc_column_text][\/vc_column][vc_column width=&#8220;1\/3&#8243;][vc_single_image image=&#8220;1057&#8243; img_size=&#8220;360&#215;260&#8243; alignment=&#8220;center&#8220; onclick=&#8220;custom_link&#8220; link=&#8220;\/ueber-uns\/expertenteam\/udo_kamm\/&#8220;][vc_column_text el_class=&#8220;products-title&#8220;]<a class=\"mega-menu-link\" href=\"https:\/\/feurich.com\/de\/ueber-uns\/expertenteam\/udo_kamm\/\">Udo Kamm<\/a>[\/vc_column_text][vc_column_text]<\/p>\n<div data-canvas-width=\"324.0569125915081\"><strong>Klavierbaumeister und Erfinder, Kirchhain\/Deutschland<br \/>\n<\/strong><\/div>\n<p>Udo Kamm ist genialer Erfinder und Mastermind zahlreicher Innovationen im Bereich akustischer Klaviere. <a href=\"https:\/\/feurich.com\/de\/ueber-uns\/expertenteam\/udo_kamm\/\">Mehr \u00fcber Udo Kamm<\/a>[\/vc_column_text][\/vc_column][\/vc_row][vc_row][vc_column width=&#8220;1\/3&#8243;][vc_single_image image=&#8220;2010&#8243; img_size=&#8220;360&#215;260&#8243; alignment=&#8220;center&#8220; onclick=&#8220;custom_link&#8220;][vc_column_text el_class=&#8220;products-title&#8220;]<a class=\"mega-menu-link\">Claire Paulello<\/a>[\/vc_column_text][vc_column_text]<\/p>\n<div data-canvas-width=\"324.0569125915081\"><strong>Klavierdesignerin, Villethierry\/Frankreich<\/strong><\/div>\n<p>Claire Paulello ist diplomierte Geh\u00e4usebauerin und versierte technische Zeichnerin. Durch die eigenh\u00e4ndige Restaurierung zahlreicher alter Instrumente sammelte sie wertvolle Erfahrungen und ein tiefes Verst\u00e4ndnis des Zusammenspiels von Form und Material. Sie ist Spezialistin f\u00fcr 2D- und 3D-Computerzeichnungen von Pianos und Fl\u00fcgel.[\/vc_column_text][\/vc_column][vc_column width=&#8220;1\/3&#8243;][vc_single_image image=&#8220;1717&#8243; img_size=&#8220;360&#215;260&#8243; alignment=&#8220;center&#8220; onclick=&#8220;custom_link&#8220; link=&#8220;\/ueber-uns\/expertenteam\/stephen_paulello\/&#8220;][vc_column_text el_class=&#8220;products-title&#8220;]<a class=\"mega-menu-link\" href=\"https:\/\/feurich.com\/de\/ueber-uns\/expertenteam\/stephen_paulello\/\">Stephen Paulello<\/a>[\/vc_column_text][vc_column_text]<\/p>\n<div data-canvas-width=\"324.0569125915081\"><strong>Konzertpianist und Klavierkonstrukteur, Villethierry\/Frankreich<\/strong><\/div>\n<p>Stephen Paulello unterst\u00fctzt FEURICH seit 2006 als Klavierdesigner und Experte und ist der Innovator schlechthin im Bereich des klassischen Klavierbaus. Der FEURICH Fl\u00fcgel Mod. 218 \u2013 Concert wurde von ihm und seiner Frau Claire Paulello konstruiert, ebenso auch die finale Version des 4. Pedals \u201ep\u00e9dale harmonique\u201c und essentielle weitere konstruktive Elemente unserer FEURICH-Instrumente.\u00a0<a href=\"https:\/\/feurich.com\/de\/ueber-uns\/expertenteam\/stephen_paulello\/\">Mehr \u00fcber Stephen Paulello<\/a>[\/vc_column_text][\/vc_column][vc_column width=&#8220;1\/3&#8243;][vc_single_image image=&#8220;1052&#8243; img_size=&#8220;360&#215;260&#8243; alignment=&#8220;center&#8220; onclick=&#8220;custom_link&#8220; link=&#8220;joerg-hauser\/&#8220;][vc_column_text el_class=&#8220;products-title&#8220;]<a class=\"mega-menu-link\" href=\"https:\/\/feurich.com\/de\/ueber-uns\/expertenteam\/joerg-hauser\/\">J\u00f6rg Hauser<\/a>[\/vc_column_text][vc_column_text]<\/p>\n<div data-canvas-width=\"324.0569125915081\"><strong>Klavier- und Cembalobaumeister Aldingen\/Deutschland<\/strong><\/div>\n<p>J\u00f6rg Hauser ist Teil des FEURICH Entwicklungsteams und f\u00fcr etliche Innovationen im FEURICH-Klavierbau verantwortlich. So z\u00e4hlen zum Beispiel das \u201eschw\u00e4bische Pedalsystem\u201c oder die einzigartig einfache Demontage der Pianogeh\u00e4use zu seinen Entwicklungen. <a href=\"https:\/\/feurich.com\/de\/ueber-uns\/expertenteam\/joerg-hauser\/\">Mehr \u00fcber J\u00f6rg Hauser <\/a>[\/vc_column_text][\/vc_column][\/vc_row][vc_row][vc_column width=&#8220;1\/3&#8243;][\/vc_column][vc_column width=&#8220;1\/3&#8243;][vc_single_image image=&#8220;26392&#8243; img_size=&#8220;360&#215;260&#8243; alignment=&#8220;center&#8220; onclick=&#8220;custom_link&#8220; link=&#8220;\/ueber-uns\/expertenteam\/stephen_paulello\/&#8220;][vc_column_text el_class=&#8220;products-title&#8220;]Viola Stepanik[\/vc_column_text][vc_column_text]<\/p>\n<div data-canvas-width=\"324.0569125915081\"><strong>Gewerberechtliche Gesch\u00e4ftsf\u00fchrung &amp; Lehrlingsausbildung<\/strong><\/div>\n<p>Viola Stepanik ist gelernte Klavier- und Cembalobauerin und bei FEURICH als gewerberechtliche Gesch\u00e4ftsf\u00fchrerin Teil des Management-Teams. Sie ist verantwortlich f\u00fcr die Lehrlingsausbildung in unserer hauseigenen Reparaturwerkst\u00e4tte sowie in unserer Produktionsst\u00e4tte. Zus\u00e4tzlich betreut sie Kunden im gesamten deutschen Sprachraum. Kollegen und Kunden gleicherma\u00dfen sch\u00e4tzen ihre Kompetenz und ihr Fachwissen \u00fcber die Welt des Klavierbaus, das sie als Tochter eines Klavierbaumeisters praktisch von Geburt an sammeln konnte.[\/vc_column_text][\/vc_column][vc_column width=&#8220;1\/3&#8243;][\/vc_column][\/vc_row][vc_row][vc_column][vc_empty_space height=&#8220;52px&#8220;][\/vc_column][\/vc_row]<\/p>\n<\/div>","protected":false},"excerpt":{"rendered":"<p>Wer gro\u00dfe Visionen hat und sein Handwerk bis ins kleinste Detail beherrscht, kann echte Innovationen vorantreiben: das internationale FEURICH-Expertenteam.<\/p>\n","protected":false},"author":4,"featured_media":0,"parent":402,"menu_order":0,"comment_status":"closed","ping_status":"closed","template":"template-fullwidth.php","meta":{"inline_featured_image":false,"footnotes":""},"class_list":["post-406","page","type-page","status-publish","hentry"],"acf":[],"yoast_head":"<!-- This site is optimized with the Yoast SEO plugin v24.4 - https:\/\/yoast.com\/wordpress\/plugins\/seo\/ -->\n<title>Experten-Team - FEURICH<\/title>\n<meta name=\"description\" content=\"Wer gro\u00dfe Visionen hat und sein Handwerk bis ins kleinste Detail beherrscht, kann echte Innovationen vorantreiben: das internationale FEURICH-Expertenteam.\" \/>\n<meta name=\"robots\" content=\"index, follow, max-snippet:-1, max-image-preview:large, max-video-preview:-1\" \/>\n<link rel=\"canonical\" href=\"https:\/\/feurich.com\/de\/ueber-uns\/expertenteam\/\" \/>\n<meta property=\"og:locale\" content=\"de_DE\" \/>\n<meta property=\"og:type\" content=\"article\" \/>\n<meta property=\"og:title\" content=\"Experten-Team - FEURICH\" \/>\n<meta property=\"og:description\" content=\"Wer gro\u00dfe Visionen hat und sein Handwerk bis ins kleinste Detail beherrscht, kann echte Innovationen vorantreiben: das internationale FEURICH-Expertenteam.\" \/>\n<meta property=\"og:url\" content=\"https:\/\/feurich.com\/de\/ueber-uns\/expertenteam\/\" \/>\n<meta property=\"og:site_name\" content=\"FEURICH\" \/>\n<meta property=\"article:publisher\" content=\"https:\/\/www.facebook.com\/feurichvienna\/\" \/>\n<meta property=\"article:modified_time\" content=\"2019-10-03T15:29:42+00:00\" \/>\n<meta name=\"twitter:card\" content=\"summary_large_image\" \/>\n<meta name=\"twitter:label1\" content=\"Gesch\u00e4tzte Lesezeit\" \/>\n\t<meta name=\"twitter:data1\" content=\"5\u00a0Minuten\" \/>\n<script type=\"application\/ld+json\" class=\"yoast-schema-graph\">{\"@context\":\"https:\/\/schema.org\",\"@graph\":[{\"@type\":\"WebPage\",\"@id\":\"https:\/\/feurich.com\/de\/ueber-uns\/expertenteam\/\",\"url\":\"https:\/\/feurich.com\/de\/ueber-uns\/expertenteam\/\",\"name\":\"Experten-Team - FEURICH\",\"isPartOf\":{\"@id\":\"https:\/\/feurich.com\/en\/#website\"},\"datePublished\":\"2017-08-08T21:04:50+00:00\",\"dateModified\":\"2019-10-03T15:29:42+00:00\",\"description\":\"Wer gro\u00dfe Visionen hat und sein Handwerk bis ins kleinste Detail beherrscht, kann echte Innovationen vorantreiben: das internationale FEURICH-Expertenteam.\",\"breadcrumb\":{\"@id\":\"https:\/\/feurich.com\/de\/ueber-uns\/expertenteam\/#breadcrumb\"},\"inLanguage\":\"de\",\"potentialAction\":[{\"@type\":\"ReadAction\",\"target\":[\"https:\/\/feurich.com\/de\/ueber-uns\/expertenteam\/\"]}]},{\"@type\":\"BreadcrumbList\",\"@id\":\"https:\/\/feurich.com\/de\/ueber-uns\/expertenteam\/#breadcrumb\",\"itemListElement\":[{\"@type\":\"ListItem\",\"position\":1,\"name\":\"Home\",\"item\":\"https:\/\/feurich.com\/de\/\"},{\"@type\":\"ListItem\",\"position\":2,\"name\":\"\u00dcber uns\",\"item\":\"https:\/\/feurich.com\/de\/ueber-uns\/\"},{\"@type\":\"ListItem\",\"position\":3,\"name\":\"Experten-Team\"}]},{\"@type\":\"WebSite\",\"@id\":\"https:\/\/feurich.com\/en\/#website\",\"url\":\"https:\/\/feurich.com\/en\/\",\"name\":\"FEURICH\",\"description\":\"A sound that connects\",\"publisher\":{\"@id\":\"https:\/\/feurich.com\/en\/#organization\"},\"potentialAction\":[{\"@type\":\"SearchAction\",\"target\":{\"@type\":\"EntryPoint\",\"urlTemplate\":\"https:\/\/feurich.com\/en\/?s={search_term_string}\"},\"query-input\":{\"@type\":\"PropertyValueSpecification\",\"valueRequired\":true,\"valueName\":\"search_term_string\"}}],\"inLanguage\":\"de\"},{\"@type\":\"Organization\",\"@id\":\"https:\/\/feurich.com\/en\/#organization\",\"name\":\"FEURICH\",\"url\":\"https:\/\/feurich.com\/en\/\",\"logo\":{\"@type\":\"ImageObject\",\"inLanguage\":\"de\",\"@id\":\"https:\/\/feurich.com\/en\/#\/schema\/logo\/image\/\",\"url\":\"https:\/\/feurich.com\/wp-content\/uploads\/logo.png\",\"contentUrl\":\"https:\/\/feurich.com\/wp-content\/uploads\/logo.png\",\"width\":354,\"height\":151,\"caption\":\"FEURICH\"},\"image\":{\"@id\":\"https:\/\/feurich.com\/en\/#\/schema\/logo\/image\/\"},\"sameAs\":[\"https:\/\/www.facebook.com\/feurichvienna\/\"]}]}<\/script>\n<!-- \/ Yoast SEO plugin. -->","yoast_head_json":{"title":"Experten-Team - FEURICH","description":"Wer gro\u00dfe Visionen hat und sein Handwerk bis ins kleinste Detail beherrscht, kann echte Innovationen vorantreiben: das internationale FEURICH-Expertenteam.","robots":{"index":"index","follow":"follow","max-snippet":"max-snippet:-1","max-image-preview":"max-image-preview:large","max-video-preview":"max-video-preview:-1"},"canonical":"https:\/\/feurich.com\/de\/ueber-uns\/expertenteam\/","og_locale":"de_DE","og_type":"article","og_title":"Experten-Team - FEURICH","og_description":"Wer gro\u00dfe Visionen hat und sein Handwerk bis ins kleinste Detail beherrscht, kann echte Innovationen vorantreiben: das internationale FEURICH-Expertenteam.","og_url":"https:\/\/feurich.com\/de\/ueber-uns\/expertenteam\/","og_site_name":"FEURICH","article_publisher":"https:\/\/www.facebook.com\/feurichvienna\/","article_modified_time":"2019-10-03T15:29:42+00:00","twitter_card":"summary_large_image","twitter_misc":{"Gesch\u00e4tzte Lesezeit":"5\u00a0Minuten"},"schema":{"@context":"https:\/\/schema.org","@graph":[{"@type":"WebPage","@id":"https:\/\/feurich.com\/de\/ueber-uns\/expertenteam\/","url":"https:\/\/feurich.com\/de\/ueber-uns\/expertenteam\/","name":"Experten-Team - FEURICH","isPartOf":{"@id":"https:\/\/feurich.com\/en\/#website"},"datePublished":"2017-08-08T21:04:50+00:00","dateModified":"2019-10-03T15:29:42+00:00","description":"Wer gro\u00dfe Visionen hat und sein Handwerk bis ins kleinste Detail beherrscht, kann echte Innovationen vorantreiben: das internationale FEURICH-Expertenteam.","breadcrumb":{"@id":"https:\/\/feurich.com\/de\/ueber-uns\/expertenteam\/#breadcrumb"},"inLanguage":"de","potentialAction":[{"@type":"ReadAction","target":["https:\/\/feurich.com\/de\/ueber-uns\/expertenteam\/"]}]},{"@type":"BreadcrumbList","@id":"https:\/\/feurich.com\/de\/ueber-uns\/expertenteam\/#breadcrumb","itemListElement":[{"@type":"ListItem","position":1,"name":"Home","item":"https:\/\/feurich.com\/de\/"},{"@type":"ListItem","position":2,"name":"\u00dcber uns","item":"https:\/\/feurich.com\/de\/ueber-uns\/"},{"@type":"ListItem","position":3,"name":"Experten-Team"}]},{"@type":"WebSite","@id":"https:\/\/feurich.com\/en\/#website","url":"https:\/\/feurich.com\/en\/","name":"FEURICH","description":"A sound that connects","publisher":{"@id":"https:\/\/feurich.com\/en\/#organization"},"potentialAction":[{"@type":"SearchAction","target":{"@type":"EntryPoint","urlTemplate":"https:\/\/feurich.com\/en\/?s={search_term_string}"},"query-input":{"@type":"PropertyValueSpecification","valueRequired":true,"valueName":"search_term_string"}}],"inLanguage":"de"},{"@type":"Organization","@id":"https:\/\/feurich.com\/en\/#organization","name":"FEURICH","url":"https:\/\/feurich.com\/en\/","logo":{"@type":"ImageObject","inLanguage":"de","@id":"https:\/\/feurich.com\/en\/#\/schema\/logo\/image\/","url":"https:\/\/feurich.com\/wp-content\/uploads\/logo.png","contentUrl":"https:\/\/feurich.com\/wp-content\/uploads\/logo.png","width":354,"height":151,"caption":"FEURICH"},"image":{"@id":"https:\/\/feurich.com\/en\/#\/schema\/logo\/image\/"},"sameAs":["https:\/\/www.facebook.com\/feurichvienna\/"]}]}},"_links":{"self":[{"href":"https:\/\/feurich.com\/de\/wp-json\/wp\/v2\/pages\/406","targetHints":{"allow":["GET"]}}],"collection":[{"href":"https:\/\/feurich.com\/de\/wp-json\/wp\/v2\/pages"}],"about":[{"href":"https:\/\/feurich.com\/de\/wp-json\/wp\/v2\/types\/page"}],"author":[{"embeddable":true,"href":"https:\/\/feurich.com\/de\/wp-json\/wp\/v2\/users\/4"}],"replies":[{"embeddable":true,"href":"https:\/\/feurich.com\/de\/wp-json\/wp\/v2\/comments?post=406"}],"version-history":[{"count":68,"href":"https:\/\/feurich.com\/de\/wp-json\/wp\/v2\/pages\/406\/revisions"}],"predecessor-version":[{"id":26401,"href":"https:\/\/feurich.com\/de\/wp-json\/wp\/v2\/pages\/406\/revisions\/26401"}],"up":[{"embeddable":true,"href":"https:\/\/feurich.com\/de\/wp-json\/wp\/v2\/pages\/402"}],"wp:attachment":[{"href":"https:\/\/feurich.com\/de\/wp-json\/wp\/v2\/media?parent=406"}],"curies":[{"name":"wp","href":"https:\/\/api.w.org\/{rel}","templated":true}]}}