{"id":404,"date":"2017-08-08T21:00:43","date_gmt":"2017-08-08T21:00:43","guid":{"rendered":"\/?page_id=404"},"modified":"2025-03-27T08:34:00","modified_gmt":"2025-03-27T08:34:00","slug":"produktion","status":"publish","type":"page","link":"https:\/\/feurich.com\/de\/produktion\/","title":{"rendered":"Produktion"},"content":{"rendered":"<div class=\"wpb-content-wrapper\"><p>[vc_row 0=&#8220;&#8220;][vc_column 0=&#8220;&#8220;][rev_slider_vc alias=&#8220;production&#8220;][\/vc_column][\/vc_row][vc_row 0=&#8220;&#8220;][vc_column width=&#8220;1\/6&#8243;][\/vc_column][vc_column width=&#8220;2\/3&#8243;][vc_empty_space height=&#8220;24px&#8220;][vc_column_text el_class=&#8220;big-title&#8220;]<\/p>\n<p style=\"text-align: center;\">PRODUKTION<\/p>\n<p>[\/vc_column_text][vc_empty_space height=&#8220;24px&#8220;][vc_column_text 0=&#8220;&#8220;]<\/p>\n<p style=\"text-align: center;\"><span style=\"font-size: 14pt;\">Die Kombination aus traditionellem und modernem Klavierbau erm\u00f6glicht kreative und neuartige Methoden in allen Bereichen der Produktion. So ist der Einsatz von Hightech-Maschinen ebenso wie unersetzbare Facharbeit und laufende Qualit\u00e4tskontrolle ausschlaggebend f\u00fcr die hohe Serienqualit\u00e4t unserer Klaviere!<\/span><\/p>\n<p>[\/vc_column_text][vc_empty_space][\/vc_column][vc_column width=&#8220;1\/6&#8243;][\/vc_column][\/vc_row][vc_row 0=&#8220;&#8220;][vc_column width=&#8220;1\/2&#8243;][vc_single_image image=&#8220;2168&#8243; img_size=&#8220;540&#215;360&#8243; alignment=&#8220;center&#8220; onclick=&#8220;custom_link&#8220; css=&#8220;&#8220; link=&#8220;https:\/\/feurich.com\/de\/produktion\/feurich-wien\/&#8220;][vc_column_text el_class=&#8220;products-title&#8220;]<a class=\"mega-menu-link\" href=\"feurich-wien\">FEURICH Wien<\/a>[\/vc_column_text][vc_column_text 0=&#8220;&#8220;]Am Standort Wien liegen die Schwerpunkte auf Forschung und Weiterentwicklung sowie der Produktion von innovativen neuen Klavieren, um unseren KundInnen ein bestm\u00f6gliches Spielerlebnis bieten zu k\u00f6nnen. Wir m\u00f6chten damit einen Beitrag dazu leisten, die Jahrhunderte alte Wiener Klavierbautradition wieder st\u00e4rker in der Stadt zu verankern.[\/vc_column_text][\/vc_column][vc_column width=&#8220;1\/2&#8243;][vc_single_image image=&#8220;2170&#8243; img_size=&#8220;540&#215;360&#8243; alignment=&#8220;center&#8220; onclick=&#8220;custom_link&#8220; css=&#8220;&#8220; link=&#8220;https:\/\/feurich.com\/de\/produktion\/feurich-ningbo\/&#8220;][vc_column_text el_class=&#8220;products-title&#8220;]<a class=\"mega-menu-link\" href=\"feurich-ningbo\">FEURICH Ningbo<\/a>[\/vc_column_text][vc_column_text 0=&#8220;&#8220;]2003 startete die Klavierproduktion in Ningbo\/China. Der gro\u00dfe CNC-Hightech-Pr\u00e4zisionsmaschinenpark erm\u00f6glicht die Produktion s\u00e4mtlicher Klavierbestandteile. Wertvolle Rohstoffe, perfekter Zuschnitt und Zusammenbau sowie strengste Qualit\u00e4tskontrolle charakterisieren die gesamte FEURICH-Produktion.[\/vc_column_text][\/vc_column][\/vc_row][vc_row 0=&#8220;&#8220;][vc_column 0=&#8220;&#8220;][vc_empty_space height=&#8220;52px&#8220;][\/vc_column][\/vc_row]<\/p>\n<\/div>","protected":false},"excerpt":{"rendered":"<p>Die Kombination aus traditionellem und modernem Klavierbau erm\u00f6glicht kreative, neuartige Methoden in allen Bereichen der Produktion und hohe Serienqualit\u00e4t.<\/p>\n","protected":false},"author":4,"featured_media":0,"parent":0,"menu_order":0,"comment_status":"closed","ping_status":"closed","template":"template-fullwidth.php","meta":{"inline_featured_image":false,"footnotes":""},"class_list":["post-404","page","type-page","status-publish","hentry"],"acf":[],"yoast_head":"<!-- This site is optimized with the Yoast SEO plugin v24.4 - https:\/\/yoast.com\/wordpress\/plugins\/seo\/ -->\n<title>Produktion - FEURICH<\/title>\n<meta name=\"robots\" content=\"index, follow, max-snippet:-1, max-image-preview:large, max-video-preview:-1\" \/>\n<link rel=\"canonical\" href=\"https:\/\/feurich.com\/de\/produktion\/\" \/>\n<meta property=\"og:locale\" content=\"de_DE\" \/>\n<meta property=\"og:type\" content=\"article\" \/>\n<meta property=\"og:title\" content=\"Produktion - FEURICH\" \/>\n<meta property=\"og:description\" content=\"Die Kombination aus traditionellem und modernem Klavierbau erm\u00f6glicht kreative, neuartige Methoden in allen Bereichen der Produktion und hohe Serienqualit\u00e4t.\" \/>\n<meta property=\"og:url\" content=\"https:\/\/feurich.com\/de\/produktion\/\" \/>\n<meta property=\"og:site_name\" content=\"FEURICH\" \/>\n<meta property=\"article:publisher\" content=\"https:\/\/www.facebook.com\/feurichvienna\/\" \/>\n<meta property=\"article:modified_time\" content=\"2025-03-27T08:34:00+00:00\" \/>\n<meta name=\"twitter:card\" content=\"summary_large_image\" \/>\n<meta name=\"twitter:label1\" content=\"Gesch\u00e4tzte Lesezeit\" \/>\n\t<meta name=\"twitter:data1\" content=\"2\u00a0Minuten\" \/>\n<script type=\"application\/ld+json\" class=\"yoast-schema-graph\">{\"@context\":\"https:\/\/schema.org\",\"@graph\":[{\"@type\":\"WebPage\",\"@id\":\"https:\/\/feurich.com\/de\/produktion\/\",\"url\":\"https:\/\/feurich.com\/de\/produktion\/\",\"name\":\"Produktion - FEURICH\",\"isPartOf\":{\"@id\":\"https:\/\/feurich.com\/en\/#website\"},\"datePublished\":\"2017-08-08T21:00:43+00:00\",\"dateModified\":\"2025-03-27T08:34:00+00:00\",\"breadcrumb\":{\"@id\":\"https:\/\/feurich.com\/de\/produktion\/#breadcrumb\"},\"inLanguage\":\"de\",\"potentialAction\":[{\"@type\":\"ReadAction\",\"target\":[\"https:\/\/feurich.com\/de\/produktion\/\"]}]},{\"@type\":\"BreadcrumbList\",\"@id\":\"https:\/\/feurich.com\/de\/produktion\/#breadcrumb\",\"itemListElement\":[{\"@type\":\"ListItem\",\"position\":1,\"name\":\"Home\",\"item\":\"https:\/\/feurich.com\/de\/\"},{\"@type\":\"ListItem\",\"position\":2,\"name\":\"Produktion\"}]},{\"@type\":\"WebSite\",\"@id\":\"https:\/\/feurich.com\/en\/#website\",\"url\":\"https:\/\/feurich.com\/en\/\",\"name\":\"FEURICH\",\"description\":\"A sound that connects\",\"publisher\":{\"@id\":\"https:\/\/feurich.com\/en\/#organization\"},\"potentialAction\":[{\"@type\":\"SearchAction\",\"target\":{\"@type\":\"EntryPoint\",\"urlTemplate\":\"https:\/\/feurich.com\/en\/?s={search_term_string}\"},\"query-input\":{\"@type\":\"PropertyValueSpecification\",\"valueRequired\":true,\"valueName\":\"search_term_string\"}}],\"inLanguage\":\"de\"},{\"@type\":\"Organization\",\"@id\":\"https:\/\/feurich.com\/en\/#organization\",\"name\":\"FEURICH\",\"url\":\"https:\/\/feurich.com\/en\/\",\"logo\":{\"@type\":\"ImageObject\",\"inLanguage\":\"de\",\"@id\":\"https:\/\/feurich.com\/en\/#\/schema\/logo\/image\/\",\"url\":\"https:\/\/feurich.com\/wp-content\/uploads\/logo.png\",\"contentUrl\":\"https:\/\/feurich.com\/wp-content\/uploads\/logo.png\",\"width\":354,\"height\":151,\"caption\":\"FEURICH\"},\"image\":{\"@id\":\"https:\/\/feurich.com\/en\/#\/schema\/logo\/image\/\"},\"sameAs\":[\"https:\/\/www.facebook.com\/feurichvienna\/\"]}]}<\/script>\n<!-- \/ Yoast SEO plugin. -->","yoast_head_json":{"title":"Produktion - FEURICH","robots":{"index":"index","follow":"follow","max-snippet":"max-snippet:-1","max-image-preview":"max-image-preview:large","max-video-preview":"max-video-preview:-1"},"canonical":"https:\/\/feurich.com\/de\/produktion\/","og_locale":"de_DE","og_type":"article","og_title":"Produktion - FEURICH","og_description":"Die Kombination aus traditionellem und modernem Klavierbau erm\u00f6glicht kreative, neuartige Methoden in allen Bereichen der Produktion und hohe Serienqualit\u00e4t.","og_url":"https:\/\/feurich.com\/de\/produktion\/","og_site_name":"FEURICH","article_publisher":"https:\/\/www.facebook.com\/feurichvienna\/","article_modified_time":"2025-03-27T08:34:00+00:00","twitter_card":"summary_large_image","twitter_misc":{"Gesch\u00e4tzte Lesezeit":"2\u00a0Minuten"},"schema":{"@context":"https:\/\/schema.org","@graph":[{"@type":"WebPage","@id":"https:\/\/feurich.com\/de\/produktion\/","url":"https:\/\/feurich.com\/de\/produktion\/","name":"Produktion - FEURICH","isPartOf":{"@id":"https:\/\/feurich.com\/en\/#website"},"datePublished":"2017-08-08T21:00:43+00:00","dateModified":"2025-03-27T08:34:00+00:00","breadcrumb":{"@id":"https:\/\/feurich.com\/de\/produktion\/#breadcrumb"},"inLanguage":"de","potentialAction":[{"@type":"ReadAction","target":["https:\/\/feurich.com\/de\/produktion\/"]}]},{"@type":"BreadcrumbList","@id":"https:\/\/feurich.com\/de\/produktion\/#breadcrumb","itemListElement":[{"@type":"ListItem","position":1,"name":"Home","item":"https:\/\/feurich.com\/de\/"},{"@type":"ListItem","position":2,"name":"Produktion"}]},{"@type":"WebSite","@id":"https:\/\/feurich.com\/en\/#website","url":"https:\/\/feurich.com\/en\/","name":"FEURICH","description":"A sound that connects","publisher":{"@id":"https:\/\/feurich.com\/en\/#organization"},"potentialAction":[{"@type":"SearchAction","target":{"@type":"EntryPoint","urlTemplate":"https:\/\/feurich.com\/en\/?s={search_term_string}"},"query-input":{"@type":"PropertyValueSpecification","valueRequired":true,"valueName":"search_term_string"}}],"inLanguage":"de"},{"@type":"Organization","@id":"https:\/\/feurich.com\/en\/#organization","name":"FEURICH","url":"https:\/\/feurich.com\/en\/","logo":{"@type":"ImageObject","inLanguage":"de","@id":"https:\/\/feurich.com\/en\/#\/schema\/logo\/image\/","url":"https:\/\/feurich.com\/wp-content\/uploads\/logo.png","contentUrl":"https:\/\/feurich.com\/wp-content\/uploads\/logo.png","width":354,"height":151,"caption":"FEURICH"},"image":{"@id":"https:\/\/feurich.com\/en\/#\/schema\/logo\/image\/"},"sameAs":["https:\/\/www.facebook.com\/feurichvienna\/"]}]}},"_links":{"self":[{"href":"https:\/\/feurich.com\/de\/wp-json\/wp\/v2\/pages\/404","targetHints":{"allow":["GET"]}}],"collection":[{"href":"https:\/\/feurich.com\/de\/wp-json\/wp\/v2\/pages"}],"about":[{"href":"https:\/\/feurich.com\/de\/wp-json\/wp\/v2\/types\/page"}],"author":[{"embeddable":true,"href":"https:\/\/feurich.com\/de\/wp-json\/wp\/v2\/users\/4"}],"replies":[{"embeddable":true,"href":"https:\/\/feurich.com\/de\/wp-json\/wp\/v2\/comments?post=404"}],"version-history":[{"count":18,"href":"https:\/\/feurich.com\/de\/wp-json\/wp\/v2\/pages\/404\/revisions"}],"predecessor-version":[{"id":83775,"href":"https:\/\/feurich.com\/de\/wp-json\/wp\/v2\/pages\/404\/revisions\/83775"}],"wp:attachment":[{"href":"https:\/\/feurich.com\/de\/wp-json\/wp\/v2\/media?parent=404"}],"curies":[{"name":"wp","href":"https:\/\/api.w.org\/{rel}","templated":true}]}}