{"id":396,"date":"2017-08-08T20:57:28","date_gmt":"2017-08-08T20:57:28","guid":{"rendered":"\/?page_id=396"},"modified":"2023-11-24T20:05:19","modified_gmt":"2023-11-24T20:05:19","slug":"vienna-pianos","status":"publish","type":"page","link":"https:\/\/feurich.com\/de\/produkte\/vienna-pianos\/","title":{"rendered":"Vienna Pianos"},"content":{"rendered":"<div class=\"wpb-content-wrapper\"><p>[vc_row 0=&#8220;&#8220;][vc_column 0=&#8220;&#8220;][vc_empty_space 0=&#8220;&#8220; height=&#8220;52px&#8220;][vc_column_text el_class=&#8220;big-title&#8220;]<\/p>\n<p style=\"text-align: center;\">Mod. 123 \u2013 Vienna \u201eMade in Austria\u201c<\/p>\n<p>[\/vc_column_text][\/vc_column][\/vc_row][vc_row content_placement=&#8220;middle&#8220;][vc_column][vc_empty_space 0=&#8220;&#8220; height=&#8220;20px&#8220;][vc_empty_space 0=&#8220;&#8220; height=&#8220;20px&#8220;][vc_column_text]<div class=\"wpb_video_widget wpb_content_element  vc_clearfix vc_video-aspect-ratio-43 vc_video-el-width-100 vc_video-align-left\"><div class=\"wpb_wrapper\"><div class=\"wpb_video_wrapper\"><div class=\"fluid-width-video-wrapper\"><iframe src=\"https:\/\/www.youtube.com\/embed\/NzeNOVMqKNI?feature=oembed\" frameborder=\"0\" gesture=\"media\" allow=\"encrypted-media\" allowfullscreen=\"\" class=\"vid-youtube\"><\/iframe><\/div><\/div><\/div><\/div>[\/vc_column_text][vc_empty_space 0=&#8220;&#8220; height=&#8220;20px&#8220;][vc_empty_space 0=&#8220;&#8220; height=&#8220;20px&#8220;][\/vc_column][\/vc_row][vc_row 0=&#8220;&#8220;][vc_column width=&#8220;1\/3&#8243;][vc_single_image image=&#8220;2661&#8243; img_size=&#8220;large&#8220;][vc_empty_space][vc_column_text]<div class=\"wpb_video_widget wpb_content_element  vc_clearfix vc_video-aspect-ratio-43 vc_video-el-width-100 vc_video-align-left\"><div class=\"wpb_wrapper\"><div class=\"wpb_video_wrapper\"><div class=\"fluid-width-video-wrapper\"><iframe src=\"https:\/\/www.youtube.com\/embed\/31tUOSku-gg?feature=oembed\" frameborder=\"0\" gesture=\"media\" allow=\"encrypted-media\" allowfullscreen=\"\" class=\"vid-youtube\"><\/iframe><\/div><\/div><\/div><\/div>[\/vc_column_text][vc_column_text]Pr\u00e4sentation des Mod. 123 \u2013 Vienna: Univ.-Prof. Kharin demonstriert die unfassbar schnelle Repetition[\/vc_column_text][vc_empty_space][vc_column_text]<div class=\"wpb_video_widget wpb_content_element  vc_clearfix vc_video-aspect-ratio-43 vc_video-el-width-100 vc_video-align-left\"><div class=\"wpb_wrapper\"><div class=\"wpb_video_wrapper\"><div class=\"fluid-width-video-wrapper\"><iframe src=\"https:\/\/www.youtube.com\/embed\/DhmUQkl3T7I?feature=oembed\" frameborder=\"0\" gesture=\"media\" allow=\"encrypted-media\" allowfullscreen=\"\" class=\"vid-youtube\"><\/iframe><\/div><\/div><\/div><\/div>[\/vc_column_text][vc_column_text]Bill Dobbins, renommierter Jazz-P\u00e4dagoge und Pianist, beim Test des FEURICH Mod. 123 \u2013 Vienna[\/vc_column_text][vc_empty_space][vc_gallery interval=&#8220;3&#8243; images=&#8220;23236,23218&#8243;][\/vc_column][vc_column width=&#8220;2\/3&#8243;][vc_column_text 0=&#8220;&#8220;]<span style=\"font-size: 14pt;\"><strong>Die neueste Innovation von FEURICH ist das Piano Mod. 123 \u2013 Vienna. Dieses Modell weist in den zentralen Bereichen des Pianos wie dem Spielwerk, Geh\u00e4use und Pedalsystem v\u00f6llig neue Konzepte auf.<\/strong><\/span><\/p>\n<p>&nbsp;<\/p>\n<p>FEURICH hat f\u00fcr dieses Modell ein neues Konzept f\u00fcr die Mechanik designt und mit der <a href=\"https:\/\/feurich.com\/de\/innovationen\/high-speed-kamm-action\/\"><sup>\u00a9<\/sup>FEURICH \u2013 High Speed KAMM Action<\/a> ausgestattet. Dieses innovative Spielwerk erm\u00f6glicht eine <strong>extrem schnelle Repetition, wie<\/strong> man sie sonst nur <strong>bei den besten Konzertfl\u00fcgeln<\/strong> vorfindet. Das Vienna Piano l\u00e4sst sich dadurch leichter und pr\u00e4ziser spielen als jedes andere Piano am Markt.<\/p>\n<p>&nbsp;<\/p>\n<h3>Ein Feuerwerk an Innovationen<\/h3>\n<p>Au\u00dferdem ist das FEURICH 123 \u2013 Vienna eines der ersten in Serie gefertigten Pianos, das \u00fcber eine \u201ebleifreie Klaviatur\u201c verf\u00fcgt. Hinzu kommt der Anspruch an eine stabilere, langlebigere Mechanik und Klaviatur. F\u00fcr das Geh\u00e4use des Mod. 123 \u2013 Vienna wurde ganz bewusst ein umweltfreundlicher Lack gew\u00e4hlt. Durch das vollst\u00e4ndig neu aufgebaute, \u00fcberaus robuste Pedalsystem sind deutlich feinere Nuancen bei den verschiedenen Pedalstufen m\u00f6glich. Auch Nebenger\u00e4usche k\u00f6nnen erstmals ausgeschlossen werden.<\/p>\n<p>&nbsp;<\/p>\n<h3>Geh\u00e4use mit Finesse<\/h3>\n<p>Der neu entwickelte Eisenrahmen f\u00fcr Raste, Rahmen und Geh\u00e4use erlaubt es, das gesamte Geh\u00e4use inkl. der Seitenw\u00e4nde mit geringem Aufwand auszutauschen. Das Instrument ist sogar ohne Geh\u00e4use spielbar.<\/p>\n<p><strong>Erstmals in der Geschichte der Klavierbaukunst kann ein in Serie gefertigtes Klavier problemlos ohne Geh\u00e4use gespielt werden<\/strong> \u2013 perfekt f\u00fcr Aufnahmen, Konzerte und f\u00fcr heikle Transporte.<\/p>\n<p>Da das Brett der oberen F\u00fcllung bei herk\u00f6mmlichen Pianos viel Klang wegnimmt, wurde beim \u201eWien-Klavier\u201c, wie es umgangssprachlich auch genannt wird, eine <strong>raffinierte \u00d6ffnung<\/strong> an dieser Stelle eingef\u00fcgt. Das sorgt f\u00fcr einen direkteren, volleren Klang und f\u00fcr einen interessanten Einblick in das Innenleben des Spielwerks.<\/p>\n<h3>Key Facts<\/h3>\n<ul>\n<li>Exklusive <a href=\"https:\/\/www.pianos.de\/de\/mitglieder\/index.php?id=30\" target=\"_blank\" rel=\"noopener\">RENNER Mechanik<\/a> mit neuen Komponenten nach unseren Spezifikationen<\/li>\n<li><a href=\"https:\/\/feurich.com\/de\/innovationen\/high-speed-kamm-action\/\"><sup>\u00a9<\/sup>FEURICH \u2013 High Speed KAMM Action<\/a> f\u00fcr eine extrem schnelle Repetition<\/li>\n<li>Bechstein Hammerk\u00f6pfe mit h\u00f6chster Filzqualit\u00e4t f\u00fcr einen besonders reichhaltigen Klang<\/li>\n<li>Innovatives Geh\u00e4usedesign (alle Teile inklusive Seitenteile austauschbar, Piano auch ohne Geh\u00e4use spielbar)<\/li>\n<li>Umweltfreundliche Lackierung<\/li>\n<li><a href=\"https:\/\/feurich.com\/de\/ueber-uns\/expertenteam\/stephen_paulello\/\" target=\"_blank\" rel=\"noopener\">PAULELLO<\/a> rostfreie Saiten<\/li>\n<li>LED-Beleuchtung im Geh\u00e4use integriert<\/li>\n<li>Obere F\u00fcllung aufmachbar f\u00fcr ein besseres Klangerlebnis<\/li>\n<li>Wartungsfreies FEURICH-Pedalsystem, fein zu nuancieren<\/li>\n<li>Bleifreie Klaviatur<\/li>\n<li>Ma\u00dfe: <span class=\"fontstyle0\">h: 123cm, b: 151cm, t: 62cm \/ Gewicht: 250kg<\/span><\/li>\n<\/ul>\n<p>Das in Wien produzierte FEURICH Piano Mod. 123 \u2013 Vienna bieten wir standardm\u00e4\u00dfig in den Farbvarianten Schwarz satiniert, Wei\u00df satiniert und Nuss satiniert + Chrom an. Auf Wunsch k\u00f6nnen wir das Geh\u00e4use auch in <strong>Individuallackierung<\/strong> anbieten, wobei Sie aus der gesamten <a href=\"https:\/\/www.ralfarbpalette.de\/\" target=\"_blank\" rel=\"noopener\">RAL-Farbpalette<\/a> ausw\u00e4hlen k\u00f6nnen. Lassen Sie Ihrer Fantasie freien Lauf!<\/p>\n<p>Weitere Geh\u00e4use-Variationen und Designs auf Anfrage \u2013 aufgrund der durchdachten Konstruktion sind wir in der Lage, nahezu alle Geh\u00e4usew\u00fcnsche unabh\u00e4ngig vom Innenleben zu realisieren.<\/p>\n<p>Sie wollen mehr \u00fcber dieses Instrument erfahren? <a href=\"https:\/\/feurich.com\/de\/information-kontakt\/kontakt\/\">Schreiben Sie uns!<\/a>[\/vc_column_text][\/vc_column][\/vc_row][vc_row][vc_column][vc_empty_space 0=&#8220;&#8220; height=&#8220;24px&#8220;][vc_masonry_media_grid item=&#8220;mediaGrid_Default&#8220; grid_id=&#8220;vc_gid:1700856024350-1ba9cdc8-7b83-6&#8243; include=&#8220;5187,5223,5229,5211,5193,23245&#8243;][\/vc_column][\/vc_row][vc_row 0=&#8220;&#8220;][vc_column 0=&#8220;&#8220;][vc_empty_space 0=&#8220;&#8220; height=&#8220;72px&#8220;][vc_column_text el_class=&#8220;big-title&#8220;]<\/p>\n<p style=\"text-align: center;\">Special Edition: Mod. 123 \u2013 Vienna Modern<\/p>\n<p>[\/vc_column_text][vc_empty_space 0=&#8220;&#8220; height=&#8220;36px&#8220;][\/vc_column][\/vc_row][vc_row 0=&#8220;&#8220;][vc_column 0=&#8220;&#8220; width=&#8220;1\/3&#8243;][vc_single_image image=&#8220;23000&#8243;][\/vc_column][vc_column width=&#8220;2\/3&#8243;][vc_column_text]<span style=\"font-size: 14pt;\"><strong>Auf Wunsch produzieren wir individuelle Design-Klaviere oder Sondermodelle wie das Mod. 123 &#8211; Vienna Modern!<\/strong><\/span><\/p>\n<p>W\u00e4hrend sich unser serienm\u00e4\u00dfig produziertes Modell 123 &#8211; Vienna an der Formensprache des traditionellen Klavierbaus bedient, bieten wir auf Nachfrage auch eine Sonderanfertigung im modernen, geradlinigen Design an.<\/p>\n<p>Das Sondermodell 123 &#8211; Vienna Modern beherbergt in seinem neuentwickelten Geh\u00e4use dasselbe technisch ausgereifte Innenleben wie das Serienmodell. Das Geh\u00e4use selbst unterscheidet sich in der klaren, am Bauhaus-Stil orientierten Gestaltung und verzichtet auf die \u00d6ffnung in der F\u00fcllung. Damit \u00e4hnelt es optisch unserem Erfolgsmodell 115 &#8211; Premiere, bietet jedoch eine Vielzahl an technischen Vorteilen.[\/vc_column_text][vc_empty_space 0=&#8220;&#8220; height=&#8220;24px&#8220;][\/vc_column][\/vc_row][vc_row][vc_column][vc_empty_space 0=&#8220;&#8220; height=&#8220;36px&#8220;][vc_masonry_media_grid item=&#8220;mediaGrid_Default&#8220; grid_id=&#8220;vc_gid:1700856024353-407f518f-2250-1&#8243; include=&#8220;22944,22971,23269,23278,22962,22953&#8243;][\/vc_column][\/vc_row]<\/p>\n<\/div>","protected":false},"excerpt":{"rendered":"<p>Die neueste Innovation von FEURICH: Piano Mod. 123 \u2013 Vienna mit v\u00f6llig neuen Konzepten in den zentralen Bereichen wie  Spielwerk, Geh\u00e4use und Pedalsystem.<\/p>\n","protected":false},"author":4,"featured_media":0,"parent":394,"menu_order":0,"comment_status":"closed","ping_status":"closed","template":"template-fullwidth.php","meta":{"inline_featured_image":false,"footnotes":""},"class_list":["post-396","page","type-page","status-publish","hentry"],"acf":[],"yoast_head":"<!-- This site is optimized with the Yoast SEO plugin v24.4 - https:\/\/yoast.com\/wordpress\/plugins\/seo\/ -->\n<title>Vienna Pianos - FEURICH<\/title>\n<meta name=\"description\" content=\"Die neueste Innovation von FEURICH: Piano Mod. 123 \u2013 Vienna mit v\u00f6llig neuen Konzepten in den zentralen Bereichen wie Spielwerk, Geh\u00e4use und Pedalsystem.\" \/>\n<meta name=\"robots\" content=\"index, follow, max-snippet:-1, max-image-preview:large, max-video-preview:-1\" \/>\n<link rel=\"canonical\" href=\"https:\/\/feurich.com\/de\/produkte\/vienna-pianos\/\" \/>\n<meta property=\"og:locale\" content=\"de_DE\" \/>\n<meta property=\"og:type\" content=\"article\" \/>\n<meta property=\"og:title\" content=\"Vienna Pianos - FEURICH\" \/>\n<meta property=\"og:description\" content=\"Die neueste Innovation von FEURICH: Piano Mod. 123 \u2013 Vienna mit v\u00f6llig neuen Konzepten in den zentralen Bereichen wie Spielwerk, Geh\u00e4use und Pedalsystem.\" \/>\n<meta property=\"og:url\" content=\"https:\/\/feurich.com\/de\/produkte\/vienna-pianos\/\" \/>\n<meta property=\"og:site_name\" content=\"FEURICH\" \/>\n<meta property=\"article:publisher\" content=\"https:\/\/www.facebook.com\/feurichvienna\/\" \/>\n<meta property=\"article:modified_time\" content=\"2023-11-24T20:05:19+00:00\" \/>\n<meta name=\"twitter:card\" content=\"summary_large_image\" \/>\n<meta name=\"twitter:label1\" content=\"Gesch\u00e4tzte Lesezeit\" \/>\n\t<meta name=\"twitter:data1\" content=\"4\u00a0Minuten\" \/>\n<script type=\"application\/ld+json\" class=\"yoast-schema-graph\">{\"@context\":\"https:\/\/schema.org\",\"@graph\":[{\"@type\":\"WebPage\",\"@id\":\"https:\/\/feurich.com\/de\/produkte\/vienna-pianos\/\",\"url\":\"https:\/\/feurich.com\/de\/produkte\/vienna-pianos\/\",\"name\":\"Vienna Pianos - FEURICH\",\"isPartOf\":{\"@id\":\"https:\/\/feurich.com\/en\/#website\"},\"datePublished\":\"2017-08-08T20:57:28+00:00\",\"dateModified\":\"2023-11-24T20:05:19+00:00\",\"description\":\"Die neueste Innovation von FEURICH: Piano Mod. 123 \u2013 Vienna mit v\u00f6llig neuen Konzepten in den zentralen Bereichen wie Spielwerk, Geh\u00e4use und Pedalsystem.\",\"breadcrumb\":{\"@id\":\"https:\/\/feurich.com\/de\/produkte\/vienna-pianos\/#breadcrumb\"},\"inLanguage\":\"de\",\"potentialAction\":[{\"@type\":\"ReadAction\",\"target\":[\"https:\/\/feurich.com\/de\/produkte\/vienna-pianos\/\"]}]},{\"@type\":\"BreadcrumbList\",\"@id\":\"https:\/\/feurich.com\/de\/produkte\/vienna-pianos\/#breadcrumb\",\"itemListElement\":[{\"@type\":\"ListItem\",\"position\":1,\"name\":\"Home\",\"item\":\"https:\/\/feurich.com\/de\/\"},{\"@type\":\"ListItem\",\"position\":2,\"name\":\"KLAVIERE &#038; MEHR\",\"item\":\"https:\/\/feurich.com\/de\/produkte\/\"},{\"@type\":\"ListItem\",\"position\":3,\"name\":\"Vienna Pianos\"}]},{\"@type\":\"WebSite\",\"@id\":\"https:\/\/feurich.com\/en\/#website\",\"url\":\"https:\/\/feurich.com\/en\/\",\"name\":\"FEURICH\",\"description\":\"A sound that connects\",\"publisher\":{\"@id\":\"https:\/\/feurich.com\/en\/#organization\"},\"potentialAction\":[{\"@type\":\"SearchAction\",\"target\":{\"@type\":\"EntryPoint\",\"urlTemplate\":\"https:\/\/feurich.com\/en\/?s={search_term_string}\"},\"query-input\":{\"@type\":\"PropertyValueSpecification\",\"valueRequired\":true,\"valueName\":\"search_term_string\"}}],\"inLanguage\":\"de\"},{\"@type\":\"Organization\",\"@id\":\"https:\/\/feurich.com\/en\/#organization\",\"name\":\"FEURICH\",\"url\":\"https:\/\/feurich.com\/en\/\",\"logo\":{\"@type\":\"ImageObject\",\"inLanguage\":\"de\",\"@id\":\"https:\/\/feurich.com\/en\/#\/schema\/logo\/image\/\",\"url\":\"https:\/\/feurich.com\/wp-content\/uploads\/logo.png\",\"contentUrl\":\"https:\/\/feurich.com\/wp-content\/uploads\/logo.png\",\"width\":354,\"height\":151,\"caption\":\"FEURICH\"},\"image\":{\"@id\":\"https:\/\/feurich.com\/en\/#\/schema\/logo\/image\/\"},\"sameAs\":[\"https:\/\/www.facebook.com\/feurichvienna\/\"]}]}<\/script>\n<!-- \/ Yoast SEO plugin. -->","yoast_head_json":{"title":"Vienna Pianos - FEURICH","description":"Die neueste Innovation von FEURICH: Piano Mod. 123 \u2013 Vienna mit v\u00f6llig neuen Konzepten in den zentralen Bereichen wie Spielwerk, Geh\u00e4use und Pedalsystem.","robots":{"index":"index","follow":"follow","max-snippet":"max-snippet:-1","max-image-preview":"max-image-preview:large","max-video-preview":"max-video-preview:-1"},"canonical":"https:\/\/feurich.com\/de\/produkte\/vienna-pianos\/","og_locale":"de_DE","og_type":"article","og_title":"Vienna Pianos - FEURICH","og_description":"Die neueste Innovation von FEURICH: Piano Mod. 123 \u2013 Vienna mit v\u00f6llig neuen Konzepten in den zentralen Bereichen wie Spielwerk, Geh\u00e4use und Pedalsystem.","og_url":"https:\/\/feurich.com\/de\/produkte\/vienna-pianos\/","og_site_name":"FEURICH","article_publisher":"https:\/\/www.facebook.com\/feurichvienna\/","article_modified_time":"2023-11-24T20:05:19+00:00","twitter_card":"summary_large_image","twitter_misc":{"Gesch\u00e4tzte Lesezeit":"4\u00a0Minuten"},"schema":{"@context":"https:\/\/schema.org","@graph":[{"@type":"WebPage","@id":"https:\/\/feurich.com\/de\/produkte\/vienna-pianos\/","url":"https:\/\/feurich.com\/de\/produkte\/vienna-pianos\/","name":"Vienna Pianos - FEURICH","isPartOf":{"@id":"https:\/\/feurich.com\/en\/#website"},"datePublished":"2017-08-08T20:57:28+00:00","dateModified":"2023-11-24T20:05:19+00:00","description":"Die neueste Innovation von FEURICH: Piano Mod. 123 \u2013 Vienna mit v\u00f6llig neuen Konzepten in den zentralen Bereichen wie Spielwerk, Geh\u00e4use und Pedalsystem.","breadcrumb":{"@id":"https:\/\/feurich.com\/de\/produkte\/vienna-pianos\/#breadcrumb"},"inLanguage":"de","potentialAction":[{"@type":"ReadAction","target":["https:\/\/feurich.com\/de\/produkte\/vienna-pianos\/"]}]},{"@type":"BreadcrumbList","@id":"https:\/\/feurich.com\/de\/produkte\/vienna-pianos\/#breadcrumb","itemListElement":[{"@type":"ListItem","position":1,"name":"Home","item":"https:\/\/feurich.com\/de\/"},{"@type":"ListItem","position":2,"name":"KLAVIERE &#038; MEHR","item":"https:\/\/feurich.com\/de\/produkte\/"},{"@type":"ListItem","position":3,"name":"Vienna Pianos"}]},{"@type":"WebSite","@id":"https:\/\/feurich.com\/en\/#website","url":"https:\/\/feurich.com\/en\/","name":"FEURICH","description":"A sound that connects","publisher":{"@id":"https:\/\/feurich.com\/en\/#organization"},"potentialAction":[{"@type":"SearchAction","target":{"@type":"EntryPoint","urlTemplate":"https:\/\/feurich.com\/en\/?s={search_term_string}"},"query-input":{"@type":"PropertyValueSpecification","valueRequired":true,"valueName":"search_term_string"}}],"inLanguage":"de"},{"@type":"Organization","@id":"https:\/\/feurich.com\/en\/#organization","name":"FEURICH","url":"https:\/\/feurich.com\/en\/","logo":{"@type":"ImageObject","inLanguage":"de","@id":"https:\/\/feurich.com\/en\/#\/schema\/logo\/image\/","url":"https:\/\/feurich.com\/wp-content\/uploads\/logo.png","contentUrl":"https:\/\/feurich.com\/wp-content\/uploads\/logo.png","width":354,"height":151,"caption":"FEURICH"},"image":{"@id":"https:\/\/feurich.com\/en\/#\/schema\/logo\/image\/"},"sameAs":["https:\/\/www.facebook.com\/feurichvienna\/"]}]}},"_links":{"self":[{"href":"https:\/\/feurich.com\/de\/wp-json\/wp\/v2\/pages\/396","targetHints":{"allow":["GET"]}}],"collection":[{"href":"https:\/\/feurich.com\/de\/wp-json\/wp\/v2\/pages"}],"about":[{"href":"https:\/\/feurich.com\/de\/wp-json\/wp\/v2\/types\/page"}],"author":[{"embeddable":true,"href":"https:\/\/feurich.com\/de\/wp-json\/wp\/v2\/users\/4"}],"replies":[{"embeddable":true,"href":"https:\/\/feurich.com\/de\/wp-json\/wp\/v2\/comments?post=396"}],"version-history":[{"count":9,"href":"https:\/\/feurich.com\/de\/wp-json\/wp\/v2\/pages\/396\/revisions"}],"predecessor-version":[{"id":72604,"href":"https:\/\/feurich.com\/de\/wp-json\/wp\/v2\/pages\/396\/revisions\/72604"}],"up":[{"embeddable":true,"href":"https:\/\/feurich.com\/de\/wp-json\/wp\/v2\/pages\/394"}],"wp:attachment":[{"href":"https:\/\/feurich.com\/de\/wp-json\/wp\/v2\/media?parent=396"}],"curies":[{"name":"wp","href":"https:\/\/api.w.org\/{rel}","templated":true}]}}