{"id":1351,"date":"2017-10-03T07:15:19","date_gmt":"2017-10-03T07:15:19","guid":{"rendered":"\/?page_id=1351"},"modified":"2019-08-02T09:35:16","modified_gmt":"2019-08-02T09:35:16","slug":"klavierdecken","status":"publish","type":"page","link":"https:\/\/feurich.com\/de\/produkte\/zubehoer\/klavierdecken\/","title":{"rendered":"Klavierdecken"},"content":{"rendered":"<div class=\"wpb-content-wrapper\"><p>[vc_row bg_type=&#8220;image&#8220; parallax_style=&#8220;vcpb-default&#8220; bg_image_new=&#8220;id^521|url^\/wp-content\/uploads\/2017\/08\/home-fon-bl3.jpg|caption^null|alt^null|title^home-fon-bl3|description^null&#8220; bg_image_repeat=&#8220;no-repeat&#8220; bg_override=&#8220;full&#8220;][vc_column 0=&#8220;&#8220;][vc_empty_space height=&#8220;5px&#8220;][vc_row_inner 0=&#8220;&#8220;][vc_column_inner width=&#8220;1\/6&#8243;][\/vc_column_inner][vc_column_inner width=&#8220;4\/6&#8243;][vc_column_text el_class=&#8220;big-title&#8220; css=&#8220;.vc_custom_1507013745650{margin-bottom: 15px !important;}&#8220;]<\/p>\n<p style=\"text-align: center; color: white;\">Klavierdecken<\/p>\n<p>[\/vc_column_text][vc_column_text 0=&#8220;&#8220;][\/vc_column_text][\/vc_column_inner][vc_column_inner width=&#8220;1\/6&#8243;][\/vc_column_inner][\/vc_row_inner][vc_empty_space 0=&#8220;&#8220;][\/vc_column][\/vc_row][vc_row 0=&#8220;&#8220;][vc_column width=&#8220;1\/3&#8243;][vc_column_text el_class=&#8220;products-title&#8220;]Sch\u00f6n gesch\u00fctzt[\/vc_column_text][vc_column_text 0=&#8220;&#8220;]Zum bestm\u00f6glichen Schutz Ihres wertvollen FEURICH-Klavieres haben wir extra strapazierf\u00e4hige Klavierdecken entwickelt. Diese Decken erhalten Sie bei uns sowohl f\u00fcr Pianos als auch f\u00fcr Fl\u00fcgel <strong>s\u00e4mtlicher Hersteller,<\/strong> ma\u00dfgenau gefertigt in der jeweiligen Modellgr\u00f6\u00dfe.<\/p>\n<p>Unsere Decken sind au\u00dfen mit Skai, einem Kunstleder mit edler Optik, und innen mit besonders weichem Filz versehen, um die Lackoberfl\u00e4che des Instrumentes nicht zu besch\u00e4digen.[\/vc_column_text][\/vc_column][vc_column width=&#8220;1\/3&#8243;][vc_single_image image=&#8220;6471&#8243; img_size=&#8220;large&#8220; alignment=&#8220;center&#8220; css=&#8220;.vc_custom_1512626822914{margin-bottom: 10px !important;}&#8220;][\/vc_column][vc_column width=&#8220;1\/3&#8243;][vc_column_text el_class=&#8220;products-title&#8220;]Ganz nach Wunsch[\/vc_column_text][vc_column_text 0=&#8220;&#8220;]FEURICH Klavierdecken werden handwerklich gefertigt, sind hochwertig verarbeitet, robust und lange haltbar. Auch zahlreiche Sonderw\u00fcnsche lassen sich realisieren.<\/p>\n<p>Sie wollen eine individuelle Klavierdecke bestellen? Wir beraten Sie gerne! <a href=\"https:\/\/feurich.com\/de\/information-kontakt\/kontakt\/\">&gt;&gt; Kontakt<\/a>[\/vc_column_text][\/vc_column][\/vc_row]<\/p>\n<\/div>","protected":false},"excerpt":{"rendered":"<p>Der optimale, geschmackvolle Schutz f\u00fcr Klaviere und Fl\u00fcgel<\/p>\n","protected":false},"author":7,"featured_media":4571,"parent":1321,"menu_order":2,"comment_status":"closed","ping_status":"closed","template":"template-fullwidth.php","meta":{"inline_featured_image":false,"footnotes":""},"class_list":["post-1351","page","type-page","status-publish","has-post-thumbnail","hentry"],"acf":[],"yoast_head":"<!-- This site is optimized with the Yoast SEO plugin v24.4 - https:\/\/yoast.com\/wordpress\/plugins\/seo\/ -->\n<title>Klavierdecken - FEURICH<\/title>\n<meta name=\"description\" content=\"Extra strapazierf\u00e4hige Klavierdecken zum bestm\u00f6glichen Schutz Ihres FEURICH-Klaviers oder ma\u00dfgefertigt f\u00fcr Pianos und Fl\u00fcgel s\u00e4mtlicher Hersteller.\" \/>\n<meta name=\"robots\" content=\"index, follow, max-snippet:-1, max-image-preview:large, max-video-preview:-1\" \/>\n<link rel=\"canonical\" href=\"https:\/\/feurich.com\/de\/produkte\/zubehoer\/klavierdecken\/\" \/>\n<meta property=\"og:locale\" content=\"de_DE\" \/>\n<meta property=\"og:type\" content=\"article\" \/>\n<meta property=\"og:title\" content=\"Klavierdecken - FEURICH\" \/>\n<meta property=\"og:description\" content=\"Extra strapazierf\u00e4hige Klavierdecken zum bestm\u00f6glichen Schutz Ihres FEURICH-Klaviers oder ma\u00dfgefertigt f\u00fcr Pianos und Fl\u00fcgel s\u00e4mtlicher Hersteller.\" \/>\n<meta property=\"og:url\" content=\"https:\/\/feurich.com\/de\/produkte\/zubehoer\/klavierdecken\/\" \/>\n<meta property=\"og:site_name\" content=\"FEURICH\" \/>\n<meta property=\"article:publisher\" content=\"https:\/\/www.facebook.com\/feurichvienna\/\" \/>\n<meta property=\"article:modified_time\" content=\"2019-08-02T09:35:16+00:00\" \/>\n<meta property=\"og:image\" content=\"https:\/\/feurich.com\/wp-content\/uploads\/Covers-Fine-black-imitation-leather-with-soft-felt-inside-Custom-Made-2.jpg\" \/>\n\t<meta property=\"og:image:width\" content=\"720\" \/>\n\t<meta property=\"og:image:height\" content=\"480\" \/>\n\t<meta property=\"og:image:type\" content=\"image\/jpeg\" \/>\n<meta name=\"twitter:card\" content=\"summary_large_image\" \/>\n<meta name=\"twitter:label1\" content=\"Gesch\u00e4tzte Lesezeit\" \/>\n\t<meta name=\"twitter:data1\" content=\"1\u00a0Minute\" \/>\n<script type=\"application\/ld+json\" class=\"yoast-schema-graph\">{\"@context\":\"https:\/\/schema.org\",\"@graph\":[{\"@type\":\"WebPage\",\"@id\":\"https:\/\/feurich.com\/de\/produkte\/zubehoer\/klavierdecken\/\",\"url\":\"https:\/\/feurich.com\/de\/produkte\/zubehoer\/klavierdecken\/\",\"name\":\"Klavierdecken - FEURICH\",\"isPartOf\":{\"@id\":\"https:\/\/feurich.com\/en\/#website\"},\"primaryImageOfPage\":{\"@id\":\"https:\/\/feurich.com\/de\/produkte\/zubehoer\/klavierdecken\/#primaryimage\"},\"image\":{\"@id\":\"https:\/\/feurich.com\/de\/produkte\/zubehoer\/klavierdecken\/#primaryimage\"},\"thumbnailUrl\":\"https:\/\/feurich.com\/wp-content\/uploads\/Covers-Fine-black-imitation-leather-with-soft-felt-inside-Custom-Made-2.jpg\",\"datePublished\":\"2017-10-03T07:15:19+00:00\",\"dateModified\":\"2019-08-02T09:35:16+00:00\",\"description\":\"Extra strapazierf\u00e4hige Klavierdecken zum bestm\u00f6glichen Schutz Ihres FEURICH-Klaviers oder ma\u00dfgefertigt f\u00fcr Pianos und Fl\u00fcgel s\u00e4mtlicher Hersteller.\",\"breadcrumb\":{\"@id\":\"https:\/\/feurich.com\/de\/produkte\/zubehoer\/klavierdecken\/#breadcrumb\"},\"inLanguage\":\"de\",\"potentialAction\":[{\"@type\":\"ReadAction\",\"target\":[\"https:\/\/feurich.com\/de\/produkte\/zubehoer\/klavierdecken\/\"]}]},{\"@type\":\"ImageObject\",\"inLanguage\":\"de\",\"@id\":\"https:\/\/feurich.com\/de\/produkte\/zubehoer\/klavierdecken\/#primaryimage\",\"url\":\"https:\/\/feurich.com\/wp-content\/uploads\/Covers-Fine-black-imitation-leather-with-soft-felt-inside-Custom-Made-2.jpg\",\"contentUrl\":\"https:\/\/feurich.com\/wp-content\/uploads\/Covers-Fine-black-imitation-leather-with-soft-felt-inside-Custom-Made-2.jpg\",\"width\":720,\"height\":480,\"caption\":\"Covers Fine black imitation leather with soft felt inside (Custom-Made)\"},{\"@type\":\"BreadcrumbList\",\"@id\":\"https:\/\/feurich.com\/de\/produkte\/zubehoer\/klavierdecken\/#breadcrumb\",\"itemListElement\":[{\"@type\":\"ListItem\",\"position\":1,\"name\":\"Home\",\"item\":\"https:\/\/feurich.com\/de\/\"},{\"@type\":\"ListItem\",\"position\":2,\"name\":\"KLAVIERE &#038; MEHR\",\"item\":\"https:\/\/feurich.com\/de\/produkte\/\"},{\"@type\":\"ListItem\",\"position\":3,\"name\":\"Zubeh\u00f6r\",\"item\":\"https:\/\/feurich.com\/de\/produkte\/zubehoer\/\"},{\"@type\":\"ListItem\",\"position\":4,\"name\":\"Klavierdecken\"}]},{\"@type\":\"WebSite\",\"@id\":\"https:\/\/feurich.com\/en\/#website\",\"url\":\"https:\/\/feurich.com\/en\/\",\"name\":\"FEURICH\",\"description\":\"A sound that connects\",\"publisher\":{\"@id\":\"https:\/\/feurich.com\/en\/#organization\"},\"potentialAction\":[{\"@type\":\"SearchAction\",\"target\":{\"@type\":\"EntryPoint\",\"urlTemplate\":\"https:\/\/feurich.com\/en\/?s={search_term_string}\"},\"query-input\":{\"@type\":\"PropertyValueSpecification\",\"valueRequired\":true,\"valueName\":\"search_term_string\"}}],\"inLanguage\":\"de\"},{\"@type\":\"Organization\",\"@id\":\"https:\/\/feurich.com\/en\/#organization\",\"name\":\"FEURICH\",\"url\":\"https:\/\/feurich.com\/en\/\",\"logo\":{\"@type\":\"ImageObject\",\"inLanguage\":\"de\",\"@id\":\"https:\/\/feurich.com\/en\/#\/schema\/logo\/image\/\",\"url\":\"https:\/\/feurich.com\/wp-content\/uploads\/logo.png\",\"contentUrl\":\"https:\/\/feurich.com\/wp-content\/uploads\/logo.png\",\"width\":354,\"height\":151,\"caption\":\"FEURICH\"},\"image\":{\"@id\":\"https:\/\/feurich.com\/en\/#\/schema\/logo\/image\/\"},\"sameAs\":[\"https:\/\/www.facebook.com\/feurichvienna\/\"]}]}<\/script>\n<!-- \/ Yoast SEO plugin. -->","yoast_head_json":{"title":"Klavierdecken - FEURICH","description":"Extra strapazierf\u00e4hige Klavierdecken zum bestm\u00f6glichen Schutz Ihres FEURICH-Klaviers oder ma\u00dfgefertigt f\u00fcr Pianos und Fl\u00fcgel s\u00e4mtlicher Hersteller.","robots":{"index":"index","follow":"follow","max-snippet":"max-snippet:-1","max-image-preview":"max-image-preview:large","max-video-preview":"max-video-preview:-1"},"canonical":"https:\/\/feurich.com\/de\/produkte\/zubehoer\/klavierdecken\/","og_locale":"de_DE","og_type":"article","og_title":"Klavierdecken - FEURICH","og_description":"Extra strapazierf\u00e4hige Klavierdecken zum bestm\u00f6glichen Schutz Ihres FEURICH-Klaviers oder ma\u00dfgefertigt f\u00fcr Pianos und Fl\u00fcgel s\u00e4mtlicher Hersteller.","og_url":"https:\/\/feurich.com\/de\/produkte\/zubehoer\/klavierdecken\/","og_site_name":"FEURICH","article_publisher":"https:\/\/www.facebook.com\/feurichvienna\/","article_modified_time":"2019-08-02T09:35:16+00:00","og_image":[{"width":720,"height":480,"url":"https:\/\/feurich.com\/wp-content\/uploads\/Covers-Fine-black-imitation-leather-with-soft-felt-inside-Custom-Made-2.jpg","type":"image\/jpeg"}],"twitter_card":"summary_large_image","twitter_misc":{"Gesch\u00e4tzte Lesezeit":"1\u00a0Minute"},"schema":{"@context":"https:\/\/schema.org","@graph":[{"@type":"WebPage","@id":"https:\/\/feurich.com\/de\/produkte\/zubehoer\/klavierdecken\/","url":"https:\/\/feurich.com\/de\/produkte\/zubehoer\/klavierdecken\/","name":"Klavierdecken - FEURICH","isPartOf":{"@id":"https:\/\/feurich.com\/en\/#website"},"primaryImageOfPage":{"@id":"https:\/\/feurich.com\/de\/produkte\/zubehoer\/klavierdecken\/#primaryimage"},"image":{"@id":"https:\/\/feurich.com\/de\/produkte\/zubehoer\/klavierdecken\/#primaryimage"},"thumbnailUrl":"https:\/\/feurich.com\/wp-content\/uploads\/Covers-Fine-black-imitation-leather-with-soft-felt-inside-Custom-Made-2.jpg","datePublished":"2017-10-03T07:15:19+00:00","dateModified":"2019-08-02T09:35:16+00:00","description":"Extra strapazierf\u00e4hige Klavierdecken zum bestm\u00f6glichen Schutz Ihres FEURICH-Klaviers oder ma\u00dfgefertigt f\u00fcr Pianos und Fl\u00fcgel s\u00e4mtlicher Hersteller.","breadcrumb":{"@id":"https:\/\/feurich.com\/de\/produkte\/zubehoer\/klavierdecken\/#breadcrumb"},"inLanguage":"de","potentialAction":[{"@type":"ReadAction","target":["https:\/\/feurich.com\/de\/produkte\/zubehoer\/klavierdecken\/"]}]},{"@type":"ImageObject","inLanguage":"de","@id":"https:\/\/feurich.com\/de\/produkte\/zubehoer\/klavierdecken\/#primaryimage","url":"https:\/\/feurich.com\/wp-content\/uploads\/Covers-Fine-black-imitation-leather-with-soft-felt-inside-Custom-Made-2.jpg","contentUrl":"https:\/\/feurich.com\/wp-content\/uploads\/Covers-Fine-black-imitation-leather-with-soft-felt-inside-Custom-Made-2.jpg","width":720,"height":480,"caption":"Covers Fine black imitation leather with soft felt inside (Custom-Made)"},{"@type":"BreadcrumbList","@id":"https:\/\/feurich.com\/de\/produkte\/zubehoer\/klavierdecken\/#breadcrumb","itemListElement":[{"@type":"ListItem","position":1,"name":"Home","item":"https:\/\/feurich.com\/de\/"},{"@type":"ListItem","position":2,"name":"KLAVIERE &#038; MEHR","item":"https:\/\/feurich.com\/de\/produkte\/"},{"@type":"ListItem","position":3,"name":"Zubeh\u00f6r","item":"https:\/\/feurich.com\/de\/produkte\/zubehoer\/"},{"@type":"ListItem","position":4,"name":"Klavierdecken"}]},{"@type":"WebSite","@id":"https:\/\/feurich.com\/en\/#website","url":"https:\/\/feurich.com\/en\/","name":"FEURICH","description":"A sound that connects","publisher":{"@id":"https:\/\/feurich.com\/en\/#organization"},"potentialAction":[{"@type":"SearchAction","target":{"@type":"EntryPoint","urlTemplate":"https:\/\/feurich.com\/en\/?s={search_term_string}"},"query-input":{"@type":"PropertyValueSpecification","valueRequired":true,"valueName":"search_term_string"}}],"inLanguage":"de"},{"@type":"Organization","@id":"https:\/\/feurich.com\/en\/#organization","name":"FEURICH","url":"https:\/\/feurich.com\/en\/","logo":{"@type":"ImageObject","inLanguage":"de","@id":"https:\/\/feurich.com\/en\/#\/schema\/logo\/image\/","url":"https:\/\/feurich.com\/wp-content\/uploads\/logo.png","contentUrl":"https:\/\/feurich.com\/wp-content\/uploads\/logo.png","width":354,"height":151,"caption":"FEURICH"},"image":{"@id":"https:\/\/feurich.com\/en\/#\/schema\/logo\/image\/"},"sameAs":["https:\/\/www.facebook.com\/feurichvienna\/"]}]}},"_links":{"self":[{"href":"https:\/\/feurich.com\/de\/wp-json\/wp\/v2\/pages\/1351","targetHints":{"allow":["GET"]}}],"collection":[{"href":"https:\/\/feurich.com\/de\/wp-json\/wp\/v2\/pages"}],"about":[{"href":"https:\/\/feurich.com\/de\/wp-json\/wp\/v2\/types\/page"}],"author":[{"embeddable":true,"href":"https:\/\/feurich.com\/de\/wp-json\/wp\/v2\/users\/7"}],"replies":[{"embeddable":true,"href":"https:\/\/feurich.com\/de\/wp-json\/wp\/v2\/comments?post=1351"}],"version-history":[{"count":15,"href":"https:\/\/feurich.com\/de\/wp-json\/wp\/v2\/pages\/1351\/revisions"}],"predecessor-version":[{"id":25643,"href":"https:\/\/feurich.com\/de\/wp-json\/wp\/v2\/pages\/1351\/revisions\/25643"}],"up":[{"embeddable":true,"href":"https:\/\/feurich.com\/de\/wp-json\/wp\/v2\/pages\/1321"}],"wp:featuredmedia":[{"embeddable":true,"href":"https:\/\/feurich.com\/de\/wp-json\/wp\/v2\/media\/4571"}],"wp:attachment":[{"href":"https:\/\/feurich.com\/de\/wp-json\/wp\/v2\/media?parent=1351"}],"curies":[{"name":"wp","href":"https:\/\/api.w.org\/{rel}","templated":true}]}}