{"id":1340,"date":"2017-10-03T06:00:53","date_gmt":"2017-10-03T06:00:53","guid":{"rendered":"\/?page_id=1340"},"modified":"2018-09-08T13:22:27","modified_gmt":"2018-09-08T13:22:27","slug":"pedalverlaengerung","status":"publish","type":"page","link":"https:\/\/feurich.com\/de\/produkte\/zubehoer\/pedalverlaengerung\/","title":{"rendered":"Pedalverl\u00e4ngerung"},"content":{"rendered":"<div class=\"wpb-content-wrapper\"><p>[vc_row bg_type=&#8220;image&#8220; parallax_style=&#8220;vcpb-default&#8220; bg_image_new=&#8220;id^521|url^\/wp-content\/uploads\/2017\/08\/home-fon-bl3.jpg|caption^null|alt^null|title^home-fon-bl3|description^null&#8220; bg_image_repeat=&#8220;no-repeat&#8220; bg_override=&#8220;full&#8220;][vc_column 0=&#8220;&#8220;][vc_empty_space height=&#8220;5px&#8220;][vc_row_inner 0=&#8220;&#8220;][vc_column_inner width=&#8220;1\/6&#8243;][\/vc_column_inner][vc_column_inner width=&#8220;4\/6&#8243;][vc_column_text el_class=&#8220;big-title&#8220; css=&#8220;.vc_custom_1507010421196{margin-bottom: 15px !important;}&#8220;]<\/p>\n<p style=\"text-align: center; color: white;\">Pedalverl\u00e4ngerung<\/p>\n<p>[\/vc_column_text][vc_column_text 0=&#8220;&#8220;][\/vc_column_text][\/vc_column_inner][vc_column_inner width=&#8220;1\/6&#8243;][\/vc_column_inner][\/vc_row_inner][vc_empty_space 0=&#8220;&#8220;][\/vc_column][\/vc_row][vc_row 0=&#8220;&#8220;][vc_column width=&#8220;1\/3&#8243;][vc_single_image image=&#8220;4242&#8243; img_size=&#8220;360&#215;260&#8243; alignment=&#8220;center&#8220; css=&#8220;.vc_custom_1511703510292{margin-bottom: 10px !important;}&#8220;][\/vc_column][vc_column width=&#8220;1\/3&#8243;][vc_column_text el_class=&#8220;products-title&#8220;]Wenn die Pedale wachsen[\/vc_column_text][vc_column_text 0=&#8220;&#8220;]Wenn die F\u00fc\u00dfe nicht zu den Pedalen reichen, dann kommen die Pedale eben zu den F\u00fc\u00dfen. Das Ergebnis dieser \u00dcberlegung ist die FEURICH Pedalverl\u00e4ngerung, die geniale Erfindung f\u00fcr kleinw\u00fcchsige Menschen und Kinder, die noch nicht zu den Pedalen reichen.<\/p>\n<p>Vorbei sind die Zeiten, in denen man \u201eleider nein\u201c sagen oder auf \u201esp\u00e4ter\u201c vertr\u00f6sten musste. Mit der Pedalverl\u00e4ngerung kommen die Pedale auch zu den kleinsten PianistInnen![\/vc_column_text][vc_empty_space height=&#8220;12px&#8220;][vc_column_text el_class=&#8220;products-title&#8220;]Passt nicht nur f\u00fcr FEURICH[\/vc_column_text][vc_column_text 0=&#8220;&#8220;]Unsere Pedalverl\u00e4ngerung kann f\u00fcr FEURICH-Modelle eingesetzt werden und passt auch f\u00fcr viele Pianos und Fl\u00fcgel anderer Hersteller.<\/p>\n<p>Sie m\u00f6chten mehr \u00fcber die Pedalverl\u00e4ngerung wissen? Wir beraten Sie gerne! <a href=\"https:\/\/feurich.com\/de\/information-kontakt\/kontakt\/\">&gt;&gt; Kontakt<\/a>[\/vc_column_text][\/vc_column][vc_column width=&#8220;1\/3&#8243;][vc_single_image image=&#8220;4250&#8243; img_size=&#8220;360&#215;260&#8243; alignment=&#8220;center&#8220; css=&#8220;.vc_custom_1511704144532{margin-bottom: 10px !important;}&#8220;][\/vc_column][\/vc_row]<\/p>\n<\/div>","protected":false},"excerpt":{"rendered":"<p>Wenn die F\u00fc\u00dfe nicht zu den Pedalen reichen, dann kommen die Pedale eben zu den F\u00fc\u00dfen.<\/p>\n","protected":false},"author":7,"featured_media":4257,"parent":1321,"menu_order":3,"comment_status":"closed","ping_status":"closed","template":"template-fullwidth.php","meta":{"inline_featured_image":false,"footnotes":""},"class_list":["post-1340","page","type-page","status-publish","has-post-thumbnail","hentry"],"acf":[],"yoast_head":"<!-- This site is optimized with the Yoast SEO plugin v24.4 - https:\/\/yoast.com\/wordpress\/plugins\/seo\/ -->\n<title>Pedalverl\u00e4ngerung - FEURICH<\/title>\n<meta name=\"description\" content=\"Wenn die F\u00fc\u00dfe nicht zu den Pedalen reichen, dann kommen die Pedale eben zu den F\u00fc\u00dfen: FEURICH Pedalverl\u00e4ngerung, die geniale Erfindung f\u00fcr kleine Pianisten.\" \/>\n<meta name=\"robots\" content=\"index, follow, max-snippet:-1, max-image-preview:large, max-video-preview:-1\" \/>\n<link rel=\"canonical\" href=\"https:\/\/feurich.com\/de\/produkte\/zubehoer\/pedalverlaengerung\/\" \/>\n<meta property=\"og:locale\" content=\"de_DE\" \/>\n<meta property=\"og:type\" content=\"article\" \/>\n<meta property=\"og:title\" content=\"Pedalverl\u00e4ngerung - FEURICH\" \/>\n<meta property=\"og:description\" content=\"Wenn die F\u00fc\u00dfe nicht zu den Pedalen reichen, dann kommen die Pedale eben zu den F\u00fc\u00dfen: FEURICH Pedalverl\u00e4ngerung, die geniale Erfindung f\u00fcr kleine Pianisten.\" \/>\n<meta property=\"og:url\" content=\"https:\/\/feurich.com\/de\/produkte\/zubehoer\/pedalverlaengerung\/\" \/>\n<meta property=\"og:site_name\" content=\"FEURICH\" \/>\n<meta property=\"article:publisher\" content=\"https:\/\/www.facebook.com\/feurichvienna\/\" \/>\n<meta property=\"article:modified_time\" content=\"2018-09-08T13:22:27+00:00\" \/>\n<meta property=\"og:image\" content=\"https:\/\/feurich.com\/wp-content\/uploads\/FEURICH-Pedal-Extension-side.jpg\" \/>\n\t<meta property=\"og:image:width\" content=\"720\" \/>\n\t<meta property=\"og:image:height\" content=\"480\" \/>\n\t<meta property=\"og:image:type\" content=\"image\/jpeg\" \/>\n<meta name=\"twitter:card\" content=\"summary_large_image\" \/>\n<meta name=\"twitter:label1\" content=\"Gesch\u00e4tzte Lesezeit\" \/>\n\t<meta name=\"twitter:data1\" content=\"2\u00a0Minuten\" \/>\n<script type=\"application\/ld+json\" class=\"yoast-schema-graph\">{\"@context\":\"https:\/\/schema.org\",\"@graph\":[{\"@type\":\"WebPage\",\"@id\":\"https:\/\/feurich.com\/de\/produkte\/zubehoer\/pedalverlaengerung\/\",\"url\":\"https:\/\/feurich.com\/de\/produkte\/zubehoer\/pedalverlaengerung\/\",\"name\":\"Pedalverl\u00e4ngerung - FEURICH\",\"isPartOf\":{\"@id\":\"https:\/\/feurich.com\/en\/#website\"},\"primaryImageOfPage\":{\"@id\":\"https:\/\/feurich.com\/de\/produkte\/zubehoer\/pedalverlaengerung\/#primaryimage\"},\"image\":{\"@id\":\"https:\/\/feurich.com\/de\/produkte\/zubehoer\/pedalverlaengerung\/#primaryimage\"},\"thumbnailUrl\":\"https:\/\/feurich.com\/wp-content\/uploads\/FEURICH-Pedal-Extension-side.jpg\",\"datePublished\":\"2017-10-03T06:00:53+00:00\",\"dateModified\":\"2018-09-08T13:22:27+00:00\",\"description\":\"Wenn die F\u00fc\u00dfe nicht zu den Pedalen reichen, dann kommen die Pedale eben zu den F\u00fc\u00dfen: FEURICH Pedalverl\u00e4ngerung, die geniale Erfindung f\u00fcr kleine Pianisten.\",\"breadcrumb\":{\"@id\":\"https:\/\/feurich.com\/de\/produkte\/zubehoer\/pedalverlaengerung\/#breadcrumb\"},\"inLanguage\":\"de\",\"potentialAction\":[{\"@type\":\"ReadAction\",\"target\":[\"https:\/\/feurich.com\/de\/produkte\/zubehoer\/pedalverlaengerung\/\"]}]},{\"@type\":\"ImageObject\",\"inLanguage\":\"de\",\"@id\":\"https:\/\/feurich.com\/de\/produkte\/zubehoer\/pedalverlaengerung\/#primaryimage\",\"url\":\"https:\/\/feurich.com\/wp-content\/uploads\/FEURICH-Pedal-Extension-side.jpg\",\"contentUrl\":\"https:\/\/feurich.com\/wp-content\/uploads\/FEURICH-Pedal-Extension-side.jpg\",\"width\":720,\"height\":480,\"caption\":\"FEURICH Pedal Extension side\"},{\"@type\":\"BreadcrumbList\",\"@id\":\"https:\/\/feurich.com\/de\/produkte\/zubehoer\/pedalverlaengerung\/#breadcrumb\",\"itemListElement\":[{\"@type\":\"ListItem\",\"position\":1,\"name\":\"Home\",\"item\":\"https:\/\/feurich.com\/de\/\"},{\"@type\":\"ListItem\",\"position\":2,\"name\":\"KLAVIERE &#038; MEHR\",\"item\":\"https:\/\/feurich.com\/de\/produkte\/\"},{\"@type\":\"ListItem\",\"position\":3,\"name\":\"Zubeh\u00f6r\",\"item\":\"https:\/\/feurich.com\/de\/produkte\/zubehoer\/\"},{\"@type\":\"ListItem\",\"position\":4,\"name\":\"Pedalverl\u00e4ngerung\"}]},{\"@type\":\"WebSite\",\"@id\":\"https:\/\/feurich.com\/en\/#website\",\"url\":\"https:\/\/feurich.com\/en\/\",\"name\":\"FEURICH\",\"description\":\"A sound that connects\",\"publisher\":{\"@id\":\"https:\/\/feurich.com\/en\/#organization\"},\"potentialAction\":[{\"@type\":\"SearchAction\",\"target\":{\"@type\":\"EntryPoint\",\"urlTemplate\":\"https:\/\/feurich.com\/en\/?s={search_term_string}\"},\"query-input\":{\"@type\":\"PropertyValueSpecification\",\"valueRequired\":true,\"valueName\":\"search_term_string\"}}],\"inLanguage\":\"de\"},{\"@type\":\"Organization\",\"@id\":\"https:\/\/feurich.com\/en\/#organization\",\"name\":\"FEURICH\",\"url\":\"https:\/\/feurich.com\/en\/\",\"logo\":{\"@type\":\"ImageObject\",\"inLanguage\":\"de\",\"@id\":\"https:\/\/feurich.com\/en\/#\/schema\/logo\/image\/\",\"url\":\"https:\/\/feurich.com\/wp-content\/uploads\/logo.png\",\"contentUrl\":\"https:\/\/feurich.com\/wp-content\/uploads\/logo.png\",\"width\":354,\"height\":151,\"caption\":\"FEURICH\"},\"image\":{\"@id\":\"https:\/\/feurich.com\/en\/#\/schema\/logo\/image\/\"},\"sameAs\":[\"https:\/\/www.facebook.com\/feurichvienna\/\"]}]}<\/script>\n<!-- \/ Yoast SEO plugin. -->","yoast_head_json":{"title":"Pedalverl\u00e4ngerung - FEURICH","description":"Wenn die F\u00fc\u00dfe nicht zu den Pedalen reichen, dann kommen die Pedale eben zu den F\u00fc\u00dfen: FEURICH Pedalverl\u00e4ngerung, die geniale Erfindung f\u00fcr kleine Pianisten.","robots":{"index":"index","follow":"follow","max-snippet":"max-snippet:-1","max-image-preview":"max-image-preview:large","max-video-preview":"max-video-preview:-1"},"canonical":"https:\/\/feurich.com\/de\/produkte\/zubehoer\/pedalverlaengerung\/","og_locale":"de_DE","og_type":"article","og_title":"Pedalverl\u00e4ngerung - FEURICH","og_description":"Wenn die F\u00fc\u00dfe nicht zu den Pedalen reichen, dann kommen die Pedale eben zu den F\u00fc\u00dfen: FEURICH Pedalverl\u00e4ngerung, die geniale Erfindung f\u00fcr kleine Pianisten.","og_url":"https:\/\/feurich.com\/de\/produkte\/zubehoer\/pedalverlaengerung\/","og_site_name":"FEURICH","article_publisher":"https:\/\/www.facebook.com\/feurichvienna\/","article_modified_time":"2018-09-08T13:22:27+00:00","og_image":[{"width":720,"height":480,"url":"https:\/\/feurich.com\/wp-content\/uploads\/FEURICH-Pedal-Extension-side.jpg","type":"image\/jpeg"}],"twitter_card":"summary_large_image","twitter_misc":{"Gesch\u00e4tzte Lesezeit":"2\u00a0Minuten"},"schema":{"@context":"https:\/\/schema.org","@graph":[{"@type":"WebPage","@id":"https:\/\/feurich.com\/de\/produkte\/zubehoer\/pedalverlaengerung\/","url":"https:\/\/feurich.com\/de\/produkte\/zubehoer\/pedalverlaengerung\/","name":"Pedalverl\u00e4ngerung - FEURICH","isPartOf":{"@id":"https:\/\/feurich.com\/en\/#website"},"primaryImageOfPage":{"@id":"https:\/\/feurich.com\/de\/produkte\/zubehoer\/pedalverlaengerung\/#primaryimage"},"image":{"@id":"https:\/\/feurich.com\/de\/produkte\/zubehoer\/pedalverlaengerung\/#primaryimage"},"thumbnailUrl":"https:\/\/feurich.com\/wp-content\/uploads\/FEURICH-Pedal-Extension-side.jpg","datePublished":"2017-10-03T06:00:53+00:00","dateModified":"2018-09-08T13:22:27+00:00","description":"Wenn die F\u00fc\u00dfe nicht zu den Pedalen reichen, dann kommen die Pedale eben zu den F\u00fc\u00dfen: FEURICH Pedalverl\u00e4ngerung, die geniale Erfindung f\u00fcr kleine Pianisten.","breadcrumb":{"@id":"https:\/\/feurich.com\/de\/produkte\/zubehoer\/pedalverlaengerung\/#breadcrumb"},"inLanguage":"de","potentialAction":[{"@type":"ReadAction","target":["https:\/\/feurich.com\/de\/produkte\/zubehoer\/pedalverlaengerung\/"]}]},{"@type":"ImageObject","inLanguage":"de","@id":"https:\/\/feurich.com\/de\/produkte\/zubehoer\/pedalverlaengerung\/#primaryimage","url":"https:\/\/feurich.com\/wp-content\/uploads\/FEURICH-Pedal-Extension-side.jpg","contentUrl":"https:\/\/feurich.com\/wp-content\/uploads\/FEURICH-Pedal-Extension-side.jpg","width":720,"height":480,"caption":"FEURICH Pedal Extension side"},{"@type":"BreadcrumbList","@id":"https:\/\/feurich.com\/de\/produkte\/zubehoer\/pedalverlaengerung\/#breadcrumb","itemListElement":[{"@type":"ListItem","position":1,"name":"Home","item":"https:\/\/feurich.com\/de\/"},{"@type":"ListItem","position":2,"name":"KLAVIERE &#038; MEHR","item":"https:\/\/feurich.com\/de\/produkte\/"},{"@type":"ListItem","position":3,"name":"Zubeh\u00f6r","item":"https:\/\/feurich.com\/de\/produkte\/zubehoer\/"},{"@type":"ListItem","position":4,"name":"Pedalverl\u00e4ngerung"}]},{"@type":"WebSite","@id":"https:\/\/feurich.com\/en\/#website","url":"https:\/\/feurich.com\/en\/","name":"FEURICH","description":"A sound that connects","publisher":{"@id":"https:\/\/feurich.com\/en\/#organization"},"potentialAction":[{"@type":"SearchAction","target":{"@type":"EntryPoint","urlTemplate":"https:\/\/feurich.com\/en\/?s={search_term_string}"},"query-input":{"@type":"PropertyValueSpecification","valueRequired":true,"valueName":"search_term_string"}}],"inLanguage":"de"},{"@type":"Organization","@id":"https:\/\/feurich.com\/en\/#organization","name":"FEURICH","url":"https:\/\/feurich.com\/en\/","logo":{"@type":"ImageObject","inLanguage":"de","@id":"https:\/\/feurich.com\/en\/#\/schema\/logo\/image\/","url":"https:\/\/feurich.com\/wp-content\/uploads\/logo.png","contentUrl":"https:\/\/feurich.com\/wp-content\/uploads\/logo.png","width":354,"height":151,"caption":"FEURICH"},"image":{"@id":"https:\/\/feurich.com\/en\/#\/schema\/logo\/image\/"},"sameAs":["https:\/\/www.facebook.com\/feurichvienna\/"]}]}},"_links":{"self":[{"href":"https:\/\/feurich.com\/de\/wp-json\/wp\/v2\/pages\/1340","targetHints":{"allow":["GET"]}}],"collection":[{"href":"https:\/\/feurich.com\/de\/wp-json\/wp\/v2\/pages"}],"about":[{"href":"https:\/\/feurich.com\/de\/wp-json\/wp\/v2\/types\/page"}],"author":[{"embeddable":true,"href":"https:\/\/feurich.com\/de\/wp-json\/wp\/v2\/users\/7"}],"replies":[{"embeddable":true,"href":"https:\/\/feurich.com\/de\/wp-json\/wp\/v2\/comments?post=1340"}],"version-history":[{"count":9,"href":"https:\/\/feurich.com\/de\/wp-json\/wp\/v2\/pages\/1340\/revisions"}],"predecessor-version":[{"id":20103,"href":"https:\/\/feurich.com\/de\/wp-json\/wp\/v2\/pages\/1340\/revisions\/20103"}],"up":[{"embeddable":true,"href":"https:\/\/feurich.com\/de\/wp-json\/wp\/v2\/pages\/1321"}],"wp:featuredmedia":[{"embeddable":true,"href":"https:\/\/feurich.com\/de\/wp-json\/wp\/v2\/media\/4257"}],"wp:attachment":[{"href":"https:\/\/feurich.com\/de\/wp-json\/wp\/v2\/media?parent=1340"}],"curies":[{"name":"wp","href":"https:\/\/api.w.org\/{rel}","templated":true}]}}