{"id":1333,"date":"2017-10-02T15:09:23","date_gmt":"2017-10-02T15:09:23","guid":{"rendered":"\/?page_id=1333"},"modified":"2017-12-05T01:47:54","modified_gmt":"2017-12-05T01:47:54","slug":"selbstspielsysteme","status":"publish","type":"page","link":"https:\/\/feurich.com\/de\/produkte\/zubehoer\/selbstspielsysteme\/","title":{"rendered":"Selbstspielsysteme"},"content":{"rendered":"<div class=\"wpb-content-wrapper\"><p>[vc_row bg_type=&#8220;image&#8220; parallax_style=&#8220;vcpb-default&#8220; bg_image_new=&#8220;id^521|url^\/wp-content\/uploads\/2017\/08\/home-fon-bl3.jpg|caption^null|alt^null|title^home-fon-bl3|description^null&#8220; bg_image_repeat=&#8220;no-repeat&#8220; bg_override=&#8220;full&#8220;][vc_column 0=&#8220;&#8220;][vc_empty_space height=&#8220;5px&#8220;][vc_row_inner 0=&#8220;&#8220;][vc_column_inner width=&#8220;1\/6&#8243;][\/vc_column_inner][vc_column_inner width=&#8220;4\/6&#8243;][vc_column_text el_class=&#8220;big-title&#8220; css=&#8220;.vc_custom_1506958288038{margin-bottom: 15px !important;}&#8220;]<\/p>\n<p style=\"text-align: center; color: white;\">Selbstspielsysteme<\/p>\n<p>[\/vc_column_text][vc_column_text 0=&#8220;&#8220;][\/vc_column_text][\/vc_column_inner][vc_column_inner width=&#8220;1\/6&#8243;][\/vc_column_inner][\/vc_row_inner][vc_empty_space 0=&#8220;&#8220;][\/vc_column][\/vc_row][vc_row 0=&#8220;&#8220;][vc_column width=&#8220;1\/3&#8243;][vc_single_image image=&#8220;4214&#8243; img_size=&#8220;360 x 520&#8243; alignment=&#8220;center&#8220; css=&#8220;.vc_custom_1511699981504{margin-bottom: 10px !important;}&#8220;][\/vc_column][vc_column width=&#8220;1\/3&#8243;][vc_column_text el_class=&#8220;products-title&#8220;]Es spielt wie von Zauberhand[\/vc_column_text][vc_column_text 0=&#8220;&#8220;]In unserer Meisterwerkstatt in Wien werden <a href=\"http:\/\/de.pianoforce.eu\/\" target=\"_blank\" rel=\"noopener\">Pianoforce<\/a>-Selbstspielsysteme installiert.<\/p>\n<p>Sie k\u00f6nnen das System alleine spielen lassen oder selbst spielen, aufzeichnen und wiedergeben. Orchestermusik, Gesang oder beliebige Hintergrundmusik wird zu Ihrem Klavier \u00fcber integrierte Lautsprecher synchron dazugespielt.<\/p>\n<p>Eine gro\u00dfe Music Library ist im Lieferumfang enthalten. Im Internet finden sich Downloads von unz\u00e4hligen Files f\u00fcr Selbstspielsysteme sowie gro\u00dfe Music Libraries von verschiedenen Herstellern.[\/vc_column_text][vc_empty_space height=&#8220;12px&#8220;][vc_column_text el_class=&#8220;products-title&#8220;]Passt nicht nur f\u00fcr FEURICH[\/vc_column_text][vc_column_text 0=&#8220;&#8220;]Das Klavier kann mit Fernbedienung, iPhone oder Android gesteuert werden.<\/p>\n<p>Der gro\u00dfe Vorteil von Pianoforce liegt in einem sich selbst kalibrierenden und daher wartungsarmen System. Diese hohe Qualit\u00e4t gibt es dennoch zu einem g\u00fcnstigen Preis.<\/p>\n<p>Ein Selbstspielsystem l\u00e4sst sich in alle FEURICH-Modelle und ebenso in die meisten Modelle aller bekannten Hersteller einbauen. Wir informieren Sie gerne! <a href=\"https:\/\/feurich.com\/de\/information-kontakt\/kontakt\/\">&gt;&gt; Kontakt<\/a>[\/vc_column_text][\/vc_column][vc_column width=&#8220;1\/3&#8243;][vc_single_image image=&#8220;4208&#8243; img_size=&#8220;360&#215;520&#8243; alignment=&#8220;center&#8220; css=&#8220;.vc_custom_1511700075337{margin-bottom: 10px !important;}&#8220;][\/vc_column][\/vc_row]<\/p>\n<\/div>","protected":false},"excerpt":{"rendered":"<p>Spielen lassen oder selbst spielen \u2013 sogar mit gro\u00dfem Orchester<\/p>\n","protected":false},"author":7,"featured_media":4236,"parent":1321,"menu_order":2,"comment_status":"closed","ping_status":"closed","template":"template-fullwidth.php","meta":{"inline_featured_image":false,"footnotes":""},"class_list":["post-1333","page","type-page","status-publish","has-post-thumbnail","hentry"],"acf":[],"yoast_head":"<!-- This site is optimized with the Yoast SEO plugin v24.4 - https:\/\/yoast.com\/wordpress\/plugins\/seo\/ -->\n<title>Selbstspielsysteme - FEURICH<\/title>\n<meta name=\"description\" content=\"Spielen lassen oder selbst spielen \u2013 sogar mit gro\u00dfem Orchester. Pianoforce Selbstspielsysteme passen in alle FEURICH-Modelle und in beinahe jedes Piano.\" \/>\n<meta name=\"robots\" content=\"index, follow, max-snippet:-1, max-image-preview:large, max-video-preview:-1\" \/>\n<link rel=\"canonical\" href=\"https:\/\/feurich.com\/de\/produkte\/zubehoer\/selbstspielsysteme\/\" \/>\n<meta property=\"og:locale\" content=\"de_DE\" \/>\n<meta property=\"og:type\" content=\"article\" \/>\n<meta property=\"og:title\" content=\"Selbstspielsysteme - FEURICH\" \/>\n<meta property=\"og:description\" content=\"Spielen lassen oder selbst spielen \u2013 sogar mit gro\u00dfem Orchester. Pianoforce Selbstspielsysteme passen in alle FEURICH-Modelle und in beinahe jedes Piano.\" \/>\n<meta property=\"og:url\" content=\"https:\/\/feurich.com\/de\/produkte\/zubehoer\/selbstspielsysteme\/\" \/>\n<meta property=\"og:site_name\" content=\"FEURICH\" \/>\n<meta property=\"article:publisher\" content=\"https:\/\/www.facebook.com\/feurichvienna\/\" \/>\n<meta property=\"article:modified_time\" content=\"2017-12-05T01:47:54+00:00\" \/>\n<meta property=\"og:image\" content=\"https:\/\/feurich.com\/wp-content\/uploads\/Player-Systems-1.jpg\" \/>\n\t<meta property=\"og:image:width\" content=\"360\" \/>\n\t<meta property=\"og:image:height\" content=\"240\" \/>\n\t<meta property=\"og:image:type\" content=\"image\/jpeg\" \/>\n<meta name=\"twitter:card\" content=\"summary_large_image\" \/>\n<meta name=\"twitter:label1\" content=\"Gesch\u00e4tzte Lesezeit\" \/>\n\t<meta name=\"twitter:data1\" content=\"2\u00a0Minuten\" \/>\n<script type=\"application\/ld+json\" class=\"yoast-schema-graph\">{\"@context\":\"https:\/\/schema.org\",\"@graph\":[{\"@type\":\"WebPage\",\"@id\":\"https:\/\/feurich.com\/de\/produkte\/zubehoer\/selbstspielsysteme\/\",\"url\":\"https:\/\/feurich.com\/de\/produkte\/zubehoer\/selbstspielsysteme\/\",\"name\":\"Selbstspielsysteme - FEURICH\",\"isPartOf\":{\"@id\":\"https:\/\/feurich.com\/en\/#website\"},\"primaryImageOfPage\":{\"@id\":\"https:\/\/feurich.com\/de\/produkte\/zubehoer\/selbstspielsysteme\/#primaryimage\"},\"image\":{\"@id\":\"https:\/\/feurich.com\/de\/produkte\/zubehoer\/selbstspielsysteme\/#primaryimage\"},\"thumbnailUrl\":\"https:\/\/feurich.com\/wp-content\/uploads\/Player-Systems-1.jpg\",\"datePublished\":\"2017-10-02T15:09:23+00:00\",\"dateModified\":\"2017-12-05T01:47:54+00:00\",\"description\":\"Spielen lassen oder selbst spielen \u2013 sogar mit gro\u00dfem Orchester. Pianoforce Selbstspielsysteme passen in alle FEURICH-Modelle und in beinahe jedes Piano.\",\"breadcrumb\":{\"@id\":\"https:\/\/feurich.com\/de\/produkte\/zubehoer\/selbstspielsysteme\/#breadcrumb\"},\"inLanguage\":\"de\",\"potentialAction\":[{\"@type\":\"ReadAction\",\"target\":[\"https:\/\/feurich.com\/de\/produkte\/zubehoer\/selbstspielsysteme\/\"]}]},{\"@type\":\"ImageObject\",\"inLanguage\":\"de\",\"@id\":\"https:\/\/feurich.com\/de\/produkte\/zubehoer\/selbstspielsysteme\/#primaryimage\",\"url\":\"https:\/\/feurich.com\/wp-content\/uploads\/Player-Systems-1.jpg\",\"contentUrl\":\"https:\/\/feurich.com\/wp-content\/uploads\/Player-Systems-1.jpg\",\"width\":360,\"height\":240,\"caption\":\"Player Systems\"},{\"@type\":\"BreadcrumbList\",\"@id\":\"https:\/\/feurich.com\/de\/produkte\/zubehoer\/selbstspielsysteme\/#breadcrumb\",\"itemListElement\":[{\"@type\":\"ListItem\",\"position\":1,\"name\":\"Home\",\"item\":\"https:\/\/feurich.com\/de\/\"},{\"@type\":\"ListItem\",\"position\":2,\"name\":\"KLAVIERE &#038; MEHR\",\"item\":\"https:\/\/feurich.com\/de\/produkte\/\"},{\"@type\":\"ListItem\",\"position\":3,\"name\":\"Zubeh\u00f6r\",\"item\":\"https:\/\/feurich.com\/de\/produkte\/zubehoer\/\"},{\"@type\":\"ListItem\",\"position\":4,\"name\":\"Selbstspielsysteme\"}]},{\"@type\":\"WebSite\",\"@id\":\"https:\/\/feurich.com\/en\/#website\",\"url\":\"https:\/\/feurich.com\/en\/\",\"name\":\"FEURICH\",\"description\":\"A sound that connects\",\"publisher\":{\"@id\":\"https:\/\/feurich.com\/en\/#organization\"},\"potentialAction\":[{\"@type\":\"SearchAction\",\"target\":{\"@type\":\"EntryPoint\",\"urlTemplate\":\"https:\/\/feurich.com\/en\/?s={search_term_string}\"},\"query-input\":{\"@type\":\"PropertyValueSpecification\",\"valueRequired\":true,\"valueName\":\"search_term_string\"}}],\"inLanguage\":\"de\"},{\"@type\":\"Organization\",\"@id\":\"https:\/\/feurich.com\/en\/#organization\",\"name\":\"FEURICH\",\"url\":\"https:\/\/feurich.com\/en\/\",\"logo\":{\"@type\":\"ImageObject\",\"inLanguage\":\"de\",\"@id\":\"https:\/\/feurich.com\/en\/#\/schema\/logo\/image\/\",\"url\":\"https:\/\/feurich.com\/wp-content\/uploads\/logo.png\",\"contentUrl\":\"https:\/\/feurich.com\/wp-content\/uploads\/logo.png\",\"width\":354,\"height\":151,\"caption\":\"FEURICH\"},\"image\":{\"@id\":\"https:\/\/feurich.com\/en\/#\/schema\/logo\/image\/\"},\"sameAs\":[\"https:\/\/www.facebook.com\/feurichvienna\/\"]}]}<\/script>\n<!-- \/ Yoast SEO plugin. -->","yoast_head_json":{"title":"Selbstspielsysteme - FEURICH","description":"Spielen lassen oder selbst spielen \u2013 sogar mit gro\u00dfem Orchester. Pianoforce Selbstspielsysteme passen in alle FEURICH-Modelle und in beinahe jedes Piano.","robots":{"index":"index","follow":"follow","max-snippet":"max-snippet:-1","max-image-preview":"max-image-preview:large","max-video-preview":"max-video-preview:-1"},"canonical":"https:\/\/feurich.com\/de\/produkte\/zubehoer\/selbstspielsysteme\/","og_locale":"de_DE","og_type":"article","og_title":"Selbstspielsysteme - FEURICH","og_description":"Spielen lassen oder selbst spielen \u2013 sogar mit gro\u00dfem Orchester. Pianoforce Selbstspielsysteme passen in alle FEURICH-Modelle und in beinahe jedes Piano.","og_url":"https:\/\/feurich.com\/de\/produkte\/zubehoer\/selbstspielsysteme\/","og_site_name":"FEURICH","article_publisher":"https:\/\/www.facebook.com\/feurichvienna\/","article_modified_time":"2017-12-05T01:47:54+00:00","og_image":[{"width":360,"height":240,"url":"https:\/\/feurich.com\/wp-content\/uploads\/Player-Systems-1.jpg","type":"image\/jpeg"}],"twitter_card":"summary_large_image","twitter_misc":{"Gesch\u00e4tzte Lesezeit":"2\u00a0Minuten"},"schema":{"@context":"https:\/\/schema.org","@graph":[{"@type":"WebPage","@id":"https:\/\/feurich.com\/de\/produkte\/zubehoer\/selbstspielsysteme\/","url":"https:\/\/feurich.com\/de\/produkte\/zubehoer\/selbstspielsysteme\/","name":"Selbstspielsysteme - FEURICH","isPartOf":{"@id":"https:\/\/feurich.com\/en\/#website"},"primaryImageOfPage":{"@id":"https:\/\/feurich.com\/de\/produkte\/zubehoer\/selbstspielsysteme\/#primaryimage"},"image":{"@id":"https:\/\/feurich.com\/de\/produkte\/zubehoer\/selbstspielsysteme\/#primaryimage"},"thumbnailUrl":"https:\/\/feurich.com\/wp-content\/uploads\/Player-Systems-1.jpg","datePublished":"2017-10-02T15:09:23+00:00","dateModified":"2017-12-05T01:47:54+00:00","description":"Spielen lassen oder selbst spielen \u2013 sogar mit gro\u00dfem Orchester. Pianoforce Selbstspielsysteme passen in alle FEURICH-Modelle und in beinahe jedes Piano.","breadcrumb":{"@id":"https:\/\/feurich.com\/de\/produkte\/zubehoer\/selbstspielsysteme\/#breadcrumb"},"inLanguage":"de","potentialAction":[{"@type":"ReadAction","target":["https:\/\/feurich.com\/de\/produkte\/zubehoer\/selbstspielsysteme\/"]}]},{"@type":"ImageObject","inLanguage":"de","@id":"https:\/\/feurich.com\/de\/produkte\/zubehoer\/selbstspielsysteme\/#primaryimage","url":"https:\/\/feurich.com\/wp-content\/uploads\/Player-Systems-1.jpg","contentUrl":"https:\/\/feurich.com\/wp-content\/uploads\/Player-Systems-1.jpg","width":360,"height":240,"caption":"Player Systems"},{"@type":"BreadcrumbList","@id":"https:\/\/feurich.com\/de\/produkte\/zubehoer\/selbstspielsysteme\/#breadcrumb","itemListElement":[{"@type":"ListItem","position":1,"name":"Home","item":"https:\/\/feurich.com\/de\/"},{"@type":"ListItem","position":2,"name":"KLAVIERE &#038; MEHR","item":"https:\/\/feurich.com\/de\/produkte\/"},{"@type":"ListItem","position":3,"name":"Zubeh\u00f6r","item":"https:\/\/feurich.com\/de\/produkte\/zubehoer\/"},{"@type":"ListItem","position":4,"name":"Selbstspielsysteme"}]},{"@type":"WebSite","@id":"https:\/\/feurich.com\/en\/#website","url":"https:\/\/feurich.com\/en\/","name":"FEURICH","description":"A sound that connects","publisher":{"@id":"https:\/\/feurich.com\/en\/#organization"},"potentialAction":[{"@type":"SearchAction","target":{"@type":"EntryPoint","urlTemplate":"https:\/\/feurich.com\/en\/?s={search_term_string}"},"query-input":{"@type":"PropertyValueSpecification","valueRequired":true,"valueName":"search_term_string"}}],"inLanguage":"de"},{"@type":"Organization","@id":"https:\/\/feurich.com\/en\/#organization","name":"FEURICH","url":"https:\/\/feurich.com\/en\/","logo":{"@type":"ImageObject","inLanguage":"de","@id":"https:\/\/feurich.com\/en\/#\/schema\/logo\/image\/","url":"https:\/\/feurich.com\/wp-content\/uploads\/logo.png","contentUrl":"https:\/\/feurich.com\/wp-content\/uploads\/logo.png","width":354,"height":151,"caption":"FEURICH"},"image":{"@id":"https:\/\/feurich.com\/en\/#\/schema\/logo\/image\/"},"sameAs":["https:\/\/www.facebook.com\/feurichvienna\/"]}]}},"_links":{"self":[{"href":"https:\/\/feurich.com\/de\/wp-json\/wp\/v2\/pages\/1333","targetHints":{"allow":["GET"]}}],"collection":[{"href":"https:\/\/feurich.com\/de\/wp-json\/wp\/v2\/pages"}],"about":[{"href":"https:\/\/feurich.com\/de\/wp-json\/wp\/v2\/types\/page"}],"author":[{"embeddable":true,"href":"https:\/\/feurich.com\/de\/wp-json\/wp\/v2\/users\/7"}],"replies":[{"embeddable":true,"href":"https:\/\/feurich.com\/de\/wp-json\/wp\/v2\/comments?post=1333"}],"version-history":[{"count":16,"href":"https:\/\/feurich.com\/de\/wp-json\/wp\/v2\/pages\/1333\/revisions"}],"predecessor-version":[{"id":4235,"href":"https:\/\/feurich.com\/de\/wp-json\/wp\/v2\/pages\/1333\/revisions\/4235"}],"up":[{"embeddable":true,"href":"https:\/\/feurich.com\/de\/wp-json\/wp\/v2\/pages\/1321"}],"wp:featuredmedia":[{"embeddable":true,"href":"https:\/\/feurich.com\/de\/wp-json\/wp\/v2\/media\/4236"}],"wp:attachment":[{"href":"https:\/\/feurich.com\/de\/wp-json\/wp\/v2\/media?parent=1333"}],"curies":[{"name":"wp","href":"https:\/\/api.w.org\/{rel}","templated":true}]}}